{"id":13696,"date":"2015-10-06T16:34:02","date_gmt":"2015-10-06T15:34:02","guid":{"rendered":"http:\/\/www.freimarianne.ch\/?page_id=13696"},"modified":"2015-10-07T07:38:16","modified_gmt":"2015-10-07T06:38:16","slug":"sustenpass-fahrt-ur-be-1-10-2015","status":"publish","type":"page","link":"https:\/\/www.freimarianne.ch\/?page_id=13696","title":{"rendered":"Sustenpass &#8211;  Fahrt  UR \/ BE  1.10.2015"},"content":{"rendered":"<p><strong>Fahrt mit dem Postauto: von G\u00f6schenen durch das Meiental hinauf zum Sustenpass und hinunter nach Meiringen<\/strong><\/p>\n<p><img loading=\"lazy\" class=\"alignleft size-full wp-image-13692\" src=\"http:\/\/www.freimarianne.ch\/wp-content\/uploads\/2015\/10\/IMG_2991_susten_500.jpg\" alt=\"IMG_2991_susten_500\" width=\"500\" height=\"375\" srcset=\"https:\/\/www.freimarianne.ch\/wp-content\/uploads\/2015\/10\/IMG_2991_susten_500.jpg 500w, https:\/\/www.freimarianne.ch\/wp-content\/uploads\/2015\/10\/IMG_2991_susten_500-300x225.jpg 300w, https:\/\/www.freimarianne.ch\/wp-content\/uploads\/2015\/10\/IMG_2991_susten_500-400x300.jpg 400w\" sizes=\"(max-width: 500px) 100vw, 500px\" \/><br \/>\nUm 9.10h fahre ich in G\u00f6schenen mit dem Postauto 162 ab in Richtung Wassen. Ich will den Sustenpass kennenlernen.<br \/>\nNoch ist es wolkig aber als wir das Meiental hinauffahren kommt langsam die Sonne hervor.<br \/>\nEs gelingen mir einige Fotos, die mir einen Eindruck von der Gegend vermitteln. Am Steingletscher muss man das Postauto wechseln. Hier unten im Schatten ist es sehr kalt und unfreundlich.<br \/>\nW\u00e4hren der Fahrt sehe ich etwas wolkenverhangen die Berge: Gw\u00e4chtenhorn 3420m, Tierberglih\u00fctte 2795m, Steingletscher, Mittler Tierberg 3418m, Vorder Tierberg 3091m, Brunnenstock 2703m, Giglistock 2900m .<br \/>\nEs ist mir klar, dass ich im Sommer hierher kommen muss, um den Gletscherpfad zu machen.<\/p>\n<p>Weiter geht die Fahrt das Haslital hinunter.<br \/>\nUm 10.50 h bin ich in Meinigen, um 11.08h f\u00e4hrt die Seilbahn nach Reuti. Ich fahre gleich weiter auf das Bidmi, von wo aus ich auf dem Panoramaweg auf den Br\u00fcning wandere.<\/p>\n<p><!-- index.php -->\n<div\n\tclass=\"ngg-galleryoverview ngg-ajax-pagination-none\"\n\tid=\"ngg-gallery-13824-1\">\n\n    \t<div class=\"slideshowlink\">\n        <a href='https:\/\/www.freimarianne.ch\/index.php\/nggallery\/slideshow?page_id=13696'>[Show as slideshow]<\/a>\n\t\t\n\t<\/div>\n\t\t\t<!-- Thumbnails -->\n\t\t\t\t<div id=\"ngg-image-0\" class=\"ngg-gallery-thumbnail-box\" >\n\t\t\t\t        <div class=\"ngg-gallery-thumbnail\">\n            <a href=\"https:\/\/www.freimarianne.ch\/wp-content\/gallery\/sustenpass-1-10-2015\/IMG_3003.jpg\"\n               title=\"\"\n               data-src=\"https:\/\/www.freimarianne.ch\/wp-content\/gallery\/sustenpass-1-10-2015\/IMG_3003.jpg\"\n               data-thumbnail=\"https:\/\/www.freimarianne.ch\/wp-content\/gallery\/sustenpass-1-10-2015\/thumbs\/thumbs_IMG_3003.jpg\"\n               data-image-id=\"11794\"\n               data-title=\"IMG_3003\"\n               data-description=\"\"\n               data-image-slug=\"img_3003\"\n               class=\"shutterset_13824\">\n                <img\n                    title=\"IMG_3003\"\n                    alt=\"IMG_3003\"\n                    src=\"https:\/\/www.freimarianne.ch\/wp-content\/gallery\/sustenpass-1-10-2015\/thumbs\/thumbs_IMG_3003.jpg\"\n                    width=\"100\"\n                    height=\"75\"\n                    style=\"max-width:100%;\"\n                \/>\n            <\/a>\n        <\/div>\n\t\t\t\t\t\t\t<\/div> \n\t\t\t\n        \n\t\t\t\t<div id=\"ngg-image-1\" class=\"ngg-gallery-thumbnail-box\" >\n\t\t\t\t        <div class=\"ngg-gallery-thumbnail\">\n            <a href=\"https:\/\/www.freimarianne.ch\/wp-content\/gallery\/sustenpass-1-10-2015\/IMG_3012.jpg\"\n               title=\"\"\n               data-src=\"https:\/\/www.freimarianne.ch\/wp-content\/gallery\/sustenpass-1-10-2015\/IMG_3012.jpg\"\n               data-thumbnail=\"https:\/\/www.freimarianne.ch\/wp-content\/gallery\/sustenpass-1-10-2015\/thumbs\/thumbs_IMG_3012.jpg\"\n               data-image-id=\"11795\"\n               data-title=\"IMG_3012\"\n               data-description=\"\"\n               data-image-slug=\"img_3012-1\"\n               class=\"shutterset_13824\">\n                <img\n                    title=\"IMG_3012\"\n                    alt=\"IMG_3012\"\n                    src=\"https:\/\/www.freimarianne.ch\/wp-content\/gallery\/sustenpass-1-10-2015\/thumbs\/thumbs_IMG_3012.jpg\"\n                    width=\"100\"\n                    height=\"75\"\n                    style=\"max-width:100%;\"\n                \/>\n            <\/a>\n        <\/div>\n\t\t\t\t\t\t\t<\/div> \n\t\t\t\n        \n\t\t\t\t<div id=\"ngg-image-2\" class=\"ngg-gallery-thumbnail-box\" >\n\t\t\t\t        <div class=\"ngg-gallery-thumbnail\">\n            <a href=\"https:\/\/www.freimarianne.ch\/wp-content\/gallery\/sustenpass-1-10-2015\/IMG_3017.jpg\"\n               title=\"\"\n               data-src=\"https:\/\/www.freimarianne.ch\/wp-content\/gallery\/sustenpass-1-10-2015\/IMG_3017.jpg\"\n               data-thumbnail=\"https:\/\/www.freimarianne.ch\/wp-content\/gallery\/sustenpass-1-10-2015\/thumbs\/thumbs_IMG_3017.jpg\"\n               data-image-id=\"11796\"\n               data-title=\"IMG_3017\"\n               data-description=\"\"\n               data-image-slug=\"img_3017-2\"\n               class=\"shutterset_13824\">\n                <img\n                    title=\"IMG_3017\"\n                    alt=\"IMG_3017\"\n                    src=\"https:\/\/www.freimarianne.ch\/wp-content\/gallery\/sustenpass-1-10-2015\/thumbs\/thumbs_IMG_3017.jpg\"\n                    width=\"100\"\n                    height=\"75\"\n                    style=\"max-width:100%;\"\n                \/>\n            <\/a>\n        <\/div>\n\t\t\t\t\t\t\t<\/div> \n\t\t\t\n        \n\t\t\t\t<div id=\"ngg-image-3\" class=\"ngg-gallery-thumbnail-box\" >\n\t\t\t\t        <div class=\"ngg-gallery-thumbnail\">\n            <a href=\"https:\/\/www.freimarianne.ch\/wp-content\/gallery\/sustenpass-1-10-2015\/IMG_3035.jpg\"\n               title=\"\"\n               data-src=\"https:\/\/www.freimarianne.ch\/wp-content\/gallery\/sustenpass-1-10-2015\/IMG_3035.jpg\"\n               data-thumbnail=\"https:\/\/www.freimarianne.ch\/wp-content\/gallery\/sustenpass-1-10-2015\/thumbs\/thumbs_IMG_3035.jpg\"\n               data-image-id=\"11797\"\n               data-title=\"IMG_3035\"\n               data-description=\"\"\n               data-image-slug=\"img_3035-1\"\n               class=\"shutterset_13824\">\n                <img\n                    title=\"IMG_3035\"\n                    alt=\"IMG_3035\"\n                    src=\"https:\/\/www.freimarianne.ch\/wp-content\/gallery\/sustenpass-1-10-2015\/thumbs\/thumbs_IMG_3035.jpg\"\n                    width=\"100\"\n                    height=\"75\"\n                    style=\"max-width:100%;\"\n                \/>\n            <\/a>\n        <\/div>\n\t\t\t\t\t\t\t<\/div> \n\t\t\t\n        \n\t\t\t\t<div id=\"ngg-image-4\" class=\"ngg-gallery-thumbnail-box\" >\n\t\t\t\t        <div class=\"ngg-gallery-thumbnail\">\n            <a href=\"https:\/\/www.freimarianne.ch\/wp-content\/gallery\/sustenpass-1-10-2015\/IMG_3044.jpg\"\n               title=\"\"\n               data-src=\"https:\/\/www.freimarianne.ch\/wp-content\/gallery\/sustenpass-1-10-2015\/IMG_3044.jpg\"\n               data-thumbnail=\"https:\/\/www.freimarianne.ch\/wp-content\/gallery\/sustenpass-1-10-2015\/thumbs\/thumbs_IMG_3044.jpg\"\n               data-image-id=\"11798\"\n               data-title=\"IMG_3044\"\n               data-description=\"\"\n               data-image-slug=\"img_3044-1\"\n               class=\"shutterset_13824\">\n                <img\n                    title=\"IMG_3044\"\n                    alt=\"IMG_3044\"\n                    src=\"https:\/\/www.freimarianne.ch\/wp-content\/gallery\/sustenpass-1-10-2015\/thumbs\/thumbs_IMG_3044.jpg\"\n                    width=\"100\"\n                    height=\"75\"\n                    style=\"max-width:100%;\"\n                \/>\n            <\/a>\n        <\/div>\n\t\t\t\t\t\t\t<\/div> \n\t\t\t\n        \n\t\t\t\t<div id=\"ngg-image-5\" class=\"ngg-gallery-thumbnail-box\" >\n\t\t\t\t        <div class=\"ngg-gallery-thumbnail\">\n            <a href=\"https:\/\/www.freimarianne.ch\/wp-content\/gallery\/sustenpass-1-10-2015\/IMG_3069.jpg\"\n               title=\"\"\n               data-src=\"https:\/\/www.freimarianne.ch\/wp-content\/gallery\/sustenpass-1-10-2015\/IMG_3069.jpg\"\n               data-thumbnail=\"https:\/\/www.freimarianne.ch\/wp-content\/gallery\/sustenpass-1-10-2015\/thumbs\/thumbs_IMG_3069.jpg\"\n               data-image-id=\"11799\"\n               data-title=\"IMG_3069\"\n               data-description=\"\"\n               data-image-slug=\"img_3069-1\"\n               class=\"shutterset_13824\">\n                <img\n                    title=\"IMG_3069\"\n                    alt=\"IMG_3069\"\n                    src=\"https:\/\/www.freimarianne.ch\/wp-content\/gallery\/sustenpass-1-10-2015\/thumbs\/thumbs_IMG_3069.jpg\"\n                    width=\"100\"\n                    height=\"75\"\n                    style=\"max-width:100%;\"\n                \/>\n            <\/a>\n        <\/div>\n\t\t\t\t\t\t\t<\/div> \n\t\t\t\n        \n\t\t\t\t<div id=\"ngg-image-6\" class=\"ngg-gallery-thumbnail-box\" >\n\t\t\t\t        <div class=\"ngg-gallery-thumbnail\">\n            <a href=\"https:\/\/www.freimarianne.ch\/wp-content\/gallery\/sustenpass-1-10-2015\/IMG_3081.jpg\"\n               title=\"\"\n               data-src=\"https:\/\/www.freimarianne.ch\/wp-content\/gallery\/sustenpass-1-10-2015\/IMG_3081.jpg\"\n               data-thumbnail=\"https:\/\/www.freimarianne.ch\/wp-content\/gallery\/sustenpass-1-10-2015\/thumbs\/thumbs_IMG_3081.jpg\"\n               data-image-id=\"11800\"\n               data-title=\"IMG_3081\"\n               data-description=\"\"\n               data-image-slug=\"img_3081-1\"\n               class=\"shutterset_13824\">\n                <img\n                    title=\"IMG_3081\"\n                    alt=\"IMG_3081\"\n                    src=\"https:\/\/www.freimarianne.ch\/wp-content\/gallery\/sustenpass-1-10-2015\/thumbs\/thumbs_IMG_3081.jpg\"\n                    width=\"100\"\n                    height=\"75\"\n                    style=\"max-width:100%;\"\n                \/>\n            <\/a>\n        <\/div>\n\t\t\t\t\t\t\t<\/div> \n\t\t\t\n        \n\t\t\t\t<div id=\"ngg-image-7\" class=\"ngg-gallery-thumbnail-box\" >\n\t\t\t\t        <div class=\"ngg-gallery-thumbnail\">\n            <a href=\"https:\/\/www.freimarianne.ch\/wp-content\/gallery\/sustenpass-1-10-2015\/IMG_3083.jpg\"\n               title=\"\"\n               data-src=\"https:\/\/www.freimarianne.ch\/wp-content\/gallery\/sustenpass-1-10-2015\/IMG_3083.jpg\"\n               data-thumbnail=\"https:\/\/www.freimarianne.ch\/wp-content\/gallery\/sustenpass-1-10-2015\/thumbs\/thumbs_IMG_3083.jpg\"\n               data-image-id=\"11801\"\n               data-title=\"IMG_3083\"\n               data-description=\"\"\n               data-image-slug=\"img_3083-3\"\n               class=\"shutterset_13824\">\n                <img\n                    title=\"IMG_3083\"\n                    alt=\"IMG_3083\"\n                    src=\"https:\/\/www.freimarianne.ch\/wp-content\/gallery\/sustenpass-1-10-2015\/thumbs\/thumbs_IMG_3083.jpg\"\n                    width=\"100\"\n                    height=\"75\"\n                    style=\"max-width:100%;\"\n                \/>\n            <\/a>\n        <\/div>\n\t\t\t\t\t\t\t<\/div> \n\t\t\t\n        \n\t\t\n\t\t<!-- Pagination -->\n\t<div class='ngg-clear'><\/div>\t<\/div>\n<\/p>\n","protected":false},"excerpt":{"rendered":"<p>Fahrt mit dem Postauto: von G\u00f6schenen durch das Meiental hinauf zum Sustenpass und hinunter nach Meiringen Um 9.10h fahre ich in G\u00f6schenen mit dem Postauto 162 ab in Richtung Wassen. Ich will den Sustenpass kennenlernen. Noch ist es wolkig aber als wir das Meiental hinauffahren kommt langsam die Sonne hervor. Es gelingen mir einige Fotos, [&hellip;]<\/p>\n","protected":false},"author":1,"featured_media":0,"parent":13232,"menu_order":9,"comment_status":"closed","ping_status":"closed","template":"","meta":{"ngg_post_thumbnail":0},"_links":{"self":[{"href":"https:\/\/www.freimarianne.ch\/index.php?rest_route=\/wp\/v2\/pages\/13696"}],"collection":[{"href":"https:\/\/www.freimarianne.ch\/index.php?rest_route=\/wp\/v2\/pages"}],"about":[{"href":"https:\/\/www.freimarianne.ch\/index.php?rest_route=\/wp\/v2\/types\/page"}],"author":[{"embeddable":true,"href":"https:\/\/www.freimarianne.ch\/index.php?rest_route=\/wp\/v2\/users\/1"}],"replies":[{"embeddable":true,"href":"https:\/\/www.freimarianne.ch\/index.php?rest_route=%2Fwp%2Fv2%2Fcomments&post=13696"}],"version-history":[{"count":3,"href":"https:\/\/www.freimarianne.ch\/index.php?rest_route=\/wp\/v2\/pages\/13696\/revisions"}],"predecessor-version":[{"id":13825,"href":"https:\/\/www.freimarianne.ch\/index.php?rest_route=\/wp\/v2\/pages\/13696\/revisions\/13825"}],"up":[{"embeddable":true,"href":"https:\/\/www.freimarianne.ch\/index.php?rest_route=\/wp\/v2\/pages\/13232"}],"wp:attachment":[{"href":"https:\/\/www.freimarianne.ch\/index.php?rest_route=%2Fwp%2Fv2%2Fmedia&parent=13696"}],"curies":[{"name":"wp","href":"https:\/\/api.w.org\/{rel}","templated":true}]}}