{"id":14035,"date":"2015-11-09T08:44:48","date_gmt":"2015-11-09T07:44:48","guid":{"rendered":"http:\/\/www.freimarianne.ch\/?page_id=14035"},"modified":"2015-11-17T09:57:18","modified_gmt":"2015-11-17T08:57:18","slug":"fafleralp-lotschental-16-10-2015","status":"publish","type":"page","link":"https:\/\/www.freimarianne.ch\/?page_id=14035","title":{"rendered":"Fafleralp  L\u00f6tschental  16.10.2015"},"content":{"rendered":"<p><strong>Winterwanderung auf der Fafleralp<\/strong><\/p>\n<p><img loading=\"lazy\" class=\"alignleft size-full wp-image-14059\" src=\"http:\/\/www.freimarianne.ch\/wp-content\/uploads\/2015\/11\/IMG_5190_fafleralp_17.jpg\" alt=\"IMG_5190_fafleralp_17\" width=\"500\" height=\"252\" srcset=\"https:\/\/www.freimarianne.ch\/wp-content\/uploads\/2015\/11\/IMG_5190_fafleralp_17.jpg 500w, https:\/\/www.freimarianne.ch\/wp-content\/uploads\/2015\/11\/IMG_5190_fafleralp_17-300x151.jpg 300w\" sizes=\"(max-width: 500px) 100vw, 500px\" \/><br \/>\nDa der Wetterbericht f\u00fcr das Wallis f\u00fcr heute gar nicht so schlecht ist, fahren wir durch den L\u00f6tschbergtunnel nach Goppenstein. Aber schon hier die Landschaft wolkenverhangen und ziemlich weiss.<br \/>\nAber wir sind optimistisch und steigen in das Postauto zur Fafleralp. Hier oben steigen ganz wenig Personen aus und wir sind die einzigen, die sich auf den Weg zum Gletschergrund machen. Bei der L\u00f6tschenl\u00fccke ist der Himmel tiefblau. Ein Blau, das allm\u00e4hlich hin\u00fcber geht ins Grau und dann ins Weisse.<br \/>\nWir halten uns an diesen blauen Fleck und sind optimistisch. Die Tatsache, Mitte Oktober bereits im Schnee gehen, ist interessant.<br \/>\nSo wandern wir etwa eine Stunde teils im Schnee ( ca. 15cm) teils \u00fcber Steine und teils durch dreckige T\u00fcmpel ins Tal hinein. Hier oben bl\u00e4st eine kalte Bise. Wir brauchen unsere Steppjacken und die M\u00fctzen und die Handschuhe.<br \/>\nIm Stehen machen wir einen kurzen Mittagshalt. Dann kehren wir wieder um. Wir k\u00f6nnen bei diesem Wetter nicht hinauf zur Anenh\u00fctte. Das m\u00fcssen wir auf den n\u00e4chsten Sommer verschieben.<br \/>\nAls wir zur\u00fcckwandern und wieder einen Blick hinauf zur L\u00f6tschenl\u00fccke wenden, sehen wir, dass der Gletscher in der Sonne liegt.<br \/>\nAber weiter wagt sichte Sonne nicht hervor!<br \/>\nWIr k\u00f6nnen ruhig nachhause fahren, was wir auch tun.<\/p>\n<p><!-- index.php -->\n<div\n\tclass=\"ngg-galleryoverview ngg-ajax-pagination-none\"\n\tid=\"ngg-gallery-14179-1\">\n\n    \t<div class=\"slideshowlink\">\n        <a href='https:\/\/www.freimarianne.ch\/index.php\/nggallery\/slideshow?page_id=14035'>[Show as slideshow]<\/a>\n\t\t\n\t<\/div>\n\t\t\t<!-- Thumbnails -->\n\t\t\t\t<div id=\"ngg-image-0\" class=\"ngg-gallery-thumbnail-box\" >\n\t\t\t\t        <div class=\"ngg-gallery-thumbnail\">\n            <a href=\"https:\/\/www.freimarianne.ch\/wp-content\/gallery\/fafleralp-13-10-15\/IMG_5161.jpg\"\n               title=\"\"\n               data-src=\"https:\/\/www.freimarianne.ch\/wp-content\/gallery\/fafleralp-13-10-15\/IMG_5161.jpg\"\n               data-thumbnail=\"https:\/\/www.freimarianne.ch\/wp-content\/gallery\/fafleralp-13-10-15\/thumbs\/thumbs_IMG_5161.jpg\"\n               data-image-id=\"11907\"\n               data-title=\"IMG_5161\"\n               data-description=\"\"\n               data-image-slug=\"img_5161-1\"\n               class=\"shutterset_14179\">\n                <img\n                    title=\"IMG_5161\"\n                    alt=\"IMG_5161\"\n                    src=\"https:\/\/www.freimarianne.ch\/wp-content\/gallery\/fafleralp-13-10-15\/thumbs\/thumbs_IMG_5161.jpg\"\n                    width=\"100\"\n                    height=\"75\"\n                    style=\"max-width:100%;\"\n                \/>\n            <\/a>\n        <\/div>\n\t\t\t\t\t\t\t<\/div> \n\t\t\t\n        \n\t\t\t\t<div id=\"ngg-image-1\" class=\"ngg-gallery-thumbnail-box\" >\n\t\t\t\t        <div class=\"ngg-gallery-thumbnail\">\n            <a href=\"https:\/\/www.freimarianne.ch\/wp-content\/gallery\/fafleralp-13-10-15\/IMG_5164.jpg\"\n               title=\"\"\n               data-src=\"https:\/\/www.freimarianne.ch\/wp-content\/gallery\/fafleralp-13-10-15\/IMG_5164.jpg\"\n               data-thumbnail=\"https:\/\/www.freimarianne.ch\/wp-content\/gallery\/fafleralp-13-10-15\/thumbs\/thumbs_IMG_5164.jpg\"\n               data-image-id=\"11908\"\n               data-title=\"IMG_5164\"\n               data-description=\"\"\n               data-image-slug=\"img_5164\"\n               class=\"shutterset_14179\">\n                <img\n                    title=\"IMG_5164\"\n                    alt=\"IMG_5164\"\n                    src=\"https:\/\/www.freimarianne.ch\/wp-content\/gallery\/fafleralp-13-10-15\/thumbs\/thumbs_IMG_5164.jpg\"\n                    width=\"100\"\n                    height=\"75\"\n                    style=\"max-width:100%;\"\n                \/>\n            <\/a>\n        <\/div>\n\t\t\t\t\t\t\t<\/div> \n\t\t\t\n        \n\t\t\t\t<div id=\"ngg-image-2\" class=\"ngg-gallery-thumbnail-box\" >\n\t\t\t\t        <div class=\"ngg-gallery-thumbnail\">\n            <a href=\"https:\/\/www.freimarianne.ch\/wp-content\/gallery\/fafleralp-13-10-15\/IMG_5167.jpg\"\n               title=\"\"\n               data-src=\"https:\/\/www.freimarianne.ch\/wp-content\/gallery\/fafleralp-13-10-15\/IMG_5167.jpg\"\n               data-thumbnail=\"https:\/\/www.freimarianne.ch\/wp-content\/gallery\/fafleralp-13-10-15\/thumbs\/thumbs_IMG_5167.jpg\"\n               data-image-id=\"11909\"\n               data-title=\"IMG_5167\"\n               data-description=\"\"\n               data-image-slug=\"img_5167-3\"\n               class=\"shutterset_14179\">\n                <img\n                    title=\"IMG_5167\"\n                    alt=\"IMG_5167\"\n                    src=\"https:\/\/www.freimarianne.ch\/wp-content\/gallery\/fafleralp-13-10-15\/thumbs\/thumbs_IMG_5167.jpg\"\n                    width=\"100\"\n                    height=\"75\"\n                    style=\"max-width:100%;\"\n                \/>\n            <\/a>\n        <\/div>\n\t\t\t\t\t\t\t<\/div> \n\t\t\t\n        \n\t\t\t\t<div id=\"ngg-image-3\" class=\"ngg-gallery-thumbnail-box\" >\n\t\t\t\t        <div class=\"ngg-gallery-thumbnail\">\n            <a href=\"https:\/\/www.freimarianne.ch\/wp-content\/gallery\/fafleralp-13-10-15\/IMG_5171.jpg\"\n               title=\"\"\n               data-src=\"https:\/\/www.freimarianne.ch\/wp-content\/gallery\/fafleralp-13-10-15\/IMG_5171.jpg\"\n               data-thumbnail=\"https:\/\/www.freimarianne.ch\/wp-content\/gallery\/fafleralp-13-10-15\/thumbs\/thumbs_IMG_5171.jpg\"\n               data-image-id=\"11910\"\n               data-title=\"IMG_5171\"\n               data-description=\"\"\n               data-image-slug=\"img_5171\"\n               class=\"shutterset_14179\">\n                <img\n                    title=\"IMG_5171\"\n                    alt=\"IMG_5171\"\n                    src=\"https:\/\/www.freimarianne.ch\/wp-content\/gallery\/fafleralp-13-10-15\/thumbs\/thumbs_IMG_5171.jpg\"\n                    width=\"100\"\n                    height=\"75\"\n                    style=\"max-width:100%;\"\n                \/>\n            <\/a>\n        <\/div>\n\t\t\t\t\t\t\t<\/div> \n\t\t\t\n        \n\t\t\t\t<div id=\"ngg-image-4\" class=\"ngg-gallery-thumbnail-box\" >\n\t\t\t\t        <div class=\"ngg-gallery-thumbnail\">\n            <a href=\"https:\/\/www.freimarianne.ch\/wp-content\/gallery\/fafleralp-13-10-15\/IMG_5178.jpg\"\n               title=\"\"\n               data-src=\"https:\/\/www.freimarianne.ch\/wp-content\/gallery\/fafleralp-13-10-15\/IMG_5178.jpg\"\n               data-thumbnail=\"https:\/\/www.freimarianne.ch\/wp-content\/gallery\/fafleralp-13-10-15\/thumbs\/thumbs_IMG_5178.jpg\"\n               data-image-id=\"11911\"\n               data-title=\"IMG_5178\"\n               data-description=\"\"\n               data-image-slug=\"img_5178-1\"\n               class=\"shutterset_14179\">\n                <img\n                    title=\"IMG_5178\"\n                    alt=\"IMG_5178\"\n                    src=\"https:\/\/www.freimarianne.ch\/wp-content\/gallery\/fafleralp-13-10-15\/thumbs\/thumbs_IMG_5178.jpg\"\n                    width=\"100\"\n                    height=\"75\"\n                    style=\"max-width:100%;\"\n                \/>\n            <\/a>\n        <\/div>\n\t\t\t\t\t\t\t<\/div> \n\t\t\t\n        \n\t\t\t\t<div id=\"ngg-image-5\" class=\"ngg-gallery-thumbnail-box\" >\n\t\t\t\t        <div class=\"ngg-gallery-thumbnail\">\n            <a href=\"https:\/\/www.freimarianne.ch\/wp-content\/gallery\/fafleralp-13-10-15\/IMG_5183.jpg\"\n               title=\"\"\n               data-src=\"https:\/\/www.freimarianne.ch\/wp-content\/gallery\/fafleralp-13-10-15\/IMG_5183.jpg\"\n               data-thumbnail=\"https:\/\/www.freimarianne.ch\/wp-content\/gallery\/fafleralp-13-10-15\/thumbs\/thumbs_IMG_5183.jpg\"\n               data-image-id=\"11912\"\n               data-title=\"IMG_5183\"\n               data-description=\"\"\n               data-image-slug=\"img_5183-4\"\n               class=\"shutterset_14179\">\n                <img\n                    title=\"IMG_5183\"\n                    alt=\"IMG_5183\"\n                    src=\"https:\/\/www.freimarianne.ch\/wp-content\/gallery\/fafleralp-13-10-15\/thumbs\/thumbs_IMG_5183.jpg\"\n                    width=\"100\"\n                    height=\"75\"\n                    style=\"max-width:100%;\"\n                \/>\n            <\/a>\n        <\/div>\n\t\t\t\t\t\t\t<\/div> \n\t\t\t\n        \n\t\t\t\t<div id=\"ngg-image-6\" class=\"ngg-gallery-thumbnail-box\" >\n\t\t\t\t        <div class=\"ngg-gallery-thumbnail\">\n            <a href=\"https:\/\/www.freimarianne.ch\/wp-content\/gallery\/fafleralp-13-10-15\/IMG_5186.jpg\"\n               title=\"\"\n               data-src=\"https:\/\/www.freimarianne.ch\/wp-content\/gallery\/fafleralp-13-10-15\/IMG_5186.jpg\"\n               data-thumbnail=\"https:\/\/www.freimarianne.ch\/wp-content\/gallery\/fafleralp-13-10-15\/thumbs\/thumbs_IMG_5186.jpg\"\n               data-image-id=\"11913\"\n               data-title=\"IMG_5186\"\n               data-description=\"\"\n               data-image-slug=\"img_5186\"\n               class=\"shutterset_14179\">\n                <img\n                    title=\"IMG_5186\"\n                    alt=\"IMG_5186\"\n                    src=\"https:\/\/www.freimarianne.ch\/wp-content\/gallery\/fafleralp-13-10-15\/thumbs\/thumbs_IMG_5186.jpg\"\n                    width=\"100\"\n                    height=\"75\"\n                    style=\"max-width:100%;\"\n                \/>\n            <\/a>\n        <\/div>\n\t\t\t\t\t\t\t<\/div> \n\t\t\t\n        \n\t\t\t\t<div id=\"ngg-image-7\" class=\"ngg-gallery-thumbnail-box\" >\n\t\t\t\t        <div class=\"ngg-gallery-thumbnail\">\n            <a href=\"https:\/\/www.freimarianne.ch\/wp-content\/gallery\/fafleralp-13-10-15\/IMG_5189.jpg\"\n               title=\"\"\n               data-src=\"https:\/\/www.freimarianne.ch\/wp-content\/gallery\/fafleralp-13-10-15\/IMG_5189.jpg\"\n               data-thumbnail=\"https:\/\/www.freimarianne.ch\/wp-content\/gallery\/fafleralp-13-10-15\/thumbs\/thumbs_IMG_5189.jpg\"\n               data-image-id=\"11914\"\n               data-title=\"IMG_5189\"\n               data-description=\"\"\n               data-image-slug=\"img_5189-3\"\n               class=\"shutterset_14179\">\n                <img\n                    title=\"IMG_5189\"\n                    alt=\"IMG_5189\"\n                    src=\"https:\/\/www.freimarianne.ch\/wp-content\/gallery\/fafleralp-13-10-15\/thumbs\/thumbs_IMG_5189.jpg\"\n                    width=\"100\"\n                    height=\"75\"\n                    style=\"max-width:100%;\"\n                \/>\n            <\/a>\n        <\/div>\n\t\t\t\t\t\t\t<\/div> \n\t\t\t\n        \n\t\t\t\t<div id=\"ngg-image-8\" class=\"ngg-gallery-thumbnail-box\" >\n\t\t\t\t        <div class=\"ngg-gallery-thumbnail\">\n            <a href=\"https:\/\/www.freimarianne.ch\/wp-content\/gallery\/fafleralp-13-10-15\/IMG_5195.jpg\"\n               title=\"\"\n               data-src=\"https:\/\/www.freimarianne.ch\/wp-content\/gallery\/fafleralp-13-10-15\/IMG_5195.jpg\"\n               data-thumbnail=\"https:\/\/www.freimarianne.ch\/wp-content\/gallery\/fafleralp-13-10-15\/thumbs\/thumbs_IMG_5195.jpg\"\n               data-image-id=\"11915\"\n               data-title=\"IMG_5195\"\n               data-description=\"\"\n               data-image-slug=\"img_5195\"\n               class=\"shutterset_14179\">\n                <img\n                    title=\"IMG_5195\"\n                    alt=\"IMG_5195\"\n                    src=\"https:\/\/www.freimarianne.ch\/wp-content\/gallery\/fafleralp-13-10-15\/thumbs\/thumbs_IMG_5195.jpg\"\n                    width=\"100\"\n                    height=\"75\"\n                    style=\"max-width:100%;\"\n                \/>\n            <\/a>\n        <\/div>\n\t\t\t\t\t\t\t<\/div> \n\t\t\t\n        \n\t\t\t\t<div id=\"ngg-image-9\" class=\"ngg-gallery-thumbnail-box\" >\n\t\t\t\t        <div class=\"ngg-gallery-thumbnail\">\n            <a href=\"https:\/\/www.freimarianne.ch\/wp-content\/gallery\/fafleralp-13-10-15\/IMG_5201.jpg\"\n               title=\"\"\n               data-src=\"https:\/\/www.freimarianne.ch\/wp-content\/gallery\/fafleralp-13-10-15\/IMG_5201.jpg\"\n               data-thumbnail=\"https:\/\/www.freimarianne.ch\/wp-content\/gallery\/fafleralp-13-10-15\/thumbs\/thumbs_IMG_5201.jpg\"\n               data-image-id=\"11916\"\n               data-title=\"IMG_5201\"\n               data-description=\"\"\n               data-image-slug=\"img_5201\"\n               class=\"shutterset_14179\">\n                <img\n                    title=\"IMG_5201\"\n                    alt=\"IMG_5201\"\n                    src=\"https:\/\/www.freimarianne.ch\/wp-content\/gallery\/fafleralp-13-10-15\/thumbs\/thumbs_IMG_5201.jpg\"\n                    width=\"100\"\n                    height=\"75\"\n                    style=\"max-width:100%;\"\n                \/>\n            <\/a>\n        <\/div>\n\t\t\t\t\t\t\t<\/div> \n\t\t\t\n        \n\t\t\t\t<div id=\"ngg-image-10\" class=\"ngg-gallery-thumbnail-box\" >\n\t\t\t\t        <div class=\"ngg-gallery-thumbnail\">\n            <a href=\"https:\/\/www.freimarianne.ch\/wp-content\/gallery\/fafleralp-13-10-15\/IMG_5204.jpg\"\n               title=\"\"\n               data-src=\"https:\/\/www.freimarianne.ch\/wp-content\/gallery\/fafleralp-13-10-15\/IMG_5204.jpg\"\n               data-thumbnail=\"https:\/\/www.freimarianne.ch\/wp-content\/gallery\/fafleralp-13-10-15\/thumbs\/thumbs_IMG_5204.jpg\"\n               data-image-id=\"11917\"\n               data-title=\"IMG_5204\"\n               data-description=\"\"\n               data-image-slug=\"img_5204-5\"\n               class=\"shutterset_14179\">\n                <img\n                    title=\"IMG_5204\"\n                    alt=\"IMG_5204\"\n                    src=\"https:\/\/www.freimarianne.ch\/wp-content\/gallery\/fafleralp-13-10-15\/thumbs\/thumbs_IMG_5204.jpg\"\n                    width=\"100\"\n                    height=\"75\"\n                    style=\"max-width:100%;\"\n                \/>\n            <\/a>\n        <\/div>\n\t\t\t\t\t\t\t<\/div> \n\t\t\t\n        \n\t\t\t\t<div id=\"ngg-image-11\" class=\"ngg-gallery-thumbnail-box\" >\n\t\t\t\t        <div class=\"ngg-gallery-thumbnail\">\n            <a href=\"https:\/\/www.freimarianne.ch\/wp-content\/gallery\/fafleralp-13-10-15\/IMG_5208.jpg\"\n               title=\"\"\n               data-src=\"https:\/\/www.freimarianne.ch\/wp-content\/gallery\/fafleralp-13-10-15\/IMG_5208.jpg\"\n               data-thumbnail=\"https:\/\/www.freimarianne.ch\/wp-content\/gallery\/fafleralp-13-10-15\/thumbs\/thumbs_IMG_5208.jpg\"\n               data-image-id=\"11918\"\n               data-title=\"IMG_5208\"\n               data-description=\"\"\n               data-image-slug=\"img_5208-4\"\n               class=\"shutterset_14179\">\n                <img\n                    title=\"IMG_5208\"\n                    alt=\"IMG_5208\"\n                    src=\"https:\/\/www.freimarianne.ch\/wp-content\/gallery\/fafleralp-13-10-15\/thumbs\/thumbs_IMG_5208.jpg\"\n                    width=\"100\"\n                    height=\"75\"\n                    style=\"max-width:100%;\"\n                \/>\n            <\/a>\n        <\/div>\n\t\t\t\t\t\t\t<\/div> \n\t\t\t\n        \n\t\t\n\t\t<!-- Pagination -->\n\t<div class='ngg-clear'><\/div>\t<\/div>\n<\/p>\n","protected":false},"excerpt":{"rendered":"<p>Winterwanderung auf der Fafleralp Da der Wetterbericht f\u00fcr das Wallis f\u00fcr heute gar nicht so schlecht ist, fahren wir durch den L\u00f6tschbergtunnel nach Goppenstein. Aber schon hier die Landschaft wolkenverhangen und ziemlich weiss. Aber wir sind optimistisch und steigen in das Postauto zur Fafleralp. Hier oben steigen ganz wenig Personen aus und wir sind die [&hellip;]<\/p>\n","protected":false},"author":1,"featured_media":0,"parent":13232,"menu_order":15,"comment_status":"closed","ping_status":"closed","template":"","meta":{"ngg_post_thumbnail":0},"_links":{"self":[{"href":"https:\/\/www.freimarianne.ch\/index.php?rest_route=\/wp\/v2\/pages\/14035"}],"collection":[{"href":"https:\/\/www.freimarianne.ch\/index.php?rest_route=\/wp\/v2\/pages"}],"about":[{"href":"https:\/\/www.freimarianne.ch\/index.php?rest_route=\/wp\/v2\/types\/page"}],"author":[{"embeddable":true,"href":"https:\/\/www.freimarianne.ch\/index.php?rest_route=\/wp\/v2\/users\/1"}],"replies":[{"embeddable":true,"href":"https:\/\/www.freimarianne.ch\/index.php?rest_route=%2Fwp%2Fv2%2Fcomments&post=14035"}],"version-history":[{"count":5,"href":"https:\/\/www.freimarianne.ch\/index.php?rest_route=\/wp\/v2\/pages\/14035\/revisions"}],"predecessor-version":[{"id":14180,"href":"https:\/\/www.freimarianne.ch\/index.php?rest_route=\/wp\/v2\/pages\/14035\/revisions\/14180"}],"up":[{"embeddable":true,"href":"https:\/\/www.freimarianne.ch\/index.php?rest_route=\/wp\/v2\/pages\/13232"}],"wp:attachment":[{"href":"https:\/\/www.freimarianne.ch\/index.php?rest_route=%2Fwp%2Fv2%2Fmedia&parent=14035"}],"curies":[{"name":"wp","href":"https:\/\/api.w.org\/{rel}","templated":true}]}}