{"id":14077,"date":"2015-11-09T09:26:49","date_gmt":"2015-11-09T08:26:49","guid":{"rendered":"http:\/\/www.freimarianne.ch\/?page_id=14077"},"modified":"2015-11-25T16:10:29","modified_gmt":"2015-11-25T15:10:29","slug":"blueme-be-5-11-2015","status":"publish","type":"page","link":"https:\/\/www.freimarianne.ch\/?page_id=14077","title":{"rendered":"Blueme   BE 5.11.2015"},"content":{"rendered":"<p><strong>Wanderung von Heiligenschwendi \u00fcber die Blueme nach Schwanden S\u00e4gi<\/strong><br \/>\nGeniessen der wundersch\u00f6nen Herbststimmung<br \/>\n<img loading=\"lazy\" class=\"alignleft size-full wp-image-14067\" src=\"http:\/\/www.freimarianne.ch\/wp-content\/uploads\/2015\/11\/IMG_5655_bliueme_6.jpg\" alt=\"IMG_5655_bliueme_6\" width=\"500\" height=\"333\" srcset=\"https:\/\/www.freimarianne.ch\/wp-content\/uploads\/2015\/11\/IMG_5655_bliueme_6.jpg 500w, https:\/\/www.freimarianne.ch\/wp-content\/uploads\/2015\/11\/IMG_5655_bliueme_6-300x200.jpg 300w, https:\/\/www.freimarianne.ch\/wp-content\/uploads\/2015\/11\/IMG_5655_bliueme_6-450x300.jpg 450w\" sizes=\"(max-width: 500px) 100vw, 500px\" \/><\/p>\n<p>Ich fahre von Thun mit dem Bus nach Heiligenschwendi REHA.<br \/>\nIm Eggwald steige ich den Wanderweg hinauf auf die obere Waldstrasse. Beim Pkt. 1246m Wolfgrube bei Schw\u00e4ndi &#8211; Alma nehme ich dieses Mal den Pfad steil den Wald hinauf und komme dann zum Aussichtspunkt Schwendiblueme 1396m, wohin es eine Abzweigung gibt.<br \/>\nIch gehe dann den Weg zur\u00fcck und erreiche so mein Ziel, den Aussichtsturm Blueme 1392m. Ich steige hinauf und geniesse die Aussicht.<br \/>\nDann trete ich den R\u00fcckweg an in Richtung Tschingelallmi , wobei ich die Abk\u00fcrzung durch den Wald nehme, die nicht als Wanderweg bezeichnet ist. Von Tschingelallmi, das sehr sch\u00f6n liegt und auch ein guter Aussichtspunkt ist gehe ich weiter hinunter Richtung Schwanden und benutze dann den H\u00f6henweg , der im Gebiet Schwandenallmi hin\u00fcber zur Sagi f\u00fchrt ( auch ein Winterwanderweg).<br \/>\nVon dort aus fahre ich, nach einem Halt im netten Caf\u00e9 im Bauernhaus, hinunter nach Oberhofen und Thun, wo ich noch in den Schadaupark gehe, um das Panorama zu photographieren.<\/p>\n<p><!-- index.php -->\n<div\n\tclass=\"ngg-galleryoverview ngg-ajax-pagination-none\"\n\tid=\"ngg-gallery-14590-1\">\n\n    \t<div class=\"slideshowlink\">\n        <a href='https:\/\/www.freimarianne.ch\/index.php\/nggallery\/slideshow?page_id=14077'>[Show as slideshow]<\/a>\n\t\t\n\t<\/div>\n\t\t\t<!-- Thumbnails -->\n\t\t\t\t<div id=\"ngg-image-0\" class=\"ngg-gallery-thumbnail-box\" >\n\t\t\t\t        <div class=\"ngg-gallery-thumbnail\">\n            <a href=\"https:\/\/www.freimarianne.ch\/wp-content\/gallery\/blueme-5-11-2015\/IMG_5626.jpg\"\n               title=\"\"\n               data-src=\"https:\/\/www.freimarianne.ch\/wp-content\/gallery\/blueme-5-11-2015\/IMG_5626.jpg\"\n               data-thumbnail=\"https:\/\/www.freimarianne.ch\/wp-content\/gallery\/blueme-5-11-2015\/thumbs\/thumbs_IMG_5626.jpg\"\n               data-image-id=\"12072\"\n               data-title=\"IMG_5626\"\n               data-description=\"\"\n               data-image-slug=\"img_5626-1\"\n               class=\"shutterset_14590\">\n                <img\n                    title=\"IMG_5626\"\n                    alt=\"IMG_5626\"\n                    src=\"https:\/\/www.freimarianne.ch\/wp-content\/gallery\/blueme-5-11-2015\/thumbs\/thumbs_IMG_5626.jpg\"\n                    width=\"100\"\n                    height=\"75\"\n                    style=\"max-width:100%;\"\n                \/>\n            <\/a>\n        <\/div>\n\t\t\t\t\t\t\t<\/div> \n\t\t\t\n        \n\t\t\t\t<div id=\"ngg-image-1\" class=\"ngg-gallery-thumbnail-box\" >\n\t\t\t\t        <div class=\"ngg-gallery-thumbnail\">\n            <a href=\"https:\/\/www.freimarianne.ch\/wp-content\/gallery\/blueme-5-11-2015\/IMG_5629.jpg\"\n               title=\"\"\n               data-src=\"https:\/\/www.freimarianne.ch\/wp-content\/gallery\/blueme-5-11-2015\/IMG_5629.jpg\"\n               data-thumbnail=\"https:\/\/www.freimarianne.ch\/wp-content\/gallery\/blueme-5-11-2015\/thumbs\/thumbs_IMG_5629.jpg\"\n               data-image-id=\"12073\"\n               data-title=\"IMG_5629\"\n               data-description=\"\"\n               data-image-slug=\"img_5629-3\"\n               class=\"shutterset_14590\">\n                <img\n                    title=\"IMG_5629\"\n                    alt=\"IMG_5629\"\n                    src=\"https:\/\/www.freimarianne.ch\/wp-content\/gallery\/blueme-5-11-2015\/thumbs\/thumbs_IMG_5629.jpg\"\n                    width=\"100\"\n                    height=\"75\"\n                    style=\"max-width:100%;\"\n                \/>\n            <\/a>\n        <\/div>\n\t\t\t\t\t\t\t<\/div> \n\t\t\t\n        \n\t\t\t\t<div id=\"ngg-image-2\" class=\"ngg-gallery-thumbnail-box\" >\n\t\t\t\t        <div class=\"ngg-gallery-thumbnail\">\n            <a href=\"https:\/\/www.freimarianne.ch\/wp-content\/gallery\/blueme-5-11-2015\/IMG_5651.jpg\"\n               title=\"\"\n               data-src=\"https:\/\/www.freimarianne.ch\/wp-content\/gallery\/blueme-5-11-2015\/IMG_5651.jpg\"\n               data-thumbnail=\"https:\/\/www.freimarianne.ch\/wp-content\/gallery\/blueme-5-11-2015\/thumbs\/thumbs_IMG_5651.jpg\"\n               data-image-id=\"12074\"\n               data-title=\"IMG_5651\"\n               data-description=\"\"\n               data-image-slug=\"img_5651\"\n               class=\"shutterset_14590\">\n                <img\n                    title=\"IMG_5651\"\n                    alt=\"IMG_5651\"\n                    src=\"https:\/\/www.freimarianne.ch\/wp-content\/gallery\/blueme-5-11-2015\/thumbs\/thumbs_IMG_5651.jpg\"\n                    width=\"100\"\n                    height=\"75\"\n                    style=\"max-width:100%;\"\n                \/>\n            <\/a>\n        <\/div>\n\t\t\t\t\t\t\t<\/div> \n\t\t\t\n        \n\t\t\t\t<div id=\"ngg-image-3\" class=\"ngg-gallery-thumbnail-box\" >\n\t\t\t\t        <div class=\"ngg-gallery-thumbnail\">\n            <a href=\"https:\/\/www.freimarianne.ch\/wp-content\/gallery\/blueme-5-11-2015\/IMG_5652.jpg\"\n               title=\"\"\n               data-src=\"https:\/\/www.freimarianne.ch\/wp-content\/gallery\/blueme-5-11-2015\/IMG_5652.jpg\"\n               data-thumbnail=\"https:\/\/www.freimarianne.ch\/wp-content\/gallery\/blueme-5-11-2015\/thumbs\/thumbs_IMG_5652.jpg\"\n               data-image-id=\"12075\"\n               data-title=\"IMG_5652\"\n               data-description=\"\"\n               data-image-slug=\"img_5652-1\"\n               class=\"shutterset_14590\">\n                <img\n                    title=\"IMG_5652\"\n                    alt=\"IMG_5652\"\n                    src=\"https:\/\/www.freimarianne.ch\/wp-content\/gallery\/blueme-5-11-2015\/thumbs\/thumbs_IMG_5652.jpg\"\n                    width=\"100\"\n                    height=\"75\"\n                    style=\"max-width:100%;\"\n                \/>\n            <\/a>\n        <\/div>\n\t\t\t\t\t\t\t<\/div> \n\t\t\t\n        \n\t\t\t\t<div id=\"ngg-image-4\" class=\"ngg-gallery-thumbnail-box\" >\n\t\t\t\t        <div class=\"ngg-gallery-thumbnail\">\n            <a href=\"https:\/\/www.freimarianne.ch\/wp-content\/gallery\/blueme-5-11-2015\/IMG_5654.jpg\"\n               title=\"\"\n               data-src=\"https:\/\/www.freimarianne.ch\/wp-content\/gallery\/blueme-5-11-2015\/IMG_5654.jpg\"\n               data-thumbnail=\"https:\/\/www.freimarianne.ch\/wp-content\/gallery\/blueme-5-11-2015\/thumbs\/thumbs_IMG_5654.jpg\"\n               data-image-id=\"12076\"\n               data-title=\"IMG_5654\"\n               data-description=\"\"\n               data-image-slug=\"img_5654\"\n               class=\"shutterset_14590\">\n                <img\n                    title=\"IMG_5654\"\n                    alt=\"IMG_5654\"\n                    src=\"https:\/\/www.freimarianne.ch\/wp-content\/gallery\/blueme-5-11-2015\/thumbs\/thumbs_IMG_5654.jpg\"\n                    width=\"100\"\n                    height=\"75\"\n                    style=\"max-width:100%;\"\n                \/>\n            <\/a>\n        <\/div>\n\t\t\t\t\t\t\t<\/div> \n\t\t\t\n        \n\t\t\t\t<div id=\"ngg-image-5\" class=\"ngg-gallery-thumbnail-box\" >\n\t\t\t\t        <div class=\"ngg-gallery-thumbnail\">\n            <a href=\"https:\/\/www.freimarianne.ch\/wp-content\/gallery\/blueme-5-11-2015\/IMG_5679.jpg\"\n               title=\"\"\n               data-src=\"https:\/\/www.freimarianne.ch\/wp-content\/gallery\/blueme-5-11-2015\/IMG_5679.jpg\"\n               data-thumbnail=\"https:\/\/www.freimarianne.ch\/wp-content\/gallery\/blueme-5-11-2015\/thumbs\/thumbs_IMG_5679.jpg\"\n               data-image-id=\"12077\"\n               data-title=\"IMG_5679\"\n               data-description=\"\"\n               data-image-slug=\"img_5679\"\n               class=\"shutterset_14590\">\n                <img\n                    title=\"IMG_5679\"\n                    alt=\"IMG_5679\"\n                    src=\"https:\/\/www.freimarianne.ch\/wp-content\/gallery\/blueme-5-11-2015\/thumbs\/thumbs_IMG_5679.jpg\"\n                    width=\"100\"\n                    height=\"75\"\n                    style=\"max-width:100%;\"\n                \/>\n            <\/a>\n        <\/div>\n\t\t\t\t\t\t\t<\/div> \n\t\t\t\n        \n\t\t\t\t<div id=\"ngg-image-6\" class=\"ngg-gallery-thumbnail-box\" >\n\t\t\t\t        <div class=\"ngg-gallery-thumbnail\">\n            <a href=\"https:\/\/www.freimarianne.ch\/wp-content\/gallery\/blueme-5-11-2015\/IMG_5681.jpg\"\n               title=\"\"\n               data-src=\"https:\/\/www.freimarianne.ch\/wp-content\/gallery\/blueme-5-11-2015\/IMG_5681.jpg\"\n               data-thumbnail=\"https:\/\/www.freimarianne.ch\/wp-content\/gallery\/blueme-5-11-2015\/thumbs\/thumbs_IMG_5681.jpg\"\n               data-image-id=\"12078\"\n               data-title=\"IMG_5681\"\n               data-description=\"\"\n               data-image-slug=\"img_5681-1\"\n               class=\"shutterset_14590\">\n                <img\n                    title=\"IMG_5681\"\n                    alt=\"IMG_5681\"\n                    src=\"https:\/\/www.freimarianne.ch\/wp-content\/gallery\/blueme-5-11-2015\/thumbs\/thumbs_IMG_5681.jpg\"\n                    width=\"100\"\n                    height=\"75\"\n                    style=\"max-width:100%;\"\n                \/>\n            <\/a>\n        <\/div>\n\t\t\t\t\t\t\t<\/div> \n\t\t\t\n        \n\t\t\t\t<div id=\"ngg-image-7\" class=\"ngg-gallery-thumbnail-box\" >\n\t\t\t\t        <div class=\"ngg-gallery-thumbnail\">\n            <a href=\"https:\/\/www.freimarianne.ch\/wp-content\/gallery\/blueme-5-11-2015\/IMG_5683.jpg\"\n               title=\"\"\n               data-src=\"https:\/\/www.freimarianne.ch\/wp-content\/gallery\/blueme-5-11-2015\/IMG_5683.jpg\"\n               data-thumbnail=\"https:\/\/www.freimarianne.ch\/wp-content\/gallery\/blueme-5-11-2015\/thumbs\/thumbs_IMG_5683.jpg\"\n               data-image-id=\"12079\"\n               data-title=\"IMG_5683\"\n               data-description=\"\"\n               data-image-slug=\"img_5683-3\"\n               class=\"shutterset_14590\">\n                <img\n                    title=\"IMG_5683\"\n                    alt=\"IMG_5683\"\n                    src=\"https:\/\/www.freimarianne.ch\/wp-content\/gallery\/blueme-5-11-2015\/thumbs\/thumbs_IMG_5683.jpg\"\n                    width=\"100\"\n                    height=\"75\"\n                    style=\"max-width:100%;\"\n                \/>\n            <\/a>\n        <\/div>\n\t\t\t\t\t\t\t<\/div> \n\t\t\t\n        \n\t\t\t\t<div id=\"ngg-image-8\" class=\"ngg-gallery-thumbnail-box\" >\n\t\t\t\t        <div class=\"ngg-gallery-thumbnail\">\n            <a href=\"https:\/\/www.freimarianne.ch\/wp-content\/gallery\/blueme-5-11-2015\/IMG_5688.jpg\"\n               title=\"\"\n               data-src=\"https:\/\/www.freimarianne.ch\/wp-content\/gallery\/blueme-5-11-2015\/IMG_5688.jpg\"\n               data-thumbnail=\"https:\/\/www.freimarianne.ch\/wp-content\/gallery\/blueme-5-11-2015\/thumbs\/thumbs_IMG_5688.jpg\"\n               data-image-id=\"12080\"\n               data-title=\"IMG_5688\"\n               data-description=\"\"\n               data-image-slug=\"img_5688-1\"\n               class=\"shutterset_14590\">\n                <img\n                    title=\"IMG_5688\"\n                    alt=\"IMG_5688\"\n                    src=\"https:\/\/www.freimarianne.ch\/wp-content\/gallery\/blueme-5-11-2015\/thumbs\/thumbs_IMG_5688.jpg\"\n                    width=\"100\"\n                    height=\"75\"\n                    style=\"max-width:100%;\"\n                \/>\n            <\/a>\n        <\/div>\n\t\t\t\t\t\t\t<\/div> \n\t\t\t\n        \n\t\t\t\t<div id=\"ngg-image-9\" class=\"ngg-gallery-thumbnail-box\" >\n\t\t\t\t        <div class=\"ngg-gallery-thumbnail\">\n            <a href=\"https:\/\/www.freimarianne.ch\/wp-content\/gallery\/blueme-5-11-2015\/IMG_5691.jpg\"\n               title=\"\"\n               data-src=\"https:\/\/www.freimarianne.ch\/wp-content\/gallery\/blueme-5-11-2015\/IMG_5691.jpg\"\n               data-thumbnail=\"https:\/\/www.freimarianne.ch\/wp-content\/gallery\/blueme-5-11-2015\/thumbs\/thumbs_IMG_5691.jpg\"\n               data-image-id=\"12081\"\n               data-title=\"IMG_5691\"\n               data-description=\"\"\n               data-image-slug=\"img_5691-1\"\n               class=\"shutterset_14590\">\n                <img\n                    title=\"IMG_5691\"\n                    alt=\"IMG_5691\"\n                    src=\"https:\/\/www.freimarianne.ch\/wp-content\/gallery\/blueme-5-11-2015\/thumbs\/thumbs_IMG_5691.jpg\"\n                    width=\"100\"\n                    height=\"75\"\n                    style=\"max-width:100%;\"\n                \/>\n            <\/a>\n        <\/div>\n\t\t\t\t\t\t\t<\/div> \n\t\t\t\n        \n\t\t\t\t<div id=\"ngg-image-10\" class=\"ngg-gallery-thumbnail-box\" >\n\t\t\t\t        <div class=\"ngg-gallery-thumbnail\">\n            <a href=\"https:\/\/www.freimarianne.ch\/wp-content\/gallery\/blueme-5-11-2015\/IMG_5694.jpg\"\n               title=\"\"\n               data-src=\"https:\/\/www.freimarianne.ch\/wp-content\/gallery\/blueme-5-11-2015\/IMG_5694.jpg\"\n               data-thumbnail=\"https:\/\/www.freimarianne.ch\/wp-content\/gallery\/blueme-5-11-2015\/thumbs\/thumbs_IMG_5694.jpg\"\n               data-image-id=\"12082\"\n               data-title=\"IMG_5694\"\n               data-description=\"\"\n               data-image-slug=\"img_5694\"\n               class=\"shutterset_14590\">\n                <img\n                    title=\"IMG_5694\"\n                    alt=\"IMG_5694\"\n                    src=\"https:\/\/www.freimarianne.ch\/wp-content\/gallery\/blueme-5-11-2015\/thumbs\/thumbs_IMG_5694.jpg\"\n                    width=\"100\"\n                    height=\"75\"\n                    style=\"max-width:100%;\"\n                \/>\n            <\/a>\n        <\/div>\n\t\t\t\t\t\t\t<\/div> \n\t\t\t\n        \n\t\t\t\t<div id=\"ngg-image-11\" class=\"ngg-gallery-thumbnail-box\" >\n\t\t\t\t        <div class=\"ngg-gallery-thumbnail\">\n            <a href=\"https:\/\/www.freimarianne.ch\/wp-content\/gallery\/blueme-5-11-2015\/IMG_5697.jpg\"\n               title=\"\"\n               data-src=\"https:\/\/www.freimarianne.ch\/wp-content\/gallery\/blueme-5-11-2015\/IMG_5697.jpg\"\n               data-thumbnail=\"https:\/\/www.freimarianne.ch\/wp-content\/gallery\/blueme-5-11-2015\/thumbs\/thumbs_IMG_5697.jpg\"\n               data-image-id=\"12083\"\n               data-title=\"IMG_5697\"\n               data-description=\"\"\n               data-image-slug=\"img_5697-1\"\n               class=\"shutterset_14590\">\n                <img\n                    title=\"IMG_5697\"\n                    alt=\"IMG_5697\"\n                    src=\"https:\/\/www.freimarianne.ch\/wp-content\/gallery\/blueme-5-11-2015\/thumbs\/thumbs_IMG_5697.jpg\"\n                    width=\"100\"\n                    height=\"75\"\n                    style=\"max-width:100%;\"\n                \/>\n            <\/a>\n        <\/div>\n\t\t\t\t\t\t\t<\/div> \n\t\t\t\n        \n\t\t\t\t<div id=\"ngg-image-12\" class=\"ngg-gallery-thumbnail-box\" >\n\t\t\t\t        <div class=\"ngg-gallery-thumbnail\">\n            <a href=\"https:\/\/www.freimarianne.ch\/wp-content\/gallery\/blueme-5-11-2015\/IMG_5699.jpg\"\n               title=\"\"\n               data-src=\"https:\/\/www.freimarianne.ch\/wp-content\/gallery\/blueme-5-11-2015\/IMG_5699.jpg\"\n               data-thumbnail=\"https:\/\/www.freimarianne.ch\/wp-content\/gallery\/blueme-5-11-2015\/thumbs\/thumbs_IMG_5699.jpg\"\n               data-image-id=\"12084\"\n               data-title=\"IMG_5699\"\n               data-description=\"\"\n               data-image-slug=\"img_5699-1\"\n               class=\"shutterset_14590\">\n                <img\n                    title=\"IMG_5699\"\n                    alt=\"IMG_5699\"\n                    src=\"https:\/\/www.freimarianne.ch\/wp-content\/gallery\/blueme-5-11-2015\/thumbs\/thumbs_IMG_5699.jpg\"\n                    width=\"100\"\n                    height=\"75\"\n                    style=\"max-width:100%;\"\n                \/>\n            <\/a>\n        <\/div>\n\t\t\t\t\t\t\t<\/div> \n\t\t\t\n        \n\t\t\t\t<div id=\"ngg-image-13\" class=\"ngg-gallery-thumbnail-box\" >\n\t\t\t\t        <div class=\"ngg-gallery-thumbnail\">\n            <a href=\"https:\/\/www.freimarianne.ch\/wp-content\/gallery\/blueme-5-11-2015\/IMG_5702.jpg\"\n               title=\"\"\n               data-src=\"https:\/\/www.freimarianne.ch\/wp-content\/gallery\/blueme-5-11-2015\/IMG_5702.jpg\"\n               data-thumbnail=\"https:\/\/www.freimarianne.ch\/wp-content\/gallery\/blueme-5-11-2015\/thumbs\/thumbs_IMG_5702.jpg\"\n               data-image-id=\"12085\"\n               data-title=\"IMG_5702\"\n               data-description=\"\"\n               data-image-slug=\"img_5702\"\n               class=\"shutterset_14590\">\n                <img\n                    title=\"IMG_5702\"\n                    alt=\"IMG_5702\"\n                    src=\"https:\/\/www.freimarianne.ch\/wp-content\/gallery\/blueme-5-11-2015\/thumbs\/thumbs_IMG_5702.jpg\"\n                    width=\"100\"\n                    height=\"75\"\n                    style=\"max-width:100%;\"\n                \/>\n            <\/a>\n        <\/div>\n\t\t\t\t\t\t\t<\/div> \n\t\t\t\n        \n\t\t\t\t<div id=\"ngg-image-14\" class=\"ngg-gallery-thumbnail-box\" >\n\t\t\t\t        <div class=\"ngg-gallery-thumbnail\">\n            <a href=\"https:\/\/www.freimarianne.ch\/wp-content\/gallery\/blueme-5-11-2015\/IMG_5705.jpg\"\n               title=\"\"\n               data-src=\"https:\/\/www.freimarianne.ch\/wp-content\/gallery\/blueme-5-11-2015\/IMG_5705.jpg\"\n               data-thumbnail=\"https:\/\/www.freimarianne.ch\/wp-content\/gallery\/blueme-5-11-2015\/thumbs\/thumbs_IMG_5705.jpg\"\n               data-image-id=\"12086\"\n               data-title=\"IMG_5705\"\n               data-description=\"\"\n               data-image-slug=\"img_5705-1\"\n               class=\"shutterset_14590\">\n                <img\n                    title=\"IMG_5705\"\n                    alt=\"IMG_5705\"\n                    src=\"https:\/\/www.freimarianne.ch\/wp-content\/gallery\/blueme-5-11-2015\/thumbs\/thumbs_IMG_5705.jpg\"\n                    width=\"100\"\n                    height=\"75\"\n                    style=\"max-width:100%;\"\n                \/>\n            <\/a>\n        <\/div>\n\t\t\t\t\t\t\t<\/div> \n\t\t\t\n        \n\t\t\t\t<div id=\"ngg-image-15\" class=\"ngg-gallery-thumbnail-box\" >\n\t\t\t\t        <div class=\"ngg-gallery-thumbnail\">\n            <a href=\"https:\/\/www.freimarianne.ch\/wp-content\/gallery\/blueme-5-11-2015\/Pano-Blueme-5647-49.jpg\"\n               title=\"\"\n               data-src=\"https:\/\/www.freimarianne.ch\/wp-content\/gallery\/blueme-5-11-2015\/Pano-Blueme-5647-49.jpg\"\n               data-thumbnail=\"https:\/\/www.freimarianne.ch\/wp-content\/gallery\/blueme-5-11-2015\/thumbs\/thumbs_Pano-Blueme-5647-49.jpg\"\n               data-image-id=\"12087\"\n               data-title=\"Pano Blueme 5647-49\"\n               data-description=\"\"\n               data-image-slug=\"pano-blueme-5647-49\"\n               class=\"shutterset_14590\">\n                <img\n                    title=\"Pano Blueme 5647-49\"\n                    alt=\"Pano Blueme 5647-49\"\n                    src=\"https:\/\/www.freimarianne.ch\/wp-content\/gallery\/blueme-5-11-2015\/thumbs\/thumbs_Pano-Blueme-5647-49.jpg\"\n                    width=\"100\"\n                    height=\"75\"\n                    style=\"max-width:100%;\"\n                \/>\n            <\/a>\n        <\/div>\n\t\t\t\t\t\t\t<\/div> \n\t\t\t\n        \n\t\t\n\t\t<!-- Pagination -->\n\t<div class='ngg-clear'><\/div>\t<\/div>\n<\/p>\n","protected":false},"excerpt":{"rendered":"<p>Wanderung von Heiligenschwendi \u00fcber die Blueme nach Schwanden S\u00e4gi Geniessen der wundersch\u00f6nen Herbststimmung Ich fahre von Thun mit dem Bus nach Heiligenschwendi REHA. Im Eggwald steige ich den Wanderweg hinauf auf die obere Waldstrasse. Beim Pkt. 1246m Wolfgrube bei Schw\u00e4ndi &#8211; Alma nehme ich dieses Mal den Pfad steil den Wald hinauf und komme dann [&hellip;]<\/p>\n","protected":false},"author":1,"featured_media":0,"parent":13232,"menu_order":25,"comment_status":"closed","ping_status":"closed","template":"","meta":{"ngg_post_thumbnail":0},"_links":{"self":[{"href":"https:\/\/www.freimarianne.ch\/index.php?rest_route=\/wp\/v2\/pages\/14077"}],"collection":[{"href":"https:\/\/www.freimarianne.ch\/index.php?rest_route=\/wp\/v2\/pages"}],"about":[{"href":"https:\/\/www.freimarianne.ch\/index.php?rest_route=\/wp\/v2\/types\/page"}],"author":[{"embeddable":true,"href":"https:\/\/www.freimarianne.ch\/index.php?rest_route=\/wp\/v2\/users\/1"}],"replies":[{"embeddable":true,"href":"https:\/\/www.freimarianne.ch\/index.php?rest_route=%2Fwp%2Fv2%2Fcomments&post=14077"}],"version-history":[{"count":4,"href":"https:\/\/www.freimarianne.ch\/index.php?rest_route=\/wp\/v2\/pages\/14077\/revisions"}],"predecessor-version":[{"id":14591,"href":"https:\/\/www.freimarianne.ch\/index.php?rest_route=\/wp\/v2\/pages\/14077\/revisions\/14591"}],"up":[{"embeddable":true,"href":"https:\/\/www.freimarianne.ch\/index.php?rest_route=\/wp\/v2\/pages\/13232"}],"wp:attachment":[{"href":"https:\/\/www.freimarianne.ch\/index.php?rest_route=%2Fwp%2Fv2%2Fmedia&parent=14077"}],"curies":[{"name":"wp","href":"https:\/\/api.w.org\/{rel}","templated":true}]}}