{"id":14320,"date":"2015-11-25T08:54:22","date_gmt":"2015-11-25T07:54:22","guid":{"rendered":"http:\/\/www.freimarianne.ch\/?page_id=14320"},"modified":"2015-11-25T09:20:08","modified_gmt":"2015-11-25T08:20:08","slug":"wichselsee-ow-14-11-2015","status":"publish","type":"page","link":"https:\/\/www.freimarianne.ch\/?page_id=14320","title":{"rendered":"Wichselsee   OW   14.11.2015"},"content":{"rendered":"<p><strong>Kleine Wanderung von Alpnachstad nach Sarnen<\/strong><br \/>\n[slideshow_deploy id=&#8217;14337&#8217;&#093;<br \/>\nAlpnachstad 435m 11.45 h bereit, Wir wandern dem Seeufer entlang, das meist einen Schilfg\u00fcrtel aufweist. Der Weg f\u00fchrt dann dem Bach Chli Schliere entlang (kenne ich von Landis, J\u00e4nzi her), Wir queren dann den Bach und befinden uns nun im  Gebiet des Hinter St\u00e4derried (Einfluss der Sarner  Aa und das Auengebiet der Chli Schliere) das am Seeufer  etliche Halbinseln bildet. Beim Zufluss der Sarner  Aa in den Alpnachersee f\u00fchrt eine kleine Br\u00fccke \u00fcber  dieselbe und nun wandern wir lange geradeaus dem Fluss entlang. Wir sind hier im Eichried. Sp\u00e4ter wechseln wieder die Seite. Inzwischen haben wir endlich das Flugplatzgel\u00e4nde hinter uns gelassen und befinden uns nun im L\u00e4ngenb\u00fcelried.<br \/>\nNun gehen wir zwischen zwei Flussl\u00e4ufen: Rechts von uns sehen wir das breite steinige Bett der Gross Schliere, das fast ganz ausgetrocknet ist und links pl\u00e4tschert die Sarner Aa.<br \/>\nEndlich erreichen wir die Staumauer des Wichselsees, wo es auch eine Fischtreppe gibt.<br \/>\nHier im Unt. Etsch  befindet sich eine kleine Anlage mit einer Sitzbank, wo wir uns niederlassen und den Sonnenschein und das Mittagessen geniessen. Dann machen wir uns wieder auf den Weg dem Seeufer entlang. Der Wichselsee ist ein vertr\u00e4umter  See ( Stausee 1955 entstanden)  und  geh\u00f6rt ganz den Tieren ( Naturschutzgebiet). Der folgende Wegabschnitt ist unangenehm ( Autobahn, Industriegebiet).<br \/>\nAber der Wanderweg der Sarner Aa entlang bringt uns  direkt in den Ort Sarnen hinein. Am Bahnhof (wo wegen Bauarbeiten keine Z\u00fcge fahren) k\u00f6nnen wir einen Bus besteigen, der uns nach Giswil bringt. Dort wartet die Br\u00fcnigbahn auf uns!<br \/>\nZum Abschluss des Tages geniessen wir eine sch\u00f6ne Fahrt bei guten Wetter \u00fcber den Br\u00fcnig &#8211; Meinringen &#8211; Interlaken Ost.<br \/>\n WIr sind ca. 2  h 30 min gewandert.<\/p>\n","protected":false},"excerpt":{"rendered":"<p>Kleine Wanderung von Alpnachstad nach Sarnen Alpnachstad 435m 11.45 h bereit, Wir wandern dem Seeufer entlang, das meist einen Schilfg\u00fcrtel aufweist. Der Weg f\u00fchrt dann dem Bach Chli Schliere entlang (kenne ich von Landis, J\u00e4nzi her), Wir queren dann den Bach und befinden uns nun im Gebiet des Hinter St\u00e4derried (Einfluss der Sarner Aa und [&hellip;]<\/p>\n","protected":false},"author":1,"featured_media":0,"parent":13232,"menu_order":29,"comment_status":"closed","ping_status":"closed","template":"","meta":{"ngg_post_thumbnail":0},"_links":{"self":[{"href":"https:\/\/www.freimarianne.ch\/index.php?rest_route=\/wp\/v2\/pages\/14320"}],"collection":[{"href":"https:\/\/www.freimarianne.ch\/index.php?rest_route=\/wp\/v2\/pages"}],"about":[{"href":"https:\/\/www.freimarianne.ch\/index.php?rest_route=\/wp\/v2\/types\/page"}],"author":[{"embeddable":true,"href":"https:\/\/www.freimarianne.ch\/index.php?rest_route=\/wp\/v2\/users\/1"}],"replies":[{"embeddable":true,"href":"https:\/\/www.freimarianne.ch\/index.php?rest_route=%2Fwp%2Fv2%2Fcomments&post=14320"}],"version-history":[{"count":3,"href":"https:\/\/www.freimarianne.ch\/index.php?rest_route=\/wp\/v2\/pages\/14320\/revisions"}],"predecessor-version":[{"id":14339,"href":"https:\/\/www.freimarianne.ch\/index.php?rest_route=\/wp\/v2\/pages\/14320\/revisions\/14339"}],"up":[{"embeddable":true,"href":"https:\/\/www.freimarianne.ch\/index.php?rest_route=\/wp\/v2\/pages\/13232"}],"wp:attachment":[{"href":"https:\/\/www.freimarianne.ch\/index.php?rest_route=%2Fwp%2Fv2%2Fmedia&parent=14320"}],"curies":[{"name":"wp","href":"https:\/\/api.w.org\/{rel}","templated":true}]}}