{"id":14322,"date":"2015-11-25T08:56:08","date_gmt":"2015-11-25T07:56:08","guid":{"rendered":"http:\/\/www.freimarianne.ch\/?page_id=14322"},"modified":"2015-12-31T10:44:55","modified_gmt":"2015-12-31T09:44:55","slug":"stockhorn-seen-be-19-11-2015","status":"publish","type":"page","link":"https:\/\/www.freimarianne.ch\/?page_id=14322","title":{"rendered":"Stockhorn Seen  BE  19.11.2015"},"content":{"rendered":"<p><strong>Bergwanderung von der Mittelstation Chrindi aus\u00a0 zu den beiden Seen<\/strong><\/p>\n<p><img loading=\"lazy\" class=\"alignleft size-full wp-image-14331\" src=\"http:\/\/www.freimarianne.ch\/wp-content\/uploads\/2015\/11\/IMG_6014_stockhorn_500.jpg\" alt=\"IMG_6014_stockhorn_500\" width=\"500\" height=\"333\" srcset=\"https:\/\/www.freimarianne.ch\/wp-content\/uploads\/2015\/11\/IMG_6014_stockhorn_500.jpg 500w, https:\/\/www.freimarianne.ch\/wp-content\/uploads\/2015\/11\/IMG_6014_stockhorn_500-300x200.jpg 300w, https:\/\/www.freimarianne.ch\/wp-content\/uploads\/2015\/11\/IMG_6014_stockhorn_500-450x300.jpg 450w\" sizes=\"(max-width: 500px) 100vw, 500px\" \/><\/p>\n<p>Diese Wanderung wird wohl die letzte Herbstwanderung sein. Wir wollen noch vom letzten sch\u00f6nen Tag vor dem Wetterumsturz profitieren! Wir fahren von Erlenbach im Simmental mit der Seilbahn hinauf auf die Mittelstation Chrindi und begeben uns gleich auf den Weg, der n\u00f6rdlich der Mieschflue oberhalb des Hinterstockensees verl\u00e4uft. Durch einige Tunnels gelangen wir zum Seeende und steigen auf dem Weg in Richtung Vorderstocken in die H\u00f6he. Beim Pkt. 1764m w\u00e4hlen wir den Weg dem steilen Abhang des Cheibenhorns entlang. Oberhalb der Alpgeb\u00e4ude in Vorderstocken 1787m wandern wir hin\u00fcber zum Speetb\u00e4rgli, von wo aus wir auf den Oberstockensee hinunterblicken k\u00f6nnen. Wir steigen dann zum See hinunter und umrunden ihn teilweise.Wir steigen dann hinauf zur Schwaderei ( Bergwald) und machen dann im Zwischental einen Mittagshalt.Wir umgehen den Hinterstockensee auf seiner s\u00fcdlichen Seite, um wieder zum Ausgangspunkt Chrindi zu gelangen. Von hier aus steigen wir auf einem groben steilen Bergweg zwischen der Mieschflue und Walpersbergflue hinunter zur Alp Oberchlusi 1311m, wo wir auf einer Bank vor einer Alph\u00fctte einen kurzen Halt einschalten, um die Sonne zu geniessen. Weiter geht es steil hinunter nach Unterchl\u00fcsi 1147m. Wir nehmen dann den Weg links durch den Talwald nach Ascher 942m und Richtung Tal und weiter hinunter nach Erlenbach. Gl\u00fccklicherweise gibt es nach einem kurzen Strassenabschnitt wieder einen Wanderweg durch die Wiesen hinunter ins Dorf.<\/p>\n<p>Laut Swissmap:<br \/>\nDistanz: 10.5km; Aufstieg: 431m; Abstieg: 1364m; Marschzeit: 4 h<br \/>\nWir waren von 10.00 h bis 14. 45 h unterwegs<\/p>\n<p><!-- index.php -->\n<div\n\tclass=\"ngg-galleryoverview ngg-ajax-pagination-none\"\n\tid=\"ngg-gallery-14825-1\">\n\n    \t<div class=\"slideshowlink\">\n        <a href='https:\/\/www.freimarianne.ch\/index.php\/nggallery\/slideshow?page_id=14322'>[Show as slideshow]<\/a>\n\t\t\n\t<\/div>\n\t\t\t<!-- Thumbnails -->\n\t\t\t\t<div id=\"ngg-image-0\" class=\"ngg-gallery-thumbnail-box\" >\n\t\t\t\t        <div class=\"ngg-gallery-thumbnail\">\n            <a href=\"https:\/\/www.freimarianne.ch\/wp-content\/gallery\/stockhornseen-19-11-15\/IMG_6000.jpg\"\n               title=\"\"\n               data-src=\"https:\/\/www.freimarianne.ch\/wp-content\/gallery\/stockhornseen-19-11-15\/IMG_6000.jpg\"\n               data-thumbnail=\"https:\/\/www.freimarianne.ch\/wp-content\/gallery\/stockhornseen-19-11-15\/thumbs\/thumbs_IMG_6000.jpg\"\n               data-image-id=\"12198\"\n               data-title=\"IMG_6000\"\n               data-description=\"\"\n               data-image-slug=\"img_6000-3\"\n               class=\"shutterset_14825\">\n                <img\n                    title=\"IMG_6000\"\n                    alt=\"IMG_6000\"\n                    src=\"https:\/\/www.freimarianne.ch\/wp-content\/gallery\/stockhornseen-19-11-15\/thumbs\/thumbs_IMG_6000.jpg\"\n                    width=\"100\"\n                    height=\"75\"\n                    style=\"max-width:100%;\"\n                \/>\n            <\/a>\n        <\/div>\n\t\t\t\t\t\t\t<\/div> \n\t\t\t\n        \n\t\t\t\t<div id=\"ngg-image-1\" class=\"ngg-gallery-thumbnail-box\" >\n\t\t\t\t        <div class=\"ngg-gallery-thumbnail\">\n            <a href=\"https:\/\/www.freimarianne.ch\/wp-content\/gallery\/stockhornseen-19-11-15\/IMG_6002.jpg\"\n               title=\"\"\n               data-src=\"https:\/\/www.freimarianne.ch\/wp-content\/gallery\/stockhornseen-19-11-15\/IMG_6002.jpg\"\n               data-thumbnail=\"https:\/\/www.freimarianne.ch\/wp-content\/gallery\/stockhornseen-19-11-15\/thumbs\/thumbs_IMG_6002.jpg\"\n               data-image-id=\"12199\"\n               data-title=\"IMG_6002\"\n               data-description=\"\"\n               data-image-slug=\"img_6002-1\"\n               class=\"shutterset_14825\">\n                <img\n                    title=\"IMG_6002\"\n                    alt=\"IMG_6002\"\n                    src=\"https:\/\/www.freimarianne.ch\/wp-content\/gallery\/stockhornseen-19-11-15\/thumbs\/thumbs_IMG_6002.jpg\"\n                    width=\"100\"\n                    height=\"75\"\n                    style=\"max-width:100%;\"\n                \/>\n            <\/a>\n        <\/div>\n\t\t\t\t\t\t\t<\/div> \n\t\t\t\n        \n\t\t\t\t<div id=\"ngg-image-2\" class=\"ngg-gallery-thumbnail-box\" >\n\t\t\t\t        <div class=\"ngg-gallery-thumbnail\">\n            <a href=\"https:\/\/www.freimarianne.ch\/wp-content\/gallery\/stockhornseen-19-11-15\/IMG_6005.jpg\"\n               title=\"\"\n               data-src=\"https:\/\/www.freimarianne.ch\/wp-content\/gallery\/stockhornseen-19-11-15\/IMG_6005.jpg\"\n               data-thumbnail=\"https:\/\/www.freimarianne.ch\/wp-content\/gallery\/stockhornseen-19-11-15\/thumbs\/thumbs_IMG_6005.jpg\"\n               data-image-id=\"12200\"\n               data-title=\"IMG_6005\"\n               data-description=\"\"\n               data-image-slug=\"img_6005-1\"\n               class=\"shutterset_14825\">\n                <img\n                    title=\"IMG_6005\"\n                    alt=\"IMG_6005\"\n                    src=\"https:\/\/www.freimarianne.ch\/wp-content\/gallery\/stockhornseen-19-11-15\/thumbs\/thumbs_IMG_6005.jpg\"\n                    width=\"100\"\n                    height=\"75\"\n                    style=\"max-width:100%;\"\n                \/>\n            <\/a>\n        <\/div>\n\t\t\t\t\t\t\t<\/div> \n\t\t\t\n        \n\t\t\t\t<div id=\"ngg-image-3\" class=\"ngg-gallery-thumbnail-box\" >\n\t\t\t\t        <div class=\"ngg-gallery-thumbnail\">\n            <a href=\"https:\/\/www.freimarianne.ch\/wp-content\/gallery\/stockhornseen-19-11-15\/IMG_6007.jpg\"\n               title=\"\"\n               data-src=\"https:\/\/www.freimarianne.ch\/wp-content\/gallery\/stockhornseen-19-11-15\/IMG_6007.jpg\"\n               data-thumbnail=\"https:\/\/www.freimarianne.ch\/wp-content\/gallery\/stockhornseen-19-11-15\/thumbs\/thumbs_IMG_6007.jpg\"\n               data-image-id=\"12201\"\n               data-title=\"IMG_6007\"\n               data-description=\"\"\n               data-image-slug=\"img_6007-1\"\n               class=\"shutterset_14825\">\n                <img\n                    title=\"IMG_6007\"\n                    alt=\"IMG_6007\"\n                    src=\"https:\/\/www.freimarianne.ch\/wp-content\/gallery\/stockhornseen-19-11-15\/thumbs\/thumbs_IMG_6007.jpg\"\n                    width=\"100\"\n                    height=\"75\"\n                    style=\"max-width:100%;\"\n                \/>\n            <\/a>\n        <\/div>\n\t\t\t\t\t\t\t<\/div> \n\t\t\t\n        \n\t\t\t\t<div id=\"ngg-image-4\" class=\"ngg-gallery-thumbnail-box\" >\n\t\t\t\t        <div class=\"ngg-gallery-thumbnail\">\n            <a href=\"https:\/\/www.freimarianne.ch\/wp-content\/gallery\/stockhornseen-19-11-15\/IMG_6017.jpg\"\n               title=\"\"\n               data-src=\"https:\/\/www.freimarianne.ch\/wp-content\/gallery\/stockhornseen-19-11-15\/IMG_6017.jpg\"\n               data-thumbnail=\"https:\/\/www.freimarianne.ch\/wp-content\/gallery\/stockhornseen-19-11-15\/thumbs\/thumbs_IMG_6017.jpg\"\n               data-image-id=\"12202\"\n               data-title=\"IMG_6017\"\n               data-description=\"\"\n               data-image-slug=\"img_6017-1\"\n               class=\"shutterset_14825\">\n                <img\n                    title=\"IMG_6017\"\n                    alt=\"IMG_6017\"\n                    src=\"https:\/\/www.freimarianne.ch\/wp-content\/gallery\/stockhornseen-19-11-15\/thumbs\/thumbs_IMG_6017.jpg\"\n                    width=\"100\"\n                    height=\"75\"\n                    style=\"max-width:100%;\"\n                \/>\n            <\/a>\n        <\/div>\n\t\t\t\t\t\t\t<\/div> \n\t\t\t\n        \n\t\t\t\t<div id=\"ngg-image-5\" class=\"ngg-gallery-thumbnail-box\" >\n\t\t\t\t        <div class=\"ngg-gallery-thumbnail\">\n            <a href=\"https:\/\/www.freimarianne.ch\/wp-content\/gallery\/stockhornseen-19-11-15\/IMG_6020.jpg\"\n               title=\"\"\n               data-src=\"https:\/\/www.freimarianne.ch\/wp-content\/gallery\/stockhornseen-19-11-15\/IMG_6020.jpg\"\n               data-thumbnail=\"https:\/\/www.freimarianne.ch\/wp-content\/gallery\/stockhornseen-19-11-15\/thumbs\/thumbs_IMG_6020.jpg\"\n               data-image-id=\"12203\"\n               data-title=\"IMG_6020\"\n               data-description=\"\"\n               data-image-slug=\"img_6020\"\n               class=\"shutterset_14825\">\n                <img\n                    title=\"IMG_6020\"\n                    alt=\"IMG_6020\"\n                    src=\"https:\/\/www.freimarianne.ch\/wp-content\/gallery\/stockhornseen-19-11-15\/thumbs\/thumbs_IMG_6020.jpg\"\n                    width=\"100\"\n                    height=\"75\"\n                    style=\"max-width:100%;\"\n                \/>\n            <\/a>\n        <\/div>\n\t\t\t\t\t\t\t<\/div> \n\t\t\t\n        \n\t\t\t\t<div id=\"ngg-image-6\" class=\"ngg-gallery-thumbnail-box\" >\n\t\t\t\t        <div class=\"ngg-gallery-thumbnail\">\n            <a href=\"https:\/\/www.freimarianne.ch\/wp-content\/gallery\/stockhornseen-19-11-15\/IMG_6023.jpg\"\n               title=\"\"\n               data-src=\"https:\/\/www.freimarianne.ch\/wp-content\/gallery\/stockhornseen-19-11-15\/IMG_6023.jpg\"\n               data-thumbnail=\"https:\/\/www.freimarianne.ch\/wp-content\/gallery\/stockhornseen-19-11-15\/thumbs\/thumbs_IMG_6023.jpg\"\n               data-image-id=\"12204\"\n               data-title=\"IMG_6023\"\n               data-description=\"\"\n               data-image-slug=\"img_6023\"\n               class=\"shutterset_14825\">\n                <img\n                    title=\"IMG_6023\"\n                    alt=\"IMG_6023\"\n                    src=\"https:\/\/www.freimarianne.ch\/wp-content\/gallery\/stockhornseen-19-11-15\/thumbs\/thumbs_IMG_6023.jpg\"\n                    width=\"100\"\n                    height=\"75\"\n                    style=\"max-width:100%;\"\n                \/>\n            <\/a>\n        <\/div>\n\t\t\t\t\t\t\t<\/div> \n\t\t\t\n        \n\t\t\t\t<div id=\"ngg-image-7\" class=\"ngg-gallery-thumbnail-box\" >\n\t\t\t\t        <div class=\"ngg-gallery-thumbnail\">\n            <a href=\"https:\/\/www.freimarianne.ch\/wp-content\/gallery\/stockhornseen-19-11-15\/IMG_6027.jpg\"\n               title=\"\"\n               data-src=\"https:\/\/www.freimarianne.ch\/wp-content\/gallery\/stockhornseen-19-11-15\/IMG_6027.jpg\"\n               data-thumbnail=\"https:\/\/www.freimarianne.ch\/wp-content\/gallery\/stockhornseen-19-11-15\/thumbs\/thumbs_IMG_6027.jpg\"\n               data-image-id=\"12205\"\n               data-title=\"IMG_6027\"\n               data-description=\"\"\n               data-image-slug=\"img_6027-3\"\n               class=\"shutterset_14825\">\n                <img\n                    title=\"IMG_6027\"\n                    alt=\"IMG_6027\"\n                    src=\"https:\/\/www.freimarianne.ch\/wp-content\/gallery\/stockhornseen-19-11-15\/thumbs\/thumbs_IMG_6027.jpg\"\n                    width=\"100\"\n                    height=\"75\"\n                    style=\"max-width:100%;\"\n                \/>\n            <\/a>\n        <\/div>\n\t\t\t\t\t\t\t<\/div> \n\t\t\t\n        \n\t\t\t\t<div id=\"ngg-image-8\" class=\"ngg-gallery-thumbnail-box\" >\n\t\t\t\t        <div class=\"ngg-gallery-thumbnail\">\n            <a href=\"https:\/\/www.freimarianne.ch\/wp-content\/gallery\/stockhornseen-19-11-15\/IMG_6028.jpg\"\n               title=\"\"\n               data-src=\"https:\/\/www.freimarianne.ch\/wp-content\/gallery\/stockhornseen-19-11-15\/IMG_6028.jpg\"\n               data-thumbnail=\"https:\/\/www.freimarianne.ch\/wp-content\/gallery\/stockhornseen-19-11-15\/thumbs\/thumbs_IMG_6028.jpg\"\n               data-image-id=\"12206\"\n               data-title=\"IMG_6028\"\n               data-description=\"\"\n               data-image-slug=\"img_6028-1\"\n               class=\"shutterset_14825\">\n                <img\n                    title=\"IMG_6028\"\n                    alt=\"IMG_6028\"\n                    src=\"https:\/\/www.freimarianne.ch\/wp-content\/gallery\/stockhornseen-19-11-15\/thumbs\/thumbs_IMG_6028.jpg\"\n                    width=\"100\"\n                    height=\"75\"\n                    style=\"max-width:100%;\"\n                \/>\n            <\/a>\n        <\/div>\n\t\t\t\t\t\t\t<\/div> \n\t\t\t\n        \n\t\t\t\t<div id=\"ngg-image-9\" class=\"ngg-gallery-thumbnail-box\" >\n\t\t\t\t        <div class=\"ngg-gallery-thumbnail\">\n            <a href=\"https:\/\/www.freimarianne.ch\/wp-content\/gallery\/stockhornseen-19-11-15\/IMG_6033.jpg\"\n               title=\"\"\n               data-src=\"https:\/\/www.freimarianne.ch\/wp-content\/gallery\/stockhornseen-19-11-15\/IMG_6033.jpg\"\n               data-thumbnail=\"https:\/\/www.freimarianne.ch\/wp-content\/gallery\/stockhornseen-19-11-15\/thumbs\/thumbs_IMG_6033.jpg\"\n               data-image-id=\"12207\"\n               data-title=\"IMG_6033\"\n               data-description=\"\"\n               data-image-slug=\"img_6033\"\n               class=\"shutterset_14825\">\n                <img\n                    title=\"IMG_6033\"\n                    alt=\"IMG_6033\"\n                    src=\"https:\/\/www.freimarianne.ch\/wp-content\/gallery\/stockhornseen-19-11-15\/thumbs\/thumbs_IMG_6033.jpg\"\n                    width=\"100\"\n                    height=\"75\"\n                    style=\"max-width:100%;\"\n                \/>\n            <\/a>\n        <\/div>\n\t\t\t\t\t\t\t<\/div> \n\t\t\t\n        \n\t\t\t\t<div id=\"ngg-image-10\" class=\"ngg-gallery-thumbnail-box\" >\n\t\t\t\t        <div class=\"ngg-gallery-thumbnail\">\n            <a href=\"https:\/\/www.freimarianne.ch\/wp-content\/gallery\/stockhornseen-19-11-15\/IMG_6034.jpg\"\n               title=\"\"\n               data-src=\"https:\/\/www.freimarianne.ch\/wp-content\/gallery\/stockhornseen-19-11-15\/IMG_6034.jpg\"\n               data-thumbnail=\"https:\/\/www.freimarianne.ch\/wp-content\/gallery\/stockhornseen-19-11-15\/thumbs\/thumbs_IMG_6034.jpg\"\n               data-image-id=\"12208\"\n               data-title=\"IMG_6034\"\n               data-description=\"\"\n               data-image-slug=\"img_6034\"\n               class=\"shutterset_14825\">\n                <img\n                    title=\"IMG_6034\"\n                    alt=\"IMG_6034\"\n                    src=\"https:\/\/www.freimarianne.ch\/wp-content\/gallery\/stockhornseen-19-11-15\/thumbs\/thumbs_IMG_6034.jpg\"\n                    width=\"100\"\n                    height=\"75\"\n                    style=\"max-width:100%;\"\n                \/>\n            <\/a>\n        <\/div>\n\t\t\t\t\t\t\t<\/div> \n\t\t\t\n        \n\t\t\t\t<div id=\"ngg-image-11\" class=\"ngg-gallery-thumbnail-box\" >\n\t\t\t\t        <div class=\"ngg-gallery-thumbnail\">\n            <a href=\"https:\/\/www.freimarianne.ch\/wp-content\/gallery\/stockhornseen-19-11-15\/IMG_6038.jpg\"\n               title=\"\"\n               data-src=\"https:\/\/www.freimarianne.ch\/wp-content\/gallery\/stockhornseen-19-11-15\/IMG_6038.jpg\"\n               data-thumbnail=\"https:\/\/www.freimarianne.ch\/wp-content\/gallery\/stockhornseen-19-11-15\/thumbs\/thumbs_IMG_6038.jpg\"\n               data-image-id=\"12209\"\n               data-title=\"IMG_6038\"\n               data-description=\"\"\n               data-image-slug=\"img_6038\"\n               class=\"shutterset_14825\">\n                <img\n                    title=\"IMG_6038\"\n                    alt=\"IMG_6038\"\n                    src=\"https:\/\/www.freimarianne.ch\/wp-content\/gallery\/stockhornseen-19-11-15\/thumbs\/thumbs_IMG_6038.jpg\"\n                    width=\"100\"\n                    height=\"75\"\n                    style=\"max-width:100%;\"\n                \/>\n            <\/a>\n        <\/div>\n\t\t\t\t\t\t\t<\/div> \n\t\t\t\n        \n\t\t\t\t<div id=\"ngg-image-12\" class=\"ngg-gallery-thumbnail-box\" >\n\t\t\t\t        <div class=\"ngg-gallery-thumbnail\">\n            <a href=\"https:\/\/www.freimarianne.ch\/wp-content\/gallery\/stockhornseen-19-11-15\/IMG_6041.jpg\"\n               title=\"\"\n               data-src=\"https:\/\/www.freimarianne.ch\/wp-content\/gallery\/stockhornseen-19-11-15\/IMG_6041.jpg\"\n               data-thumbnail=\"https:\/\/www.freimarianne.ch\/wp-content\/gallery\/stockhornseen-19-11-15\/thumbs\/thumbs_IMG_6041.jpg\"\n               data-image-id=\"12210\"\n               data-title=\"IMG_6041\"\n               data-description=\"\"\n               data-image-slug=\"img_6041\"\n               class=\"shutterset_14825\">\n                <img\n                    title=\"IMG_6041\"\n                    alt=\"IMG_6041\"\n                    src=\"https:\/\/www.freimarianne.ch\/wp-content\/gallery\/stockhornseen-19-11-15\/thumbs\/thumbs_IMG_6041.jpg\"\n                    width=\"100\"\n                    height=\"75\"\n                    style=\"max-width:100%;\"\n                \/>\n            <\/a>\n        <\/div>\n\t\t\t\t\t\t\t<\/div> \n\t\t\t\n        \n\t\t\t\t<div id=\"ngg-image-13\" class=\"ngg-gallery-thumbnail-box\" >\n\t\t\t\t        <div class=\"ngg-gallery-thumbnail\">\n            <a href=\"https:\/\/www.freimarianne.ch\/wp-content\/gallery\/stockhornseen-19-11-15\/IMG_6047.jpg\"\n               title=\"\"\n               data-src=\"https:\/\/www.freimarianne.ch\/wp-content\/gallery\/stockhornseen-19-11-15\/IMG_6047.jpg\"\n               data-thumbnail=\"https:\/\/www.freimarianne.ch\/wp-content\/gallery\/stockhornseen-19-11-15\/thumbs\/thumbs_IMG_6047.jpg\"\n               data-image-id=\"12211\"\n               data-title=\"IMG_6047\"\n               data-description=\"\"\n               data-image-slug=\"img_6047\"\n               class=\"shutterset_14825\">\n                <img\n                    title=\"IMG_6047\"\n                    alt=\"IMG_6047\"\n                    src=\"https:\/\/www.freimarianne.ch\/wp-content\/gallery\/stockhornseen-19-11-15\/thumbs\/thumbs_IMG_6047.jpg\"\n                    width=\"100\"\n                    height=\"75\"\n                    style=\"max-width:100%;\"\n                \/>\n            <\/a>\n        <\/div>\n\t\t\t\t\t\t\t<\/div> \n\t\t\t\n        \n\t\t\t\t<div id=\"ngg-image-14\" class=\"ngg-gallery-thumbnail-box\" >\n\t\t\t\t        <div class=\"ngg-gallery-thumbnail\">\n            <a href=\"https:\/\/www.freimarianne.ch\/wp-content\/gallery\/stockhornseen-19-11-15\/IMG_6048.jpg\"\n               title=\"\"\n               data-src=\"https:\/\/www.freimarianne.ch\/wp-content\/gallery\/stockhornseen-19-11-15\/IMG_6048.jpg\"\n               data-thumbnail=\"https:\/\/www.freimarianne.ch\/wp-content\/gallery\/stockhornseen-19-11-15\/thumbs\/thumbs_IMG_6048.jpg\"\n               data-image-id=\"12212\"\n               data-title=\"IMG_6048\"\n               data-description=\"\"\n               data-image-slug=\"img_6048-1\"\n               class=\"shutterset_14825\">\n                <img\n                    title=\"IMG_6048\"\n                    alt=\"IMG_6048\"\n                    src=\"https:\/\/www.freimarianne.ch\/wp-content\/gallery\/stockhornseen-19-11-15\/thumbs\/thumbs_IMG_6048.jpg\"\n                    width=\"100\"\n                    height=\"75\"\n                    style=\"max-width:100%;\"\n                \/>\n            <\/a>\n        <\/div>\n\t\t\t\t\t\t\t<\/div> \n\t\t\t\n        \n\t\t\t\t<div id=\"ngg-image-15\" class=\"ngg-gallery-thumbnail-box\" >\n\t\t\t\t        <div class=\"ngg-gallery-thumbnail\">\n            <a href=\"https:\/\/www.freimarianne.ch\/wp-content\/gallery\/stockhornseen-19-11-15\/IMG_6051.jpg\"\n               title=\"\"\n               data-src=\"https:\/\/www.freimarianne.ch\/wp-content\/gallery\/stockhornseen-19-11-15\/IMG_6051.jpg\"\n               data-thumbnail=\"https:\/\/www.freimarianne.ch\/wp-content\/gallery\/stockhornseen-19-11-15\/thumbs\/thumbs_IMG_6051.jpg\"\n               data-image-id=\"12213\"\n               data-title=\"IMG_6051\"\n               data-description=\"\"\n               data-image-slug=\"img_6051\"\n               class=\"shutterset_14825\">\n                <img\n                    title=\"IMG_6051\"\n                    alt=\"IMG_6051\"\n                    src=\"https:\/\/www.freimarianne.ch\/wp-content\/gallery\/stockhornseen-19-11-15\/thumbs\/thumbs_IMG_6051.jpg\"\n                    width=\"100\"\n                    height=\"75\"\n                    style=\"max-width:100%;\"\n                \/>\n            <\/a>\n        <\/div>\n\t\t\t\t\t\t\t<\/div> \n\t\t\t\n        \n\t\t\n\t\t<!-- Pagination -->\n\t<div class='ngg-clear'><\/div>\t<\/div>\n<\/p>\n","protected":false},"excerpt":{"rendered":"<p>Bergwanderung von der Mittelstation Chrindi aus\u00a0 zu den beiden Seen Diese Wanderung wird wohl die letzte Herbstwanderung sein. Wir wollen noch vom letzten sch\u00f6nen Tag vor dem Wetterumsturz profitieren! Wir fahren von Erlenbach im Simmental mit der Seilbahn hinauf auf die Mittelstation Chrindi und begeben uns gleich auf den Weg, der n\u00f6rdlich der Mieschflue oberhalb [&hellip;]<\/p>\n","protected":false},"author":1,"featured_media":0,"parent":13232,"menu_order":30,"comment_status":"closed","ping_status":"closed","template":"","meta":{"ngg_post_thumbnail":0},"_links":{"self":[{"href":"https:\/\/www.freimarianne.ch\/index.php?rest_route=\/wp\/v2\/pages\/14322"}],"collection":[{"href":"https:\/\/www.freimarianne.ch\/index.php?rest_route=\/wp\/v2\/pages"}],"about":[{"href":"https:\/\/www.freimarianne.ch\/index.php?rest_route=\/wp\/v2\/types\/page"}],"author":[{"embeddable":true,"href":"https:\/\/www.freimarianne.ch\/index.php?rest_route=\/wp\/v2\/users\/1"}],"replies":[{"embeddable":true,"href":"https:\/\/www.freimarianne.ch\/index.php?rest_route=%2Fwp%2Fv2%2Fcomments&post=14322"}],"version-history":[{"count":9,"href":"https:\/\/www.freimarianne.ch\/index.php?rest_route=\/wp\/v2\/pages\/14322\/revisions"}],"predecessor-version":[{"id":14826,"href":"https:\/\/www.freimarianne.ch\/index.php?rest_route=\/wp\/v2\/pages\/14322\/revisions\/14826"}],"up":[{"embeddable":true,"href":"https:\/\/www.freimarianne.ch\/index.php?rest_route=\/wp\/v2\/pages\/13232"}],"wp:attachment":[{"href":"https:\/\/www.freimarianne.ch\/index.php?rest_route=%2Fwp%2Fv2%2Fmedia&parent=14322"}],"curies":[{"name":"wp","href":"https:\/\/api.w.org\/{rel}","templated":true}]}}