{"id":14843,"date":"2015-12-31T11:07:24","date_gmt":"2015-12-31T10:07:24","guid":{"rendered":"http:\/\/www.freimarianne.ch\/?page_id=14843"},"modified":"2016-01-02T09:14:45","modified_gmt":"2016-01-02T08:14:45","slug":"lenzerheide-gr-3-12-2015","status":"publish","type":"page","link":"https:\/\/www.freimarianne.ch\/?page_id=14843","title":{"rendered":"Lenzerheide  GR  3.12.2015"},"content":{"rendered":"<p><strong>Winterwanderung auf der Lenzerheide<\/strong><\/p>\n<p><img loading=\"lazy\" class=\"alignleft size-full wp-image-14873\" src=\"http:\/\/www.freimarianne.ch\/wp-content\/uploads\/2015\/12\/IMG_6079_lenzerh_500.jpg\" alt=\"IMG_6079_lenzerh_500\" width=\"500\" height=\"333\" srcset=\"https:\/\/www.freimarianne.ch\/wp-content\/uploads\/2015\/12\/IMG_6079_lenzerh_500.jpg 500w, https:\/\/www.freimarianne.ch\/wp-content\/uploads\/2015\/12\/IMG_6079_lenzerh_500-300x200.jpg 300w, https:\/\/www.freimarianne.ch\/wp-content\/uploads\/2015\/12\/IMG_6079_lenzerh_500-450x300.jpg 450w\" sizes=\"(max-width: 500px) 100vw, 500px\" \/><\/p>\n<p>Auf der Lenzerheide herrscht schon Winter! Der Heidsee ist bereits gefroren &#8211; es wird keine Fotos mit weissen Bergen und blauem See geben!<br \/>\nIch m\u00f6chte heute eine H\u00f6henwanderung \u00fcber dem Heidsee machen, die nun eben schon eine Winterwanderung ist. Ich gehe von Lenzerheide Post zum Schulhaus hin\u00fcber und folge dem B\u00e4chlein bis zum Seedamm, \u00fcber den ich \u00fcberquere. Mit M\u00fche finde ich dann den Einstieg in den gesuchten Wanderweg bei der Busstation Fadail ( besser w\u00e4re mit dem Sportbus hierher zu fahren!).<br \/>\nIch folge dem Weg hinauf zum Bauernhof und muss noch etwas weiter hinaufsteigen bis zur Wegverzweigung. Ich gehe links in Richtung Spoina, das ich \u00fcber einen sch\u00f6nen Waldweg erreiche. Ab hier senkt sich der Winterwanderweg, was mich etwas st\u00f6rt. Daher nehme ich die Spur des Sommerwegs, die mich zu einem sch\u00f6nen Pl\u00e4tzchen f\u00fcr die Mittagsrast bringt. Ich muss dann aber meine Spur wieder korrigieren und komme wieder auf den ausgeschilderten (rosa Stecken) Weg und zum Haus bei Pkt 1721m. Ich erreiche dann die Skiliftstation Val Schameala 1743m, wo es keine rosa Stecken mehr gibt !<br \/>\nDa noch kein Skibetrieb herrscht, steige ich auf der Piste auf und quere den Abhang der Cresta Sartons hin\u00fcber\u00a0 zum St\u00e4tzerhorn Skigebiet. Ich folge dem Wanderweg ( keine rosa Stecken ) hinunter nach Sartons und finde sogar wieder einen Winterwanderweg, der mich hinunter zur Strasse bringt.<br \/>\nHier weiss ich nicht, ob ich rechts oder links gehen soll. Ich gehe rechts hinauf und in eine Quartierstrasse hinein ( Sackgasse) der ich bis zum Ende folge.<br \/>\nZum Gl\u00fcck gibt es von dort einen WiWa We hinunter nach Canols 1520m.<br \/>\nDa ich dem See entlang wandern m\u00f6chte, nehme ich das St\u00fcck Strasse in Kauf, komme beim Ferienhaus Casoja ( hier war ich einmal drei Wochen in der Haushaltschule !!).So gelange ich zum Wanderweg am See. Weil ich den Bus um 14.23 h erreichen m\u00f6chte, beeile ich mich ein wenig und gehe dem See entlang zur Postautostation Rothorn, wo der Bus um 14.25h f\u00e4hrt.<\/p>\n<p>Laut Schweizmobil:<br \/>\nDistanz: 11.37km; Aufstieg: 384m; Abstieg: 373m; Marschzeit: 3 h 11 min<\/p>\n<p><!-- index.php -->\n<div\n\tclass=\"ngg-galleryoverview ngg-ajax-pagination-none\"\n\tid=\"ngg-gallery-15284-1\">\n\n    \t<div class=\"slideshowlink\">\n        <a href='https:\/\/www.freimarianne.ch\/index.php\/nggallery\/slideshow?page_id=14843'>[Show as slideshow]<\/a>\n\t\t\n\t<\/div>\n\t\t\t<!-- Thumbnails -->\n\t\t\t\t<div id=\"ngg-image-0\" class=\"ngg-gallery-thumbnail-box\" >\n\t\t\t\t        <div class=\"ngg-gallery-thumbnail\">\n            <a href=\"https:\/\/www.freimarianne.ch\/wp-content\/gallery\/lenzerheide-3-12-15\/IMG_6054.jpg\"\n               title=\"\"\n               data-src=\"https:\/\/www.freimarianne.ch\/wp-content\/gallery\/lenzerheide-3-12-15\/IMG_6054.jpg\"\n               data-thumbnail=\"https:\/\/www.freimarianne.ch\/wp-content\/gallery\/lenzerheide-3-12-15\/thumbs\/thumbs_IMG_6054.jpg\"\n               data-image-id=\"12214\"\n               data-title=\"IMG_6054\"\n               data-description=\"\"\n               data-image-slug=\"img_6054\"\n               class=\"shutterset_15284\">\n                <img\n                    title=\"IMG_6054\"\n                    alt=\"IMG_6054\"\n                    src=\"https:\/\/www.freimarianne.ch\/wp-content\/gallery\/lenzerheide-3-12-15\/thumbs\/thumbs_IMG_6054.jpg\"\n                    width=\"100\"\n                    height=\"75\"\n                    style=\"max-width:100%;\"\n                \/>\n            <\/a>\n        <\/div>\n\t\t\t\t\t\t\t<\/div> \n\t\t\t\n        \n\t\t\t\t<div id=\"ngg-image-1\" class=\"ngg-gallery-thumbnail-box\" >\n\t\t\t\t        <div class=\"ngg-gallery-thumbnail\">\n            <a href=\"https:\/\/www.freimarianne.ch\/wp-content\/gallery\/lenzerheide-3-12-15\/IMG_6061.jpg\"\n               title=\"\"\n               data-src=\"https:\/\/www.freimarianne.ch\/wp-content\/gallery\/lenzerheide-3-12-15\/IMG_6061.jpg\"\n               data-thumbnail=\"https:\/\/www.freimarianne.ch\/wp-content\/gallery\/lenzerheide-3-12-15\/thumbs\/thumbs_IMG_6061.jpg\"\n               data-image-id=\"12215\"\n               data-title=\"IMG_6061\"\n               data-description=\"\"\n               data-image-slug=\"img_6061\"\n               class=\"shutterset_15284\">\n                <img\n                    title=\"IMG_6061\"\n                    alt=\"IMG_6061\"\n                    src=\"https:\/\/www.freimarianne.ch\/wp-content\/gallery\/lenzerheide-3-12-15\/thumbs\/thumbs_IMG_6061.jpg\"\n                    width=\"100\"\n                    height=\"75\"\n                    style=\"max-width:100%;\"\n                \/>\n            <\/a>\n        <\/div>\n\t\t\t\t\t\t\t<\/div> \n\t\t\t\n        \n\t\t\t\t<div id=\"ngg-image-2\" class=\"ngg-gallery-thumbnail-box\" >\n\t\t\t\t        <div class=\"ngg-gallery-thumbnail\">\n            <a href=\"https:\/\/www.freimarianne.ch\/wp-content\/gallery\/lenzerheide-3-12-15\/IMG_6063.jpg\"\n               title=\"\"\n               data-src=\"https:\/\/www.freimarianne.ch\/wp-content\/gallery\/lenzerheide-3-12-15\/IMG_6063.jpg\"\n               data-thumbnail=\"https:\/\/www.freimarianne.ch\/wp-content\/gallery\/lenzerheide-3-12-15\/thumbs\/thumbs_IMG_6063.jpg\"\n               data-image-id=\"12216\"\n               data-title=\"IMG_6063\"\n               data-description=\"\"\n               data-image-slug=\"img_6063\"\n               class=\"shutterset_15284\">\n                <img\n                    title=\"IMG_6063\"\n                    alt=\"IMG_6063\"\n                    src=\"https:\/\/www.freimarianne.ch\/wp-content\/gallery\/lenzerheide-3-12-15\/thumbs\/thumbs_IMG_6063.jpg\"\n                    width=\"100\"\n                    height=\"75\"\n                    style=\"max-width:100%;\"\n                \/>\n            <\/a>\n        <\/div>\n\t\t\t\t\t\t\t<\/div> \n\t\t\t\n        \n\t\t\t\t<div id=\"ngg-image-3\" class=\"ngg-gallery-thumbnail-box\" >\n\t\t\t\t        <div class=\"ngg-gallery-thumbnail\">\n            <a href=\"https:\/\/www.freimarianne.ch\/wp-content\/gallery\/lenzerheide-3-12-15\/IMG_6065.jpg\"\n               title=\"\"\n               data-src=\"https:\/\/www.freimarianne.ch\/wp-content\/gallery\/lenzerheide-3-12-15\/IMG_6065.jpg\"\n               data-thumbnail=\"https:\/\/www.freimarianne.ch\/wp-content\/gallery\/lenzerheide-3-12-15\/thumbs\/thumbs_IMG_6065.jpg\"\n               data-image-id=\"12217\"\n               data-title=\"IMG_6065\"\n               data-description=\"\"\n               data-image-slug=\"img_6065\"\n               class=\"shutterset_15284\">\n                <img\n                    title=\"IMG_6065\"\n                    alt=\"IMG_6065\"\n                    src=\"https:\/\/www.freimarianne.ch\/wp-content\/gallery\/lenzerheide-3-12-15\/thumbs\/thumbs_IMG_6065.jpg\"\n                    width=\"100\"\n                    height=\"75\"\n                    style=\"max-width:100%;\"\n                \/>\n            <\/a>\n        <\/div>\n\t\t\t\t\t\t\t<\/div> \n\t\t\t\n        \n\t\t\t\t<div id=\"ngg-image-4\" class=\"ngg-gallery-thumbnail-box\" >\n\t\t\t\t        <div class=\"ngg-gallery-thumbnail\">\n            <a href=\"https:\/\/www.freimarianne.ch\/wp-content\/gallery\/lenzerheide-3-12-15\/IMG_6081.jpg\"\n               title=\"\"\n               data-src=\"https:\/\/www.freimarianne.ch\/wp-content\/gallery\/lenzerheide-3-12-15\/IMG_6081.jpg\"\n               data-thumbnail=\"https:\/\/www.freimarianne.ch\/wp-content\/gallery\/lenzerheide-3-12-15\/thumbs\/thumbs_IMG_6081.jpg\"\n               data-image-id=\"12218\"\n               data-title=\"IMG_6081\"\n               data-description=\"\"\n               data-image-slug=\"img_6081\"\n               class=\"shutterset_15284\">\n                <img\n                    title=\"IMG_6081\"\n                    alt=\"IMG_6081\"\n                    src=\"https:\/\/www.freimarianne.ch\/wp-content\/gallery\/lenzerheide-3-12-15\/thumbs\/thumbs_IMG_6081.jpg\"\n                    width=\"100\"\n                    height=\"75\"\n                    style=\"max-width:100%;\"\n                \/>\n            <\/a>\n        <\/div>\n\t\t\t\t\t\t\t<\/div> \n\t\t\t\n        \n\t\t\t\t<div id=\"ngg-image-5\" class=\"ngg-gallery-thumbnail-box\" >\n\t\t\t\t        <div class=\"ngg-gallery-thumbnail\">\n            <a href=\"https:\/\/www.freimarianne.ch\/wp-content\/gallery\/lenzerheide-3-12-15\/IMG_6085.jpg\"\n               title=\"\"\n               data-src=\"https:\/\/www.freimarianne.ch\/wp-content\/gallery\/lenzerheide-3-12-15\/IMG_6085.jpg\"\n               data-thumbnail=\"https:\/\/www.freimarianne.ch\/wp-content\/gallery\/lenzerheide-3-12-15\/thumbs\/thumbs_IMG_6085.jpg\"\n               data-image-id=\"12219\"\n               data-title=\"IMG_6085\"\n               data-description=\"\"\n               data-image-slug=\"img_6085-3\"\n               class=\"shutterset_15284\">\n                <img\n                    title=\"IMG_6085\"\n                    alt=\"IMG_6085\"\n                    src=\"https:\/\/www.freimarianne.ch\/wp-content\/gallery\/lenzerheide-3-12-15\/thumbs\/thumbs_IMG_6085.jpg\"\n                    width=\"100\"\n                    height=\"75\"\n                    style=\"max-width:100%;\"\n                \/>\n            <\/a>\n        <\/div>\n\t\t\t\t\t\t\t<\/div> \n\t\t\t\n        \n\t\t\t\t<div id=\"ngg-image-6\" class=\"ngg-gallery-thumbnail-box\" >\n\t\t\t\t        <div class=\"ngg-gallery-thumbnail\">\n            <a href=\"https:\/\/www.freimarianne.ch\/wp-content\/gallery\/lenzerheide-3-12-15\/IMG_6086.jpg\"\n               title=\"\"\n               data-src=\"https:\/\/www.freimarianne.ch\/wp-content\/gallery\/lenzerheide-3-12-15\/IMG_6086.jpg\"\n               data-thumbnail=\"https:\/\/www.freimarianne.ch\/wp-content\/gallery\/lenzerheide-3-12-15\/thumbs\/thumbs_IMG_6086.jpg\"\n               data-image-id=\"12220\"\n               data-title=\"IMG_6086\"\n               data-description=\"\"\n               data-image-slug=\"img_6086\"\n               class=\"shutterset_15284\">\n                <img\n                    title=\"IMG_6086\"\n                    alt=\"IMG_6086\"\n                    src=\"https:\/\/www.freimarianne.ch\/wp-content\/gallery\/lenzerheide-3-12-15\/thumbs\/thumbs_IMG_6086.jpg\"\n                    width=\"100\"\n                    height=\"75\"\n                    style=\"max-width:100%;\"\n                \/>\n            <\/a>\n        <\/div>\n\t\t\t\t\t\t\t<\/div> \n\t\t\t\n        \n\t\t\t\t<div id=\"ngg-image-7\" class=\"ngg-gallery-thumbnail-box\" >\n\t\t\t\t        <div class=\"ngg-gallery-thumbnail\">\n            <a href=\"https:\/\/www.freimarianne.ch\/wp-content\/gallery\/lenzerheide-3-12-15\/IMG_6087.jpg\"\n               title=\"\"\n               data-src=\"https:\/\/www.freimarianne.ch\/wp-content\/gallery\/lenzerheide-3-12-15\/IMG_6087.jpg\"\n               data-thumbnail=\"https:\/\/www.freimarianne.ch\/wp-content\/gallery\/lenzerheide-3-12-15\/thumbs\/thumbs_IMG_6087.jpg\"\n               data-image-id=\"12221\"\n               data-title=\"IMG_6087\"\n               data-description=\"\"\n               data-image-slug=\"img_6087\"\n               class=\"shutterset_15284\">\n                <img\n                    title=\"IMG_6087\"\n                    alt=\"IMG_6087\"\n                    src=\"https:\/\/www.freimarianne.ch\/wp-content\/gallery\/lenzerheide-3-12-15\/thumbs\/thumbs_IMG_6087.jpg\"\n                    width=\"100\"\n                    height=\"75\"\n                    style=\"max-width:100%;\"\n                \/>\n            <\/a>\n        <\/div>\n\t\t\t\t\t\t\t<\/div> \n\t\t\t\n        \n\t\t\n\t\t<!-- Pagination -->\n\t<div class='ngg-clear'><\/div>\t<\/div>\n<\/p>\n","protected":false},"excerpt":{"rendered":"<p>Winterwanderung auf der Lenzerheide Auf der Lenzerheide herrscht schon Winter! Der Heidsee ist bereits gefroren &#8211; es wird keine Fotos mit weissen Bergen und blauem See geben! Ich m\u00f6chte heute eine H\u00f6henwanderung \u00fcber dem Heidsee machen, die nun eben schon eine Winterwanderung ist. Ich gehe von Lenzerheide Post zum Schulhaus hin\u00fcber und folge dem B\u00e4chlein [&hellip;]<\/p>\n","protected":false},"author":1,"featured_media":0,"parent":14834,"menu_order":1,"comment_status":"closed","ping_status":"closed","template":"","meta":{"ngg_post_thumbnail":0},"_links":{"self":[{"href":"https:\/\/www.freimarianne.ch\/index.php?rest_route=\/wp\/v2\/pages\/14843"}],"collection":[{"href":"https:\/\/www.freimarianne.ch\/index.php?rest_route=\/wp\/v2\/pages"}],"about":[{"href":"https:\/\/www.freimarianne.ch\/index.php?rest_route=\/wp\/v2\/types\/page"}],"author":[{"embeddable":true,"href":"https:\/\/www.freimarianne.ch\/index.php?rest_route=\/wp\/v2\/users\/1"}],"replies":[{"embeddable":true,"href":"https:\/\/www.freimarianne.ch\/index.php?rest_route=%2Fwp%2Fv2%2Fcomments&post=14843"}],"version-history":[{"count":5,"href":"https:\/\/www.freimarianne.ch\/index.php?rest_route=\/wp\/v2\/pages\/14843\/revisions"}],"predecessor-version":[{"id":15313,"href":"https:\/\/www.freimarianne.ch\/index.php?rest_route=\/wp\/v2\/pages\/14843\/revisions\/15313"}],"up":[{"embeddable":true,"href":"https:\/\/www.freimarianne.ch\/index.php?rest_route=\/wp\/v2\/pages\/14834"}],"wp:attachment":[{"href":"https:\/\/www.freimarianne.ch\/index.php?rest_route=%2Fwp%2Fv2%2Fmedia&parent=14843"}],"curies":[{"name":"wp","href":"https:\/\/api.w.org\/{rel}","templated":true}]}}