{"id":14848,"date":"2015-12-31T11:12:02","date_gmt":"2015-12-31T10:12:02","guid":{"rendered":"http:\/\/www.freimarianne.ch\/?page_id=14848"},"modified":"2016-01-02T09:17:05","modified_gmt":"2016-01-02T08:17:05","slug":"passwang-gebiet-so-6-12-2015","status":"publish","type":"page","link":"https:\/\/www.freimarianne.ch\/?page_id=14848","title":{"rendered":"Passwang Gebiet   SO  6.12.2015"},"content":{"rendered":"<p><strong>Wanderung im Passwanggebiet<\/strong><\/p>\n<p><img loading=\"lazy\" class=\"alignleft size-full wp-image-14875\" src=\"http:\/\/www.freimarianne.ch\/wp-content\/uploads\/2015\/12\/IMG_3928Passwang_500.jpg\" alt=\"IMG_3928Passwang_500\" width=\"500\" height=\"375\" srcset=\"https:\/\/www.freimarianne.ch\/wp-content\/uploads\/2015\/12\/IMG_3928Passwang_500.jpg 500w, https:\/\/www.freimarianne.ch\/wp-content\/uploads\/2015\/12\/IMG_3928Passwang_500-300x225.jpg 300w, https:\/\/www.freimarianne.ch\/wp-content\/uploads\/2015\/12\/IMG_3928Passwang_500-400x300.jpg 400w\" sizes=\"(max-width: 500px) 100vw, 500px\" \/><\/p>\n<p>Ich fahre\u00a0\u00a0 bis Neuh\u00fcsli und gehe &#8211; leider im Schatten &#8211; bis nach Bogental, von wo ich zur Ulmeth\u00f6chi hianufsteige. Von dort gehe ich \u00fcber den Schattberg hin\u00fcber zum Vogelberg. Der enge Durchgang durch den Felsriegel ist bemerkenswert. Vom Vogelberg\u00a0 steige ich zum Grat hinauf und auf demselben hinunter zur Hint. Wasserfallen, wobei bemerkenswert ist, wie schlecht dieser Weg instandgestellt ist.<\/p>\n<p>Von der Wasserfallen folge ich den Wanderwegzeichen hinunter nach Reigoldswil, wobei ich durch das Schelmenloch komme. Die vielen Treppen tun meinen Knien nicht sehr gut. Ich bin froh. als ich endlich im Dorf unten ankomme.<\/p>\n<p>&nbsp;<\/p>\n<p><!-- index.php -->\n<div\n\tclass=\"ngg-galleryoverview ngg-ajax-pagination-none\"\n\tid=\"ngg-gallery-15288-1\">\n\n    \t<div class=\"slideshowlink\">\n        <a href='https:\/\/www.freimarianne.ch\/index.php\/nggallery\/slideshow?page_id=14848'>[Show as slideshow]<\/a>\n\t\t\n\t<\/div>\n\t\t\t<!-- Thumbnails -->\n\t\t\t\t<div id=\"ngg-image-0\" class=\"ngg-gallery-thumbnail-box\" >\n\t\t\t\t        <div class=\"ngg-gallery-thumbnail\">\n            <a href=\"https:\/\/www.freimarianne.ch\/wp-content\/gallery\/passwang-6-12-15\/IMG_3910.jpg\"\n               title=\"\"\n               data-src=\"https:\/\/www.freimarianne.ch\/wp-content\/gallery\/passwang-6-12-15\/IMG_3910.jpg\"\n               data-thumbnail=\"https:\/\/www.freimarianne.ch\/wp-content\/gallery\/passwang-6-12-15\/thumbs\/thumbs_IMG_3910.jpg\"\n               data-image-id=\"12231\"\n               data-title=\"IMG_3910\"\n               data-description=\"\"\n               data-image-slug=\"img_3910-1\"\n               class=\"shutterset_15288\">\n                <img\n                    title=\"IMG_3910\"\n                    alt=\"IMG_3910\"\n                    src=\"https:\/\/www.freimarianne.ch\/wp-content\/gallery\/passwang-6-12-15\/thumbs\/thumbs_IMG_3910.jpg\"\n                    width=\"100\"\n                    height=\"75\"\n                    style=\"max-width:100%;\"\n                \/>\n            <\/a>\n        <\/div>\n\t\t\t\t\t\t\t<\/div> \n\t\t\t\n        \n\t\t\t\t<div id=\"ngg-image-1\" class=\"ngg-gallery-thumbnail-box\" >\n\t\t\t\t        <div class=\"ngg-gallery-thumbnail\">\n            <a href=\"https:\/\/www.freimarianne.ch\/wp-content\/gallery\/passwang-6-12-15\/IMG_3916.jpg\"\n               title=\"\"\n               data-src=\"https:\/\/www.freimarianne.ch\/wp-content\/gallery\/passwang-6-12-15\/IMG_3916.jpg\"\n               data-thumbnail=\"https:\/\/www.freimarianne.ch\/wp-content\/gallery\/passwang-6-12-15\/thumbs\/thumbs_IMG_3916.jpg\"\n               data-image-id=\"12232\"\n               data-title=\"IMG_3916\"\n               data-description=\"\"\n               data-image-slug=\"img_3916\"\n               class=\"shutterset_15288\">\n                <img\n                    title=\"IMG_3916\"\n                    alt=\"IMG_3916\"\n                    src=\"https:\/\/www.freimarianne.ch\/wp-content\/gallery\/passwang-6-12-15\/thumbs\/thumbs_IMG_3916.jpg\"\n                    width=\"100\"\n                    height=\"75\"\n                    style=\"max-width:100%;\"\n                \/>\n            <\/a>\n        <\/div>\n\t\t\t\t\t\t\t<\/div> \n\t\t\t\n        \n\t\t\t\t<div id=\"ngg-image-2\" class=\"ngg-gallery-thumbnail-box\" >\n\t\t\t\t        <div class=\"ngg-gallery-thumbnail\">\n            <a href=\"https:\/\/www.freimarianne.ch\/wp-content\/gallery\/passwang-6-12-15\/IMG_3918.jpg\"\n               title=\"\"\n               data-src=\"https:\/\/www.freimarianne.ch\/wp-content\/gallery\/passwang-6-12-15\/IMG_3918.jpg\"\n               data-thumbnail=\"https:\/\/www.freimarianne.ch\/wp-content\/gallery\/passwang-6-12-15\/thumbs\/thumbs_IMG_3918.jpg\"\n               data-image-id=\"12233\"\n               data-title=\"IMG_3918\"\n               data-description=\"\"\n               data-image-slug=\"img_3918\"\n               class=\"shutterset_15288\">\n                <img\n                    title=\"IMG_3918\"\n                    alt=\"IMG_3918\"\n                    src=\"https:\/\/www.freimarianne.ch\/wp-content\/gallery\/passwang-6-12-15\/thumbs\/thumbs_IMG_3918.jpg\"\n                    width=\"100\"\n                    height=\"75\"\n                    style=\"max-width:100%;\"\n                \/>\n            <\/a>\n        <\/div>\n\t\t\t\t\t\t\t<\/div> \n\t\t\t\n        \n\t\t\t\t<div id=\"ngg-image-3\" class=\"ngg-gallery-thumbnail-box\" >\n\t\t\t\t        <div class=\"ngg-gallery-thumbnail\">\n            <a href=\"https:\/\/www.freimarianne.ch\/wp-content\/gallery\/passwang-6-12-15\/IMG_3919.jpg\"\n               title=\"\"\n               data-src=\"https:\/\/www.freimarianne.ch\/wp-content\/gallery\/passwang-6-12-15\/IMG_3919.jpg\"\n               data-thumbnail=\"https:\/\/www.freimarianne.ch\/wp-content\/gallery\/passwang-6-12-15\/thumbs\/thumbs_IMG_3919.jpg\"\n               data-image-id=\"12234\"\n               data-title=\"IMG_3919\"\n               data-description=\"\"\n               data-image-slug=\"img_3919-1\"\n               class=\"shutterset_15288\">\n                <img\n                    title=\"IMG_3919\"\n                    alt=\"IMG_3919\"\n                    src=\"https:\/\/www.freimarianne.ch\/wp-content\/gallery\/passwang-6-12-15\/thumbs\/thumbs_IMG_3919.jpg\"\n                    width=\"100\"\n                    height=\"75\"\n                    style=\"max-width:100%;\"\n                \/>\n            <\/a>\n        <\/div>\n\t\t\t\t\t\t\t<\/div> \n\t\t\t\n        \n\t\t\t\t<div id=\"ngg-image-4\" class=\"ngg-gallery-thumbnail-box\" >\n\t\t\t\t        <div class=\"ngg-gallery-thumbnail\">\n            <a href=\"https:\/\/www.freimarianne.ch\/wp-content\/gallery\/passwang-6-12-15\/IMG_3921.jpg\"\n               title=\"\"\n               data-src=\"https:\/\/www.freimarianne.ch\/wp-content\/gallery\/passwang-6-12-15\/IMG_3921.jpg\"\n               data-thumbnail=\"https:\/\/www.freimarianne.ch\/wp-content\/gallery\/passwang-6-12-15\/thumbs\/thumbs_IMG_3921.jpg\"\n               data-image-id=\"12235\"\n               data-title=\"IMG_3921\"\n               data-description=\"\"\n               data-image-slug=\"img_3921\"\n               class=\"shutterset_15288\">\n                <img\n                    title=\"IMG_3921\"\n                    alt=\"IMG_3921\"\n                    src=\"https:\/\/www.freimarianne.ch\/wp-content\/gallery\/passwang-6-12-15\/thumbs\/thumbs_IMG_3921.jpg\"\n                    width=\"100\"\n                    height=\"75\"\n                    style=\"max-width:100%;\"\n                \/>\n            <\/a>\n        <\/div>\n\t\t\t\t\t\t\t<\/div> \n\t\t\t\n        \n\t\t\t\t<div id=\"ngg-image-5\" class=\"ngg-gallery-thumbnail-box\" >\n\t\t\t\t        <div class=\"ngg-gallery-thumbnail\">\n            <a href=\"https:\/\/www.freimarianne.ch\/wp-content\/gallery\/passwang-6-12-15\/IMG_3922.jpg\"\n               title=\"\"\n               data-src=\"https:\/\/www.freimarianne.ch\/wp-content\/gallery\/passwang-6-12-15\/IMG_3922.jpg\"\n               data-thumbnail=\"https:\/\/www.freimarianne.ch\/wp-content\/gallery\/passwang-6-12-15\/thumbs\/thumbs_IMG_3922.jpg\"\n               data-image-id=\"12236\"\n               data-title=\"IMG_3922\"\n               data-description=\"\"\n               data-image-slug=\"img_3922-1\"\n               class=\"shutterset_15288\">\n                <img\n                    title=\"IMG_3922\"\n                    alt=\"IMG_3922\"\n                    src=\"https:\/\/www.freimarianne.ch\/wp-content\/gallery\/passwang-6-12-15\/thumbs\/thumbs_IMG_3922.jpg\"\n                    width=\"100\"\n                    height=\"75\"\n                    style=\"max-width:100%;\"\n                \/>\n            <\/a>\n        <\/div>\n\t\t\t\t\t\t\t<\/div> \n\t\t\t\n        \n\t\t\t\t<div id=\"ngg-image-6\" class=\"ngg-gallery-thumbnail-box\" >\n\t\t\t\t        <div class=\"ngg-gallery-thumbnail\">\n            <a href=\"https:\/\/www.freimarianne.ch\/wp-content\/gallery\/passwang-6-12-15\/IMG_3925.jpg\"\n               title=\"\"\n               data-src=\"https:\/\/www.freimarianne.ch\/wp-content\/gallery\/passwang-6-12-15\/IMG_3925.jpg\"\n               data-thumbnail=\"https:\/\/www.freimarianne.ch\/wp-content\/gallery\/passwang-6-12-15\/thumbs\/thumbs_IMG_3925.jpg\"\n               data-image-id=\"12237\"\n               data-title=\"IMG_3925\"\n               data-description=\"\"\n               data-image-slug=\"img_3925-3\"\n               class=\"shutterset_15288\">\n                <img\n                    title=\"IMG_3925\"\n                    alt=\"IMG_3925\"\n                    src=\"https:\/\/www.freimarianne.ch\/wp-content\/gallery\/passwang-6-12-15\/thumbs\/thumbs_IMG_3925.jpg\"\n                    width=\"100\"\n                    height=\"75\"\n                    style=\"max-width:100%;\"\n                \/>\n            <\/a>\n        <\/div>\n\t\t\t\t\t\t\t<\/div> \n\t\t\t\n        \n\t\t\t\t<div id=\"ngg-image-7\" class=\"ngg-gallery-thumbnail-box\" >\n\t\t\t\t        <div class=\"ngg-gallery-thumbnail\">\n            <a href=\"https:\/\/www.freimarianne.ch\/wp-content\/gallery\/passwang-6-12-15\/IMG_3927.jpg\"\n               title=\"\"\n               data-src=\"https:\/\/www.freimarianne.ch\/wp-content\/gallery\/passwang-6-12-15\/IMG_3927.jpg\"\n               data-thumbnail=\"https:\/\/www.freimarianne.ch\/wp-content\/gallery\/passwang-6-12-15\/thumbs\/thumbs_IMG_3927.jpg\"\n               data-image-id=\"12238\"\n               data-title=\"IMG_3927\"\n               data-description=\"\"\n               data-image-slug=\"img_3927-1\"\n               class=\"shutterset_15288\">\n                <img\n                    title=\"IMG_3927\"\n                    alt=\"IMG_3927\"\n                    src=\"https:\/\/www.freimarianne.ch\/wp-content\/gallery\/passwang-6-12-15\/thumbs\/thumbs_IMG_3927.jpg\"\n                    width=\"100\"\n                    height=\"75\"\n                    style=\"max-width:100%;\"\n                \/>\n            <\/a>\n        <\/div>\n\t\t\t\t\t\t\t<\/div> \n\t\t\t\n        \n\t\t\t\t<div id=\"ngg-image-8\" class=\"ngg-gallery-thumbnail-box\" >\n\t\t\t\t        <div class=\"ngg-gallery-thumbnail\">\n            <a href=\"https:\/\/www.freimarianne.ch\/wp-content\/gallery\/passwang-6-12-15\/IMG_3930.jpg\"\n               title=\"\"\n               data-src=\"https:\/\/www.freimarianne.ch\/wp-content\/gallery\/passwang-6-12-15\/IMG_3930.jpg\"\n               data-thumbnail=\"https:\/\/www.freimarianne.ch\/wp-content\/gallery\/passwang-6-12-15\/thumbs\/thumbs_IMG_3930.jpg\"\n               data-image-id=\"12239\"\n               data-title=\"IMG_3930\"\n               data-description=\"\"\n               data-image-slug=\"img_3930-1\"\n               class=\"shutterset_15288\">\n                <img\n                    title=\"IMG_3930\"\n                    alt=\"IMG_3930\"\n                    src=\"https:\/\/www.freimarianne.ch\/wp-content\/gallery\/passwang-6-12-15\/thumbs\/thumbs_IMG_3930.jpg\"\n                    width=\"100\"\n                    height=\"75\"\n                    style=\"max-width:100%;\"\n                \/>\n            <\/a>\n        <\/div>\n\t\t\t\t\t\t\t<\/div> \n\t\t\t\n        \n\t\t\n\t\t<!-- Pagination -->\n\t<div class='ngg-clear'><\/div>\t<\/div>\n<\/p>\n","protected":false},"excerpt":{"rendered":"<p>Wanderung im Passwanggebiet Ich fahre\u00a0\u00a0 bis Neuh\u00fcsli und gehe &#8211; leider im Schatten &#8211; bis nach Bogental, von wo ich zur Ulmeth\u00f6chi hianufsteige. Von dort gehe ich \u00fcber den Schattberg hin\u00fcber zum Vogelberg. Der enge Durchgang durch den Felsriegel ist bemerkenswert. Vom Vogelberg\u00a0 steige ich zum Grat hinauf und auf demselben hinunter zur Hint. Wasserfallen, [&hellip;]<\/p>\n","protected":false},"author":1,"featured_media":0,"parent":14834,"menu_order":3,"comment_status":"closed","ping_status":"closed","template":"","meta":{"ngg_post_thumbnail":0},"_links":{"self":[{"href":"https:\/\/www.freimarianne.ch\/index.php?rest_route=\/wp\/v2\/pages\/14848"}],"collection":[{"href":"https:\/\/www.freimarianne.ch\/index.php?rest_route=\/wp\/v2\/pages"}],"about":[{"href":"https:\/\/www.freimarianne.ch\/index.php?rest_route=\/wp\/v2\/types\/page"}],"author":[{"embeddable":true,"href":"https:\/\/www.freimarianne.ch\/index.php?rest_route=\/wp\/v2\/users\/1"}],"replies":[{"embeddable":true,"href":"https:\/\/www.freimarianne.ch\/index.php?rest_route=%2Fwp%2Fv2%2Fcomments&post=14848"}],"version-history":[{"count":4,"href":"https:\/\/www.freimarianne.ch\/index.php?rest_route=\/wp\/v2\/pages\/14848\/revisions"}],"predecessor-version":[{"id":15314,"href":"https:\/\/www.freimarianne.ch\/index.php?rest_route=\/wp\/v2\/pages\/14848\/revisions\/15314"}],"up":[{"embeddable":true,"href":"https:\/\/www.freimarianne.ch\/index.php?rest_route=\/wp\/v2\/pages\/14834"}],"wp:attachment":[{"href":"https:\/\/www.freimarianne.ch\/index.php?rest_route=%2Fwp%2Fv2%2Fmedia&parent=14848"}],"curies":[{"name":"wp","href":"https:\/\/api.w.org\/{rel}","templated":true}]}}