{"id":14852,"date":"2015-12-31T11:16:15","date_gmt":"2015-12-31T10:16:15","guid":{"rendered":"http:\/\/www.freimarianne.ch\/?page_id=14852"},"modified":"2016-01-02T09:26:22","modified_gmt":"2016-01-02T08:26:22","slug":"bad-ragaz-sg-12-12-2015","status":"publish","type":"page","link":"https:\/\/www.freimarianne.ch\/?page_id=14852","title":{"rendered":"Bad Ragaz    SG  12.12.2015"},"content":{"rendered":"<p><strong>Wanderung von Bad Ragaz \u00fcber die Porta Romana nach Landquart<\/strong><\/p>\n<p><img loading=\"lazy\" class=\"alignleft size-full wp-image-14877\" src=\"http:\/\/www.freimarianne.ch\/wp-content\/uploads\/2015\/12\/IMG_4029_ragaz_500.jpg\" alt=\"IMG_4029_ragaz_500\" width=\"500\" height=\"375\" srcset=\"https:\/\/www.freimarianne.ch\/wp-content\/uploads\/2015\/12\/IMG_4029_ragaz_500.jpg 500w, https:\/\/www.freimarianne.ch\/wp-content\/uploads\/2015\/12\/IMG_4029_ragaz_500-300x225.jpg 300w, https:\/\/www.freimarianne.ch\/wp-content\/uploads\/2015\/12\/IMG_4029_ragaz_500-400x300.jpg 400w\" sizes=\"(max-width: 500px) 100vw, 500px\" \/><br \/>\nWir gehen vom Bahnhof  hin\u00fcber zum Giessenpark mit dem gleichnamigen See und  gelangen so durch den sch\u00f6nen Park zu den Thermen Geb\u00e4uden.<br \/>\nVon dort aus  steigen wir steil hinauf durch den Wald zum Durchgang zwischen dem H\u00fcgel der  Ruine  Wartenstein und der Kapelle St. Georg 8. Jht.  Eigentlich h\u00e4tten wir die Kapelle besichtigen  und uns den Aussenaltar  anschauen sollen.<br \/>\nWIr kommen zur Abzweigung nach Pf\u00e4fers, das  im Schatten liegt.  Da wir uns nach der Sonne sehnen, steigen wir den Weg hinunter durch die Rebberge  der  Porta Romana:  eine Kulturlandschaft mit  Rebbergen, Trockenmauern, Magerwiesen , Hecken und Eichenw\u00e4lder. Hier f\u00fchrte der R\u00f6merweg von Fluppi hinauf nach Pf\u00e4fers.<br \/>\nhttp:\/\/www.pronatura-sg.ch\/porta-romana<br \/>\nDurch diese interessante Landschaft kommen wir hinunter ins Tal und begeben uns zum Rhein, den wir auf der n\u00e4chsten Br\u00fccke \u00fcberqueren.<\/p>\n<p> Auf einer Bank am Rheinufer halten wir unsere Mittagsrast und  gehen dann strammen Schrittes  auf dem Uferweg bis nach Landquart, wo wir wieder an der Sonne sind.<br \/>\n Zum Spass besuchen wir  das  Outlet Dorf und m\u00fcssen nur so staunen!!<br \/>\n Nach einem Kaffee  besteigen wir dann den Zug nach Basel.<\/p>\n<p><!-- index.php -->\n<div\n\tclass=\"ngg-galleryoverview ngg-ajax-pagination-none\"\n\tid=\"ngg-gallery-15292-1\">\n\n    \t<div class=\"slideshowlink\">\n        <a href='https:\/\/www.freimarianne.ch\/index.php\/nggallery\/slideshow?page_id=14852'>[Show as slideshow]<\/a>\n\t\t\n\t<\/div>\n\t\t\t<!-- Thumbnails -->\n\t\t\t\t<div id=\"ngg-image-0\" class=\"ngg-gallery-thumbnail-box\" >\n\t\t\t\t        <div class=\"ngg-gallery-thumbnail\">\n            <a href=\"https:\/\/www.freimarianne.ch\/wp-content\/gallery\/bad-ragaz-12-12-15\/IMG_4009.jpg\"\n               title=\"\"\n               data-src=\"https:\/\/www.freimarianne.ch\/wp-content\/gallery\/bad-ragaz-12-12-15\/IMG_4009.jpg\"\n               data-thumbnail=\"https:\/\/www.freimarianne.ch\/wp-content\/gallery\/bad-ragaz-12-12-15\/thumbs\/thumbs_IMG_4009.jpg\"\n               data-image-id=\"12260\"\n               data-title=\"IMG_4009\"\n               data-description=\"\"\n               data-image-slug=\"img_4009-2\"\n               class=\"shutterset_15292\">\n                <img\n                    title=\"IMG_4009\"\n                    alt=\"IMG_4009\"\n                    src=\"https:\/\/www.freimarianne.ch\/wp-content\/gallery\/bad-ragaz-12-12-15\/thumbs\/thumbs_IMG_4009.jpg\"\n                    width=\"100\"\n                    height=\"75\"\n                    style=\"max-width:100%;\"\n                \/>\n            <\/a>\n        <\/div>\n\t\t\t\t\t\t\t<\/div> \n\t\t\t\n        \n\t\t\t\t<div id=\"ngg-image-1\" class=\"ngg-gallery-thumbnail-box\" >\n\t\t\t\t        <div class=\"ngg-gallery-thumbnail\">\n            <a href=\"https:\/\/www.freimarianne.ch\/wp-content\/gallery\/bad-ragaz-12-12-15\/IMG_4011.jpg\"\n               title=\"\"\n               data-src=\"https:\/\/www.freimarianne.ch\/wp-content\/gallery\/bad-ragaz-12-12-15\/IMG_4011.jpg\"\n               data-thumbnail=\"https:\/\/www.freimarianne.ch\/wp-content\/gallery\/bad-ragaz-12-12-15\/thumbs\/thumbs_IMG_4011.jpg\"\n               data-image-id=\"12261\"\n               data-title=\"IMG_4011\"\n               data-description=\"\"\n               data-image-slug=\"img_4011-4\"\n               class=\"shutterset_15292\">\n                <img\n                    title=\"IMG_4011\"\n                    alt=\"IMG_4011\"\n                    src=\"https:\/\/www.freimarianne.ch\/wp-content\/gallery\/bad-ragaz-12-12-15\/thumbs\/thumbs_IMG_4011.jpg\"\n                    width=\"100\"\n                    height=\"75\"\n                    style=\"max-width:100%;\"\n                \/>\n            <\/a>\n        <\/div>\n\t\t\t\t\t\t\t<\/div> \n\t\t\t\n        \n\t\t\t\t<div id=\"ngg-image-2\" class=\"ngg-gallery-thumbnail-box\" >\n\t\t\t\t        <div class=\"ngg-gallery-thumbnail\">\n            <a href=\"https:\/\/www.freimarianne.ch\/wp-content\/gallery\/bad-ragaz-12-12-15\/IMG_4017.jpg\"\n               title=\"\"\n               data-src=\"https:\/\/www.freimarianne.ch\/wp-content\/gallery\/bad-ragaz-12-12-15\/IMG_4017.jpg\"\n               data-thumbnail=\"https:\/\/www.freimarianne.ch\/wp-content\/gallery\/bad-ragaz-12-12-15\/thumbs\/thumbs_IMG_4017.jpg\"\n               data-image-id=\"12262\"\n               data-title=\"IMG_4017\"\n               data-description=\"\"\n               data-image-slug=\"img_4017\"\n               class=\"shutterset_15292\">\n                <img\n                    title=\"IMG_4017\"\n                    alt=\"IMG_4017\"\n                    src=\"https:\/\/www.freimarianne.ch\/wp-content\/gallery\/bad-ragaz-12-12-15\/thumbs\/thumbs_IMG_4017.jpg\"\n                    width=\"100\"\n                    height=\"75\"\n                    style=\"max-width:100%;\"\n                \/>\n            <\/a>\n        <\/div>\n\t\t\t\t\t\t\t<\/div> \n\t\t\t\n        \n\t\t\t\t<div id=\"ngg-image-3\" class=\"ngg-gallery-thumbnail-box\" >\n\t\t\t\t        <div class=\"ngg-gallery-thumbnail\">\n            <a href=\"https:\/\/www.freimarianne.ch\/wp-content\/gallery\/bad-ragaz-12-12-15\/IMG_4018.jpg\"\n               title=\"\"\n               data-src=\"https:\/\/www.freimarianne.ch\/wp-content\/gallery\/bad-ragaz-12-12-15\/IMG_4018.jpg\"\n               data-thumbnail=\"https:\/\/www.freimarianne.ch\/wp-content\/gallery\/bad-ragaz-12-12-15\/thumbs\/thumbs_IMG_4018.jpg\"\n               data-image-id=\"12263\"\n               data-title=\"IMG_4018\"\n               data-description=\"\"\n               data-image-slug=\"img_4018-1\"\n               class=\"shutterset_15292\">\n                <img\n                    title=\"IMG_4018\"\n                    alt=\"IMG_4018\"\n                    src=\"https:\/\/www.freimarianne.ch\/wp-content\/gallery\/bad-ragaz-12-12-15\/thumbs\/thumbs_IMG_4018.jpg\"\n                    width=\"100\"\n                    height=\"75\"\n                    style=\"max-width:100%;\"\n                \/>\n            <\/a>\n        <\/div>\n\t\t\t\t\t\t\t<\/div> \n\t\t\t\n        \n\t\t\t\t<div id=\"ngg-image-4\" class=\"ngg-gallery-thumbnail-box\" >\n\t\t\t\t        <div class=\"ngg-gallery-thumbnail\">\n            <a href=\"https:\/\/www.freimarianne.ch\/wp-content\/gallery\/bad-ragaz-12-12-15\/IMG_4019.jpg\"\n               title=\"\"\n               data-src=\"https:\/\/www.freimarianne.ch\/wp-content\/gallery\/bad-ragaz-12-12-15\/IMG_4019.jpg\"\n               data-thumbnail=\"https:\/\/www.freimarianne.ch\/wp-content\/gallery\/bad-ragaz-12-12-15\/thumbs\/thumbs_IMG_4019.jpg\"\n               data-image-id=\"12264\"\n               data-title=\"IMG_4019\"\n               data-description=\"\"\n               data-image-slug=\"img_4019-4\"\n               class=\"shutterset_15292\">\n                <img\n                    title=\"IMG_4019\"\n                    alt=\"IMG_4019\"\n                    src=\"https:\/\/www.freimarianne.ch\/wp-content\/gallery\/bad-ragaz-12-12-15\/thumbs\/thumbs_IMG_4019.jpg\"\n                    width=\"100\"\n                    height=\"75\"\n                    style=\"max-width:100%;\"\n                \/>\n            <\/a>\n        <\/div>\n\t\t\t\t\t\t\t<\/div> \n\t\t\t\n        \n\t\t\t\t<div id=\"ngg-image-5\" class=\"ngg-gallery-thumbnail-box\" >\n\t\t\t\t        <div class=\"ngg-gallery-thumbnail\">\n            <a href=\"https:\/\/www.freimarianne.ch\/wp-content\/gallery\/bad-ragaz-12-12-15\/IMG_4021.jpg\"\n               title=\"\"\n               data-src=\"https:\/\/www.freimarianne.ch\/wp-content\/gallery\/bad-ragaz-12-12-15\/IMG_4021.jpg\"\n               data-thumbnail=\"https:\/\/www.freimarianne.ch\/wp-content\/gallery\/bad-ragaz-12-12-15\/thumbs\/thumbs_IMG_4021.jpg\"\n               data-image-id=\"12265\"\n               data-title=\"IMG_4021\"\n               data-description=\"\"\n               data-image-slug=\"img_4021-1\"\n               class=\"shutterset_15292\">\n                <img\n                    title=\"IMG_4021\"\n                    alt=\"IMG_4021\"\n                    src=\"https:\/\/www.freimarianne.ch\/wp-content\/gallery\/bad-ragaz-12-12-15\/thumbs\/thumbs_IMG_4021.jpg\"\n                    width=\"100\"\n                    height=\"75\"\n                    style=\"max-width:100%;\"\n                \/>\n            <\/a>\n        <\/div>\n\t\t\t\t\t\t\t<\/div> \n\t\t\t\n        \n\t\t\t\t<div id=\"ngg-image-6\" class=\"ngg-gallery-thumbnail-box\" >\n\t\t\t\t        <div class=\"ngg-gallery-thumbnail\">\n            <a href=\"https:\/\/www.freimarianne.ch\/wp-content\/gallery\/bad-ragaz-12-12-15\/IMG_4024.jpg\"\n               title=\"\"\n               data-src=\"https:\/\/www.freimarianne.ch\/wp-content\/gallery\/bad-ragaz-12-12-15\/IMG_4024.jpg\"\n               data-thumbnail=\"https:\/\/www.freimarianne.ch\/wp-content\/gallery\/bad-ragaz-12-12-15\/thumbs\/thumbs_IMG_4024.jpg\"\n               data-image-id=\"12266\"\n               data-title=\"IMG_4024\"\n               data-description=\"\"\n               data-image-slug=\"img_4024-3\"\n               class=\"shutterset_15292\">\n                <img\n                    title=\"IMG_4024\"\n                    alt=\"IMG_4024\"\n                    src=\"https:\/\/www.freimarianne.ch\/wp-content\/gallery\/bad-ragaz-12-12-15\/thumbs\/thumbs_IMG_4024.jpg\"\n                    width=\"100\"\n                    height=\"75\"\n                    style=\"max-width:100%;\"\n                \/>\n            <\/a>\n        <\/div>\n\t\t\t\t\t\t\t<\/div> \n\t\t\t\n        \n\t\t\t\t<div id=\"ngg-image-7\" class=\"ngg-gallery-thumbnail-box\" >\n\t\t\t\t        <div class=\"ngg-gallery-thumbnail\">\n            <a href=\"https:\/\/www.freimarianne.ch\/wp-content\/gallery\/bad-ragaz-12-12-15\/IMG_4025.jpg\"\n               title=\"\"\n               data-src=\"https:\/\/www.freimarianne.ch\/wp-content\/gallery\/bad-ragaz-12-12-15\/IMG_4025.jpg\"\n               data-thumbnail=\"https:\/\/www.freimarianne.ch\/wp-content\/gallery\/bad-ragaz-12-12-15\/thumbs\/thumbs_IMG_4025.jpg\"\n               data-image-id=\"12267\"\n               data-title=\"IMG_4025\"\n               data-description=\"\"\n               data-image-slug=\"img_4025\"\n               class=\"shutterset_15292\">\n                <img\n                    title=\"IMG_4025\"\n                    alt=\"IMG_4025\"\n                    src=\"https:\/\/www.freimarianne.ch\/wp-content\/gallery\/bad-ragaz-12-12-15\/thumbs\/thumbs_IMG_4025.jpg\"\n                    width=\"100\"\n                    height=\"75\"\n                    style=\"max-width:100%;\"\n                \/>\n            <\/a>\n        <\/div>\n\t\t\t\t\t\t\t<\/div> \n\t\t\t\n        \n\t\t\t\t<div id=\"ngg-image-8\" class=\"ngg-gallery-thumbnail-box\" >\n\t\t\t\t        <div class=\"ngg-gallery-thumbnail\">\n            <a href=\"https:\/\/www.freimarianne.ch\/wp-content\/gallery\/bad-ragaz-12-12-15\/IMG_4027.jpg\"\n               title=\"\"\n               data-src=\"https:\/\/www.freimarianne.ch\/wp-content\/gallery\/bad-ragaz-12-12-15\/IMG_4027.jpg\"\n               data-thumbnail=\"https:\/\/www.freimarianne.ch\/wp-content\/gallery\/bad-ragaz-12-12-15\/thumbs\/thumbs_IMG_4027.jpg\"\n               data-image-id=\"12268\"\n               data-title=\"IMG_4027\"\n               data-description=\"\"\n               data-image-slug=\"img_4027-1\"\n               class=\"shutterset_15292\">\n                <img\n                    title=\"IMG_4027\"\n                    alt=\"IMG_4027\"\n                    src=\"https:\/\/www.freimarianne.ch\/wp-content\/gallery\/bad-ragaz-12-12-15\/thumbs\/thumbs_IMG_4027.jpg\"\n                    width=\"100\"\n                    height=\"75\"\n                    style=\"max-width:100%;\"\n                \/>\n            <\/a>\n        <\/div>\n\t\t\t\t\t\t\t<\/div> \n\t\t\t\n        \n\t\t\t\t<div id=\"ngg-image-9\" class=\"ngg-gallery-thumbnail-box\" >\n\t\t\t\t        <div class=\"ngg-gallery-thumbnail\">\n            <a href=\"https:\/\/www.freimarianne.ch\/wp-content\/gallery\/bad-ragaz-12-12-15\/IMG_4031.jpg\"\n               title=\"\"\n               data-src=\"https:\/\/www.freimarianne.ch\/wp-content\/gallery\/bad-ragaz-12-12-15\/IMG_4031.jpg\"\n               data-thumbnail=\"https:\/\/www.freimarianne.ch\/wp-content\/gallery\/bad-ragaz-12-12-15\/thumbs\/thumbs_IMG_4031.jpg\"\n               data-image-id=\"12269\"\n               data-title=\"IMG_4031\"\n               data-description=\"\"\n               data-image-slug=\"img_4031-3\"\n               class=\"shutterset_15292\">\n                <img\n                    title=\"IMG_4031\"\n                    alt=\"IMG_4031\"\n                    src=\"https:\/\/www.freimarianne.ch\/wp-content\/gallery\/bad-ragaz-12-12-15\/thumbs\/thumbs_IMG_4031.jpg\"\n                    width=\"100\"\n                    height=\"75\"\n                    style=\"max-width:100%;\"\n                \/>\n            <\/a>\n        <\/div>\n\t\t\t\t\t\t\t<\/div> \n\t\t\t\n        \n\t\t\n\t\t<!-- Pagination -->\n\t<div class='ngg-clear'><\/div>\t<\/div>\n<\/p>\n","protected":false},"excerpt":{"rendered":"<p>Wanderung von Bad Ragaz \u00fcber die Porta Romana nach Landquart Wir gehen vom Bahnhof hin\u00fcber zum Giessenpark mit dem gleichnamigen See und gelangen so durch den sch\u00f6nen Park zu den Thermen Geb\u00e4uden. Von dort aus steigen wir steil hinauf durch den Wald zum Durchgang zwischen dem H\u00fcgel der Ruine Wartenstein und der Kapelle St. Georg [&hellip;]<\/p>\n","protected":false},"author":1,"featured_media":0,"parent":14834,"menu_order":5,"comment_status":"closed","ping_status":"closed","template":"","meta":{"ngg_post_thumbnail":0},"_links":{"self":[{"href":"https:\/\/www.freimarianne.ch\/index.php?rest_route=\/wp\/v2\/pages\/14852"}],"collection":[{"href":"https:\/\/www.freimarianne.ch\/index.php?rest_route=\/wp\/v2\/pages"}],"about":[{"href":"https:\/\/www.freimarianne.ch\/index.php?rest_route=\/wp\/v2\/types\/page"}],"author":[{"embeddable":true,"href":"https:\/\/www.freimarianne.ch\/index.php?rest_route=\/wp\/v2\/users\/1"}],"replies":[{"embeddable":true,"href":"https:\/\/www.freimarianne.ch\/index.php?rest_route=%2Fwp%2Fv2%2Fcomments&post=14852"}],"version-history":[{"count":4,"href":"https:\/\/www.freimarianne.ch\/index.php?rest_route=\/wp\/v2\/pages\/14852\/revisions"}],"predecessor-version":[{"id":15317,"href":"https:\/\/www.freimarianne.ch\/index.php?rest_route=\/wp\/v2\/pages\/14852\/revisions\/15317"}],"up":[{"embeddable":true,"href":"https:\/\/www.freimarianne.ch\/index.php?rest_route=\/wp\/v2\/pages\/14834"}],"wp:attachment":[{"href":"https:\/\/www.freimarianne.ch\/index.php?rest_route=%2Fwp%2Fv2%2Fmedia&parent=14852"}],"curies":[{"name":"wp","href":"https:\/\/api.w.org\/{rel}","templated":true}]}}