{"id":14858,"date":"2015-12-31T11:21:34","date_gmt":"2015-12-31T10:21:34","guid":{"rendered":"http:\/\/www.freimarianne.ch\/?page_id=14858"},"modified":"2016-01-24T11:27:39","modified_gmt":"2016-01-24T10:27:39","slug":"janzi-ow-19-12-2015","status":"publish","type":"page","link":"https:\/\/www.freimarianne.ch\/?page_id=14858","title":{"rendered":"J\u00e4nzi   OW  19.12.2015"},"content":{"rendered":"<p><strong>Schneeschuhwanderung auf den J\u00e4nzi, Glauberberg<\/strong><\/p>\n<p><img loading=\"lazy\" src=\"http:\/\/www.freimarianne.ch\/wp-content\/uploads\/2016\/01\/IMG_4159_ja\u0308nz_500.jpg\" alt=\"IMG_4159_ja\u0308nz_500\" width=\"500\" height=\"375\" class=\"alignleft size-full wp-image-15499\" srcset=\"https:\/\/www.freimarianne.ch\/wp-content\/uploads\/2016\/01\/IMG_4159_ja\u0308nz_500.jpg 500w, https:\/\/www.freimarianne.ch\/wp-content\/uploads\/2016\/01\/IMG_4159_ja\u0308nz_500-300x225.jpg 300w, https:\/\/www.freimarianne.ch\/wp-content\/uploads\/2016\/01\/IMG_4159_ja\u0308nz_500-400x300.jpg 400w\" sizes=\"(max-width: 500px) 100vw, 500px\" \/><\/a><\/p>\n<p>Nach 11.00 h beginnen wir unsere Wanderung bei sonnigen Wetter in Langis. Bald merken wir, dass das Vorw\u00e4rtskommen auf dem alten Schnee und dem Eis mit den Schneeschuhen einfacher und sicherer ist. Der Pfad dem Schlierenbach entlang ist immer wieder sch\u00f6n! Beim Pkt. 1409m geht es hinauf und bald gehen wir im Wald des Schattenbergs. Leider m\u00fcssen wir immer wieder \u00fcber apere Stellen gehen! So kommen wir etwas m\u00fchsam zur H\u00fctte bei Egg 1611m und gehen gleich weiter &#8211; immer den Weg \u00fcber die Schneereste suchend, was schon etwas m\u00fchsam ist, denn oft liegt dort recht viel Schnee , sodass man sogar einsinkt. Wir k\u00e4mpfen uns fast etwas hoch und sind froh, als wir auf dem Grat des J\u00e4nzi stehen, von wo wir ein pr\u00e4chtiges Panorama geniessen.<br \/>\nAuf dem ersten B\u00e4nklein halten wir unsere Mittagsrast und gehen erst nachher noch hin\u00fcber zum Gipfelkreuz 1732m.<br \/>\nDer R\u00fcckweg gestaltet sich etwas einfacher, da wir unserer Spur folgen k\u00f6nnen. Aber wir brauchen schonmehr Zeit und erreichen Langis erst um 16.46 h.<br \/>\nTrotz den etwas schwierigen Schneeverh\u00e4ltnissen (viele apere Stellen im Wald, oft keine klare Spur -also Spurensuche auf den Schneeresten) war dies eine sehr sch\u00f6ne Tour , die wir genossen haben.<br \/>\nLaut GPS:<br \/>\nDistanz: 11,0km; Aufstieg: 422m; Abstieg: 422m; Marschzeit: 4. 30 h<\/p>\n<p><!-- index.php -->\n<div\n\tclass=\"ngg-galleryoverview ngg-ajax-pagination-none\"\n\tid=\"ngg-gallery-15392-1\">\n\n    \t<div class=\"slideshowlink\">\n        <a href='https:\/\/www.freimarianne.ch\/index.php\/nggallery\/slideshow?page_id=14858'>[Show as slideshow]<\/a>\n\t\t\n\t<\/div>\n\t\t\t<!-- Thumbnails -->\n\t\t\t\t<div id=\"ngg-image-0\" class=\"ngg-gallery-thumbnail-box\" >\n\t\t\t\t        <div class=\"ngg-gallery-thumbnail\">\n            <a href=\"https:\/\/www.freimarianne.ch\/wp-content\/gallery\/janzi-19-12-15\/IMG_4142.jpg\"\n               title=\"\"\n               data-src=\"https:\/\/www.freimarianne.ch\/wp-content\/gallery\/janzi-19-12-15\/IMG_4142.jpg\"\n               data-thumbnail=\"https:\/\/www.freimarianne.ch\/wp-content\/gallery\/janzi-19-12-15\/thumbs\/thumbs_IMG_4142.jpg\"\n               data-image-id=\"12292\"\n               data-title=\"IMG_4142\"\n               data-description=\"\"\n               data-image-slug=\"img_4142-2\"\n               class=\"shutterset_15392\">\n                <img\n                    title=\"IMG_4142\"\n                    alt=\"IMG_4142\"\n                    src=\"https:\/\/www.freimarianne.ch\/wp-content\/gallery\/janzi-19-12-15\/thumbs\/thumbs_IMG_4142.jpg\"\n                    width=\"100\"\n                    height=\"75\"\n                    style=\"max-width:100%;\"\n                \/>\n            <\/a>\n        <\/div>\n\t\t\t\t\t\t\t<\/div> \n\t\t\t\n        \n\t\t\t\t<div id=\"ngg-image-1\" class=\"ngg-gallery-thumbnail-box\" >\n\t\t\t\t        <div class=\"ngg-gallery-thumbnail\">\n            <a href=\"https:\/\/www.freimarianne.ch\/wp-content\/gallery\/janzi-19-12-15\/IMG_4144.jpg\"\n               title=\"\"\n               data-src=\"https:\/\/www.freimarianne.ch\/wp-content\/gallery\/janzi-19-12-15\/IMG_4144.jpg\"\n               data-thumbnail=\"https:\/\/www.freimarianne.ch\/wp-content\/gallery\/janzi-19-12-15\/thumbs\/thumbs_IMG_4144.jpg\"\n               data-image-id=\"12293\"\n               data-title=\"IMG_4144\"\n               data-description=\"\"\n               data-image-slug=\"img_4144-1\"\n               class=\"shutterset_15392\">\n                <img\n                    title=\"IMG_4144\"\n                    alt=\"IMG_4144\"\n                    src=\"https:\/\/www.freimarianne.ch\/wp-content\/gallery\/janzi-19-12-15\/thumbs\/thumbs_IMG_4144.jpg\"\n                    width=\"100\"\n                    height=\"75\"\n                    style=\"max-width:100%;\"\n                \/>\n            <\/a>\n        <\/div>\n\t\t\t\t\t\t\t<\/div> \n\t\t\t\n        \n\t\t\t\t<div id=\"ngg-image-2\" class=\"ngg-gallery-thumbnail-box\" >\n\t\t\t\t        <div class=\"ngg-gallery-thumbnail\">\n            <a href=\"https:\/\/www.freimarianne.ch\/wp-content\/gallery\/janzi-19-12-15\/IMG_4150.jpg\"\n               title=\"\"\n               data-src=\"https:\/\/www.freimarianne.ch\/wp-content\/gallery\/janzi-19-12-15\/IMG_4150.jpg\"\n               data-thumbnail=\"https:\/\/www.freimarianne.ch\/wp-content\/gallery\/janzi-19-12-15\/thumbs\/thumbs_IMG_4150.jpg\"\n               data-image-id=\"12294\"\n               data-title=\"IMG_4150\"\n               data-description=\"\"\n               data-image-slug=\"img_4150-1\"\n               class=\"shutterset_15392\">\n                <img\n                    title=\"IMG_4150\"\n                    alt=\"IMG_4150\"\n                    src=\"https:\/\/www.freimarianne.ch\/wp-content\/gallery\/janzi-19-12-15\/thumbs\/thumbs_IMG_4150.jpg\"\n                    width=\"100\"\n                    height=\"75\"\n                    style=\"max-width:100%;\"\n                \/>\n            <\/a>\n        <\/div>\n\t\t\t\t\t\t\t<\/div> \n\t\t\t\n        \n\t\t\t\t<div id=\"ngg-image-3\" class=\"ngg-gallery-thumbnail-box\" >\n\t\t\t\t        <div class=\"ngg-gallery-thumbnail\">\n            <a href=\"https:\/\/www.freimarianne.ch\/wp-content\/gallery\/janzi-19-12-15\/IMG_4158.jpg\"\n               title=\"\"\n               data-src=\"https:\/\/www.freimarianne.ch\/wp-content\/gallery\/janzi-19-12-15\/IMG_4158.jpg\"\n               data-thumbnail=\"https:\/\/www.freimarianne.ch\/wp-content\/gallery\/janzi-19-12-15\/thumbs\/thumbs_IMG_4158.jpg\"\n               data-image-id=\"12295\"\n               data-title=\"IMG_4158\"\n               data-description=\"\"\n               data-image-slug=\"img_4158-1\"\n               class=\"shutterset_15392\">\n                <img\n                    title=\"IMG_4158\"\n                    alt=\"IMG_4158\"\n                    src=\"https:\/\/www.freimarianne.ch\/wp-content\/gallery\/janzi-19-12-15\/thumbs\/thumbs_IMG_4158.jpg\"\n                    width=\"100\"\n                    height=\"75\"\n                    style=\"max-width:100%;\"\n                \/>\n            <\/a>\n        <\/div>\n\t\t\t\t\t\t\t<\/div> \n\t\t\t\n        \n\t\t\t\t<div id=\"ngg-image-4\" class=\"ngg-gallery-thumbnail-box\" >\n\t\t\t\t        <div class=\"ngg-gallery-thumbnail\">\n            <a href=\"https:\/\/www.freimarianne.ch\/wp-content\/gallery\/janzi-19-12-15\/IMG_4160.jpg\"\n               title=\"\"\n               data-src=\"https:\/\/www.freimarianne.ch\/wp-content\/gallery\/janzi-19-12-15\/IMG_4160.jpg\"\n               data-thumbnail=\"https:\/\/www.freimarianne.ch\/wp-content\/gallery\/janzi-19-12-15\/thumbs\/thumbs_IMG_4160.jpg\"\n               data-image-id=\"12296\"\n               data-title=\"IMG_4160\"\n               data-description=\"\"\n               data-image-slug=\"img_4160\"\n               class=\"shutterset_15392\">\n                <img\n                    title=\"IMG_4160\"\n                    alt=\"IMG_4160\"\n                    src=\"https:\/\/www.freimarianne.ch\/wp-content\/gallery\/janzi-19-12-15\/thumbs\/thumbs_IMG_4160.jpg\"\n                    width=\"100\"\n                    height=\"75\"\n                    style=\"max-width:100%;\"\n                \/>\n            <\/a>\n        <\/div>\n\t\t\t\t\t\t\t<\/div> \n\t\t\t\n        \n\t\t\t\t<div id=\"ngg-image-5\" class=\"ngg-gallery-thumbnail-box\" >\n\t\t\t\t        <div class=\"ngg-gallery-thumbnail\">\n            <a href=\"https:\/\/www.freimarianne.ch\/wp-content\/gallery\/janzi-19-12-15\/IMG_4164.jpg\"\n               title=\"\"\n               data-src=\"https:\/\/www.freimarianne.ch\/wp-content\/gallery\/janzi-19-12-15\/IMG_4164.jpg\"\n               data-thumbnail=\"https:\/\/www.freimarianne.ch\/wp-content\/gallery\/janzi-19-12-15\/thumbs\/thumbs_IMG_4164.jpg\"\n               data-image-id=\"12297\"\n               data-title=\"IMG_4164\"\n               data-description=\"\"\n               data-image-slug=\"img_4164-2\"\n               class=\"shutterset_15392\">\n                <img\n                    title=\"IMG_4164\"\n                    alt=\"IMG_4164\"\n                    src=\"https:\/\/www.freimarianne.ch\/wp-content\/gallery\/janzi-19-12-15\/thumbs\/thumbs_IMG_4164.jpg\"\n                    width=\"100\"\n                    height=\"75\"\n                    style=\"max-width:100%;\"\n                \/>\n            <\/a>\n        <\/div>\n\t\t\t\t\t\t\t<\/div> \n\t\t\t\n        \n\t\t\t\t<div id=\"ngg-image-6\" class=\"ngg-gallery-thumbnail-box\" >\n\t\t\t\t        <div class=\"ngg-gallery-thumbnail\">\n            <a href=\"https:\/\/www.freimarianne.ch\/wp-content\/gallery\/janzi-19-12-15\/IMG_4166.jpg\"\n               title=\"\"\n               data-src=\"https:\/\/www.freimarianne.ch\/wp-content\/gallery\/janzi-19-12-15\/IMG_4166.jpg\"\n               data-thumbnail=\"https:\/\/www.freimarianne.ch\/wp-content\/gallery\/janzi-19-12-15\/thumbs\/thumbs_IMG_4166.jpg\"\n               data-image-id=\"12298\"\n               data-title=\"IMG_4166\"\n               data-description=\"\"\n               data-image-slug=\"img_4166-1\"\n               class=\"shutterset_15392\">\n                <img\n                    title=\"IMG_4166\"\n                    alt=\"IMG_4166\"\n                    src=\"https:\/\/www.freimarianne.ch\/wp-content\/gallery\/janzi-19-12-15\/thumbs\/thumbs_IMG_4166.jpg\"\n                    width=\"100\"\n                    height=\"75\"\n                    style=\"max-width:100%;\"\n                \/>\n            <\/a>\n        <\/div>\n\t\t\t\t\t\t\t<\/div> \n\t\t\t\n        \n\t\t\t\t<div id=\"ngg-image-7\" class=\"ngg-gallery-thumbnail-box\" >\n\t\t\t\t        <div class=\"ngg-gallery-thumbnail\">\n            <a href=\"https:\/\/www.freimarianne.ch\/wp-content\/gallery\/janzi-19-12-15\/IMG_4167.jpg\"\n               title=\"\"\n               data-src=\"https:\/\/www.freimarianne.ch\/wp-content\/gallery\/janzi-19-12-15\/IMG_4167.jpg\"\n               data-thumbnail=\"https:\/\/www.freimarianne.ch\/wp-content\/gallery\/janzi-19-12-15\/thumbs\/thumbs_IMG_4167.jpg\"\n               data-image-id=\"12299\"\n               data-title=\"IMG_4167\"\n               data-description=\"\"\n               data-image-slug=\"img_4167-2\"\n               class=\"shutterset_15392\">\n                <img\n                    title=\"IMG_4167\"\n                    alt=\"IMG_4167\"\n                    src=\"https:\/\/www.freimarianne.ch\/wp-content\/gallery\/janzi-19-12-15\/thumbs\/thumbs_IMG_4167.jpg\"\n                    width=\"100\"\n                    height=\"75\"\n                    style=\"max-width:100%;\"\n                \/>\n            <\/a>\n        <\/div>\n\t\t\t\t\t\t\t<\/div> \n\t\t\t\n        \n\t\t\t\t<div id=\"ngg-image-8\" class=\"ngg-gallery-thumbnail-box\" >\n\t\t\t\t        <div class=\"ngg-gallery-thumbnail\">\n            <a href=\"https:\/\/www.freimarianne.ch\/wp-content\/gallery\/janzi-19-12-15\/Pano-Ja%CC%88nzi-19.12.15.jpg\"\n               title=\"\"\n               data-src=\"https:\/\/www.freimarianne.ch\/wp-content\/gallery\/janzi-19-12-15\/Pano-Ja%CC%88nzi-19.12.15.jpg\"\n               data-thumbnail=\"https:\/\/www.freimarianne.ch\/wp-content\/gallery\/janzi-19-12-15\/thumbs\/thumbs_Pano-Ja%CC%88nzi-19.12.15.jpg\"\n               data-image-id=\"12300\"\n               data-title=\"Pano Ja\u0308nzi 19.12.15\"\n               data-description=\"\"\n               data-image-slug=\"pano-ja%cc%88nzi-19-12-15-1\"\n               class=\"shutterset_15392\">\n                <img\n                    title=\"Pano Ja\u0308nzi 19.12.15\"\n                    alt=\"Pano Ja\u0308nzi 19.12.15\"\n                    src=\"https:\/\/www.freimarianne.ch\/wp-content\/gallery\/janzi-19-12-15\/thumbs\/thumbs_Pano-Ja%CC%88nzi-19.12.15.jpg\"\n                    width=\"100\"\n                    height=\"75\"\n                    style=\"max-width:100%;\"\n                \/>\n            <\/a>\n        <\/div>\n\t\t\t\t\t\t\t<\/div> \n\t\t\t\n        \n\t\t\n\t\t<!-- Pagination -->\n\t<div class='ngg-clear'><\/div>\t<\/div>\n<\/p>\n","protected":false},"excerpt":{"rendered":"<p>Schneeschuhwanderung auf den J\u00e4nzi, Glauberberg Nach 11.00 h beginnen wir unsere Wanderung bei sonnigen Wetter in Langis. Bald merken wir, dass das Vorw\u00e4rtskommen auf dem alten Schnee und dem Eis mit den Schneeschuhen einfacher und sicherer ist. Der Pfad dem Schlierenbach entlang ist immer wieder sch\u00f6n! Beim Pkt. 1409m geht es hinauf und bald gehen [&hellip;]<\/p>\n","protected":false},"author":1,"featured_media":0,"parent":14834,"menu_order":8,"comment_status":"closed","ping_status":"closed","template":"","meta":{"ngg_post_thumbnail":0},"_links":{"self":[{"href":"https:\/\/www.freimarianne.ch\/index.php?rest_route=\/wp\/v2\/pages\/14858"}],"collection":[{"href":"https:\/\/www.freimarianne.ch\/index.php?rest_route=\/wp\/v2\/pages"}],"about":[{"href":"https:\/\/www.freimarianne.ch\/index.php?rest_route=\/wp\/v2\/types\/page"}],"author":[{"embeddable":true,"href":"https:\/\/www.freimarianne.ch\/index.php?rest_route=\/wp\/v2\/users\/1"}],"replies":[{"embeddable":true,"href":"https:\/\/www.freimarianne.ch\/index.php?rest_route=%2Fwp%2Fv2%2Fcomments&post=14858"}],"version-history":[{"count":6,"href":"https:\/\/www.freimarianne.ch\/index.php?rest_route=\/wp\/v2\/pages\/14858\/revisions"}],"predecessor-version":[{"id":15500,"href":"https:\/\/www.freimarianne.ch\/index.php?rest_route=\/wp\/v2\/pages\/14858\/revisions\/15500"}],"up":[{"embeddable":true,"href":"https:\/\/www.freimarianne.ch\/index.php?rest_route=\/wp\/v2\/pages\/14834"}],"wp:attachment":[{"href":"https:\/\/www.freimarianne.ch\/index.php?rest_route=%2Fwp%2Fv2%2Fmedia&parent=14858"}],"curies":[{"name":"wp","href":"https:\/\/api.w.org\/{rel}","templated":true}]}}