{"id":15327,"date":"2016-01-02T11:43:12","date_gmt":"2016-01-02T10:43:12","guid":{"rendered":"http:\/\/www.freimarianne.ch\/?page_id=15327"},"modified":"2016-01-24T16:54:24","modified_gmt":"2016-01-24T15:54:24","slug":"aschlenalp-be-1-1-2015","status":"publish","type":"page","link":"https:\/\/www.freimarianne.ch\/?page_id=15327","title":{"rendered":"\u00c4schlenalp   BE  1.1.2015"},"content":{"rendered":"<p><strong>Wanderung von Heimenschwand \u00fcber die Schafegg &#8211; \u00c4schlenalp nach Oberdiessenbach<\/strong><\/p>\n<p><img loading=\"lazy\" class=\"alignleft size-full wp-image-15326\" src=\"http:\/\/www.freimarianne.ch\/wp-content\/uploads\/2016\/01\/IMG_4672_aeschlen_500.jpg\" alt=\"IMG_4672_aeschlen_500\" width=\"500\" height=\"260\" srcset=\"https:\/\/www.freimarianne.ch\/wp-content\/uploads\/2016\/01\/IMG_4672_aeschlen_500.jpg 500w, https:\/\/www.freimarianne.ch\/wp-content\/uploads\/2016\/01\/IMG_4672_aeschlen_500-300x156.jpg 300w\" sizes=\"(max-width: 500px) 100vw, 500px\" \/><br \/>\nDa die Wetterprognose etwas unsicher ist mache ich nur einen kurzen Ausflug am Neujahrstag.<br \/>\nIch fahre von Thun mit dem Bus nach Heimenschwand 1006m an die Sonne hinauf und wandere in der H\u00f6he oft im Wald \u00fcber Hohr\u00fcti, Vordere Flue \u00fcber die Schafegg. Konnte ich bis anhin nach S\u00fcden zum Schibeng\u00fctsch und der Stockhornkette blicken, tut sich nun auch die Sicht nach Norden auf den Churzenberg auf. Besonders sch\u00f6n ist die Aussicht von der \u00c4schleralp 1140m \u00fcber das Dorf \u00c4schen und auf den langezogenen Churzenberg, wo ich unl\u00e4ngst gewandert bin.<br \/>\nLeider ziehen langsam Nebelschwaden aus dem Tal hinauf und der zweite Teil der Wanderung ist nicht mehr aussichtsreich.<br \/>\nZuvor gelingen mir aber einige sch\u00f6ne Panoramabilder mit dem Nebelmeer \u00fcber dem Aarteal.<br \/>\nIch komme beim Hof Barichti vorbei, wo ich kurz auf Teer gehen muss. Ich erreiche die Falkenflue 1050m. Nun wendet sich der Weg gegen Norden und ich gelange \u00fcber Schwand hinunter auf eine nasse Wiese, wo das Gehen unangenehm und m\u00fchsam ist. Ich bin froh als ich bei Unterhus 768m kurz Hartbelag unter den F\u00fcssen sp\u00fcren kann! Ich muss die Strassse queren und kann dann wieder den Wanderweg benutzen, der mich hinunter zum Dorf Oberdiessbach bringt.<\/p>\n<p>Laut Swissmap:<br \/>\nDistanz: 9.47 km; Aufstieg: 274 m; Abstieg: 672 m; Marschzeit: 2 h 45 min<\/p>\n<p><!-- index.php -->\n<div\n\tclass=\"ngg-galleryoverview ngg-ajax-pagination-none\"\n\tid=\"ngg-gallery-15365-1\">\n\n    \t<div class=\"slideshowlink\">\n        <a href='https:\/\/www.freimarianne.ch\/index.php\/nggallery\/slideshow?page_id=15327'>[Show as slideshow]<\/a>\n\t\t\n\t<\/div>\n\t\t\t<!-- Thumbnails -->\n\t\t\t\t<div id=\"ngg-image-0\" class=\"ngg-gallery-thumbnail-box\" >\n\t\t\t\t        <div class=\"ngg-gallery-thumbnail\">\n            <a href=\"https:\/\/www.freimarianne.ch\/wp-content\/gallery\/aschlenalp-1-1-16\/IMG_4625.jpg\"\n               title=\"\"\n               data-src=\"https:\/\/www.freimarianne.ch\/wp-content\/gallery\/aschlenalp-1-1-16\/IMG_4625.jpg\"\n               data-thumbnail=\"https:\/\/www.freimarianne.ch\/wp-content\/gallery\/aschlenalp-1-1-16\/thumbs\/thumbs_IMG_4625.jpg\"\n               data-image-id=\"12390\"\n               data-title=\"IMG_4625\"\n               data-description=\"\"\n               data-image-slug=\"img_4625-1\"\n               class=\"shutterset_15365\">\n                <img\n                    title=\"IMG_4625\"\n                    alt=\"IMG_4625\"\n                    src=\"https:\/\/www.freimarianne.ch\/wp-content\/gallery\/aschlenalp-1-1-16\/thumbs\/thumbs_IMG_4625.jpg\"\n                    width=\"100\"\n                    height=\"75\"\n                    style=\"max-width:100%;\"\n                \/>\n            <\/a>\n        <\/div>\n\t\t\t\t\t\t\t<\/div> \n\t\t\t\n        \n\t\t\t\t<div id=\"ngg-image-1\" class=\"ngg-gallery-thumbnail-box\" >\n\t\t\t\t        <div class=\"ngg-gallery-thumbnail\">\n            <a href=\"https:\/\/www.freimarianne.ch\/wp-content\/gallery\/aschlenalp-1-1-16\/IMG_4626.jpg\"\n               title=\"\"\n               data-src=\"https:\/\/www.freimarianne.ch\/wp-content\/gallery\/aschlenalp-1-1-16\/IMG_4626.jpg\"\n               data-thumbnail=\"https:\/\/www.freimarianne.ch\/wp-content\/gallery\/aschlenalp-1-1-16\/thumbs\/thumbs_IMG_4626.jpg\"\n               data-image-id=\"12391\"\n               data-title=\"IMG_4626\"\n               data-description=\"\"\n               data-image-slug=\"img_4626\"\n               class=\"shutterset_15365\">\n                <img\n                    title=\"IMG_4626\"\n                    alt=\"IMG_4626\"\n                    src=\"https:\/\/www.freimarianne.ch\/wp-content\/gallery\/aschlenalp-1-1-16\/thumbs\/thumbs_IMG_4626.jpg\"\n                    width=\"100\"\n                    height=\"75\"\n                    style=\"max-width:100%;\"\n                \/>\n            <\/a>\n        <\/div>\n\t\t\t\t\t\t\t<\/div> \n\t\t\t\n        \n\t\t\t\t<div id=\"ngg-image-2\" class=\"ngg-gallery-thumbnail-box\" >\n\t\t\t\t        <div class=\"ngg-gallery-thumbnail\">\n            <a href=\"https:\/\/www.freimarianne.ch\/wp-content\/gallery\/aschlenalp-1-1-16\/IMG_4636.jpg\"\n               title=\"\"\n               data-src=\"https:\/\/www.freimarianne.ch\/wp-content\/gallery\/aschlenalp-1-1-16\/IMG_4636.jpg\"\n               data-thumbnail=\"https:\/\/www.freimarianne.ch\/wp-content\/gallery\/aschlenalp-1-1-16\/thumbs\/thumbs_IMG_4636.jpg\"\n               data-image-id=\"12392\"\n               data-title=\"IMG_4636\"\n               data-description=\"\"\n               data-image-slug=\"img_4636-2\"\n               class=\"shutterset_15365\">\n                <img\n                    title=\"IMG_4636\"\n                    alt=\"IMG_4636\"\n                    src=\"https:\/\/www.freimarianne.ch\/wp-content\/gallery\/aschlenalp-1-1-16\/thumbs\/thumbs_IMG_4636.jpg\"\n                    width=\"100\"\n                    height=\"75\"\n                    style=\"max-width:100%;\"\n                \/>\n            <\/a>\n        <\/div>\n\t\t\t\t\t\t\t<\/div> \n\t\t\t\n        \n\t\t\t\t<div id=\"ngg-image-3\" class=\"ngg-gallery-thumbnail-box\" >\n\t\t\t\t        <div class=\"ngg-gallery-thumbnail\">\n            <a href=\"https:\/\/www.freimarianne.ch\/wp-content\/gallery\/aschlenalp-1-1-16\/IMG_4639.jpg\"\n               title=\"\"\n               data-src=\"https:\/\/www.freimarianne.ch\/wp-content\/gallery\/aschlenalp-1-1-16\/IMG_4639.jpg\"\n               data-thumbnail=\"https:\/\/www.freimarianne.ch\/wp-content\/gallery\/aschlenalp-1-1-16\/thumbs\/thumbs_IMG_4639.jpg\"\n               data-image-id=\"12393\"\n               data-title=\"IMG_4639\"\n               data-description=\"\"\n               data-image-slug=\"img_4639-1\"\n               class=\"shutterset_15365\">\n                <img\n                    title=\"IMG_4639\"\n                    alt=\"IMG_4639\"\n                    src=\"https:\/\/www.freimarianne.ch\/wp-content\/gallery\/aschlenalp-1-1-16\/thumbs\/thumbs_IMG_4639.jpg\"\n                    width=\"100\"\n                    height=\"75\"\n                    style=\"max-width:100%;\"\n                \/>\n            <\/a>\n        <\/div>\n\t\t\t\t\t\t\t<\/div> \n\t\t\t\n        \n\t\t\t\t<div id=\"ngg-image-4\" class=\"ngg-gallery-thumbnail-box\" >\n\t\t\t\t        <div class=\"ngg-gallery-thumbnail\">\n            <a href=\"https:\/\/www.freimarianne.ch\/wp-content\/gallery\/aschlenalp-1-1-16\/IMG_4642.jpg\"\n               title=\"\"\n               data-src=\"https:\/\/www.freimarianne.ch\/wp-content\/gallery\/aschlenalp-1-1-16\/IMG_4642.jpg\"\n               data-thumbnail=\"https:\/\/www.freimarianne.ch\/wp-content\/gallery\/aschlenalp-1-1-16\/thumbs\/thumbs_IMG_4642.jpg\"\n               data-image-id=\"12394\"\n               data-title=\"IMG_4642\"\n               data-description=\"\"\n               data-image-slug=\"img_4642-3\"\n               class=\"shutterset_15365\">\n                <img\n                    title=\"IMG_4642\"\n                    alt=\"IMG_4642\"\n                    src=\"https:\/\/www.freimarianne.ch\/wp-content\/gallery\/aschlenalp-1-1-16\/thumbs\/thumbs_IMG_4642.jpg\"\n                    width=\"100\"\n                    height=\"75\"\n                    style=\"max-width:100%;\"\n                \/>\n            <\/a>\n        <\/div>\n\t\t\t\t\t\t\t<\/div> \n\t\t\t\n        \n\t\t\t\t<div id=\"ngg-image-5\" class=\"ngg-gallery-thumbnail-box\" >\n\t\t\t\t        <div class=\"ngg-gallery-thumbnail\">\n            <a href=\"https:\/\/www.freimarianne.ch\/wp-content\/gallery\/aschlenalp-1-1-16\/IMG_4643.jpg\"\n               title=\"\"\n               data-src=\"https:\/\/www.freimarianne.ch\/wp-content\/gallery\/aschlenalp-1-1-16\/IMG_4643.jpg\"\n               data-thumbnail=\"https:\/\/www.freimarianne.ch\/wp-content\/gallery\/aschlenalp-1-1-16\/thumbs\/thumbs_IMG_4643.jpg\"\n               data-image-id=\"12395\"\n               data-title=\"IMG_4643\"\n               data-description=\"\"\n               data-image-slug=\"img_4643-4\"\n               class=\"shutterset_15365\">\n                <img\n                    title=\"IMG_4643\"\n                    alt=\"IMG_4643\"\n                    src=\"https:\/\/www.freimarianne.ch\/wp-content\/gallery\/aschlenalp-1-1-16\/thumbs\/thumbs_IMG_4643.jpg\"\n                    width=\"100\"\n                    height=\"75\"\n                    style=\"max-width:100%;\"\n                \/>\n            <\/a>\n        <\/div>\n\t\t\t\t\t\t\t<\/div> \n\t\t\t\n        \n\t\t\t\t<div id=\"ngg-image-6\" class=\"ngg-gallery-thumbnail-box\" >\n\t\t\t\t        <div class=\"ngg-gallery-thumbnail\">\n            <a href=\"https:\/\/www.freimarianne.ch\/wp-content\/gallery\/aschlenalp-1-1-16\/IMG_4651.jpg\"\n               title=\"\"\n               data-src=\"https:\/\/www.freimarianne.ch\/wp-content\/gallery\/aschlenalp-1-1-16\/IMG_4651.jpg\"\n               data-thumbnail=\"https:\/\/www.freimarianne.ch\/wp-content\/gallery\/aschlenalp-1-1-16\/thumbs\/thumbs_IMG_4651.jpg\"\n               data-image-id=\"12396\"\n               data-title=\"IMG_4651\"\n               data-description=\"\"\n               data-image-slug=\"img_4651-1\"\n               class=\"shutterset_15365\">\n                <img\n                    title=\"IMG_4651\"\n                    alt=\"IMG_4651\"\n                    src=\"https:\/\/www.freimarianne.ch\/wp-content\/gallery\/aschlenalp-1-1-16\/thumbs\/thumbs_IMG_4651.jpg\"\n                    width=\"100\"\n                    height=\"75\"\n                    style=\"max-width:100%;\"\n                \/>\n            <\/a>\n        <\/div>\n\t\t\t\t\t\t\t<\/div> \n\t\t\t\n        \n\t\t\t\t<div id=\"ngg-image-7\" class=\"ngg-gallery-thumbnail-box\" >\n\t\t\t\t        <div class=\"ngg-gallery-thumbnail\">\n            <a href=\"https:\/\/www.freimarianne.ch\/wp-content\/gallery\/aschlenalp-1-1-16\/IMG_4658.jpg\"\n               title=\"\"\n               data-src=\"https:\/\/www.freimarianne.ch\/wp-content\/gallery\/aschlenalp-1-1-16\/IMG_4658.jpg\"\n               data-thumbnail=\"https:\/\/www.freimarianne.ch\/wp-content\/gallery\/aschlenalp-1-1-16\/thumbs\/thumbs_IMG_4658.jpg\"\n               data-image-id=\"12397\"\n               data-title=\"IMG_4658\"\n               data-description=\"\"\n               data-image-slug=\"img_4658-3\"\n               class=\"shutterset_15365\">\n                <img\n                    title=\"IMG_4658\"\n                    alt=\"IMG_4658\"\n                    src=\"https:\/\/www.freimarianne.ch\/wp-content\/gallery\/aschlenalp-1-1-16\/thumbs\/thumbs_IMG_4658.jpg\"\n                    width=\"100\"\n                    height=\"75\"\n                    style=\"max-width:100%;\"\n                \/>\n            <\/a>\n        <\/div>\n\t\t\t\t\t\t\t<\/div> \n\t\t\t\n        \n\t\t\t\t<div id=\"ngg-image-8\" class=\"ngg-gallery-thumbnail-box\" >\n\t\t\t\t        <div class=\"ngg-gallery-thumbnail\">\n            <a href=\"https:\/\/www.freimarianne.ch\/wp-content\/gallery\/aschlenalp-1-1-16\/IMG_4659.jpg\"\n               title=\"\"\n               data-src=\"https:\/\/www.freimarianne.ch\/wp-content\/gallery\/aschlenalp-1-1-16\/IMG_4659.jpg\"\n               data-thumbnail=\"https:\/\/www.freimarianne.ch\/wp-content\/gallery\/aschlenalp-1-1-16\/thumbs\/thumbs_IMG_4659.jpg\"\n               data-image-id=\"12398\"\n               data-title=\"IMG_4659\"\n               data-description=\"\"\n               data-image-slug=\"img_4659-1\"\n               class=\"shutterset_15365\">\n                <img\n                    title=\"IMG_4659\"\n                    alt=\"IMG_4659\"\n                    src=\"https:\/\/www.freimarianne.ch\/wp-content\/gallery\/aschlenalp-1-1-16\/thumbs\/thumbs_IMG_4659.jpg\"\n                    width=\"100\"\n                    height=\"75\"\n                    style=\"max-width:100%;\"\n                \/>\n            <\/a>\n        <\/div>\n\t\t\t\t\t\t\t<\/div> \n\t\t\t\n        \n\t\t\t\t<div id=\"ngg-image-9\" class=\"ngg-gallery-thumbnail-box\" >\n\t\t\t\t        <div class=\"ngg-gallery-thumbnail\">\n            <a href=\"https:\/\/www.freimarianne.ch\/wp-content\/gallery\/aschlenalp-1-1-16\/IMG_4663.jpg\"\n               title=\"\"\n               data-src=\"https:\/\/www.freimarianne.ch\/wp-content\/gallery\/aschlenalp-1-1-16\/IMG_4663.jpg\"\n               data-thumbnail=\"https:\/\/www.freimarianne.ch\/wp-content\/gallery\/aschlenalp-1-1-16\/thumbs\/thumbs_IMG_4663.jpg\"\n               data-image-id=\"12399\"\n               data-title=\"IMG_4663\"\n               data-description=\"\"\n               data-image-slug=\"img_4663-3\"\n               class=\"shutterset_15365\">\n                <img\n                    title=\"IMG_4663\"\n                    alt=\"IMG_4663\"\n                    src=\"https:\/\/www.freimarianne.ch\/wp-content\/gallery\/aschlenalp-1-1-16\/thumbs\/thumbs_IMG_4663.jpg\"\n                    width=\"100\"\n                    height=\"75\"\n                    style=\"max-width:100%;\"\n                \/>\n            <\/a>\n        <\/div>\n\t\t\t\t\t\t\t<\/div> \n\t\t\t\n        \n\t\t\t\t<div id=\"ngg-image-10\" class=\"ngg-gallery-thumbnail-box\" >\n\t\t\t\t        <div class=\"ngg-gallery-thumbnail\">\n            <a href=\"https:\/\/www.freimarianne.ch\/wp-content\/gallery\/aschlenalp-1-1-16\/IMG_4664.jpg\"\n               title=\"\"\n               data-src=\"https:\/\/www.freimarianne.ch\/wp-content\/gallery\/aschlenalp-1-1-16\/IMG_4664.jpg\"\n               data-thumbnail=\"https:\/\/www.freimarianne.ch\/wp-content\/gallery\/aschlenalp-1-1-16\/thumbs\/thumbs_IMG_4664.jpg\"\n               data-image-id=\"12400\"\n               data-title=\"IMG_4664\"\n               data-description=\"\"\n               data-image-slug=\"img_4664-1\"\n               class=\"shutterset_15365\">\n                <img\n                    title=\"IMG_4664\"\n                    alt=\"IMG_4664\"\n                    src=\"https:\/\/www.freimarianne.ch\/wp-content\/gallery\/aschlenalp-1-1-16\/thumbs\/thumbs_IMG_4664.jpg\"\n                    width=\"100\"\n                    height=\"75\"\n                    style=\"max-width:100%;\"\n                \/>\n            <\/a>\n        <\/div>\n\t\t\t\t\t\t\t<\/div> \n\t\t\t\n        \n\t\t\t\t<div id=\"ngg-image-11\" class=\"ngg-gallery-thumbnail-box\" >\n\t\t\t\t        <div class=\"ngg-gallery-thumbnail\">\n            <a href=\"https:\/\/www.freimarianne.ch\/wp-content\/gallery\/aschlenalp-1-1-16\/IMG_4665.jpg\"\n               title=\"\"\n               data-src=\"https:\/\/www.freimarianne.ch\/wp-content\/gallery\/aschlenalp-1-1-16\/IMG_4665.jpg\"\n               data-thumbnail=\"https:\/\/www.freimarianne.ch\/wp-content\/gallery\/aschlenalp-1-1-16\/thumbs\/thumbs_IMG_4665.jpg\"\n               data-image-id=\"12401\"\n               data-title=\"IMG_4665\"\n               data-description=\"\"\n               data-image-slug=\"img_4665-1\"\n               class=\"shutterset_15365\">\n                <img\n                    title=\"IMG_4665\"\n                    alt=\"IMG_4665\"\n                    src=\"https:\/\/www.freimarianne.ch\/wp-content\/gallery\/aschlenalp-1-1-16\/thumbs\/thumbs_IMG_4665.jpg\"\n                    width=\"100\"\n                    height=\"75\"\n                    style=\"max-width:100%;\"\n                \/>\n            <\/a>\n        <\/div>\n\t\t\t\t\t\t\t<\/div> \n\t\t\t\n        \n\t\t\t\t<div id=\"ngg-image-12\" class=\"ngg-gallery-thumbnail-box\" >\n\t\t\t\t        <div class=\"ngg-gallery-thumbnail\">\n            <a href=\"https:\/\/www.freimarianne.ch\/wp-content\/gallery\/aschlenalp-1-1-16\/IMG_4666.jpg\"\n               title=\"\"\n               data-src=\"https:\/\/www.freimarianne.ch\/wp-content\/gallery\/aschlenalp-1-1-16\/IMG_4666.jpg\"\n               data-thumbnail=\"https:\/\/www.freimarianne.ch\/wp-content\/gallery\/aschlenalp-1-1-16\/thumbs\/thumbs_IMG_4666.jpg\"\n               data-image-id=\"12402\"\n               data-title=\"IMG_4666\"\n               data-description=\"\"\n               data-image-slug=\"img_4666\"\n               class=\"shutterset_15365\">\n                <img\n                    title=\"IMG_4666\"\n                    alt=\"IMG_4666\"\n                    src=\"https:\/\/www.freimarianne.ch\/wp-content\/gallery\/aschlenalp-1-1-16\/thumbs\/thumbs_IMG_4666.jpg\"\n                    width=\"100\"\n                    height=\"75\"\n                    style=\"max-width:100%;\"\n                \/>\n            <\/a>\n        <\/div>\n\t\t\t\t\t\t\t<\/div> \n\t\t\t\n        \n\t\t\t\t<div id=\"ngg-image-13\" class=\"ngg-gallery-thumbnail-box\" >\n\t\t\t\t        <div class=\"ngg-gallery-thumbnail\">\n            <a href=\"https:\/\/www.freimarianne.ch\/wp-content\/gallery\/aschlenalp-1-1-16\/IMG_4669.jpg\"\n               title=\"\"\n               data-src=\"https:\/\/www.freimarianne.ch\/wp-content\/gallery\/aschlenalp-1-1-16\/IMG_4669.jpg\"\n               data-thumbnail=\"https:\/\/www.freimarianne.ch\/wp-content\/gallery\/aschlenalp-1-1-16\/thumbs\/thumbs_IMG_4669.jpg\"\n               data-image-id=\"12403\"\n               data-title=\"IMG_4669\"\n               data-description=\"\"\n               data-image-slug=\"img_4669-1\"\n               class=\"shutterset_15365\">\n                <img\n                    title=\"IMG_4669\"\n                    alt=\"IMG_4669\"\n                    src=\"https:\/\/www.freimarianne.ch\/wp-content\/gallery\/aschlenalp-1-1-16\/thumbs\/thumbs_IMG_4669.jpg\"\n                    width=\"100\"\n                    height=\"75\"\n                    style=\"max-width:100%;\"\n                \/>\n            <\/a>\n        <\/div>\n\t\t\t\t\t\t\t<\/div> \n\t\t\t\n        \n\t\t\t\t<div id=\"ngg-image-14\" class=\"ngg-gallery-thumbnail-box\" >\n\t\t\t\t        <div class=\"ngg-gallery-thumbnail\">\n            <a href=\"https:\/\/www.freimarianne.ch\/wp-content\/gallery\/aschlenalp-1-1-16\/IMG_4678.jpg\"\n               title=\"\"\n               data-src=\"https:\/\/www.freimarianne.ch\/wp-content\/gallery\/aschlenalp-1-1-16\/IMG_4678.jpg\"\n               data-thumbnail=\"https:\/\/www.freimarianne.ch\/wp-content\/gallery\/aschlenalp-1-1-16\/thumbs\/thumbs_IMG_4678.jpg\"\n               data-image-id=\"12404\"\n               data-title=\"IMG_4678\"\n               data-description=\"\"\n               data-image-slug=\"img_4678-1\"\n               class=\"shutterset_15365\">\n                <img\n                    title=\"IMG_4678\"\n                    alt=\"IMG_4678\"\n                    src=\"https:\/\/www.freimarianne.ch\/wp-content\/gallery\/aschlenalp-1-1-16\/thumbs\/thumbs_IMG_4678.jpg\"\n                    width=\"100\"\n                    height=\"75\"\n                    style=\"max-width:100%;\"\n                \/>\n            <\/a>\n        <\/div>\n\t\t\t\t\t\t\t<\/div> \n\t\t\t\n        \n\t\t\t\t<div id=\"ngg-image-15\" class=\"ngg-gallery-thumbnail-box\" >\n\t\t\t\t        <div class=\"ngg-gallery-thumbnail\">\n            <a href=\"https:\/\/www.freimarianne.ch\/wp-content\/gallery\/aschlenalp-1-1-16\/Pano-4679-82.jpg\"\n               title=\"\"\n               data-src=\"https:\/\/www.freimarianne.ch\/wp-content\/gallery\/aschlenalp-1-1-16\/Pano-4679-82.jpg\"\n               data-thumbnail=\"https:\/\/www.freimarianne.ch\/wp-content\/gallery\/aschlenalp-1-1-16\/thumbs\/thumbs_Pano-4679-82.jpg\"\n               data-image-id=\"12405\"\n               data-title=\"Pano 4679-82\"\n               data-description=\"\"\n               data-image-slug=\"pano-4679-82\"\n               class=\"shutterset_15365\">\n                <img\n                    title=\"Pano 4679-82\"\n                    alt=\"Pano 4679-82\"\n                    src=\"https:\/\/www.freimarianne.ch\/wp-content\/gallery\/aschlenalp-1-1-16\/thumbs\/thumbs_Pano-4679-82.jpg\"\n                    width=\"100\"\n                    height=\"75\"\n                    style=\"max-width:100%;\"\n                \/>\n            <\/a>\n        <\/div>\n\t\t\t\t\t\t\t<\/div> \n\t\t\t\n        \n\t\t\n\t\t<!-- Pagination -->\n\t<div class='ngg-clear'><\/div>\t<\/div>\n<\/p>\n","protected":false},"excerpt":{"rendered":"<p>Wanderung von Heimenschwand \u00fcber die Schafegg &#8211; \u00c4schlenalp nach Oberdiessenbach Da die Wetterprognose etwas unsicher ist mache ich nur einen kurzen Ausflug am Neujahrstag. Ich fahre von Thun mit dem Bus nach Heimenschwand 1006m an die Sonne hinauf und wandere in der H\u00f6he oft im Wald \u00fcber Hohr\u00fcti, Vordere Flue \u00fcber die Schafegg. Konnte ich [&hellip;]<\/p>\n","protected":false},"author":1,"featured_media":0,"parent":14834,"menu_order":14,"comment_status":"closed","ping_status":"closed","template":"","meta":{"ngg_post_thumbnail":0},"_links":{"self":[{"href":"https:\/\/www.freimarianne.ch\/index.php?rest_route=\/wp\/v2\/pages\/15327"}],"collection":[{"href":"https:\/\/www.freimarianne.ch\/index.php?rest_route=\/wp\/v2\/pages"}],"about":[{"href":"https:\/\/www.freimarianne.ch\/index.php?rest_route=\/wp\/v2\/types\/page"}],"author":[{"embeddable":true,"href":"https:\/\/www.freimarianne.ch\/index.php?rest_route=\/wp\/v2\/users\/1"}],"replies":[{"embeddable":true,"href":"https:\/\/www.freimarianne.ch\/index.php?rest_route=%2Fwp%2Fv2%2Fcomments&post=15327"}],"version-history":[{"count":4,"href":"https:\/\/www.freimarianne.ch\/index.php?rest_route=\/wp\/v2\/pages\/15327\/revisions"}],"predecessor-version":[{"id":15366,"href":"https:\/\/www.freimarianne.ch\/index.php?rest_route=\/wp\/v2\/pages\/15327\/revisions\/15366"}],"up":[{"embeddable":true,"href":"https:\/\/www.freimarianne.ch\/index.php?rest_route=\/wp\/v2\/pages\/14834"}],"wp:attachment":[{"href":"https:\/\/www.freimarianne.ch\/index.php?rest_route=%2Fwp%2Fv2%2Fmedia&parent=15327"}],"curies":[{"name":"wp","href":"https:\/\/api.w.org\/{rel}","templated":true}]}}