{"id":15601,"date":"2016-02-23T10:49:05","date_gmt":"2016-02-23T09:49:05","guid":{"rendered":"http:\/\/www.freimarianne.ch\/?page_id=15601"},"modified":"2016-04-26T15:26:51","modified_gmt":"2016-04-26T14:26:51","slug":"arosa-gr-18-2-2016","status":"publish","type":"page","link":"https:\/\/www.freimarianne.ch\/?page_id=15601","title":{"rendered":"Arosa   GR  18.2.2016"},"content":{"rendered":"<p><strong>Schneeschuhwanderung zum Roten Tritt<\/strong><br \/>\nRoute: Arosa Bahnhof &#8211; Maran &#8211; Rote Tritt &#8211; Scheidegg &#8211; Pr\u00e4tschli<br \/>\n[slideshow_deploy id=&#8217;15616&#8217;&#093;<br \/>\nIch steige nach Maran hinauf, wo ich dem Weg Richtung Rot Tritt folge. Ich gehe mit den Schneeschuhen auf dem Wanderweg! Es geht stetig hinauf in einer weiten Schlaufe \u00fcber die Pr\u00e4tschalp 1985m zum Rot Tritt 2008m, von wo man einen sch\u00f6nen Blick hinunter auf Langwies hat. Der Weg wendet sich nun nach Norden und ich komme zur h\u00f6chsten Stelle meiner Wanderung, zur Scheidegg 2091m, wo ich kurz raste. Teilweise auf dem Wanderweg, teilweise quer durch den tiefen Schnee steige ich hinunter zum Pr\u00e4tschli, wo gleich ein Bus kommt, der mich hinunter zum Bahnhof bringt.<br \/>\nEs reicht noch zu einem Spaziergang um den Obersee und zu einer Esspause. Dann besteige ich den Zug nach Chur. Die Fahrt hiunter durch das Schanfigg ist immer sehr abwechslungsreich.<br \/>\nDies war ein sch\u00f6ner Tag mit sicher besserem Wetter im Osten.<\/p>\n<p>Laut Swissmap:<br \/>\nDistanz: 8.04km; Aufstieg: 384m; Abstieg: 227m; Marschzeit: 2. 21h<br \/>\nmit Schneeschuhen l\u00e4nger.<\/p>\n<p><a href=\"https:\/\/map.wanderland.ch\/?lang=de&amp;route=all&amp;bgLayer=pk&amp;resolution=10&amp;X=770854&amp;Y=185278&amp;layers=Wanderland&amp;trackId=2536307\">Tour Schweizmobil<\/a><\/p>\n<p><img loading=\"lazy\" class=\"alignleft size-full wp-image-15808\" src=\"http:\/\/www.freimarianne.ch\/wp-content\/uploads\/2016\/03\/Arosa_500.jpg\" alt=\"Arosa_500\" width=\"500\" height=\"353\" srcset=\"https:\/\/www.freimarianne.ch\/wp-content\/uploads\/2016\/03\/Arosa_500.jpg 500w, https:\/\/www.freimarianne.ch\/wp-content\/uploads\/2016\/03\/Arosa_500-300x212.jpg 300w, https:\/\/www.freimarianne.ch\/wp-content\/uploads\/2016\/03\/Arosa_500-425x300.jpg 425w\" sizes=\"(max-width: 500px) 100vw, 500px\" \/><\/p>\n","protected":false},"excerpt":{"rendered":"<p>Schneeschuhwanderung zum Roten Tritt Route: Arosa Bahnhof &#8211; Maran &#8211; Rote Tritt &#8211; Scheidegg &#8211; Pr\u00e4tschli Ich steige nach Maran hinauf, wo ich dem Weg Richtung Rot Tritt folge. Ich gehe mit den Schneeschuhen auf dem Wanderweg! Es geht stetig hinauf in einer weiten Schlaufe \u00fcber die Pr\u00e4tschalp 1985m zum Rot Tritt 2008m, von wo [&hellip;]<\/p>\n","protected":false},"author":1,"featured_media":0,"parent":14834,"menu_order":21,"comment_status":"closed","ping_status":"closed","template":"","meta":{"ngg_post_thumbnail":0},"_links":{"self":[{"href":"https:\/\/www.freimarianne.ch\/index.php?rest_route=\/wp\/v2\/pages\/15601"}],"collection":[{"href":"https:\/\/www.freimarianne.ch\/index.php?rest_route=\/wp\/v2\/pages"}],"about":[{"href":"https:\/\/www.freimarianne.ch\/index.php?rest_route=\/wp\/v2\/types\/page"}],"author":[{"embeddable":true,"href":"https:\/\/www.freimarianne.ch\/index.php?rest_route=\/wp\/v2\/users\/1"}],"replies":[{"embeddable":true,"href":"https:\/\/www.freimarianne.ch\/index.php?rest_route=%2Fwp%2Fv2%2Fcomments&post=15601"}],"version-history":[{"count":6,"href":"https:\/\/www.freimarianne.ch\/index.php?rest_route=\/wp\/v2\/pages\/15601\/revisions"}],"predecessor-version":[{"id":16738,"href":"https:\/\/www.freimarianne.ch\/index.php?rest_route=\/wp\/v2\/pages\/15601\/revisions\/16738"}],"up":[{"embeddable":true,"href":"https:\/\/www.freimarianne.ch\/index.php?rest_route=\/wp\/v2\/pages\/14834"}],"wp:attachment":[{"href":"https:\/\/www.freimarianne.ch\/index.php?rest_route=%2Fwp%2Fv2%2Fmedia&parent=15601"}],"curies":[{"name":"wp","href":"https:\/\/api.w.org\/{rel}","templated":true}]}}