{"id":16013,"date":"2016-03-07T09:54:47","date_gmt":"2016-03-07T08:54:47","guid":{"rendered":"http:\/\/www.freimarianne.ch\/?page_id=16013"},"modified":"2016-03-07T10:38:01","modified_gmt":"2016-03-07T09:38:01","slug":"vella-1-2-2016","status":"publish","type":"page","link":"https:\/\/www.freimarianne.ch\/?page_id=16013","title":{"rendered":"Vella  1.2.2016"},"content":{"rendered":"<p><strong>A<\/strong>m Sonntag 31.1.2016\u00a0 schneit es endlich! Wir machen eine Winterwanderung im teilweise tiefen Schnee\u00a0 nach Morissen &#8211; S. Carlo zum Restaurant B\u00fcndnerrigi, wo wir uns trocken k\u00f6nnen.<\/p>\n<p><strong>Montag : Skifahren bei pr\u00e4chtigen Wetter<\/strong><\/p>\n<p>Ein Sch\u00f6nwettertag !\u00a0 WIr\u00a0 fahren auf der Piste\u00a0 von\u00a0 Hitzeggen\u00a0 hinunter nach Vella. Die Schneeverh\u00e4ltnisse sind nicht optimal. Am Morgen sind die steileren Abschnitte leicht vereist und am Nachmittag ist der Schnee bald sulzig. Sp\u00e4ter fahren wir\u00a0 auf der Obersaxenseite\u00a0 hinunter nach Kartischa\u00a0 und zu einem Restaurant unterhalb\u00a0 Kartischa, wo wir zu dritt einkehren. Brigitte f\u00e4hrt alleine hinunter. Sp\u00e4ter treffen wir uns wieder und wir fahren hinunter nach Meierhof zur Talstation der Sesselbahn. Die Piste ist nicht\u00a0 sehr gut. Wir fahren dann\u00a0 ganz hinauf auf den Stein 2170m. Wir\u00a0 nehmen dann die Piste hinunter nach Wali ( schwierige Verh\u00e4ltnisse ). Von Wali geht es wieder hinauf zum Stein und hin\u00fcber auf die Piste nach Vella, wobei wir einen ganz steilen, verfahrenen Hang nehmen m\u00fcssen. Hanspeter und ich rutschen diesen Hang hinunter. Dies\u00a0 wird der einzige Ausflug dieser Woche auf die Nordseite bleiben!<\/p>\n<p><!-- index.php -->\n<div\n\tclass=\"ngg-galleryoverview ngg-ajax-pagination-none\"\n\tid=\"ngg-gallery-16025-1\">\n\n    \t<div class=\"slideshowlink\">\n        <a href='https:\/\/www.freimarianne.ch\/index.php\/nggallery\/slideshow?page_id=16013'>[Show as slideshow]<\/a>\n\t\t\n\t<\/div>\n\t\t\t<!-- Thumbnails -->\n\t\t\t\t<div id=\"ngg-image-0\" class=\"ngg-gallery-thumbnail-box\" >\n\t\t\t\t        <div class=\"ngg-gallery-thumbnail\">\n            <a href=\"https:\/\/www.freimarianne.ch\/wp-content\/gallery\/vella-1-2-2016\/IMG_5037.jpg\"\n               title=\"Hotel Gravas am 1. Februar!\"\n               data-src=\"https:\/\/www.freimarianne.ch\/wp-content\/gallery\/vella-1-2-2016\/IMG_5037.jpg\"\n               data-thumbnail=\"https:\/\/www.freimarianne.ch\/wp-content\/gallery\/vella-1-2-2016\/thumbs\/thumbs_IMG_5037.jpg\"\n               data-image-id=\"12575\"\n               data-title=\"Hotel Gravas am 1. Februar!\"\n               data-description=\"Hotel Gravas am 1. Februar!\"\n               data-image-slug=\"img_5037-1\"\n               class=\"shutterset_16025\">\n                <img\n                    title=\"Hotel Gravas am 1. Februar!\"\n                    alt=\"Hotel Gravas am 1. Februar!\"\n                    src=\"https:\/\/www.freimarianne.ch\/wp-content\/gallery\/vella-1-2-2016\/thumbs\/thumbs_IMG_5037.jpg\"\n                    width=\"100\"\n                    height=\"75\"\n                    style=\"max-width:100%;\"\n                \/>\n            <\/a>\n        <\/div>\n\t\t\t\t\t\t\t<\/div> \n\t\t\t\n        \n\t\t\t\t<div id=\"ngg-image-1\" class=\"ngg-gallery-thumbnail-box\" >\n\t\t\t\t        <div class=\"ngg-gallery-thumbnail\">\n            <a href=\"https:\/\/www.freimarianne.ch\/wp-content\/gallery\/vella-1-2-2016\/IMG_5038.jpg\"\n               title=\"Sicht von Hitzeggen gegen Piz Mundaun; hi Calanda\"\n               data-src=\"https:\/\/www.freimarianne.ch\/wp-content\/gallery\/vella-1-2-2016\/IMG_5038.jpg\"\n               data-thumbnail=\"https:\/\/www.freimarianne.ch\/wp-content\/gallery\/vella-1-2-2016\/thumbs\/thumbs_IMG_5038.jpg\"\n               data-image-id=\"12576\"\n               data-title=\"Sicht von Hitzeggen gegen Piz Mundaun; hi Calanda\"\n               data-description=\"Sicht von Hitzeggen gegen Piz Mundaun; hi Calanda\"\n               data-image-slug=\"img_5038-1\"\n               class=\"shutterset_16025\">\n                <img\n                    title=\"Sicht von Hitzeggen gegen Piz Mundaun; hi Calanda\"\n                    alt=\"Sicht von Hitzeggen gegen Piz Mundaun; hi Calanda\"\n                    src=\"https:\/\/www.freimarianne.ch\/wp-content\/gallery\/vella-1-2-2016\/thumbs\/thumbs_IMG_5038.jpg\"\n                    width=\"100\"\n                    height=\"75\"\n                    style=\"max-width:100%;\"\n                \/>\n            <\/a>\n        <\/div>\n\t\t\t\t\t\t\t<\/div> \n\t\t\t\n        \n\t\t\t\t<div id=\"ngg-image-2\" class=\"ngg-gallery-thumbnail-box\" >\n\t\t\t\t        <div class=\"ngg-gallery-thumbnail\">\n            <a href=\"https:\/\/www.freimarianne.ch\/wp-content\/gallery\/vella-1-2-2016\/IMG_5043.jpg\"\n               title=\"auf Hitzeggen; Blick  gegen Surselva\"\n               data-src=\"https:\/\/www.freimarianne.ch\/wp-content\/gallery\/vella-1-2-2016\/IMG_5043.jpg\"\n               data-thumbnail=\"https:\/\/www.freimarianne.ch\/wp-content\/gallery\/vella-1-2-2016\/thumbs\/thumbs_IMG_5043.jpg\"\n               data-image-id=\"12577\"\n               data-title=\"auf Hitzeggen; Blick  gegen Surselva\"\n               data-description=\"auf Hitzeggen; Blick  gegen Surselva\"\n               data-image-slug=\"img_5043-1\"\n               class=\"shutterset_16025\">\n                <img\n                    title=\"auf Hitzeggen; Blick  gegen Surselva\"\n                    alt=\"auf Hitzeggen; Blick  gegen Surselva\"\n                    src=\"https:\/\/www.freimarianne.ch\/wp-content\/gallery\/vella-1-2-2016\/thumbs\/thumbs_IMG_5043.jpg\"\n                    width=\"100\"\n                    height=\"75\"\n                    style=\"max-width:100%;\"\n                \/>\n            <\/a>\n        <\/div>\n\t\t\t\t\t\t\t<\/div> \n\t\t\t\n        \n\t\t\t\t<div id=\"ngg-image-3\" class=\"ngg-gallery-thumbnail-box\" >\n\t\t\t\t        <div class=\"ngg-gallery-thumbnail\">\n            <a href=\"https:\/\/www.freimarianne.ch\/wp-content\/gallery\/vella-1-2-2016\/IMG_5045.jpg\"\n               title=\"mir Piz Aul\"\n               data-src=\"https:\/\/www.freimarianne.ch\/wp-content\/gallery\/vella-1-2-2016\/IMG_5045.jpg\"\n               data-thumbnail=\"https:\/\/www.freimarianne.ch\/wp-content\/gallery\/vella-1-2-2016\/thumbs\/thumbs_IMG_5045.jpg\"\n               data-image-id=\"12578\"\n               data-title=\"mir Piz Aul\"\n               data-description=\"mir Piz Aul\"\n               data-image-slug=\"img_5045\"\n               class=\"shutterset_16025\">\n                <img\n                    title=\"mir Piz Aul\"\n                    alt=\"mir Piz Aul\"\n                    src=\"https:\/\/www.freimarianne.ch\/wp-content\/gallery\/vella-1-2-2016\/thumbs\/thumbs_IMG_5045.jpg\"\n                    width=\"100\"\n                    height=\"75\"\n                    style=\"max-width:100%;\"\n                \/>\n            <\/a>\n        <\/div>\n\t\t\t\t\t\t\t<\/div> \n\t\t\t\n        \n\t\t\t\t<div id=\"ngg-image-4\" class=\"ngg-gallery-thumbnail-box\" >\n\t\t\t\t        <div class=\"ngg-gallery-thumbnail\">\n            <a href=\"https:\/\/www.freimarianne.ch\/wp-content\/gallery\/vella-1-2-2016\/IMG_5047.jpg\"\n               title=\"Piz Serenastga 2874m, Sattelichopf 2864m, Piz Aul 3121m, Piz Regina 2532m,\"\n               data-src=\"https:\/\/www.freimarianne.ch\/wp-content\/gallery\/vella-1-2-2016\/IMG_5047.jpg\"\n               data-thumbnail=\"https:\/\/www.freimarianne.ch\/wp-content\/gallery\/vella-1-2-2016\/thumbs\/thumbs_IMG_5047.jpg\"\n               data-image-id=\"12579\"\n               data-title=\"Piz Serenastga 2874m, Sattelichopf 2864m, Piz Aul 3121m, Piz Regina 2532m,\"\n               data-description=\"Piz Serenastga 2874m, Sattelichopf 2864m, Piz Aul 3121m, Piz Regina 2532m,\"\n               data-image-slug=\"img_5047-1\"\n               class=\"shutterset_16025\">\n                <img\n                    title=\"Piz Serenastga 2874m, Sattelichopf 2864m, Piz Aul 3121m, Piz Regina 2532m,\"\n                    alt=\"Piz Serenastga 2874m, Sattelichopf 2864m, Piz Aul 3121m, Piz Regina 2532m,\"\n                    src=\"https:\/\/www.freimarianne.ch\/wp-content\/gallery\/vella-1-2-2016\/thumbs\/thumbs_IMG_5047.jpg\"\n                    width=\"100\"\n                    height=\"75\"\n                    style=\"max-width:100%;\"\n                \/>\n            <\/a>\n        <\/div>\n\t\t\t\t\t\t\t<\/div> \n\t\t\t\n        \n\t\t\t\t<div id=\"ngg-image-5\" class=\"ngg-gallery-thumbnail-box\" >\n\t\t\t\t        <div class=\"ngg-gallery-thumbnail\">\n            <a href=\"https:\/\/www.freimarianne.ch\/wp-content\/gallery\/vella-1-2-2016\/IMG_5048.jpg\"\n               title=\"Ringelspitz hi; Piz Mundaun und Signinagruppe\"\n               data-src=\"https:\/\/www.freimarianne.ch\/wp-content\/gallery\/vella-1-2-2016\/IMG_5048.jpg\"\n               data-thumbnail=\"https:\/\/www.freimarianne.ch\/wp-content\/gallery\/vella-1-2-2016\/thumbs\/thumbs_IMG_5048.jpg\"\n               data-image-id=\"12580\"\n               data-title=\"Ringelspitz hi; Piz Mundaun und Signinagruppe\"\n               data-description=\"Ringelspitz hi; Piz Mundaun und Signinagruppe\"\n               data-image-slug=\"img_5048\"\n               class=\"shutterset_16025\">\n                <img\n                    title=\"Ringelspitz hi; Piz Mundaun und Signinagruppe\"\n                    alt=\"Ringelspitz hi; Piz Mundaun und Signinagruppe\"\n                    src=\"https:\/\/www.freimarianne.ch\/wp-content\/gallery\/vella-1-2-2016\/thumbs\/thumbs_IMG_5048.jpg\"\n                    width=\"100\"\n                    height=\"75\"\n                    style=\"max-width:100%;\"\n                \/>\n            <\/a>\n        <\/div>\n\t\t\t\t\t\t\t<\/div> \n\t\t\t\n        \n\t\t\t\t<div id=\"ngg-image-6\" class=\"ngg-gallery-thumbnail-box\" >\n\t\t\t\t        <div class=\"ngg-gallery-thumbnail\">\n            <a href=\"https:\/\/www.freimarianne.ch\/wp-content\/gallery\/vella-1-2-2016\/IMG_5050.jpg\"\n               title=\"Piz Serenastga 2874m, Sattelichopf 2864m, Piz Aul 3121m; mit Stein 2170m\"\n               data-src=\"https:\/\/www.freimarianne.ch\/wp-content\/gallery\/vella-1-2-2016\/IMG_5050.jpg\"\n               data-thumbnail=\"https:\/\/www.freimarianne.ch\/wp-content\/gallery\/vella-1-2-2016\/thumbs\/thumbs_IMG_5050.jpg\"\n               data-image-id=\"12581\"\n               data-title=\"Piz Serenastga 2874m, Sattelichopf 2864m, Piz Aul 3121m; mit Stein 2170m\"\n               data-description=\"Piz Serenastga 2874m, Sattelichopf 2864m, Piz Aul 3121m; mit Stein 2170m\"\n               data-image-slug=\"img_5050\"\n               class=\"shutterset_16025\">\n                <img\n                    title=\"Piz Serenastga 2874m, Sattelichopf 2864m, Piz Aul 3121m; mit Stein 2170m\"\n                    alt=\"Piz Serenastga 2874m, Sattelichopf 2864m, Piz Aul 3121m; mit Stein 2170m\"\n                    src=\"https:\/\/www.freimarianne.ch\/wp-content\/gallery\/vella-1-2-2016\/thumbs\/thumbs_IMG_5050.jpg\"\n                    width=\"100\"\n                    height=\"75\"\n                    style=\"max-width:100%;\"\n                \/>\n            <\/a>\n        <\/div>\n\t\t\t\t\t\t\t<\/div> \n\t\t\t\n        \n\t\t\t\t<div id=\"ngg-image-7\" class=\"ngg-gallery-thumbnail-box\" >\n\t\t\t\t        <div class=\"ngg-gallery-thumbnail\">\n            <a href=\"https:\/\/www.freimarianne.ch\/wp-content\/gallery\/vella-1-2-2016\/IMG_5055.jpg\"\n               title=\"auf der Obersaxenseite\"\n               data-src=\"https:\/\/www.freimarianne.ch\/wp-content\/gallery\/vella-1-2-2016\/IMG_5055.jpg\"\n               data-thumbnail=\"https:\/\/www.freimarianne.ch\/wp-content\/gallery\/vella-1-2-2016\/thumbs\/thumbs_IMG_5055.jpg\"\n               data-image-id=\"12582\"\n               data-title=\"auf der Obersaxenseite\"\n               data-description=\"auf der Obersaxenseite\"\n               data-image-slug=\"img_5055-1\"\n               class=\"shutterset_16025\">\n                <img\n                    title=\"auf der Obersaxenseite\"\n                    alt=\"auf der Obersaxenseite\"\n                    src=\"https:\/\/www.freimarianne.ch\/wp-content\/gallery\/vella-1-2-2016\/thumbs\/thumbs_IMG_5055.jpg\"\n                    width=\"100\"\n                    height=\"75\"\n                    style=\"max-width:100%;\"\n                \/>\n            <\/a>\n        <\/div>\n\t\t\t\t\t\t\t<\/div> \n\t\t\t\n        \n\t\t\t\t<div id=\"ngg-image-8\" class=\"ngg-gallery-thumbnail-box\" >\n\t\t\t\t        <div class=\"ngg-gallery-thumbnail\">\n            <a href=\"https:\/\/www.freimarianne.ch\/wp-content\/gallery\/vella-1-2-2016\/IMG_5061.jpg\"\n               title=\"Piz Signina 2758m, G\u00fcnerhorn 2851m, G\u00fcner L\u00fcckli 2470m, Grat, Piz Radun 2581m hinzuf\u00fcgen \u2026\"\n               data-src=\"https:\/\/www.freimarianne.ch\/wp-content\/gallery\/vella-1-2-2016\/IMG_5061.jpg\"\n               data-thumbnail=\"https:\/\/www.freimarianne.ch\/wp-content\/gallery\/vella-1-2-2016\/thumbs\/thumbs_IMG_5061.jpg\"\n               data-image-id=\"12583\"\n               data-title=\"Piz Signina 2758m, G\u00c3\u00bcnerhorn 2851m, G\u00c3\u00bcner L\u00c3\u00bcckli 2470m, Grat, Piz Radun 2581m\n hinzuf\u00c3\u00bcgen \u00e2\u0080\u00a6\"\n               data-description=\"Piz Signina 2758m, G\u00fcnerhorn 2851m, G\u00fcner L\u00fcckli 2470m, Grat, Piz Radun 2581m hinzuf\u00fcgen \u2026\"\n               data-image-slug=\"img_5061-4\"\n               class=\"shutterset_16025\">\n                <img\n                    title=\"Piz Signina 2758m, G\u00c3\u00bcnerhorn 2851m, G\u00c3\u00bcner L\u00c3\u00bcckli 2470m, Grat, Piz Radun 2581m\n hinzuf\u00c3\u00bcgen \u00e2\u0080\u00a6\"\n                    alt=\"Piz Signina 2758m, G\u00c3\u00bcnerhorn 2851m, G\u00c3\u00bcner L\u00c3\u00bcckli 2470m, Grat, Piz Radun 2581m\n hinzuf\u00c3\u00bcgen \u00e2\u0080\u00a6\"\n                    src=\"https:\/\/www.freimarianne.ch\/wp-content\/gallery\/vella-1-2-2016\/thumbs\/thumbs_IMG_5061.jpg\"\n                    width=\"100\"\n                    height=\"75\"\n                    style=\"max-width:100%;\"\n                \/>\n            <\/a>\n        <\/div>\n\t\t\t\t\t\t\t<\/div> \n\t\t\t\n        \n\t\t\t\t<div id=\"ngg-image-9\" class=\"ngg-gallery-thumbnail-box\" >\n\t\t\t\t        <div class=\"ngg-gallery-thumbnail\">\n            <a href=\"https:\/\/www.freimarianne.ch\/wp-content\/gallery\/vella-1-2-2016\/IMG_5063.jpg\"\n               title=\"F\u00f6hnstimmung im Val Lumnez\"\n               data-src=\"https:\/\/www.freimarianne.ch\/wp-content\/gallery\/vella-1-2-2016\/IMG_5063.jpg\"\n               data-thumbnail=\"https:\/\/www.freimarianne.ch\/wp-content\/gallery\/vella-1-2-2016\/thumbs\/thumbs_IMG_5063.jpg\"\n               data-image-id=\"12584\"\n               data-title=\"F\u00c3\u00b6hnstimmung im Val Lumnez\"\n               data-description=\"F\u00f6hnstimmung im Val Lumnez\"\n               data-image-slug=\"img_5063-1\"\n               class=\"shutterset_16025\">\n                <img\n                    title=\"F\u00c3\u00b6hnstimmung im Val Lumnez\"\n                    alt=\"F\u00c3\u00b6hnstimmung im Val Lumnez\"\n                    src=\"https:\/\/www.freimarianne.ch\/wp-content\/gallery\/vella-1-2-2016\/thumbs\/thumbs_IMG_5063.jpg\"\n                    width=\"100\"\n                    height=\"75\"\n                    style=\"max-width:100%;\"\n                \/>\n            <\/a>\n        <\/div>\n\t\t\t\t\t\t\t<\/div> \n\t\t\t\n        \n\t\t\t\t<div id=\"ngg-image-10\" class=\"ngg-gallery-thumbnail-box\" >\n\t\t\t\t        <div class=\"ngg-gallery-thumbnail\">\n            <a href=\"https:\/\/www.freimarianne.ch\/wp-content\/gallery\/vella-1-2-2016\/IMG_5067.jpg\"\n               title=\"F\u00f6hnstimmung im Val Lumnez\"\n               data-src=\"https:\/\/www.freimarianne.ch\/wp-content\/gallery\/vella-1-2-2016\/IMG_5067.jpg\"\n               data-thumbnail=\"https:\/\/www.freimarianne.ch\/wp-content\/gallery\/vella-1-2-2016\/thumbs\/thumbs_IMG_5067.jpg\"\n               data-image-id=\"12585\"\n               data-title=\"F\u00c3\u00b6hnstimmung im Val Lumnez\"\n               data-description=\"F\u00f6hnstimmung im Val Lumnez\"\n               data-image-slug=\"img_5067-1\"\n               class=\"shutterset_16025\">\n                <img\n                    title=\"F\u00c3\u00b6hnstimmung im Val Lumnez\"\n                    alt=\"F\u00c3\u00b6hnstimmung im Val Lumnez\"\n                    src=\"https:\/\/www.freimarianne.ch\/wp-content\/gallery\/vella-1-2-2016\/thumbs\/thumbs_IMG_5067.jpg\"\n                    width=\"100\"\n                    height=\"75\"\n                    style=\"max-width:100%;\"\n                \/>\n            <\/a>\n        <\/div>\n\t\t\t\t\t\t\t<\/div> \n\t\t\t\n        \n\t\t\t\t<div id=\"ngg-image-11\" class=\"ngg-gallery-thumbnail-box\" >\n\t\t\t\t        <div class=\"ngg-gallery-thumbnail\">\n            <a href=\"https:\/\/www.freimarianne.ch\/wp-content\/gallery\/vella-1-2-2016\/IMG_5070.jpg\"\n               title=\"Signinagruppe im Sonnenlicht\"\n               data-src=\"https:\/\/www.freimarianne.ch\/wp-content\/gallery\/vella-1-2-2016\/IMG_5070.jpg\"\n               data-thumbnail=\"https:\/\/www.freimarianne.ch\/wp-content\/gallery\/vella-1-2-2016\/thumbs\/thumbs_IMG_5070.jpg\"\n               data-image-id=\"12586\"\n               data-title=\"Signinagruppe im Sonnenlicht\"\n               data-description=\"Signinagruppe im Sonnenlicht\"\n               data-image-slug=\"img_5070-2\"\n               class=\"shutterset_16025\">\n                <img\n                    title=\"Signinagruppe im Sonnenlicht\"\n                    alt=\"Signinagruppe im Sonnenlicht\"\n                    src=\"https:\/\/www.freimarianne.ch\/wp-content\/gallery\/vella-1-2-2016\/thumbs\/thumbs_IMG_5070.jpg\"\n                    width=\"100\"\n                    height=\"75\"\n                    style=\"max-width:100%;\"\n                \/>\n            <\/a>\n        <\/div>\n\t\t\t\t\t\t\t<\/div> \n\t\t\t\n        \n\t\t\n\t\t<!-- Pagination -->\n\t<div class='ngg-clear'><\/div>\t<\/div>\n<\/p>\n","protected":false},"excerpt":{"rendered":"<p>Am Sonntag 31.1.2016\u00a0 schneit es endlich! Wir machen eine Winterwanderung im teilweise tiefen Schnee\u00a0 nach Morissen &#8211; S. Carlo zum Restaurant B\u00fcndnerrigi, wo wir uns trocken k\u00f6nnen. Montag : Skifahren bei pr\u00e4chtigen Wetter Ein Sch\u00f6nwettertag !\u00a0 WIr\u00a0 fahren auf der Piste\u00a0 von\u00a0 Hitzeggen\u00a0 hinunter nach Vella. Die Schneeverh\u00e4ltnisse sind nicht optimal. Am Morgen sind die [&hellip;]<\/p>\n","protected":false},"author":1,"featured_media":0,"parent":15591,"menu_order":2,"comment_status":"closed","ping_status":"closed","template":"","meta":{"ngg_post_thumbnail":0},"_links":{"self":[{"href":"https:\/\/www.freimarianne.ch\/index.php?rest_route=\/wp\/v2\/pages\/16013"}],"collection":[{"href":"https:\/\/www.freimarianne.ch\/index.php?rest_route=\/wp\/v2\/pages"}],"about":[{"href":"https:\/\/www.freimarianne.ch\/index.php?rest_route=\/wp\/v2\/types\/page"}],"author":[{"embeddable":true,"href":"https:\/\/www.freimarianne.ch\/index.php?rest_route=\/wp\/v2\/users\/1"}],"replies":[{"embeddable":true,"href":"https:\/\/www.freimarianne.ch\/index.php?rest_route=%2Fwp%2Fv2%2Fcomments&post=16013"}],"version-history":[{"count":6,"href":"https:\/\/www.freimarianne.ch\/index.php?rest_route=\/wp\/v2\/pages\/16013\/revisions"}],"predecessor-version":[{"id":16046,"href":"https:\/\/www.freimarianne.ch\/index.php?rest_route=\/wp\/v2\/pages\/16013\/revisions\/16046"}],"up":[{"embeddable":true,"href":"https:\/\/www.freimarianne.ch\/index.php?rest_route=\/wp\/v2\/pages\/15591"}],"wp:attachment":[{"href":"https:\/\/www.freimarianne.ch\/index.php?rest_route=%2Fwp%2Fv2%2Fmedia&parent=16013"}],"curies":[{"name":"wp","href":"https:\/\/api.w.org\/{rel}","templated":true}]}}