{"id":16019,"date":"2016-03-07T10:05:31","date_gmt":"2016-03-07T09:05:31","guid":{"rendered":"http:\/\/www.freimarianne.ch\/?page_id=16019"},"modified":"2016-03-07T10:44:49","modified_gmt":"2016-03-07T09:44:49","slug":"vella-5-2-2016","status":"publish","type":"page","link":"https:\/\/www.freimarianne.ch\/?page_id=16019","title":{"rendered":"Vella  5.2.2016"},"content":{"rendered":"<p><strong>Freitag: Sch\u00f6nwettertag zum Abschluss unserer Ferien!<\/strong><\/p>\n<p>Am Morgen ist der Himmel zu und an den Bergenh\u00e4ngen die Wolken. Wir machen z\u00eainen Spaziergang zur alten Kirch ausserhalb des Dorfes. Nach unserer R\u00fcckkehr hat sich der Himmel gekl\u00e4rt und Vella zeigt sich von seiner besten Seite.<\/p>\n<p>Wir gehen Skifahren.<\/p>\n<p>Zum ersten Mal sind die Schneeverh\u00e4ltnisse wegen dem neuen Pulverschnee\u00a0 sehr gut.<\/p>\n<p><!-- index.php -->\n<div\n\tclass=\"ngg-galleryoverview ngg-ajax-pagination-none\"\n\tid=\"ngg-gallery-16041-1\">\n\n    \t<div class=\"slideshowlink\">\n        <a href='https:\/\/www.freimarianne.ch\/index.php\/nggallery\/slideshow?page_id=16019'>[Show as slideshow]<\/a>\n\t\t\n\t<\/div>\n\t\t\t<!-- Thumbnails -->\n\t\t\t\t<div id=\"ngg-image-0\" class=\"ngg-gallery-thumbnail-box\" >\n\t\t\t\t        <div class=\"ngg-gallery-thumbnail\">\n            <a href=\"https:\/\/www.freimarianne.ch\/wp-content\/gallery\/vella-5-2-2016\/IMG_5192.jpg\"\n               title=\"Haus Monts\"\n               data-src=\"https:\/\/www.freimarianne.ch\/wp-content\/gallery\/vella-5-2-2016\/IMG_5192.jpg\"\n               data-thumbnail=\"https:\/\/www.freimarianne.ch\/wp-content\/gallery\/vella-5-2-2016\/thumbs\/thumbs_IMG_5192.jpg\"\n               data-image-id=\"12616\"\n               data-title=\"Haus Monts\"\n               data-description=\"Haus Monts\"\n               data-image-slug=\"img_5192-3\"\n               class=\"shutterset_16041\">\n                <img\n                    title=\"Haus Monts\"\n                    alt=\"Haus Monts\"\n                    src=\"https:\/\/www.freimarianne.ch\/wp-content\/gallery\/vella-5-2-2016\/thumbs\/thumbs_IMG_5192.jpg\"\n                    width=\"100\"\n                    height=\"75\"\n                    style=\"max-width:100%;\"\n                \/>\n            <\/a>\n        <\/div>\n\t\t\t\t\t\t\t<\/div> \n\t\t\t\n        \n\t\t\t\t<div id=\"ngg-image-1\" class=\"ngg-gallery-thumbnail-box\" >\n\t\t\t\t        <div class=\"ngg-gallery-thumbnail\">\n            <a href=\"https:\/\/www.freimarianne.ch\/wp-content\/gallery\/vella-5-2-2016\/IMG_5197.jpg\"\n               title=\"\"\n               data-src=\"https:\/\/www.freimarianne.ch\/wp-content\/gallery\/vella-5-2-2016\/IMG_5197.jpg\"\n               data-thumbnail=\"https:\/\/www.freimarianne.ch\/wp-content\/gallery\/vella-5-2-2016\/thumbs\/thumbs_IMG_5197.jpg\"\n               data-image-id=\"12617\"\n               data-title=\"IMG_5197\"\n               data-description=\"\"\n               data-image-slug=\"img_5197-1\"\n               class=\"shutterset_16041\">\n                <img\n                    title=\"IMG_5197\"\n                    alt=\"IMG_5197\"\n                    src=\"https:\/\/www.freimarianne.ch\/wp-content\/gallery\/vella-5-2-2016\/thumbs\/thumbs_IMG_5197.jpg\"\n                    width=\"100\"\n                    height=\"75\"\n                    style=\"max-width:100%;\"\n                \/>\n            <\/a>\n        <\/div>\n\t\t\t\t\t\t\t<\/div> \n\t\t\t\n        \n\t\t\t\t<div id=\"ngg-image-2\" class=\"ngg-gallery-thumbnail-box\" >\n\t\t\t\t        <div class=\"ngg-gallery-thumbnail\">\n            <a href=\"https:\/\/www.freimarianne.ch\/wp-content\/gallery\/vella-5-2-2016\/IMG_5202.jpg\"\n               title=\"\"\n               data-src=\"https:\/\/www.freimarianne.ch\/wp-content\/gallery\/vella-5-2-2016\/IMG_5202.jpg\"\n               data-thumbnail=\"https:\/\/www.freimarianne.ch\/wp-content\/gallery\/vella-5-2-2016\/thumbs\/thumbs_IMG_5202.jpg\"\n               data-image-id=\"12618\"\n               data-title=\"IMG_5202\"\n               data-description=\"\"\n               data-image-slug=\"img_5202-1\"\n               class=\"shutterset_16041\">\n                <img\n                    title=\"IMG_5202\"\n                    alt=\"IMG_5202\"\n                    src=\"https:\/\/www.freimarianne.ch\/wp-content\/gallery\/vella-5-2-2016\/thumbs\/thumbs_IMG_5202.jpg\"\n                    width=\"100\"\n                    height=\"75\"\n                    style=\"max-width:100%;\"\n                \/>\n            <\/a>\n        <\/div>\n\t\t\t\t\t\t\t<\/div> \n\t\t\t\n        \n\t\t\t\t<div id=\"ngg-image-3\" class=\"ngg-gallery-thumbnail-box\" >\n\t\t\t\t        <div class=\"ngg-gallery-thumbnail\">\n            <a href=\"https:\/\/www.freimarianne.ch\/wp-content\/gallery\/vella-5-2-2016\/IMG_5205.jpg\"\n               title=\"\"\n               data-src=\"https:\/\/www.freimarianne.ch\/wp-content\/gallery\/vella-5-2-2016\/IMG_5205.jpg\"\n               data-thumbnail=\"https:\/\/www.freimarianne.ch\/wp-content\/gallery\/vella-5-2-2016\/thumbs\/thumbs_IMG_5205.jpg\"\n               data-image-id=\"12619\"\n               data-title=\"IMG_5205\"\n               data-description=\"\"\n               data-image-slug=\"img_5205-3\"\n               class=\"shutterset_16041\">\n                <img\n                    title=\"IMG_5205\"\n                    alt=\"IMG_5205\"\n                    src=\"https:\/\/www.freimarianne.ch\/wp-content\/gallery\/vella-5-2-2016\/thumbs\/thumbs_IMG_5205.jpg\"\n                    width=\"100\"\n                    height=\"75\"\n                    style=\"max-width:100%;\"\n                \/>\n            <\/a>\n        <\/div>\n\t\t\t\t\t\t\t<\/div> \n\t\t\t\n        \n\t\t\t\t<div id=\"ngg-image-4\" class=\"ngg-gallery-thumbnail-box\" >\n\t\t\t\t        <div class=\"ngg-gallery-thumbnail\">\n            <a href=\"https:\/\/www.freimarianne.ch\/wp-content\/gallery\/vella-5-2-2016\/IMG_5208.jpg\"\n               title=\"Hotel Gravas\"\n               data-src=\"https:\/\/www.freimarianne.ch\/wp-content\/gallery\/vella-5-2-2016\/IMG_5208.jpg\"\n               data-thumbnail=\"https:\/\/www.freimarianne.ch\/wp-content\/gallery\/vella-5-2-2016\/thumbs\/thumbs_IMG_5208.jpg\"\n               data-image-id=\"12620\"\n               data-title=\"Hotel Gravas\"\n               data-description=\"Hotel Gravas\"\n               data-image-slug=\"img_5208-5\"\n               class=\"shutterset_16041\">\n                <img\n                    title=\"Hotel Gravas\"\n                    alt=\"Hotel Gravas\"\n                    src=\"https:\/\/www.freimarianne.ch\/wp-content\/gallery\/vella-5-2-2016\/thumbs\/thumbs_IMG_5208.jpg\"\n                    width=\"100\"\n                    height=\"75\"\n                    style=\"max-width:100%;\"\n                \/>\n            <\/a>\n        <\/div>\n\t\t\t\t\t\t\t<\/div> \n\t\t\t\n        \n\t\t\t\t<div id=\"ngg-image-5\" class=\"ngg-gallery-thumbnail-box\" >\n\t\t\t\t        <div class=\"ngg-gallery-thumbnail\">\n            <a href=\"https:\/\/www.freimarianne.ch\/wp-content\/gallery\/vella-5-2-2016\/IMG_5213.jpg\"\n               title=\"\"\n               data-src=\"https:\/\/www.freimarianne.ch\/wp-content\/gallery\/vella-5-2-2016\/IMG_5213.jpg\"\n               data-thumbnail=\"https:\/\/www.freimarianne.ch\/wp-content\/gallery\/vella-5-2-2016\/thumbs\/thumbs_IMG_5213.jpg\"\n               data-image-id=\"12621\"\n               data-title=\"IMG_5213\"\n               data-description=\"\"\n               data-image-slug=\"img_5213-3\"\n               class=\"shutterset_16041\">\n                <img\n                    title=\"IMG_5213\"\n                    alt=\"IMG_5213\"\n                    src=\"https:\/\/www.freimarianne.ch\/wp-content\/gallery\/vella-5-2-2016\/thumbs\/thumbs_IMG_5213.jpg\"\n                    width=\"100\"\n                    height=\"75\"\n                    style=\"max-width:100%;\"\n                \/>\n            <\/a>\n        <\/div>\n\t\t\t\t\t\t\t<\/div> \n\t\t\t\n        \n\t\t\t\t<div id=\"ngg-image-6\" class=\"ngg-gallery-thumbnail-box\" >\n\t\t\t\t        <div class=\"ngg-gallery-thumbnail\">\n            <a href=\"https:\/\/www.freimarianne.ch\/wp-content\/gallery\/vella-5-2-2016\/IMG_5214.jpg\"\n               title=\"\"\n               data-src=\"https:\/\/www.freimarianne.ch\/wp-content\/gallery\/vella-5-2-2016\/IMG_5214.jpg\"\n               data-thumbnail=\"https:\/\/www.freimarianne.ch\/wp-content\/gallery\/vella-5-2-2016\/thumbs\/thumbs_IMG_5214.jpg\"\n               data-image-id=\"12622\"\n               data-title=\"IMG_5214\"\n               data-description=\"\"\n               data-image-slug=\"img_5214\"\n               class=\"shutterset_16041\">\n                <img\n                    title=\"IMG_5214\"\n                    alt=\"IMG_5214\"\n                    src=\"https:\/\/www.freimarianne.ch\/wp-content\/gallery\/vella-5-2-2016\/thumbs\/thumbs_IMG_5214.jpg\"\n                    width=\"100\"\n                    height=\"75\"\n                    style=\"max-width:100%;\"\n                \/>\n            <\/a>\n        <\/div>\n\t\t\t\t\t\t\t<\/div> \n\t\t\t\n        \n\t\t\t\t<div id=\"ngg-image-7\" class=\"ngg-gallery-thumbnail-box\" >\n\t\t\t\t        <div class=\"ngg-gallery-thumbnail\">\n            <a href=\"https:\/\/www.freimarianne.ch\/wp-content\/gallery\/vella-5-2-2016\/IMG_5228.jpg\"\n               title=\"\"\n               data-src=\"https:\/\/www.freimarianne.ch\/wp-content\/gallery\/vella-5-2-2016\/IMG_5228.jpg\"\n               data-thumbnail=\"https:\/\/www.freimarianne.ch\/wp-content\/gallery\/vella-5-2-2016\/thumbs\/thumbs_IMG_5228.jpg\"\n               data-image-id=\"12623\"\n               data-title=\"IMG_5228\"\n               data-description=\"\"\n               data-image-slug=\"img_5228-1\"\n               class=\"shutterset_16041\">\n                <img\n                    title=\"IMG_5228\"\n                    alt=\"IMG_5228\"\n                    src=\"https:\/\/www.freimarianne.ch\/wp-content\/gallery\/vella-5-2-2016\/thumbs\/thumbs_IMG_5228.jpg\"\n                    width=\"100\"\n                    height=\"75\"\n                    style=\"max-width:100%;\"\n                \/>\n            <\/a>\n        <\/div>\n\t\t\t\t\t\t\t<\/div> \n\t\t\t\n        \n\t\t\t\t<div id=\"ngg-image-8\" class=\"ngg-gallery-thumbnail-box\" >\n\t\t\t\t        <div class=\"ngg-gallery-thumbnail\">\n            <a href=\"https:\/\/www.freimarianne.ch\/wp-content\/gallery\/vella-5-2-2016\/IMG_5231.jpg\"\n               title=\"\"\n               data-src=\"https:\/\/www.freimarianne.ch\/wp-content\/gallery\/vella-5-2-2016\/IMG_5231.jpg\"\n               data-thumbnail=\"https:\/\/www.freimarianne.ch\/wp-content\/gallery\/vella-5-2-2016\/thumbs\/thumbs_IMG_5231.jpg\"\n               data-image-id=\"12624\"\n               data-title=\"IMG_5231\"\n               data-description=\"\"\n               data-image-slug=\"img_5231-4\"\n               class=\"shutterset_16041\">\n                <img\n                    title=\"IMG_5231\"\n                    alt=\"IMG_5231\"\n                    src=\"https:\/\/www.freimarianne.ch\/wp-content\/gallery\/vella-5-2-2016\/thumbs\/thumbs_IMG_5231.jpg\"\n                    width=\"100\"\n                    height=\"75\"\n                    style=\"max-width:100%;\"\n                \/>\n            <\/a>\n        <\/div>\n\t\t\t\t\t\t\t<\/div> \n\t\t\t\n        \n\t\t\t\t<div id=\"ngg-image-9\" class=\"ngg-gallery-thumbnail-box\" >\n\t\t\t\t        <div class=\"ngg-gallery-thumbnail\">\n            <a href=\"https:\/\/www.freimarianne.ch\/wp-content\/gallery\/vella-5-2-2016\/IMG_5246.jpg\"\n               title=\"\"\n               data-src=\"https:\/\/www.freimarianne.ch\/wp-content\/gallery\/vella-5-2-2016\/IMG_5246.jpg\"\n               data-thumbnail=\"https:\/\/www.freimarianne.ch\/wp-content\/gallery\/vella-5-2-2016\/thumbs\/thumbs_IMG_5246.jpg\"\n               data-image-id=\"12625\"\n               data-title=\"IMG_5246\"\n               data-description=\"\"\n               data-image-slug=\"img_5246\"\n               class=\"shutterset_16041\">\n                <img\n                    title=\"IMG_5246\"\n                    alt=\"IMG_5246\"\n                    src=\"https:\/\/www.freimarianne.ch\/wp-content\/gallery\/vella-5-2-2016\/thumbs\/thumbs_IMG_5246.jpg\"\n                    width=\"100\"\n                    height=\"75\"\n                    style=\"max-width:100%;\"\n                \/>\n            <\/a>\n        <\/div>\n\t\t\t\t\t\t\t<\/div> \n\t\t\t\n        \n\t\t\t\t<div id=\"ngg-image-10\" class=\"ngg-gallery-thumbnail-box\" >\n\t\t\t\t        <div class=\"ngg-gallery-thumbnail\">\n            <a href=\"https:\/\/www.freimarianne.ch\/wp-content\/gallery\/vella-5-2-2016\/IMG_5248.jpg\"\n               title=\"\"\n               data-src=\"https:\/\/www.freimarianne.ch\/wp-content\/gallery\/vella-5-2-2016\/IMG_5248.jpg\"\n               data-thumbnail=\"https:\/\/www.freimarianne.ch\/wp-content\/gallery\/vella-5-2-2016\/thumbs\/thumbs_IMG_5248.jpg\"\n               data-image-id=\"12626\"\n               data-title=\"IMG_5248\"\n               data-description=\"\"\n               data-image-slug=\"img_5248-3\"\n               class=\"shutterset_16041\">\n                <img\n                    title=\"IMG_5248\"\n                    alt=\"IMG_5248\"\n                    src=\"https:\/\/www.freimarianne.ch\/wp-content\/gallery\/vella-5-2-2016\/thumbs\/thumbs_IMG_5248.jpg\"\n                    width=\"100\"\n                    height=\"75\"\n                    style=\"max-width:100%;\"\n                \/>\n            <\/a>\n        <\/div>\n\t\t\t\t\t\t\t<\/div> \n\t\t\t\n        \n\t\t\t\t<div id=\"ngg-image-11\" class=\"ngg-gallery-thumbnail-box\" >\n\t\t\t\t        <div class=\"ngg-gallery-thumbnail\">\n            <a href=\"https:\/\/www.freimarianne.ch\/wp-content\/gallery\/vella-5-2-2016\/IMG_5251.jpg\"\n               title=\"\"\n               data-src=\"https:\/\/www.freimarianne.ch\/wp-content\/gallery\/vella-5-2-2016\/IMG_5251.jpg\"\n               data-thumbnail=\"https:\/\/www.freimarianne.ch\/wp-content\/gallery\/vella-5-2-2016\/thumbs\/thumbs_IMG_5251.jpg\"\n               data-image-id=\"12627\"\n               data-title=\"IMG_5251\"\n               data-description=\"\"\n               data-image-slug=\"img_5251-3\"\n               class=\"shutterset_16041\">\n                <img\n                    title=\"IMG_5251\"\n                    alt=\"IMG_5251\"\n                    src=\"https:\/\/www.freimarianne.ch\/wp-content\/gallery\/vella-5-2-2016\/thumbs\/thumbs_IMG_5251.jpg\"\n                    width=\"100\"\n                    height=\"75\"\n                    style=\"max-width:100%;\"\n                \/>\n            <\/a>\n        <\/div>\n\t\t\t\t\t\t\t<\/div> \n\t\t\t\n        \n\t\t\t\t<div id=\"ngg-image-12\" class=\"ngg-gallery-thumbnail-box\" >\n\t\t\t\t        <div class=\"ngg-gallery-thumbnail\">\n            <a href=\"https:\/\/www.freimarianne.ch\/wp-content\/gallery\/vella-5-2-2016\/IMG_5254.jpg\"\n               title=\"\"\n               data-src=\"https:\/\/www.freimarianne.ch\/wp-content\/gallery\/vella-5-2-2016\/IMG_5254.jpg\"\n               data-thumbnail=\"https:\/\/www.freimarianne.ch\/wp-content\/gallery\/vella-5-2-2016\/thumbs\/thumbs_IMG_5254.jpg\"\n               data-image-id=\"12628\"\n               data-title=\"IMG_5254\"\n               data-description=\"\"\n               data-image-slug=\"img_5254-1\"\n               class=\"shutterset_16041\">\n                <img\n                    title=\"IMG_5254\"\n                    alt=\"IMG_5254\"\n                    src=\"https:\/\/www.freimarianne.ch\/wp-content\/gallery\/vella-5-2-2016\/thumbs\/thumbs_IMG_5254.jpg\"\n                    width=\"100\"\n                    height=\"75\"\n                    style=\"max-width:100%;\"\n                \/>\n            <\/a>\n        <\/div>\n\t\t\t\t\t\t\t<\/div> \n\t\t\t\n        \n\t\t\t\t<div id=\"ngg-image-13\" class=\"ngg-gallery-thumbnail-box\" >\n\t\t\t\t        <div class=\"ngg-gallery-thumbnail\">\n            <a href=\"https:\/\/www.freimarianne.ch\/wp-content\/gallery\/vella-5-2-2016\/IMG_5261.jpg\"\n               title=\"\"\n               data-src=\"https:\/\/www.freimarianne.ch\/wp-content\/gallery\/vella-5-2-2016\/IMG_5261.jpg\"\n               data-thumbnail=\"https:\/\/www.freimarianne.ch\/wp-content\/gallery\/vella-5-2-2016\/thumbs\/thumbs_IMG_5261.jpg\"\n               data-image-id=\"12629\"\n               data-title=\"IMG_5261\"\n               data-description=\"\"\n               data-image-slug=\"img_5261\"\n               class=\"shutterset_16041\">\n                <img\n                    title=\"IMG_5261\"\n                    alt=\"IMG_5261\"\n                    src=\"https:\/\/www.freimarianne.ch\/wp-content\/gallery\/vella-5-2-2016\/thumbs\/thumbs_IMG_5261.jpg\"\n                    width=\"100\"\n                    height=\"75\"\n                    style=\"max-width:100%;\"\n                \/>\n            <\/a>\n        <\/div>\n\t\t\t\t\t\t\t<\/div> \n\t\t\t\n        \n\t\t\t\t<div id=\"ngg-image-14\" class=\"ngg-gallery-thumbnail-box\" >\n\t\t\t\t        <div class=\"ngg-gallery-thumbnail\">\n            <a href=\"https:\/\/www.freimarianne.ch\/wp-content\/gallery\/vella-5-2-2016\/IMG_5266.jpg\"\n               title=\"\"\n               data-src=\"https:\/\/www.freimarianne.ch\/wp-content\/gallery\/vella-5-2-2016\/IMG_5266.jpg\"\n               data-thumbnail=\"https:\/\/www.freimarianne.ch\/wp-content\/gallery\/vella-5-2-2016\/thumbs\/thumbs_IMG_5266.jpg\"\n               data-image-id=\"12630\"\n               data-title=\"IMG_5266\"\n               data-description=\"\"\n               data-image-slug=\"img_5266-2\"\n               class=\"shutterset_16041\">\n                <img\n                    title=\"IMG_5266\"\n                    alt=\"IMG_5266\"\n                    src=\"https:\/\/www.freimarianne.ch\/wp-content\/gallery\/vella-5-2-2016\/thumbs\/thumbs_IMG_5266.jpg\"\n                    width=\"100\"\n                    height=\"75\"\n                    style=\"max-width:100%;\"\n                \/>\n            <\/a>\n        <\/div>\n\t\t\t\t\t\t\t<\/div> \n\t\t\t\n        \n\t\t\t\t<div id=\"ngg-image-15\" class=\"ngg-gallery-thumbnail-box\" >\n\t\t\t\t        <div class=\"ngg-gallery-thumbnail\">\n            <a href=\"https:\/\/www.freimarianne.ch\/wp-content\/gallery\/vella-5-2-2016\/IMG_5271.jpg\"\n               title=\"\"\n               data-src=\"https:\/\/www.freimarianne.ch\/wp-content\/gallery\/vella-5-2-2016\/IMG_5271.jpg\"\n               data-thumbnail=\"https:\/\/www.freimarianne.ch\/wp-content\/gallery\/vella-5-2-2016\/thumbs\/thumbs_IMG_5271.jpg\"\n               data-image-id=\"12631\"\n               data-title=\"IMG_5271\"\n               data-description=\"\"\n               data-image-slug=\"img_5271\"\n               class=\"shutterset_16041\">\n                <img\n                    title=\"IMG_5271\"\n                    alt=\"IMG_5271\"\n                    src=\"https:\/\/www.freimarianne.ch\/wp-content\/gallery\/vella-5-2-2016\/thumbs\/thumbs_IMG_5271.jpg\"\n                    width=\"100\"\n                    height=\"75\"\n                    style=\"max-width:100%;\"\n                \/>\n            <\/a>\n        <\/div>\n\t\t\t\t\t\t\t<\/div> \n\t\t\t\n        \n\t\t\t\t<div id=\"ngg-image-16\" class=\"ngg-gallery-thumbnail-box\" >\n\t\t\t\t        <div class=\"ngg-gallery-thumbnail\">\n            <a href=\"https:\/\/www.freimarianne.ch\/wp-content\/gallery\/vella-5-2-2016\/IMG_5273.jpg\"\n               title=\"\"\n               data-src=\"https:\/\/www.freimarianne.ch\/wp-content\/gallery\/vella-5-2-2016\/IMG_5273.jpg\"\n               data-thumbnail=\"https:\/\/www.freimarianne.ch\/wp-content\/gallery\/vella-5-2-2016\/thumbs\/thumbs_IMG_5273.jpg\"\n               data-image-id=\"12632\"\n               data-title=\"IMG_5273\"\n               data-description=\"\"\n               data-image-slug=\"img_5273-1\"\n               class=\"shutterset_16041\">\n                <img\n                    title=\"IMG_5273\"\n                    alt=\"IMG_5273\"\n                    src=\"https:\/\/www.freimarianne.ch\/wp-content\/gallery\/vella-5-2-2016\/thumbs\/thumbs_IMG_5273.jpg\"\n                    width=\"100\"\n                    height=\"75\"\n                    style=\"max-width:100%;\"\n                \/>\n            <\/a>\n        <\/div>\n\t\t\t\t\t\t\t<\/div> \n\t\t\t\n        \n\t\t\t\t<div id=\"ngg-image-17\" class=\"ngg-gallery-thumbnail-box\" >\n\t\t\t\t        <div class=\"ngg-gallery-thumbnail\">\n            <a href=\"https:\/\/www.freimarianne.ch\/wp-content\/gallery\/vella-5-2-2016\/IMG_5277.jpg\"\n               title=\"das Dorf Vella\"\n               data-src=\"https:\/\/www.freimarianne.ch\/wp-content\/gallery\/vella-5-2-2016\/IMG_5277.jpg\"\n               data-thumbnail=\"https:\/\/www.freimarianne.ch\/wp-content\/gallery\/vella-5-2-2016\/thumbs\/thumbs_IMG_5277.jpg\"\n               data-image-id=\"12633\"\n               data-title=\"Vella\"\n               data-description=\"das Dorf Vella\"\n               data-image-slug=\"img_5277\"\n               class=\"shutterset_16041\">\n                <img\n                    title=\"Vella\"\n                    alt=\"Vella\"\n                    src=\"https:\/\/www.freimarianne.ch\/wp-content\/gallery\/vella-5-2-2016\/thumbs\/thumbs_IMG_5277.jpg\"\n                    width=\"100\"\n                    height=\"75\"\n                    style=\"max-width:100%;\"\n                \/>\n            <\/a>\n        <\/div>\n\t\t\t\t\t\t\t<\/div> \n\t\t\t\n        \n\t\t\n\t\t<!-- Pagination -->\n\t<div class='ngg-clear'><\/div>\t<\/div>\n<\/p>\n","protected":false},"excerpt":{"rendered":"<p>Freitag: Sch\u00f6nwettertag zum Abschluss unserer Ferien! Am Morgen ist der Himmel zu und an den Bergenh\u00e4ngen die Wolken. Wir machen z\u00eainen Spaziergang zur alten Kirch ausserhalb des Dorfes. Nach unserer R\u00fcckkehr hat sich der Himmel gekl\u00e4rt und Vella zeigt sich von seiner besten Seite. Wir gehen Skifahren. Zum ersten Mal sind die Schneeverh\u00e4ltnisse wegen dem [&hellip;]<\/p>\n","protected":false},"author":1,"featured_media":0,"parent":15591,"menu_order":6,"comment_status":"closed","ping_status":"closed","template":"","meta":{"ngg_post_thumbnail":0},"_links":{"self":[{"href":"https:\/\/www.freimarianne.ch\/index.php?rest_route=\/wp\/v2\/pages\/16019"}],"collection":[{"href":"https:\/\/www.freimarianne.ch\/index.php?rest_route=\/wp\/v2\/pages"}],"about":[{"href":"https:\/\/www.freimarianne.ch\/index.php?rest_route=\/wp\/v2\/types\/page"}],"author":[{"embeddable":true,"href":"https:\/\/www.freimarianne.ch\/index.php?rest_route=\/wp\/v2\/users\/1"}],"replies":[{"embeddable":true,"href":"https:\/\/www.freimarianne.ch\/index.php?rest_route=%2Fwp%2Fv2%2Fcomments&post=16019"}],"version-history":[{"count":5,"href":"https:\/\/www.freimarianne.ch\/index.php?rest_route=\/wp\/v2\/pages\/16019\/revisions"}],"predecessor-version":[{"id":16052,"href":"https:\/\/www.freimarianne.ch\/index.php?rest_route=\/wp\/v2\/pages\/16019\/revisions\/16052"}],"up":[{"embeddable":true,"href":"https:\/\/www.freimarianne.ch\/index.php?rest_route=\/wp\/v2\/pages\/15591"}],"wp:attachment":[{"href":"https:\/\/www.freimarianne.ch\/index.php?rest_route=%2Fwp%2Fv2%2Fmedia&parent=16019"}],"curies":[{"name":"wp","href":"https:\/\/api.w.org\/{rel}","templated":true}]}}