{"id":16061,"date":"2016-03-23T17:07:01","date_gmt":"2016-03-23T16:07:01","guid":{"rendered":"http:\/\/www.freimarianne.ch\/?page_id=16061"},"modified":"2016-04-07T15:32:22","modified_gmt":"2016-04-07T14:32:22","slug":"fiescheralp-riederalp-ried-vs-8-3-2016","status":"publish","type":"page","link":"https:\/\/www.freimarianne.ch\/?page_id=16061","title":{"rendered":"Fiescheralp &#8211; Riederalp &#8211; Ried  VS  8.3.2016"},"content":{"rendered":"<p><strong>Winterwanderung<\/strong> von der Fiescheralp \u00fcber die Bettmeralp zur Riederalp und hinunter nach Ried<\/p>\n<p><img loading=\"lazy\" class=\"size-full wp-image-16054\" src=\"http:\/\/www.freimarianne.ch\/wp-content\/uploads\/2016\/03\/IMG_5775_fiescheralp_500.jpg\" alt=\"es wird heller\" width=\"500\" height=\"375\" srcset=\"https:\/\/www.freimarianne.ch\/wp-content\/uploads\/2016\/03\/IMG_5775_fiescheralp_500.jpg 500w, https:\/\/www.freimarianne.ch\/wp-content\/uploads\/2016\/03\/IMG_5775_fiescheralp_500-300x225.jpg 300w, https:\/\/www.freimarianne.ch\/wp-content\/uploads\/2016\/03\/IMG_5775_fiescheralp_500-400x300.jpg 400w\" sizes=\"(max-width: 500px) 100vw, 500px\" \/><br \/>\nBei viel Wolken, Schneefall  und fast keiner Sicht beginnen wir unsere Wandrung  um 10.30 h  auf der Fiescheralp. Der Wetterbericht war eigentlich besser als das, was wir hier vorfinden!<br \/>\nWir haben zwar keine Sicht (immerhin sehen wir noch die n\u00e4chsten Stecken im Schnee)  aber wir haben ein echtes Wintererlebnis, das sich in  sch\u00f6nen Bildern von tiefverschneiten Tannen und schneebedeckten  H\u00e4usern zeigt.<br \/>\nAls wir uns der Bettmeralp n\u00e4hern kommt kurz die Sonne hervor und verzaubert die Landschaft. Wir k\u00f6nnen uns sogar kurz auf ein Bank setzen und etwas essen. Doch bald ist der Zauber  wieder vorbei.<br \/>\nAuf der Bettmeralp schlagen wir den Weg zum Bettmersee ein, um von dort auf den Winterwanderweg zur Riederalp zu gelangen. Wieder schneit es leicht  aber die Sicht ist etwas besser geworden. Wir sehen hin\u00fcber  zum B\u00e4ttlihorn, Gr. Huwetz und das F\u00fclhorn.<br \/>\nDiese Sicht begleitet uns auch sp\u00e4ter,  nachdem wir spontan beschlossen haben, von der Riederalp hinunter nach Ried zu wandern  ( eine ausgesteckte Route).<br \/>\nDas sind mehr als 700 H\u00f6henmeter, die wir hinuntersteigen m\u00fcssen. Als dann der gespurte Weg beim Nieschbord pl\u00f6tzlich aufh\u00f6rt , sind wir schon \u00fcberrascht.  Gl\u00fccklicherweise k\u00f6nnen  wir einer Schneeschuhspur folgen, die aber  durch den tiefen Schnee steil hinunter zur Strasse nach Ried f\u00fchrt (der Sommerbergweg).  Unsere Erfahrungen im Gel\u00e4nde sind also gefragt! Wir  meistern diesen Abstieg ganz gut  und freuen uns sogar am Ende der Wanderung auf Hartbelag zu gehen!!<br \/>\nUm ca. 15.00h erreichen wir Ried und k\u00f6nnen gleich mit der Gondel ins Tal fahren. Wir werden auch gleich  den Zug um 15.22 h nach Brig erreichen!<br \/>\nDoch wir  haben nicht mit  der SBB gerechnet! Der Zug hat 30 min Versp\u00e4tung. Dies ist  heute schon die zweite Versp\u00e4tung !<\/p>\n<p>Wir  brauchten etwa 3h  auf dem Winterwanderweg von der Fiescheralp  \u00fcber die Bettmeralp zur Riederalp und  dann noch 1  1\/2 h f\u00fcr den Abstieg.<br \/>\nRiederalp-Ried:<br \/>\nLaut Schweizmobil:<br \/>\nDistanz: 6.74km; Aufstieg: 21m; Absteig: 725m; Marschzeit:  1 h 47min<\/p>\n<p><strong><!-- index.php -->\n<div\n\tclass=\"ngg-galleryoverview ngg-ajax-pagination-none\"\n\tid=\"ngg-gallery-16440-1\">\n\n    \t<div class=\"slideshowlink\">\n        <a href='https:\/\/www.freimarianne.ch\/index.php\/nggallery\/slideshow?page_id=16061'>[Show as slideshow]<\/a>\n\t\t\n\t<\/div>\n\t\t\t<!-- Thumbnails -->\n\t\t\t\t<div id=\"ngg-image-0\" class=\"ngg-gallery-thumbnail-box\" >\n\t\t\t\t        <div class=\"ngg-gallery-thumbnail\">\n            <a href=\"https:\/\/www.freimarianne.ch\/wp-content\/gallery\/fiescheralp-8-3-2016\/IMG_5761_1.jpg\"\n               title=\"EIN D\u00dcSTERER WINTERTAG\"\n               data-src=\"https:\/\/www.freimarianne.ch\/wp-content\/gallery\/fiescheralp-8-3-2016\/IMG_5761_1.jpg\"\n               data-thumbnail=\"https:\/\/www.freimarianne.ch\/wp-content\/gallery\/fiescheralp-8-3-2016\/thumbs\/thumbs_IMG_5761_1.jpg\"\n               data-image-id=\"12638\"\n               data-title=\"EIN D\u00c3\u009cSTERER WINTERTAG\"\n               data-description=\"EIN D\u00dcSTERER WINTERTAG\"\n               data-image-slug=\"img_5761_1\"\n               class=\"shutterset_16440\">\n                <img\n                    title=\"EIN D\u00c3\u009cSTERER WINTERTAG\"\n                    alt=\"EIN D\u00c3\u009cSTERER WINTERTAG\"\n                    src=\"https:\/\/www.freimarianne.ch\/wp-content\/gallery\/fiescheralp-8-3-2016\/thumbs\/thumbs_IMG_5761_1.jpg\"\n                    width=\"100\"\n                    height=\"75\"\n                    style=\"max-width:100%;\"\n                \/>\n            <\/a>\n        <\/div>\n\t\t\t\t\t\t\t<\/div> \n\t\t\t\n        \n\t\t\t\t<div id=\"ngg-image-1\" class=\"ngg-gallery-thumbnail-box\" >\n\t\t\t\t        <div class=\"ngg-gallery-thumbnail\">\n            <a href=\"https:\/\/www.freimarianne.ch\/wp-content\/gallery\/fiescheralp-8-3-2016\/IMG_5765_1.jpg\"\n               title=\"Winterwunder\"\n               data-src=\"https:\/\/www.freimarianne.ch\/wp-content\/gallery\/fiescheralp-8-3-2016\/IMG_5765_1.jpg\"\n               data-thumbnail=\"https:\/\/www.freimarianne.ch\/wp-content\/gallery\/fiescheralp-8-3-2016\/thumbs\/thumbs_IMG_5765_1.jpg\"\n               data-image-id=\"12639\"\n               data-title=\"Winterwunder\"\n               data-description=\"Winterwunder\"\n               data-image-slug=\"img_5765_1\"\n               class=\"shutterset_16440\">\n                <img\n                    title=\"Winterwunder\"\n                    alt=\"Winterwunder\"\n                    src=\"https:\/\/www.freimarianne.ch\/wp-content\/gallery\/fiescheralp-8-3-2016\/thumbs\/thumbs_IMG_5765_1.jpg\"\n                    width=\"100\"\n                    height=\"75\"\n                    style=\"max-width:100%;\"\n                \/>\n            <\/a>\n        <\/div>\n\t\t\t\t\t\t\t<\/div> \n\t\t\t\n        \n\t\t\t\t<div id=\"ngg-image-2\" class=\"ngg-gallery-thumbnail-box\" >\n\t\t\t\t        <div class=\"ngg-gallery-thumbnail\">\n            <a href=\"https:\/\/www.freimarianne.ch\/wp-content\/gallery\/fiescheralp-8-3-2016\/IMG_5769_1.jpg\"\n               title=\"Winterwunder\"\n               data-src=\"https:\/\/www.freimarianne.ch\/wp-content\/gallery\/fiescheralp-8-3-2016\/IMG_5769_1.jpg\"\n               data-thumbnail=\"https:\/\/www.freimarianne.ch\/wp-content\/gallery\/fiescheralp-8-3-2016\/thumbs\/thumbs_IMG_5769_1.jpg\"\n               data-image-id=\"12640\"\n               data-title=\"Winterwunder\"\n               data-description=\"Winterwunder\"\n               data-image-slug=\"img_5769_1\"\n               class=\"shutterset_16440\">\n                <img\n                    title=\"Winterwunder\"\n                    alt=\"Winterwunder\"\n                    src=\"https:\/\/www.freimarianne.ch\/wp-content\/gallery\/fiescheralp-8-3-2016\/thumbs\/thumbs_IMG_5769_1.jpg\"\n                    width=\"100\"\n                    height=\"75\"\n                    style=\"max-width:100%;\"\n                \/>\n            <\/a>\n        <\/div>\n\t\t\t\t\t\t\t<\/div> \n\t\t\t\n        \n\t\t\t\t<div id=\"ngg-image-3\" class=\"ngg-gallery-thumbnail-box\" >\n\t\t\t\t        <div class=\"ngg-gallery-thumbnail\">\n            <a href=\"https:\/\/www.freimarianne.ch\/wp-content\/gallery\/fiescheralp-8-3-2016\/IMG_5774_1.jpg\"\n               title=\"Bruni im Winterwunderland\"\n               data-src=\"https:\/\/www.freimarianne.ch\/wp-content\/gallery\/fiescheralp-8-3-2016\/IMG_5774_1.jpg\"\n               data-thumbnail=\"https:\/\/www.freimarianne.ch\/wp-content\/gallery\/fiescheralp-8-3-2016\/thumbs\/thumbs_IMG_5774_1.jpg\"\n               data-image-id=\"12641\"\n               data-title=\"Bruni im Winterwunderland\"\n               data-description=\"Bruni im Winterwunderland\"\n               data-image-slug=\"img_5774_1\"\n               class=\"shutterset_16440\">\n                <img\n                    title=\"Bruni im Winterwunderland\"\n                    alt=\"Bruni im Winterwunderland\"\n                    src=\"https:\/\/www.freimarianne.ch\/wp-content\/gallery\/fiescheralp-8-3-2016\/thumbs\/thumbs_IMG_5774_1.jpg\"\n                    width=\"100\"\n                    height=\"75\"\n                    style=\"max-width:100%;\"\n                \/>\n            <\/a>\n        <\/div>\n\t\t\t\t\t\t\t<\/div> \n\t\t\t\n        \n\t\t\t\t<div id=\"ngg-image-4\" class=\"ngg-gallery-thumbnail-box\" >\n\t\t\t\t        <div class=\"ngg-gallery-thumbnail\">\n            <a href=\"https:\/\/www.freimarianne.ch\/wp-content\/gallery\/fiescheralp-8-3-2016\/IMG_5775_1.jpg\"\n               title=\"es wird heller\"\n               data-src=\"https:\/\/www.freimarianne.ch\/wp-content\/gallery\/fiescheralp-8-3-2016\/IMG_5775_1.jpg\"\n               data-thumbnail=\"https:\/\/www.freimarianne.ch\/wp-content\/gallery\/fiescheralp-8-3-2016\/thumbs\/thumbs_IMG_5775_1.jpg\"\n               data-image-id=\"12642\"\n               data-title=\"es wird heller\"\n               data-description=\"es wird heller\"\n               data-image-slug=\"img_5775_1\"\n               class=\"shutterset_16440\">\n                <img\n                    title=\"es wird heller\"\n                    alt=\"es wird heller\"\n                    src=\"https:\/\/www.freimarianne.ch\/wp-content\/gallery\/fiescheralp-8-3-2016\/thumbs\/thumbs_IMG_5775_1.jpg\"\n                    width=\"100\"\n                    height=\"75\"\n                    style=\"max-width:100%;\"\n                \/>\n            <\/a>\n        <\/div>\n\t\t\t\t\t\t\t<\/div> \n\t\t\t\n        \n\t\t\t\t<div id=\"ngg-image-5\" class=\"ngg-gallery-thumbnail-box\" >\n\t\t\t\t        <div class=\"ngg-gallery-thumbnail\">\n            <a href=\"https:\/\/www.freimarianne.ch\/wp-content\/gallery\/fiescheralp-8-3-2016\/IMG_5776_1.jpg\"\n               title=\"dort werden wir kurz sitzen\"\n               data-src=\"https:\/\/www.freimarianne.ch\/wp-content\/gallery\/fiescheralp-8-3-2016\/IMG_5776_1.jpg\"\n               data-thumbnail=\"https:\/\/www.freimarianne.ch\/wp-content\/gallery\/fiescheralp-8-3-2016\/thumbs\/thumbs_IMG_5776_1.jpg\"\n               data-image-id=\"12643\"\n               data-title=\"dort werden wir kurz sitzen\"\n               data-description=\"dort werden wir kurz sitzen\"\n               data-image-slug=\"img_5776_1\"\n               class=\"shutterset_16440\">\n                <img\n                    title=\"dort werden wir kurz sitzen\"\n                    alt=\"dort werden wir kurz sitzen\"\n                    src=\"https:\/\/www.freimarianne.ch\/wp-content\/gallery\/fiescheralp-8-3-2016\/thumbs\/thumbs_IMG_5776_1.jpg\"\n                    width=\"100\"\n                    height=\"75\"\n                    style=\"max-width:100%;\"\n                \/>\n            <\/a>\n        <\/div>\n\t\t\t\t\t\t\t<\/div> \n\t\t\t\n        \n\t\t\t\t<div id=\"ngg-image-6\" class=\"ngg-gallery-thumbnail-box\" >\n\t\t\t\t        <div class=\"ngg-gallery-thumbnail\">\n            <a href=\"https:\/\/www.freimarianne.ch\/wp-content\/gallery\/fiescheralp-8-3-2016\/IMG_5780.jpg\"\n               title=\"mehr als 1 m Schnee auf dem Dach\"\n               data-src=\"https:\/\/www.freimarianne.ch\/wp-content\/gallery\/fiescheralp-8-3-2016\/IMG_5780.jpg\"\n               data-thumbnail=\"https:\/\/www.freimarianne.ch\/wp-content\/gallery\/fiescheralp-8-3-2016\/thumbs\/thumbs_IMG_5780.jpg\"\n               data-image-id=\"12644\"\n               data-title=\"mehr als 1 m Schnee auf dem Dach\"\n               data-description=\"mehr als 1 m Schnee auf dem Dach\"\n               data-image-slug=\"img_5780-3\"\n               class=\"shutterset_16440\">\n                <img\n                    title=\"mehr als 1 m Schnee auf dem Dach\"\n                    alt=\"mehr als 1 m Schnee auf dem Dach\"\n                    src=\"https:\/\/www.freimarianne.ch\/wp-content\/gallery\/fiescheralp-8-3-2016\/thumbs\/thumbs_IMG_5780.jpg\"\n                    width=\"100\"\n                    height=\"75\"\n                    style=\"max-width:100%;\"\n                \/>\n            <\/a>\n        <\/div>\n\t\t\t\t\t\t\t<\/div> \n\t\t\t\n        \n\t\t\t\t<div id=\"ngg-image-7\" class=\"ngg-gallery-thumbnail-box\" >\n\t\t\t\t        <div class=\"ngg-gallery-thumbnail\">\n            <a href=\"https:\/\/www.freimarianne.ch\/wp-content\/gallery\/fiescheralp-8-3-2016\/IMG_5783.jpg\"\n               title=\"winterliche Bettmeralp\"\n               data-src=\"https:\/\/www.freimarianne.ch\/wp-content\/gallery\/fiescheralp-8-3-2016\/IMG_5783.jpg\"\n               data-thumbnail=\"https:\/\/www.freimarianne.ch\/wp-content\/gallery\/fiescheralp-8-3-2016\/thumbs\/thumbs_IMG_5783.jpg\"\n               data-image-id=\"12645\"\n               data-title=\"winterliche Bettmeralp\"\n               data-description=\"winterliche Bettmeralp\"\n               data-image-slug=\"img_5783-1\"\n               class=\"shutterset_16440\">\n                <img\n                    title=\"winterliche Bettmeralp\"\n                    alt=\"winterliche Bettmeralp\"\n                    src=\"https:\/\/www.freimarianne.ch\/wp-content\/gallery\/fiescheralp-8-3-2016\/thumbs\/thumbs_IMG_5783.jpg\"\n                    width=\"100\"\n                    height=\"75\"\n                    style=\"max-width:100%;\"\n                \/>\n            <\/a>\n        <\/div>\n\t\t\t\t\t\t\t<\/div> \n\t\t\t\n        \n\t\t\t\t<div id=\"ngg-image-8\" class=\"ngg-gallery-thumbnail-box\" >\n\t\t\t\t        <div class=\"ngg-gallery-thumbnail\">\n            <a href=\"https:\/\/www.freimarianne.ch\/wp-content\/gallery\/fiescheralp-8-3-2016\/IMG_5797.jpg\"\n               title=\"winterliche Riederalp\"\n               data-src=\"https:\/\/www.freimarianne.ch\/wp-content\/gallery\/fiescheralp-8-3-2016\/IMG_5797.jpg\"\n               data-thumbnail=\"https:\/\/www.freimarianne.ch\/wp-content\/gallery\/fiescheralp-8-3-2016\/thumbs\/thumbs_IMG_5797.jpg\"\n               data-image-id=\"12646\"\n               data-title=\"winterliche Riederalp\"\n               data-description=\"winterliche Riederalp\"\n               data-image-slug=\"img_5797-1\"\n               class=\"shutterset_16440\">\n                <img\n                    title=\"winterliche Riederalp\"\n                    alt=\"winterliche Riederalp\"\n                    src=\"https:\/\/www.freimarianne.ch\/wp-content\/gallery\/fiescheralp-8-3-2016\/thumbs\/thumbs_IMG_5797.jpg\"\n                    width=\"100\"\n                    height=\"75\"\n                    style=\"max-width:100%;\"\n                \/>\n            <\/a>\n        <\/div>\n\t\t\t\t\t\t\t<\/div> \n\t\t\t\n        \n\t\t\t\t<div id=\"ngg-image-9\" class=\"ngg-gallery-thumbnail-box\" >\n\t\t\t\t        <div class=\"ngg-gallery-thumbnail\">\n            <a href=\"https:\/\/www.freimarianne.ch\/wp-content\/gallery\/fiescheralp-8-3-2016\/IMG_5802.jpg\"\n               title=\"B\u00e4ttlihorn, Gr. Huwetz, F\u00fclhorn\"\n               data-src=\"https:\/\/www.freimarianne.ch\/wp-content\/gallery\/fiescheralp-8-3-2016\/IMG_5802.jpg\"\n               data-thumbnail=\"https:\/\/www.freimarianne.ch\/wp-content\/gallery\/fiescheralp-8-3-2016\/thumbs\/thumbs_IMG_5802.jpg\"\n               data-image-id=\"12647\"\n               data-title=\"B\u00c3\u00a4ttlihorn, Gr. Huwetz, F\u00c3\u00bclhorn\"\n               data-description=\"B\u00e4ttlihorn, Gr. Huwetz, F\u00fclhorn\"\n               data-image-slug=\"img_5802-1\"\n               class=\"shutterset_16440\">\n                <img\n                    title=\"B\u00c3\u00a4ttlihorn, Gr. Huwetz, F\u00c3\u00bclhorn\"\n                    alt=\"B\u00c3\u00a4ttlihorn, Gr. Huwetz, F\u00c3\u00bclhorn\"\n                    src=\"https:\/\/www.freimarianne.ch\/wp-content\/gallery\/fiescheralp-8-3-2016\/thumbs\/thumbs_IMG_5802.jpg\"\n                    width=\"100\"\n                    height=\"75\"\n                    style=\"max-width:100%;\"\n                \/>\n            <\/a>\n        <\/div>\n\t\t\t\t\t\t\t<\/div> \n\t\t\t\n        \n\t\t\t\t<div id=\"ngg-image-10\" class=\"ngg-gallery-thumbnail-box\" >\n\t\t\t\t        <div class=\"ngg-gallery-thumbnail\">\n            <a href=\"https:\/\/www.freimarianne.ch\/wp-content\/gallery\/fiescheralp-8-3-2016\/IMG_5806.jpg\"\n               title=\"Seilbahn M\u00f6rel; B\u00e4ttlihorn, Gr. Huwetz, F\u00fclhorn\"\n               data-src=\"https:\/\/www.freimarianne.ch\/wp-content\/gallery\/fiescheralp-8-3-2016\/IMG_5806.jpg\"\n               data-thumbnail=\"https:\/\/www.freimarianne.ch\/wp-content\/gallery\/fiescheralp-8-3-2016\/thumbs\/thumbs_IMG_5806.jpg\"\n               data-image-id=\"12648\"\n               data-title=\"Seilbahn M\u00c3\u00b6rel; B\u00c3\u00a4ttlihorn, Gr. Huwetz, F\u00c3\u00bclhorn\"\n               data-description=\"Seilbahn M\u00f6rel; B\u00e4ttlihorn, Gr. Huwetz, F\u00fclhorn\"\n               data-image-slug=\"img_5806\"\n               class=\"shutterset_16440\">\n                <img\n                    title=\"Seilbahn M\u00c3\u00b6rel; B\u00c3\u00a4ttlihorn, Gr. Huwetz, F\u00c3\u00bclhorn\"\n                    alt=\"Seilbahn M\u00c3\u00b6rel; B\u00c3\u00a4ttlihorn, Gr. Huwetz, F\u00c3\u00bclhorn\"\n                    src=\"https:\/\/www.freimarianne.ch\/wp-content\/gallery\/fiescheralp-8-3-2016\/thumbs\/thumbs_IMG_5806.jpg\"\n                    width=\"100\"\n                    height=\"75\"\n                    style=\"max-width:100%;\"\n                \/>\n            <\/a>\n        <\/div>\n\t\t\t\t\t\t\t<\/div> \n\t\t\t\n        \n\t\t\t\t<div id=\"ngg-image-11\" class=\"ngg-gallery-thumbnail-box\" >\n\t\t\t\t        <div class=\"ngg-gallery-thumbnail\">\n            <a href=\"https:\/\/www.freimarianne.ch\/wp-content\/gallery\/fiescheralp-8-3-2016\/IMG_5809.jpg\"\n               title=\"unterhalb der Riederalp\"\n               data-src=\"https:\/\/www.freimarianne.ch\/wp-content\/gallery\/fiescheralp-8-3-2016\/IMG_5809.jpg\"\n               data-thumbnail=\"https:\/\/www.freimarianne.ch\/wp-content\/gallery\/fiescheralp-8-3-2016\/thumbs\/thumbs_IMG_5809.jpg\"\n               data-image-id=\"12649\"\n               data-title=\"unterhalb der Riederalp\"\n               data-description=\"unterhalb der Riederalp\"\n               data-image-slug=\"img_5809\"\n               class=\"shutterset_16440\">\n                <img\n                    title=\"unterhalb der Riederalp\"\n                    alt=\"unterhalb der Riederalp\"\n                    src=\"https:\/\/www.freimarianne.ch\/wp-content\/gallery\/fiescheralp-8-3-2016\/thumbs\/thumbs_IMG_5809.jpg\"\n                    width=\"100\"\n                    height=\"75\"\n                    style=\"max-width:100%;\"\n                \/>\n            <\/a>\n        <\/div>\n\t\t\t\t\t\t\t<\/div> \n\t\t\t\n        \n\t\t\t\t<div id=\"ngg-image-12\" class=\"ngg-gallery-thumbnail-box\" >\n\t\t\t\t        <div class=\"ngg-gallery-thumbnail\">\n            <a href=\"https:\/\/www.freimarianne.ch\/wp-content\/gallery\/fiescheralp-8-3-2016\/IMG_5818.jpg\"\n               title=\"Kapelle\"\n               data-src=\"https:\/\/www.freimarianne.ch\/wp-content\/gallery\/fiescheralp-8-3-2016\/IMG_5818.jpg\"\n               data-thumbnail=\"https:\/\/www.freimarianne.ch\/wp-content\/gallery\/fiescheralp-8-3-2016\/thumbs\/thumbs_IMG_5818.jpg\"\n               data-image-id=\"12650\"\n               data-title=\"Kapelle\"\n               data-description=\"Kapelle\"\n               data-image-slug=\"img_5818-2\"\n               class=\"shutterset_16440\">\n                <img\n                    title=\"Kapelle\"\n                    alt=\"Kapelle\"\n                    src=\"https:\/\/www.freimarianne.ch\/wp-content\/gallery\/fiescheralp-8-3-2016\/thumbs\/thumbs_IMG_5818.jpg\"\n                    width=\"100\"\n                    height=\"75\"\n                    style=\"max-width:100%;\"\n                \/>\n            <\/a>\n        <\/div>\n\t\t\t\t\t\t\t<\/div> \n\t\t\t\n        \n\t\t\t\t<div id=\"ngg-image-13\" class=\"ngg-gallery-thumbnail-box\" >\n\t\t\t\t        <div class=\"ngg-gallery-thumbnail\">\n            <a href=\"https:\/\/www.freimarianne.ch\/wp-content\/gallery\/fiescheralp-8-3-2016\/IMG_5822.jpg\"\n               title=\"B\u00e4ttlihorn, Gr. Huwetz, F\u00fclhorn\"\n               data-src=\"https:\/\/www.freimarianne.ch\/wp-content\/gallery\/fiescheralp-8-3-2016\/IMG_5822.jpg\"\n               data-thumbnail=\"https:\/\/www.freimarianne.ch\/wp-content\/gallery\/fiescheralp-8-3-2016\/thumbs\/thumbs_IMG_5822.jpg\"\n               data-image-id=\"12651\"\n               data-title=\"B\u00c3\u00a4ttlihorn, Gr. Huwetz, F\u00c3\u00bclhorn\"\n               data-description=\"B\u00e4ttlihorn, Gr. Huwetz, F\u00fclhorn\"\n               data-image-slug=\"img_5822-1\"\n               class=\"shutterset_16440\">\n                <img\n                    title=\"B\u00c3\u00a4ttlihorn, Gr. Huwetz, F\u00c3\u00bclhorn\"\n                    alt=\"B\u00c3\u00a4ttlihorn, Gr. Huwetz, F\u00c3\u00bclhorn\"\n                    src=\"https:\/\/www.freimarianne.ch\/wp-content\/gallery\/fiescheralp-8-3-2016\/thumbs\/thumbs_IMG_5822.jpg\"\n                    width=\"100\"\n                    height=\"75\"\n                    style=\"max-width:100%;\"\n                \/>\n            <\/a>\n        <\/div>\n\t\t\t\t\t\t\t<\/div> \n\t\t\t\n        \n\t\t\t\t<div id=\"ngg-image-14\" class=\"ngg-gallery-thumbnail-box\" >\n\t\t\t\t        <div class=\"ngg-gallery-thumbnail\">\n            <a href=\"https:\/\/www.freimarianne.ch\/wp-content\/gallery\/fiescheralp-8-3-2016\/IMG_5827.jpg\"\n               title=\"Bruni im tiefen Schnee\"\n               data-src=\"https:\/\/www.freimarianne.ch\/wp-content\/gallery\/fiescheralp-8-3-2016\/IMG_5827.jpg\"\n               data-thumbnail=\"https:\/\/www.freimarianne.ch\/wp-content\/gallery\/fiescheralp-8-3-2016\/thumbs\/thumbs_IMG_5827.jpg\"\n               data-image-id=\"12652\"\n               data-title=\"Bruni im tiefen Schnee\"\n               data-description=\"Bruni im tiefen Schnee\"\n               data-image-slug=\"img_5827\"\n               class=\"shutterset_16440\">\n                <img\n                    title=\"Bruni im tiefen Schnee\"\n                    alt=\"Bruni im tiefen Schnee\"\n                    src=\"https:\/\/www.freimarianne.ch\/wp-content\/gallery\/fiescheralp-8-3-2016\/thumbs\/thumbs_IMG_5827.jpg\"\n                    width=\"100\"\n                    height=\"75\"\n                    style=\"max-width:100%;\"\n                \/>\n            <\/a>\n        <\/div>\n\t\t\t\t\t\t\t<\/div> \n\t\t\t\n        \n\t\t\t\t<div id=\"ngg-image-15\" class=\"ngg-gallery-thumbnail-box\" >\n\t\t\t\t        <div class=\"ngg-gallery-thumbnail\">\n            <a href=\"https:\/\/www.freimarianne.ch\/wp-content\/gallery\/fiescheralp-8-3-2016\/IMG_5830.jpg\"\n               title=\"das Dorf Ried\"\n               data-src=\"https:\/\/www.freimarianne.ch\/wp-content\/gallery\/fiescheralp-8-3-2016\/IMG_5830.jpg\"\n               data-thumbnail=\"https:\/\/www.freimarianne.ch\/wp-content\/gallery\/fiescheralp-8-3-2016\/thumbs\/thumbs_IMG_5830.jpg\"\n               data-image-id=\"12653\"\n               data-title=\"das Dorf Ried\"\n               data-description=\"das Dorf Ried\"\n               data-image-slug=\"img_5830-1\"\n               class=\"shutterset_16440\">\n                <img\n                    title=\"das Dorf Ried\"\n                    alt=\"das Dorf Ried\"\n                    src=\"https:\/\/www.freimarianne.ch\/wp-content\/gallery\/fiescheralp-8-3-2016\/thumbs\/thumbs_IMG_5830.jpg\"\n                    width=\"100\"\n                    height=\"75\"\n                    style=\"max-width:100%;\"\n                \/>\n            <\/a>\n        <\/div>\n\t\t\t\t\t\t\t<\/div> \n\t\t\t\n        \n\t\t\n\t\t<!-- Pagination -->\n\t<div class='ngg-clear'><\/div>\t<\/div>\n<\/strong><\/p>\n","protected":false},"excerpt":{"rendered":"<p>Winterwanderung von der Fiescheralp \u00fcber die Bettmeralp zur Riederalp und hinunter nach Ried Bei viel Wolken, Schneefall und fast keiner Sicht beginnen wir unsere Wandrung um 10.30 h auf der Fiescheralp. Der Wetterbericht war eigentlich besser als das, was wir hier vorfinden! Wir haben zwar keine Sicht (immerhin sehen wir noch die n\u00e4chsten Stecken im [&hellip;]<\/p>\n","protected":false},"author":1,"featured_media":0,"parent":14834,"menu_order":26,"comment_status":"closed","ping_status":"closed","template":"","meta":{"ngg_post_thumbnail":0},"_links":{"self":[{"href":"https:\/\/www.freimarianne.ch\/index.php?rest_route=\/wp\/v2\/pages\/16061"}],"collection":[{"href":"https:\/\/www.freimarianne.ch\/index.php?rest_route=\/wp\/v2\/pages"}],"about":[{"href":"https:\/\/www.freimarianne.ch\/index.php?rest_route=\/wp\/v2\/types\/page"}],"author":[{"embeddable":true,"href":"https:\/\/www.freimarianne.ch\/index.php?rest_route=\/wp\/v2\/users\/1"}],"replies":[{"embeddable":true,"href":"https:\/\/www.freimarianne.ch\/index.php?rest_route=%2Fwp%2Fv2%2Fcomments&post=16061"}],"version-history":[{"count":5,"href":"https:\/\/www.freimarianne.ch\/index.php?rest_route=\/wp\/v2\/pages\/16061\/revisions"}],"predecessor-version":[{"id":16531,"href":"https:\/\/www.freimarianne.ch\/index.php?rest_route=\/wp\/v2\/pages\/16061\/revisions\/16531"}],"up":[{"embeddable":true,"href":"https:\/\/www.freimarianne.ch\/index.php?rest_route=\/wp\/v2\/pages\/14834"}],"wp:attachment":[{"href":"https:\/\/www.freimarianne.ch\/index.php?rest_route=%2Fwp%2Fv2%2Fmedia&parent=16061"}],"curies":[{"name":"wp","href":"https:\/\/api.w.org\/{rel}","templated":true}]}}