{"id":16065,"date":"2016-03-23T17:10:14","date_gmt":"2016-03-23T16:10:14","guid":{"rendered":"http:\/\/www.freimarianne.ch\/?page_id=16065"},"modified":"2016-03-23T17:35:42","modified_gmt":"2016-03-23T16:35:42","slug":"gurbetaler-hohenweg-be-11-3-2016","status":"publish","type":"page","link":"https:\/\/www.freimarianne.ch\/?page_id=16065","title":{"rendered":"G\u00fcrbetaler H\u00f6henweg  BE 11.3.2016"},"content":{"rendered":"<p><strong>Wanderung auf dem G\u00fcrbetaler H\u00f6henweg<\/strong><br \/>\n<strong>Von Englisberg bis Kaufdorf<\/strong><\/p>\n<p>[slideshow_deploy id=&#8217;16093&#8217;&#093;<br \/>\nWir starten um 10.30h in Englisberg 3 oberhalb Kehrsatz und folgen den gelben Wegweisern.<br \/>\nEs ist kalt und windig  und der Himmel is bedeckt. Wir k\u00f6nnen heute keine Panoramawanderung erwarten!<br \/>\nWir kommen bei der Teufelsburdi vorbei uns bestaunen den erratischen Felsblock, den der Aaregletscher aus den Alpen hierher transportiert hat und hier an der Seitenmor\u00e4ne  abgelagert hat.<br \/>\nBis hier oben reichte einst die Eisdecke! Wir gelangen \u00fcber die Hofmatt  zur Rossweid 781m und wandern weiter nach Falebach 790m, dem besterhaltenen Weiler auf dem L\u00e4ngenberg.<br \/>\nBemerkenswert ist hier der Hof mit seiner langen S\u00f6llerlaube und dem R\u00fcndi-stud ( ist das der Holzpfeiler\u2019) und der weiten R\u00fcndi. Dann sehen wir den Speicher  von 1769 mit seiner bemalten T\u00fcre und das Ofenhaus.<br \/>\nVon Falebach gelangen wir hinunter nach Obertoffe 757m, das ich  von der Wanderung zur B\u00fctschelegg her kenne.<br \/>\nWir m\u00fcssen nun etwas hiaufsteigen nach Oberfeld 854m und gehen dann sp\u00e4ter unterhalb der Felsen von Gutenbr\u00fcnnen hinunter zum gleichmnamigen Weiler.<br \/>\nDie Sandsteinfl\u00fche  ist gewaltig . Man sieht hinein ins Pfaffenloch.<br \/>\nWir kommen hinunter nach Wied und gehen weiter nach R\u00fcmligen und  Kaufdorf, wo wir gleich die S Bahn nach Thun besteigen k\u00f6nnen.<br \/>\nWir sind etwa 3 1\/2 Stunden gewandert und konnten nur kurze Halte machen, da es kalt war.<\/p>\n","protected":false},"excerpt":{"rendered":"<p>Wanderung auf dem G\u00fcrbetaler H\u00f6henweg Von Englisberg bis Kaufdorf Wir starten um 10.30h in Englisberg 3 oberhalb Kehrsatz und folgen den gelben Wegweisern. Es ist kalt und windig und der Himmel is bedeckt. Wir k\u00f6nnen heute keine Panoramawanderung erwarten! Wir kommen bei der Teufelsburdi vorbei uns bestaunen den erratischen Felsblock, den der Aaregletscher aus den [&hellip;]<\/p>\n","protected":false},"author":1,"featured_media":0,"parent":14834,"menu_order":28,"comment_status":"closed","ping_status":"closed","template":"","meta":{"ngg_post_thumbnail":0},"_links":{"self":[{"href":"https:\/\/www.freimarianne.ch\/index.php?rest_route=\/wp\/v2\/pages\/16065"}],"collection":[{"href":"https:\/\/www.freimarianne.ch\/index.php?rest_route=\/wp\/v2\/pages"}],"about":[{"href":"https:\/\/www.freimarianne.ch\/index.php?rest_route=\/wp\/v2\/types\/page"}],"author":[{"embeddable":true,"href":"https:\/\/www.freimarianne.ch\/index.php?rest_route=\/wp\/v2\/users\/1"}],"replies":[{"embeddable":true,"href":"https:\/\/www.freimarianne.ch\/index.php?rest_route=%2Fwp%2Fv2%2Fcomments&post=16065"}],"version-history":[{"count":6,"href":"https:\/\/www.freimarianne.ch\/index.php?rest_route=\/wp\/v2\/pages\/16065\/revisions"}],"predecessor-version":[{"id":16098,"href":"https:\/\/www.freimarianne.ch\/index.php?rest_route=\/wp\/v2\/pages\/16065\/revisions\/16098"}],"up":[{"embeddable":true,"href":"https:\/\/www.freimarianne.ch\/index.php?rest_route=\/wp\/v2\/pages\/14834"}],"wp:attachment":[{"href":"https:\/\/www.freimarianne.ch\/index.php?rest_route=%2Fwp%2Fv2%2Fmedia&parent=16065"}],"curies":[{"name":"wp","href":"https:\/\/api.w.org\/{rel}","templated":true}]}}