{"id":16076,"date":"2016-03-23T17:21:02","date_gmt":"2016-03-23T16:21:02","guid":{"rendered":"http:\/\/www.freimarianne.ch\/?page_id=16076"},"modified":"2016-04-26T15:13:03","modified_gmt":"2016-04-26T14:13:03","slug":"blattenegg-sorenberg-lu-22-3-2016","status":"publish","type":"page","link":"https:\/\/www.freimarianne.ch\/?page_id=16076","title":{"rendered":"Blattenegg  S\u00f6renberg  LU  22.3.2016"},"content":{"rendered":"<p><strong>Schneeschuhwanderung auf die Blattenegg<\/strong><br \/>\nVon Sch\u00f6nebode \u00fcber Schlacht auf die Blattenegg &#8211; T\u00fcrnli &#8211; Salwide &#8211; Rossweid<\/p>\n<p><img loading=\"lazy\" class=\"alignleft size-full wp-image-16060\" src=\"http:\/\/www.freimarianne.ch\/wp-content\/uploads\/2016\/03\/IMG_6244_blattenegg_500.jpg\" alt=\"IMG_6244_blattenegg_500\" width=\"500\" height=\"375\" srcset=\"https:\/\/www.freimarianne.ch\/wp-content\/uploads\/2016\/03\/IMG_6244_blattenegg_500.jpg 500w, https:\/\/www.freimarianne.ch\/wp-content\/uploads\/2016\/03\/IMG_6244_blattenegg_500-300x225.jpg 300w, https:\/\/www.freimarianne.ch\/wp-content\/uploads\/2016\/03\/IMG_6244_blattenegg_500-400x300.jpg 400w\" sizes=\"(max-width: 500px) 100vw, 500px\" \/><br \/>\nUm 10.15h beginnen wir unsere Tour im Sch\u00f6nebode 1265m bei eher bew\u00f6lkten Wetter. Es ist kalt und wir sind froh, dass uns das Gehen warm macht. Beim Hof Schlacht 1334m sehen wir kaum noch die Brienzerrothornkette. Wir folgen den violetten Stecken weiter hinauf und steigen gem\u00e4chlich im Gebiet neben dem Skilift Vorder Steinetli hinauf zur Hinder Schwarzenegg. Dann geht es weiter am Schr\u00e4ghang ins Tal hinein und hinauf zur Blattenegg 1637m, wo ein rauher kalter Wind weht. Dies ist kein Fr\u00fchlingswetter! Das Wetter wird aber zunehmend besser und wir geniessen die Sicht hinunter in die Ebene auf Blatte und die Arnibergegg. Auch die Brienzerrothornkette ist nun durch einen Dunstschleier sichtbar.<br \/>\nWir kommen im tiefen Schnee hinunter in die Ebene im Gebiet T\u00fcrndli, wo die Langlaufloipen verlaufen.<br \/>\nWir befinden uns hier m Moorgebiet beim T\u00fcrndliwald. Einige der vielen Wasserl\u00e4ufe sind auch jetzt noch sichtbar aber sie liegen sicher mindestens \u00fcber einen Meter tiefer unten als wir !<br \/>\nBei nun sch\u00f6nsten Wetter erreichen wir um 13.17h die Salwide 1447m, wo wir eine Bank finden und unsere etwas versp\u00e4tete Mittagrast halten und den Sonnenschein geniessen.<br \/>\nWir nehmen dann den Weg nach Rossweid und fahren mit der Gondelbahn hinunter nach S\u00f6renberg.<br \/>\nDies war eine sch\u00f6ne Tour, die wir n\u00e4chstes Jahr wiederholen k\u00f6nnen.<br \/>\nLaut Swissmap:<br \/>\nDistanz: 8.10 km; Aufstieg: 481m; Abstieg: 258m; Marschzeit: 2 h 33 min<br \/>\nIm Winter muss man ca. 3 h rechnen oder mehr. Bei gen\u00fcgend Schnee kann man hinunter nach S\u00f6renberg gehen.<\/p>\n<p>&nbsp;<\/p>\n<p><!-- index.php -->\n<div\n\tclass=\"ngg-galleryoverview ngg-ajax-pagination-none\"\n\tid=\"ngg-gallery-16520-1\">\n\n    \t<div class=\"slideshowlink\">\n        <a href='https:\/\/www.freimarianne.ch\/index.php\/nggallery\/slideshow?page_id=16076'>[Show as slideshow]<\/a>\n\t\t\n\t<\/div>\n\t\t\t<!-- Thumbnails -->\n\t\t\t\t<div id=\"ngg-image-0\" class=\"ngg-gallery-thumbnail-box\" >\n\t\t\t\t        <div class=\"ngg-gallery-thumbnail\">\n            <a href=\"https:\/\/www.freimarianne.ch\/wp-content\/gallery\/blattenegg-22-3-2016\/IMG_6210.jpg\"\n               title=\"\"\n               data-src=\"https:\/\/www.freimarianne.ch\/wp-content\/gallery\/blattenegg-22-3-2016\/IMG_6210.jpg\"\n               data-thumbnail=\"https:\/\/www.freimarianne.ch\/wp-content\/gallery\/blattenegg-22-3-2016\/thumbs\/thumbs_IMG_6210.jpg\"\n               data-image-id=\"12751\"\n               data-title=\"IMG_6210\"\n               data-description=\"\"\n               data-image-slug=\"img_6210-1\"\n               class=\"shutterset_16520\">\n                <img\n                    title=\"IMG_6210\"\n                    alt=\"IMG_6210\"\n                    src=\"https:\/\/www.freimarianne.ch\/wp-content\/gallery\/blattenegg-22-3-2016\/thumbs\/thumbs_IMG_6210.jpg\"\n                    width=\"100\"\n                    height=\"75\"\n                    style=\"max-width:100%;\"\n                \/>\n            <\/a>\n        <\/div>\n\t\t\t\t\t\t\t<\/div> \n\t\t\t\n        \n\t\t\t\t<div id=\"ngg-image-1\" class=\"ngg-gallery-thumbnail-box\" >\n\t\t\t\t        <div class=\"ngg-gallery-thumbnail\">\n            <a href=\"https:\/\/www.freimarianne.ch\/wp-content\/gallery\/blattenegg-22-3-2016\/IMG_6212.jpg\"\n               title=\"\"\n               data-src=\"https:\/\/www.freimarianne.ch\/wp-content\/gallery\/blattenegg-22-3-2016\/IMG_6212.jpg\"\n               data-thumbnail=\"https:\/\/www.freimarianne.ch\/wp-content\/gallery\/blattenegg-22-3-2016\/thumbs\/thumbs_IMG_6212.jpg\"\n               data-image-id=\"12752\"\n               data-title=\"IMG_6212\"\n               data-description=\"\"\n               data-image-slug=\"img_6212-2\"\n               class=\"shutterset_16520\">\n                <img\n                    title=\"IMG_6212\"\n                    alt=\"IMG_6212\"\n                    src=\"https:\/\/www.freimarianne.ch\/wp-content\/gallery\/blattenegg-22-3-2016\/thumbs\/thumbs_IMG_6212.jpg\"\n                    width=\"100\"\n                    height=\"75\"\n                    style=\"max-width:100%;\"\n                \/>\n            <\/a>\n        <\/div>\n\t\t\t\t\t\t\t<\/div> \n\t\t\t\n        \n\t\t\t\t<div id=\"ngg-image-2\" class=\"ngg-gallery-thumbnail-box\" >\n\t\t\t\t        <div class=\"ngg-gallery-thumbnail\">\n            <a href=\"https:\/\/www.freimarianne.ch\/wp-content\/gallery\/blattenegg-22-3-2016\/IMG_6215.jpg\"\n               title=\"\"\n               data-src=\"https:\/\/www.freimarianne.ch\/wp-content\/gallery\/blattenegg-22-3-2016\/IMG_6215.jpg\"\n               data-thumbnail=\"https:\/\/www.freimarianne.ch\/wp-content\/gallery\/blattenegg-22-3-2016\/thumbs\/thumbs_IMG_6215.jpg\"\n               data-image-id=\"12753\"\n               data-title=\"IMG_6215\"\n               data-description=\"\"\n               data-image-slug=\"img_6215\"\n               class=\"shutterset_16520\">\n                <img\n                    title=\"IMG_6215\"\n                    alt=\"IMG_6215\"\n                    src=\"https:\/\/www.freimarianne.ch\/wp-content\/gallery\/blattenegg-22-3-2016\/thumbs\/thumbs_IMG_6215.jpg\"\n                    width=\"100\"\n                    height=\"75\"\n                    style=\"max-width:100%;\"\n                \/>\n            <\/a>\n        <\/div>\n\t\t\t\t\t\t\t<\/div> \n\t\t\t\n        \n\t\t\t\t<div id=\"ngg-image-3\" class=\"ngg-gallery-thumbnail-box\" >\n\t\t\t\t        <div class=\"ngg-gallery-thumbnail\">\n            <a href=\"https:\/\/www.freimarianne.ch\/wp-content\/gallery\/blattenegg-22-3-2016\/IMG_6220.jpg\"\n               title=\"\"\n               data-src=\"https:\/\/www.freimarianne.ch\/wp-content\/gallery\/blattenegg-22-3-2016\/IMG_6220.jpg\"\n               data-thumbnail=\"https:\/\/www.freimarianne.ch\/wp-content\/gallery\/blattenegg-22-3-2016\/thumbs\/thumbs_IMG_6220.jpg\"\n               data-image-id=\"12754\"\n               data-title=\"IMG_6220\"\n               data-description=\"\"\n               data-image-slug=\"img_6220-1\"\n               class=\"shutterset_16520\">\n                <img\n                    title=\"IMG_6220\"\n                    alt=\"IMG_6220\"\n                    src=\"https:\/\/www.freimarianne.ch\/wp-content\/gallery\/blattenegg-22-3-2016\/thumbs\/thumbs_IMG_6220.jpg\"\n                    width=\"100\"\n                    height=\"75\"\n                    style=\"max-width:100%;\"\n                \/>\n            <\/a>\n        <\/div>\n\t\t\t\t\t\t\t<\/div> \n\t\t\t\n        \n\t\t\t\t<div id=\"ngg-image-4\" class=\"ngg-gallery-thumbnail-box\" >\n\t\t\t\t        <div class=\"ngg-gallery-thumbnail\">\n            <a href=\"https:\/\/www.freimarianne.ch\/wp-content\/gallery\/blattenegg-22-3-2016\/IMG_6222.jpg\"\n               title=\"\"\n               data-src=\"https:\/\/www.freimarianne.ch\/wp-content\/gallery\/blattenegg-22-3-2016\/IMG_6222.jpg\"\n               data-thumbnail=\"https:\/\/www.freimarianne.ch\/wp-content\/gallery\/blattenegg-22-3-2016\/thumbs\/thumbs_IMG_6222.jpg\"\n               data-image-id=\"12755\"\n               data-title=\"IMG_6222\"\n               data-description=\"\"\n               data-image-slug=\"img_6222-1\"\n               class=\"shutterset_16520\">\n                <img\n                    title=\"IMG_6222\"\n                    alt=\"IMG_6222\"\n                    src=\"https:\/\/www.freimarianne.ch\/wp-content\/gallery\/blattenegg-22-3-2016\/thumbs\/thumbs_IMG_6222.jpg\"\n                    width=\"100\"\n                    height=\"75\"\n                    style=\"max-width:100%;\"\n                \/>\n            <\/a>\n        <\/div>\n\t\t\t\t\t\t\t<\/div> \n\t\t\t\n        \n\t\t\t\t<div id=\"ngg-image-5\" class=\"ngg-gallery-thumbnail-box\" >\n\t\t\t\t        <div class=\"ngg-gallery-thumbnail\">\n            <a href=\"https:\/\/www.freimarianne.ch\/wp-content\/gallery\/blattenegg-22-3-2016\/IMG_6230.jpg\"\n               title=\"Marianne auf der Blattenegg\"\n               data-src=\"https:\/\/www.freimarianne.ch\/wp-content\/gallery\/blattenegg-22-3-2016\/IMG_6230.jpg\"\n               data-thumbnail=\"https:\/\/www.freimarianne.ch\/wp-content\/gallery\/blattenegg-22-3-2016\/thumbs\/thumbs_IMG_6230.jpg\"\n               data-image-id=\"12756\"\n               data-title=\"Marianne auf der Blattenegg\"\n               data-description=\"Marianne auf der Blattenegg\"\n               data-image-slug=\"img_6230-2\"\n               class=\"shutterset_16520\">\n                <img\n                    title=\"Marianne auf der Blattenegg\"\n                    alt=\"Marianne auf der Blattenegg\"\n                    src=\"https:\/\/www.freimarianne.ch\/wp-content\/gallery\/blattenegg-22-3-2016\/thumbs\/thumbs_IMG_6230.jpg\"\n                    width=\"100\"\n                    height=\"75\"\n                    style=\"max-width:100%;\"\n                \/>\n            <\/a>\n        <\/div>\n\t\t\t\t\t\t\t<\/div> \n\t\t\t\n        \n\t\t\t\t<div id=\"ngg-image-6\" class=\"ngg-gallery-thumbnail-box\" >\n\t\t\t\t        <div class=\"ngg-gallery-thumbnail\">\n            <a href=\"https:\/\/www.freimarianne.ch\/wp-content\/gallery\/blattenegg-22-3-2016\/IMG_6242.jpg\"\n               title=\"Sicht auf Blatten und Arnibergegg\"\n               data-src=\"https:\/\/www.freimarianne.ch\/wp-content\/gallery\/blattenegg-22-3-2016\/IMG_6242.jpg\"\n               data-thumbnail=\"https:\/\/www.freimarianne.ch\/wp-content\/gallery\/blattenegg-22-3-2016\/thumbs\/thumbs_IMG_6242.jpg\"\n               data-image-id=\"12757\"\n               data-title=\"Sicht auf Blatten und Arnibergegg\"\n               data-description=\"Sicht auf Blatten und Arnibergegg\"\n               data-image-slug=\"img_6242-1\"\n               class=\"shutterset_16520\">\n                <img\n                    title=\"Sicht auf Blatten und Arnibergegg\"\n                    alt=\"Sicht auf Blatten und Arnibergegg\"\n                    src=\"https:\/\/www.freimarianne.ch\/wp-content\/gallery\/blattenegg-22-3-2016\/thumbs\/thumbs_IMG_6242.jpg\"\n                    width=\"100\"\n                    height=\"75\"\n                    style=\"max-width:100%;\"\n                \/>\n            <\/a>\n        <\/div>\n\t\t\t\t\t\t\t<\/div> \n\t\t\t\n        \n\t\t\t\t<div id=\"ngg-image-7\" class=\"ngg-gallery-thumbnail-box\" >\n\t\t\t\t        <div class=\"ngg-gallery-thumbnail\">\n            <a href=\"https:\/\/www.freimarianne.ch\/wp-content\/gallery\/blattenegg-22-3-2016\/IMG_6250.jpg\"\n               title=\"H\u00fctte beim T\u00fcrndliwald\"\n               data-src=\"https:\/\/www.freimarianne.ch\/wp-content\/gallery\/blattenegg-22-3-2016\/IMG_6250.jpg\"\n               data-thumbnail=\"https:\/\/www.freimarianne.ch\/wp-content\/gallery\/blattenegg-22-3-2016\/thumbs\/thumbs_IMG_6250.jpg\"\n               data-image-id=\"12758\"\n               data-title=\"H\u00c3\u00bctte beim T\u00c3\u00bcrndliwald\"\n               data-description=\"H\u00fctte beim T\u00fcrndliwald\"\n               data-image-slug=\"img_6250-5\"\n               class=\"shutterset_16520\">\n                <img\n                    title=\"H\u00c3\u00bctte beim T\u00c3\u00bcrndliwald\"\n                    alt=\"H\u00c3\u00bctte beim T\u00c3\u00bcrndliwald\"\n                    src=\"https:\/\/www.freimarianne.ch\/wp-content\/gallery\/blattenegg-22-3-2016\/thumbs\/thumbs_IMG_6250.jpg\"\n                    width=\"100\"\n                    height=\"75\"\n                    style=\"max-width:100%;\"\n                \/>\n            <\/a>\n        <\/div>\n\t\t\t\t\t\t\t<\/div> \n\t\t\t\n        \n\t\t\t\t<div id=\"ngg-image-8\" class=\"ngg-gallery-thumbnail-box\" >\n\t\t\t\t        <div class=\"ngg-gallery-thumbnail\">\n            <a href=\"https:\/\/www.freimarianne.ch\/wp-content\/gallery\/blattenegg-22-3-2016\/IMG_6254.jpg\"\n               title=\"Brienzerrothornkette; Schneemauern\"\n               data-src=\"https:\/\/www.freimarianne.ch\/wp-content\/gallery\/blattenegg-22-3-2016\/IMG_6254.jpg\"\n               data-thumbnail=\"https:\/\/www.freimarianne.ch\/wp-content\/gallery\/blattenegg-22-3-2016\/thumbs\/thumbs_IMG_6254.jpg\"\n               data-image-id=\"12759\"\n               data-title=\"Brienzerrothornkette; Schneemauern\"\n               data-description=\"Brienzerrothornkette; Schneemauern\"\n               data-image-slug=\"img_6254\"\n               class=\"shutterset_16520\">\n                <img\n                    title=\"Brienzerrothornkette; Schneemauern\"\n                    alt=\"Brienzerrothornkette; Schneemauern\"\n                    src=\"https:\/\/www.freimarianne.ch\/wp-content\/gallery\/blattenegg-22-3-2016\/thumbs\/thumbs_IMG_6254.jpg\"\n                    width=\"100\"\n                    height=\"75\"\n                    style=\"max-width:100%;\"\n                \/>\n            <\/a>\n        <\/div>\n\t\t\t\t\t\t\t<\/div> \n\t\t\t\n        \n\t\t\t\t<div id=\"ngg-image-9\" class=\"ngg-gallery-thumbnail-box\" >\n\t\t\t\t        <div class=\"ngg-gallery-thumbnail\">\n            <a href=\"https:\/\/www.freimarianne.ch\/wp-content\/gallery\/blattenegg-22-3-2016\/IMG_6261.jpg\"\n               title=\"\"\n               data-src=\"https:\/\/www.freimarianne.ch\/wp-content\/gallery\/blattenegg-22-3-2016\/IMG_6261.jpg\"\n               data-thumbnail=\"https:\/\/www.freimarianne.ch\/wp-content\/gallery\/blattenegg-22-3-2016\/thumbs\/thumbs_IMG_6261.jpg\"\n               data-image-id=\"12760\"\n               data-title=\"IMG_6261\"\n               data-description=\"\"\n               data-image-slug=\"img_6261-1\"\n               class=\"shutterset_16520\">\n                <img\n                    title=\"IMG_6261\"\n                    alt=\"IMG_6261\"\n                    src=\"https:\/\/www.freimarianne.ch\/wp-content\/gallery\/blattenegg-22-3-2016\/thumbs\/thumbs_IMG_6261.jpg\"\n                    width=\"100\"\n                    height=\"75\"\n                    style=\"max-width:100%;\"\n                \/>\n            <\/a>\n        <\/div>\n\t\t\t\t\t\t\t<\/div> \n\t\t\t\n        \n\t\t\t\t<div id=\"ngg-image-10\" class=\"ngg-gallery-thumbnail-box\" >\n\t\t\t\t        <div class=\"ngg-gallery-thumbnail\">\n            <a href=\"https:\/\/www.freimarianne.ch\/wp-content\/gallery\/blattenegg-22-3-2016\/IMG_6262.jpg\"\n               title=\"\"\n               data-src=\"https:\/\/www.freimarianne.ch\/wp-content\/gallery\/blattenegg-22-3-2016\/IMG_6262.jpg\"\n               data-thumbnail=\"https:\/\/www.freimarianne.ch\/wp-content\/gallery\/blattenegg-22-3-2016\/thumbs\/thumbs_IMG_6262.jpg\"\n               data-image-id=\"12761\"\n               data-title=\"IMG_6262\"\n               data-description=\"\"\n               data-image-slug=\"img_6262-1\"\n               class=\"shutterset_16520\">\n                <img\n                    title=\"IMG_6262\"\n                    alt=\"IMG_6262\"\n                    src=\"https:\/\/www.freimarianne.ch\/wp-content\/gallery\/blattenegg-22-3-2016\/thumbs\/thumbs_IMG_6262.jpg\"\n                    width=\"100\"\n                    height=\"75\"\n                    style=\"max-width:100%;\"\n                \/>\n            <\/a>\n        <\/div>\n\t\t\t\t\t\t\t<\/div> \n\t\t\t\n        \n\t\t\t\t<div id=\"ngg-image-11\" class=\"ngg-gallery-thumbnail-box\" >\n\t\t\t\t        <div class=\"ngg-gallery-thumbnail\">\n            <a href=\"https:\/\/www.freimarianne.ch\/wp-content\/gallery\/blattenegg-22-3-2016\/IMG_6266.jpg\"\n               title=\"\"\n               data-src=\"https:\/\/www.freimarianne.ch\/wp-content\/gallery\/blattenegg-22-3-2016\/IMG_6266.jpg\"\n               data-thumbnail=\"https:\/\/www.freimarianne.ch\/wp-content\/gallery\/blattenegg-22-3-2016\/thumbs\/thumbs_IMG_6266.jpg\"\n               data-image-id=\"12762\"\n               data-title=\"IMG_6266\"\n               data-description=\"\"\n               data-image-slug=\"img_6266-3\"\n               class=\"shutterset_16520\">\n                <img\n                    title=\"IMG_6266\"\n                    alt=\"IMG_6266\"\n                    src=\"https:\/\/www.freimarianne.ch\/wp-content\/gallery\/blattenegg-22-3-2016\/thumbs\/thumbs_IMG_6266.jpg\"\n                    width=\"100\"\n                    height=\"75\"\n                    style=\"max-width:100%;\"\n                \/>\n            <\/a>\n        <\/div>\n\t\t\t\t\t\t\t<\/div> \n\t\t\t\n        \n\t\t\n\t\t<!-- Pagination -->\n\t<div class='ngg-clear'><\/div>\t<\/div>\n<\/p>\n","protected":false},"excerpt":{"rendered":"<p>Schneeschuhwanderung auf die Blattenegg Von Sch\u00f6nebode \u00fcber Schlacht auf die Blattenegg &#8211; T\u00fcrnli &#8211; Salwide &#8211; Rossweid Um 10.15h beginnen wir unsere Tour im Sch\u00f6nebode 1265m bei eher bew\u00f6lkten Wetter. Es ist kalt und wir sind froh, dass uns das Gehen warm macht. Beim Hof Schlacht 1334m sehen wir kaum noch die Brienzerrothornkette. Wir folgen [&hellip;]<\/p>\n","protected":false},"author":1,"featured_media":0,"parent":14834,"menu_order":33,"comment_status":"closed","ping_status":"closed","template":"","meta":{"ngg_post_thumbnail":0},"_links":{"self":[{"href":"https:\/\/www.freimarianne.ch\/index.php?rest_route=\/wp\/v2\/pages\/16076"}],"collection":[{"href":"https:\/\/www.freimarianne.ch\/index.php?rest_route=\/wp\/v2\/pages"}],"about":[{"href":"https:\/\/www.freimarianne.ch\/index.php?rest_route=\/wp\/v2\/types\/page"}],"author":[{"embeddable":true,"href":"https:\/\/www.freimarianne.ch\/index.php?rest_route=\/wp\/v2\/users\/1"}],"replies":[{"embeddable":true,"href":"https:\/\/www.freimarianne.ch\/index.php?rest_route=%2Fwp%2Fv2%2Fcomments&post=16076"}],"version-history":[{"count":9,"href":"https:\/\/www.freimarianne.ch\/index.php?rest_route=\/wp\/v2\/pages\/16076\/revisions"}],"predecessor-version":[{"id":16729,"href":"https:\/\/www.freimarianne.ch\/index.php?rest_route=\/wp\/v2\/pages\/16076\/revisions\/16729"}],"up":[{"embeddable":true,"href":"https:\/\/www.freimarianne.ch\/index.php?rest_route=\/wp\/v2\/pages\/14834"}],"wp:attachment":[{"href":"https:\/\/www.freimarianne.ch\/index.php?rest_route=%2Fwp%2Fv2%2Fmedia&parent=16076"}],"curies":[{"name":"wp","href":"https:\/\/api.w.org\/{rel}","templated":true}]}}