{"id":16099,"date":"2016-03-31T08:47:42","date_gmt":"2016-03-31T07:47:42","guid":{"rendered":"http:\/\/www.freimarianne.ch\/?page_id=16099"},"modified":"2016-03-31T10:26:30","modified_gmt":"2016-03-31T09:26:30","slug":"illgau-laucheren-sz-24-3-2016","status":"publish","type":"page","link":"https:\/\/www.freimarianne.ch\/?page_id=16099","title":{"rendered":"Illgau &#8211; Laucheren  SZ   24.3.2016"},"content":{"rendered":"<p><strong>Schneeschuhwanderung<\/strong> von St. Karl auf die Sternenegg &#8211; Windegg &#8211; Station Laucheren<\/p>\n<p><img loading=\"lazy\" class=\"size-full wp-image-16101\" src=\"http:\/\/www.freimarianne.ch\/wp-content\/uploads\/2016\/03\/IMG_6347_ILLGAU_500.jpg\" alt=\"li Laucherenst\u00f6ckli\" width=\"500\" height=\"375\" srcset=\"https:\/\/www.freimarianne.ch\/wp-content\/uploads\/2016\/03\/IMG_6347_ILLGAU_500.jpg 500w, https:\/\/www.freimarianne.ch\/wp-content\/uploads\/2016\/03\/IMG_6347_ILLGAU_500-300x225.jpg 300w, https:\/\/www.freimarianne.ch\/wp-content\/uploads\/2016\/03\/IMG_6347_ILLGAU_500-400x300.jpg 400w\" sizes=\"(max-width: 500px) 100vw, 500px\" \/> Laucherenst\u00f6ckli<\/p>\n<p>Um 10.07 h starten wir unsere Wanderung in St. Karl Seilbahn 1179m.<br \/>\nEs ist leicht bew\u00f6lkt aber wir erwarten noch etwas Sonnenschein, was auch sp\u00e4ter eintrifft.<br \/>\nZuerst gehen wir ohne Schneeschuhe auf dem Wanderweg. Nach Oberberg ziehen wir dann unsere Schneeschuhe an und wandern \u00fcber Chaltenbrunnen hinauf zur Sternenegg 1493m, wo wir um 12.15h ankommen und unsere Mittagsrast halten.<br \/>\nVon hier oben und auch schon beim Aufstieg haben wir ein sch\u00f6nes Panorama vor uns.<br \/>\nhttp:\/\/www.alpen-panoramen.de\/panorama.php?pid=19239&#038;srch=Huserstock<\/p>\n<p>Von der Sternenegg aus geht es eher steil \u00fcber die Piste hinauf zum Grat der Windegg beim Laucherenst\u00f6ckli.<br \/>\nNun erscheinen neue Berge am Horizont wie der Tw\u00e4riberg 2117m, Druesberg 2281m, Forstberg 2215m und der Spirstock.<\/p>\n<p>Vom Grat aus m\u00fcssen wir neben der Skipiste hinuntersteigen bis zum Steinboden 1484m, wo wir im Restaurant Laucherenboden einkehren. Nachher geht es \u00fcber die Schlittelbahn hinunter zur Talstation Laucheren, wo wir bald den Bus nach Einsiedeln besteigen k\u00f6nnen.<br \/>\nHier unten ist der Schnee sehr sulzig und rutschig. Das wird wohl die letzte Schneeschuhtour der Saison gewesen sein!<\/p>\n<p>Laut GPS:<br \/>\nDistanz: 9.2km; Aufstieg: 603m; Abstieg: 694m; Marschzeit: 4 h 08 min<\/p>\n<p><!-- index.php -->\n<div\n\tclass=\"ngg-galleryoverview ngg-ajax-pagination-none\"\n\tid=\"ngg-gallery-16523-1\">\n\n    \t<div class=\"slideshowlink\">\n        <a href='https:\/\/www.freimarianne.ch\/index.php\/nggallery\/slideshow?page_id=16099'>[Show as slideshow]<\/a>\n\t\t\n\t<\/div>\n\t\t\t<!-- Thumbnails -->\n\t\t\t\t<div id=\"ngg-image-0\" class=\"ngg-gallery-thumbnail-box\" >\n\t\t\t\t        <div class=\"ngg-gallery-thumbnail\">\n            <a href=\"https:\/\/www.freimarianne.ch\/wp-content\/gallery\/illgau-24-3-2016\/IMG_6278.jpg\"\n               title=\"gegen Oberberg\"\n               data-src=\"https:\/\/www.freimarianne.ch\/wp-content\/gallery\/illgau-24-3-2016\/IMG_6278.jpg\"\n               data-thumbnail=\"https:\/\/www.freimarianne.ch\/wp-content\/gallery\/illgau-24-3-2016\/thumbs\/thumbs_IMG_6278.jpg\"\n               data-image-id=\"12763\"\n               data-title=\"gegen Oberberg\"\n               data-description=\"gegen Oberberg\"\n               data-image-slug=\"img_6278-1\"\n               class=\"shutterset_16523\">\n                <img\n                    title=\"gegen Oberberg\"\n                    alt=\"gegen Oberberg\"\n                    src=\"https:\/\/www.freimarianne.ch\/wp-content\/gallery\/illgau-24-3-2016\/thumbs\/thumbs_IMG_6278.jpg\"\n                    width=\"100\"\n                    height=\"75\"\n                    style=\"max-width:100%;\"\n                \/>\n            <\/a>\n        <\/div>\n\t\t\t\t\t\t\t<\/div> \n\t\t\t\n        \n\t\t\t\t<div id=\"ngg-image-1\" class=\"ngg-gallery-thumbnail-box\" >\n\t\t\t\t        <div class=\"ngg-gallery-thumbnail\">\n            <a href=\"https:\/\/www.freimarianne.ch\/wp-content\/gallery\/illgau-24-3-2016\/IMG_6280.jpg\"\n               title=\"gegen Chaltenbrunnen\"\n               data-src=\"https:\/\/www.freimarianne.ch\/wp-content\/gallery\/illgau-24-3-2016\/IMG_6280.jpg\"\n               data-thumbnail=\"https:\/\/www.freimarianne.ch\/wp-content\/gallery\/illgau-24-3-2016\/thumbs\/thumbs_IMG_6280.jpg\"\n               data-image-id=\"12764\"\n               data-title=\"gegen Chaltenbrunnen\"\n               data-description=\"gegen Chaltenbrunnen\"\n               data-image-slug=\"img_6280-1\"\n               class=\"shutterset_16523\">\n                <img\n                    title=\"gegen Chaltenbrunnen\"\n                    alt=\"gegen Chaltenbrunnen\"\n                    src=\"https:\/\/www.freimarianne.ch\/wp-content\/gallery\/illgau-24-3-2016\/thumbs\/thumbs_IMG_6280.jpg\"\n                    width=\"100\"\n                    height=\"75\"\n                    style=\"max-width:100%;\"\n                \/>\n            <\/a>\n        <\/div>\n\t\t\t\t\t\t\t<\/div> \n\t\t\t\n        \n\t\t\t\t<div id=\"ngg-image-2\" class=\"ngg-gallery-thumbnail-box\" >\n\t\t\t\t        <div class=\"ngg-gallery-thumbnail\">\n            <a href=\"https:\/\/www.freimarianne.ch\/wp-content\/gallery\/illgau-24-3-2016\/IMG_6293.jpg\"\n               title=\"es wird etwas steiler\"\n               data-src=\"https:\/\/www.freimarianne.ch\/wp-content\/gallery\/illgau-24-3-2016\/IMG_6293.jpg\"\n               data-thumbnail=\"https:\/\/www.freimarianne.ch\/wp-content\/gallery\/illgau-24-3-2016\/thumbs\/thumbs_IMG_6293.jpg\"\n               data-image-id=\"12765\"\n               data-title=\"es wird etwas steiler\"\n               data-description=\"es wird etwas steiler\"\n               data-image-slug=\"img_6293-5\"\n               class=\"shutterset_16523\">\n                <img\n                    title=\"es wird etwas steiler\"\n                    alt=\"es wird etwas steiler\"\n                    src=\"https:\/\/www.freimarianne.ch\/wp-content\/gallery\/illgau-24-3-2016\/thumbs\/thumbs_IMG_6293.jpg\"\n                    width=\"100\"\n                    height=\"75\"\n                    style=\"max-width:100%;\"\n                \/>\n            <\/a>\n        <\/div>\n\t\t\t\t\t\t\t<\/div> \n\t\t\t\n        \n\t\t\t\t<div id=\"ngg-image-3\" class=\"ngg-gallery-thumbnail-box\" >\n\t\t\t\t        <div class=\"ngg-gallery-thumbnail\">\n            <a href=\"https:\/\/www.freimarianne.ch\/wp-content\/gallery\/illgau-24-3-2016\/IMG_6295.jpg\"\n               title=\"mi li Sisigerpitz\"\n               data-src=\"https:\/\/www.freimarianne.ch\/wp-content\/gallery\/illgau-24-3-2016\/IMG_6295.jpg\"\n               data-thumbnail=\"https:\/\/www.freimarianne.ch\/wp-content\/gallery\/illgau-24-3-2016\/thumbs\/thumbs_IMG_6295.jpg\"\n               data-image-id=\"12766\"\n               data-title=\"mi li Sisigerpitz\"\n               data-description=\"mi li Sisigerpitz\"\n               data-image-slug=\"img_6295-4\"\n               class=\"shutterset_16523\">\n                <img\n                    title=\"mi li Sisigerpitz\"\n                    alt=\"mi li Sisigerpitz\"\n                    src=\"https:\/\/www.freimarianne.ch\/wp-content\/gallery\/illgau-24-3-2016\/thumbs\/thumbs_IMG_6295.jpg\"\n                    width=\"100\"\n                    height=\"75\"\n                    style=\"max-width:100%;\"\n                \/>\n            <\/a>\n        <\/div>\n\t\t\t\t\t\t\t<\/div> \n\t\t\t\n        \n\t\t\t\t<div id=\"ngg-image-4\" class=\"ngg-gallery-thumbnail-box\" >\n\t\t\t\t        <div class=\"ngg-gallery-thumbnail\">\n            <a href=\"https:\/\/www.freimarianne.ch\/wp-content\/gallery\/illgau-24-3-2016\/IMG_6301.jpg\"\n               title=\"\"\n               data-src=\"https:\/\/www.freimarianne.ch\/wp-content\/gallery\/illgau-24-3-2016\/IMG_6301.jpg\"\n               data-thumbnail=\"https:\/\/www.freimarianne.ch\/wp-content\/gallery\/illgau-24-3-2016\/thumbs\/thumbs_IMG_6301.jpg\"\n               data-image-id=\"12767\"\n               data-title=\"IMG_6301\"\n               data-description=\"\"\n               data-image-slug=\"img_6301\"\n               class=\"shutterset_16523\">\n                <img\n                    title=\"IMG_6301\"\n                    alt=\"IMG_6301\"\n                    src=\"https:\/\/www.freimarianne.ch\/wp-content\/gallery\/illgau-24-3-2016\/thumbs\/thumbs_IMG_6301.jpg\"\n                    width=\"100\"\n                    height=\"75\"\n                    style=\"max-width:100%;\"\n                \/>\n            <\/a>\n        <\/div>\n\t\t\t\t\t\t\t<\/div> \n\t\t\t\n        \n\t\t\t\t<div id=\"ngg-image-5\" class=\"ngg-gallery-thumbnail-box\" >\n\t\t\t\t        <div class=\"ngg-gallery-thumbnail\">\n            <a href=\"https:\/\/www.freimarianne.ch\/wp-content\/gallery\/illgau-24-3-2016\/IMG_6305.jpg\"\n               title=\"Hengst, Huserstock, Pkt. 18238m, Fronalpstock\"\n               data-src=\"https:\/\/www.freimarianne.ch\/wp-content\/gallery\/illgau-24-3-2016\/IMG_6305.jpg\"\n               data-thumbnail=\"https:\/\/www.freimarianne.ch\/wp-content\/gallery\/illgau-24-3-2016\/thumbs\/thumbs_IMG_6305.jpg\"\n               data-image-id=\"12768\"\n               data-title=\"Hengst, Huserstock, Pkt. 18238m, Fronalpstock\"\n               data-description=\"Hengst, Huserstock, Pkt. 18238m, Fronalpstock\"\n               data-image-slug=\"img_6305\"\n               class=\"shutterset_16523\">\n                <img\n                    title=\"Hengst, Huserstock, Pkt. 18238m, Fronalpstock\"\n                    alt=\"Hengst, Huserstock, Pkt. 18238m, Fronalpstock\"\n                    src=\"https:\/\/www.freimarianne.ch\/wp-content\/gallery\/illgau-24-3-2016\/thumbs\/thumbs_IMG_6305.jpg\"\n                    width=\"100\"\n                    height=\"75\"\n                    style=\"max-width:100%;\"\n                \/>\n            <\/a>\n        <\/div>\n\t\t\t\t\t\t\t<\/div> \n\t\t\t\n        \n\t\t\t\t<div id=\"ngg-image-6\" class=\"ngg-gallery-thumbnail-box\" >\n\t\t\t\t        <div class=\"ngg-gallery-thumbnail\">\n            <a href=\"https:\/\/www.freimarianne.ch\/wp-content\/gallery\/illgau-24-3-2016\/IMG_6309.jpg\"\n               title=\"es geht hinauf vom Eseltritt\"\n               data-src=\"https:\/\/www.freimarianne.ch\/wp-content\/gallery\/illgau-24-3-2016\/IMG_6309.jpg\"\n               data-thumbnail=\"https:\/\/www.freimarianne.ch\/wp-content\/gallery\/illgau-24-3-2016\/thumbs\/thumbs_IMG_6309.jpg\"\n               data-image-id=\"12769\"\n               data-title=\"es geht hinauf vom Eseltritt\"\n               data-description=\"es geht hinauf vom Eseltritt\"\n               data-image-slug=\"img_6309-2\"\n               class=\"shutterset_16523\">\n                <img\n                    title=\"es geht hinauf vom Eseltritt\"\n                    alt=\"es geht hinauf vom Eseltritt\"\n                    src=\"https:\/\/www.freimarianne.ch\/wp-content\/gallery\/illgau-24-3-2016\/thumbs\/thumbs_IMG_6309.jpg\"\n                    width=\"100\"\n                    height=\"75\"\n                    style=\"max-width:100%;\"\n                \/>\n            <\/a>\n        <\/div>\n\t\t\t\t\t\t\t<\/div> \n\t\t\t\n        \n\t\t\t\t<div id=\"ngg-image-7\" class=\"ngg-gallery-thumbnail-box\" >\n\t\t\t\t        <div class=\"ngg-gallery-thumbnail\">\n            <a href=\"https:\/\/www.freimarianne.ch\/wp-content\/gallery\/illgau-24-3-2016\/IMG_6311.jpg\"\n               title=\"hi Bl\u00fcemberg, Chaiserstock, vo Planggstock, Sisigerspitz\"\n               data-src=\"https:\/\/www.freimarianne.ch\/wp-content\/gallery\/illgau-24-3-2016\/IMG_6311.jpg\"\n               data-thumbnail=\"https:\/\/www.freimarianne.ch\/wp-content\/gallery\/illgau-24-3-2016\/thumbs\/thumbs_IMG_6311.jpg\"\n               data-image-id=\"12770\"\n               data-title=\"hi Bl\u00c3\u00bcemberg, Chaiserstock, vo Planggstock, Sisigerspitz\"\n               data-description=\"hi Bl\u00fcemberg, Chaiserstock, vo Planggstock, Sisigerspitz\"\n               data-image-slug=\"img_6311-1\"\n               class=\"shutterset_16523\">\n                <img\n                    title=\"hi Bl\u00c3\u00bcemberg, Chaiserstock, vo Planggstock, Sisigerspitz\"\n                    alt=\"hi Bl\u00c3\u00bcemberg, Chaiserstock, vo Planggstock, Sisigerspitz\"\n                    src=\"https:\/\/www.freimarianne.ch\/wp-content\/gallery\/illgau-24-3-2016\/thumbs\/thumbs_IMG_6311.jpg\"\n                    width=\"100\"\n                    height=\"75\"\n                    style=\"max-width:100%;\"\n                \/>\n            <\/a>\n        <\/div>\n\t\t\t\t\t\t\t<\/div> \n\t\t\t\n        \n\t\t\t\t<div id=\"ngg-image-8\" class=\"ngg-gallery-thumbnail-box\" >\n\t\t\t\t        <div class=\"ngg-gallery-thumbnail\">\n            <a href=\"https:\/\/www.freimarianne.ch\/wp-content\/gallery\/illgau-24-3-2016\/IMG_6313.jpg\"\n               title=\"es geht ein Bachtobel hinauf\"\n               data-src=\"https:\/\/www.freimarianne.ch\/wp-content\/gallery\/illgau-24-3-2016\/IMG_6313.jpg\"\n               data-thumbnail=\"https:\/\/www.freimarianne.ch\/wp-content\/gallery\/illgau-24-3-2016\/thumbs\/thumbs_IMG_6313.jpg\"\n               data-image-id=\"12771\"\n               data-title=\"es geht ein Bachtobel hinauf\"\n               data-description=\"es geht ein Bachtobel hinauf\"\n               data-image-slug=\"img_6313-1\"\n               class=\"shutterset_16523\">\n                <img\n                    title=\"es geht ein Bachtobel hinauf\"\n                    alt=\"es geht ein Bachtobel hinauf\"\n                    src=\"https:\/\/www.freimarianne.ch\/wp-content\/gallery\/illgau-24-3-2016\/thumbs\/thumbs_IMG_6313.jpg\"\n                    width=\"100\"\n                    height=\"75\"\n                    style=\"max-width:100%;\"\n                \/>\n            <\/a>\n        <\/div>\n\t\t\t\t\t\t\t<\/div> \n\t\t\t\n        \n\t\t\t\t<div id=\"ngg-image-9\" class=\"ngg-gallery-thumbnail-box\" >\n\t\t\t\t        <div class=\"ngg-gallery-thumbnail\">\n            <a href=\"https:\/\/www.freimarianne.ch\/wp-content\/gallery\/illgau-24-3-2016\/IMG_6322.jpg\"\n               title=\"wir kommen zur Sternenegg\"\n               data-src=\"https:\/\/www.freimarianne.ch\/wp-content\/gallery\/illgau-24-3-2016\/IMG_6322.jpg\"\n               data-thumbnail=\"https:\/\/www.freimarianne.ch\/wp-content\/gallery\/illgau-24-3-2016\/thumbs\/thumbs_IMG_6322.jpg\"\n               data-image-id=\"12772\"\n               data-title=\"wir kommen zur Sternenegg\"\n               data-description=\"wir kommen zur Sternenegg\"\n               data-image-slug=\"img_6322\"\n               class=\"shutterset_16523\">\n                <img\n                    title=\"wir kommen zur Sternenegg\"\n                    alt=\"wir kommen zur Sternenegg\"\n                    src=\"https:\/\/www.freimarianne.ch\/wp-content\/gallery\/illgau-24-3-2016\/thumbs\/thumbs_IMG_6322.jpg\"\n                    width=\"100\"\n                    height=\"75\"\n                    style=\"max-width:100%;\"\n                \/>\n            <\/a>\n        <\/div>\n\t\t\t\t\t\t\t<\/div> \n\t\t\t\n        \n\t\t\t\t<div id=\"ngg-image-10\" class=\"ngg-gallery-thumbnail-box\" >\n\t\t\t\t        <div class=\"ngg-gallery-thumbnail\">\n            <a href=\"https:\/\/www.freimarianne.ch\/wp-content\/gallery\/illgau-24-3-2016\/IMG_6331.jpg\"\n               title=\"Stenrenegg 1499m\"\n               data-src=\"https:\/\/www.freimarianne.ch\/wp-content\/gallery\/illgau-24-3-2016\/IMG_6331.jpg\"\n               data-thumbnail=\"https:\/\/www.freimarianne.ch\/wp-content\/gallery\/illgau-24-3-2016\/thumbs\/thumbs_IMG_6331.jpg\"\n               data-image-id=\"12773\"\n               data-title=\"Stenrenegg 1499m\"\n               data-description=\"Stenrenegg 1499m\"\n               data-image-slug=\"img_6331\"\n               class=\"shutterset_16523\">\n                <img\n                    title=\"Stenrenegg 1499m\"\n                    alt=\"Stenrenegg 1499m\"\n                    src=\"https:\/\/www.freimarianne.ch\/wp-content\/gallery\/illgau-24-3-2016\/thumbs\/thumbs_IMG_6331.jpg\"\n                    width=\"100\"\n                    height=\"75\"\n                    style=\"max-width:100%;\"\n                \/>\n            <\/a>\n        <\/div>\n\t\t\t\t\t\t\t<\/div> \n\t\t\t\n        \n\t\t\t\t<div id=\"ngg-image-11\" class=\"ngg-gallery-thumbnail-box\" >\n\t\t\t\t        <div class=\"ngg-gallery-thumbnail\">\n            <a href=\"https:\/\/www.freimarianne.ch\/wp-content\/gallery\/illgau-24-3-2016\/IMG_6343.jpg\"\n               title=\"re: Tw\u00e4riberg 2117m, Druesberg 2281m, SICHT VON DER WINDEGG ZUM LAUCHERENST\u00d6CKLI\"\n               data-src=\"https:\/\/www.freimarianne.ch\/wp-content\/gallery\/illgau-24-3-2016\/IMG_6343.jpg\"\n               data-thumbnail=\"https:\/\/www.freimarianne.ch\/wp-content\/gallery\/illgau-24-3-2016\/thumbs\/thumbs_IMG_6343.jpg\"\n               data-image-id=\"12774\"\n               data-title=\"re: Tw\u00c3\u00a4riberg 2117m, Druesberg 2281m, SICHT VON DER WINDEGG ZUM LAUCHERENST\u00c3\u0096CKLI\"\n               data-description=\"re: Tw\u00e4riberg 2117m, Druesberg 2281m, SICHT VON DER WINDEGG ZUM LAUCHERENST\u00d6CKLI\"\n               data-image-slug=\"img_6343\"\n               class=\"shutterset_16523\">\n                <img\n                    title=\"re: Tw\u00c3\u00a4riberg 2117m, Druesberg 2281m, SICHT VON DER WINDEGG ZUM LAUCHERENST\u00c3\u0096CKLI\"\n                    alt=\"re: Tw\u00c3\u00a4riberg 2117m, Druesberg 2281m, SICHT VON DER WINDEGG ZUM LAUCHERENST\u00c3\u0096CKLI\"\n                    src=\"https:\/\/www.freimarianne.ch\/wp-content\/gallery\/illgau-24-3-2016\/thumbs\/thumbs_IMG_6343.jpg\"\n                    width=\"100\"\n                    height=\"75\"\n                    style=\"max-width:100%;\"\n                \/>\n            <\/a>\n        <\/div>\n\t\t\t\t\t\t\t<\/div> \n\t\t\t\n        \n\t\t\t\t<div id=\"ngg-image-12\" class=\"ngg-gallery-thumbnail-box\" >\n\t\t\t\t        <div class=\"ngg-gallery-thumbnail\">\n            <a href=\"https:\/\/www.freimarianne.ch\/wp-content\/gallery\/illgau-24-3-2016\/IMG_6348.jpg\"\n               title=\"Laucherenst\u00f6ckli\"\n               data-src=\"https:\/\/www.freimarianne.ch\/wp-content\/gallery\/illgau-24-3-2016\/IMG_6348.jpg\"\n               data-thumbnail=\"https:\/\/www.freimarianne.ch\/wp-content\/gallery\/illgau-24-3-2016\/thumbs\/thumbs_IMG_6348.jpg\"\n               data-image-id=\"12775\"\n               data-title=\"Laucherenst\u00c3\u00b6ckli\"\n               data-description=\"Laucherenst\u00f6ckli\"\n               data-image-slug=\"img_6348\"\n               class=\"shutterset_16523\">\n                <img\n                    title=\"Laucherenst\u00c3\u00b6ckli\"\n                    alt=\"Laucherenst\u00c3\u00b6ckli\"\n                    src=\"https:\/\/www.freimarianne.ch\/wp-content\/gallery\/illgau-24-3-2016\/thumbs\/thumbs_IMG_6348.jpg\"\n                    width=\"100\"\n                    height=\"75\"\n                    style=\"max-width:100%;\"\n                \/>\n            <\/a>\n        <\/div>\n\t\t\t\t\t\t\t<\/div> \n\t\t\t\n        \n\t\t\t\t<div id=\"ngg-image-13\" class=\"ngg-gallery-thumbnail-box\" >\n\t\t\t\t        <div class=\"ngg-gallery-thumbnail\">\n            <a href=\"https:\/\/www.freimarianne.ch\/wp-content\/gallery\/illgau-24-3-2016\/IMG_6353.jpg\"\n               title=\"Blick gegen Hind. Fuederegg\"\n               data-src=\"https:\/\/www.freimarianne.ch\/wp-content\/gallery\/illgau-24-3-2016\/IMG_6353.jpg\"\n               data-thumbnail=\"https:\/\/www.freimarianne.ch\/wp-content\/gallery\/illgau-24-3-2016\/thumbs\/thumbs_IMG_6353.jpg\"\n               data-image-id=\"12776\"\n               data-title=\"Blick gegen Hind. Fuederegg\"\n               data-description=\"Blick gegen Hind. Fuederegg\"\n               data-image-slug=\"img_6353\"\n               class=\"shutterset_16523\">\n                <img\n                    title=\"Blick gegen Hind. Fuederegg\"\n                    alt=\"Blick gegen Hind. Fuederegg\"\n                    src=\"https:\/\/www.freimarianne.ch\/wp-content\/gallery\/illgau-24-3-2016\/thumbs\/thumbs_IMG_6353.jpg\"\n                    width=\"100\"\n                    height=\"75\"\n                    style=\"max-width:100%;\"\n                \/>\n            <\/a>\n        <\/div>\n\t\t\t\t\t\t\t<\/div> \n\t\t\t\n        \n\t\t\t\t<div id=\"ngg-image-14\" class=\"ngg-gallery-thumbnail-box\" >\n\t\t\t\t        <div class=\"ngg-gallery-thumbnail\">\n            <a href=\"https:\/\/www.freimarianne.ch\/wp-content\/gallery\/illgau-24-3-2016\/IMG_6354.jpg\"\n               title=\"Laucherenalp 1483m Restaurant\"\n               data-src=\"https:\/\/www.freimarianne.ch\/wp-content\/gallery\/illgau-24-3-2016\/IMG_6354.jpg\"\n               data-thumbnail=\"https:\/\/www.freimarianne.ch\/wp-content\/gallery\/illgau-24-3-2016\/thumbs\/thumbs_IMG_6354.jpg\"\n               data-image-id=\"12777\"\n               data-title=\"Laucherenalp 1483m Restaurant\"\n               data-description=\"Laucherenalp 1483m Restaurant\"\n               data-image-slug=\"img_6354\"\n               class=\"shutterset_16523\">\n                <img\n                    title=\"Laucherenalp 1483m Restaurant\"\n                    alt=\"Laucherenalp 1483m Restaurant\"\n                    src=\"https:\/\/www.freimarianne.ch\/wp-content\/gallery\/illgau-24-3-2016\/thumbs\/thumbs_IMG_6354.jpg\"\n                    width=\"100\"\n                    height=\"75\"\n                    style=\"max-width:100%;\"\n                \/>\n            <\/a>\n        <\/div>\n\t\t\t\t\t\t\t<\/div> \n\t\t\t\n        \n\t\t\t\t<div id=\"ngg-image-15\" class=\"ngg-gallery-thumbnail-box\" >\n\t\t\t\t        <div class=\"ngg-gallery-thumbnail\">\n            <a href=\"https:\/\/www.freimarianne.ch\/wp-content\/gallery\/illgau-24-3-2016\/IMG_6362.jpg\"\n               title=\"es wird fr\u00fchlingshaft\"\n               data-src=\"https:\/\/www.freimarianne.ch\/wp-content\/gallery\/illgau-24-3-2016\/IMG_6362.jpg\"\n               data-thumbnail=\"https:\/\/www.freimarianne.ch\/wp-content\/gallery\/illgau-24-3-2016\/thumbs\/thumbs_IMG_6362.jpg\"\n               data-image-id=\"12778\"\n               data-title=\"es wird fr\u00c3\u00bchlingshaft\"\n               data-description=\"es wird fr\u00fchlingshaft\"\n               data-image-slug=\"img_6362-1\"\n               class=\"shutterset_16523\">\n                <img\n                    title=\"es wird fr\u00c3\u00bchlingshaft\"\n                    alt=\"es wird fr\u00c3\u00bchlingshaft\"\n                    src=\"https:\/\/www.freimarianne.ch\/wp-content\/gallery\/illgau-24-3-2016\/thumbs\/thumbs_IMG_6362.jpg\"\n                    width=\"100\"\n                    height=\"75\"\n                    style=\"max-width:100%;\"\n                \/>\n            <\/a>\n        <\/div>\n\t\t\t\t\t\t\t<\/div> \n\t\t\t\n        \n\t\t\t\t<div id=\"ngg-image-16\" class=\"ngg-gallery-thumbnail-box\" >\n\t\t\t\t        <div class=\"ngg-gallery-thumbnail\">\n            <a href=\"https:\/\/www.freimarianne.ch\/wp-content\/gallery\/illgau-24-3-2016\/Pano-Illgau-6315-6319.jpg\"\n               title=\"Panorama von Sternenegg 1499m\"\n               data-src=\"https:\/\/www.freimarianne.ch\/wp-content\/gallery\/illgau-24-3-2016\/Pano-Illgau-6315-6319.jpg\"\n               data-thumbnail=\"https:\/\/www.freimarianne.ch\/wp-content\/gallery\/illgau-24-3-2016\/thumbs\/thumbs_Pano-Illgau-6315-6319.jpg\"\n               data-image-id=\"12779\"\n               data-title=\"Panorama von Sternenegg 1499m\"\n               data-description=\"Panorama von Sternenegg 1499m\"\n               data-image-slug=\"pano-illgau-6315-6319\"\n               class=\"shutterset_16523\">\n                <img\n                    title=\"Panorama von Sternenegg 1499m\"\n                    alt=\"Panorama von Sternenegg 1499m\"\n                    src=\"https:\/\/www.freimarianne.ch\/wp-content\/gallery\/illgau-24-3-2016\/thumbs\/thumbs_Pano-Illgau-6315-6319.jpg\"\n                    width=\"100\"\n                    height=\"75\"\n                    style=\"max-width:100%;\"\n                \/>\n            <\/a>\n        <\/div>\n\t\t\t\t\t\t\t<\/div> \n\t\t\t\n        \n\t\t\n\t\t<!-- Pagination -->\n\t<div class='ngg-clear'><\/div>\t<\/div>\n<\/p>\n","protected":false},"excerpt":{"rendered":"<p>Schneeschuhwanderung von St. Karl auf die Sternenegg &#8211; Windegg &#8211; Station Laucheren Laucherenst\u00f6ckli Um 10.07 h starten wir unsere Wanderung in St. Karl Seilbahn 1179m. Es ist leicht bew\u00f6lkt aber wir erwarten noch etwas Sonnenschein, was auch sp\u00e4ter eintrifft. Zuerst gehen wir ohne Schneeschuhe auf dem Wanderweg. Nach Oberberg ziehen wir dann unsere Schneeschuhe an [&hellip;]<\/p>\n","protected":false},"author":1,"featured_media":0,"parent":14834,"menu_order":34,"comment_status":"closed","ping_status":"closed","template":"","meta":{"ngg_post_thumbnail":0},"_links":{"self":[{"href":"https:\/\/www.freimarianne.ch\/index.php?rest_route=\/wp\/v2\/pages\/16099"}],"collection":[{"href":"https:\/\/www.freimarianne.ch\/index.php?rest_route=\/wp\/v2\/pages"}],"about":[{"href":"https:\/\/www.freimarianne.ch\/index.php?rest_route=\/wp\/v2\/types\/page"}],"author":[{"embeddable":true,"href":"https:\/\/www.freimarianne.ch\/index.php?rest_route=\/wp\/v2\/users\/1"}],"replies":[{"embeddable":true,"href":"https:\/\/www.freimarianne.ch\/index.php?rest_route=%2Fwp%2Fv2%2Fcomments&post=16099"}],"version-history":[{"count":4,"href":"https:\/\/www.freimarianne.ch\/index.php?rest_route=\/wp\/v2\/pages\/16099\/revisions"}],"predecessor-version":[{"id":16524,"href":"https:\/\/www.freimarianne.ch\/index.php?rest_route=\/wp\/v2\/pages\/16099\/revisions\/16524"}],"up":[{"embeddable":true,"href":"https:\/\/www.freimarianne.ch\/index.php?rest_route=\/wp\/v2\/pages\/14834"}],"wp:attachment":[{"href":"https:\/\/www.freimarianne.ch\/index.php?rest_route=%2Fwp%2Fv2%2Fmedia&parent=16099"}],"curies":[{"name":"wp","href":"https:\/\/api.w.org\/{rel}","templated":true}]}}