{"id":1631,"date":"2011-06-23T07:36:14","date_gmt":"2011-06-23T06:36:14","guid":{"rendered":"http:\/\/www.freimarianne.ch\/?page_id=1631"},"modified":"2016-05-03T16:10:43","modified_gmt":"2016-05-03T15:10:43","slug":"16-5-2011-kroatien","status":"publish","type":"page","link":"https:\/\/www.freimarianne.ch\/?page_id=1631","title":{"rendered":"16.5.2011: Kroatien"},"content":{"rendered":"<p><strong>Vierter Tag<br \/>\nSchlechtwettertag in Hvar; Weiterfahrt nach Kor\u010dula erst am Nachmittag<\/strong><br \/>\n<img loading=\"lazy\" class=\"aligncenter size-full wp-image-1621\" title=\"IMG_7686_500\" src=\"http:\/\/www.freimarianne.ch\/wp-content\/uploads\/2011\/06\/IMG_7686_500.jpg\" alt=\"\" width=\"500\" height=\"375\" srcset=\"https:\/\/www.freimarianne.ch\/wp-content\/uploads\/2011\/06\/IMG_7686_500.jpg 500w, https:\/\/www.freimarianne.ch\/wp-content\/uploads\/2011\/06\/IMG_7686_500-300x225.jpg 300w\" sizes=\"(max-width: 500px) 100vw, 500px\" \/><br \/>\nSchlechtes Wetter! Nach einem Versuch, auszulaufen, kehrt das Schiff in den sicheren Hafen von Hvar zur\u00fcck.<br \/>\nWir unternehmen einen Spaziergang zum Friedhof hinauf, gehen dann durch die Altstadt undsteigen nochmals zum Kastell hinauf. Es beginnt, immer st\u00e4rker zu regnen und wir kehren auf das Schiff zur\u00fcck.<br \/>\nDa es zeitweise sehr stark regnet, bleiben wir auf dem Schiff, wo es auch langsam kalte und feucht, also ungem\u00fctlich wird.<br \/>\nHier passiert der Unfall von Bert. Wir sind alle schockiert. Wie schnell kann etwas passieren. Wir bleiben in unseren Kabinen oder im Essraum.<br \/>\nNach 14.00 f\u00e4hrt dann die \u201eColumbo\u201c doch noch ab mit direkten Kurs auf Kor\u010dula, wo wir im Hafen anlegen. Es ist sehr bew\u00f6lkt und tr\u00fcbe.<br \/>\nNach einem kurzen Spaziergang im St\u00e4dtchen setzen wir uns zum Abendessen.<br \/>\nEs gibt einen ganzen Fisch pro Person.<\/p>\n<p><!-- index.php -->\n<div\n\tclass=\"ngg-galleryoverview ngg-ajax-pagination-none\"\n\tid=\"ngg-gallery-16803-1\">\n\n    \t<div class=\"slideshowlink\">\n        <a href='https:\/\/www.freimarianne.ch\/index.php\/nggallery\/slideshow?page_id=1631'>[Show as slideshow]<\/a>\n\t\t\n\t<\/div>\n\t\t\t<!-- Thumbnails -->\n\t\t\t\t<div id=\"ngg-image-0\" class=\"ngg-gallery-thumbnail-box\" >\n\t\t\t\t        <div class=\"ngg-gallery-thumbnail\">\n            <a href=\"https:\/\/www.freimarianne.ch\/wp-content\/gallery\/kroa-16-5-2011\/IMG_7690.jpg\"\n               title=\"\"\n               data-src=\"https:\/\/www.freimarianne.ch\/wp-content\/gallery\/kroa-16-5-2011\/IMG_7690.jpg\"\n               data-thumbnail=\"https:\/\/www.freimarianne.ch\/wp-content\/gallery\/kroa-16-5-2011\/thumbs\/thumbs_IMG_7690.jpg\"\n               data-image-id=\"2534\"\n               data-title=\"IMG_7690\"\n               data-description=\"\"\n               data-image-slug=\"img_7690\"\n               class=\"shutterset_16803\">\n                <img\n                    title=\"IMG_7690\"\n                    alt=\"IMG_7690\"\n                    src=\"https:\/\/www.freimarianne.ch\/wp-content\/gallery\/kroa-16-5-2011\/thumbs\/thumbs_IMG_7690.jpg\"\n                    width=\"100\"\n                    height=\"75\"\n                    style=\"max-width:100%;\"\n                \/>\n            <\/a>\n        <\/div>\n\t\t\t\t\t\t\t<\/div> \n\t\t\t\n        \n\t\t\t\t<div id=\"ngg-image-1\" class=\"ngg-gallery-thumbnail-box\" >\n\t\t\t\t        <div class=\"ngg-gallery-thumbnail\">\n            <a href=\"https:\/\/www.freimarianne.ch\/wp-content\/gallery\/kroa-16-5-2011\/IMG_7693.jpg\"\n               title=\"\"\n               data-src=\"https:\/\/www.freimarianne.ch\/wp-content\/gallery\/kroa-16-5-2011\/IMG_7693.jpg\"\n               data-thumbnail=\"https:\/\/www.freimarianne.ch\/wp-content\/gallery\/kroa-16-5-2011\/thumbs\/thumbs_IMG_7693.jpg\"\n               data-image-id=\"2535\"\n               data-title=\"IMG_7693\"\n               data-description=\"\"\n               data-image-slug=\"img_7693\"\n               class=\"shutterset_16803\">\n                <img\n                    title=\"IMG_7693\"\n                    alt=\"IMG_7693\"\n                    src=\"https:\/\/www.freimarianne.ch\/wp-content\/gallery\/kroa-16-5-2011\/thumbs\/thumbs_IMG_7693.jpg\"\n                    width=\"100\"\n                    height=\"75\"\n                    style=\"max-width:100%;\"\n                \/>\n            <\/a>\n        <\/div>\n\t\t\t\t\t\t\t<\/div> \n\t\t\t\n        \n\t\t\t\t<div id=\"ngg-image-2\" class=\"ngg-gallery-thumbnail-box\" >\n\t\t\t\t        <div class=\"ngg-gallery-thumbnail\">\n            <a href=\"https:\/\/www.freimarianne.ch\/wp-content\/gallery\/kroa-16-5-2011\/IMG_7699.jpg\"\n               title=\"\"\n               data-src=\"https:\/\/www.freimarianne.ch\/wp-content\/gallery\/kroa-16-5-2011\/IMG_7699.jpg\"\n               data-thumbnail=\"https:\/\/www.freimarianne.ch\/wp-content\/gallery\/kroa-16-5-2011\/thumbs\/thumbs_IMG_7699.jpg\"\n               data-image-id=\"2536\"\n               data-title=\"IMG_7699\"\n               data-description=\"\"\n               data-image-slug=\"img_7699-2\"\n               class=\"shutterset_16803\">\n                <img\n                    title=\"IMG_7699\"\n                    alt=\"IMG_7699\"\n                    src=\"https:\/\/www.freimarianne.ch\/wp-content\/gallery\/kroa-16-5-2011\/thumbs\/thumbs_IMG_7699.jpg\"\n                    width=\"100\"\n                    height=\"75\"\n                    style=\"max-width:100%;\"\n                \/>\n            <\/a>\n        <\/div>\n\t\t\t\t\t\t\t<\/div> \n\t\t\t\n        \n\t\t\t\t<div id=\"ngg-image-3\" class=\"ngg-gallery-thumbnail-box\" >\n\t\t\t\t        <div class=\"ngg-gallery-thumbnail\">\n            <a href=\"https:\/\/www.freimarianne.ch\/wp-content\/gallery\/kroa-16-5-2011\/IMG_7700.jpg\"\n               title=\"\"\n               data-src=\"https:\/\/www.freimarianne.ch\/wp-content\/gallery\/kroa-16-5-2011\/IMG_7700.jpg\"\n               data-thumbnail=\"https:\/\/www.freimarianne.ch\/wp-content\/gallery\/kroa-16-5-2011\/thumbs\/thumbs_IMG_7700.jpg\"\n               data-image-id=\"2537\"\n               data-title=\"IMG_7700\"\n               data-description=\"\"\n               data-image-slug=\"img_7700\"\n               class=\"shutterset_16803\">\n                <img\n                    title=\"IMG_7700\"\n                    alt=\"IMG_7700\"\n                    src=\"https:\/\/www.freimarianne.ch\/wp-content\/gallery\/kroa-16-5-2011\/thumbs\/thumbs_IMG_7700.jpg\"\n                    width=\"100\"\n                    height=\"75\"\n                    style=\"max-width:100%;\"\n                \/>\n            <\/a>\n        <\/div>\n\t\t\t\t\t\t\t<\/div> \n\t\t\t\n        \n\t\t\t\t<div id=\"ngg-image-4\" class=\"ngg-gallery-thumbnail-box\" >\n\t\t\t\t        <div class=\"ngg-gallery-thumbnail\">\n            <a href=\"https:\/\/www.freimarianne.ch\/wp-content\/gallery\/kroa-16-5-2011\/IMG_7705.jpg\"\n               title=\"\"\n               data-src=\"https:\/\/www.freimarianne.ch\/wp-content\/gallery\/kroa-16-5-2011\/IMG_7705.jpg\"\n               data-thumbnail=\"https:\/\/www.freimarianne.ch\/wp-content\/gallery\/kroa-16-5-2011\/thumbs\/thumbs_IMG_7705.jpg\"\n               data-image-id=\"2538\"\n               data-title=\"IMG_7705\"\n               data-description=\"\"\n               data-image-slug=\"img_7705\"\n               class=\"shutterset_16803\">\n                <img\n                    title=\"IMG_7705\"\n                    alt=\"IMG_7705\"\n                    src=\"https:\/\/www.freimarianne.ch\/wp-content\/gallery\/kroa-16-5-2011\/thumbs\/thumbs_IMG_7705.jpg\"\n                    width=\"100\"\n                    height=\"75\"\n                    style=\"max-width:100%;\"\n                \/>\n            <\/a>\n        <\/div>\n\t\t\t\t\t\t\t<\/div> \n\t\t\t\n        \n\t\t\t\t<div id=\"ngg-image-5\" class=\"ngg-gallery-thumbnail-box\" >\n\t\t\t\t        <div class=\"ngg-gallery-thumbnail\">\n            <a href=\"https:\/\/www.freimarianne.ch\/wp-content\/gallery\/kroa-16-5-2011\/IMG_7709.jpg\"\n               title=\"\"\n               data-src=\"https:\/\/www.freimarianne.ch\/wp-content\/gallery\/kroa-16-5-2011\/IMG_7709.jpg\"\n               data-thumbnail=\"https:\/\/www.freimarianne.ch\/wp-content\/gallery\/kroa-16-5-2011\/thumbs\/thumbs_IMG_7709.jpg\"\n               data-image-id=\"2539\"\n               data-title=\"IMG_7709\"\n               data-description=\"\"\n               data-image-slug=\"img_7709\"\n               class=\"shutterset_16803\">\n                <img\n                    title=\"IMG_7709\"\n                    alt=\"IMG_7709\"\n                    src=\"https:\/\/www.freimarianne.ch\/wp-content\/gallery\/kroa-16-5-2011\/thumbs\/thumbs_IMG_7709.jpg\"\n                    width=\"100\"\n                    height=\"75\"\n                    style=\"max-width:100%;\"\n                \/>\n            <\/a>\n        <\/div>\n\t\t\t\t\t\t\t<\/div> \n\t\t\t\n        \n\t\t\t\t<div id=\"ngg-image-6\" class=\"ngg-gallery-thumbnail-box\" >\n\t\t\t\t        <div class=\"ngg-gallery-thumbnail\">\n            <a href=\"https:\/\/www.freimarianne.ch\/wp-content\/gallery\/kroa-16-5-2011\/IMG_7713.jpg\"\n               title=\"\"\n               data-src=\"https:\/\/www.freimarianne.ch\/wp-content\/gallery\/kroa-16-5-2011\/IMG_7713.jpg\"\n               data-thumbnail=\"https:\/\/www.freimarianne.ch\/wp-content\/gallery\/kroa-16-5-2011\/thumbs\/thumbs_IMG_7713.jpg\"\n               data-image-id=\"2540\"\n               data-title=\"IMG_7713\"\n               data-description=\"\"\n               data-image-slug=\"img_7713\"\n               class=\"shutterset_16803\">\n                <img\n                    title=\"IMG_7713\"\n                    alt=\"IMG_7713\"\n                    src=\"https:\/\/www.freimarianne.ch\/wp-content\/gallery\/kroa-16-5-2011\/thumbs\/thumbs_IMG_7713.jpg\"\n                    width=\"100\"\n                    height=\"75\"\n                    style=\"max-width:100%;\"\n                \/>\n            <\/a>\n        <\/div>\n\t\t\t\t\t\t\t<\/div> \n\t\t\t\n        \n\t\t\t\t<div id=\"ngg-image-7\" class=\"ngg-gallery-thumbnail-box\" >\n\t\t\t\t        <div class=\"ngg-gallery-thumbnail\">\n            <a href=\"https:\/\/www.freimarianne.ch\/wp-content\/gallery\/kroa-16-5-2011\/IMG_7721.jpg\"\n               title=\"\"\n               data-src=\"https:\/\/www.freimarianne.ch\/wp-content\/gallery\/kroa-16-5-2011\/IMG_7721.jpg\"\n               data-thumbnail=\"https:\/\/www.freimarianne.ch\/wp-content\/gallery\/kroa-16-5-2011\/thumbs\/thumbs_IMG_7721.jpg\"\n               data-image-id=\"2541\"\n               data-title=\"IMG_7721\"\n               data-description=\"\"\n               data-image-slug=\"img_7721\"\n               class=\"shutterset_16803\">\n                <img\n                    title=\"IMG_7721\"\n                    alt=\"IMG_7721\"\n                    src=\"https:\/\/www.freimarianne.ch\/wp-content\/gallery\/kroa-16-5-2011\/thumbs\/thumbs_IMG_7721.jpg\"\n                    width=\"100\"\n                    height=\"75\"\n                    style=\"max-width:100%;\"\n                \/>\n            <\/a>\n        <\/div>\n\t\t\t\t\t\t\t<\/div> \n\t\t\t\n        \n\t\t\t\t<div id=\"ngg-image-8\" class=\"ngg-gallery-thumbnail-box\" >\n\t\t\t\t        <div class=\"ngg-gallery-thumbnail\">\n            <a href=\"https:\/\/www.freimarianne.ch\/wp-content\/gallery\/kroa-16-5-2011\/IMG_7723.jpg\"\n               title=\"\"\n               data-src=\"https:\/\/www.freimarianne.ch\/wp-content\/gallery\/kroa-16-5-2011\/IMG_7723.jpg\"\n               data-thumbnail=\"https:\/\/www.freimarianne.ch\/wp-content\/gallery\/kroa-16-5-2011\/thumbs\/thumbs_IMG_7723.jpg\"\n               data-image-id=\"2542\"\n               data-title=\"IMG_7723\"\n               data-description=\"\"\n               data-image-slug=\"img_7723\"\n               class=\"shutterset_16803\">\n                <img\n                    title=\"IMG_7723\"\n                    alt=\"IMG_7723\"\n                    src=\"https:\/\/www.freimarianne.ch\/wp-content\/gallery\/kroa-16-5-2011\/thumbs\/thumbs_IMG_7723.jpg\"\n                    width=\"100\"\n                    height=\"75\"\n                    style=\"max-width:100%;\"\n                \/>\n            <\/a>\n        <\/div>\n\t\t\t\t\t\t\t<\/div> \n\t\t\t\n        \n\t\t\t\t<div id=\"ngg-image-9\" class=\"ngg-gallery-thumbnail-box\" >\n\t\t\t\t        <div class=\"ngg-gallery-thumbnail\">\n            <a href=\"https:\/\/www.freimarianne.ch\/wp-content\/gallery\/kroa-16-5-2011\/IMG_7726.jpg\"\n               title=\"\"\n               data-src=\"https:\/\/www.freimarianne.ch\/wp-content\/gallery\/kroa-16-5-2011\/IMG_7726.jpg\"\n               data-thumbnail=\"https:\/\/www.freimarianne.ch\/wp-content\/gallery\/kroa-16-5-2011\/thumbs\/thumbs_IMG_7726.jpg\"\n               data-image-id=\"2543\"\n               data-title=\"IMG_7726\"\n               data-description=\"\"\n               data-image-slug=\"img_7726\"\n               class=\"shutterset_16803\">\n                <img\n                    title=\"IMG_7726\"\n                    alt=\"IMG_7726\"\n                    src=\"https:\/\/www.freimarianne.ch\/wp-content\/gallery\/kroa-16-5-2011\/thumbs\/thumbs_IMG_7726.jpg\"\n                    width=\"100\"\n                    height=\"75\"\n                    style=\"max-width:100%;\"\n                \/>\n            <\/a>\n        <\/div>\n\t\t\t\t\t\t\t<\/div> \n\t\t\t\n        \n\t\t\n\t\t<!-- Pagination -->\n\t<div class='ngg-clear'><\/div>\t<\/div>\n<\/p>\n","protected":false},"excerpt":{"rendered":"<p>Vierter Tag Schlechtwettertag in Hvar; Weiterfahrt nach Kor\u010dula erst am Nachmittag Schlechtes Wetter! Nach einem Versuch, auszulaufen, kehrt das Schiff in den sicheren Hafen von Hvar zur\u00fcck. Wir unternehmen einen Spaziergang zum Friedhof hinauf, gehen dann durch die Altstadt undsteigen nochmals zum Kastell hinauf. Es beginnt, immer st\u00e4rker zu regnen und wir kehren auf das [&hellip;]<\/p>\n","protected":false},"author":1,"featured_media":0,"parent":1584,"menu_order":4,"comment_status":"closed","ping_status":"closed","template":"","meta":{"ngg_post_thumbnail":0},"_links":{"self":[{"href":"https:\/\/www.freimarianne.ch\/index.php?rest_route=\/wp\/v2\/pages\/1631"}],"collection":[{"href":"https:\/\/www.freimarianne.ch\/index.php?rest_route=\/wp\/v2\/pages"}],"about":[{"href":"https:\/\/www.freimarianne.ch\/index.php?rest_route=\/wp\/v2\/types\/page"}],"author":[{"embeddable":true,"href":"https:\/\/www.freimarianne.ch\/index.php?rest_route=\/wp\/v2\/users\/1"}],"replies":[{"embeddable":true,"href":"https:\/\/www.freimarianne.ch\/index.php?rest_route=%2Fwp%2Fv2%2Fcomments&post=1631"}],"version-history":[{"count":11,"href":"https:\/\/www.freimarianne.ch\/index.php?rest_route=\/wp\/v2\/pages\/1631\/revisions"}],"predecessor-version":[{"id":16806,"href":"https:\/\/www.freimarianne.ch\/index.php?rest_route=\/wp\/v2\/pages\/1631\/revisions\/16806"}],"up":[{"embeddable":true,"href":"https:\/\/www.freimarianne.ch\/index.php?rest_route=\/wp\/v2\/pages\/1584"}],"wp:attachment":[{"href":"https:\/\/www.freimarianne.ch\/index.php?rest_route=%2Fwp%2Fv2%2Fmedia&parent=1631"}],"curies":[{"name":"wp","href":"https:\/\/api.w.org\/{rel}","templated":true}]}}