{"id":16561,"date":"2016-04-08T07:55:04","date_gmt":"2016-04-08T06:55:04","guid":{"rendered":"http:\/\/www.freimarianne.ch\/?page_id=16561"},"modified":"2016-05-01T08:52:38","modified_gmt":"2016-05-01T07:52:38","slug":"risisegg-be-2-4-2016","status":"publish","type":"page","link":"https:\/\/www.freimarianne.ch\/?page_id=16561","title":{"rendered":"Risisegg   BE   2.4.2016"},"content":{"rendered":"<p><strong>Wanderung von Trubschachen \u00fcber die Risisegg &#8211; Turner nach Eschholzmatt<\/strong><\/p>\n<p><img loading=\"lazy\" class=\"size-full wp-image-16554\" src=\"http:\/\/www.freimarianne.ch\/wp-content\/uploads\/2016\/04\/IMG_6454_risisegg_500.jpg\" alt=\"Blick auf Holdern\" width=\"500\" height=\"375\" srcset=\"https:\/\/www.freimarianne.ch\/wp-content\/uploads\/2016\/04\/IMG_6454_risisegg_500.jpg 500w, https:\/\/www.freimarianne.ch\/wp-content\/uploads\/2016\/04\/IMG_6454_risisegg_500-300x225.jpg 300w, https:\/\/www.freimarianne.ch\/wp-content\/uploads\/2016\/04\/IMG_6454_risisegg_500-400x300.jpg 400w\" sizes=\"(max-width: 500px) 100vw, 500px\" \/><br \/>\nBlick auf Holdern<\/p>\n<p>Um 10.45h starten wir in Trubschachen. Gleich sind wir auf einem Wiesenpfad, der uns hinauf nach Ober Schwand bringt.<br \/>\nDann aber kommt Hartbelag! Wir versuchen auszuweichen und steigen direkt \u00fcber die Wiesen den Hang hinauf, was ziemlich m\u00fchsam ist. Sp\u00e4ter finden wir dann wieder einen Weg, der zum Hof Marchzaun f\u00fchrt, wo wir doch noch auf den Wanderweg stossen, der uns zur Vord Risisegg 1002m f\u00fchrt. Wir machen ein Pause, k\u00f6nnen aber nicht allzulang bleiben, da es kalt ist. Leider bleibt uns nun nichts anderes \u00fcbrig als auf Hartbelag weiter zu gehen \u00fcber bis zur Hinterrisisegg, wo wir endlich auf einen Wanderweg abzweigen k\u00f6nnen. Leider hatten wir gar keine Panoramasicht!<br \/>\nUm 14.00 h erreichen wir den Turner 1198m. Wir nehmen den Weg zum Bock 1228m und folgen dann dem Wiesenweg \u00fcber Rothenfluh hinunter zum Lochgut. Hier haben wir keinen Hartblag und der Pfad ist angenehm zu gehen und landschaftlich sehr sch\u00f6n.<br \/>\nIn Eschholzmatt besuchen wir noch die Kirche und nehmen dann den Zug anch Bern.<br \/>\nLaut Schweizmobil:<br \/>\nDistanz: 11.86km; Aufstieg: 558m, Abstieg: 436m; Marschzeit: 3h 55 min<br \/>\nWegen Hartbelag \u00fcber die Risisegg nicht unbedingt empfehlenswert.<\/p>\n<p><!-- index.php -->\n<div\n\tclass=\"ngg-galleryoverview ngg-ajax-pagination-none\"\n\tid=\"ngg-gallery-16617-1\">\n\n    \t<div class=\"slideshowlink\">\n        <a href='https:\/\/www.freimarianne.ch\/index.php\/nggallery\/slideshow?page_id=16561'>[Show as slideshow]<\/a>\n\t\t\n\t<\/div>\n\t\t\t<!-- Thumbnails -->\n\t\t\t\t<div id=\"ngg-image-0\" class=\"ngg-gallery-thumbnail-box\" >\n\t\t\t\t        <div class=\"ngg-gallery-thumbnail\">\n            <a href=\"https:\/\/www.freimarianne.ch\/wp-content\/gallery\/risisegg-2-4-2016\/IMG_6423.jpg\"\n               title=\"Marchzaun H\u00fcsli\"\n               data-src=\"https:\/\/www.freimarianne.ch\/wp-content\/gallery\/risisegg-2-4-2016\/IMG_6423.jpg\"\n               data-thumbnail=\"https:\/\/www.freimarianne.ch\/wp-content\/gallery\/risisegg-2-4-2016\/thumbs\/thumbs_IMG_6423.jpg\"\n               data-image-id=\"12811\"\n               data-title=\"Marchzaun H\u00c3\u00bcsli\"\n               data-description=\"Marchzaun H\u00fcsli\"\n               data-image-slug=\"img_6423-1\"\n               class=\"shutterset_16617\">\n                <img\n                    title=\"Marchzaun H\u00c3\u00bcsli\"\n                    alt=\"Marchzaun H\u00c3\u00bcsli\"\n                    src=\"https:\/\/www.freimarianne.ch\/wp-content\/gallery\/risisegg-2-4-2016\/thumbs\/thumbs_IMG_6423.jpg\"\n                    width=\"100\"\n                    height=\"75\"\n                    style=\"max-width:100%;\"\n                \/>\n            <\/a>\n        <\/div>\n\t\t\t\t\t\t\t<\/div> \n\t\t\t\n        \n\t\t\t\t<div id=\"ngg-image-1\" class=\"ngg-gallery-thumbnail-box\" >\n\t\t\t\t        <div class=\"ngg-gallery-thumbnail\">\n            <a href=\"https:\/\/www.freimarianne.ch\/wp-content\/gallery\/risisegg-2-4-2016\/IMG_6428.jpg\"\n               title=\"Knubel\"\n               data-src=\"https:\/\/www.freimarianne.ch\/wp-content\/gallery\/risisegg-2-4-2016\/IMG_6428.jpg\"\n               data-thumbnail=\"https:\/\/www.freimarianne.ch\/wp-content\/gallery\/risisegg-2-4-2016\/thumbs\/thumbs_IMG_6428.jpg\"\n               data-image-id=\"12812\"\n               data-title=\"Knubel\"\n               data-description=\"Knubel\"\n               data-image-slug=\"img_6428\"\n               class=\"shutterset_16617\">\n                <img\n                    title=\"Knubel\"\n                    alt=\"Knubel\"\n                    src=\"https:\/\/www.freimarianne.ch\/wp-content\/gallery\/risisegg-2-4-2016\/thumbs\/thumbs_IMG_6428.jpg\"\n                    width=\"100\"\n                    height=\"75\"\n                    style=\"max-width:100%;\"\n                \/>\n            <\/a>\n        <\/div>\n\t\t\t\t\t\t\t<\/div> \n\t\t\t\n        \n\t\t\t\t<div id=\"ngg-image-2\" class=\"ngg-gallery-thumbnail-box\" >\n\t\t\t\t        <div class=\"ngg-gallery-thumbnail\">\n            <a href=\"https:\/\/www.freimarianne.ch\/wp-content\/gallery\/risisegg-2-4-2016\/IMG_6439.jpg\"\n               title=\"Ober Altgf\u00e4hl\"\n               data-src=\"https:\/\/www.freimarianne.ch\/wp-content\/gallery\/risisegg-2-4-2016\/IMG_6439.jpg\"\n               data-thumbnail=\"https:\/\/www.freimarianne.ch\/wp-content\/gallery\/risisegg-2-4-2016\/thumbs\/thumbs_IMG_6439.jpg\"\n               data-image-id=\"12813\"\n               data-title=\"Ober Altgf\u00c3\u00a4hl\"\n               data-description=\"Ober Altgf\u00e4hl\"\n               data-image-slug=\"img_6439\"\n               class=\"shutterset_16617\">\n                <img\n                    title=\"Ober Altgf\u00c3\u00a4hl\"\n                    alt=\"Ober Altgf\u00c3\u00a4hl\"\n                    src=\"https:\/\/www.freimarianne.ch\/wp-content\/gallery\/risisegg-2-4-2016\/thumbs\/thumbs_IMG_6439.jpg\"\n                    width=\"100\"\n                    height=\"75\"\n                    style=\"max-width:100%;\"\n                \/>\n            <\/a>\n        <\/div>\n\t\t\t\t\t\t\t<\/div> \n\t\t\t\n        \n\t\t\t\t<div id=\"ngg-image-3\" class=\"ngg-gallery-thumbnail-box\" >\n\t\t\t\t        <div class=\"ngg-gallery-thumbnail\">\n            <a href=\"https:\/\/www.freimarianne.ch\/wp-content\/gallery\/risisegg-2-4-2016\/IMG_6448.jpg\"\n               title=\"der Hof Bock\"\n               data-src=\"https:\/\/www.freimarianne.ch\/wp-content\/gallery\/risisegg-2-4-2016\/IMG_6448.jpg\"\n               data-thumbnail=\"https:\/\/www.freimarianne.ch\/wp-content\/gallery\/risisegg-2-4-2016\/thumbs\/thumbs_IMG_6448.jpg\"\n               data-image-id=\"12814\"\n               data-title=\"der Hof Bock\"\n               data-description=\"der Hof Bock\"\n               data-image-slug=\"img_6448-1\"\n               class=\"shutterset_16617\">\n                <img\n                    title=\"der Hof Bock\"\n                    alt=\"der Hof Bock\"\n                    src=\"https:\/\/www.freimarianne.ch\/wp-content\/gallery\/risisegg-2-4-2016\/thumbs\/thumbs_IMG_6448.jpg\"\n                    width=\"100\"\n                    height=\"75\"\n                    style=\"max-width:100%;\"\n                \/>\n            <\/a>\n        <\/div>\n\t\t\t\t\t\t\t<\/div> \n\t\t\t\n        \n\t\t\t\t<div id=\"ngg-image-4\" class=\"ngg-gallery-thumbnail-box\" >\n\t\t\t\t        <div class=\"ngg-gallery-thumbnail\">\n            <a href=\"https:\/\/www.freimarianne.ch\/wp-content\/gallery\/risisegg-2-4-2016\/IMG_6450.jpg\"\n               title=\"Sicht auf Eschholzmatt\"\n               data-src=\"https:\/\/www.freimarianne.ch\/wp-content\/gallery\/risisegg-2-4-2016\/IMG_6450.jpg\"\n               data-thumbnail=\"https:\/\/www.freimarianne.ch\/wp-content\/gallery\/risisegg-2-4-2016\/thumbs\/thumbs_IMG_6450.jpg\"\n               data-image-id=\"12815\"\n               data-title=\"Sicht auf Eschholzmatt\"\n               data-description=\"Sicht auf Eschholzmatt\"\n               data-image-slug=\"img_6450-1\"\n               class=\"shutterset_16617\">\n                <img\n                    title=\"Sicht auf Eschholzmatt\"\n                    alt=\"Sicht auf Eschholzmatt\"\n                    src=\"https:\/\/www.freimarianne.ch\/wp-content\/gallery\/risisegg-2-4-2016\/thumbs\/thumbs_IMG_6450.jpg\"\n                    width=\"100\"\n                    height=\"75\"\n                    style=\"max-width:100%;\"\n                \/>\n            <\/a>\n        <\/div>\n\t\t\t\t\t\t\t<\/div> \n\t\t\t\n        \n\t\t\t\t<div id=\"ngg-image-5\" class=\"ngg-gallery-thumbnail-box\" >\n\t\t\t\t        <div class=\"ngg-gallery-thumbnail\">\n            <a href=\"https:\/\/www.freimarianne.ch\/wp-content\/gallery\/risisegg-2-4-2016\/IMG_6456.jpg\"\n               title=\"Eschholzmatt\"\n               data-src=\"https:\/\/www.freimarianne.ch\/wp-content\/gallery\/risisegg-2-4-2016\/IMG_6456.jpg\"\n               data-thumbnail=\"https:\/\/www.freimarianne.ch\/wp-content\/gallery\/risisegg-2-4-2016\/thumbs\/thumbs_IMG_6456.jpg\"\n               data-image-id=\"12816\"\n               data-title=\"Eschholzmatt\"\n               data-description=\"Eschholzmatt\"\n               data-image-slug=\"img_6456-1\"\n               class=\"shutterset_16617\">\n                <img\n                    title=\"Eschholzmatt\"\n                    alt=\"Eschholzmatt\"\n                    src=\"https:\/\/www.freimarianne.ch\/wp-content\/gallery\/risisegg-2-4-2016\/thumbs\/thumbs_IMG_6456.jpg\"\n                    width=\"100\"\n                    height=\"75\"\n                    style=\"max-width:100%;\"\n                \/>\n            <\/a>\n        <\/div>\n\t\t\t\t\t\t\t<\/div> \n\t\t\t\n        \n\t\t\n\t\t<!-- Pagination -->\n\t<div class='ngg-clear'><\/div>\t<\/div>\n<\/p>\n","protected":false},"excerpt":{"rendered":"<p>Wanderung von Trubschachen \u00fcber die Risisegg &#8211; Turner nach Eschholzmatt Blick auf Holdern Um 10.45h starten wir in Trubschachen. Gleich sind wir auf einem Wiesenpfad, der uns hinauf nach Ober Schwand bringt. Dann aber kommt Hartbelag! Wir versuchen auszuweichen und steigen direkt \u00fcber die Wiesen den Hang hinauf, was ziemlich m\u00fchsam ist. Sp\u00e4ter finden wir [&hellip;]<\/p>\n","protected":false},"author":1,"featured_media":0,"parent":16547,"menu_order":1,"comment_status":"closed","ping_status":"closed","template":"","meta":{"ngg_post_thumbnail":0},"_links":{"self":[{"href":"https:\/\/www.freimarianne.ch\/index.php?rest_route=\/wp\/v2\/pages\/16561"}],"collection":[{"href":"https:\/\/www.freimarianne.ch\/index.php?rest_route=\/wp\/v2\/pages"}],"about":[{"href":"https:\/\/www.freimarianne.ch\/index.php?rest_route=\/wp\/v2\/types\/page"}],"author":[{"embeddable":true,"href":"https:\/\/www.freimarianne.ch\/index.php?rest_route=\/wp\/v2\/users\/1"}],"replies":[{"embeddable":true,"href":"https:\/\/www.freimarianne.ch\/index.php?rest_route=%2Fwp%2Fv2%2Fcomments&post=16561"}],"version-history":[{"count":4,"href":"https:\/\/www.freimarianne.ch\/index.php?rest_route=\/wp\/v2\/pages\/16561\/revisions"}],"predecessor-version":[{"id":16619,"href":"https:\/\/www.freimarianne.ch\/index.php?rest_route=\/wp\/v2\/pages\/16561\/revisions\/16619"}],"up":[{"embeddable":true,"href":"https:\/\/www.freimarianne.ch\/index.php?rest_route=\/wp\/v2\/pages\/16547"}],"wp:attachment":[{"href":"https:\/\/www.freimarianne.ch\/index.php?rest_route=%2Fwp%2Fv2%2Fmedia&parent=16561"}],"curies":[{"name":"wp","href":"https:\/\/api.w.org\/{rel}","templated":true}]}}