{"id":20229,"date":"2016-08-29T07:45:33","date_gmt":"2016-08-29T06:45:33","guid":{"rendered":"http:\/\/www.freimarianne.ch\/?page_id=20229"},"modified":"2016-09-05T11:13:27","modified_gmt":"2016-09-05T10:13:27","slug":"hohturli-kandersteg-27-8-2016","status":"publish","type":"page","link":"https:\/\/www.freimarianne.ch\/?page_id=20229","title":{"rendered":"Hoht\u00fcrli &#8211; Kandersteg  27.8.2016"},"content":{"rendered":"<p><strong>Abstieg von der Bl\u00fcemlisalph\u00fctte nach Oberb\u00e4rgli und \u00fcber den Heuberg nach Kandersteg hinunter<\/strong><\/p>\n<p><img loading=\"lazy\" class=\"size-full wp-image-20282\" src=\"http:\/\/www.freimarianne.ch\/wp-content\/uploads\/2016\/08\/PICT0141_kanders_500.jpg\" alt=\"Traveler Digital Camera\" width=\"500\" height=\"346\" srcset=\"https:\/\/www.freimarianne.ch\/wp-content\/uploads\/2016\/08\/PICT0141_kanders_500.jpg 500w, https:\/\/www.freimarianne.ch\/wp-content\/uploads\/2016\/08\/PICT0141_kanders_500-300x208.jpg 300w, https:\/\/www.freimarianne.ch\/wp-content\/uploads\/2016\/08\/PICT0141_kanders_500-434x300.jpg 434w\" sizes=\"(max-width: 500px) 100vw, 500px\" \/><br \/>\n<a href=\"#MYLOCATION\" title=\"Go to MYLOCATION\" target=\"_self\">Bilder siehe unten<\/a><br \/>\n&nbsp;<\/p>\n<p>Die Wolken von gestern sind wieder verschwunden und der Himmel ist wolkenlos. Vor der H\u00fctte geniessen wir das Panorama. Im Morgenlicht erkennen wir gegen Osten das Schilthorn und Birg.<\/p>\n<p>Nach dem Morgenessen sind um 8.15 h alle startbereit. Wir machen noch ein Gruppenbild und dann geht es los in Richtung Alp Oberb\u00e4rgli.<br \/>\nIn Kehren windet sich der Pfad abw\u00e4rts durch die Ger\u00f6llhalden am Fusse des Bundstocks. Auch dieser Weg ist anspruchsvoll; man darf nicht ausrutschen.<br \/>\nDann gehen wir auf dem Grat einer Mor\u00e4ne, die gegen Norden leicht begr\u00fcnt ist und gegen S\u00fcden j\u00e4h in den Gletschertrog abf\u00e4llt.<br \/>\nDer Weg f\u00fchrt in Serpentinen von der Mor\u00e4ne hinunter und wir kommen langsam aus dem eint\u00f6nigen Grau des Ger\u00f6lls hinaus ins Gr\u00fcne. Wir sehen einge Mont Cenis Glockenblumen zwischen den Felsen wachsen.<br \/>\nBei Pkt. 2324m sehen wir hinunter zum Rossboden See 2183m. Immer weiter senkt sich der Pfad bis zur malerischen Alp Oberb\u00e4rgli 1978m, wo wir eine Pause einschalten. Hier m\u00fcssen wir entscheiden, welchen Weg wir nehmen sollen. Wir entscheiden uns, den Weg \u00fcber den Heuberg zu nehmen, den alle ausser mir noch nicht kennen. \u00dcber die Abeweid 1982m geht es dem Hang entlang etwas hinauf und dann zieht sich der Pfad dem Steilhang entlang hin\u00fcber zum Heuberg. Der Weg bietet spektakul\u00e4re Tiefblicke hinunter zum \u00d6schinensee. Wir treffen sehr viele Leute an, die ich der Gegenrichtung gehen (es ist eben Samstag !).<br \/>\nDer Felssporn des Heuberges ist ein grossartiger Aussichtspunkt, wo wir nicht die einzigen sind, die dort eine Pause einschalten! Auf dem Weiterweg m\u00fcssen wir immer wieder entgegekommenden Leuten ausweichen, denn der Weg ist sehr schmal und auch recht exponiert. Beim Pkt. 1671m k\u00f6nnen sich unsere Knie endlich etwas erholen. Wir wandern nun auf dem Str\u00e4sschen, um dann bald auf den Wanderweg hinunter zur Talstaion der Gondelbahn zu kommen.<br \/>\nNochmals gibt es im steilen Hang eine Pause im Schatten und dann geht es weiter hinunter bis zur Talstion, wo wir im Hotel Ermitage einkehren. Wir haben eine lange Pause und ein Bier oder einen Kaffee verdient!<br \/>\nWir nehmen den Zug um 15.08 in Kandersteg (Extrazug) und k\u00f6nnen in Thun auf dem Baslerzug umsteigen.<\/p>\n<p>Auch heute haben wir einges geleistet, worauf wir stolz sein k\u00f6nnen.<\/p>\n<p>Einen herzlichen Dank an Brigitte, die die Tour organisiert hat und dass sie die Fotos zur Verf\u00fcgung gestellt hat.<\/p>\n<p>Laut Schweizmobil:<br \/>\nDistanz: 10.57km; Aufstieg: 68m; Abstieg: 1728m; Wanderzeit: 3 h min<br \/>\nWir waren von 8.15h bis 14,30h unterwegs<\/p>\n<p><a href=\"https:\/\/map.schweizmobil.ch\/?lang=de&amp;showLogin=true&amp;bgLayer=pk&amp;resolution=10&amp;X=621717&amp;Y=150325&amp;layers=Wanderland&amp;trackId=2993415\">Karte Schweizmobil:<\/a><\/p>\n<p><a name=\"MYLOCATION\"><\/a><br \/>\n<strong>Diese Fotos wurden von der Leiterin B. Helbing zur Verf\u00fcgung gestellt<\/strong><\/p>\n<p><!-- index.php -->\n<div\n\tclass=\"ngg-galleryoverview ngg-ajax-pagination-none\"\n\tid=\"ngg-gallery-20547-1\">\n\n    \t<div class=\"slideshowlink\">\n        <a href='https:\/\/www.freimarianne.ch\/index.php\/nggallery\/slideshow?page_id=20229'>[Show as slideshow]<\/a>\n\t\t\n\t<\/div>\n\t\t\t<!-- Thumbnails -->\n\t\t\t\t<div id=\"ngg-image-0\" class=\"ngg-gallery-thumbnail-box\" >\n\t\t\t\t        <div class=\"ngg-gallery-thumbnail\">\n            <a href=\"https:\/\/www.freimarianne.ch\/wp-content\/gallery\/hohturli-27-8-2016\/PICT0126.jpg\"\n               title=\"D\u00fcndehorn, Bundstock\"\n               data-src=\"https:\/\/www.freimarianne.ch\/wp-content\/gallery\/hohturli-27-8-2016\/PICT0126.jpg\"\n               data-thumbnail=\"https:\/\/www.freimarianne.ch\/wp-content\/gallery\/hohturli-27-8-2016\/thumbs\/thumbs_PICT0126.jpg\"\n               data-image-id=\"14280\"\n               data-title=\"D\u00c3\u00bcndehorn, Bundstock\"\n               data-description=\"D\u00fcndehorn, Bundstock\"\n               data-image-slug=\"pict0126\"\n               class=\"shutterset_20547\">\n                <img\n                    title=\"D\u00c3\u00bcndehorn, Bundstock\"\n                    alt=\"D\u00c3\u00bcndehorn, Bundstock\"\n                    src=\"https:\/\/www.freimarianne.ch\/wp-content\/gallery\/hohturli-27-8-2016\/thumbs\/thumbs_PICT0126.jpg\"\n                    width=\"100\"\n                    height=\"75\"\n                    style=\"max-width:100%;\"\n                \/>\n            <\/a>\n        <\/div>\n\t\t\t\t\t\t\t<\/div> \n\t\t\t\n        \n\t\t\t\t<div id=\"ngg-image-1\" class=\"ngg-gallery-thumbnail-box\" >\n\t\t\t\t        <div class=\"ngg-gallery-thumbnail\">\n            <a href=\"https:\/\/www.freimarianne.ch\/wp-content\/gallery\/hohturli-27-8-2016\/PICT0131.jpg\"\n               title=\"Gruppenfoto: Brigitte, Edith, Bruni, Guiliana, Kandid, Marianne\"\n               data-src=\"https:\/\/www.freimarianne.ch\/wp-content\/gallery\/hohturli-27-8-2016\/PICT0131.jpg\"\n               data-thumbnail=\"https:\/\/www.freimarianne.ch\/wp-content\/gallery\/hohturli-27-8-2016\/thumbs\/thumbs_PICT0131.jpg\"\n               data-image-id=\"14279\"\n               data-title=\"Gruppenfoto: Brigitte, Edith, Bruni, Guiliana, Kandid, Marianne\"\n               data-description=\"Gruppenfoto: Brigitte, Edith, Bruni, Guiliana, Kandid, Marianne\"\n               data-image-slug=\"pict0131\"\n               class=\"shutterset_20547\">\n                <img\n                    title=\"Gruppenfoto: Brigitte, Edith, Bruni, Guiliana, Kandid, Marianne\"\n                    alt=\"Gruppenfoto: Brigitte, Edith, Bruni, Guiliana, Kandid, Marianne\"\n                    src=\"https:\/\/www.freimarianne.ch\/wp-content\/gallery\/hohturli-27-8-2016\/thumbs\/thumbs_PICT0131.jpg\"\n                    width=\"100\"\n                    height=\"75\"\n                    style=\"max-width:100%;\"\n                \/>\n            <\/a>\n        <\/div>\n\t\t\t\t\t\t\t<\/div> \n\t\t\t\n        \n\t\t\t\t<div id=\"ngg-image-2\" class=\"ngg-gallery-thumbnail-box\" >\n\t\t\t\t        <div class=\"ngg-gallery-thumbnail\">\n            <a href=\"https:\/\/www.freimarianne.ch\/wp-content\/gallery\/hohturli-27-8-2016\/PICT0133.jpg\"\n               title=\"Blick zum Treppenweg, den wir gestern gekommen sind\"\n               data-src=\"https:\/\/www.freimarianne.ch\/wp-content\/gallery\/hohturli-27-8-2016\/PICT0133.jpg\"\n               data-thumbnail=\"https:\/\/www.freimarianne.ch\/wp-content\/gallery\/hohturli-27-8-2016\/thumbs\/thumbs_PICT0133.jpg\"\n               data-image-id=\"14278\"\n               data-title=\"Blick zum Treppenweg, den wir gestern gekommen sind\"\n               data-description=\"Blick zum Treppenweg, den wir gestern gekommen sind\"\n               data-image-slug=\"pict0133\"\n               class=\"shutterset_20547\">\n                <img\n                    title=\"Blick zum Treppenweg, den wir gestern gekommen sind\"\n                    alt=\"Blick zum Treppenweg, den wir gestern gekommen sind\"\n                    src=\"https:\/\/www.freimarianne.ch\/wp-content\/gallery\/hohturli-27-8-2016\/thumbs\/thumbs_PICT0133.jpg\"\n                    width=\"100\"\n                    height=\"75\"\n                    style=\"max-width:100%;\"\n                \/>\n            <\/a>\n        <\/div>\n\t\t\t\t\t\t\t<\/div> \n\t\t\t\n        \n\t\t\t\t<div id=\"ngg-image-3\" class=\"ngg-gallery-thumbnail-box\" >\n\t\t\t\t        <div class=\"ngg-gallery-thumbnail\">\n            <a href=\"https:\/\/www.freimarianne.ch\/wp-content\/gallery\/hohturli-27-8-2016\/PICT0134.jpg\"\n               title=\"Gruppe bereit zum Abmarsch\"\n               data-src=\"https:\/\/www.freimarianne.ch\/wp-content\/gallery\/hohturli-27-8-2016\/PICT0134.jpg\"\n               data-thumbnail=\"https:\/\/www.freimarianne.ch\/wp-content\/gallery\/hohturli-27-8-2016\/thumbs\/thumbs_PICT0134.jpg\"\n               data-image-id=\"14277\"\n               data-title=\"Gruppe bereit zum Abmarsch\"\n               data-description=\"Gruppe bereit zum Abmarsch\"\n               data-image-slug=\"pict0134\"\n               class=\"shutterset_20547\">\n                <img\n                    title=\"Gruppe bereit zum Abmarsch\"\n                    alt=\"Gruppe bereit zum Abmarsch\"\n                    src=\"https:\/\/www.freimarianne.ch\/wp-content\/gallery\/hohturli-27-8-2016\/thumbs\/thumbs_PICT0134.jpg\"\n                    width=\"100\"\n                    height=\"75\"\n                    style=\"max-width:100%;\"\n                \/>\n            <\/a>\n        <\/div>\n\t\t\t\t\t\t\t<\/div> \n\t\t\t\n        \n\t\t\t\t<div id=\"ngg-image-4\" class=\"ngg-gallery-thumbnail-box\" >\n\t\t\t\t        <div class=\"ngg-gallery-thumbnail\">\n            <a href=\"https:\/\/www.freimarianne.ch\/wp-content\/gallery\/hohturli-27-8-2016\/PICT0140.jpg\"\n               title=\"es geht hinunter ins Tal\"\n               data-src=\"https:\/\/www.freimarianne.ch\/wp-content\/gallery\/hohturli-27-8-2016\/PICT0140.jpg\"\n               data-thumbnail=\"https:\/\/www.freimarianne.ch\/wp-content\/gallery\/hohturli-27-8-2016\/thumbs\/thumbs_PICT0140.jpg\"\n               data-image-id=\"14276\"\n               data-title=\"es geht hinunter ins Tal\"\n               data-description=\"es geht hinunter ins Tal\"\n               data-image-slug=\"pict0140\"\n               class=\"shutterset_20547\">\n                <img\n                    title=\"es geht hinunter ins Tal\"\n                    alt=\"es geht hinunter ins Tal\"\n                    src=\"https:\/\/www.freimarianne.ch\/wp-content\/gallery\/hohturli-27-8-2016\/thumbs\/thumbs_PICT0140.jpg\"\n                    width=\"100\"\n                    height=\"75\"\n                    style=\"max-width:100%;\"\n                \/>\n            <\/a>\n        <\/div>\n\t\t\t\t\t\t\t<\/div> \n\t\t\t\n        \n\t\t\t\t<div id=\"ngg-image-5\" class=\"ngg-gallery-thumbnail-box\" >\n\t\t\t\t        <div class=\"ngg-gallery-thumbnail\">\n            <a href=\"https:\/\/www.freimarianne.ch\/wp-content\/gallery\/hohturli-27-8-2016\/PICT0148.jpg\"\n               title=\"Ufm Stock; Bl\u00fcemlisalpgletscher: Wyssi Frau 3650m, Bl\u00fcemlisalphorn 3663m, Bl\u00fcemlisalp Rothorn 3279m\"\n               data-src=\"https:\/\/www.freimarianne.ch\/wp-content\/gallery\/hohturli-27-8-2016\/PICT0148.jpg\"\n               data-thumbnail=\"https:\/\/www.freimarianne.ch\/wp-content\/gallery\/hohturli-27-8-2016\/thumbs\/thumbs_PICT0148.jpg\"\n               data-image-id=\"14275\"\n               data-title=\"Ufm Stock; Bl\u00c3\u00bcemlisalpgletscher: Wyssi Frau 3650m, Bl\u00c3\u00bcemlisalphorn 3663m, Bl\u00c3\u00bcemlisalp Rothorn 3279m\"\n               data-description=\"Ufm Stock; Bl\u00fcemlisalpgletscher: Wyssi Frau 3650m, Bl\u00fcemlisalphorn 3663m, Bl\u00fcemlisalp Rothorn 3279m\"\n               data-image-slug=\"pict0148\"\n               class=\"shutterset_20547\">\n                <img\n                    title=\"Ufm Stock; Bl\u00c3\u00bcemlisalpgletscher: Wyssi Frau 3650m, Bl\u00c3\u00bcemlisalphorn 3663m, Bl\u00c3\u00bcemlisalp Rothorn 3279m\"\n                    alt=\"Ufm Stock; Bl\u00c3\u00bcemlisalpgletscher: Wyssi Frau 3650m, Bl\u00c3\u00bcemlisalphorn 3663m, Bl\u00c3\u00bcemlisalp Rothorn 3279m\"\n                    src=\"https:\/\/www.freimarianne.ch\/wp-content\/gallery\/hohturli-27-8-2016\/thumbs\/thumbs_PICT0148.jpg\"\n                    width=\"100\"\n                    height=\"75\"\n                    style=\"max-width:100%;\"\n                \/>\n            <\/a>\n        <\/div>\n\t\t\t\t\t\t\t<\/div> \n\t\t\t\n        \n\t\t\t\t<div id=\"ngg-image-6\" class=\"ngg-gallery-thumbnail-box\" >\n\t\t\t\t        <div class=\"ngg-gallery-thumbnail\">\n            <a href=\"https:\/\/www.freimarianne.ch\/wp-content\/gallery\/hohturli-27-8-2016\/PICT0151.jpg\"\n               title=\"Wyssi Frau 3650m, Ufm Stock\"\n               data-src=\"https:\/\/www.freimarianne.ch\/wp-content\/gallery\/hohturli-27-8-2016\/PICT0151.jpg\"\n               data-thumbnail=\"https:\/\/www.freimarianne.ch\/wp-content\/gallery\/hohturli-27-8-2016\/thumbs\/thumbs_PICT0151.jpg\"\n               data-image-id=\"14274\"\n               data-title=\"Wyssi Frau 3650m, Ufm Stock\"\n               data-description=\"Wyssi Frau 3650m, Ufm Stock\"\n               data-image-slug=\"pict0151\"\n               class=\"shutterset_20547\">\n                <img\n                    title=\"Wyssi Frau 3650m, Ufm Stock\"\n                    alt=\"Wyssi Frau 3650m, Ufm Stock\"\n                    src=\"https:\/\/www.freimarianne.ch\/wp-content\/gallery\/hohturli-27-8-2016\/thumbs\/thumbs_PICT0151.jpg\"\n                    width=\"100\"\n                    height=\"75\"\n                    style=\"max-width:100%;\"\n                \/>\n            <\/a>\n        <\/div>\n\t\t\t\t\t\t\t<\/div> \n\t\t\t\n        \n\t\t\t\t<div id=\"ngg-image-7\" class=\"ngg-gallery-thumbnail-box\" >\n\t\t\t\t        <div class=\"ngg-gallery-thumbnail\">\n            <a href=\"https:\/\/www.freimarianne.ch\/wp-content\/gallery\/hohturli-27-8-2016\/PICT0152.jpg\"\n               title=\"Wyssi Frau 3650m, Bl\u00fcemlisalp Rothorn 3279m\"\n               data-src=\"https:\/\/www.freimarianne.ch\/wp-content\/gallery\/hohturli-27-8-2016\/PICT0152.jpg\"\n               data-thumbnail=\"https:\/\/www.freimarianne.ch\/wp-content\/gallery\/hohturli-27-8-2016\/thumbs\/thumbs_PICT0152.jpg\"\n               data-image-id=\"14273\"\n               data-title=\"Wyssi Frau 3650m, Bl\u00c3\u00bcemlisalp Rothorn 3279m\"\n               data-description=\"Wyssi Frau 3650m, Bl\u00fcemlisalp Rothorn 3279m\"\n               data-image-slug=\"pict0152\"\n               class=\"shutterset_20547\">\n                <img\n                    title=\"Wyssi Frau 3650m, Bl\u00c3\u00bcemlisalp Rothorn 3279m\"\n                    alt=\"Wyssi Frau 3650m, Bl\u00c3\u00bcemlisalp Rothorn 3279m\"\n                    src=\"https:\/\/www.freimarianne.ch\/wp-content\/gallery\/hohturli-27-8-2016\/thumbs\/thumbs_PICT0152.jpg\"\n                    width=\"100\"\n                    height=\"75\"\n                    style=\"max-width:100%;\"\n                \/>\n            <\/a>\n        <\/div>\n\t\t\t\t\t\t\t<\/div> \n\t\t\t\n        \n\t\t\t\t<div id=\"ngg-image-8\" class=\"ngg-gallery-thumbnail-box\" >\n\t\t\t\t        <div class=\"ngg-gallery-thumbnail\">\n            <a href=\"https:\/\/www.freimarianne.ch\/wp-content\/gallery\/hohturli-27-8-2016\/PICT0153.jpg\"\n               title=\"Ufm Stock, Bl\u00fcemlisalphorn 3663m\"\n               data-src=\"https:\/\/www.freimarianne.ch\/wp-content\/gallery\/hohturli-27-8-2016\/PICT0153.jpg\"\n               data-thumbnail=\"https:\/\/www.freimarianne.ch\/wp-content\/gallery\/hohturli-27-8-2016\/thumbs\/thumbs_PICT0153.jpg\"\n               data-image-id=\"14272\"\n               data-title=\"Ufm Stock, Bl\u00c3\u00bcemlisalphorn 3663m\"\n               data-description=\"Ufm Stock, Bl\u00fcemlisalphorn 3663m\"\n               data-image-slug=\"pict0153\"\n               class=\"shutterset_20547\">\n                <img\n                    title=\"Ufm Stock, Bl\u00c3\u00bcemlisalphorn 3663m\"\n                    alt=\"Ufm Stock, Bl\u00c3\u00bcemlisalphorn 3663m\"\n                    src=\"https:\/\/www.freimarianne.ch\/wp-content\/gallery\/hohturli-27-8-2016\/thumbs\/thumbs_PICT0153.jpg\"\n                    width=\"100\"\n                    height=\"75\"\n                    style=\"max-width:100%;\"\n                \/>\n            <\/a>\n        <\/div>\n\t\t\t\t\t\t\t<\/div> \n\t\t\t\n        \n\t\t\t\t<div id=\"ngg-image-9\" class=\"ngg-gallery-thumbnail-box\" >\n\t\t\t\t        <div class=\"ngg-gallery-thumbnail\">\n            <a href=\"https:\/\/www.freimarianne.ch\/wp-content\/gallery\/hohturli-27-8-2016\/PICT0155.jpg\"\n               title=\"gegen Hohb\u00e4rgli mit Tschingellochtihorn 2735m und  Lohner\"\n               data-src=\"https:\/\/www.freimarianne.ch\/wp-content\/gallery\/hohturli-27-8-2016\/PICT0155.jpg\"\n               data-thumbnail=\"https:\/\/www.freimarianne.ch\/wp-content\/gallery\/hohturli-27-8-2016\/thumbs\/thumbs_PICT0155.jpg\"\n               data-image-id=\"14271\"\n               data-title=\"gegen Hohb\u00c3\u00a4rgli mit Tschingellochtihorn 2735m und  Lohner\"\n               data-description=\"gegen Hohb\u00e4rgli mit Tschingellochtihorn 2735m und  Lohner\"\n               data-image-slug=\"pict0155\"\n               class=\"shutterset_20547\">\n                <img\n                    title=\"gegen Hohb\u00c3\u00a4rgli mit Tschingellochtihorn 2735m und  Lohner\"\n                    alt=\"gegen Hohb\u00c3\u00a4rgli mit Tschingellochtihorn 2735m und  Lohner\"\n                    src=\"https:\/\/www.freimarianne.ch\/wp-content\/gallery\/hohturli-27-8-2016\/thumbs\/thumbs_PICT0155.jpg\"\n                    width=\"100\"\n                    height=\"75\"\n                    style=\"max-width:100%;\"\n                \/>\n            <\/a>\n        <\/div>\n\t\t\t\t\t\t\t<\/div> \n\t\t\t\n        \n\t\t\t\t<div id=\"ngg-image-10\" class=\"ngg-gallery-thumbnail-box\" >\n\t\t\t\t        <div class=\"ngg-gallery-thumbnail\">\n            <a href=\"https:\/\/www.freimarianne.ch\/wp-content\/gallery\/hohturli-27-8-2016\/PICT0157.jpg\"\n               title=\"gegen Hohb\u00e4rgli mit Tschingellochtihorn 2735m und  Lohner\"\n               data-src=\"https:\/\/www.freimarianne.ch\/wp-content\/gallery\/hohturli-27-8-2016\/PICT0157.jpg\"\n               data-thumbnail=\"https:\/\/www.freimarianne.ch\/wp-content\/gallery\/hohturli-27-8-2016\/thumbs\/thumbs_PICT0157.jpg\"\n               data-image-id=\"14270\"\n               data-title=\"gegen Hohb\u00c3\u00a4rgli mit Tschingellochtihorn 2735m und  Lohner\"\n               data-description=\"gegen Hohb\u00e4rgli mit Tschingellochtihorn 2735m und  Lohner\"\n               data-image-slug=\"pict0157\"\n               class=\"shutterset_20547\">\n                <img\n                    title=\"gegen Hohb\u00c3\u00a4rgli mit Tschingellochtihorn 2735m und  Lohner\"\n                    alt=\"gegen Hohb\u00c3\u00a4rgli mit Tschingellochtihorn 2735m und  Lohner\"\n                    src=\"https:\/\/www.freimarianne.ch\/wp-content\/gallery\/hohturli-27-8-2016\/thumbs\/thumbs_PICT0157.jpg\"\n                    width=\"100\"\n                    height=\"75\"\n                    style=\"max-width:100%;\"\n                \/>\n            <\/a>\n        <\/div>\n\t\t\t\t\t\t\t<\/div> \n\t\t\t\n        \n\t\t\t\t<div id=\"ngg-image-11\" class=\"ngg-gallery-thumbnail-box\" >\n\t\t\t\t        <div class=\"ngg-gallery-thumbnail\">\n            <a href=\"https:\/\/www.freimarianne.ch\/wp-content\/gallery\/hohturli-27-8-2016\/PICT0160.jpg\"\n               title=\"Blick auf den \u00d6schinensee mit: Bl\u00fcemlisalp Rothorn 3279m, Bl\u00fcemlisalphorn 3663m,  Oeschinehorn 3486m, Fr\u00fcndenhorn 3369m, Doldenhorn 3638m\"\n               data-src=\"https:\/\/www.freimarianne.ch\/wp-content\/gallery\/hohturli-27-8-2016\/PICT0160.jpg\"\n               data-thumbnail=\"https:\/\/www.freimarianne.ch\/wp-content\/gallery\/hohturli-27-8-2016\/thumbs\/thumbs_PICT0160.jpg\"\n               data-image-id=\"14269\"\n               data-title=\"Blick auf den \u00c3\u0096schinensee mit: Bl\u00c3\u00bcemlisalp Rothorn 3279m, Bl\u00c3\u00bcemlisalphorn 3663m,  Oeschinehorn 3486m, Fr\u00c3\u00bcndenhorn 3369m, Doldenhorn 3638m\"\n               data-description=\"Blick auf den \u00d6schinensee mit: Bl\u00fcemlisalp Rothorn 3279m, Bl\u00fcemlisalphorn 3663m,  Oeschinehorn 3486m, Fr\u00fcndenhorn 3369m, Doldenhorn 3638m\"\n               data-image-slug=\"pict0160\"\n               class=\"shutterset_20547\">\n                <img\n                    title=\"Blick auf den \u00c3\u0096schinensee mit: Bl\u00c3\u00bcemlisalp Rothorn 3279m, Bl\u00c3\u00bcemlisalphorn 3663m,  Oeschinehorn 3486m, Fr\u00c3\u00bcndenhorn 3369m, Doldenhorn 3638m\"\n                    alt=\"Blick auf den \u00c3\u0096schinensee mit: Bl\u00c3\u00bcemlisalp Rothorn 3279m, Bl\u00c3\u00bcemlisalphorn 3663m,  Oeschinehorn 3486m, Fr\u00c3\u00bcndenhorn 3369m, Doldenhorn 3638m\"\n                    src=\"https:\/\/www.freimarianne.ch\/wp-content\/gallery\/hohturli-27-8-2016\/thumbs\/thumbs_PICT0160.jpg\"\n                    width=\"100\"\n                    height=\"75\"\n                    style=\"max-width:100%;\"\n                \/>\n            <\/a>\n        <\/div>\n\t\t\t\t\t\t\t<\/div> \n\t\t\t\n        \n\t\t\t\t<div id=\"ngg-image-12\" class=\"ngg-gallery-thumbnail-box\" >\n\t\t\t\t        <div class=\"ngg-gallery-thumbnail\">\n            <a href=\"https:\/\/www.freimarianne.ch\/wp-content\/gallery\/hohturli-27-8-2016\/PICT0163.jpg\"\n               title=\"Gruppenfoto vor Absteig nach Kandersteg: Edith, Kandid, Giuliana, Bruni, Marianne und Brigitte\"\n               data-src=\"https:\/\/www.freimarianne.ch\/wp-content\/gallery\/hohturli-27-8-2016\/PICT0163.jpg\"\n               data-thumbnail=\"https:\/\/www.freimarianne.ch\/wp-content\/gallery\/hohturli-27-8-2016\/thumbs\/thumbs_PICT0163.jpg\"\n               data-image-id=\"14268\"\n               data-title=\"Gruppenfoto vor Absteig nach Kandersteg: Edith, Kandid, Giuliana, Bruni, Marianne und Brigitte\"\n               data-description=\"Gruppenfoto vor Absteig nach Kandersteg: Edith, Kandid, Giuliana, Bruni, Marianne und Brigitte\"\n               data-image-slug=\"pict0163\"\n               class=\"shutterset_20547\">\n                <img\n                    title=\"Gruppenfoto vor Absteig nach Kandersteg: Edith, Kandid, Giuliana, Bruni, Marianne und Brigitte\"\n                    alt=\"Gruppenfoto vor Absteig nach Kandersteg: Edith, Kandid, Giuliana, Bruni, Marianne und Brigitte\"\n                    src=\"https:\/\/www.freimarianne.ch\/wp-content\/gallery\/hohturli-27-8-2016\/thumbs\/thumbs_PICT0163.jpg\"\n                    width=\"100\"\n                    height=\"75\"\n                    style=\"max-width:100%;\"\n                \/>\n            <\/a>\n        <\/div>\n\t\t\t\t\t\t\t<\/div> \n\t\t\t\n        \n\t\t\n\t\t<!-- Pagination -->\n\t<div class='ngg-clear'><\/div>\t<\/div>\n<\/p>\n<p>Links:<br \/>\n<a href=\"http:\/\/www.freimarianne.ch\/?page_id=2074\">\u00d6schinensee 10.9.2011<\/a><br \/>\n<a href=\"http:\/\/www.freimarianne.ch\/?page_id=5584\">\u00d6schinensee 17.7.2014<\/a><br \/>\n<a href=\"http:\/\/www.freimarianne.ch\/?page_id=10353\">\u00d6schinensee 28.5.2015<\/a><br \/>\n<a href=\"http:\/\/www.freimarianne.ch\/?page_id=14862\">\u00d6schinensee 25.12.2015<\/a><\/p>\n","protected":false},"excerpt":{"rendered":"<p>Abstieg von der Bl\u00fcemlisalph\u00fctte nach Oberb\u00e4rgli und \u00fcber den Heuberg nach Kandersteg hinunter Bilder siehe unten &nbsp; Die Wolken von gestern sind wieder verschwunden und der Himmel ist wolkenlos. Vor der H\u00fctte geniessen wir das Panorama. Im Morgenlicht erkennen wir gegen Osten das Schilthorn und Birg. Nach dem Morgenessen sind um 8.15 h alle startbereit. [&hellip;]<\/p>\n","protected":false},"author":1,"featured_media":0,"parent":20225,"menu_order":2,"comment_status":"closed","ping_status":"closed","template":"","meta":{"ngg_post_thumbnail":0},"_links":{"self":[{"href":"https:\/\/www.freimarianne.ch\/index.php?rest_route=\/wp\/v2\/pages\/20229"}],"collection":[{"href":"https:\/\/www.freimarianne.ch\/index.php?rest_route=\/wp\/v2\/pages"}],"about":[{"href":"https:\/\/www.freimarianne.ch\/index.php?rest_route=\/wp\/v2\/types\/page"}],"author":[{"embeddable":true,"href":"https:\/\/www.freimarianne.ch\/index.php?rest_route=\/wp\/v2\/users\/1"}],"replies":[{"embeddable":true,"href":"https:\/\/www.freimarianne.ch\/index.php?rest_route=%2Fwp%2Fv2%2Fcomments&post=20229"}],"version-history":[{"count":8,"href":"https:\/\/www.freimarianne.ch\/index.php?rest_route=\/wp\/v2\/pages\/20229\/revisions"}],"predecessor-version":[{"id":20556,"href":"https:\/\/www.freimarianne.ch\/index.php?rest_route=\/wp\/v2\/pages\/20229\/revisions\/20556"}],"up":[{"embeddable":true,"href":"https:\/\/www.freimarianne.ch\/index.php?rest_route=\/wp\/v2\/pages\/20225"}],"wp:attachment":[{"href":"https:\/\/www.freimarianne.ch\/index.php?rest_route=%2Fwp%2Fv2%2Fmedia&parent=20229"}],"curies":[{"name":"wp","href":"https:\/\/api.w.org\/{rel}","templated":true}]}}