{"id":2145,"date":"2011-09-25T09:35:35","date_gmt":"2011-09-25T08:35:35","guid":{"rendered":"http:\/\/www.freimarianne.ch\/?page_id=2145"},"modified":"2011-11-03T10:41:50","modified_gmt":"2011-11-03T09:41:50","slug":"goscherneralp-22-9-2011","status":"publish","type":"page","link":"https:\/\/www.freimarianne.ch\/?page_id=2145","title":{"rendered":"G\u00f6scheneralp  22.9.2011"},"content":{"rendered":"<p><ul class=\"ngg-breadcrumbs\">\n    <\/ul>\n<div class=\"ngg-albumoverview\">\t\n\t<!-- List of galleries -->\n\t\n\t<div class=\"ngg-album\">\n\t\t<div class=\"ngg-albumtitle\"><a href=\"https:\/\/www.freimarianne.ch\/index.php\/nggallery\/goscheneralp-ixus-22-9-2011\/goscheneralp-ixus-22-9-2011?page_id=2145\">G\u00f6scheneralp Ixus 22.9.2011<\/a><\/div>\n\t\t\t<div class=\"ngg-albumcontent\">\n\t\t\t\t<div class=\"ngg-thumbnail\">\n\t\t\t\t\t<a href=\"https:\/\/www.freimarianne.ch\/index.php\/nggallery\/goscheneralp-ixus-22-9-2011\/goscheneralp-ixus-22-9-2011?page_id=2145\"><img class=\"Thumb\" alt=\"G\u00f6scheneralp Ixus 22.9.2011\" src=\"https:\/\/www.freimarianne.ch\/wp-content\/gallery\/goscheneralp-ixus-22-9-2011\/cache\/img_2517.jpg-nggid043662-ngg0dyn-91x68-00f0w010c011r110f110r010t010.jpg\"\/><\/a>\n\t\t\t\t<\/div>\n\t\t\t\t<div class=\"ngg-description\">\n\t\t\t\t<p><\/p>\n\t\t\t\t\t\t\t\t<p class=\"ngg-album-gallery-image-counter\"><strong>24<\/strong>&nbsp;Photos<\/p>\n\t\t\t\t\t\t\t<\/div>\n\t\t<\/div>\n\t<\/div>\n\n \t \t\n\t<!-- Pagination -->\n \t<div class='ngg-clear'><\/div> \t\n<\/div>\n\n<a name=\"MYLOCATION\"><\/a><br \/>\nFotos made with Canon IXUS<br \/>\n<strong>Bergwanderung<\/strong> in einer grossartigen Berglandschaft\u00a0 mit riesigen Granitbl\u00f6cken. Vom G\u00f6scheneralpsee hinauf auf Berg 1951m (prachtvolle Moorlandschaft mit kleinen Seelein, in denen sich die Dammagruppe spiegelt) und von dort\u00a0steil hinauf auf den Grat mit Kreuz und dann hin\u00fcber zur Bergseeh\u00fctte 2370m\u00a0 und gleichnamigen See. Ich hatte 2 Stunden, alle Fotohalte inbegriffen). Mittagshalt am Bergsee. Denselben Weg zur\u00fcck. Zur\u00a0 Rundtour um den G\u00f6scheneralpsee reichte es zeitlich nicht. Die Sonne erreicht den Gegenhang im Herbst ohnehin nicht mehr.<\/p>\n<p>W\u00e4hrend dieser Wanderung bietet sich ein eindruckvolles Panorama mit  Sicht gegen S\u00fcden  mit Mittagsstock  2989m, M\u00fcterlishorn  3066m, Blauberg 2781m Blaubergstock 2865m, Lochbergl\u00fccke, 2815m, Lochberg 3940m,  Planggenstock 2823m, gegen Westen zur Winterl\u00fccke  2854m,  Winterstock 3203m, Gletschhorn 3305m, Galensock  3586m, Tiefenstock 3515m, Rhonestock 3589m, Dammastock 3608m, Schneestock 3608m, Eggstock  3536m,  Massplanggstock 3401m, gegen Norden zu Hoch Horefellistock 3175m, Bergseeschijen 2815m, Hochschijen 2634m, Gandschjien 2389m und gegen Osten Rienzenstock, B\u00e4chenstock, Rientall\u00fccke, Schijenstock, Gross Schijen.<\/p>\n<p>Impressionen von der Moorlandschaft und dem Bergsee-See<br \/>\n<img loading=\"lazy\" class=\"aligncenter size-full wp-image-2151\" title=\"IMG_0942_eos_g\u00f6sch_500\" src=\"http:\/\/www.freimarianne.ch\/wp-content\/uploads\/2011\/09\/IMG_0942_eos_g\u00f6sch_500.jpg\" alt=\"\" width=\"500\" height=\"333\" srcset=\"https:\/\/www.freimarianne.ch\/wp-content\/uploads\/2011\/09\/IMG_0942_eos_g\u00f6sch_500.jpg 500w, https:\/\/www.freimarianne.ch\/wp-content\/uploads\/2011\/09\/IMG_0942_eos_g\u00f6sch_500-300x199.jpg 300w\" sizes=\"(max-width: 500px) 100vw, 500px\" \/><img loading=\"lazy\" class=\"aligncenter size-full wp-image-2150\" title=\"IMG_0947_eos_g\u00f6sch_500\" src=\"http:\/\/www.freimarianne.ch\/wp-content\/uploads\/2011\/09\/IMG_0947_eos_g\u00f6sch_500.jpg\" alt=\"\" width=\"500\" height=\"333\" srcset=\"https:\/\/www.freimarianne.ch\/wp-content\/uploads\/2011\/09\/IMG_0947_eos_g\u00f6sch_500.jpg 500w, https:\/\/www.freimarianne.ch\/wp-content\/uploads\/2011\/09\/IMG_0947_eos_g\u00f6sch_500-300x199.jpg 300w\" sizes=\"(max-width: 500px) 100vw, 500px\" \/><br \/>\n<img loading=\"lazy\" class=\"aligncenter size-full wp-image-2149\" title=\"IMG_1004_eos_g\u00f6sch_500\" src=\"http:\/\/www.freimarianne.ch\/wp-content\/uploads\/2011\/09\/IMG_1004_eos_g\u00f6sch_500.jpg\" alt=\"\" width=\"500\" height=\"333\" srcset=\"https:\/\/www.freimarianne.ch\/wp-content\/uploads\/2011\/09\/IMG_1004_eos_g\u00f6sch_500.jpg 500w, https:\/\/www.freimarianne.ch\/wp-content\/uploads\/2011\/09\/IMG_1004_eos_g\u00f6sch_500-300x199.jpg 300w\" sizes=\"(max-width: 500px) 100vw, 500px\" \/><br \/>\n<img loading=\"lazy\" class=\"aligncenter size-full wp-image-2148\" title=\"IMG_1009_eos_g\u00f6sch_500\" src=\"http:\/\/www.freimarianne.ch\/wp-content\/uploads\/2011\/09\/IMG_1009_eos_g\u00f6sch_500.jpg\" alt=\"\" width=\"500\" height=\"333\" srcset=\"https:\/\/www.freimarianne.ch\/wp-content\/uploads\/2011\/09\/IMG_1009_eos_g\u00f6sch_500.jpg 500w, https:\/\/www.freimarianne.ch\/wp-content\/uploads\/2011\/09\/IMG_1009_eos_g\u00f6sch_500-300x199.jpg 300w\" sizes=\"(max-width: 500px) 100vw, 500px\" \/><br \/>\n<img loading=\"lazy\" class=\"aligncenter size-full wp-image-2179\" title=\"IMG_0977_eos_g\u00f6sch_500\" src=\"http:\/\/www.freimarianne.ch\/wp-content\/uploads\/2011\/09\/IMG_0977_eos_g\u00f6sch_500.jpg\" alt=\"\" width=\"500\" height=\"333\" srcset=\"https:\/\/www.freimarianne.ch\/wp-content\/uploads\/2011\/09\/IMG_0977_eos_g\u00f6sch_500.jpg 500w, https:\/\/www.freimarianne.ch\/wp-content\/uploads\/2011\/09\/IMG_0977_eos_g\u00f6sch_500-300x199.jpg 300w\" sizes=\"(max-width: 500px) 100vw, 500px\" \/><\/a><br \/>\n<img loading=\"lazy\" class=\"aligncenter size-full wp-image-2178\" title=\"IMG_0982_eos_g\u00f6sch_500\" src=\"http:\/\/www.freimarianne.ch\/wp-content\/uploads\/2011\/09\/IMG_0982_eos_g\u00f6sch_500.jpg\" alt=\"\" width=\"500\" height=\"333\" srcset=\"https:\/\/www.freimarianne.ch\/wp-content\/uploads\/2011\/09\/IMG_0982_eos_g\u00f6sch_500.jpg 500w, https:\/\/www.freimarianne.ch\/wp-content\/uploads\/2011\/09\/IMG_0982_eos_g\u00f6sch_500-300x199.jpg 300w\" sizes=\"(max-width: 500px) 100vw, 500px\" \/><\/a><br \/>\n<a href=\"#MYLOCATION\" title=\"Go to MYLOCATION\" target=\"_self\">nach oben<\/a><\/p>\n","protected":false},"excerpt":{"rendered":"<p>Fotos made with Canon IXUS Bergwanderung in einer grossartigen Berglandschaft\u00a0 mit riesigen Granitbl\u00f6cken. Vom G\u00f6scheneralpsee hinauf auf Berg 1951m (prachtvolle Moorlandschaft mit kleinen Seelein, in denen sich die Dammagruppe spiegelt) und von dort\u00a0steil hinauf auf den Grat mit Kreuz und dann hin\u00fcber zur Bergseeh\u00fctte 2370m\u00a0 und gleichnamigen See. Ich hatte 2 Stunden, alle Fotohalte inbegriffen). [&hellip;]<\/p>\n","protected":false},"author":1,"featured_media":0,"parent":1765,"menu_order":10,"comment_status":"closed","ping_status":"closed","template":"","meta":{"ngg_post_thumbnail":0},"_links":{"self":[{"href":"https:\/\/www.freimarianne.ch\/index.php?rest_route=\/wp\/v2\/pages\/2145"}],"collection":[{"href":"https:\/\/www.freimarianne.ch\/index.php?rest_route=\/wp\/v2\/pages"}],"about":[{"href":"https:\/\/www.freimarianne.ch\/index.php?rest_route=\/wp\/v2\/types\/page"}],"author":[{"embeddable":true,"href":"https:\/\/www.freimarianne.ch\/index.php?rest_route=\/wp\/v2\/users\/1"}],"replies":[{"embeddable":true,"href":"https:\/\/www.freimarianne.ch\/index.php?rest_route=%2Fwp%2Fv2%2Fcomments&post=2145"}],"version-history":[{"count":29,"href":"https:\/\/www.freimarianne.ch\/index.php?rest_route=\/wp\/v2\/pages\/2145\/revisions"}],"predecessor-version":[{"id":2347,"href":"https:\/\/www.freimarianne.ch\/index.php?rest_route=\/wp\/v2\/pages\/2145\/revisions\/2347"}],"up":[{"embeddable":true,"href":"https:\/\/www.freimarianne.ch\/index.php?rest_route=\/wp\/v2\/pages\/1765"}],"wp:attachment":[{"href":"https:\/\/www.freimarianne.ch\/index.php?rest_route=%2Fwp%2Fv2%2Fmedia&parent=2145"}],"curies":[{"name":"wp","href":"https:\/\/api.w.org\/{rel}","templated":true}]}}