{"id":21574,"date":"2016-11-07T11:06:00","date_gmt":"2016-11-07T10:06:00","guid":{"rendered":"http:\/\/www.freimarianne.ch\/?page_id=21574"},"modified":"2016-11-07T11:24:57","modified_gmt":"2016-11-07T10:24:57","slug":"valzeina-gr-3-11-2016","status":"publish","type":"page","link":"https:\/\/www.freimarianne.ch\/?page_id=21574","title":{"rendered":"Valzeina   GR    3.11.2016"},"content":{"rendered":"<p><strong>Kurze Wanderung unterhalb des Haupts bei Valzeina<\/strong><\/p>\n<p><img loading=\"lazy\" class=\"alignleft size-full wp-image-21562\" src=\"http:\/\/www.freimarianne.ch\/wp-content\/uploads\/2016\/11\/IMG_2801_valzeina_500.jpg\" alt=\"img_2801_valzeina_500\" width=\"500\" height=\"375\" srcset=\"https:\/\/www.freimarianne.ch\/wp-content\/uploads\/2016\/11\/IMG_2801_valzeina_500.jpg 500w, https:\/\/www.freimarianne.ch\/wp-content\/uploads\/2016\/11\/IMG_2801_valzeina_500-300x225.jpg 300w, https:\/\/www.freimarianne.ch\/wp-content\/uploads\/2016\/11\/IMG_2801_valzeina_500-400x300.jpg 400w\" sizes=\"(max-width: 500px) 100vw, 500px\" \/><\/p>\n<p>Heute m\u00f6chte ich einmal die Gegend hinter der Bergkette, die ich immer auf der Fahrt nach Chur vom Zug aus sehe, erkunden. Es ist die Gegend der Berges Haupt und der Mittagplatte.<\/p>\n<p>Wir beginnen unsere Wanderung in Valzeina Boden 808m um 11.45h und finden gleich den Einstieg in den Wanderweg, der uns in Schlaufen durch den Wald und \u00fcber offenen Fl\u00e4chen hinauf bringt zur Alp Gaschlun 1021m. Nun f\u00fchrt der Weg oberhalb der Flue der Helwand zum Pkt. 1085 m gegen Grosswang und wendet sich dann gegen Osten. WIr befinden uns nun im steilen Hauptwald unterhalb des Grates und verlieren bald die Wegspur. Pl\u00f6tzlich gibt es keine weiss-roten Zeichen mehr! Wir irren herum und beschliessen dann, im steilen Hang hinaufzuklettern, wo wir weiter oben den Pfad vermuten. Wir sehen dann nach einer anstrengenden Kletterei wieder ein Zeichen! Es geht dann aber noch lange bis wir den Wald hinter uns haben und beim B\u00e4rgli 1247m ankommen. Wir haben keine Lust mehr auf weitere H\u00f6henmeter und wandern so hinunter zum Weiler Valzeina Schulhaus, wo sich die Kirche des Tales befindet. Die Sonne wird hier bald verschwinden und f\u00fcr die Fortsetzung der Wanderung ist es auch bereits zu sp\u00e4t. Die geplant Tour k\u00f6nnen wir im Fr\u00fchling machen.<br \/>\nDer Pfad durch den steil abfallenden Hauptwald ist eigentlich nicht zu empfehlen!<br \/>\nDa der Bus erst um 15.39h in Valzeia Schulhaus abf\u00e4hrt, bleibt uns nichts anderes \u00fcbrig als mangels Restaurant auf der Fahrstrasse, die noch besonnt ist hinunterzuwandern, damit wir nicht kalt haben. So erreichen wir wieder die Haltestelle Boden, wo wir unsere Wanderung begonnen haben. Hier kommt bald der Bus vorbei, der nach oben f\u00e4hrt. Wir besteigen ihn, um an der W\u00e4rme zu sein!<\/p>\n<p>Laut Schweizmobil:<br \/>\nDistanz: 7,91km; Aufstieg: 479m; Abstieg 488m; Wanderzeit: 2h 42 min7<\/p>\n<p><a href=\"https:\/\/map.wanderland.ch\/?lang=de&amp;route=all&amp;bgLayer=pk&amp;resolution=10&amp;X=765177&amp;Y=203358&amp;layers=Wanderland%2CStation&amp;trackId=3163807\">Karte Schweizmobil:<\/a><\/p>\n<p><!-- index.php -->\n<div\n\tclass=\"ngg-galleryoverview ngg-ajax-pagination-none\"\n\tid=\"ngg-gallery-21762-1\">\n\n    \t<div class=\"slideshowlink\">\n        <a href='https:\/\/www.freimarianne.ch\/index.php\/nggallery\/slideshow?page_id=21574'>[Show as slideshow]<\/a>\n\t\t\n\t<\/div>\n\t\t\t<!-- Thumbnails -->\n\t\t\t\t<div id=\"ngg-image-0\" class=\"ngg-gallery-thumbnail-box\" >\n\t\t\t\t        <div class=\"ngg-gallery-thumbnail\">\n            <a href=\"https:\/\/www.freimarianne.ch\/wp-content\/gallery\/valzeina-3-11-2016\/IMG_2787.jpg\"\n               title=\"im Herbstwald\"\n               data-src=\"https:\/\/www.freimarianne.ch\/wp-content\/gallery\/valzeina-3-11-2016\/IMG_2787.jpg\"\n               data-thumbnail=\"https:\/\/www.freimarianne.ch\/wp-content\/gallery\/valzeina-3-11-2016\/thumbs\/thumbs_IMG_2787.jpg\"\n               data-image-id=\"14826\"\n               data-title=\"im Herbstwald\"\n               data-description=\"im Herbstwald\"\n               data-image-slug=\"img_2787\"\n               class=\"shutterset_21762\">\n                <img\n                    title=\"im Herbstwald\"\n                    alt=\"im Herbstwald\"\n                    src=\"https:\/\/www.freimarianne.ch\/wp-content\/gallery\/valzeina-3-11-2016\/thumbs\/thumbs_IMG_2787.jpg\"\n                    width=\"100\"\n                    height=\"75\"\n                    style=\"max-width:100%;\"\n                \/>\n            <\/a>\n        <\/div>\n\t\t\t\t\t\t\t<\/div> \n\t\t\t\n        \n\t\t\t\t<div id=\"ngg-image-1\" class=\"ngg-gallery-thumbnail-box\" >\n\t\t\t\t        <div class=\"ngg-gallery-thumbnail\">\n            <a href=\"https:\/\/www.freimarianne.ch\/wp-content\/gallery\/valzeina-3-11-2016\/IMG_2791.jpg\"\n               title=\"Vilan und Flue des Fad\u00e4rasteins\"\n               data-src=\"https:\/\/www.freimarianne.ch\/wp-content\/gallery\/valzeina-3-11-2016\/IMG_2791.jpg\"\n               data-thumbnail=\"https:\/\/www.freimarianne.ch\/wp-content\/gallery\/valzeina-3-11-2016\/thumbs\/thumbs_IMG_2791.jpg\"\n               data-image-id=\"14825\"\n               data-title=\"Vilan und Flue des Fad\u00c3\u00a4rasteins\"\n               data-description=\"Vilan und Flue des Fad\u00e4rasteins\"\n               data-image-slug=\"img_2791-1\"\n               class=\"shutterset_21762\">\n                <img\n                    title=\"Vilan und Flue des Fad\u00c3\u00a4rasteins\"\n                    alt=\"Vilan und Flue des Fad\u00c3\u00a4rasteins\"\n                    src=\"https:\/\/www.freimarianne.ch\/wp-content\/gallery\/valzeina-3-11-2016\/thumbs\/thumbs_IMG_2791.jpg\"\n                    width=\"100\"\n                    height=\"75\"\n                    style=\"max-width:100%;\"\n                \/>\n            <\/a>\n        <\/div>\n\t\t\t\t\t\t\t<\/div> \n\t\t\t\n        \n\t\t\t\t<div id=\"ngg-image-2\" class=\"ngg-gallery-thumbnail-box\" >\n\t\t\t\t        <div class=\"ngg-gallery-thumbnail\">\n            <a href=\"https:\/\/www.freimarianne.ch\/wp-content\/gallery\/valzeina-3-11-2016\/IMG_2798.jpg\"\n               title=\"im Hauptwald\"\n               data-src=\"https:\/\/www.freimarianne.ch\/wp-content\/gallery\/valzeina-3-11-2016\/IMG_2798.jpg\"\n               data-thumbnail=\"https:\/\/www.freimarianne.ch\/wp-content\/gallery\/valzeina-3-11-2016\/thumbs\/thumbs_IMG_2798.jpg\"\n               data-image-id=\"14824\"\n               data-title=\"im Hauptwald\"\n               data-description=\"im Hauptwald\"\n               data-image-slug=\"img_2798-2\"\n               class=\"shutterset_21762\">\n                <img\n                    title=\"im Hauptwald\"\n                    alt=\"im Hauptwald\"\n                    src=\"https:\/\/www.freimarianne.ch\/wp-content\/gallery\/valzeina-3-11-2016\/thumbs\/thumbs_IMG_2798.jpg\"\n                    width=\"100\"\n                    height=\"75\"\n                    style=\"max-width:100%;\"\n                \/>\n            <\/a>\n        <\/div>\n\t\t\t\t\t\t\t<\/div> \n\t\t\t\n        \n\t\t\t\t<div id=\"ngg-image-3\" class=\"ngg-gallery-thumbnail-box\" >\n\t\t\t\t        <div class=\"ngg-gallery-thumbnail\">\n            <a href=\"https:\/\/www.freimarianne.ch\/wp-content\/gallery\/valzeina-3-11-2016\/IMG_2802.jpg\"\n               title=\"B\u00e4rgli 1247m\"\n               data-src=\"https:\/\/www.freimarianne.ch\/wp-content\/gallery\/valzeina-3-11-2016\/IMG_2802.jpg\"\n               data-thumbnail=\"https:\/\/www.freimarianne.ch\/wp-content\/gallery\/valzeina-3-11-2016\/thumbs\/thumbs_IMG_2802.jpg\"\n               data-image-id=\"14823\"\n               data-title=\"B\u00c3\u00a4rgli 1247m\"\n               data-description=\"B\u00e4rgli 1247m\"\n               data-image-slug=\"img_2802-3\"\n               class=\"shutterset_21762\">\n                <img\n                    title=\"B\u00c3\u00a4rgli 1247m\"\n                    alt=\"B\u00c3\u00a4rgli 1247m\"\n                    src=\"https:\/\/www.freimarianne.ch\/wp-content\/gallery\/valzeina-3-11-2016\/thumbs\/thumbs_IMG_2802.jpg\"\n                    width=\"100\"\n                    height=\"75\"\n                    style=\"max-width:100%;\"\n                \/>\n            <\/a>\n        <\/div>\n\t\t\t\t\t\t\t<\/div> \n\t\t\t\n        \n\t\t\t\t<div id=\"ngg-image-4\" class=\"ngg-gallery-thumbnail-box\" >\n\t\t\t\t        <div class=\"ngg-gallery-thumbnail\">\n            <a href=\"https:\/\/www.freimarianne.ch\/wp-content\/gallery\/valzeina-3-11-2016\/IMG_2807.jpg\"\n               title=\"B\u00e4rgli 1247m mit Vilan\"\n               data-src=\"https:\/\/www.freimarianne.ch\/wp-content\/gallery\/valzeina-3-11-2016\/IMG_2807.jpg\"\n               data-thumbnail=\"https:\/\/www.freimarianne.ch\/wp-content\/gallery\/valzeina-3-11-2016\/thumbs\/thumbs_IMG_2807.jpg\"\n               data-image-id=\"14822\"\n               data-title=\"B\u00c3\u00a4rgli 1247m mit Vilan\"\n               data-description=\"B\u00e4rgli 1247m mit Vilan\"\n               data-image-slug=\"img_2807\"\n               class=\"shutterset_21762\">\n                <img\n                    title=\"B\u00c3\u00a4rgli 1247m mit Vilan\"\n                    alt=\"B\u00c3\u00a4rgli 1247m mit Vilan\"\n                    src=\"https:\/\/www.freimarianne.ch\/wp-content\/gallery\/valzeina-3-11-2016\/thumbs\/thumbs_IMG_2807.jpg\"\n                    width=\"100\"\n                    height=\"75\"\n                    style=\"max-width:100%;\"\n                \/>\n            <\/a>\n        <\/div>\n\t\t\t\t\t\t\t<\/div> \n\t\t\t\n        \n\t\t\t\t<div id=\"ngg-image-5\" class=\"ngg-gallery-thumbnail-box\" >\n\t\t\t\t        <div class=\"ngg-gallery-thumbnail\">\n            <a href=\"https:\/\/www.freimarianne.ch\/wp-content\/gallery\/valzeina-3-11-2016\/IMG_2808.jpg\"\n               title=\"Blick auf Valzeina Dorf\"\n               data-src=\"https:\/\/www.freimarianne.ch\/wp-content\/gallery\/valzeina-3-11-2016\/IMG_2808.jpg\"\n               data-thumbnail=\"https:\/\/www.freimarianne.ch\/wp-content\/gallery\/valzeina-3-11-2016\/thumbs\/thumbs_IMG_2808.jpg\"\n               data-image-id=\"14821\"\n               data-title=\"Blick auf Valzeina Dorf\"\n               data-description=\"Blick auf Valzeina Dorf\"\n               data-image-slug=\"img_2808-1\"\n               class=\"shutterset_21762\">\n                <img\n                    title=\"Blick auf Valzeina Dorf\"\n                    alt=\"Blick auf Valzeina Dorf\"\n                    src=\"https:\/\/www.freimarianne.ch\/wp-content\/gallery\/valzeina-3-11-2016\/thumbs\/thumbs_IMG_2808.jpg\"\n                    width=\"100\"\n                    height=\"75\"\n                    style=\"max-width:100%;\"\n                \/>\n            <\/a>\n        <\/div>\n\t\t\t\t\t\t\t<\/div> \n\t\t\t\n        \n\t\t\t\t<div id=\"ngg-image-6\" class=\"ngg-gallery-thumbnail-box\" >\n\t\t\t\t        <div class=\"ngg-gallery-thumbnail\">\n            <a href=\"https:\/\/www.freimarianne.ch\/wp-content\/gallery\/valzeina-3-11-2016\/IMG_2809.jpg\"\n               title=\"Blick auf Sassauna und Drusenfluh und Sulzfluh\"\n               data-src=\"https:\/\/www.freimarianne.ch\/wp-content\/gallery\/valzeina-3-11-2016\/IMG_2809.jpg\"\n               data-thumbnail=\"https:\/\/www.freimarianne.ch\/wp-content\/gallery\/valzeina-3-11-2016\/thumbs\/thumbs_IMG_2809.jpg\"\n               data-image-id=\"14820\"\n               data-title=\"Blick auf Sassauna und Drusenfluh und Sulzfluh\"\n               data-description=\"Blick auf Sassauna und Drusenfluh und Sulzfluh\"\n               data-image-slug=\"img_2809\"\n               class=\"shutterset_21762\">\n                <img\n                    title=\"Blick auf Sassauna und Drusenfluh und Sulzfluh\"\n                    alt=\"Blick auf Sassauna und Drusenfluh und Sulzfluh\"\n                    src=\"https:\/\/www.freimarianne.ch\/wp-content\/gallery\/valzeina-3-11-2016\/thumbs\/thumbs_IMG_2809.jpg\"\n                    width=\"100\"\n                    height=\"75\"\n                    style=\"max-width:100%;\"\n                \/>\n            <\/a>\n        <\/div>\n\t\t\t\t\t\t\t<\/div> \n\t\t\t\n        \n\t\t\t\t<div id=\"ngg-image-7\" class=\"ngg-gallery-thumbnail-box\" >\n\t\t\t\t        <div class=\"ngg-gallery-thumbnail\">\n            <a href=\"https:\/\/www.freimarianne.ch\/wp-content\/gallery\/valzeina-3-11-2016\/IMG_2811.jpg\"\n               title=\"Blick auf Haupt 1397m\"\n               data-src=\"https:\/\/www.freimarianne.ch\/wp-content\/gallery\/valzeina-3-11-2016\/IMG_2811.jpg\"\n               data-thumbnail=\"https:\/\/www.freimarianne.ch\/wp-content\/gallery\/valzeina-3-11-2016\/thumbs\/thumbs_IMG_2811.jpg\"\n               data-image-id=\"14819\"\n               data-title=\"Blick auf Haupt 1397m\"\n               data-description=\"Blick auf Haupt 1397m\"\n               data-image-slug=\"img_2811-4\"\n               class=\"shutterset_21762\">\n                <img\n                    title=\"Blick auf Haupt 1397m\"\n                    alt=\"Blick auf Haupt 1397m\"\n                    src=\"https:\/\/www.freimarianne.ch\/wp-content\/gallery\/valzeina-3-11-2016\/thumbs\/thumbs_IMG_2811.jpg\"\n                    width=\"100\"\n                    height=\"75\"\n                    style=\"max-width:100%;\"\n                \/>\n            <\/a>\n        <\/div>\n\t\t\t\t\t\t\t<\/div> \n\t\t\t\n        \n\t\t\t\t<div id=\"ngg-image-8\" class=\"ngg-gallery-thumbnail-box\" >\n\t\t\t\t        <div class=\"ngg-gallery-thumbnail\">\n            <a href=\"https:\/\/www.freimarianne.ch\/wp-content\/gallery\/valzeina-3-11-2016\/IMG_2812.jpg\"\n               title=\"Kirche von Valzeina mit Drusenfluh und Sulzfluh\"\n               data-src=\"https:\/\/www.freimarianne.ch\/wp-content\/gallery\/valzeina-3-11-2016\/IMG_2812.jpg\"\n               data-thumbnail=\"https:\/\/www.freimarianne.ch\/wp-content\/gallery\/valzeina-3-11-2016\/thumbs\/thumbs_IMG_2812.jpg\"\n               data-image-id=\"14818\"\n               data-title=\"Kirche von Valzeina mit Drusenfluh und Sulzfluh\"\n               data-description=\"Kirche von Valzeina mit Drusenfluh und Sulzfluh\"\n               data-image-slug=\"img_2812-1\"\n               class=\"shutterset_21762\">\n                <img\n                    title=\"Kirche von Valzeina mit Drusenfluh und Sulzfluh\"\n                    alt=\"Kirche von Valzeina mit Drusenfluh und Sulzfluh\"\n                    src=\"https:\/\/www.freimarianne.ch\/wp-content\/gallery\/valzeina-3-11-2016\/thumbs\/thumbs_IMG_2812.jpg\"\n                    width=\"100\"\n                    height=\"75\"\n                    style=\"max-width:100%;\"\n                \/>\n            <\/a>\n        <\/div>\n\t\t\t\t\t\t\t<\/div> \n\t\t\t\n        \n\t\t\t\t<div id=\"ngg-image-9\" class=\"ngg-gallery-thumbnail-box\" >\n\t\t\t\t        <div class=\"ngg-gallery-thumbnail\">\n            <a href=\"https:\/\/www.freimarianne.ch\/wp-content\/gallery\/valzeina-3-11-2016\/IMG_2818.jpg\"\n               title=\"Kiche von Valzeina\"\n               data-src=\"https:\/\/www.freimarianne.ch\/wp-content\/gallery\/valzeina-3-11-2016\/IMG_2818.jpg\"\n               data-thumbnail=\"https:\/\/www.freimarianne.ch\/wp-content\/gallery\/valzeina-3-11-2016\/thumbs\/thumbs_IMG_2818.jpg\"\n               data-image-id=\"14817\"\n               data-title=\"Kiche von Valzeina\"\n               data-description=\"Kiche von Valzeina\"\n               data-image-slug=\"img_2818-1\"\n               class=\"shutterset_21762\">\n                <img\n                    title=\"Kiche von Valzeina\"\n                    alt=\"Kiche von Valzeina\"\n                    src=\"https:\/\/www.freimarianne.ch\/wp-content\/gallery\/valzeina-3-11-2016\/thumbs\/thumbs_IMG_2818.jpg\"\n                    width=\"100\"\n                    height=\"75\"\n                    style=\"max-width:100%;\"\n                \/>\n            <\/a>\n        <\/div>\n\t\t\t\t\t\t\t<\/div> \n\t\t\t\n        \n\t\t\t\t<div id=\"ngg-image-10\" class=\"ngg-gallery-thumbnail-box\" >\n\t\t\t\t        <div class=\"ngg-gallery-thumbnail\">\n            <a href=\"https:\/\/www.freimarianne.ch\/wp-content\/gallery\/valzeina-3-11-2016\/IMG_2820.jpg\"\n               title=\"ein H\u00fcgel im Tal\"\n               data-src=\"https:\/\/www.freimarianne.ch\/wp-content\/gallery\/valzeina-3-11-2016\/IMG_2820.jpg\"\n               data-thumbnail=\"https:\/\/www.freimarianne.ch\/wp-content\/gallery\/valzeina-3-11-2016\/thumbs\/thumbs_IMG_2820.jpg\"\n               data-image-id=\"14816\"\n               data-title=\"ein H\u00c3\u00bcgel im Tal\"\n               data-description=\"ein H\u00fcgel im Tal\"\n               data-image-slug=\"img_2820\"\n               class=\"shutterset_21762\">\n                <img\n                    title=\"ein H\u00c3\u00bcgel im Tal\"\n                    alt=\"ein H\u00c3\u00bcgel im Tal\"\n                    src=\"https:\/\/www.freimarianne.ch\/wp-content\/gallery\/valzeina-3-11-2016\/thumbs\/thumbs_IMG_2820.jpg\"\n                    width=\"100\"\n                    height=\"75\"\n                    style=\"max-width:100%;\"\n                \/>\n            <\/a>\n        <\/div>\n\t\t\t\t\t\t\t<\/div> \n\t\t\t\n        \n\t\t\t\t<div id=\"ngg-image-11\" class=\"ngg-gallery-thumbnail-box\" >\n\t\t\t\t        <div class=\"ngg-gallery-thumbnail\">\n            <a href=\"https:\/\/www.freimarianne.ch\/wp-content\/gallery\/valzeina-3-11-2016\/IMG_2823.jpg\"\n               title=\"Blick talausw\u00e4rts mit Schafberg 2727m, Pan\u00fcelerchopf 2859m, Salaeuelchopf 2841m,, Scheseplana 2964m; vo  Sassauna\"\n               data-src=\"https:\/\/www.freimarianne.ch\/wp-content\/gallery\/valzeina-3-11-2016\/IMG_2823.jpg\"\n               data-thumbnail=\"https:\/\/www.freimarianne.ch\/wp-content\/gallery\/valzeina-3-11-2016\/thumbs\/thumbs_IMG_2823.jpg\"\n               data-image-id=\"14815\"\n               data-title=\"Blick talausw\u00c3\u00a4rts mit Schafberg 2727m, Pan\u00c3\u00bcelerchopf 2859m, Salaeuelchopf 2841m,, Scheseplana 2964m; vo  Sassauna\"\n               data-description=\"Blick talausw\u00e4rts mit Schafberg 2727m, Pan\u00fcelerchopf 2859m, Salaeuelchopf 2841m,, Scheseplana 2964m; vo  Sassauna\"\n               data-image-slug=\"img_2823-1\"\n               class=\"shutterset_21762\">\n                <img\n                    title=\"Blick talausw\u00c3\u00a4rts mit Schafberg 2727m, Pan\u00c3\u00bcelerchopf 2859m, Salaeuelchopf 2841m,, Scheseplana 2964m; vo  Sassauna\"\n                    alt=\"Blick talausw\u00c3\u00a4rts mit Schafberg 2727m, Pan\u00c3\u00bcelerchopf 2859m, Salaeuelchopf 2841m,, Scheseplana 2964m; vo  Sassauna\"\n                    src=\"https:\/\/www.freimarianne.ch\/wp-content\/gallery\/valzeina-3-11-2016\/thumbs\/thumbs_IMG_2823.jpg\"\n                    width=\"100\"\n                    height=\"75\"\n                    style=\"max-width:100%;\"\n                \/>\n            <\/a>\n        <\/div>\n\t\t\t\t\t\t\t<\/div> \n\t\t\t\n        \n\t\t\n\t\t<!-- Pagination -->\n\t<div class='ngg-clear'><\/div>\t<\/div>\n<\/p>\n","protected":false},"excerpt":{"rendered":"<p>Kurze Wanderung unterhalb des Haupts bei Valzeina Heute m\u00f6chte ich einmal die Gegend hinter der Bergkette, die ich immer auf der Fahrt nach Chur vom Zug aus sehe, erkunden. Es ist die Gegend der Berges Haupt und der Mittagplatte. Wir beginnen unsere Wanderung in Valzeina Boden 808m um 11.45h und finden gleich den Einstieg in [&hellip;]<\/p>\n","protected":false},"author":1,"featured_media":0,"parent":20294,"menu_order":23,"comment_status":"closed","ping_status":"closed","template":"","meta":{"ngg_post_thumbnail":0},"_links":{"self":[{"href":"https:\/\/www.freimarianne.ch\/index.php?rest_route=\/wp\/v2\/pages\/21574"}],"collection":[{"href":"https:\/\/www.freimarianne.ch\/index.php?rest_route=\/wp\/v2\/pages"}],"about":[{"href":"https:\/\/www.freimarianne.ch\/index.php?rest_route=\/wp\/v2\/types\/page"}],"author":[{"embeddable":true,"href":"https:\/\/www.freimarianne.ch\/index.php?rest_route=\/wp\/v2\/users\/1"}],"replies":[{"embeddable":true,"href":"https:\/\/www.freimarianne.ch\/index.php?rest_route=%2Fwp%2Fv2%2Fcomments&post=21574"}],"version-history":[{"count":2,"href":"https:\/\/www.freimarianne.ch\/index.php?rest_route=\/wp\/v2\/pages\/21574\/revisions"}],"predecessor-version":[{"id":21763,"href":"https:\/\/www.freimarianne.ch\/index.php?rest_route=\/wp\/v2\/pages\/21574\/revisions\/21763"}],"up":[{"embeddable":true,"href":"https:\/\/www.freimarianne.ch\/index.php?rest_route=\/wp\/v2\/pages\/20294"}],"wp:attachment":[{"href":"https:\/\/www.freimarianne.ch\/index.php?rest_route=%2Fwp%2Fv2%2Fmedia&parent=21574"}],"curies":[{"name":"wp","href":"https:\/\/api.w.org\/{rel}","templated":true}]}}