{"id":21879,"date":"2016-12-12T17:12:12","date_gmt":"2016-12-12T16:12:12","guid":{"rendered":"http:\/\/www.freimarianne.ch\/?page_id=21879"},"modified":"2017-03-03T11:28:18","modified_gmt":"2017-03-03T10:28:18","slug":"winter-2016-2017","status":"publish","type":"page","link":"https:\/\/www.freimarianne.ch\/?page_id=21879","title":{"rendered":"Winter 2016 \/ 2017"},"content":{"rendered":"<p><strong>Winter 2016\/2017<\/strong><\/p>\n<p><img loading=\"lazy\" src=\"http:\/\/www.freimarianne.ch\/wp-content\/uploads\/2017\/03\/IMG_4926_wi17.jpg\" alt=\"  Rotstein 2225m, Sichli 2320m, Gamsberg 2385m,vo Wissi Frauen 2110m, Schiffberg 2195m, Sichelkamm 2269m, Hundsegg, F\u00f6renchopf 1813m, Platten 1980m\" width=\"500\" height=\"375\" class=\"size-full wp-image-23134\" srcset=\"https:\/\/www.freimarianne.ch\/wp-content\/uploads\/2017\/03\/IMG_4926_wi17.jpg 500w, https:\/\/www.freimarianne.ch\/wp-content\/uploads\/2017\/03\/IMG_4926_wi17-300x225.jpg 300w, https:\/\/www.freimarianne.ch\/wp-content\/uploads\/2017\/03\/IMG_4926_wi17-400x300.jpg 400w\" sizes=\"(max-width: 500px) 100vw, 500px\" \/> gegen Gamperfin, Wildhaus<\/p>\n<p><img loading=\"lazy\" src=\"http:\/\/www.freimarianne.ch\/wp-content\/uploads\/2017\/03\/IMG_4857_wi17.jpg\" alt=\"IMG_4857_wi17\" width=\"500\" height=\"375\" class=\"alignleft size-full wp-image-23133\" srcset=\"https:\/\/www.freimarianne.ch\/wp-content\/uploads\/2017\/03\/IMG_4857_wi17.jpg 500w, https:\/\/www.freimarianne.ch\/wp-content\/uploads\/2017\/03\/IMG_4857_wi17-300x225.jpg 300w, https:\/\/www.freimarianne.ch\/wp-content\/uploads\/2017\/03\/IMG_4857_wi17-400x300.jpg 400w\" sizes=\"(max-width: 500px) 100vw, 500px\" \/><br \/>\nWinterwanderweg Fiescheralp<\/p>\n<p><img loading=\"lazy\" src=\"http:\/\/www.freimarianne.ch\/wp-content\/uploads\/2017\/03\/IMG_4843.jpg\" alt=\"auf dem Winterwanderweg: Fletschhorn, Mischabelguruppe, Matterhorn, Weisshorn\" width=\"500\" height=\"277\" class=\"size-full wp-image-23132\" srcset=\"https:\/\/www.freimarianne.ch\/wp-content\/uploads\/2017\/03\/IMG_4843.jpg 500w, https:\/\/www.freimarianne.ch\/wp-content\/uploads\/2017\/03\/IMG_4843-300x166.jpg 300w\" sizes=\"(max-width: 500px) 100vw, 500px\" \/><br \/>\nauf dem Winterwanderweg Fiescheralp: Fletschhorn, Mischabelguruppe, Matterhorn, Weisshorn<\/p>\n<p><img loading=\"lazy\" src=\"http:\/\/www.freimarianne.ch\/wp-content\/uploads\/2017\/03\/IMG_4403_wi17.jpg\" alt=\"wundersch\u00f6ne Winterlandschat mit den Calandas und Ringelspitz\" width=\"500\" height=\"375\" class=\"size-full wp-image-23131\" srcset=\"https:\/\/www.freimarianne.ch\/wp-content\/uploads\/2017\/03\/IMG_4403_wi17.jpg 500w, https:\/\/www.freimarianne.ch\/wp-content\/uploads\/2017\/03\/IMG_4403_wi17-300x225.jpg 300w, https:\/\/www.freimarianne.ch\/wp-content\/uploads\/2017\/03\/IMG_4403_wi17-400x300.jpg 400w\" sizes=\"(max-width: 500px) 100vw, 500px\" \/> Furnerberg; wundersch\u00f6ne Winterlandschat mit den Calandas und Ringelspitz<\/p>\n<p><img loading=\"lazy\" src=\"http:\/\/www.freimarianne.ch\/wp-content\/uploads\/2017\/03\/IMG_4350_wi17.jpg\" alt=\"Winteridyll\" width=\"500\" height=\"375\" class=\"size-full wp-image-23130\" srcset=\"https:\/\/www.freimarianne.ch\/wp-content\/uploads\/2017\/03\/IMG_4350_wi17.jpg 500w, https:\/\/www.freimarianne.ch\/wp-content\/uploads\/2017\/03\/IMG_4350_wi17-300x225.jpg 300w, https:\/\/www.freimarianne.ch\/wp-content\/uploads\/2017\/03\/IMG_4350_wi17-400x300.jpg 400w\" sizes=\"(max-width: 500px) 100vw, 500px\" \/> Winteridyll<\/p>\n<p><img loading=\"lazy\" src=\"http:\/\/www.freimarianne.ch\/wp-content\/uploads\/2017\/03\/IMG_4326_wi17.jpg\" alt=\"Alp Boden 1632m; Schijenflue 2625m, Sarotlaspitz 2564\" width=\"500\" height=\"375\" class=\"size-full wp-image-23129\" srcset=\"https:\/\/www.freimarianne.ch\/wp-content\/uploads\/2017\/03\/IMG_4326_wi17.jpg 500w, https:\/\/www.freimarianne.ch\/wp-content\/uploads\/2017\/03\/IMG_4326_wi17-300x225.jpg 300w, https:\/\/www.freimarianne.ch\/wp-content\/uploads\/2017\/03\/IMG_4326_wi17-400x300.jpg 400w\" sizes=\"(max-width: 500px) 100vw, 500px\" \/> Panormaweg St. Ant\u00f6nien-Pany; Alp Boden 1632m; Schijenflue 2625m, Sarotlaspitz 2564<\/p>\n<p><img loading=\"lazy\" src=\"http:\/\/www.freimarianne.ch\/wp-content\/uploads\/2017\/03\/IMG_4258._wi17jpg.jpg\" alt=\"Schollberg 2570m, G\u00e4mpiflue 2390m, Garg\u00e4ller Ch\u00f6pf 2559m, Eggberg 2202m\" width=\"500\" height=\"285\" class=\"size-full wp-image-23128\" srcset=\"https:\/\/www.freimarianne.ch\/wp-content\/uploads\/2017\/03\/IMG_4258._wi17jpg.jpg 500w, https:\/\/www.freimarianne.ch\/wp-content\/uploads\/2017\/03\/IMG_4258._wi17jpg-300x171.jpg 300w\" sizes=\"(max-width: 500px) 100vw, 500px\" \/> Schollberg 2570m, G\u00e4mpiflue 2390m, Garg\u00e4ller Ch\u00f6pf 2559m, Eggberg 2202m<\/p>\n<p><img loading=\"lazy\" src=\"http:\/\/www.freimarianne.ch\/wp-content\/uploads\/2017\/02\/IMG_4921_gamperfin_500.jpg\" alt=\"gegen Gamperfin; Wildhaus: Chapf 2043m, Rotstein 2225m, Sichli 2320m, Gamsberg 2385m, Wissis Frauen 2110m, Sichelkamm 2269m\" width=\"500\" height=\"337\" class=\"size-full wp-image-22614\" srcset=\"https:\/\/www.freimarianne.ch\/wp-content\/uploads\/2017\/02\/IMG_4921_gamperfin_500.jpg 500w, https:\/\/www.freimarianne.ch\/wp-content\/uploads\/2017\/02\/IMG_4921_gamperfin_500-300x202.jpg 300w, https:\/\/www.freimarianne.ch\/wp-content\/uploads\/2017\/02\/IMG_4921_gamperfin_500-445x300.jpg 445w\" sizes=\"(max-width: 500px) 100vw, 500px\" \/> gegen S\u00fcden: Chapf 2043m, Rotstein 2225m, Sichli 2320m, Gamsberg 2385m, Wissis Frauen 2110m, Sichelkamm 2269m<\/p>\n<p><img loading=\"lazy\" src=\"http:\/\/www.freimarianne.ch\/wp-content\/uploads\/2016\/12\/IMG_2913.jpg\" alt=\"Rauhreif-Wunder\" width=\"500\" height=\"375\" class=\"size-full wp-image-21881\" srcset=\"https:\/\/www.freimarianne.ch\/wp-content\/uploads\/2016\/12\/IMG_2913.jpg 500w, https:\/\/www.freimarianne.ch\/wp-content\/uploads\/2016\/12\/IMG_2913-300x225.jpg 300w, https:\/\/www.freimarianne.ch\/wp-content\/uploads\/2016\/12\/IMG_2913-400x300.jpg 400w\" sizes=\"(max-width: 500px) 100vw, 500px\" \/> Rauhreif-Wunder<\/p>\n<p><img loading=\"lazy\" src=\"http:\/\/www.freimarianne.ch\/wp-content\/uploads\/2016\/12\/IMG_2914.jpg\" alt=\"Rauhreif-Wunder\" width=\"500\" height=\"375\" class=\"size-full wp-image-21882\" srcset=\"https:\/\/www.freimarianne.ch\/wp-content\/uploads\/2016\/12\/IMG_2914.jpg 500w, https:\/\/www.freimarianne.ch\/wp-content\/uploads\/2016\/12\/IMG_2914-300x225.jpg 300w, https:\/\/www.freimarianne.ch\/wp-content\/uploads\/2016\/12\/IMG_2914-400x300.jpg 400w\" sizes=\"(max-width: 500px) 100vw, 500px\" \/> Rauhreif-Wunder<\/p>\n<p><img loading=\"lazy\" src=\"http:\/\/www.freimarianne.ch\/wp-content\/uploads\/2016\/12\/IMG_2932.jpg\" alt=\"Rauhreif Wunder am Grat des Hinterfallenchopf\" width=\"500\" height=\"375\" class=\"size-full wp-image-21883\" srcset=\"https:\/\/www.freimarianne.ch\/wp-content\/uploads\/2016\/12\/IMG_2932.jpg 500w, https:\/\/www.freimarianne.ch\/wp-content\/uploads\/2016\/12\/IMG_2932-300x225.jpg 300w, https:\/\/www.freimarianne.ch\/wp-content\/uploads\/2016\/12\/IMG_2932-400x300.jpg 400w\" sizes=\"(max-width: 500px) 100vw, 500px\" \/> Rauhreif- Wunder am Grat des Hinterfallenchopf<\/p>\n","protected":false},"excerpt":{"rendered":"<p>Winter 2016\/2017 gegen Gamperfin, Wildhaus Winterwanderweg Fiescheralp auf dem Winterwanderweg Fiescheralp: Fletschhorn, Mischabelguruppe, Matterhorn, Weisshorn Furnerberg; wundersch\u00f6ne Winterlandschat mit den Calandas und Ringelspitz Winteridyll Panormaweg St. Ant\u00f6nien-Pany; Alp Boden 1632m; Schijenflue 2625m, Sarotlaspitz 2564 Schollberg 2570m, G\u00e4mpiflue 2390m, Garg\u00e4ller Ch\u00f6pf 2559m, Eggberg 2202m gegen S\u00fcden: Chapf 2043m, Rotstein 2225m, Sichli 2320m, Gamsberg 2385m, Wissis Frauen [&hellip;]<\/p>\n","protected":false},"author":1,"featured_media":0,"parent":35,"menu_order":100,"comment_status":"closed","ping_status":"closed","template":"","meta":{"ngg_post_thumbnail":0},"_links":{"self":[{"href":"https:\/\/www.freimarianne.ch\/index.php?rest_route=\/wp\/v2\/pages\/21879"}],"collection":[{"href":"https:\/\/www.freimarianne.ch\/index.php?rest_route=\/wp\/v2\/pages"}],"about":[{"href":"https:\/\/www.freimarianne.ch\/index.php?rest_route=\/wp\/v2\/types\/page"}],"author":[{"embeddable":true,"href":"https:\/\/www.freimarianne.ch\/index.php?rest_route=\/wp\/v2\/users\/1"}],"replies":[{"embeddable":true,"href":"https:\/\/www.freimarianne.ch\/index.php?rest_route=%2Fwp%2Fv2%2Fcomments&post=21879"}],"version-history":[{"count":15,"href":"https:\/\/www.freimarianne.ch\/index.php?rest_route=\/wp\/v2\/pages\/21879\/revisions"}],"predecessor-version":[{"id":23143,"href":"https:\/\/www.freimarianne.ch\/index.php?rest_route=\/wp\/v2\/pages\/21879\/revisions\/23143"}],"up":[{"embeddable":true,"href":"https:\/\/www.freimarianne.ch\/index.php?rest_route=\/wp\/v2\/pages\/35"}],"wp:attachment":[{"href":"https:\/\/www.freimarianne.ch\/index.php?rest_route=%2Fwp%2Fv2%2Fmedia&parent=21879"}],"curies":[{"name":"wp","href":"https:\/\/api.w.org\/{rel}","templated":true}]}}