{"id":22307,"date":"2016-12-22T10:13:25","date_gmt":"2016-12-22T09:13:25","guid":{"rendered":"http:\/\/www.freimarianne.ch\/?page_id=22307"},"modified":"2021-05-25T14:32:25","modified_gmt":"2021-05-25T13:32:25","slug":"davos-gr-21-12-2016","status":"publish","type":"page","link":"https:\/\/www.freimarianne.ch\/?page_id=22307","title":{"rendered":"Davos   GR   21.12.2016"},"content":{"rendered":"<p><strong>Spaziergang  um den Davosersee<\/strong><\/p>\n<p>Eigentlich wollte ich heute nach Werdenberg bei Buchs fahren und den Schlossweg nach Sargans (oder wenigstens einen Teil davon) machen. Aber  auch Sargans liegt noch im Nebel. So beschliesse ich, weiter nach Landquart zu fahren und den Zug nach Davos zu nehmen. Irgendwo wir es wohl Sonne haben!<br \/>\nAuch das Pr\u00e4ttigau liegt von Gr\u00fcsch bis K\u00fcblis im Nebel aber hier ist die Landschaft weiss! Also ist doch der Schnee gekommen!<br \/>\nNach K\u00fcblis fahren wir langsam aus dem Nebel hinaus aber auch aus der Schneelandschaft !<br \/>\nEs ist eine Wohltat, wieder die Sonne und den blauen Himmel zu sehen! Die rechte Talseite des Pr\u00e4ttigaus ist aper. Klosters ist gr\u00fcn-braun und  nicht besser sieht es aus als wir gegen Davos hinauf fahren.<br \/>\nIch steige in Davos Dorf aus und  gehe (leider) auf der Strasse zum Davosersee, der noch nicht gefroren ist und in einem tiefen Blau  in der noch herbstlichen Landschaft liegt. Wundersch\u00f6n ist es hier!<br \/>\nIch umrunde gem\u00fctlich den See, raste auf einer Bank und  geniesse die Sch\u00f6nheit der Landschaft. Kaum auszudenken, wie  es im Unterland aussieht!<\/p>\n<p>Dies war ein kurzer Ausflug an die Sonne, der nur dank dem GA m\u00f6glich ist!<br \/>\n\r\n\t<div class=\"slideshow_container slideshow_container_style-light\" style=\"height: 400px; \" data-slideshow-id=\"22309\" data-style-name=\"style-light\" data-style-version=\"2.3.1\" >\r\n\r\n\t\t\t\t\t<div class=\"slideshow_loading_icon\"><\/div>\r\n\t\t\r\n\t\t<div class=\"slideshow_content\" style=\"display: none;\">\r\n\r\n\t\t\t<div class=\"slideshow_view\">\r\n\t\t\t\t<div class=\"slideshow_slide slideshow_slide_image\">\r\n\t\t\t\t\t\t\t\t\t\t\t<img src=\"https:\/\/www.freimarianne.ch\/wp-content\/uploads\/2016\/12\/IMG_3686.jpg\" alt=\"am Davosersee\" width=\"400\" height=\"300\" \/>\r\n\t\t\t\t\t\t\t\t\t\t<div class=\"slideshow_description_box slideshow_transparent\">\r\n\t\t\t\t\t\t<div class=\"slideshow_title\">am Davosersee<\/div>\t\t\t\t\t\t\t\t\t\t\t<\/div>\r\n\t\t\t\t<\/div>\r\n\r\n\t\t\t\t\t\t<div style=\"clear: both;\"><\/div><\/div><div class=\"slideshow_view\">\r\n\t\t\t\t<div class=\"slideshow_slide slideshow_slide_image\">\r\n\t\t\t\t\t\t\t\t\t\t\t<img src=\"https:\/\/www.freimarianne.ch\/wp-content\/uploads\/2016\/12\/IMG_3688.jpg\" alt=\"am Davosersee\" width=\"400\" height=\"300\" \/>\r\n\t\t\t\t\t\t\t\t\t\t<div class=\"slideshow_description_box slideshow_transparent\">\r\n\t\t\t\t\t\t<div class=\"slideshow_title\">am Davosersee<\/div>\t\t\t\t\t\t\t\t\t\t\t<\/div>\r\n\t\t\t\t<\/div>\r\n\r\n\t\t\t\t\t\t<div style=\"clear: both;\"><\/div><\/div><div class=\"slideshow_view\">\r\n\t\t\t\t<div class=\"slideshow_slide slideshow_slide_image\">\r\n\t\t\t\t\t\t\t\t\t\t\t<img src=\"https:\/\/www.freimarianne.ch\/wp-content\/uploads\/2016\/12\/IMG_3690.jpg\" alt=\"die beiden Schiah\u00f6rner\" width=\"400\" height=\"300\" \/>\r\n\t\t\t\t\t\t\t\t\t\t<div class=\"slideshow_description_box slideshow_transparent\">\r\n\t\t\t\t\t\t<div class=\"slideshow_title\">die beiden Schiah\u00f6rner<\/div>\t\t\t\t\t\t\t\t\t\t\t<\/div>\r\n\t\t\t\t<\/div>\r\n\r\n\t\t\t\t\t\t<div style=\"clear: both;\"><\/div><\/div><div class=\"slideshow_view\">\r\n\t\t\t\t<div class=\"slideshow_slide slideshow_slide_image\">\r\n\t\t\t\t\t\t\t\t\t\t\t<img src=\"https:\/\/www.freimarianne.ch\/wp-content\/uploads\/2016\/12\/IMG_3692.jpg\" alt=\"am Davosersee\" width=\"400\" height=\"268\" \/>\r\n\t\t\t\t\t\t\t\t\t\t<div class=\"slideshow_description_box slideshow_transparent\">\r\n\t\t\t\t\t\t<div class=\"slideshow_title\">am Davosersee<\/div>\t\t\t\t\t\t\t\t\t\t\t<\/div>\r\n\t\t\t\t<\/div>\r\n\r\n\t\t\t\t\t\t<div style=\"clear: both;\"><\/div><\/div><div class=\"slideshow_view\">\r\n\t\t\t\t<div class=\"slideshow_slide slideshow_slide_image\">\r\n\t\t\t\t\t\t\t\t\t\t\t<img src=\"https:\/\/www.freimarianne.ch\/wp-content\/uploads\/2016\/12\/IMG_3699.jpg\" alt=\"am Davosersee\" width=\"400\" height=\"300\" \/>\r\n\t\t\t\t\t\t\t\t\t\t<div class=\"slideshow_description_box slideshow_transparent\">\r\n\t\t\t\t\t\t<div class=\"slideshow_title\">am Davosersee<\/div>\t\t\t\t\t\t\t\t\t\t\t<\/div>\r\n\t\t\t\t<\/div>\r\n\r\n\t\t\t\t\t\t<div style=\"clear: both;\"><\/div><\/div>\r\n\t\t<\/div>\r\n\r\n\t\t<div class=\"slideshow_controlPanel slideshow_transparent\" style=\"display: none;\"><ul><li class=\"slideshow_togglePlay\" data-play-text=\"Play\" data-pause-text=\"Pause\"><\/li><\/ul><\/div>\r\n\r\n\t\t<div class=\"slideshow_button slideshow_previous slideshow_transparent\" role=\"button\" data-previous-text=\"Previous\" style=\"display: none;\"><\/div>\r\n\t\t<div class=\"slideshow_button slideshow_next slideshow_transparent\" role=\"button\" data-next-text=\"Next\" style=\"display: none;\"><\/div>\r\n\r\n\t\t<div class=\"slideshow_pagination\" style=\"display: none;\" data-go-to-text=\"Go to slide\"><div class=\"slideshow_pagination_center\"><\/div><\/div>\r\n\r\n\t\t<!-- WordPress Slideshow Version 2.3.1 -->\r\n\r\n\t\t\t<\/div>\r\n\r\n<\/p>\n","protected":false},"excerpt":{"rendered":"<p>Spaziergang um den Davosersee Eigentlich wollte ich heute nach Werdenberg bei Buchs fahren und den Schlossweg nach Sargans (oder wenigstens einen Teil davon) machen. Aber auch Sargans liegt noch im Nebel. So beschliesse ich, weiter nach Landquart zu fahren und den Zug nach Davos zu nehmen. Irgendwo wir es wohl Sonne haben! Auch das Pr\u00e4ttigau [&hellip;]<\/p>\n","protected":false},"author":1,"featured_media":0,"parent":21879,"menu_order":8,"comment_status":"closed","ping_status":"closed","template":"","meta":{"ngg_post_thumbnail":0},"_links":{"self":[{"href":"https:\/\/www.freimarianne.ch\/index.php?rest_route=\/wp\/v2\/pages\/22307"}],"collection":[{"href":"https:\/\/www.freimarianne.ch\/index.php?rest_route=\/wp\/v2\/pages"}],"about":[{"href":"https:\/\/www.freimarianne.ch\/index.php?rest_route=\/wp\/v2\/types\/page"}],"author":[{"embeddable":true,"href":"https:\/\/www.freimarianne.ch\/index.php?rest_route=\/wp\/v2\/users\/1"}],"replies":[{"embeddable":true,"href":"https:\/\/www.freimarianne.ch\/index.php?rest_route=%2Fwp%2Fv2%2Fcomments&post=22307"}],"version-history":[{"count":6,"href":"https:\/\/www.freimarianne.ch\/index.php?rest_route=\/wp\/v2\/pages\/22307\/revisions"}],"predecessor-version":[{"id":49143,"href":"https:\/\/www.freimarianne.ch\/index.php?rest_route=\/wp\/v2\/pages\/22307\/revisions\/49143"}],"up":[{"embeddable":true,"href":"https:\/\/www.freimarianne.ch\/index.php?rest_route=\/wp\/v2\/pages\/21879"}],"wp:attachment":[{"href":"https:\/\/www.freimarianne.ch\/index.php?rest_route=%2Fwp%2Fv2%2Fmedia&parent=22307"}],"curies":[{"name":"wp","href":"https:\/\/api.w.org\/{rel}","templated":true}]}}