{"id":22326,"date":"2017-01-04T16:54:31","date_gmt":"2017-01-04T15:54:31","guid":{"rendered":"http:\/\/www.freimarianne.ch\/?page_id=22326"},"modified":"2017-02-22T08:35:43","modified_gmt":"2017-02-22T07:35:43","slug":"oberschans-sargans-sg-28-12-2016","status":"publish","type":"page","link":"https:\/\/www.freimarianne.ch\/?page_id=22326","title":{"rendered":"Oberschans &#8211; Sargans  SG  28.12.2016"},"content":{"rendered":"<p><strong>Wanderung von Oberschans nach Sargans<\/strong><\/p>\n<p><img loading=\"lazy\" class=\"size-full wp-image-22319\" src=\"http:\/\/www.freimarianne.ch\/wp-content\/uploads\/2017\/01\/IMG_3807_oberschan_500.jpg\" alt=\"Sicht zum Mittlerspitz 1858m, Rotspitz 2127m, Falknishorn, Mazorakopf, Falknis 2560m\" width=\"500\" height=\"375\" srcset=\"https:\/\/www.freimarianne.ch\/wp-content\/uploads\/2017\/01\/IMG_3807_oberschan_500.jpg 500w, https:\/\/www.freimarianne.ch\/wp-content\/uploads\/2017\/01\/IMG_3807_oberschan_500-300x225.jpg 300w, https:\/\/www.freimarianne.ch\/wp-content\/uploads\/2017\/01\/IMG_3807_oberschan_500-400x300.jpg 400w\" sizes=\"(max-width: 500px) 100vw, 500px\" \/> Sicht zum Mittlerspitz 1858m, Rotspitz 2127m, Falknishorn, Mazorakopf, Falknis 2560m<\/p>\n<p>Die Fahrt bis hinauf nach Oberschan h\u00e4tten wir uns sparen k\u00f6nnen, denn von dort f\u00fchrt der Wanderweg nach Sargans doch \u00fcber Malans, wo der Wanderweg \u00fcber die Lichtung B\u00f6schen beginnt, was ein sehr sch\u00f6ner Wegabschnitt mit pr\u00e4chtiger Ausssicht ist. Nach B\u00f6schen geht es teils auf einem Str\u00e4sschen hinunter zu einer Kreuzung Pkt. 548m und dann oberhalb Tr\u00fcbbach auf der alten Schollstrasse (duch eine Tunnel bein Bergwerk) unterhalb des Maziferchopfs \u00fcber Vlid gegen Sargans. Leider nehmen wir nicht die Richtung zum Schloss und m\u00fcssen daher lange auf Strassen zum Bahnhof gehen.<br \/>\nHier steht eine Zug nach Buchs bereit, den wir besteigen, um in Buchs in das Postauto nach Wildhaus zu wechseln. In Wldhaus schalten wir eine Pause ein und geniessen den Sonnenschein auf der Terrasse des Hotels Sonne. Rundum ist alles gr\u00fcn-braun! Von Schnee keine Spur!<br \/>\nNacher geht die Fahrt weiter das Toggenburg hinunter \u00fcber Wil nach Basel.<\/p>\n<p>Dies war eine kurze Wanderung, um die Gegend kennenzulernen aber man m\u00fcsste sie von Malans aus machen und zum Schloss Sargans wandern. Auch entspricht diese Strecke nicht dem Schlossweg, der weiter unten im Tal verl\u00e4uft.<\/p>\n<p>Laut Schweizmobil:<br \/>\nDistanz: 9.8km; Aufstieg: 237m; Abstieg: 423m; Marschzeit 2 h 29 min<\/p>\n<p><a href=\"https:\/\/map.wanderland.ch\/?https:\/\/map.wanderland.ch\/?lang=de&amp;route=all&amp;bgLayer=pk&amp;layers=Wanderland%2CStation&amp;resolution=20&amp;X=753588&amp;Y=215374&amp;trackId=323479\">Karte Schweizmobil:<\/a><\/p>\n<p><!-- index.php -->\n<div\n\tclass=\"ngg-galleryoverview ngg-ajax-pagination-none\"\n\tid=\"ngg-gallery-22505-1\">\n\n    \t<div class=\"slideshowlink\">\n        <a href='https:\/\/www.freimarianne.ch\/index.php\/nggallery\/slideshow?page_id=22326'>[Show as slideshow]<\/a>\n\t\t\n\t<\/div>\n\t\t\t<!-- Thumbnails -->\n\t\t\t\t<div id=\"ngg-image-0\" class=\"ngg-gallery-thumbnail-box\" >\n\t\t\t\t        <div class=\"ngg-gallery-thumbnail\">\n            <a href=\"https:\/\/www.freimarianne.ch\/wp-content\/gallery\/oberschan-sargans-28-12-16\/IMG_3786.jpg\"\n               title=\"\"\n               data-src=\"https:\/\/www.freimarianne.ch\/wp-content\/gallery\/oberschan-sargans-28-12-16\/IMG_3786.jpg\"\n               data-thumbnail=\"https:\/\/www.freimarianne.ch\/wp-content\/gallery\/oberschan-sargans-28-12-16\/thumbs\/thumbs_IMG_3786.jpg\"\n               data-image-id=\"15064\"\n               data-title=\"IMG_3786\"\n               data-description=\"\"\n               data-image-slug=\"img_3786-1\"\n               class=\"shutterset_22505\">\n                <img\n                    title=\"IMG_3786\"\n                    alt=\"IMG_3786\"\n                    src=\"https:\/\/www.freimarianne.ch\/wp-content\/gallery\/oberschan-sargans-28-12-16\/thumbs\/thumbs_IMG_3786.jpg\"\n                    width=\"100\"\n                    height=\"75\"\n                    style=\"max-width:100%;\"\n                \/>\n            <\/a>\n        <\/div>\n\t\t\t\t\t\t\t<\/div> \n\t\t\t\n        \n\t\t\t\t<div id=\"ngg-image-1\" class=\"ngg-gallery-thumbnail-box\" >\n\t\t\t\t        <div class=\"ngg-gallery-thumbnail\">\n            <a href=\"https:\/\/www.freimarianne.ch\/wp-content\/gallery\/oberschan-sargans-28-12-16\/IMG_3788.jpg\"\n               title=\"\"\n               data-src=\"https:\/\/www.freimarianne.ch\/wp-content\/gallery\/oberschan-sargans-28-12-16\/IMG_3788.jpg\"\n               data-thumbnail=\"https:\/\/www.freimarianne.ch\/wp-content\/gallery\/oberschan-sargans-28-12-16\/thumbs\/thumbs_IMG_3788.jpg\"\n               data-image-id=\"15063\"\n               data-title=\"IMG_3788\"\n               data-description=\"\"\n               data-image-slug=\"img_3788-2\"\n               class=\"shutterset_22505\">\n                <img\n                    title=\"IMG_3788\"\n                    alt=\"IMG_3788\"\n                    src=\"https:\/\/www.freimarianne.ch\/wp-content\/gallery\/oberschan-sargans-28-12-16\/thumbs\/thumbs_IMG_3788.jpg\"\n                    width=\"100\"\n                    height=\"75\"\n                    style=\"max-width:100%;\"\n                \/>\n            <\/a>\n        <\/div>\n\t\t\t\t\t\t\t<\/div> \n\t\t\t\n        \n\t\t\t\t<div id=\"ngg-image-2\" class=\"ngg-gallery-thumbnail-box\" >\n\t\t\t\t        <div class=\"ngg-gallery-thumbnail\">\n            <a href=\"https:\/\/www.freimarianne.ch\/wp-content\/gallery\/oberschan-sargans-28-12-16\/IMG_3792.jpg\"\n               title=\"\"\n               data-src=\"https:\/\/www.freimarianne.ch\/wp-content\/gallery\/oberschan-sargans-28-12-16\/IMG_3792.jpg\"\n               data-thumbnail=\"https:\/\/www.freimarianne.ch\/wp-content\/gallery\/oberschan-sargans-28-12-16\/thumbs\/thumbs_IMG_3792.jpg\"\n               data-image-id=\"15062\"\n               data-title=\"IMG_3792\"\n               data-description=\"\"\n               data-image-slug=\"img_3792\"\n               class=\"shutterset_22505\">\n                <img\n                    title=\"IMG_3792\"\n                    alt=\"IMG_3792\"\n                    src=\"https:\/\/www.freimarianne.ch\/wp-content\/gallery\/oberschan-sargans-28-12-16\/thumbs\/thumbs_IMG_3792.jpg\"\n                    width=\"100\"\n                    height=\"75\"\n                    style=\"max-width:100%;\"\n                \/>\n            <\/a>\n        <\/div>\n\t\t\t\t\t\t\t<\/div> \n\t\t\t\n        \n\t\t\t\t<div id=\"ngg-image-3\" class=\"ngg-gallery-thumbnail-box\" >\n\t\t\t\t        <div class=\"ngg-gallery-thumbnail\">\n            <a href=\"https:\/\/www.freimarianne.ch\/wp-content\/gallery\/oberschan-sargans-28-12-16\/IMG_3795.jpg\"\n               title=\"B\u00f6schen\"\n               data-src=\"https:\/\/www.freimarianne.ch\/wp-content\/gallery\/oberschan-sargans-28-12-16\/IMG_3795.jpg\"\n               data-thumbnail=\"https:\/\/www.freimarianne.ch\/wp-content\/gallery\/oberschan-sargans-28-12-16\/thumbs\/thumbs_IMG_3795.jpg\"\n               data-image-id=\"15061\"\n               data-title=\"B\u00c3\u00b6schen\"\n               data-description=\"B\u00f6schen\"\n               data-image-slug=\"img_3795-1\"\n               class=\"shutterset_22505\">\n                <img\n                    title=\"B\u00c3\u00b6schen\"\n                    alt=\"B\u00c3\u00b6schen\"\n                    src=\"https:\/\/www.freimarianne.ch\/wp-content\/gallery\/oberschan-sargans-28-12-16\/thumbs\/thumbs_IMG_3795.jpg\"\n                    width=\"100\"\n                    height=\"75\"\n                    style=\"max-width:100%;\"\n                \/>\n            <\/a>\n        <\/div>\n\t\t\t\t\t\t\t<\/div> \n\t\t\t\n        \n\t\t\t\t<div id=\"ngg-image-4\" class=\"ngg-gallery-thumbnail-box\" >\n\t\t\t\t        <div class=\"ngg-gallery-thumbnail\">\n            <a href=\"https:\/\/www.freimarianne.ch\/wp-content\/gallery\/oberschan-sargans-28-12-16\/IMG_3796.jpg\"\n               title=\"Bruni bei B\u00f6schen\"\n               data-src=\"https:\/\/www.freimarianne.ch\/wp-content\/gallery\/oberschan-sargans-28-12-16\/IMG_3796.jpg\"\n               data-thumbnail=\"https:\/\/www.freimarianne.ch\/wp-content\/gallery\/oberschan-sargans-28-12-16\/thumbs\/thumbs_IMG_3796.jpg\"\n               data-image-id=\"15060\"\n               data-title=\"Bruni bei B\u00c3\u00b6schen\"\n               data-description=\"Bruni bei B\u00f6schen\"\n               data-image-slug=\"img_3796-1\"\n               class=\"shutterset_22505\">\n                <img\n                    title=\"Bruni bei B\u00c3\u00b6schen\"\n                    alt=\"Bruni bei B\u00c3\u00b6schen\"\n                    src=\"https:\/\/www.freimarianne.ch\/wp-content\/gallery\/oberschan-sargans-28-12-16\/thumbs\/thumbs_IMG_3796.jpg\"\n                    width=\"100\"\n                    height=\"75\"\n                    style=\"max-width:100%;\"\n                \/>\n            <\/a>\n        <\/div>\n\t\t\t\t\t\t\t<\/div> \n\t\t\t\n        \n\t\t\t\t<div id=\"ngg-image-5\" class=\"ngg-gallery-thumbnail-box\" >\n\t\t\t\t        <div class=\"ngg-gallery-thumbnail\">\n            <a href=\"https:\/\/www.freimarianne.ch\/wp-content\/gallery\/oberschan-sargans-28-12-16\/IMG_3798.jpg\"\n               title=\"Marianne bei B\u00f6schen\"\n               data-src=\"https:\/\/www.freimarianne.ch\/wp-content\/gallery\/oberschan-sargans-28-12-16\/IMG_3798.jpg\"\n               data-thumbnail=\"https:\/\/www.freimarianne.ch\/wp-content\/gallery\/oberschan-sargans-28-12-16\/thumbs\/thumbs_IMG_3798.jpg\"\n               data-image-id=\"15059\"\n               data-title=\"Marianne bei B\u00c3\u00b6schen\"\n               data-description=\"Marianne bei B\u00f6schen\"\n               data-image-slug=\"img_3798-1\"\n               class=\"shutterset_22505\">\n                <img\n                    title=\"Marianne bei B\u00c3\u00b6schen\"\n                    alt=\"Marianne bei B\u00c3\u00b6schen\"\n                    src=\"https:\/\/www.freimarianne.ch\/wp-content\/gallery\/oberschan-sargans-28-12-16\/thumbs\/thumbs_IMG_3798.jpg\"\n                    width=\"100\"\n                    height=\"75\"\n                    style=\"max-width:100%;\"\n                \/>\n            <\/a>\n        <\/div>\n\t\t\t\t\t\t\t<\/div> \n\t\t\t\n        \n\t\t\t\t<div id=\"ngg-image-6\" class=\"ngg-gallery-thumbnail-box\" >\n\t\t\t\t        <div class=\"ngg-gallery-thumbnail\">\n            <a href=\"https:\/\/www.freimarianne.ch\/wp-content\/gallery\/oberschan-sargans-28-12-16\/IMG_3800.jpg\"\n               title=\"SIcht ins Rheintal: Regitzerspitz, Ellbogen\"\n               data-src=\"https:\/\/www.freimarianne.ch\/wp-content\/gallery\/oberschan-sargans-28-12-16\/IMG_3800.jpg\"\n               data-thumbnail=\"https:\/\/www.freimarianne.ch\/wp-content\/gallery\/oberschan-sargans-28-12-16\/thumbs\/thumbs_IMG_3800.jpg\"\n               data-image-id=\"15058\"\n               data-title=\"SIcht ins Rheintal: Regitzerspitz, Ellbogen\"\n               data-description=\"SIcht ins Rheintal: Regitzerspitz, Ellbogen\"\n               data-image-slug=\"img_3800-1\"\n               class=\"shutterset_22505\">\n                <img\n                    title=\"SIcht ins Rheintal: Regitzerspitz, Ellbogen\"\n                    alt=\"SIcht ins Rheintal: Regitzerspitz, Ellbogen\"\n                    src=\"https:\/\/www.freimarianne.ch\/wp-content\/gallery\/oberschan-sargans-28-12-16\/thumbs\/thumbs_IMG_3800.jpg\"\n                    width=\"100\"\n                    height=\"75\"\n                    style=\"max-width:100%;\"\n                \/>\n            <\/a>\n        <\/div>\n\t\t\t\t\t\t\t<\/div> \n\t\t\t\n        \n\t\t\t\t<div id=\"ngg-image-7\" class=\"ngg-gallery-thumbnail-box\" >\n\t\t\t\t        <div class=\"ngg-gallery-thumbnail\">\n            <a href=\"https:\/\/www.freimarianne.ch\/wp-content\/gallery\/oberschan-sargans-28-12-16\/IMG_3810.jpg\"\n               title=\"Sicht auf   Mittlerspitz 1858m, Rotspitz 2127m, Falknishorn, Mazorakopf,  Falknis 2560m\"\n               data-src=\"https:\/\/www.freimarianne.ch\/wp-content\/gallery\/oberschan-sargans-28-12-16\/IMG_3810.jpg\"\n               data-thumbnail=\"https:\/\/www.freimarianne.ch\/wp-content\/gallery\/oberschan-sargans-28-12-16\/thumbs\/thumbs_IMG_3810.jpg\"\n               data-image-id=\"15057\"\n               data-title=\"Sicht auf   Mittlerspitz 1858m, Rotspitz 2127m, Falknishorn, Mazorakopf,  Falknis 2560m\"\n               data-description=\"Sicht auf   Mittlerspitz 1858m, Rotspitz 2127m, Falknishorn, Mazorakopf,  Falknis 2560m\"\n               data-image-slug=\"img_3810\"\n               class=\"shutterset_22505\">\n                <img\n                    title=\"Sicht auf   Mittlerspitz 1858m, Rotspitz 2127m, Falknishorn, Mazorakopf,  Falknis 2560m\"\n                    alt=\"Sicht auf   Mittlerspitz 1858m, Rotspitz 2127m, Falknishorn, Mazorakopf,  Falknis 2560m\"\n                    src=\"https:\/\/www.freimarianne.ch\/wp-content\/gallery\/oberschan-sargans-28-12-16\/thumbs\/thumbs_IMG_3810.jpg\"\n                    width=\"100\"\n                    height=\"75\"\n                    style=\"max-width:100%;\"\n                \/>\n            <\/a>\n        <\/div>\n\t\t\t\t\t\t\t<\/div> \n\t\t\t\n        \n\t\t\t\t<div id=\"ngg-image-8\" class=\"ngg-gallery-thumbnail-box\" >\n\t\t\t\t        <div class=\"ngg-gallery-thumbnail\">\n            <a href=\"https:\/\/www.freimarianne.ch\/wp-content\/gallery\/oberschan-sargans-28-12-16\/IMG_3813.jpg\"\n               title=\"Mittlerspitz 1858m, Rotspitz 2127m, Falknishorn, Mazorakopf,  Falknis 2560m\"\n               data-src=\"https:\/\/www.freimarianne.ch\/wp-content\/gallery\/oberschan-sargans-28-12-16\/IMG_3813.jpg\"\n               data-thumbnail=\"https:\/\/www.freimarianne.ch\/wp-content\/gallery\/oberschan-sargans-28-12-16\/thumbs\/thumbs_IMG_3813.jpg\"\n               data-image-id=\"15056\"\n               data-title=\"Mittlerspitz 1858m, Rotspitz 2127m, Falknishorn, Mazorakopf,  Falknis 2560m\"\n               data-description=\"Mittlerspitz 1858m, Rotspitz 2127m, Falknishorn, Mazorakopf,  Falknis 2560m\"\n               data-image-slug=\"img_3813-1\"\n               class=\"shutterset_22505\">\n                <img\n                    title=\"Mittlerspitz 1858m, Rotspitz 2127m, Falknishorn, Mazorakopf,  Falknis 2560m\"\n                    alt=\"Mittlerspitz 1858m, Rotspitz 2127m, Falknishorn, Mazorakopf,  Falknis 2560m\"\n                    src=\"https:\/\/www.freimarianne.ch\/wp-content\/gallery\/oberschan-sargans-28-12-16\/thumbs\/thumbs_IMG_3813.jpg\"\n                    width=\"100\"\n                    height=\"75\"\n                    style=\"max-width:100%;\"\n                \/>\n            <\/a>\n        <\/div>\n\t\t\t\t\t\t\t<\/div> \n\t\t\t\n        \n\t\t\t\t<div id=\"ngg-image-9\" class=\"ngg-gallery-thumbnail-box\" >\n\t\t\t\t        <div class=\"ngg-gallery-thumbnail\">\n            <a href=\"https:\/\/www.freimarianne.ch\/wp-content\/gallery\/oberschan-sargans-28-12-16\/IMG_3818.jpg\"\n               title=\"SIcht  auf Gauschla\"\n               data-src=\"https:\/\/www.freimarianne.ch\/wp-content\/gallery\/oberschan-sargans-28-12-16\/IMG_3818.jpg\"\n               data-thumbnail=\"https:\/\/www.freimarianne.ch\/wp-content\/gallery\/oberschan-sargans-28-12-16\/thumbs\/thumbs_IMG_3818.jpg\"\n               data-image-id=\"15055\"\n               data-title=\"SIcht  auf Gauschla\"\n               data-description=\"SIcht  auf Gauschla\"\n               data-image-slug=\"img_3818\"\n               class=\"shutterset_22505\">\n                <img\n                    title=\"SIcht  auf Gauschla\"\n                    alt=\"SIcht  auf Gauschla\"\n                    src=\"https:\/\/www.freimarianne.ch\/wp-content\/gallery\/oberschan-sargans-28-12-16\/thumbs\/thumbs_IMG_3818.jpg\"\n                    width=\"100\"\n                    height=\"75\"\n                    style=\"max-width:100%;\"\n                \/>\n            <\/a>\n        <\/div>\n\t\t\t\t\t\t\t<\/div> \n\t\t\t\n        \n\t\t\t\t<div id=\"ngg-image-10\" class=\"ngg-gallery-thumbnail-box\" >\n\t\t\t\t        <div class=\"ngg-gallery-thumbnail\">\n            <a href=\"https:\/\/www.freimarianne.ch\/wp-content\/gallery\/oberschan-sargans-28-12-16\/IMG_3825.jpg\"\n               title=\"auf dem Schollbergweg\"\n               data-src=\"https:\/\/www.freimarianne.ch\/wp-content\/gallery\/oberschan-sargans-28-12-16\/IMG_3825.jpg\"\n               data-thumbnail=\"https:\/\/www.freimarianne.ch\/wp-content\/gallery\/oberschan-sargans-28-12-16\/thumbs\/thumbs_IMG_3825.jpg\"\n               data-image-id=\"15054\"\n               data-title=\"auf dem Schollbergweg\"\n               data-description=\"auf dem Schollbergweg\"\n               data-image-slug=\"img_3825-2\"\n               class=\"shutterset_22505\">\n                <img\n                    title=\"auf dem Schollbergweg\"\n                    alt=\"auf dem Schollbergweg\"\n                    src=\"https:\/\/www.freimarianne.ch\/wp-content\/gallery\/oberschan-sargans-28-12-16\/thumbs\/thumbs_IMG_3825.jpg\"\n                    width=\"100\"\n                    height=\"75\"\n                    style=\"max-width:100%;\"\n                \/>\n            <\/a>\n        <\/div>\n\t\t\t\t\t\t\t<\/div> \n\t\t\t\n        \n\t\t\t\t<div id=\"ngg-image-11\" class=\"ngg-gallery-thumbnail-box\" >\n\t\t\t\t        <div class=\"ngg-gallery-thumbnail\">\n            <a href=\"https:\/\/www.freimarianne.ch\/wp-content\/gallery\/oberschan-sargans-28-12-16\/IMG_3829.jpg\"\n               title=\"auf dem Schollbergweg\"\n               data-src=\"https:\/\/www.freimarianne.ch\/wp-content\/gallery\/oberschan-sargans-28-12-16\/IMG_3829.jpg\"\n               data-thumbnail=\"https:\/\/www.freimarianne.ch\/wp-content\/gallery\/oberschan-sargans-28-12-16\/thumbs\/thumbs_IMG_3829.jpg\"\n               data-image-id=\"15053\"\n               data-title=\"auf dem Schollbergweg\"\n               data-description=\"auf dem Schollbergweg\"\n               data-image-slug=\"img_3829\"\n               class=\"shutterset_22505\">\n                <img\n                    title=\"auf dem Schollbergweg\"\n                    alt=\"auf dem Schollbergweg\"\n                    src=\"https:\/\/www.freimarianne.ch\/wp-content\/gallery\/oberschan-sargans-28-12-16\/thumbs\/thumbs_IMG_3829.jpg\"\n                    width=\"100\"\n                    height=\"75\"\n                    style=\"max-width:100%;\"\n                \/>\n            <\/a>\n        <\/div>\n\t\t\t\t\t\t\t<\/div> \n\t\t\t\n        \n\t\t\t\t<div id=\"ngg-image-12\" class=\"ngg-gallery-thumbnail-box\" >\n\t\t\t\t        <div class=\"ngg-gallery-thumbnail\">\n            <a href=\"https:\/\/www.freimarianne.ch\/wp-content\/gallery\/oberschan-sargans-28-12-16\/IMG_3833.jpg\"\n               title=\"Sicht ins Rheintal; Rotspitz und Falknis\"\n               data-src=\"https:\/\/www.freimarianne.ch\/wp-content\/gallery\/oberschan-sargans-28-12-16\/IMG_3833.jpg\"\n               data-thumbnail=\"https:\/\/www.freimarianne.ch\/wp-content\/gallery\/oberschan-sargans-28-12-16\/thumbs\/thumbs_IMG_3833.jpg\"\n               data-image-id=\"15052\"\n               data-title=\"Sicht ins Rheintal; Rotspitz und Falknis\"\n               data-description=\"Sicht ins Rheintal; Rotspitz und Falknis\"\n               data-image-slug=\"img_3833\"\n               class=\"shutterset_22505\">\n                <img\n                    title=\"Sicht ins Rheintal; Rotspitz und Falknis\"\n                    alt=\"Sicht ins Rheintal; Rotspitz und Falknis\"\n                    src=\"https:\/\/www.freimarianne.ch\/wp-content\/gallery\/oberschan-sargans-28-12-16\/thumbs\/thumbs_IMG_3833.jpg\"\n                    width=\"100\"\n                    height=\"75\"\n                    style=\"max-width:100%;\"\n                \/>\n            <\/a>\n        <\/div>\n\t\t\t\t\t\t\t<\/div> \n\t\t\t\n        \n\t\t\t\t<div id=\"ngg-image-13\" class=\"ngg-gallery-thumbnail-box\" >\n\t\t\t\t        <div class=\"ngg-gallery-thumbnail\">\n            <a href=\"https:\/\/www.freimarianne.ch\/wp-content\/gallery\/oberschan-sargans-28-12-16\/IMG_3838.jpg\"\n               title=\"in Wildhaus mit Wildhauser Schafberg\"\n               data-src=\"https:\/\/www.freimarianne.ch\/wp-content\/gallery\/oberschan-sargans-28-12-16\/IMG_3838.jpg\"\n               data-thumbnail=\"https:\/\/www.freimarianne.ch\/wp-content\/gallery\/oberschan-sargans-28-12-16\/thumbs\/thumbs_IMG_3838.jpg\"\n               data-image-id=\"15051\"\n               data-title=\"in Wildhaus mit Wildhauser Schafberg\"\n               data-description=\"in Wildhaus mit Wildhauser Schafberg\"\n               data-image-slug=\"img_3838-1\"\n               class=\"shutterset_22505\">\n                <img\n                    title=\"in Wildhaus mit Wildhauser Schafberg\"\n                    alt=\"in Wildhaus mit Wildhauser Schafberg\"\n                    src=\"https:\/\/www.freimarianne.ch\/wp-content\/gallery\/oberschan-sargans-28-12-16\/thumbs\/thumbs_IMG_3838.jpg\"\n                    width=\"100\"\n                    height=\"75\"\n                    style=\"max-width:100%;\"\n                \/>\n            <\/a>\n        <\/div>\n\t\t\t\t\t\t\t<\/div> \n\t\t\t\n        \n\t\t\n\t\t<!-- Pagination -->\n\t<div class='ngg-clear'><\/div>\t<\/div>\n<\/p>\n","protected":false},"excerpt":{"rendered":"<p>Wanderung von Oberschans nach Sargans Sicht zum Mittlerspitz 1858m, Rotspitz 2127m, Falknishorn, Mazorakopf, Falknis 2560m Die Fahrt bis hinauf nach Oberschan h\u00e4tten wir uns sparen k\u00f6nnen, denn von dort f\u00fchrt der Wanderweg nach Sargans doch \u00fcber Malans, wo der Wanderweg \u00fcber die Lichtung B\u00f6schen beginnt, was ein sehr sch\u00f6ner Wegabschnitt mit pr\u00e4chtiger Ausssicht ist. Nach [&hellip;]<\/p>\n","protected":false},"author":1,"featured_media":0,"parent":21879,"menu_order":10,"comment_status":"closed","ping_status":"closed","template":"","meta":{"ngg_post_thumbnail":0},"_links":{"self":[{"href":"https:\/\/www.freimarianne.ch\/index.php?rest_route=\/wp\/v2\/pages\/22326"}],"collection":[{"href":"https:\/\/www.freimarianne.ch\/index.php?rest_route=\/wp\/v2\/pages"}],"about":[{"href":"https:\/\/www.freimarianne.ch\/index.php?rest_route=\/wp\/v2\/types\/page"}],"author":[{"embeddable":true,"href":"https:\/\/www.freimarianne.ch\/index.php?rest_route=\/wp\/v2\/users\/1"}],"replies":[{"embeddable":true,"href":"https:\/\/www.freimarianne.ch\/index.php?rest_route=%2Fwp%2Fv2%2Fcomments&post=22326"}],"version-history":[{"count":2,"href":"https:\/\/www.freimarianne.ch\/index.php?rest_route=\/wp\/v2\/pages\/22326\/revisions"}],"predecessor-version":[{"id":22506,"href":"https:\/\/www.freimarianne.ch\/index.php?rest_route=\/wp\/v2\/pages\/22326\/revisions\/22506"}],"up":[{"embeddable":true,"href":"https:\/\/www.freimarianne.ch\/index.php?rest_route=\/wp\/v2\/pages\/21879"}],"wp:attachment":[{"href":"https:\/\/www.freimarianne.ch\/index.php?rest_route=%2Fwp%2Fv2%2Fmedia&parent=22326"}],"curies":[{"name":"wp","href":"https:\/\/api.w.org\/{rel}","templated":true}]}}