{"id":22586,"date":"2017-02-27T09:54:18","date_gmt":"2017-02-27T08:54:18","guid":{"rendered":"http:\/\/www.freimarianne.ch\/?page_id=22586"},"modified":"2017-02-27T10:44:55","modified_gmt":"2017-02-27T09:44:55","slug":"fiescheralp-bettmeralp-vs-23-2-2017","status":"publish","type":"page","link":"https:\/\/www.freimarianne.ch\/?page_id=22586","title":{"rendered":"Fiescheralp &#8211; Bettmeralp  VS  23.2.2017"},"content":{"rendered":"<p><strong>Winterwanderung von der Fiescheralp auf die Riederalp<\/strong><\/p>\n<p><img loading=\"lazy\" class=\"alignleft size-full wp-image-22613\" src=\"http:\/\/www.freimarianne.ch\/wp-content\/uploads\/2017\/02\/IMG_4857_fiescheralp_500.jpg\" alt=\"IMG_4857_fiescheralp_500\" width=\"500\" height=\"375\" srcset=\"https:\/\/www.freimarianne.ch\/wp-content\/uploads\/2017\/02\/IMG_4857_fiescheralp_500.jpg 500w, https:\/\/www.freimarianne.ch\/wp-content\/uploads\/2017\/02\/IMG_4857_fiescheralp_500-300x225.jpg 300w, https:\/\/www.freimarianne.ch\/wp-content\/uploads\/2017\/02\/IMG_4857_fiescheralp_500-400x300.jpg 400w\" sizes=\"(max-width: 500px) 100vw, 500px\" \/><br \/>\nSch\u00f6ne Winterwanderung von der Fiescheralp auf die Bettmeralp. Auf der Fiescheralp ist es windig und k\u00fchl.<br \/>\nGegen die Bettmeralp zu wird der Wind immer w\u00e4rmer &#8211; der Himmel ist mit weissen F\u00f6hnlinsen bedeckt. Auch der Schnee wird immer weicher und auf der Bettmeralp gehe ich im Matsch. Es ist sehr warm und die Winterkleidung st\u00f6rt. Ich steige noch auf zum Bettmersee und mache dort einen halbst\u00fcndigen Rundgang.<br \/>\nDann habe ich genug und ich wandere durch dem Matsch zur Seilbahnstation, wo ich gerade 5 Minuten vor der Abfahrt der Gondel eintreffe!<\/p>\n<p><!-- index.php -->\n<div\n\tclass=\"ngg-galleryoverview ngg-ajax-pagination-none\"\n\tid=\"ngg-gallery-23107-1\">\n\n    \t<div class=\"slideshowlink\">\n        <a href='https:\/\/www.freimarianne.ch\/index.php\/nggallery\/slideshow?page_id=22586'>[Show as slideshow]<\/a>\n\t\t\n\t<\/div>\n\t\t\t<!-- Thumbnails -->\n\t\t\t\t<div id=\"ngg-image-0\" class=\"ngg-gallery-thumbnail-box\" >\n\t\t\t\t        <div class=\"ngg-gallery-thumbnail\">\n            <a href=\"https:\/\/www.freimarianne.ch\/wp-content\/gallery\/fiescheralp-23-2-17\/IMG_4837.jpg\"\n               title=\"Fiescheralp; Hillegrat 2953m, Hillehorn 3181m, Bortelhorn 3149m,Milihorn 2802m,  B\u00e4ttlihorn 2992m, hi Monte Leone 3553,  vo Gr. Huweiz 2923m, hi Wasenhorn 2346m, Breithorn 3437m, P. 3366m, vo F\u00fcllhorn, 2738m,  Weissmies, 4017m Fletschhorn 3993m,  Monterosa Massiv, Liskamm 44527m, Alphubel 4206m,  Mischabelgruppe\"\n               data-src=\"https:\/\/www.freimarianne.ch\/wp-content\/gallery\/fiescheralp-23-2-17\/IMG_4837.jpg\"\n               data-thumbnail=\"https:\/\/www.freimarianne.ch\/wp-content\/gallery\/fiescheralp-23-2-17\/thumbs\/thumbs_IMG_4837.jpg\"\n               data-image-id=\"15329\"\n               data-title=\"Fiescheralp; Hillegrat 2953m, Hillehorn 3181m, Bortelhorn 3149m,Milihorn 2802m,  B\u00c3\u00a4ttlihorn 2992m, hi Monte Leone 3553,  vo Gr. Huweiz 2923m, hi Wasenhorn 2346m, Breithorn 3437m, P. 3366m, vo F\u00c3\u00bcllhorn, 2738m,  Weissmies, 4017m Fletschhorn 3993m,  Monterosa Massiv, Liskamm 44527m, Alphubel 4206m,  Mischabelgruppe\"\n               data-description=\"Fiescheralp; Hillegrat 2953m, Hillehorn 3181m, Bortelhorn 3149m,Milihorn 2802m,  B\u00e4ttlihorn 2992m, hi Monte Leone 3553,  vo Gr. Huweiz 2923m, hi Wasenhorn 2346m, Breithorn 3437m, P. 3366m, vo F\u00fcllhorn, 2738m,  Weissmies, 4017m Fletschhorn 3993m,  Monterosa Massiv, Liskamm 44527m, Alphubel 4206m,  Mischabelgruppe\"\n               data-image-slug=\"img_4837-1\"\n               class=\"shutterset_23107\">\n                <img\n                    title=\"Fiescheralp; Hillegrat 2953m, Hillehorn 3181m, Bortelhorn 3149m,Milihorn 2802m,  B\u00c3\u00a4ttlihorn 2992m, hi Monte Leone 3553,  vo Gr. Huweiz 2923m, hi Wasenhorn 2346m, Breithorn 3437m, P. 3366m, vo F\u00c3\u00bcllhorn, 2738m,  Weissmies, 4017m Fletschhorn 3993m,  Monterosa Massiv, Liskamm 44527m, Alphubel 4206m,  Mischabelgruppe\"\n                    alt=\"Fiescheralp; Hillegrat 2953m, Hillehorn 3181m, Bortelhorn 3149m,Milihorn 2802m,  B\u00c3\u00a4ttlihorn 2992m, hi Monte Leone 3553,  vo Gr. Huweiz 2923m, hi Wasenhorn 2346m, Breithorn 3437m, P. 3366m, vo F\u00c3\u00bcllhorn, 2738m,  Weissmies, 4017m Fletschhorn 3993m,  Monterosa Massiv, Liskamm 44527m, Alphubel 4206m,  Mischabelgruppe\"\n                    src=\"https:\/\/www.freimarianne.ch\/wp-content\/gallery\/fiescheralp-23-2-17\/thumbs\/thumbs_IMG_4837.jpg\"\n                    width=\"100\"\n                    height=\"75\"\n                    style=\"max-width:100%;\"\n                \/>\n            <\/a>\n        <\/div>\n\t\t\t\t\t\t\t<\/div> \n\t\t\t\n        \n\t\t\t\t<div id=\"ngg-image-1\" class=\"ngg-gallery-thumbnail-box\" >\n\t\t\t\t        <div class=\"ngg-gallery-thumbnail\">\n            <a href=\"https:\/\/www.freimarianne.ch\/wp-content\/gallery\/fiescheralp-23-2-17\/IMG_4840-42.jpg\"\n               title=\"Panorama: B\u00e4ttlihorn, Fletschorn, Mischabelgruppe, Matterhorn, Weisshorn\"\n               data-src=\"https:\/\/www.freimarianne.ch\/wp-content\/gallery\/fiescheralp-23-2-17\/IMG_4840-42.jpg\"\n               data-thumbnail=\"https:\/\/www.freimarianne.ch\/wp-content\/gallery\/fiescheralp-23-2-17\/thumbs\/thumbs_IMG_4840-42.jpg\"\n               data-image-id=\"15328\"\n               data-title=\"Panorama: B\u00c3\u00a4ttlihorn, Fletschorn, Mischabelgruppe, Matterhorn, Weisshorn\"\n               data-description=\"Panorama: B\u00e4ttlihorn, Fletschorn, Mischabelgruppe, Matterhorn, Weisshorn\"\n               data-image-slug=\"img_4840-42\"\n               class=\"shutterset_23107\">\n                <img\n                    title=\"Panorama: B\u00c3\u00a4ttlihorn, Fletschorn, Mischabelgruppe, Matterhorn, Weisshorn\"\n                    alt=\"Panorama: B\u00c3\u00a4ttlihorn, Fletschorn, Mischabelgruppe, Matterhorn, Weisshorn\"\n                    src=\"https:\/\/www.freimarianne.ch\/wp-content\/gallery\/fiescheralp-23-2-17\/thumbs\/thumbs_IMG_4840-42.jpg\"\n                    width=\"100\"\n                    height=\"75\"\n                    style=\"max-width:100%;\"\n                \/>\n            <\/a>\n        <\/div>\n\t\t\t\t\t\t\t<\/div> \n\t\t\t\n        \n\t\t\t\t<div id=\"ngg-image-2\" class=\"ngg-gallery-thumbnail-box\" >\n\t\t\t\t        <div class=\"ngg-gallery-thumbnail\">\n            <a href=\"https:\/\/www.freimarianne.ch\/wp-content\/gallery\/fiescheralp-23-2-17\/IMG_4842.jpg\"\n               title=\"Fletschhorn, Alphubel, Mischabelgruppe, Materhorn, Weisshorn\"\n               data-src=\"https:\/\/www.freimarianne.ch\/wp-content\/gallery\/fiescheralp-23-2-17\/IMG_4842.jpg\"\n               data-thumbnail=\"https:\/\/www.freimarianne.ch\/wp-content\/gallery\/fiescheralp-23-2-17\/thumbs\/thumbs_IMG_4842.jpg\"\n               data-image-id=\"15327\"\n               data-title=\"Fletschhorn, Alphubel, Mischabelgruppe, Materhorn, Weisshorn\"\n               data-description=\"Fletschhorn, Alphubel, Mischabelgruppe, Materhorn, Weisshorn\"\n               data-image-slug=\"img_4842-1\"\n               class=\"shutterset_23107\">\n                <img\n                    title=\"Fletschhorn, Alphubel, Mischabelgruppe, Materhorn, Weisshorn\"\n                    alt=\"Fletschhorn, Alphubel, Mischabelgruppe, Materhorn, Weisshorn\"\n                    src=\"https:\/\/www.freimarianne.ch\/wp-content\/gallery\/fiescheralp-23-2-17\/thumbs\/thumbs_IMG_4842.jpg\"\n                    width=\"100\"\n                    height=\"75\"\n                    style=\"max-width:100%;\"\n                \/>\n            <\/a>\n        <\/div>\n\t\t\t\t\t\t\t<\/div> \n\t\t\t\n        \n\t\t\t\t<div id=\"ngg-image-3\" class=\"ngg-gallery-thumbnail-box\" >\n\t\t\t\t        <div class=\"ngg-gallery-thumbnail\">\n            <a href=\"https:\/\/www.freimarianne.ch\/wp-content\/gallery\/fiescheralp-23-2-17\/IMG_4843.jpg\"\n               title=\"auf dem Winterwanderweg; Fletschhorn, Mischabelguruppe, Matterhorn, Weisshorn\"\n               data-src=\"https:\/\/www.freimarianne.ch\/wp-content\/gallery\/fiescheralp-23-2-17\/IMG_4843.jpg\"\n               data-thumbnail=\"https:\/\/www.freimarianne.ch\/wp-content\/gallery\/fiescheralp-23-2-17\/thumbs\/thumbs_IMG_4843.jpg\"\n               data-image-id=\"15326\"\n               data-title=\"auf dem Winterwanderweg; Fletschhorn, Mischabelguruppe, Matterhorn, Weisshorn\"\n               data-description=\"auf dem Winterwanderweg; Fletschhorn, Mischabelguruppe, Matterhorn, Weisshorn\"\n               data-image-slug=\"img_4843\"\n               class=\"shutterset_23107\">\n                <img\n                    title=\"auf dem Winterwanderweg; Fletschhorn, Mischabelguruppe, Matterhorn, Weisshorn\"\n                    alt=\"auf dem Winterwanderweg; Fletschhorn, Mischabelguruppe, Matterhorn, Weisshorn\"\n                    src=\"https:\/\/www.freimarianne.ch\/wp-content\/gallery\/fiescheralp-23-2-17\/thumbs\/thumbs_IMG_4843.jpg\"\n                    width=\"100\"\n                    height=\"75\"\n                    style=\"max-width:100%;\"\n                \/>\n            <\/a>\n        <\/div>\n\t\t\t\t\t\t\t<\/div> \n\t\t\t\n        \n\t\t\t\t<div id=\"ngg-image-4\" class=\"ngg-gallery-thumbnail-box\" >\n\t\t\t\t        <div class=\"ngg-gallery-thumbnail\">\n            <a href=\"https:\/\/www.freimarianne.ch\/wp-content\/gallery\/fiescheralp-23-2-17\/IMG_4844.jpg\"\n               title=\"mi vo Eggerhorn, hi Schinh\u00f6rner\"\n               data-src=\"https:\/\/www.freimarianne.ch\/wp-content\/gallery\/fiescheralp-23-2-17\/IMG_4844.jpg\"\n               data-thumbnail=\"https:\/\/www.freimarianne.ch\/wp-content\/gallery\/fiescheralp-23-2-17\/thumbs\/thumbs_IMG_4844.jpg\"\n               data-image-id=\"15325\"\n               data-title=\"mi vo Eggerhorn, hi Schinh\u00c3\u00b6rner\"\n               data-description=\"mi vo Eggerhorn, hi Schinh\u00f6rner\"\n               data-image-slug=\"img_4844-1\"\n               class=\"shutterset_23107\">\n                <img\n                    title=\"mi vo Eggerhorn, hi Schinh\u00c3\u00b6rner\"\n                    alt=\"mi vo Eggerhorn, hi Schinh\u00c3\u00b6rner\"\n                    src=\"https:\/\/www.freimarianne.ch\/wp-content\/gallery\/fiescheralp-23-2-17\/thumbs\/thumbs_IMG_4844.jpg\"\n                    width=\"100\"\n                    height=\"75\"\n                    style=\"max-width:100%;\"\n                \/>\n            <\/a>\n        <\/div>\n\t\t\t\t\t\t\t<\/div> \n\t\t\t\n        \n\t\t\t\t<div id=\"ngg-image-5\" class=\"ngg-gallery-thumbnail-box\" >\n\t\t\t\t        <div class=\"ngg-gallery-thumbnail\">\n            <a href=\"https:\/\/www.freimarianne.ch\/wp-content\/gallery\/fiescheralp-23-2-17\/IMG_4846.jpg\"\n               title=\"auf dem Winterwanderweg; Fletschhorn, Mischabelguruppe, Matterhorn, Weisshorn\"\n               data-src=\"https:\/\/www.freimarianne.ch\/wp-content\/gallery\/fiescheralp-23-2-17\/IMG_4846.jpg\"\n               data-thumbnail=\"https:\/\/www.freimarianne.ch\/wp-content\/gallery\/fiescheralp-23-2-17\/thumbs\/thumbs_IMG_4846.jpg\"\n               data-image-id=\"15324\"\n               data-title=\"auf dem Winterwanderweg; Fletschhorn, Mischabelguruppe, Matterhorn, Weisshorn\"\n               data-description=\"auf dem Winterwanderweg; Fletschhorn, Mischabelguruppe, Matterhorn, Weisshorn\"\n               data-image-slug=\"img_4846-2\"\n               class=\"shutterset_23107\">\n                <img\n                    title=\"auf dem Winterwanderweg; Fletschhorn, Mischabelguruppe, Matterhorn, Weisshorn\"\n                    alt=\"auf dem Winterwanderweg; Fletschhorn, Mischabelguruppe, Matterhorn, Weisshorn\"\n                    src=\"https:\/\/www.freimarianne.ch\/wp-content\/gallery\/fiescheralp-23-2-17\/thumbs\/thumbs_IMG_4846.jpg\"\n                    width=\"100\"\n                    height=\"75\"\n                    style=\"max-width:100%;\"\n                \/>\n            <\/a>\n        <\/div>\n\t\t\t\t\t\t\t<\/div> \n\t\t\t\n        \n\t\t\t\t<div id=\"ngg-image-6\" class=\"ngg-gallery-thumbnail-box\" >\n\t\t\t\t        <div class=\"ngg-gallery-thumbnail\">\n            <a href=\"https:\/\/www.freimarianne.ch\/wp-content\/gallery\/fiescheralp-23-2-17\/IMG_4850.jpg\"\n               title=\"mu\u00ee Eggerhorn, hi die 3 Schinh\u00f6rner\"\n               data-src=\"https:\/\/www.freimarianne.ch\/wp-content\/gallery\/fiescheralp-23-2-17\/IMG_4850.jpg\"\n               data-thumbnail=\"https:\/\/www.freimarianne.ch\/wp-content\/gallery\/fiescheralp-23-2-17\/thumbs\/thumbs_IMG_4850.jpg\"\n               data-image-id=\"15323\"\n               data-title=\"mu\u00c3\u00ae Eggerhorn, hi die 3 Schinh\u00c3\u00b6rner\"\n               data-description=\"mu\u00ee Eggerhorn, hi die 3 Schinh\u00f6rner\"\n               data-image-slug=\"img_4850\"\n               class=\"shutterset_23107\">\n                <img\n                    title=\"mu\u00c3\u00ae Eggerhorn, hi die 3 Schinh\u00c3\u00b6rner\"\n                    alt=\"mu\u00c3\u00ae Eggerhorn, hi die 3 Schinh\u00c3\u00b6rner\"\n                    src=\"https:\/\/www.freimarianne.ch\/wp-content\/gallery\/fiescheralp-23-2-17\/thumbs\/thumbs_IMG_4850.jpg\"\n                    width=\"100\"\n                    height=\"75\"\n                    style=\"max-width:100%;\"\n                \/>\n            <\/a>\n        <\/div>\n\t\t\t\t\t\t\t<\/div> \n\t\t\t\n        \n\t\t\t\t<div id=\"ngg-image-7\" class=\"ngg-gallery-thumbnail-box\" >\n\t\t\t\t        <div class=\"ngg-gallery-thumbnail\">\n            <a href=\"https:\/\/www.freimarianne.ch\/wp-content\/gallery\/fiescheralp-23-2-17\/IMG_4853.jpg\"\n               title=\"B\u00e4ttlihorn 2992m, hi Monte Leone 3553,  vo Gr. Huwetz 2923m; Fletschhorn 3993m,  Monterosa Massiv, Liskamm 4527m, Alphubel 4206m ,  Mischabelgruppe, Matterhorn 4487m, Weisshorn 4506m, Bishorn  4153m\"\n               data-src=\"https:\/\/www.freimarianne.ch\/wp-content\/gallery\/fiescheralp-23-2-17\/IMG_4853.jpg\"\n               data-thumbnail=\"https:\/\/www.freimarianne.ch\/wp-content\/gallery\/fiescheralp-23-2-17\/thumbs\/thumbs_IMG_4853.jpg\"\n               data-image-id=\"15322\"\n               data-title=\"B\u00c3\u00a4ttlihorn 2992m, hi Monte Leone 3553,  vo Gr. Huwetz 2923m; Fletschhorn 3993m,  Monterosa Massiv, Liskamm 4527m, Alphubel 4206m ,  Mischabelgruppe, Matterhorn 4487m, Weisshorn 4506m, Bishorn  4153m\"\n               data-description=\"B\u00e4ttlihorn 2992m, hi Monte Leone 3553,  vo Gr. Huwetz 2923m; Fletschhorn 3993m,  Monterosa Massiv, Liskamm 4527m, Alphubel 4206m ,  Mischabelgruppe, Matterhorn 4487m, Weisshorn 4506m, Bishorn  4153m\"\n               data-image-slug=\"img_4853-1\"\n               class=\"shutterset_23107\">\n                <img\n                    title=\"B\u00c3\u00a4ttlihorn 2992m, hi Monte Leone 3553,  vo Gr. Huwetz 2923m; Fletschhorn 3993m,  Monterosa Massiv, Liskamm 4527m, Alphubel 4206m ,  Mischabelgruppe, Matterhorn 4487m, Weisshorn 4506m, Bishorn  4153m\"\n                    alt=\"B\u00c3\u00a4ttlihorn 2992m, hi Monte Leone 3553,  vo Gr. Huwetz 2923m; Fletschhorn 3993m,  Monterosa Massiv, Liskamm 4527m, Alphubel 4206m ,  Mischabelgruppe, Matterhorn 4487m, Weisshorn 4506m, Bishorn  4153m\"\n                    src=\"https:\/\/www.freimarianne.ch\/wp-content\/gallery\/fiescheralp-23-2-17\/thumbs\/thumbs_IMG_4853.jpg\"\n                    width=\"100\"\n                    height=\"75\"\n                    style=\"max-width:100%;\"\n                \/>\n            <\/a>\n        <\/div>\n\t\t\t\t\t\t\t<\/div> \n\t\t\t\n        \n\t\t\t\t<div id=\"ngg-image-8\" class=\"ngg-gallery-thumbnail-box\" >\n\t\t\t\t        <div class=\"ngg-gallery-thumbnail\">\n            <a href=\"https:\/\/www.freimarianne.ch\/wp-content\/gallery\/fiescheralp-23-2-17\/IMG_4854.jpg\"\n               title=\"vo Ernergalen, Eggerhorn; Hi von Ofenhorn bis  Rothorn\"\n               data-src=\"https:\/\/www.freimarianne.ch\/wp-content\/gallery\/fiescheralp-23-2-17\/IMG_4854.jpg\"\n               data-thumbnail=\"https:\/\/www.freimarianne.ch\/wp-content\/gallery\/fiescheralp-23-2-17\/thumbs\/thumbs_IMG_4854.jpg\"\n               data-image-id=\"15321\"\n               data-title=\"vo Ernergalen, Eggerhorn; Hi von Ofenhorn bis  Rothorn\"\n               data-description=\"vo Ernergalen, Eggerhorn; Hi von Ofenhorn bis  Rothorn\"\n               data-image-slug=\"img_4854-1\"\n               class=\"shutterset_23107\">\n                <img\n                    title=\"vo Ernergalen, Eggerhorn; Hi von Ofenhorn bis  Rothorn\"\n                    alt=\"vo Ernergalen, Eggerhorn; Hi von Ofenhorn bis  Rothorn\"\n                    src=\"https:\/\/www.freimarianne.ch\/wp-content\/gallery\/fiescheralp-23-2-17\/thumbs\/thumbs_IMG_4854.jpg\"\n                    width=\"100\"\n                    height=\"75\"\n                    style=\"max-width:100%;\"\n                \/>\n            <\/a>\n        <\/div>\n\t\t\t\t\t\t\t<\/div> \n\t\t\t\n        \n\t\t\t\t<div id=\"ngg-image-9\" class=\"ngg-gallery-thumbnail-box\" >\n\t\t\t\t        <div class=\"ngg-gallery-thumbnail\">\n            <a href=\"https:\/\/www.freimarianne.ch\/wp-content\/gallery\/fiescheralp-23-2-17\/IMG_4858.jpg\"\n               title=\"es geht hinunter gegen die Bettmeralp\"\n               data-src=\"https:\/\/www.freimarianne.ch\/wp-content\/gallery\/fiescheralp-23-2-17\/IMG_4858.jpg\"\n               data-thumbnail=\"https:\/\/www.freimarianne.ch\/wp-content\/gallery\/fiescheralp-23-2-17\/thumbs\/thumbs_IMG_4858.jpg\"\n               data-image-id=\"15320\"\n               data-title=\"es geht hinunter gegen die Bettmeralp\"\n               data-description=\"es geht hinunter gegen die Bettmeralp\"\n               data-image-slug=\"img_4858-1\"\n               class=\"shutterset_23107\">\n                <img\n                    title=\"es geht hinunter gegen die Bettmeralp\"\n                    alt=\"es geht hinunter gegen die Bettmeralp\"\n                    src=\"https:\/\/www.freimarianne.ch\/wp-content\/gallery\/fiescheralp-23-2-17\/thumbs\/thumbs_IMG_4858.jpg\"\n                    width=\"100\"\n                    height=\"75\"\n                    style=\"max-width:100%;\"\n                \/>\n            <\/a>\n        <\/div>\n\t\t\t\t\t\t\t<\/div> \n\t\t\t\n        \n\t\t\t\t<div id=\"ngg-image-10\" class=\"ngg-gallery-thumbnail-box\" >\n\t\t\t\t        <div class=\"ngg-gallery-thumbnail\">\n            <a href=\"https:\/\/www.freimarianne.ch\/wp-content\/gallery\/fiescheralp-23-2-17\/IMG_4859.jpg\"\n               title=\"apere Stellen\"\n               data-src=\"https:\/\/www.freimarianne.ch\/wp-content\/gallery\/fiescheralp-23-2-17\/IMG_4859.jpg\"\n               data-thumbnail=\"https:\/\/www.freimarianne.ch\/wp-content\/gallery\/fiescheralp-23-2-17\/thumbs\/thumbs_IMG_4859.jpg\"\n               data-image-id=\"15319\"\n               data-title=\"apere Stellen\"\n               data-description=\"apere Stellen\"\n               data-image-slug=\"img_4859-2\"\n               class=\"shutterset_23107\">\n                <img\n                    title=\"apere Stellen\"\n                    alt=\"apere Stellen\"\n                    src=\"https:\/\/www.freimarianne.ch\/wp-content\/gallery\/fiescheralp-23-2-17\/thumbs\/thumbs_IMG_4859.jpg\"\n                    width=\"100\"\n                    height=\"75\"\n                    style=\"max-width:100%;\"\n                \/>\n            <\/a>\n        <\/div>\n\t\t\t\t\t\t\t<\/div> \n\t\t\t\n        \n\t\t\t\t<div id=\"ngg-image-11\" class=\"ngg-gallery-thumbnail-box\" >\n\t\t\t\t        <div class=\"ngg-gallery-thumbnail\">\n            <a href=\"https:\/\/www.freimarianne.ch\/wp-content\/gallery\/fiescheralp-23-2-17\/IMG_4863.jpg\"\n               title=\"ein Blick zur\u00fcck ins Goms\"\n               data-src=\"https:\/\/www.freimarianne.ch\/wp-content\/gallery\/fiescheralp-23-2-17\/IMG_4863.jpg\"\n               data-thumbnail=\"https:\/\/www.freimarianne.ch\/wp-content\/gallery\/fiescheralp-23-2-17\/thumbs\/thumbs_IMG_4863.jpg\"\n               data-image-id=\"15318\"\n               data-title=\"ein Blick zur\u00c3\u00bcck ins Goms\"\n               data-description=\"ein Blick zur\u00fcck ins Goms\"\n               data-image-slug=\"img_4863\"\n               class=\"shutterset_23107\">\n                <img\n                    title=\"ein Blick zur\u00c3\u00bcck ins Goms\"\n                    alt=\"ein Blick zur\u00c3\u00bcck ins Goms\"\n                    src=\"https:\/\/www.freimarianne.ch\/wp-content\/gallery\/fiescheralp-23-2-17\/thumbs\/thumbs_IMG_4863.jpg\"\n                    width=\"100\"\n                    height=\"75\"\n                    style=\"max-width:100%;\"\n                \/>\n            <\/a>\n        <\/div>\n\t\t\t\t\t\t\t<\/div> \n\t\t\t\n        \n\t\t\t\t<div id=\"ngg-image-12\" class=\"ngg-gallery-thumbnail-box\" >\n\t\t\t\t        <div class=\"ngg-gallery-thumbnail\">\n            <a href=\"https:\/\/www.freimarianne.ch\/wp-content\/gallery\/fiescheralp-23-2-17\/IMG_4870.jpg\"\n               title=\"am Bettmersee\"\n               data-src=\"https:\/\/www.freimarianne.ch\/wp-content\/gallery\/fiescheralp-23-2-17\/IMG_4870.jpg\"\n               data-thumbnail=\"https:\/\/www.freimarianne.ch\/wp-content\/gallery\/fiescheralp-23-2-17\/thumbs\/thumbs_IMG_4870.jpg\"\n               data-image-id=\"15317\"\n               data-title=\"am Bettmersee\"\n               data-description=\"am Bettmersee\"\n               data-image-slug=\"img_4870-4\"\n               class=\"shutterset_23107\">\n                <img\n                    title=\"am Bettmersee\"\n                    alt=\"am Bettmersee\"\n                    src=\"https:\/\/www.freimarianne.ch\/wp-content\/gallery\/fiescheralp-23-2-17\/thumbs\/thumbs_IMG_4870.jpg\"\n                    width=\"100\"\n                    height=\"75\"\n                    style=\"max-width:100%;\"\n                \/>\n            <\/a>\n        <\/div>\n\t\t\t\t\t\t\t<\/div> \n\t\t\t\n        \n\t\t\t\t<div id=\"ngg-image-13\" class=\"ngg-gallery-thumbnail-box\" >\n\t\t\t\t        <div class=\"ngg-gallery-thumbnail\">\n            <a href=\"https:\/\/www.freimarianne.ch\/wp-content\/gallery\/fiescheralp-23-2-17\/IMG_4874.jpg\"\n               title=\"Bettmeralp mit Kapelle\"\n               data-src=\"https:\/\/www.freimarianne.ch\/wp-content\/gallery\/fiescheralp-23-2-17\/IMG_4874.jpg\"\n               data-thumbnail=\"https:\/\/www.freimarianne.ch\/wp-content\/gallery\/fiescheralp-23-2-17\/thumbs\/thumbs_IMG_4874.jpg\"\n               data-image-id=\"15316\"\n               data-title=\"Bettmeralp mit Kapelle\"\n               data-description=\"Bettmeralp mit Kapelle\"\n               data-image-slug=\"img_4874-3\"\n               class=\"shutterset_23107\">\n                <img\n                    title=\"Bettmeralp mit Kapelle\"\n                    alt=\"Bettmeralp mit Kapelle\"\n                    src=\"https:\/\/www.freimarianne.ch\/wp-content\/gallery\/fiescheralp-23-2-17\/thumbs\/thumbs_IMG_4874.jpg\"\n                    width=\"100\"\n                    height=\"75\"\n                    style=\"max-width:100%;\"\n                \/>\n            <\/a>\n        <\/div>\n\t\t\t\t\t\t\t<\/div> \n\t\t\t\n        \n\t\t\t\t<div id=\"ngg-image-14\" class=\"ngg-gallery-thumbnail-box\" >\n\t\t\t\t        <div class=\"ngg-gallery-thumbnail\">\n            <a href=\"https:\/\/www.freimarianne.ch\/wp-content\/gallery\/fiescheralp-23-2-17\/IMG_4877.jpg\"\n               title=\"Bettmeralp mit Kapelle\"\n               data-src=\"https:\/\/www.freimarianne.ch\/wp-content\/gallery\/fiescheralp-23-2-17\/IMG_4877.jpg\"\n               data-thumbnail=\"https:\/\/www.freimarianne.ch\/wp-content\/gallery\/fiescheralp-23-2-17\/thumbs\/thumbs_IMG_4877.jpg\"\n               data-image-id=\"15315\"\n               data-title=\"Bettmeralp mit Kapelle\"\n               data-description=\"Bettmeralp mit Kapelle\"\n               data-image-slug=\"img_4877\"\n               class=\"shutterset_23107\">\n                <img\n                    title=\"Bettmeralp mit Kapelle\"\n                    alt=\"Bettmeralp mit Kapelle\"\n                    src=\"https:\/\/www.freimarianne.ch\/wp-content\/gallery\/fiescheralp-23-2-17\/thumbs\/thumbs_IMG_4877.jpg\"\n                    width=\"100\"\n                    height=\"75\"\n                    style=\"max-width:100%;\"\n                \/>\n            <\/a>\n        <\/div>\n\t\t\t\t\t\t\t<\/div> \n\t\t\t\n        \n\t\t\n\t\t<!-- Pagination -->\n\t<div class='ngg-clear'><\/div>\t<\/div>\n<\/p>\n","protected":false},"excerpt":{"rendered":"<p>Winterwanderung von der Fiescheralp auf die Riederalp Sch\u00f6ne Winterwanderung von der Fiescheralp auf die Bettmeralp. Auf der Fiescheralp ist es windig und k\u00fchl. Gegen die Bettmeralp zu wird der Wind immer w\u00e4rmer &#8211; der Himmel ist mit weissen F\u00f6hnlinsen bedeckt. Auch der Schnee wird immer weicher und auf der Bettmeralp gehe ich im Matsch. Es [&hellip;]<\/p>\n","protected":false},"author":1,"featured_media":0,"parent":21879,"menu_order":24,"comment_status":"closed","ping_status":"closed","template":"","meta":{"ngg_post_thumbnail":0},"_links":{"self":[{"href":"https:\/\/www.freimarianne.ch\/index.php?rest_route=\/wp\/v2\/pages\/22586"}],"collection":[{"href":"https:\/\/www.freimarianne.ch\/index.php?rest_route=\/wp\/v2\/pages"}],"about":[{"href":"https:\/\/www.freimarianne.ch\/index.php?rest_route=\/wp\/v2\/types\/page"}],"author":[{"embeddable":true,"href":"https:\/\/www.freimarianne.ch\/index.php?rest_route=\/wp\/v2\/users\/1"}],"replies":[{"embeddable":true,"href":"https:\/\/www.freimarianne.ch\/index.php?rest_route=%2Fwp%2Fv2%2Fcomments&post=22586"}],"version-history":[{"count":4,"href":"https:\/\/www.freimarianne.ch\/index.php?rest_route=\/wp\/v2\/pages\/22586\/revisions"}],"predecessor-version":[{"id":23109,"href":"https:\/\/www.freimarianne.ch\/index.php?rest_route=\/wp\/v2\/pages\/22586\/revisions\/23109"}],"up":[{"embeddable":true,"href":"https:\/\/www.freimarianne.ch\/index.php?rest_route=\/wp\/v2\/pages\/21879"}],"wp:attachment":[{"href":"https:\/\/www.freimarianne.ch\/index.php?rest_route=%2Fwp%2Fv2%2Fmedia&parent=22586"}],"curies":[{"name":"wp","href":"https:\/\/api.w.org\/{rel}","templated":true}]}}