{"id":23412,"date":"2017-04-17T10:08:23","date_gmt":"2017-04-17T09:08:23","guid":{"rendered":"http:\/\/www.freimarianne.ch\/?page_id=23412"},"modified":"2017-12-10T09:13:01","modified_gmt":"2017-12-10T08:13:01","slug":"churzenberg-be-30-3-2017","status":"publish","type":"page","link":"https:\/\/www.freimarianne.ch\/?page_id=23412","title":{"rendered":"Churzenberg   BE    30.3.2017"},"content":{"rendered":"<p><strong>Wanderung \u00fcber den Churzenberg von Oberdiessbach nach R\u00f6thenbach i. E<\/strong><\/p>\n<p><img loading=\"lazy\" class=\"size-full wp-image-23427\" src=\"http:\/\/www.freimarianne.ch\/wp-content\/uploads\/2017\/04\/IMG_5419_churzenb_500.jpg\" alt=\"\" width=\"500\" height=\"345\" srcset=\"https:\/\/www.freimarianne.ch\/wp-content\/uploads\/2017\/04\/IMG_5419_churzenb_500.jpg 500w, https:\/\/www.freimarianne.ch\/wp-content\/uploads\/2017\/04\/IMG_5419_churzenb_500-300x207.jpg 300w, https:\/\/www.freimarianne.ch\/wp-content\/uploads\/2017\/04\/IMG_5419_churzenb_500-435x300.jpg 435w\" sizes=\"(max-width: 500px) 100vw, 500px\" \/><br \/>\nBlick zur\u00fcck auf Aebersold<\/p>\n<p>Nach 9 Uhr starten wir unsre Wanderung in Oberdiessbach 662m und steigen im Wald hinauf zum G\u00fcggel 1027m, wo wir eine erste Rast machen. Dann f\u00fchrt der Weg durch den Wald zum Barschwandhubel, wo wir hinunter ins Tal und auf die weisse Alpenkette sehen. \u00dcber Chl\u00e4bi erreichen wir den Weiler \u00c4bersold 1107m. Weiter geht es hinauf zum Waldrand, wo sich ein sch\u00f6ner Picknickplatz f\u00fcr die Mittagsrast anbietet.<br \/>\n\u00dcber Ringgis gelangen wir nach M\u00fchlseilen 1067m und von dort zum Chuderh\u00fcsi 1099m, wo wir im Restaurant einkehren.<br \/>\nDer Abstieg von der H\u00f6he verl\u00e4uft \u00fcber Looh nach W\u00fcrzbrunnen, wo wir die 1000 Jahre alte Kapelle besichtigen. Nochmals gibt es eine landschaftlich sch\u00f6nen Abstieg ins Dorf R\u00f6thenbach 824m.<\/p>\n<p>Laut Swissmap:<br \/>\nDistanz: 16.1km; Aufstieg: 845m; Abstieg: 625m; Marschzeit: 4 h 57 min<br \/>\n<a href=\"https:\/\/map.schweizmobil.ch\/?lang=de&#038;season=summer&#038;bgLayer=pk&#038;resolution=20&#038;E=2618422&#038;N=1189485&#038;layers=Wanderland%2CStation&#038;trackId=4087882\">Karte Schweizmobil:<\/a><\/p>\n<p><!-- index.php -->\n<div\n\tclass=\"ngg-galleryoverview ngg-ajax-pagination-none\"\n\tid=\"ngg-gallery-23724-1\">\n\n    \t<div class=\"slideshowlink\">\n        <a href='https:\/\/www.freimarianne.ch\/index.php\/nggallery\/slideshow?page_id=23412'>[Show as slideshow]<\/a>\n\t\t\n\t<\/div>\n\t\t\t<!-- Thumbnails -->\n\t\t\t\t<div id=\"ngg-image-0\" class=\"ngg-gallery-thumbnail-box\" >\n\t\t\t\t        <div class=\"ngg-gallery-thumbnail\">\n            <a href=\"https:\/\/www.freimarianne.ch\/wp-content\/gallery\/churzenberg-23-3-17\/IMG_5399.jpg\"\n               title=\"Oberdiessbach mit Stockhorn\"\n               data-src=\"https:\/\/www.freimarianne.ch\/wp-content\/gallery\/churzenberg-23-3-17\/IMG_5399.jpg\"\n               data-thumbnail=\"https:\/\/www.freimarianne.ch\/wp-content\/gallery\/churzenberg-23-3-17\/thumbs\/thumbs_IMG_5399.jpg\"\n               data-image-id=\"15467\"\n               data-title=\"Oberdiessbach mit Stockhorn\"\n               data-description=\"Oberdiessbach mit Stockhorn\"\n               data-image-slug=\"img_5399\"\n               class=\"shutterset_23724\">\n                <img\n                    title=\"Oberdiessbach mit Stockhorn\"\n                    alt=\"Oberdiessbach mit Stockhorn\"\n                    src=\"https:\/\/www.freimarianne.ch\/wp-content\/gallery\/churzenberg-23-3-17\/thumbs\/thumbs_IMG_5399.jpg\"\n                    width=\"100\"\n                    height=\"75\"\n                    style=\"max-width:100%;\"\n                \/>\n            <\/a>\n        <\/div>\n\t\t\t\t\t\t\t<\/div> \n\t\t\t\n        \n\t\t\t\t<div id=\"ngg-image-1\" class=\"ngg-gallery-thumbnail-box\" >\n\t\t\t\t        <div class=\"ngg-gallery-thumbnail\">\n            <a href=\"https:\/\/www.freimarianne.ch\/wp-content\/gallery\/churzenberg-23-3-17\/IMG_5407.jpg\"\n               title=\"Gspaltenhorn, Bl\u00fcemlisalp, Doldenhorn\"\n               data-src=\"https:\/\/www.freimarianne.ch\/wp-content\/gallery\/churzenberg-23-3-17\/IMG_5407.jpg\"\n               data-thumbnail=\"https:\/\/www.freimarianne.ch\/wp-content\/gallery\/churzenberg-23-3-17\/thumbs\/thumbs_IMG_5407.jpg\"\n               data-image-id=\"15466\"\n               data-title=\"Gspaltenhorn, Bl\u00c3\u00bcemlisalp, Doldenhorn\"\n               data-description=\"Gspaltenhorn, Bl\u00fcemlisalp, Doldenhorn\"\n               data-image-slug=\"img_5407-1\"\n               class=\"shutterset_23724\">\n                <img\n                    title=\"Gspaltenhorn, Bl\u00c3\u00bcemlisalp, Doldenhorn\"\n                    alt=\"Gspaltenhorn, Bl\u00c3\u00bcemlisalp, Doldenhorn\"\n                    src=\"https:\/\/www.freimarianne.ch\/wp-content\/gallery\/churzenberg-23-3-17\/thumbs\/thumbs_IMG_5407.jpg\"\n                    width=\"100\"\n                    height=\"75\"\n                    style=\"max-width:100%;\"\n                \/>\n            <\/a>\n        <\/div>\n\t\t\t\t\t\t\t<\/div> \n\t\t\t\n        \n\t\t\t\t<div id=\"ngg-image-2\" class=\"ngg-gallery-thumbnail-box\" >\n\t\t\t\t        <div class=\"ngg-gallery-thumbnail\">\n            <a href=\"https:\/\/www.freimarianne.ch\/wp-content\/gallery\/churzenberg-23-3-17\/IMG_5408.jpg\"\n               title=\"Blick auf die Alpenkette\"\n               data-src=\"https:\/\/www.freimarianne.ch\/wp-content\/gallery\/churzenberg-23-3-17\/IMG_5408.jpg\"\n               data-thumbnail=\"https:\/\/www.freimarianne.ch\/wp-content\/gallery\/churzenberg-23-3-17\/thumbs\/thumbs_IMG_5408.jpg\"\n               data-image-id=\"15465\"\n               data-title=\"Blick auf die Alpenkette\"\n               data-description=\"Blick auf die Alpenkette\"\n               data-image-slug=\"img_5408-3\"\n               class=\"shutterset_23724\">\n                <img\n                    title=\"Blick auf die Alpenkette\"\n                    alt=\"Blick auf die Alpenkette\"\n                    src=\"https:\/\/www.freimarianne.ch\/wp-content\/gallery\/churzenberg-23-3-17\/thumbs\/thumbs_IMG_5408.jpg\"\n                    width=\"100\"\n                    height=\"75\"\n                    style=\"max-width:100%;\"\n                \/>\n            <\/a>\n        <\/div>\n\t\t\t\t\t\t\t<\/div> \n\t\t\t\n        \n\t\t\t\t<div id=\"ngg-image-3\" class=\"ngg-gallery-thumbnail-box\" >\n\t\t\t\t        <div class=\"ngg-gallery-thumbnail\">\n            <a href=\"https:\/\/www.freimarianne.ch\/wp-content\/gallery\/churzenberg-23-3-17\/IMG_5415.jpg\"\n               title=\"\u00c4bersold\"\n               data-src=\"https:\/\/www.freimarianne.ch\/wp-content\/gallery\/churzenberg-23-3-17\/IMG_5415.jpg\"\n               data-thumbnail=\"https:\/\/www.freimarianne.ch\/wp-content\/gallery\/churzenberg-23-3-17\/thumbs\/thumbs_IMG_5415.jpg\"\n               data-image-id=\"15464\"\n               data-title=\"\u00c3\u0084bersold\"\n               data-description=\"\u00c4bersold\"\n               data-image-slug=\"img_5415-2\"\n               class=\"shutterset_23724\">\n                <img\n                    title=\"\u00c3\u0084bersold\"\n                    alt=\"\u00c3\u0084bersold\"\n                    src=\"https:\/\/www.freimarianne.ch\/wp-content\/gallery\/churzenberg-23-3-17\/thumbs\/thumbs_IMG_5415.jpg\"\n                    width=\"100\"\n                    height=\"75\"\n                    style=\"max-width:100%;\"\n                \/>\n            <\/a>\n        <\/div>\n\t\t\t\t\t\t\t<\/div> \n\t\t\t\n        \n\t\t\t\t<div id=\"ngg-image-4\" class=\"ngg-gallery-thumbnail-box\" >\n\t\t\t\t        <div class=\"ngg-gallery-thumbnail\">\n            <a href=\"https:\/\/www.freimarianne.ch\/wp-content\/gallery\/churzenberg-23-3-17\/IMG_5421.jpg\"\n               title=\"Aebersoldweid\"\n               data-src=\"https:\/\/www.freimarianne.ch\/wp-content\/gallery\/churzenberg-23-3-17\/IMG_5421.jpg\"\n               data-thumbnail=\"https:\/\/www.freimarianne.ch\/wp-content\/gallery\/churzenberg-23-3-17\/thumbs\/thumbs_IMG_5421.jpg\"\n               data-image-id=\"15463\"\n               data-title=\"Aebersoldweid\"\n               data-description=\"Aebersoldweid\"\n               data-image-slug=\"img_5421-1\"\n               class=\"shutterset_23724\">\n                <img\n                    title=\"Aebersoldweid\"\n                    alt=\"Aebersoldweid\"\n                    src=\"https:\/\/www.freimarianne.ch\/wp-content\/gallery\/churzenberg-23-3-17\/thumbs\/thumbs_IMG_5421.jpg\"\n                    width=\"100\"\n                    height=\"75\"\n                    style=\"max-width:100%;\"\n                \/>\n            <\/a>\n        <\/div>\n\t\t\t\t\t\t\t<\/div> \n\t\t\t\n        \n\t\t\t\t<div id=\"ngg-image-5\" class=\"ngg-gallery-thumbnail-box\" >\n\t\t\t\t        <div class=\"ngg-gallery-thumbnail\">\n            <a href=\"https:\/\/www.freimarianne.ch\/wp-content\/gallery\/churzenberg-23-3-17\/IMG_5423.jpg\"\n               title=\"noch kein Laub an den B\u00e4umen\"\n               data-src=\"https:\/\/www.freimarianne.ch\/wp-content\/gallery\/churzenberg-23-3-17\/IMG_5423.jpg\"\n               data-thumbnail=\"https:\/\/www.freimarianne.ch\/wp-content\/gallery\/churzenberg-23-3-17\/thumbs\/thumbs_IMG_5423.jpg\"\n               data-image-id=\"15462\"\n               data-title=\"noch kein Laub an den B\u00c3\u00a4umen\"\n               data-description=\"noch kein Laub an den B\u00e4umen\"\n               data-image-slug=\"img_5423-1\"\n               class=\"shutterset_23724\">\n                <img\n                    title=\"noch kein Laub an den B\u00c3\u00a4umen\"\n                    alt=\"noch kein Laub an den B\u00c3\u00a4umen\"\n                    src=\"https:\/\/www.freimarianne.ch\/wp-content\/gallery\/churzenberg-23-3-17\/thumbs\/thumbs_IMG_5423.jpg\"\n                    width=\"100\"\n                    height=\"75\"\n                    style=\"max-width:100%;\"\n                \/>\n            <\/a>\n        <\/div>\n\t\t\t\t\t\t\t<\/div> \n\t\t\t\n        \n\t\t\t\t<div id=\"ngg-image-6\" class=\"ngg-gallery-thumbnail-box\" >\n\t\t\t\t        <div class=\"ngg-gallery-thumbnail\">\n            <a href=\"https:\/\/www.freimarianne.ch\/wp-content\/gallery\/churzenberg-23-3-17\/IMG_5431.jpg\"\n               title=\"Blick auf M\u00fchleseilen  1067m\"\n               data-src=\"https:\/\/www.freimarianne.ch\/wp-content\/gallery\/churzenberg-23-3-17\/IMG_5431.jpg\"\n               data-thumbnail=\"https:\/\/www.freimarianne.ch\/wp-content\/gallery\/churzenberg-23-3-17\/thumbs\/thumbs_IMG_5431.jpg\"\n               data-image-id=\"15461\"\n               data-title=\"Blick auf M\u00c3\u00bchleseilen  1067m\"\n               data-description=\"Blick auf M\u00fchleseilen  1067m\"\n               data-image-slug=\"img_5431-2\"\n               class=\"shutterset_23724\">\n                <img\n                    title=\"Blick auf M\u00c3\u00bchleseilen  1067m\"\n                    alt=\"Blick auf M\u00c3\u00bchleseilen  1067m\"\n                    src=\"https:\/\/www.freimarianne.ch\/wp-content\/gallery\/churzenberg-23-3-17\/thumbs\/thumbs_IMG_5431.jpg\"\n                    width=\"100\"\n                    height=\"75\"\n                    style=\"max-width:100%;\"\n                \/>\n            <\/a>\n        <\/div>\n\t\t\t\t\t\t\t<\/div> \n\t\t\t\n        \n\t\t\t\t<div id=\"ngg-image-7\" class=\"ngg-gallery-thumbnail-box\" >\n\t\t\t\t        <div class=\"ngg-gallery-thumbnail\">\n            <a href=\"https:\/\/www.freimarianne.ch\/wp-content\/gallery\/churzenberg-23-3-17\/IMG_5441.jpg\"\n               title=\"\"\n               data-src=\"https:\/\/www.freimarianne.ch\/wp-content\/gallery\/churzenberg-23-3-17\/IMG_5441.jpg\"\n               data-thumbnail=\"https:\/\/www.freimarianne.ch\/wp-content\/gallery\/churzenberg-23-3-17\/thumbs\/thumbs_IMG_5441.jpg\"\n               data-image-id=\"15460\"\n               data-title=\"IMG_5441\"\n               data-description=\"\"\n               data-image-slug=\"img_5441\"\n               class=\"shutterset_23724\">\n                <img\n                    title=\"IMG_5441\"\n                    alt=\"IMG_5441\"\n                    src=\"https:\/\/www.freimarianne.ch\/wp-content\/gallery\/churzenberg-23-3-17\/thumbs\/thumbs_IMG_5441.jpg\"\n                    width=\"100\"\n                    height=\"75\"\n                    style=\"max-width:100%;\"\n                \/>\n            <\/a>\n        <\/div>\n\t\t\t\t\t\t\t<\/div> \n\t\t\t\n        \n\t\t\t\t<div id=\"ngg-image-8\" class=\"ngg-gallery-thumbnail-box\" >\n\t\t\t\t        <div class=\"ngg-gallery-thumbnail\">\n            <a href=\"https:\/\/www.freimarianne.ch\/wp-content\/gallery\/churzenberg-23-3-17\/IMG_5444.jpg\"\n               title=\"dem Waldrand entlang (bei Chuderh\u00fcsi): Schrattenflue und Hohgant\"\n               data-src=\"https:\/\/www.freimarianne.ch\/wp-content\/gallery\/churzenberg-23-3-17\/IMG_5444.jpg\"\n               data-thumbnail=\"https:\/\/www.freimarianne.ch\/wp-content\/gallery\/churzenberg-23-3-17\/thumbs\/thumbs_IMG_5444.jpg\"\n               data-image-id=\"15459\"\n               data-title=\"dem Waldrand entlang (bei Chuderh\u00c3\u00bcsi): Schrattenflue und Hohgant\"\n               data-description=\"dem Waldrand entlang (bei Chuderh\u00fcsi): Schrattenflue und Hohgant\"\n               data-image-slug=\"img_5444-4\"\n               class=\"shutterset_23724\">\n                <img\n                    title=\"dem Waldrand entlang (bei Chuderh\u00c3\u00bcsi): Schrattenflue und Hohgant\"\n                    alt=\"dem Waldrand entlang (bei Chuderh\u00c3\u00bcsi): Schrattenflue und Hohgant\"\n                    src=\"https:\/\/www.freimarianne.ch\/wp-content\/gallery\/churzenberg-23-3-17\/thumbs\/thumbs_IMG_5444.jpg\"\n                    width=\"100\"\n                    height=\"75\"\n                    style=\"max-width:100%;\"\n                \/>\n            <\/a>\n        <\/div>\n\t\t\t\t\t\t\t<\/div> \n\t\t\t\n        \n\t\t\t\t<div id=\"ngg-image-9\" class=\"ngg-gallery-thumbnail-box\" >\n\t\t\t\t        <div class=\"ngg-gallery-thumbnail\">\n            <a href=\"https:\/\/www.freimarianne.ch\/wp-content\/gallery\/churzenberg-23-3-17\/IMG_5449.jpg\"\n               title=\"Osterglocken\"\n               data-src=\"https:\/\/www.freimarianne.ch\/wp-content\/gallery\/churzenberg-23-3-17\/IMG_5449.jpg\"\n               data-thumbnail=\"https:\/\/www.freimarianne.ch\/wp-content\/gallery\/churzenberg-23-3-17\/thumbs\/thumbs_IMG_5449.jpg\"\n               data-image-id=\"15458\"\n               data-title=\"Osterglocken\"\n               data-description=\"Osterglocken\"\n               data-image-slug=\"img_5449-3\"\n               class=\"shutterset_23724\">\n                <img\n                    title=\"Osterglocken\"\n                    alt=\"Osterglocken\"\n                    src=\"https:\/\/www.freimarianne.ch\/wp-content\/gallery\/churzenberg-23-3-17\/thumbs\/thumbs_IMG_5449.jpg\"\n                    width=\"100\"\n                    height=\"75\"\n                    style=\"max-width:100%;\"\n                \/>\n            <\/a>\n        <\/div>\n\t\t\t\t\t\t\t<\/div> \n\t\t\t\n        \n\t\t\t\t<div id=\"ngg-image-10\" class=\"ngg-gallery-thumbnail-box\" >\n\t\t\t\t        <div class=\"ngg-gallery-thumbnail\">\n            <a href=\"https:\/\/www.freimarianne.ch\/wp-content\/gallery\/churzenberg-23-3-17\/IMG_5451.jpg\"\n               title=\"die 1000 Jahre alte Kirche W\u00fcrzbrunnen\"\n               data-src=\"https:\/\/www.freimarianne.ch\/wp-content\/gallery\/churzenberg-23-3-17\/IMG_5451.jpg\"\n               data-thumbnail=\"https:\/\/www.freimarianne.ch\/wp-content\/gallery\/churzenberg-23-3-17\/thumbs\/thumbs_IMG_5451.jpg\"\n               data-image-id=\"15457\"\n               data-title=\"die 1000 Jahre alte Kirche W\u00c3\u00bcrzbrunnen\"\n               data-description=\"die 1000 Jahre alte Kirche W\u00fcrzbrunnen\"\n               data-image-slug=\"img_5451-1\"\n               class=\"shutterset_23724\">\n                <img\n                    title=\"die 1000 Jahre alte Kirche W\u00c3\u00bcrzbrunnen\"\n                    alt=\"die 1000 Jahre alte Kirche W\u00c3\u00bcrzbrunnen\"\n                    src=\"https:\/\/www.freimarianne.ch\/wp-content\/gallery\/churzenberg-23-3-17\/thumbs\/thumbs_IMG_5451.jpg\"\n                    width=\"100\"\n                    height=\"75\"\n                    style=\"max-width:100%;\"\n                \/>\n            <\/a>\n        <\/div>\n\t\t\t\t\t\t\t<\/div> \n\t\t\t\n        \n\t\t\t\t<div id=\"ngg-image-11\" class=\"ngg-gallery-thumbnail-box\" >\n\t\t\t\t        <div class=\"ngg-gallery-thumbnail\">\n            <a href=\"https:\/\/www.freimarianne.ch\/wp-content\/gallery\/churzenberg-23-3-17\/IMG_5453.jpg\"\n               title=\"die 1000 Jahre alte Kirche W\u00fcrzbrunnen\"\n               data-src=\"https:\/\/www.freimarianne.ch\/wp-content\/gallery\/churzenberg-23-3-17\/IMG_5453.jpg\"\n               data-thumbnail=\"https:\/\/www.freimarianne.ch\/wp-content\/gallery\/churzenberg-23-3-17\/thumbs\/thumbs_IMG_5453.jpg\"\n               data-image-id=\"15456\"\n               data-title=\"die 1000 Jahre alte Kirche W\u00c3\u00bcrzbrunnen\"\n               data-description=\"die 1000 Jahre alte Kirche W\u00fcrzbrunnen\"\n               data-image-slug=\"img_5453\"\n               class=\"shutterset_23724\">\n                <img\n                    title=\"die 1000 Jahre alte Kirche W\u00c3\u00bcrzbrunnen\"\n                    alt=\"die 1000 Jahre alte Kirche W\u00c3\u00bcrzbrunnen\"\n                    src=\"https:\/\/www.freimarianne.ch\/wp-content\/gallery\/churzenberg-23-3-17\/thumbs\/thumbs_IMG_5453.jpg\"\n                    width=\"100\"\n                    height=\"75\"\n                    style=\"max-width:100%;\"\n                \/>\n            <\/a>\n        <\/div>\n\t\t\t\t\t\t\t<\/div> \n\t\t\t\n        \n\t\t\t\t<div id=\"ngg-image-12\" class=\"ngg-gallery-thumbnail-box\" >\n\t\t\t\t        <div class=\"ngg-gallery-thumbnail\">\n            <a href=\"https:\/\/www.freimarianne.ch\/wp-content\/gallery\/churzenberg-23-3-17\/IMG_5461.jpg\"\n               title=\"die Kirche von R\u00f6thenbach\"\n               data-src=\"https:\/\/www.freimarianne.ch\/wp-content\/gallery\/churzenberg-23-3-17\/IMG_5461.jpg\"\n               data-thumbnail=\"https:\/\/www.freimarianne.ch\/wp-content\/gallery\/churzenberg-23-3-17\/thumbs\/thumbs_IMG_5461.jpg\"\n               data-image-id=\"15455\"\n               data-title=\"die Kirche von R\u00c3\u00b6thenbach\"\n               data-description=\"die Kirche von R\u00f6thenbach\"\n               data-image-slug=\"img_5461\"\n               class=\"shutterset_23724\">\n                <img\n                    title=\"die Kirche von R\u00c3\u00b6thenbach\"\n                    alt=\"die Kirche von R\u00c3\u00b6thenbach\"\n                    src=\"https:\/\/www.freimarianne.ch\/wp-content\/gallery\/churzenberg-23-3-17\/thumbs\/thumbs_IMG_5461.jpg\"\n                    width=\"100\"\n                    height=\"75\"\n                    style=\"max-width:100%;\"\n                \/>\n            <\/a>\n        <\/div>\n\t\t\t\t\t\t\t<\/div> \n\t\t\t\n        \n\t\t\n\t\t<!-- Pagination -->\n\t<div class='ngg-clear'><\/div>\t<\/div>\n<\/p>\n","protected":false},"excerpt":{"rendered":"<p>Wanderung \u00fcber den Churzenberg von Oberdiessbach nach R\u00f6thenbach i. E Blick zur\u00fcck auf Aebersold Nach 9 Uhr starten wir unsre Wanderung in Oberdiessbach 662m und steigen im Wald hinauf zum G\u00fcggel 1027m, wo wir eine erste Rast machen. Dann f\u00fchrt der Weg durch den Wald zum Barschwandhubel, wo wir hinunter ins Tal und auf die [&hellip;]<\/p>\n","protected":false},"author":1,"featured_media":0,"parent":23152,"menu_order":6,"comment_status":"closed","ping_status":"closed","template":"","meta":{"ngg_post_thumbnail":0},"_links":{"self":[{"href":"https:\/\/www.freimarianne.ch\/index.php?rest_route=\/wp\/v2\/pages\/23412"}],"collection":[{"href":"https:\/\/www.freimarianne.ch\/index.php?rest_route=\/wp\/v2\/pages"}],"about":[{"href":"https:\/\/www.freimarianne.ch\/index.php?rest_route=\/wp\/v2\/types\/page"}],"author":[{"embeddable":true,"href":"https:\/\/www.freimarianne.ch\/index.php?rest_route=\/wp\/v2\/users\/1"}],"replies":[{"embeddable":true,"href":"https:\/\/www.freimarianne.ch\/index.php?rest_route=%2Fwp%2Fv2%2Fcomments&post=23412"}],"version-history":[{"count":7,"href":"https:\/\/www.freimarianne.ch\/index.php?rest_route=\/wp\/v2\/pages\/23412\/revisions"}],"predecessor-version":[{"id":28177,"href":"https:\/\/www.freimarianne.ch\/index.php?rest_route=\/wp\/v2\/pages\/23412\/revisions\/28177"}],"up":[{"embeddable":true,"href":"https:\/\/www.freimarianne.ch\/index.php?rest_route=\/wp\/v2\/pages\/23152"}],"wp:attachment":[{"href":"https:\/\/www.freimarianne.ch\/index.php?rest_route=%2Fwp%2Fv2%2Fmedia&parent=23412"}],"curies":[{"name":"wp","href":"https:\/\/api.w.org\/{rel}","templated":true}]}}