{"id":23416,"date":"2017-04-17T10:13:04","date_gmt":"2017-04-17T09:13:04","guid":{"rendered":"http:\/\/www.freimarianne.ch\/?page_id=23416"},"modified":"2017-04-19T14:24:00","modified_gmt":"2017-04-19T13:24:00","slug":"visperterminen-vs-6-4-2017","status":"publish","type":"page","link":"https:\/\/www.freimarianne.ch\/?page_id=23416","title":{"rendered":"Visperterminen  VS  6.4.2017"},"content":{"rendered":"<p><strong>Wanderung von Visp durch die Rebberge und hinauf ins Dorf Visperterminen<\/strong><\/p>\n<p><img loading=\"lazy\" class=\"size-full wp-image-23429\" src=\"http:\/\/www.freimarianne.ch\/wp-content\/uploads\/2017\/04\/IMG_5609_visperter_500.jpg\" alt=\"\" width=\"500\" height=\"375\" srcset=\"https:\/\/www.freimarianne.ch\/wp-content\/uploads\/2017\/04\/IMG_5609_visperter_500.jpg 500w, https:\/\/www.freimarianne.ch\/wp-content\/uploads\/2017\/04\/IMG_5609_visperter_500-300x225.jpg 300w, https:\/\/www.freimarianne.ch\/wp-content\/uploads\/2017\/04\/IMG_5609_visperter_500-400x300.jpg 400w\" sizes=\"(max-width: 500px) 100vw, 500px\" \/><br \/>\nim Rebberg Visperterminen; Bietschhorn in den Wolken<\/p>\n<p>Wir beginnen unsere Wanderung um 10.30h in Visp. Zuerst m\u00fcssen wir die Altstadt durchqueren, um zu den Weinbergen zu gelangen. Wir folgen dem Reblehrpfad, der durch die Weinberge f\u00fchrt. Vor dem scharfen Rank der Autostrasse biegen wir in den schmalen Pfad unterhalb derjenigen ein und bewegen uns nun im steilen Hang. Dieser Weg ist teilweise ausgesetzt und hat auch steile Stufen, die uns auf eine Aussichtsplattform bringen. Hier ist ein Zwischenhalt angebracht! Dieser Pfad endet dann bei der Weinkellerei, wo wir auf die Strasse bei Unter Stalden stossen. Von nun an wandern wir auf einem normalen Wanderweg, der uns durch Ober Stalden und dann dem Hang entlang auf einer Art von Saumweg zum Dorf Visperterminen 1365m f\u00fchrt, wo wir um 15.00h eintreffen. Im alten Dorfteil finden wir ein offenenes Restaurant, das Heidawein und Kaffee serviert.<br \/>\nDies war eine sehr sch\u00f6ne Fr\u00fchlingswanderung. Sogar das Bietschhorn zeigte sich noch vor unserer Abreise in seiner ganzen Gr\u00f6sse.<\/p>\n<p>Schweizmobil: Visperterminen ( schmaler ausgesetzter Weg)<br \/>\nDistanz: 7.10km; Aufstieg: 750m; Abstieg: 41m; Marschzeit: 2h 41h min<\/p>\n<p><a href=\"https:\/\/map.wanderland.ch\/?lang=de&amp;route=all&amp;bgLayer=pk&amp;resolution=2&amp;X=635148&amp;Y=123422&amp;layers=Wanderland%2CStation\">Karte Schweizmobil:<\/a><\/p>\n<p><!-- index.php -->\n<div\n\tclass=\"ngg-galleryoverview ngg-ajax-pagination-none\"\n\tid=\"ngg-gallery-23731-1\">\n\n    \t<div class=\"slideshowlink\">\n        <a href='https:\/\/www.freimarianne.ch\/index.php\/nggallery\/slideshow?page_id=23416'>[Show as slideshow]<\/a>\n\t\t\n\t<\/div>\n\t\t\t<!-- Thumbnails -->\n\t\t\t\t<div id=\"ngg-image-0\" class=\"ngg-gallery-thumbnail-box\" >\n\t\t\t\t        <div class=\"ngg-gallery-thumbnail\">\n            <a href=\"https:\/\/www.freimarianne.ch\/wp-content\/gallery\/visperterminen-6-4-17\/IMG_3638-40.jpg\"\n               title=\"Panorama Rhonetal:\"\n               data-src=\"https:\/\/www.freimarianne.ch\/wp-content\/gallery\/visperterminen-6-4-17\/IMG_3638-40.jpg\"\n               data-thumbnail=\"https:\/\/www.freimarianne.ch\/wp-content\/gallery\/visperterminen-6-4-17\/thumbs\/thumbs_IMG_3638-40.jpg\"\n               data-image-id=\"15494\"\n               data-title=\"Panorama Rhonetal:\"\n               data-description=\"Panorama Rhonetal:\"\n               data-image-slug=\"img_3638-40\"\n               class=\"shutterset_23731\">\n                <img\n                    title=\"Panorama Rhonetal:\"\n                    alt=\"Panorama Rhonetal:\"\n                    src=\"https:\/\/www.freimarianne.ch\/wp-content\/gallery\/visperterminen-6-4-17\/thumbs\/thumbs_IMG_3638-40.jpg\"\n                    width=\"100\"\n                    height=\"75\"\n                    style=\"max-width:100%;\"\n                \/>\n            <\/a>\n        <\/div>\n\t\t\t\t\t\t\t<\/div> \n\t\t\t\n        \n\t\t\t\t<div id=\"ngg-image-1\" class=\"ngg-gallery-thumbnail-box\" >\n\t\t\t\t        <div class=\"ngg-gallery-thumbnail\">\n            <a href=\"https:\/\/www.freimarianne.ch\/wp-content\/gallery\/visperterminen-6-4-17\/IMG_5596.jpg\"\n               title=\"Visp\"\n               data-src=\"https:\/\/www.freimarianne.ch\/wp-content\/gallery\/visperterminen-6-4-17\/IMG_5596.jpg\"\n               data-thumbnail=\"https:\/\/www.freimarianne.ch\/wp-content\/gallery\/visperterminen-6-4-17\/thumbs\/thumbs_IMG_5596.jpg\"\n               data-image-id=\"15493\"\n               data-title=\"Visp\"\n               data-description=\"Visp\"\n               data-image-slug=\"img_5596-4\"\n               class=\"shutterset_23731\">\n                <img\n                    title=\"Visp\"\n                    alt=\"Visp\"\n                    src=\"https:\/\/www.freimarianne.ch\/wp-content\/gallery\/visperterminen-6-4-17\/thumbs\/thumbs_IMG_5596.jpg\"\n                    width=\"100\"\n                    height=\"75\"\n                    style=\"max-width:100%;\"\n                \/>\n            <\/a>\n        <\/div>\n\t\t\t\t\t\t\t<\/div> \n\t\t\t\n        \n\t\t\t\t<div id=\"ngg-image-2\" class=\"ngg-gallery-thumbnail-box\" >\n\t\t\t\t        <div class=\"ngg-gallery-thumbnail\">\n            <a href=\"https:\/\/www.freimarianne.ch\/wp-content\/gallery\/visperterminen-6-4-17\/IMG_5601.jpg\"\n               title=\"im Rebberg Visperterminen; Blick ins Baltschiedertal\"\n               data-src=\"https:\/\/www.freimarianne.ch\/wp-content\/gallery\/visperterminen-6-4-17\/IMG_5601.jpg\"\n               data-thumbnail=\"https:\/\/www.freimarianne.ch\/wp-content\/gallery\/visperterminen-6-4-17\/thumbs\/thumbs_IMG_5601.jpg\"\n               data-image-id=\"15492\"\n               data-title=\"im Rebberg Visperterminen; Blick ins Baltschiedertal\"\n               data-description=\"im Rebberg Visperterminen; Blick ins Baltschiedertal\"\n               data-image-slug=\"img_5601-1\"\n               class=\"shutterset_23731\">\n                <img\n                    title=\"im Rebberg Visperterminen; Blick ins Baltschiedertal\"\n                    alt=\"im Rebberg Visperterminen; Blick ins Baltschiedertal\"\n                    src=\"https:\/\/www.freimarianne.ch\/wp-content\/gallery\/visperterminen-6-4-17\/thumbs\/thumbs_IMG_5601.jpg\"\n                    width=\"100\"\n                    height=\"75\"\n                    style=\"max-width:100%;\"\n                \/>\n            <\/a>\n        <\/div>\n\t\t\t\t\t\t\t<\/div> \n\t\t\t\n        \n\t\t\t\t<div id=\"ngg-image-3\" class=\"ngg-gallery-thumbnail-box\" >\n\t\t\t\t        <div class=\"ngg-gallery-thumbnail\">\n            <a href=\"https:\/\/www.freimarianne.ch\/wp-content\/gallery\/visperterminen-6-4-17\/IMG_5603.jpg\"\n               title=\"im Rebberg Visperterminen\"\n               data-src=\"https:\/\/www.freimarianne.ch\/wp-content\/gallery\/visperterminen-6-4-17\/IMG_5603.jpg\"\n               data-thumbnail=\"https:\/\/www.freimarianne.ch\/wp-content\/gallery\/visperterminen-6-4-17\/thumbs\/thumbs_IMG_5603.jpg\"\n               data-image-id=\"15491\"\n               data-title=\"im Rebberg Visperterminen\"\n               data-description=\"im Rebberg Visperterminen\"\n               data-image-slug=\"img_5603-1\"\n               class=\"shutterset_23731\">\n                <img\n                    title=\"im Rebberg Visperterminen\"\n                    alt=\"im Rebberg Visperterminen\"\n                    src=\"https:\/\/www.freimarianne.ch\/wp-content\/gallery\/visperterminen-6-4-17\/thumbs\/thumbs_IMG_5603.jpg\"\n                    width=\"100\"\n                    height=\"75\"\n                    style=\"max-width:100%;\"\n                \/>\n            <\/a>\n        <\/div>\n\t\t\t\t\t\t\t<\/div> \n\t\t\t\n        \n\t\t\t\t<div id=\"ngg-image-4\" class=\"ngg-gallery-thumbnail-box\" >\n\t\t\t\t        <div class=\"ngg-gallery-thumbnail\">\n            <a href=\"https:\/\/www.freimarianne.ch\/wp-content\/gallery\/visperterminen-6-4-17\/IMG_5615.jpg\"\n               title=\"Unter Stalden\"\n               data-src=\"https:\/\/www.freimarianne.ch\/wp-content\/gallery\/visperterminen-6-4-17\/IMG_5615.jpg\"\n               data-thumbnail=\"https:\/\/www.freimarianne.ch\/wp-content\/gallery\/visperterminen-6-4-17\/thumbs\/thumbs_IMG_5615.jpg\"\n               data-image-id=\"15490\"\n               data-title=\"Unter Stalden\"\n               data-description=\"Unter Stalden\"\n               data-image-slug=\"img_5615-2\"\n               class=\"shutterset_23731\">\n                <img\n                    title=\"Unter Stalden\"\n                    alt=\"Unter Stalden\"\n                    src=\"https:\/\/www.freimarianne.ch\/wp-content\/gallery\/visperterminen-6-4-17\/thumbs\/thumbs_IMG_5615.jpg\"\n                    width=\"100\"\n                    height=\"75\"\n                    style=\"max-width:100%;\"\n                \/>\n            <\/a>\n        <\/div>\n\t\t\t\t\t\t\t<\/div> \n\t\t\t\n        \n\t\t\t\t<div id=\"ngg-image-5\" class=\"ngg-gallery-thumbnail-box\" >\n\t\t\t\t        <div class=\"ngg-gallery-thumbnail\">\n            <a href=\"https:\/\/www.freimarianne.ch\/wp-content\/gallery\/visperterminen-6-4-17\/IMG_5619.jpg\"\n               title=\"Blick ins Baltschiedertal\"\n               data-src=\"https:\/\/www.freimarianne.ch\/wp-content\/gallery\/visperterminen-6-4-17\/IMG_5619.jpg\"\n               data-thumbnail=\"https:\/\/www.freimarianne.ch\/wp-content\/gallery\/visperterminen-6-4-17\/thumbs\/thumbs_IMG_5619.jpg\"\n               data-image-id=\"15489\"\n               data-title=\"Blick ins Baltschiedertal\"\n               data-description=\"Blick ins Baltschiedertal\"\n               data-image-slug=\"img_5619-1\"\n               class=\"shutterset_23731\">\n                <img\n                    title=\"Blick ins Baltschiedertal\"\n                    alt=\"Blick ins Baltschiedertal\"\n                    src=\"https:\/\/www.freimarianne.ch\/wp-content\/gallery\/visperterminen-6-4-17\/thumbs\/thumbs_IMG_5619.jpg\"\n                    width=\"100\"\n                    height=\"75\"\n                    style=\"max-width:100%;\"\n                \/>\n            <\/a>\n        <\/div>\n\t\t\t\t\t\t\t<\/div> \n\t\t\t\n        \n\t\t\t\t<div id=\"ngg-image-6\" class=\"ngg-gallery-thumbnail-box\" >\n\t\t\t\t        <div class=\"ngg-gallery-thumbnail\">\n            <a href=\"https:\/\/www.freimarianne.ch\/wp-content\/gallery\/visperterminen-6-4-17\/IMG_5623.jpg\"\n               title=\"die Kirche von Ober Stalden\"\n               data-src=\"https:\/\/www.freimarianne.ch\/wp-content\/gallery\/visperterminen-6-4-17\/IMG_5623.jpg\"\n               data-thumbnail=\"https:\/\/www.freimarianne.ch\/wp-content\/gallery\/visperterminen-6-4-17\/thumbs\/thumbs_IMG_5623.jpg\"\n               data-image-id=\"15488\"\n               data-title=\"die Kirche von Ober Stalden\"\n               data-description=\"die Kirche von Ober Stalden\"\n               data-image-slug=\"img_5623-5\"\n               class=\"shutterset_23731\">\n                <img\n                    title=\"die Kirche von Ober Stalden\"\n                    alt=\"die Kirche von Ober Stalden\"\n                    src=\"https:\/\/www.freimarianne.ch\/wp-content\/gallery\/visperterminen-6-4-17\/thumbs\/thumbs_IMG_5623.jpg\"\n                    width=\"100\"\n                    height=\"75\"\n                    style=\"max-width:100%;\"\n                \/>\n            <\/a>\n        <\/div>\n\t\t\t\t\t\t\t<\/div> \n\t\t\t\n        \n\t\t\t\t<div id=\"ngg-image-7\" class=\"ngg-gallery-thumbnail-box\" >\n\t\t\t\t        <div class=\"ngg-gallery-thumbnail\">\n            <a href=\"https:\/\/www.freimarianne.ch\/wp-content\/gallery\/visperterminen-6-4-17\/IMG_5626.jpg\"\n               title=\"Ober Stalden; Detail an Haus\"\n               data-src=\"https:\/\/www.freimarianne.ch\/wp-content\/gallery\/visperterminen-6-4-17\/IMG_5626.jpg\"\n               data-thumbnail=\"https:\/\/www.freimarianne.ch\/wp-content\/gallery\/visperterminen-6-4-17\/thumbs\/thumbs_IMG_5626.jpg\"\n               data-image-id=\"15487\"\n               data-title=\"Ober Stalden; Detail an Haus\"\n               data-description=\"Ober Stalden; Detail an Haus\"\n               data-image-slug=\"img_5626-2\"\n               class=\"shutterset_23731\">\n                <img\n                    title=\"Ober Stalden; Detail an Haus\"\n                    alt=\"Ober Stalden; Detail an Haus\"\n                    src=\"https:\/\/www.freimarianne.ch\/wp-content\/gallery\/visperterminen-6-4-17\/thumbs\/thumbs_IMG_5626.jpg\"\n                    width=\"100\"\n                    height=\"75\"\n                    style=\"max-width:100%;\"\n                \/>\n            <\/a>\n        <\/div>\n\t\t\t\t\t\t\t<\/div> \n\t\t\t\n        \n\t\t\t\t<div id=\"ngg-image-8\" class=\"ngg-gallery-thumbnail-box\" >\n\t\t\t\t        <div class=\"ngg-gallery-thumbnail\">\n            <a href=\"https:\/\/www.freimarianne.ch\/wp-content\/gallery\/visperterminen-6-4-17\/IMG_5629.jpg\"\n               title=\"die Mischabelgruppe\"\n               data-src=\"https:\/\/www.freimarianne.ch\/wp-content\/gallery\/visperterminen-6-4-17\/IMG_5629.jpg\"\n               data-thumbnail=\"https:\/\/www.freimarianne.ch\/wp-content\/gallery\/visperterminen-6-4-17\/thumbs\/thumbs_IMG_5629.jpg\"\n               data-image-id=\"15486\"\n               data-title=\"die Mischabelgruppe\"\n               data-description=\"die Mischabelgruppe\"\n               data-image-slug=\"img_5629-4\"\n               class=\"shutterset_23731\">\n                <img\n                    title=\"die Mischabelgruppe\"\n                    alt=\"die Mischabelgruppe\"\n                    src=\"https:\/\/www.freimarianne.ch\/wp-content\/gallery\/visperterminen-6-4-17\/thumbs\/thumbs_IMG_5629.jpg\"\n                    width=\"100\"\n                    height=\"75\"\n                    style=\"max-width:100%;\"\n                \/>\n            <\/a>\n        <\/div>\n\t\t\t\t\t\t\t<\/div> \n\t\t\t\n        \n\t\t\t\t<div id=\"ngg-image-9\" class=\"ngg-gallery-thumbnail-box\" >\n\t\t\t\t        <div class=\"ngg-gallery-thumbnail\">\n            <a href=\"https:\/\/www.freimarianne.ch\/wp-content\/gallery\/visperterminen-6-4-17\/IMG_5632.jpg\"\n               title=\"Leberbl\u00fcmchen, Hepatica nobilis, Ranunculaceae\"\n               data-src=\"https:\/\/www.freimarianne.ch\/wp-content\/gallery\/visperterminen-6-4-17\/IMG_5632.jpg\"\n               data-thumbnail=\"https:\/\/www.freimarianne.ch\/wp-content\/gallery\/visperterminen-6-4-17\/thumbs\/thumbs_IMG_5632.jpg\"\n               data-image-id=\"15485\"\n               data-title=\"Leberbl\u00c3\u00bcmchen, Hepatica nobilis, Ranunculaceae\"\n               data-description=\"Leberbl\u00fcmchen, Hepatica nobilis, Ranunculaceae\"\n               data-image-slug=\"img_5632-1\"\n               class=\"shutterset_23731\">\n                <img\n                    title=\"Leberbl\u00c3\u00bcmchen, Hepatica nobilis, Ranunculaceae\"\n                    alt=\"Leberbl\u00c3\u00bcmchen, Hepatica nobilis, Ranunculaceae\"\n                    src=\"https:\/\/www.freimarianne.ch\/wp-content\/gallery\/visperterminen-6-4-17\/thumbs\/thumbs_IMG_5632.jpg\"\n                    width=\"100\"\n                    height=\"75\"\n                    style=\"max-width:100%;\"\n                \/>\n            <\/a>\n        <\/div>\n\t\t\t\t\t\t\t<\/div> \n\t\t\t\n        \n\t\t\t\t<div id=\"ngg-image-10\" class=\"ngg-gallery-thumbnail-box\" >\n\t\t\t\t        <div class=\"ngg-gallery-thumbnail\">\n            <a href=\"https:\/\/www.freimarianne.ch\/wp-content\/gallery\/visperterminen-6-4-17\/IMG_5647.jpg\"\n               title=\"ein Blick zur\u00fcck; Rhonetal\"\n               data-src=\"https:\/\/www.freimarianne.ch\/wp-content\/gallery\/visperterminen-6-4-17\/IMG_5647.jpg\"\n               data-thumbnail=\"https:\/\/www.freimarianne.ch\/wp-content\/gallery\/visperterminen-6-4-17\/thumbs\/thumbs_IMG_5647.jpg\"\n               data-image-id=\"15484\"\n               data-title=\"ein Blick zur\u00c3\u00bcck; Rhonetal\"\n               data-description=\"ein Blick zur\u00fcck; Rhonetal\"\n               data-image-slug=\"img_5647-4\"\n               class=\"shutterset_23731\">\n                <img\n                    title=\"ein Blick zur\u00c3\u00bcck; Rhonetal\"\n                    alt=\"ein Blick zur\u00c3\u00bcck; Rhonetal\"\n                    src=\"https:\/\/www.freimarianne.ch\/wp-content\/gallery\/visperterminen-6-4-17\/thumbs\/thumbs_IMG_5647.jpg\"\n                    width=\"100\"\n                    height=\"75\"\n                    style=\"max-width:100%;\"\n                \/>\n            <\/a>\n        <\/div>\n\t\t\t\t\t\t\t<\/div> \n\t\t\t\n        \n\t\t\t\t<div id=\"ngg-image-11\" class=\"ngg-gallery-thumbnail-box\" >\n\t\t\t\t        <div class=\"ngg-gallery-thumbnail\">\n            <a href=\"https:\/\/www.freimarianne.ch\/wp-content\/gallery\/visperterminen-6-4-17\/IMG_5650.jpg\"\n               title=\"Schafherde\"\n               data-src=\"https:\/\/www.freimarianne.ch\/wp-content\/gallery\/visperterminen-6-4-17\/IMG_5650.jpg\"\n               data-thumbnail=\"https:\/\/www.freimarianne.ch\/wp-content\/gallery\/visperterminen-6-4-17\/thumbs\/thumbs_IMG_5650.jpg\"\n               data-image-id=\"15483\"\n               data-title=\"Schafherde\"\n               data-description=\"Schafherde\"\n               data-image-slug=\"img_5650\"\n               class=\"shutterset_23731\">\n                <img\n                    title=\"Schafherde\"\n                    alt=\"Schafherde\"\n                    src=\"https:\/\/www.freimarianne.ch\/wp-content\/gallery\/visperterminen-6-4-17\/thumbs\/thumbs_IMG_5650.jpg\"\n                    width=\"100\"\n                    height=\"75\"\n                    style=\"max-width:100%;\"\n                \/>\n            <\/a>\n        <\/div>\n\t\t\t\t\t\t\t<\/div> \n\t\t\t\n        \n\t\t\t\t<div id=\"ngg-image-12\" class=\"ngg-gallery-thumbnail-box\" >\n\t\t\t\t        <div class=\"ngg-gallery-thumbnail\">\n            <a href=\"https:\/\/www.freimarianne.ch\/wp-content\/gallery\/visperterminen-6-4-17\/IMG_5657.jpg\"\n               title=\"der Pfad nach Visperterminen\"\n               data-src=\"https:\/\/www.freimarianne.ch\/wp-content\/gallery\/visperterminen-6-4-17\/IMG_5657.jpg\"\n               data-thumbnail=\"https:\/\/www.freimarianne.ch\/wp-content\/gallery\/visperterminen-6-4-17\/thumbs\/thumbs_IMG_5657.jpg\"\n               data-image-id=\"15482\"\n               data-title=\"der Pfad nach Visperterminen\"\n               data-description=\"der Pfad nach Visperterminen\"\n               data-image-slug=\"img_5657-1\"\n               class=\"shutterset_23731\">\n                <img\n                    title=\"der Pfad nach Visperterminen\"\n                    alt=\"der Pfad nach Visperterminen\"\n                    src=\"https:\/\/www.freimarianne.ch\/wp-content\/gallery\/visperterminen-6-4-17\/thumbs\/thumbs_IMG_5657.jpg\"\n                    width=\"100\"\n                    height=\"75\"\n                    style=\"max-width:100%;\"\n                \/>\n            <\/a>\n        <\/div>\n\t\t\t\t\t\t\t<\/div> \n\t\t\t\n        \n\t\t\t\t<div id=\"ngg-image-13\" class=\"ngg-gallery-thumbnail-box\" >\n\t\t\t\t        <div class=\"ngg-gallery-thumbnail\">\n            <a href=\"https:\/\/www.freimarianne.ch\/wp-content\/gallery\/visperterminen-6-4-17\/IMG_5658.jpg\"\n               title=\"Beth\u00e4uschen\"\n               data-src=\"https:\/\/www.freimarianne.ch\/wp-content\/gallery\/visperterminen-6-4-17\/IMG_5658.jpg\"\n               data-thumbnail=\"https:\/\/www.freimarianne.ch\/wp-content\/gallery\/visperterminen-6-4-17\/thumbs\/thumbs_IMG_5658.jpg\"\n               data-image-id=\"15481\"\n               data-title=\"Beth\u00c3\u00a4uschen\"\n               data-description=\"Beth\u00e4uschen\"\n               data-image-slug=\"img_5658-1\"\n               class=\"shutterset_23731\">\n                <img\n                    title=\"Beth\u00c3\u00a4uschen\"\n                    alt=\"Beth\u00c3\u00a4uschen\"\n                    src=\"https:\/\/www.freimarianne.ch\/wp-content\/gallery\/visperterminen-6-4-17\/thumbs\/thumbs_IMG_5658.jpg\"\n                    width=\"100\"\n                    height=\"75\"\n                    style=\"max-width:100%;\"\n                \/>\n            <\/a>\n        <\/div>\n\t\t\t\t\t\t\t<\/div> \n\t\t\t\n        \n\t\t\t\t<div id=\"ngg-image-14\" class=\"ngg-gallery-thumbnail-box\" >\n\t\t\t\t        <div class=\"ngg-gallery-thumbnail\">\n            <a href=\"https:\/\/www.freimarianne.ch\/wp-content\/gallery\/visperterminen-6-4-17\/IMG_5669.jpg\"\n               title=\"Visperterminen;  Bietschhorn 3934m frei\"\n               data-src=\"https:\/\/www.freimarianne.ch\/wp-content\/gallery\/visperterminen-6-4-17\/IMG_5669.jpg\"\n               data-thumbnail=\"https:\/\/www.freimarianne.ch\/wp-content\/gallery\/visperterminen-6-4-17\/thumbs\/thumbs_IMG_5669.jpg\"\n               data-image-id=\"15480\"\n               data-title=\"Visperterminen;  Bietschhorn 3934m frei\"\n               data-description=\"Visperterminen;  Bietschhorn 3934m frei\"\n               data-image-slug=\"img_5669-3\"\n               class=\"shutterset_23731\">\n                <img\n                    title=\"Visperterminen;  Bietschhorn 3934m frei\"\n                    alt=\"Visperterminen;  Bietschhorn 3934m frei\"\n                    src=\"https:\/\/www.freimarianne.ch\/wp-content\/gallery\/visperterminen-6-4-17\/thumbs\/thumbs_IMG_5669.jpg\"\n                    width=\"100\"\n                    height=\"75\"\n                    style=\"max-width:100%;\"\n                \/>\n            <\/a>\n        <\/div>\n\t\t\t\t\t\t\t<\/div> \n\t\t\t\n        \n\t\t\t\t<div id=\"ngg-image-15\" class=\"ngg-gallery-thumbnail-box\" >\n\t\t\t\t        <div class=\"ngg-gallery-thumbnail\">\n            <a href=\"https:\/\/www.freimarianne.ch\/wp-content\/gallery\/visperterminen-6-4-17\/IMG_5670.jpg\"\n               title=\"Bietschhorn 3934m\"\n               data-src=\"https:\/\/www.freimarianne.ch\/wp-content\/gallery\/visperterminen-6-4-17\/IMG_5670.jpg\"\n               data-thumbnail=\"https:\/\/www.freimarianne.ch\/wp-content\/gallery\/visperterminen-6-4-17\/thumbs\/thumbs_IMG_5670.jpg\"\n               data-image-id=\"15479\"\n               data-title=\"Bietschhorn 3934m\"\n               data-description=\"Bietschhorn 3934m\"\n               data-image-slug=\"img_5670\"\n               class=\"shutterset_23731\">\n                <img\n                    title=\"Bietschhorn 3934m\"\n                    alt=\"Bietschhorn 3934m\"\n                    src=\"https:\/\/www.freimarianne.ch\/wp-content\/gallery\/visperterminen-6-4-17\/thumbs\/thumbs_IMG_5670.jpg\"\n                    width=\"100\"\n                    height=\"75\"\n                    style=\"max-width:100%;\"\n                \/>\n            <\/a>\n        <\/div>\n\t\t\t\t\t\t\t<\/div> \n\t\t\t\n        \n\t\t\n\t\t<!-- Pagination -->\n\t<div class='ngg-clear'><\/div>\t<\/div>\n<\/p>\n","protected":false},"excerpt":{"rendered":"<p>Wanderung von Visp durch die Rebberge und hinauf ins Dorf Visperterminen im Rebberg Visperterminen; Bietschhorn in den Wolken Wir beginnen unsere Wanderung um 10.30h in Visp. Zuerst m\u00fcssen wir die Altstadt durchqueren, um zu den Weinbergen zu gelangen. Wir folgen dem Reblehrpfad, der durch die Weinberge f\u00fchrt. Vor dem scharfen Rank der Autostrasse biegen wir [&hellip;]<\/p>\n","protected":false},"author":1,"featured_media":0,"parent":23152,"menu_order":8,"comment_status":"closed","ping_status":"closed","template":"","meta":{"ngg_post_thumbnail":0},"_links":{"self":[{"href":"https:\/\/www.freimarianne.ch\/index.php?rest_route=\/wp\/v2\/pages\/23416"}],"collection":[{"href":"https:\/\/www.freimarianne.ch\/index.php?rest_route=\/wp\/v2\/pages"}],"about":[{"href":"https:\/\/www.freimarianne.ch\/index.php?rest_route=\/wp\/v2\/types\/page"}],"author":[{"embeddable":true,"href":"https:\/\/www.freimarianne.ch\/index.php?rest_route=\/wp\/v2\/users\/1"}],"replies":[{"embeddable":true,"href":"https:\/\/www.freimarianne.ch\/index.php?rest_route=%2Fwp%2Fv2%2Fcomments&post=23416"}],"version-history":[{"count":5,"href":"https:\/\/www.freimarianne.ch\/index.php?rest_route=\/wp\/v2\/pages\/23416\/revisions"}],"predecessor-version":[{"id":23733,"href":"https:\/\/www.freimarianne.ch\/index.php?rest_route=\/wp\/v2\/pages\/23416\/revisions\/23733"}],"up":[{"embeddable":true,"href":"https:\/\/www.freimarianne.ch\/index.php?rest_route=\/wp\/v2\/pages\/23152"}],"wp:attachment":[{"href":"https:\/\/www.freimarianne.ch\/index.php?rest_route=%2Fwp%2Fv2%2Fmedia&parent=23416"}],"curies":[{"name":"wp","href":"https:\/\/api.w.org\/{rel}","templated":true}]}}