{"id":23887,"date":"2017-05-20T08:10:53","date_gmt":"2017-05-20T07:10:53","guid":{"rendered":"http:\/\/www.freimarianne.ch\/?page_id=23887"},"modified":"2017-05-29T15:24:04","modified_gmt":"2017-05-29T14:24:04","slug":"kussnacht-luzern-lu-16-5-2017","status":"publish","type":"page","link":"https:\/\/www.freimarianne.ch\/?page_id=23887","title":{"rendered":"K\u00fcssnacht  &#8211; Luzern  LU   16.5.2017"},"content":{"rendered":"<p><strong>Wanderung von K\u00fcssnacht nach Luzern<\/strong><br \/>\n<strong>mit dem Akzentforum<\/strong><\/p>\n<p><img loading=\"lazy\" class=\"size-full wp-image-23885\" src=\"http:\/\/www.freimarianne.ch\/wp-content\/uploads\/2017\/05\/IMG_7283_ku\u0308ssn_500.jpg\" alt=\"\" width=\"500\" height=\"275\" srcset=\"https:\/\/www.freimarianne.ch\/wp-content\/uploads\/2017\/05\/IMG_7283_ku\u0308ssn_500.jpg 500w, https:\/\/www.freimarianne.ch\/wp-content\/uploads\/2017\/05\/IMG_7283_ku\u0308ssn_500-300x165.jpg 300w\" sizes=\"(max-width: 500px) 100vw, 500px\" \/> Schattenried<\/p>\n<p>Heute soll es den ersten Sommertag in dieser Saison geben!<br \/>\nWir starten unsere Wanderung nach einem Kaffeehalt in K\u00fcssnacht und gehen zuerst auf dem Str\u00e4sschen in der fr\u00fchsommerlichen, gr\u00fcnen Landschaft. Bald tauchen wir in den Wald ein und wandern bis Schattenried, wo wir einen Trinkhalt einschalten. Die Landschaft hier wirkt parkartig.<br \/>\nWeiter geht es auf einem abwechslungsreichen Pfad bis zur Lichtung Wagemoos, wo wir Mittagspause machen. Wir geniessen den Aufenthalt im Schatten der B\u00e4ume mit Ausblick auf den Weiher.<br \/>\nAnschliessend wandern wir durch den angenehm k\u00fchlen Meggerwald bis Buchmatt und steigen dann auf kleinen Pfaden hinunter zum Hotel Seeburg, das am Seeufer ein Restaurant betreibt.<br \/>\nSo klingt die Wanderung an diesem idyllischen Ort bei einem Bier aus.<br \/>\nAlle scheinen zufrieden zu sein und geniessen die Stunde am Ufer des Vierwaldst\u00e4ttersees.<br \/>\nHerzliche Dank Daniela f\u00fcr diese angenehme Wanderung, die uns auf den kommenden Sommer eingestimmt hat.<\/p>\n<p>Laut Schweizmobil:<br \/>\nDistanz: 11.39km; Aufstieg: 352m; Abstieg: 352m; Marschzeit: 3 h 2 min<\/p>\n<p><a href=\"https:\/\/map.wanderland.ch\/?lang=de&amp;route=all&amp;bgLayer=pk&amp;resolution=10&amp;X=671889&amp;Y=213321&amp;trackId=3472094\">Karte Schweizmobil:<\/a><\/p>\n<p><!-- index.php -->\n<div\n\tclass=\"ngg-galleryoverview ngg-ajax-pagination-none\"\n\tid=\"ngg-gallery-23970-1\">\n\n    \t<div class=\"slideshowlink\">\n        <a href='https:\/\/www.freimarianne.ch\/index.php\/nggallery\/slideshow?page_id=23887'>[Show as slideshow]<\/a>\n\t\t\n\t<\/div>\n\t\t\t<!-- Thumbnails -->\n\t\t\t\t<div id=\"ngg-image-0\" class=\"ngg-gallery-thumbnail-box\" >\n\t\t\t\t        <div class=\"ngg-gallery-thumbnail\">\n            <a href=\"https:\/\/www.freimarianne.ch\/wp-content\/gallery\/kussnacht-luzern-16-4-17\/IMG_7275.jpg\"\n               title=\"Blick auf den K\u00fcssnachtersee; Schwalmis, Risetenstock, von Buochserhorn\"\n               data-src=\"https:\/\/www.freimarianne.ch\/wp-content\/gallery\/kussnacht-luzern-16-4-17\/IMG_7275.jpg\"\n               data-thumbnail=\"https:\/\/www.freimarianne.ch\/wp-content\/gallery\/kussnacht-luzern-16-4-17\/thumbs\/thumbs_IMG_7275.jpg\"\n               data-image-id=\"15655\"\n               data-title=\"Blick auf den K\u00c3\u00bcssnachtersee; Schwalmis, Risetenstock, von Buochserhorn\"\n               data-description=\"Blick auf den K\u00fcssnachtersee; Schwalmis, Risetenstock, von Buochserhorn\"\n               data-image-slug=\"img_7275-1\"\n               class=\"shutterset_23970\">\n                <img\n                    title=\"Blick auf den K\u00c3\u00bcssnachtersee; Schwalmis, Risetenstock, von Buochserhorn\"\n                    alt=\"Blick auf den K\u00c3\u00bcssnachtersee; Schwalmis, Risetenstock, von Buochserhorn\"\n                    src=\"https:\/\/www.freimarianne.ch\/wp-content\/gallery\/kussnacht-luzern-16-4-17\/thumbs\/thumbs_IMG_7275.jpg\"\n                    width=\"100\"\n                    height=\"75\"\n                    style=\"max-width:100%;\"\n                \/>\n            <\/a>\n        <\/div>\n\t\t\t\t\t\t\t<\/div> \n\t\t\t\n        \n\t\t\t\t<div id=\"ngg-image-1\" class=\"ngg-gallery-thumbnail-box\" >\n\t\t\t\t        <div class=\"ngg-gallery-thumbnail\">\n            <a href=\"https:\/\/www.freimarianne.ch\/wp-content\/gallery\/kussnacht-luzern-16-4-17\/IMG_7277.jpg\"\n               title=\"Stanserhorn\"\n               data-src=\"https:\/\/www.freimarianne.ch\/wp-content\/gallery\/kussnacht-luzern-16-4-17\/IMG_7277.jpg\"\n               data-thumbnail=\"https:\/\/www.freimarianne.ch\/wp-content\/gallery\/kussnacht-luzern-16-4-17\/thumbs\/thumbs_IMG_7277.jpg\"\n               data-image-id=\"15654\"\n               data-title=\"Stanserhorn\"\n               data-description=\"Stanserhorn\"\n               data-image-slug=\"img_7277-2\"\n               class=\"shutterset_23970\">\n                <img\n                    title=\"Stanserhorn\"\n                    alt=\"Stanserhorn\"\n                    src=\"https:\/\/www.freimarianne.ch\/wp-content\/gallery\/kussnacht-luzern-16-4-17\/thumbs\/thumbs_IMG_7277.jpg\"\n                    width=\"100\"\n                    height=\"75\"\n                    style=\"max-width:100%;\"\n                \/>\n            <\/a>\n        <\/div>\n\t\t\t\t\t\t\t<\/div> \n\t\t\t\n        \n\t\t\t\t<div id=\"ngg-image-2\" class=\"ngg-gallery-thumbnail-box\" >\n\t\t\t\t        <div class=\"ngg-gallery-thumbnail\">\n            <a href=\"https:\/\/www.freimarianne.ch\/wp-content\/gallery\/kussnacht-luzern-16-4-17\/IMG_7280.jpg\"\n               title=\"\"\n               data-src=\"https:\/\/www.freimarianne.ch\/wp-content\/gallery\/kussnacht-luzern-16-4-17\/IMG_7280.jpg\"\n               data-thumbnail=\"https:\/\/www.freimarianne.ch\/wp-content\/gallery\/kussnacht-luzern-16-4-17\/thumbs\/thumbs_IMG_7280.jpg\"\n               data-image-id=\"15653\"\n               data-title=\"IMG_7280\"\n               data-description=\"\"\n               data-image-slug=\"img_7280-3\"\n               class=\"shutterset_23970\">\n                <img\n                    title=\"IMG_7280\"\n                    alt=\"IMG_7280\"\n                    src=\"https:\/\/www.freimarianne.ch\/wp-content\/gallery\/kussnacht-luzern-16-4-17\/thumbs\/thumbs_IMG_7280.jpg\"\n                    width=\"100\"\n                    height=\"75\"\n                    style=\"max-width:100%;\"\n                \/>\n            <\/a>\n        <\/div>\n\t\t\t\t\t\t\t<\/div> \n\t\t\t\n        \n\t\t\t\t<div id=\"ngg-image-3\" class=\"ngg-gallery-thumbnail-box\" >\n\t\t\t\t        <div class=\"ngg-gallery-thumbnail\">\n            <a href=\"https:\/\/www.freimarianne.ch\/wp-content\/gallery\/kussnacht-luzern-16-4-17\/IMG_7282.jpg\"\n               title=\"beim Schattenried\"\n               data-src=\"https:\/\/www.freimarianne.ch\/wp-content\/gallery\/kussnacht-luzern-16-4-17\/IMG_7282.jpg\"\n               data-thumbnail=\"https:\/\/www.freimarianne.ch\/wp-content\/gallery\/kussnacht-luzern-16-4-17\/thumbs\/thumbs_IMG_7282.jpg\"\n               data-image-id=\"15652\"\n               data-title=\"beim Schattenried\"\n               data-description=\"beim Schattenried\"\n               data-image-slug=\"img_7282-1\"\n               class=\"shutterset_23970\">\n                <img\n                    title=\"beim Schattenried\"\n                    alt=\"beim Schattenried\"\n                    src=\"https:\/\/www.freimarianne.ch\/wp-content\/gallery\/kussnacht-luzern-16-4-17\/thumbs\/thumbs_IMG_7282.jpg\"\n                    width=\"100\"\n                    height=\"75\"\n                    style=\"max-width:100%;\"\n                \/>\n            <\/a>\n        <\/div>\n\t\t\t\t\t\t\t<\/div> \n\t\t\t\n        \n\t\t\t\t<div id=\"ngg-image-4\" class=\"ngg-gallery-thumbnail-box\" >\n\t\t\t\t        <div class=\"ngg-gallery-thumbnail\">\n            <a href=\"https:\/\/www.freimarianne.ch\/wp-content\/gallery\/kussnacht-luzern-16-4-17\/IMG_7286.jpg\"\n               title=\"es geht weiter...\"\n               data-src=\"https:\/\/www.freimarianne.ch\/wp-content\/gallery\/kussnacht-luzern-16-4-17\/IMG_7286.jpg\"\n               data-thumbnail=\"https:\/\/www.freimarianne.ch\/wp-content\/gallery\/kussnacht-luzern-16-4-17\/thumbs\/thumbs_IMG_7286.jpg\"\n               data-image-id=\"15651\"\n               data-title=\"es geht weiter...\"\n               data-description=\"es geht weiter...\"\n               data-image-slug=\"img_7286-2\"\n               class=\"shutterset_23970\">\n                <img\n                    title=\"es geht weiter...\"\n                    alt=\"es geht weiter...\"\n                    src=\"https:\/\/www.freimarianne.ch\/wp-content\/gallery\/kussnacht-luzern-16-4-17\/thumbs\/thumbs_IMG_7286.jpg\"\n                    width=\"100\"\n                    height=\"75\"\n                    style=\"max-width:100%;\"\n                \/>\n            <\/a>\n        <\/div>\n\t\t\t\t\t\t\t<\/div> \n\t\t\t\n        \n\t\t\t\t<div id=\"ngg-image-5\" class=\"ngg-gallery-thumbnail-box\" >\n\t\t\t\t        <div class=\"ngg-gallery-thumbnail\">\n            <a href=\"https:\/\/www.freimarianne.ch\/wp-content\/gallery\/kussnacht-luzern-16-4-17\/IMG_7289.jpg\"\n               title=\"gegen Wagemoos 603m\"\n               data-src=\"https:\/\/www.freimarianne.ch\/wp-content\/gallery\/kussnacht-luzern-16-4-17\/IMG_7289.jpg\"\n               data-thumbnail=\"https:\/\/www.freimarianne.ch\/wp-content\/gallery\/kussnacht-luzern-16-4-17\/thumbs\/thumbs_IMG_7289.jpg\"\n               data-image-id=\"15650\"\n               data-title=\"gegen Wagemoos 603m\"\n               data-description=\"gegen Wagemoos 603m\"\n               data-image-slug=\"img_7289\"\n               class=\"shutterset_23970\">\n                <img\n                    title=\"gegen Wagemoos 603m\"\n                    alt=\"gegen Wagemoos 603m\"\n                    src=\"https:\/\/www.freimarianne.ch\/wp-content\/gallery\/kussnacht-luzern-16-4-17\/thumbs\/thumbs_IMG_7289.jpg\"\n                    width=\"100\"\n                    height=\"75\"\n                    style=\"max-width:100%;\"\n                \/>\n            <\/a>\n        <\/div>\n\t\t\t\t\t\t\t<\/div> \n\t\t\t\n        \n\t\t\t\t<div id=\"ngg-image-6\" class=\"ngg-gallery-thumbnail-box\" >\n\t\t\t\t        <div class=\"ngg-gallery-thumbnail\">\n            <a href=\"https:\/\/www.freimarianne.ch\/wp-content\/gallery\/kussnacht-luzern-16-4-17\/IMG_7294.jpg\"\n               title=\"Wagemoos 603m\"\n               data-src=\"https:\/\/www.freimarianne.ch\/wp-content\/gallery\/kussnacht-luzern-16-4-17\/IMG_7294.jpg\"\n               data-thumbnail=\"https:\/\/www.freimarianne.ch\/wp-content\/gallery\/kussnacht-luzern-16-4-17\/thumbs\/thumbs_IMG_7294.jpg\"\n               data-image-id=\"15649\"\n               data-title=\"Wagemoos 603m\"\n               data-description=\"Wagemoos 603m\"\n               data-image-slug=\"img_7294-3\"\n               class=\"shutterset_23970\">\n                <img\n                    title=\"Wagemoos 603m\"\n                    alt=\"Wagemoos 603m\"\n                    src=\"https:\/\/www.freimarianne.ch\/wp-content\/gallery\/kussnacht-luzern-16-4-17\/thumbs\/thumbs_IMG_7294.jpg\"\n                    width=\"100\"\n                    height=\"75\"\n                    style=\"max-width:100%;\"\n                \/>\n            <\/a>\n        <\/div>\n\t\t\t\t\t\t\t<\/div> \n\t\t\t\n        \n\t\t\t\t<div id=\"ngg-image-7\" class=\"ngg-gallery-thumbnail-box\" >\n\t\t\t\t        <div class=\"ngg-gallery-thumbnail\">\n            <a href=\"https:\/\/www.freimarianne.ch\/wp-content\/gallery\/kussnacht-luzern-16-4-17\/IMG_7302.jpg\"\n               title=\"Blick auf die Rigi\"\n               data-src=\"https:\/\/www.freimarianne.ch\/wp-content\/gallery\/kussnacht-luzern-16-4-17\/IMG_7302.jpg\"\n               data-thumbnail=\"https:\/\/www.freimarianne.ch\/wp-content\/gallery\/kussnacht-luzern-16-4-17\/thumbs\/thumbs_IMG_7302.jpg\"\n               data-image-id=\"15648\"\n               data-title=\"Blick auf die Rigi\"\n               data-description=\"Blick auf die Rigi\"\n               data-image-slug=\"img_7302-1\"\n               class=\"shutterset_23970\">\n                <img\n                    title=\"Blick auf die Rigi\"\n                    alt=\"Blick auf die Rigi\"\n                    src=\"https:\/\/www.freimarianne.ch\/wp-content\/gallery\/kussnacht-luzern-16-4-17\/thumbs\/thumbs_IMG_7302.jpg\"\n                    width=\"100\"\n                    height=\"75\"\n                    style=\"max-width:100%;\"\n                \/>\n            <\/a>\n        <\/div>\n\t\t\t\t\t\t\t<\/div> \n\t\t\t\n        \n\t\t\t\t<div id=\"ngg-image-8\" class=\"ngg-gallery-thumbnail-box\" >\n\t\t\t\t        <div class=\"ngg-gallery-thumbnail\">\n            <a href=\"https:\/\/www.freimarianne.ch\/wp-content\/gallery\/kussnacht-luzern-16-4-17\/IMG_7311.jpg\"\n               title=\"bei der Seeburg\"\n               data-src=\"https:\/\/www.freimarianne.ch\/wp-content\/gallery\/kussnacht-luzern-16-4-17\/IMG_7311.jpg\"\n               data-thumbnail=\"https:\/\/www.freimarianne.ch\/wp-content\/gallery\/kussnacht-luzern-16-4-17\/thumbs\/thumbs_IMG_7311.jpg\"\n               data-image-id=\"15647\"\n               data-title=\"bei der Seeburg\"\n               data-description=\"bei der Seeburg\"\n               data-image-slug=\"img_7311-3\"\n               class=\"shutterset_23970\">\n                <img\n                    title=\"bei der Seeburg\"\n                    alt=\"bei der Seeburg\"\n                    src=\"https:\/\/www.freimarianne.ch\/wp-content\/gallery\/kussnacht-luzern-16-4-17\/thumbs\/thumbs_IMG_7311.jpg\"\n                    width=\"100\"\n                    height=\"75\"\n                    style=\"max-width:100%;\"\n                \/>\n            <\/a>\n        <\/div>\n\t\t\t\t\t\t\t<\/div> \n\t\t\t\n        \n\t\t\t\t<div id=\"ngg-image-9\" class=\"ngg-gallery-thumbnail-box\" >\n\t\t\t\t        <div class=\"ngg-gallery-thumbnail\">\n            <a href=\"https:\/\/www.freimarianne.ch\/wp-content\/gallery\/kussnacht-luzern-16-4-17\/IMG_7316.jpg\"\n               title=\"Einkehr im Hotel Seeburgim Park am See\"\n               data-src=\"https:\/\/www.freimarianne.ch\/wp-content\/gallery\/kussnacht-luzern-16-4-17\/IMG_7316.jpg\"\n               data-thumbnail=\"https:\/\/www.freimarianne.ch\/wp-content\/gallery\/kussnacht-luzern-16-4-17\/thumbs\/thumbs_IMG_7316.jpg\"\n               data-image-id=\"15646\"\n               data-title=\"Einkehr im Hotel Seeburgim Park am See\"\n               data-description=\"Einkehr im Hotel Seeburgim Park am See\"\n               data-image-slug=\"img_7316-2\"\n               class=\"shutterset_23970\">\n                <img\n                    title=\"Einkehr im Hotel Seeburgim Park am See\"\n                    alt=\"Einkehr im Hotel Seeburgim Park am See\"\n                    src=\"https:\/\/www.freimarianne.ch\/wp-content\/gallery\/kussnacht-luzern-16-4-17\/thumbs\/thumbs_IMG_7316.jpg\"\n                    width=\"100\"\n                    height=\"75\"\n                    style=\"max-width:100%;\"\n                \/>\n            <\/a>\n        <\/div>\n\t\t\t\t\t\t\t<\/div> \n\t\t\t\n        \n\t\t\t\t<div id=\"ngg-image-10\" class=\"ngg-gallery-thumbnail-box\" >\n\t\t\t\t        <div class=\"ngg-gallery-thumbnail\">\n            <a href=\"https:\/\/www.freimarianne.ch\/wp-content\/gallery\/kussnacht-luzern-16-4-17\/IMG_7317.jpg\"\n               title=\"Einkehr im Hotel Seeburgim Park am See\"\n               data-src=\"https:\/\/www.freimarianne.ch\/wp-content\/gallery\/kussnacht-luzern-16-4-17\/IMG_7317.jpg\"\n               data-thumbnail=\"https:\/\/www.freimarianne.ch\/wp-content\/gallery\/kussnacht-luzern-16-4-17\/thumbs\/thumbs_IMG_7317.jpg\"\n               data-image-id=\"15645\"\n               data-title=\"Einkehr im Hotel Seeburgim Park am See\"\n               data-description=\"Einkehr im Hotel Seeburgim Park am See\"\n               data-image-slug=\"img_7317-1\"\n               class=\"shutterset_23970\">\n                <img\n                    title=\"Einkehr im Hotel Seeburgim Park am See\"\n                    alt=\"Einkehr im Hotel Seeburgim Park am See\"\n                    src=\"https:\/\/www.freimarianne.ch\/wp-content\/gallery\/kussnacht-luzern-16-4-17\/thumbs\/thumbs_IMG_7317.jpg\"\n                    width=\"100\"\n                    height=\"75\"\n                    style=\"max-width:100%;\"\n                \/>\n            <\/a>\n        <\/div>\n\t\t\t\t\t\t\t<\/div> \n\t\t\t\n        \n\t\t\n\t\t<!-- Pagination -->\n\t<div class='ngg-clear'><\/div>\t<\/div>\n<\/p>\n","protected":false},"excerpt":{"rendered":"<p>Wanderung von K\u00fcssnacht nach Luzern mit dem Akzentforum Schattenried Heute soll es den ersten Sommertag in dieser Saison geben! Wir starten unsere Wanderung nach einem Kaffeehalt in K\u00fcssnacht und gehen zuerst auf dem Str\u00e4sschen in der fr\u00fchsommerlichen, gr\u00fcnen Landschaft. Bald tauchen wir in den Wald ein und wandern bis Schattenried, wo wir einen Trinkhalt einschalten. [&hellip;]<\/p>\n","protected":false},"author":1,"featured_media":0,"parent":23152,"menu_order":15,"comment_status":"closed","ping_status":"closed","template":"","meta":{"ngg_post_thumbnail":0},"_links":{"self":[{"href":"https:\/\/www.freimarianne.ch\/index.php?rest_route=\/wp\/v2\/pages\/23887"}],"collection":[{"href":"https:\/\/www.freimarianne.ch\/index.php?rest_route=\/wp\/v2\/pages"}],"about":[{"href":"https:\/\/www.freimarianne.ch\/index.php?rest_route=\/wp\/v2\/types\/page"}],"author":[{"embeddable":true,"href":"https:\/\/www.freimarianne.ch\/index.php?rest_route=\/wp\/v2\/users\/1"}],"replies":[{"embeddable":true,"href":"https:\/\/www.freimarianne.ch\/index.php?rest_route=%2Fwp%2Fv2%2Fcomments&post=23887"}],"version-history":[{"count":4,"href":"https:\/\/www.freimarianne.ch\/index.php?rest_route=\/wp\/v2\/pages\/23887\/revisions"}],"predecessor-version":[{"id":23971,"href":"https:\/\/www.freimarianne.ch\/index.php?rest_route=\/wp\/v2\/pages\/23887\/revisions\/23971"}],"up":[{"embeddable":true,"href":"https:\/\/www.freimarianne.ch\/index.php?rest_route=\/wp\/v2\/pages\/23152"}],"wp:attachment":[{"href":"https:\/\/www.freimarianne.ch\/index.php?rest_route=%2Fwp%2Fv2%2Fmedia&parent=23887"}],"curies":[{"name":"wp","href":"https:\/\/api.w.org\/{rel}","templated":true}]}}