{"id":2416,"date":"2011-11-28T08:13:06","date_gmt":"2011-11-28T07:13:06","guid":{"rendered":"http:\/\/www.freimarianne.ch\/?page_id=2416"},"modified":"2011-11-28T08:41:30","modified_gmt":"2011-11-28T07:41:30","slug":"gempen-6-11-2011","status":"publish","type":"page","link":"https:\/\/www.freimarianne.ch\/?page_id=2416","title":{"rendered":"Gempen 6.11.2011"},"content":{"rendered":"<p style=\"text-align: left;\"><strong>Gempen<\/strong><br \/>\nWanderung von M\u00fcnchenstein zum Gempen, hinunter nach Dornach, der Birs entlang zur\u00fcck nach M\u00fcnchenstein<br \/>\nMit dem Sportclub Ciba.<br \/>\n<a name=\"MYLOCATION\"><\/a><br \/>\n<img loading=\"lazy\" class=\"size-full wp-image-2424 aligncenter\" title=\"IMG_3266\" src=\"http:\/\/www.freimarianne.ch\/wp-content\/uploads\/2011\/11\/IMG_3266.jpg\" alt=\"\" width=\"500\" height=\"375\" srcset=\"https:\/\/www.freimarianne.ch\/wp-content\/uploads\/2011\/11\/IMG_3266.jpg 500w, https:\/\/www.freimarianne.ch\/wp-content\/uploads\/2011\/11\/IMG_3266-300x225.jpg 300w\" sizes=\"(max-width: 500px) 100vw, 500px\" \/><\/p>\n<p><img loading=\"lazy\" src=\"http:\/\/www.freimarianne.ch\/wp-content\/uploads\/2011\/11\/IMG_3268.jpg\" alt=\"\" title=\"IMG_3268\" width=\"500\" height=\"375\" class=\"alignleft size-full wp-image-2423\" srcset=\"https:\/\/www.freimarianne.ch\/wp-content\/uploads\/2011\/11\/IMG_3268.jpg 500w, https:\/\/www.freimarianne.ch\/wp-content\/uploads\/2011\/11\/IMG_3268-300x225.jpg 300w\" sizes=\"(max-width: 500px) 100vw, 500px\" \/><\/a><\/p>\n<p style=\"text-align: center;\"><img loading=\"lazy\" class=\"size-full wp-image-2422  aligncenter\" title=\"IMG_3270\" src=\"http:\/\/www.freimarianne.ch\/wp-content\/uploads\/2011\/11\/IMG_3270.jpg\" alt=\"\" width=\"375\" height=\"500\" srcset=\"https:\/\/www.freimarianne.ch\/wp-content\/uploads\/2011\/11\/IMG_3270.jpg 375w, https:\/\/www.freimarianne.ch\/wp-content\/uploads\/2011\/11\/IMG_3270-225x300.jpg 225w\" sizes=\"(max-width: 375px) 100vw, 375px\" \/><\/p>\n<p><img loading=\"lazy\" src=\"http:\/\/www.freimarianne.ch\/wp-content\/uploads\/2011\/11\/IMG_3277.jpg\" alt=\"\" title=\"IMG_3277\" width=\"500\" height=\"375\" class=\"alignleft size-full wp-image-2421\" srcset=\"https:\/\/www.freimarianne.ch\/wp-content\/uploads\/2011\/11\/IMG_3277.jpg 500w, https:\/\/www.freimarianne.ch\/wp-content\/uploads\/2011\/11\/IMG_3277-300x225.jpg 300w\" sizes=\"(max-width: 500px) 100vw, 500px\" \/><\/a><\/p>\n<p><img loading=\"lazy\" class=\"size-full wp-image-2420  alignleft\" title=\"IMG_3279\" src=\"http:\/\/www.freimarianne.ch\/wp-content\/uploads\/2011\/11\/IMG_3279.jpg\" alt=\"\" width=\"500\" height=\"375\" srcset=\"https:\/\/www.freimarianne.ch\/wp-content\/uploads\/2011\/11\/IMG_3279.jpg 500w, https:\/\/www.freimarianne.ch\/wp-content\/uploads\/2011\/11\/IMG_3279-300x225.jpg 300w\" sizes=\"(max-width: 500px) 100vw, 500px\" \/><br \/>\n<a title=\"Go to MYLOCATION\" href=\"#MYLOCATION\" target=\"_self\">nach oben<\/a><\/p>\n","protected":false},"excerpt":{"rendered":"<p>Gempen Wanderung von M\u00fcnchenstein zum Gempen, hinunter nach Dornach, der Birs entlang zur\u00fcck nach M\u00fcnchenstein Mit dem Sportclub Ciba. nach oben<\/p>\n","protected":false},"author":1,"featured_media":0,"parent":2301,"menu_order":3,"comment_status":"closed","ping_status":"closed","template":"","meta":{"ngg_post_thumbnail":0},"_links":{"self":[{"href":"https:\/\/www.freimarianne.ch\/index.php?rest_route=\/wp\/v2\/pages\/2416"}],"collection":[{"href":"https:\/\/www.freimarianne.ch\/index.php?rest_route=\/wp\/v2\/pages"}],"about":[{"href":"https:\/\/www.freimarianne.ch\/index.php?rest_route=\/wp\/v2\/types\/page"}],"author":[{"embeddable":true,"href":"https:\/\/www.freimarianne.ch\/index.php?rest_route=\/wp\/v2\/users\/1"}],"replies":[{"embeddable":true,"href":"https:\/\/www.freimarianne.ch\/index.php?rest_route=%2Fwp%2Fv2%2Fcomments&post=2416"}],"version-history":[{"count":13,"href":"https:\/\/www.freimarianne.ch\/index.php?rest_route=\/wp\/v2\/pages\/2416\/revisions"}],"predecessor-version":[{"id":2436,"href":"https:\/\/www.freimarianne.ch\/index.php?rest_route=\/wp\/v2\/pages\/2416\/revisions\/2436"}],"up":[{"embeddable":true,"href":"https:\/\/www.freimarianne.ch\/index.php?rest_route=\/wp\/v2\/pages\/2301"}],"wp:attachment":[{"href":"https:\/\/www.freimarianne.ch\/index.php?rest_route=%2Fwp%2Fv2%2Fmedia&parent=2416"}],"curies":[{"name":"wp","href":"https:\/\/api.w.org\/{rel}","templated":true}]}}