{"id":24228,"date":"2017-06-07T08:25:18","date_gmt":"2017-06-07T07:25:18","guid":{"rendered":"http:\/\/www.freimarianne.ch\/?page_id=24228"},"modified":"2017-06-10T09:35:54","modified_gmt":"2017-06-10T08:35:54","slug":"gran-canaria-26-4-2017","status":"publish","type":"page","link":"https:\/\/www.freimarianne.ch\/?page_id=24228","title":{"rendered":"Gran Canaria  26.4.2017"},"content":{"rendered":"<p><strong>1.Tag<br \/>\nReisetag: Flug nach Gran Canaria, Fahrt zum Hotel las Tirajanas in San Bartolom\u00e9 im Landesinnern; Spaziergang hinunter ins Dorf San Bartolom\u00e9<\/strong><\/p>\n<p><img loading=\"lazy\" class=\"size-full wp-image-24254\" src=\"http:\/\/www.freimarianne.ch\/wp-content\/uploads\/2017\/06\/IMG_6198_26.5._500.jpg\" alt=\"\" width=\"500\" height=\"361\" srcset=\"https:\/\/www.freimarianne.ch\/wp-content\/uploads\/2017\/06\/IMG_6198_26.5._500.jpg 500w, https:\/\/www.freimarianne.ch\/wp-content\/uploads\/2017\/06\/IMG_6198_26.5._500-300x217.jpg 300w, https:\/\/www.freimarianne.ch\/wp-content\/uploads\/2017\/06\/IMG_6198_26.5._500-416x300.jpg 416w\" sizes=\"(max-width: 500px) 100vw, 500px\" \/><br \/>\nHotel las Tirajanas in San Bartolom\u00e9<\/p>\n<p><img loading=\"lazy\" src=\"http:\/\/www.freimarianne.ch\/wp-content\/uploads\/2017\/06\/IMG_6200_26.4_500.jpg\" alt=\"\" width=\"500\" height=\"375\" class=\"size-full wp-image-24995\" srcset=\"https:\/\/www.freimarianne.ch\/wp-content\/uploads\/2017\/06\/IMG_6200_26.4_500.jpg 500w, https:\/\/www.freimarianne.ch\/wp-content\/uploads\/2017\/06\/IMG_6200_26.4_500-300x225.jpg 300w, https:\/\/www.freimarianne.ch\/wp-content\/uploads\/2017\/06\/IMG_6200_26.4_500-400x300.jpg 400w\" sizes=\"(max-width: 500px) 100vw, 500px\" \/><br \/>\nSicht vom Hotel las Tirajanas auf das Dorf San Bartolom\u00e9<\/p>\n","protected":false},"excerpt":{"rendered":"<p>1.Tag Reisetag: Flug nach Gran Canaria, Fahrt zum Hotel las Tirajanas in San Bartolom\u00e9 im Landesinnern; Spaziergang hinunter ins Dorf San Bartolom\u00e9 Hotel las Tirajanas in San Bartolom\u00e9 Sicht vom Hotel las Tirajanas auf das Dorf San Bartolom\u00e9<\/p>\n","protected":false},"author":1,"featured_media":0,"parent":24226,"menu_order":1,"comment_status":"closed","ping_status":"closed","template":"","meta":{"ngg_post_thumbnail":0},"_links":{"self":[{"href":"https:\/\/www.freimarianne.ch\/index.php?rest_route=\/wp\/v2\/pages\/24228"}],"collection":[{"href":"https:\/\/www.freimarianne.ch\/index.php?rest_route=\/wp\/v2\/pages"}],"about":[{"href":"https:\/\/www.freimarianne.ch\/index.php?rest_route=\/wp\/v2\/types\/page"}],"author":[{"embeddable":true,"href":"https:\/\/www.freimarianne.ch\/index.php?rest_route=\/wp\/v2\/users\/1"}],"replies":[{"embeddable":true,"href":"https:\/\/www.freimarianne.ch\/index.php?rest_route=%2Fwp%2Fv2%2Fcomments&post=24228"}],"version-history":[{"count":7,"href":"https:\/\/www.freimarianne.ch\/index.php?rest_route=\/wp\/v2\/pages\/24228\/revisions"}],"predecessor-version":[{"id":24998,"href":"https:\/\/www.freimarianne.ch\/index.php?rest_route=\/wp\/v2\/pages\/24228\/revisions\/24998"}],"up":[{"embeddable":true,"href":"https:\/\/www.freimarianne.ch\/index.php?rest_route=\/wp\/v2\/pages\/24226"}],"wp:attachment":[{"href":"https:\/\/www.freimarianne.ch\/index.php?rest_route=%2Fwp%2Fv2%2Fmedia&parent=24228"}],"curies":[{"name":"wp","href":"https:\/\/api.w.org\/{rel}","templated":true}]}}