{"id":24238,"date":"2017-06-07T08:27:57","date_gmt":"2017-06-07T07:27:57","guid":{"rendered":"http:\/\/www.freimarianne.ch\/?page_id=24238"},"modified":"2017-06-10T08:50:20","modified_gmt":"2017-06-10T07:50:20","slug":"gran-canaria-1-5-2017","status":"publish","type":"page","link":"https:\/\/www.freimarianne.ch\/?page_id=24238","title":{"rendered":"Gran Canaria   1.5.2017"},"content":{"rendered":"<p><strong>6.Tag:<\/strong><br \/>\n<strong>Freier Tag: Wanderung am Strand von Maspolomas.<\/strong><br \/>\nVon San Augustin dem Strand entlang nach Paya del Ingl\u00e9s und nach Maspalomas zum Leuchtturm. Einkehr in einem noblen Caf\u00e9. Auf demselben Weg zur\u00fcck.<\/p>\n<p><img loading=\"lazy\" class=\"size-full wp-image-24259\" src=\"http:\/\/www.freimarianne.ch\/wp-content\/uploads\/2017\/06\/IMG_6517_1.5_500.jpg\" alt=\"\" width=\"500\" height=\"375\" srcset=\"https:\/\/www.freimarianne.ch\/wp-content\/uploads\/2017\/06\/IMG_6517_1.5_500.jpg 500w, https:\/\/www.freimarianne.ch\/wp-content\/uploads\/2017\/06\/IMG_6517_1.5_500-300x225.jpg 300w, https:\/\/www.freimarianne.ch\/wp-content\/uploads\/2017\/06\/IMG_6517_1.5_500-400x300.jpg 400w\" sizes=\"(max-width: 500px) 100vw, 500px\" \/><br \/>\ndie D\u00fcnenlandschaft von Maspalomas<\/p>\n<p><!-- index.php -->\n<div\n\tclass=\"ngg-galleryoverview ngg-ajax-pagination-none\"\n\tid=\"ngg-gallery-24967-1\">\n\n    \t<div class=\"slideshowlink\">\n        <a href='https:\/\/www.freimarianne.ch\/index.php\/nggallery\/slideshow?page_id=24238'>[Show as slideshow]<\/a>\n\t\t\n\t<\/div>\n\t\t\t<!-- Thumbnails -->\n\t\t\t\t<div id=\"ngg-image-0\" class=\"ngg-gallery-thumbnail-box\" >\n\t\t\t\t        <div class=\"ngg-gallery-thumbnail\">\n            <a href=\"https:\/\/www.freimarianne.ch\/wp-content\/gallery\/canaria-1-5-17\/IMG_6501.jpg\"\n               title=\"Edit, Bruni und Brigitte in San Augustin\"\n               data-src=\"https:\/\/www.freimarianne.ch\/wp-content\/gallery\/canaria-1-5-17\/IMG_6501.jpg\"\n               data-thumbnail=\"https:\/\/www.freimarianne.ch\/wp-content\/gallery\/canaria-1-5-17\/thumbs\/thumbs_IMG_6501.jpg\"\n               data-image-id=\"15864\"\n               data-title=\"Edit, Bruni und Brigitte in San Augustin\"\n               data-description=\"Edit, Bruni und Brigitte in San Augustin\"\n               data-image-slug=\"img_6501-3\"\n               class=\"shutterset_24967\">\n                <img\n                    title=\"Edit, Bruni und Brigitte in San Augustin\"\n                    alt=\"Edit, Bruni und Brigitte in San Augustin\"\n                    src=\"https:\/\/www.freimarianne.ch\/wp-content\/gallery\/canaria-1-5-17\/thumbs\/thumbs_IMG_6501.jpg\"\n                    width=\"100\"\n                    height=\"75\"\n                    style=\"max-width:100%;\"\n                \/>\n            <\/a>\n        <\/div>\n\t\t\t\t\t\t\t<\/div> \n\t\t\t\n        \n\t\t\t\t<div id=\"ngg-image-1\" class=\"ngg-gallery-thumbnail-box\" >\n\t\t\t\t        <div class=\"ngg-gallery-thumbnail\">\n            <a href=\"https:\/\/www.freimarianne.ch\/wp-content\/gallery\/canaria-1-5-17\/IMG_6502.jpg\"\n               title=\"am Strand von San Augustin\"\n               data-src=\"https:\/\/www.freimarianne.ch\/wp-content\/gallery\/canaria-1-5-17\/IMG_6502.jpg\"\n               data-thumbnail=\"https:\/\/www.freimarianne.ch\/wp-content\/gallery\/canaria-1-5-17\/thumbs\/thumbs_IMG_6502.jpg\"\n               data-image-id=\"15865\"\n               data-title=\"am Strand von San Augustin\"\n               data-description=\"am Strand von San Augustin\"\n               data-image-slug=\"img_6502-1\"\n               class=\"shutterset_24967\">\n                <img\n                    title=\"am Strand von San Augustin\"\n                    alt=\"am Strand von San Augustin\"\n                    src=\"https:\/\/www.freimarianne.ch\/wp-content\/gallery\/canaria-1-5-17\/thumbs\/thumbs_IMG_6502.jpg\"\n                    width=\"100\"\n                    height=\"75\"\n                    style=\"max-width:100%;\"\n                \/>\n            <\/a>\n        <\/div>\n\t\t\t\t\t\t\t<\/div> \n\t\t\t\n        \n\t\t\t\t<div id=\"ngg-image-2\" class=\"ngg-gallery-thumbnail-box\" >\n\t\t\t\t        <div class=\"ngg-gallery-thumbnail\">\n            <a href=\"https:\/\/www.freimarianne.ch\/wp-content\/gallery\/canaria-1-5-17\/IMG_6505.jpg\"\n               title=\"die D\u00fcnenlandschaft von Maspalomas\"\n               data-src=\"https:\/\/www.freimarianne.ch\/wp-content\/gallery\/canaria-1-5-17\/IMG_6505.jpg\"\n               data-thumbnail=\"https:\/\/www.freimarianne.ch\/wp-content\/gallery\/canaria-1-5-17\/thumbs\/thumbs_IMG_6505.jpg\"\n               data-image-id=\"15866\"\n               data-title=\"die D\u00c3\u00bcnenlandschaft von Maspalomas\"\n               data-description=\"die D\u00fcnenlandschaft von Maspalomas\"\n               data-image-slug=\"img_6505-1\"\n               class=\"shutterset_24967\">\n                <img\n                    title=\"die D\u00c3\u00bcnenlandschaft von Maspalomas\"\n                    alt=\"die D\u00c3\u00bcnenlandschaft von Maspalomas\"\n                    src=\"https:\/\/www.freimarianne.ch\/wp-content\/gallery\/canaria-1-5-17\/thumbs\/thumbs_IMG_6505.jpg\"\n                    width=\"100\"\n                    height=\"75\"\n                    style=\"max-width:100%;\"\n                \/>\n            <\/a>\n        <\/div>\n\t\t\t\t\t\t\t<\/div> \n\t\t\t\n        \n\t\t\t\t<div id=\"ngg-image-3\" class=\"ngg-gallery-thumbnail-box\" >\n\t\t\t\t        <div class=\"ngg-gallery-thumbnail\">\n            <a href=\"https:\/\/www.freimarianne.ch\/wp-content\/gallery\/canaria-1-5-17\/IMG_6506.jpg\"\n               title=\"Edith, Brigitte und Bruni in Maspalomas\"\n               data-src=\"https:\/\/www.freimarianne.ch\/wp-content\/gallery\/canaria-1-5-17\/IMG_6506.jpg\"\n               data-thumbnail=\"https:\/\/www.freimarianne.ch\/wp-content\/gallery\/canaria-1-5-17\/thumbs\/thumbs_IMG_6506.jpg\"\n               data-image-id=\"15867\"\n               data-title=\"Edith, Brigitte und Bruni in Maspalomas\"\n               data-description=\"Edith, Brigitte und Bruni in Maspalomas\"\n               data-image-slug=\"img_6506-1\"\n               class=\"shutterset_24967\">\n                <img\n                    title=\"Edith, Brigitte und Bruni in Maspalomas\"\n                    alt=\"Edith, Brigitte und Bruni in Maspalomas\"\n                    src=\"https:\/\/www.freimarianne.ch\/wp-content\/gallery\/canaria-1-5-17\/thumbs\/thumbs_IMG_6506.jpg\"\n                    width=\"100\"\n                    height=\"75\"\n                    style=\"max-width:100%;\"\n                \/>\n            <\/a>\n        <\/div>\n\t\t\t\t\t\t\t<\/div> \n\t\t\t\n        \n\t\t\t\t<div id=\"ngg-image-4\" class=\"ngg-gallery-thumbnail-box\" >\n\t\t\t\t        <div class=\"ngg-gallery-thumbnail\">\n            <a href=\"https:\/\/www.freimarianne.ch\/wp-content\/gallery\/canaria-1-5-17\/IMG_6512.jpg\"\n               title=\"die D\u00fcnenlandschaft von Maspalomas\"\n               data-src=\"https:\/\/www.freimarianne.ch\/wp-content\/gallery\/canaria-1-5-17\/IMG_6512.jpg\"\n               data-thumbnail=\"https:\/\/www.freimarianne.ch\/wp-content\/gallery\/canaria-1-5-17\/thumbs\/thumbs_IMG_6512.jpg\"\n               data-image-id=\"15868\"\n               data-title=\"die D\u00c3\u00bcnenlandschaft von Maspalomas\"\n               data-description=\"die D\u00fcnenlandschaft von Maspalomas\"\n               data-image-slug=\"img_6512-1\"\n               class=\"shutterset_24967\">\n                <img\n                    title=\"die D\u00c3\u00bcnenlandschaft von Maspalomas\"\n                    alt=\"die D\u00c3\u00bcnenlandschaft von Maspalomas\"\n                    src=\"https:\/\/www.freimarianne.ch\/wp-content\/gallery\/canaria-1-5-17\/thumbs\/thumbs_IMG_6512.jpg\"\n                    width=\"100\"\n                    height=\"75\"\n                    style=\"max-width:100%;\"\n                \/>\n            <\/a>\n        <\/div>\n\t\t\t\t\t\t\t<\/div> \n\t\t\t\n        \n\t\t\t\t<div id=\"ngg-image-5\" class=\"ngg-gallery-thumbnail-box\" >\n\t\t\t\t        <div class=\"ngg-gallery-thumbnail\">\n            <a href=\"https:\/\/www.freimarianne.ch\/wp-content\/gallery\/canaria-1-5-17\/IMG_6518.jpg\"\n               title=\"Marianne  auf der D\u00fcne\"\n               data-src=\"https:\/\/www.freimarianne.ch\/wp-content\/gallery\/canaria-1-5-17\/IMG_6518.jpg\"\n               data-thumbnail=\"https:\/\/www.freimarianne.ch\/wp-content\/gallery\/canaria-1-5-17\/thumbs\/thumbs_IMG_6518.jpg\"\n               data-image-id=\"15869\"\n               data-title=\"Marianne  auf der D\u00c3\u00bcne\"\n               data-description=\"Marianne  auf der D\u00fcne\"\n               data-image-slug=\"img_6518-2\"\n               class=\"shutterset_24967\">\n                <img\n                    title=\"Marianne  auf der D\u00c3\u00bcne\"\n                    alt=\"Marianne  auf der D\u00c3\u00bcne\"\n                    src=\"https:\/\/www.freimarianne.ch\/wp-content\/gallery\/canaria-1-5-17\/thumbs\/thumbs_IMG_6518.jpg\"\n                    width=\"100\"\n                    height=\"75\"\n                    style=\"max-width:100%;\"\n                \/>\n            <\/a>\n        <\/div>\n\t\t\t\t\t\t\t<\/div> \n\t\t\t\n        \n\t\t\t\t<div id=\"ngg-image-6\" class=\"ngg-gallery-thumbnail-box\" >\n\t\t\t\t        <div class=\"ngg-gallery-thumbnail\">\n            <a href=\"https:\/\/www.freimarianne.ch\/wp-content\/gallery\/canaria-1-5-17\/IMG_6520.jpg\"\n               title=\"\"\n               data-src=\"https:\/\/www.freimarianne.ch\/wp-content\/gallery\/canaria-1-5-17\/IMG_6520.jpg\"\n               data-thumbnail=\"https:\/\/www.freimarianne.ch\/wp-content\/gallery\/canaria-1-5-17\/thumbs\/thumbs_IMG_6520.jpg\"\n               data-image-id=\"15870\"\n               data-title=\"IMG_6520\"\n               data-description=\"\"\n               data-image-slug=\"img_6520-3\"\n               class=\"shutterset_24967\">\n                <img\n                    title=\"IMG_6520\"\n                    alt=\"IMG_6520\"\n                    src=\"https:\/\/www.freimarianne.ch\/wp-content\/gallery\/canaria-1-5-17\/thumbs\/thumbs_IMG_6520.jpg\"\n                    width=\"100\"\n                    height=\"75\"\n                    style=\"max-width:100%;\"\n                \/>\n            <\/a>\n        <\/div>\n\t\t\t\t\t\t\t<\/div> \n\t\t\t\n        \n\t\t\t\t<div id=\"ngg-image-7\" class=\"ngg-gallery-thumbnail-box\" >\n\t\t\t\t        <div class=\"ngg-gallery-thumbnail\">\n            <a href=\"https:\/\/www.freimarianne.ch\/wp-content\/gallery\/canaria-1-5-17\/IMG_6523.jpg\"\n               title=\"am Strand von Maspalomas\"\n               data-src=\"https:\/\/www.freimarianne.ch\/wp-content\/gallery\/canaria-1-5-17\/IMG_6523.jpg\"\n               data-thumbnail=\"https:\/\/www.freimarianne.ch\/wp-content\/gallery\/canaria-1-5-17\/thumbs\/thumbs_IMG_6523.jpg\"\n               data-image-id=\"15871\"\n               data-title=\"am Strand von Maspalomas\"\n               data-description=\"am Strand von Maspalomas\"\n               data-image-slug=\"img_6523-1\"\n               class=\"shutterset_24967\">\n                <img\n                    title=\"am Strand von Maspalomas\"\n                    alt=\"am Strand von Maspalomas\"\n                    src=\"https:\/\/www.freimarianne.ch\/wp-content\/gallery\/canaria-1-5-17\/thumbs\/thumbs_IMG_6523.jpg\"\n                    width=\"100\"\n                    height=\"75\"\n                    style=\"max-width:100%;\"\n                \/>\n            <\/a>\n        <\/div>\n\t\t\t\t\t\t\t<\/div> \n\t\t\t\n        \n\t\t\t\t<div id=\"ngg-image-8\" class=\"ngg-gallery-thumbnail-box\" >\n\t\t\t\t        <div class=\"ngg-gallery-thumbnail\">\n            <a href=\"https:\/\/www.freimarianne.ch\/wp-content\/gallery\/canaria-1-5-17\/IMG_6528.jpg\"\n               title=\"Bruni, Brigtte und Edith\"\n               data-src=\"https:\/\/www.freimarianne.ch\/wp-content\/gallery\/canaria-1-5-17\/IMG_6528.jpg\"\n               data-thumbnail=\"https:\/\/www.freimarianne.ch\/wp-content\/gallery\/canaria-1-5-17\/thumbs\/thumbs_IMG_6528.jpg\"\n               data-image-id=\"15872\"\n               data-title=\"Bruni, Brigtte und Edith\"\n               data-description=\"Bruni, Brigtte und Edith\"\n               data-image-slug=\"img_6528-1\"\n               class=\"shutterset_24967\">\n                <img\n                    title=\"Bruni, Brigtte und Edith\"\n                    alt=\"Bruni, Brigtte und Edith\"\n                    src=\"https:\/\/www.freimarianne.ch\/wp-content\/gallery\/canaria-1-5-17\/thumbs\/thumbs_IMG_6528.jpg\"\n                    width=\"100\"\n                    height=\"75\"\n                    style=\"max-width:100%;\"\n                \/>\n            <\/a>\n        <\/div>\n\t\t\t\t\t\t\t<\/div> \n\t\t\t\n        \n\t\t\t\t<div id=\"ngg-image-9\" class=\"ngg-gallery-thumbnail-box\" >\n\t\t\t\t        <div class=\"ngg-gallery-thumbnail\">\n            <a href=\"https:\/\/www.freimarianne.ch\/wp-content\/gallery\/canaria-1-5-17\/IMG_6530.jpg\"\n               title=\"\"\n               data-src=\"https:\/\/www.freimarianne.ch\/wp-content\/gallery\/canaria-1-5-17\/IMG_6530.jpg\"\n               data-thumbnail=\"https:\/\/www.freimarianne.ch\/wp-content\/gallery\/canaria-1-5-17\/thumbs\/thumbs_IMG_6530.jpg\"\n               data-image-id=\"15873\"\n               data-title=\"IMG_6530\"\n               data-description=\"\"\n               data-image-slug=\"img_6530-2\"\n               class=\"shutterset_24967\">\n                <img\n                    title=\"IMG_6530\"\n                    alt=\"IMG_6530\"\n                    src=\"https:\/\/www.freimarianne.ch\/wp-content\/gallery\/canaria-1-5-17\/thumbs\/thumbs_IMG_6530.jpg\"\n                    width=\"100\"\n                    height=\"75\"\n                    style=\"max-width:100%;\"\n                \/>\n            <\/a>\n        <\/div>\n\t\t\t\t\t\t\t<\/div> \n\t\t\t\n        \n\t\t\t\t<div id=\"ngg-image-10\" class=\"ngg-gallery-thumbnail-box\" >\n\t\t\t\t        <div class=\"ngg-gallery-thumbnail\">\n            <a href=\"https:\/\/www.freimarianne.ch\/wp-content\/gallery\/canaria-1-5-17\/IMG_6531.jpg\"\n               title=\"die D\u00fcnenlandschaft von Maspalomas\"\n               data-src=\"https:\/\/www.freimarianne.ch\/wp-content\/gallery\/canaria-1-5-17\/IMG_6531.jpg\"\n               data-thumbnail=\"https:\/\/www.freimarianne.ch\/wp-content\/gallery\/canaria-1-5-17\/thumbs\/thumbs_IMG_6531.jpg\"\n               data-image-id=\"15874\"\n               data-title=\"die D\u00c3\u00bcnenlandschaft von Maspalomas\"\n               data-description=\"die D\u00fcnenlandschaft von Maspalomas\"\n               data-image-slug=\"img_6531\"\n               class=\"shutterset_24967\">\n                <img\n                    title=\"die D\u00c3\u00bcnenlandschaft von Maspalomas\"\n                    alt=\"die D\u00c3\u00bcnenlandschaft von Maspalomas\"\n                    src=\"https:\/\/www.freimarianne.ch\/wp-content\/gallery\/canaria-1-5-17\/thumbs\/thumbs_IMG_6531.jpg\"\n                    width=\"100\"\n                    height=\"75\"\n                    style=\"max-width:100%;\"\n                \/>\n            <\/a>\n        <\/div>\n\t\t\t\t\t\t\t<\/div> \n\t\t\t\n        \n\t\t\n\t\t<!-- Pagination -->\n\t<div class='ngg-clear'><\/div>\t<\/div>\n<\/p>\n","protected":false},"excerpt":{"rendered":"<p>6.Tag: Freier Tag: Wanderung am Strand von Maspolomas. Von San Augustin dem Strand entlang nach Paya del Ingl\u00e9s und nach Maspalomas zum Leuchtturm. Einkehr in einem noblen Caf\u00e9. Auf demselben Weg zur\u00fcck. die D\u00fcnenlandschaft von Maspalomas [Show as slideshow]<\/p>\n","protected":false},"author":1,"featured_media":0,"parent":24226,"menu_order":6,"comment_status":"closed","ping_status":"closed","template":"","meta":{"ngg_post_thumbnail":0},"_links":{"self":[{"href":"https:\/\/www.freimarianne.ch\/index.php?rest_route=\/wp\/v2\/pages\/24238"}],"collection":[{"href":"https:\/\/www.freimarianne.ch\/index.php?rest_route=\/wp\/v2\/pages"}],"about":[{"href":"https:\/\/www.freimarianne.ch\/index.php?rest_route=\/wp\/v2\/types\/page"}],"author":[{"embeddable":true,"href":"https:\/\/www.freimarianne.ch\/index.php?rest_route=\/wp\/v2\/users\/1"}],"replies":[{"embeddable":true,"href":"https:\/\/www.freimarianne.ch\/index.php?rest_route=%2Fwp%2Fv2%2Fcomments&post=24238"}],"version-history":[{"count":7,"href":"https:\/\/www.freimarianne.ch\/index.php?rest_route=\/wp\/v2\/pages\/24238\/revisions"}],"predecessor-version":[{"id":24969,"href":"https:\/\/www.freimarianne.ch\/index.php?rest_route=\/wp\/v2\/pages\/24238\/revisions\/24969"}],"up":[{"embeddable":true,"href":"https:\/\/www.freimarianne.ch\/index.php?rest_route=\/wp\/v2\/pages\/24226"}],"wp:attachment":[{"href":"https:\/\/www.freimarianne.ch\/index.php?rest_route=%2Fwp%2Fv2%2Fmedia&parent=24238"}],"curies":[{"name":"wp","href":"https:\/\/api.w.org\/{rel}","templated":true}]}}