{"id":24244,"date":"2017-06-07T08:29:48","date_gmt":"2017-06-07T07:29:48","guid":{"rendered":"http:\/\/www.freimarianne.ch\/?page_id=24244"},"modified":"2017-06-10T09:21:05","modified_gmt":"2017-06-10T08:21:05","slug":"gran-canaria-4-5-2017","status":"publish","type":"page","link":"https:\/\/www.freimarianne.ch\/?page_id=24244","title":{"rendered":"Gran Canaria   4.5.2017"},"content":{"rendered":"<p><strong>9.Tag:<br \/>\nTransfer von Gran Canaria nach Lanzarote<\/strong><br \/>\nHeute fliegen wir auf die Insel Lanzarote, wo wir den Rest unserer Ferien verbringen werden.<br \/>\nWir beziehen das pr\u00e4chtige Hotel**** Seaside Jameos Playa in Puerto del Carmen.<br \/>\nWir erkunden die n\u00e4here Umgebung. Die ganz Mutigen baden trotz des k\u00fchlen Windes im Meer.<br \/>\nDas gemeinsame Abendessen findet draussen statt (nahe beim Grill).<br \/>\nDas Buffet ist opulent und l\u00e4sst keine W\u00fcnsche offen.<\/p>\n<p><img loading=\"lazy\" class=\"size-full wp-image-24987\" src=\"http:\/\/www.freimarianne.ch\/wp-content\/uploads\/2017\/06\/IMG_6682._gloria_500.jpg\" alt=\"\" width=\"500\" height=\"375\" srcset=\"https:\/\/www.freimarianne.ch\/wp-content\/uploads\/2017\/06\/IMG_6682._gloria_500.jpg 500w, https:\/\/www.freimarianne.ch\/wp-content\/uploads\/2017\/06\/IMG_6682._gloria_500-300x225.jpg 300w, https:\/\/www.freimarianne.ch\/wp-content\/uploads\/2017\/06\/IMG_6682._gloria_500-400x300.jpg 400w\" sizes=\"(max-width: 500px) 100vw, 500px\" \/><br \/>\nSicht vom Hotel Gloria in San Augustin auf Gran Canaria<\/p>\n<p><img loading=\"lazy\" src=\"http:\/\/www.freimarianne.ch\/wp-content\/uploads\/2017\/06\/IMG_6888_jameos_500.jpg\" alt=\"\" width=\"500\" height=\"375\" class=\"size-full wp-image-24988\" srcset=\"https:\/\/www.freimarianne.ch\/wp-content\/uploads\/2017\/06\/IMG_6888_jameos_500.jpg 500w, https:\/\/www.freimarianne.ch\/wp-content\/uploads\/2017\/06\/IMG_6888_jameos_500-300x225.jpg 300w, https:\/\/www.freimarianne.ch\/wp-content\/uploads\/2017\/06\/IMG_6888_jameos_500-400x300.jpg 400w\" sizes=\"(max-width: 500px) 100vw, 500px\" \/><br \/>\nHotel Seaside Jameos Playa in Playa del Carmen auf Lanzarote<\/p>\n","protected":false},"excerpt":{"rendered":"<p>9.Tag: Transfer von Gran Canaria nach Lanzarote Heute fliegen wir auf die Insel Lanzarote, wo wir den Rest unserer Ferien verbringen werden. Wir beziehen das pr\u00e4chtige Hotel**** Seaside Jameos Playa in Puerto del Carmen. Wir erkunden die n\u00e4here Umgebung. Die ganz Mutigen baden trotz des k\u00fchlen Windes im Meer. Das gemeinsame Abendessen findet draussen statt [&hellip;]<\/p>\n","protected":false},"author":1,"featured_media":0,"parent":24226,"menu_order":9,"comment_status":"closed","ping_status":"closed","template":"","meta":{"ngg_post_thumbnail":0},"_links":{"self":[{"href":"https:\/\/www.freimarianne.ch\/index.php?rest_route=\/wp\/v2\/pages\/24244"}],"collection":[{"href":"https:\/\/www.freimarianne.ch\/index.php?rest_route=\/wp\/v2\/pages"}],"about":[{"href":"https:\/\/www.freimarianne.ch\/index.php?rest_route=\/wp\/v2\/types\/page"}],"author":[{"embeddable":true,"href":"https:\/\/www.freimarianne.ch\/index.php?rest_route=\/wp\/v2\/users\/1"}],"replies":[{"embeddable":true,"href":"https:\/\/www.freimarianne.ch\/index.php?rest_route=%2Fwp%2Fv2%2Fcomments&post=24244"}],"version-history":[{"count":6,"href":"https:\/\/www.freimarianne.ch\/index.php?rest_route=\/wp\/v2\/pages\/24244\/revisions"}],"predecessor-version":[{"id":24991,"href":"https:\/\/www.freimarianne.ch\/index.php?rest_route=\/wp\/v2\/pages\/24244\/revisions\/24991"}],"up":[{"embeddable":true,"href":"https:\/\/www.freimarianne.ch\/index.php?rest_route=\/wp\/v2\/pages\/24226"}],"wp:attachment":[{"href":"https:\/\/www.freimarianne.ch\/index.php?rest_route=%2Fwp%2Fv2%2Fmedia&parent=24244"}],"curies":[{"name":"wp","href":"https:\/\/api.w.org\/{rel}","templated":true}]}}