{"id":24248,"date":"2017-06-07T08:31:17","date_gmt":"2017-06-07T07:31:17","guid":{"rendered":"http:\/\/www.freimarianne.ch\/?page_id=24248"},"modified":"2017-06-10T09:06:07","modified_gmt":"2017-06-10T08:06:07","slug":"lanzarote-7-5-2017","status":"publish","type":"page","link":"https:\/\/www.freimarianne.ch\/?page_id=24248","title":{"rendered":"Lanzarote   7.5.2017"},"content":{"rendered":"<p><strong>12.Tag:<br \/>\nWanderung durch das alte Gebirge Los Ajaches <\/strong><\/p>\n<p>Von Femes steigen wir zum Bergsattel einer Ziegenfinca auf. Von dort oben genie\u00dfen wir den herrlichen Ausblick \u00fcber das uralte Ajachesmassiv und die Rubiconebne. Wir durchwandern einsame T\u00e4ler und den Barranco de la Higuera mit seinen antropolgischen Fundst\u00e4tten.<br \/>\nEin Teil der Gruppe besteigt noch einen Berg, die andern streben dem Meer entgegen.<br \/>\nAn der Playa del Pozo trifft man sich wieder.Die Vorhut hat einen Platz am Strand gefunden, wo die Brandung nicht allzu stark ist.<br \/>\nDie nachkommenden Wanderer getrauen sich nicht ins Wasser. Es gilt dann, noch \u00fcber einen Berg hinunter zum Dorf bei der Paya del Pozo zu wandern. In einem sch\u00f6n gelegenen Restaurant finden sich dann alle wieder.<br \/>\nDiese Wanderung f\u00fchrte durch eine sehr eint\u00f6nige und eher langweilige,absolut karge Landschaft.<\/p>\n<p><img loading=\"lazy\" class=\"alignleft size-full wp-image-24264\" src=\"http:\/\/www.freimarianne.ch\/wp-content\/uploads\/2017\/06\/IMG_7058_7.5._500.jpg\" alt=\"\" width=\"500\" height=\"375\" srcset=\"https:\/\/www.freimarianne.ch\/wp-content\/uploads\/2017\/06\/IMG_7058_7.5._500.jpg 500w, https:\/\/www.freimarianne.ch\/wp-content\/uploads\/2017\/06\/IMG_7058_7.5._500-300x225.jpg 300w, https:\/\/www.freimarianne.ch\/wp-content\/uploads\/2017\/06\/IMG_7058_7.5._500-400x300.jpg 400w\" sizes=\"(max-width: 500px) 100vw, 500px\" \/><\/p>\n<p><!-- index.php -->\n<div\n\tclass=\"ngg-galleryoverview ngg-ajax-pagination-none\"\n\tid=\"ngg-gallery-24980-1\">\n\n    \t<div class=\"slideshowlink\">\n        <a href='https:\/\/www.freimarianne.ch\/index.php\/nggallery\/slideshow?page_id=24248'>[Show as slideshow]<\/a>\n\t\t\n\t<\/div>\n\t\t\t<!-- Thumbnails -->\n\t\t\t\t<div id=\"ngg-image-0\" class=\"ngg-gallery-thumbnail-box\" >\n\t\t\t\t        <div class=\"ngg-gallery-thumbnail\">\n            <a href=\"https:\/\/www.freimarianne.ch\/wp-content\/gallery\/lanzarote-7-5-17\/IMG_7036.jpg\"\n               title=\"wenigstens ein Kamel auf dem Kreisel\"\n               data-src=\"https:\/\/www.freimarianne.ch\/wp-content\/gallery\/lanzarote-7-5-17\/IMG_7036.jpg\"\n               data-thumbnail=\"https:\/\/www.freimarianne.ch\/wp-content\/gallery\/lanzarote-7-5-17\/thumbs\/thumbs_IMG_7036.jpg\"\n               data-image-id=\"16006\"\n               data-title=\"wenigstens ein Kamel auf dem Kreisel\"\n               data-description=\"wenigstens ein Kamel auf dem Kreisel\"\n               data-image-slug=\"img_7036-2\"\n               class=\"shutterset_24980\">\n                <img\n                    title=\"wenigstens ein Kamel auf dem Kreisel\"\n                    alt=\"wenigstens ein Kamel auf dem Kreisel\"\n                    src=\"https:\/\/www.freimarianne.ch\/wp-content\/gallery\/lanzarote-7-5-17\/thumbs\/thumbs_IMG_7036.jpg\"\n                    width=\"100\"\n                    height=\"75\"\n                    style=\"max-width:100%;\"\n                \/>\n            <\/a>\n        <\/div>\n\t\t\t\t\t\t\t<\/div> \n\t\t\t\n        \n\t\t\t\t<div id=\"ngg-image-1\" class=\"ngg-gallery-thumbnail-box\" >\n\t\t\t\t        <div class=\"ngg-gallery-thumbnail\">\n            <a href=\"https:\/\/www.freimarianne.ch\/wp-content\/gallery\/lanzarote-7-5-17\/IMG_7037.jpg\"\n               title=\"in Femes\"\n               data-src=\"https:\/\/www.freimarianne.ch\/wp-content\/gallery\/lanzarote-7-5-17\/IMG_7037.jpg\"\n               data-thumbnail=\"https:\/\/www.freimarianne.ch\/wp-content\/gallery\/lanzarote-7-5-17\/thumbs\/thumbs_IMG_7037.jpg\"\n               data-image-id=\"16007\"\n               data-title=\"in Femes\"\n               data-description=\"in Femes\"\n               data-image-slug=\"img_7037-2\"\n               class=\"shutterset_24980\">\n                <img\n                    title=\"in Femes\"\n                    alt=\"in Femes\"\n                    src=\"https:\/\/www.freimarianne.ch\/wp-content\/gallery\/lanzarote-7-5-17\/thumbs\/thumbs_IMG_7037.jpg\"\n                    width=\"100\"\n                    height=\"75\"\n                    style=\"max-width:100%;\"\n                \/>\n            <\/a>\n        <\/div>\n\t\t\t\t\t\t\t<\/div> \n\t\t\t\n        \n\t\t\t\t<div id=\"ngg-image-2\" class=\"ngg-gallery-thumbnail-box\" >\n\t\t\t\t        <div class=\"ngg-gallery-thumbnail\">\n            <a href=\"https:\/\/www.freimarianne.ch\/wp-content\/gallery\/lanzarote-7-5-17\/IMG_7039.jpg\"\n               title=\"Kirche in Femes\"\n               data-src=\"https:\/\/www.freimarianne.ch\/wp-content\/gallery\/lanzarote-7-5-17\/IMG_7039.jpg\"\n               data-thumbnail=\"https:\/\/www.freimarianne.ch\/wp-content\/gallery\/lanzarote-7-5-17\/thumbs\/thumbs_IMG_7039.jpg\"\n               data-image-id=\"16008\"\n               data-title=\"Kirche in Femes\"\n               data-description=\"Kirche in Femes\"\n               data-image-slug=\"img_7039-2\"\n               class=\"shutterset_24980\">\n                <img\n                    title=\"Kirche in Femes\"\n                    alt=\"Kirche in Femes\"\n                    src=\"https:\/\/www.freimarianne.ch\/wp-content\/gallery\/lanzarote-7-5-17\/thumbs\/thumbs_IMG_7039.jpg\"\n                    width=\"100\"\n                    height=\"75\"\n                    style=\"max-width:100%;\"\n                \/>\n            <\/a>\n        <\/div>\n\t\t\t\t\t\t\t<\/div> \n\t\t\t\n        \n\t\t\t\t<div id=\"ngg-image-3\" class=\"ngg-gallery-thumbnail-box\" >\n\t\t\t\t        <div class=\"ngg-gallery-thumbnail\">\n            <a href=\"https:\/\/www.freimarianne.ch\/wp-content\/gallery\/lanzarote-7-5-17\/IMG_7043.jpg\"\n               title=\"bei der Ziegenfarm\"\n               data-src=\"https:\/\/www.freimarianne.ch\/wp-content\/gallery\/lanzarote-7-5-17\/IMG_7043.jpg\"\n               data-thumbnail=\"https:\/\/www.freimarianne.ch\/wp-content\/gallery\/lanzarote-7-5-17\/thumbs\/thumbs_IMG_7043.jpg\"\n               data-image-id=\"16009\"\n               data-title=\"bei der Ziegenfarm\"\n               data-description=\"bei der Ziegenfarm\"\n               data-image-slug=\"img_7043-1\"\n               class=\"shutterset_24980\">\n                <img\n                    title=\"bei der Ziegenfarm\"\n                    alt=\"bei der Ziegenfarm\"\n                    src=\"https:\/\/www.freimarianne.ch\/wp-content\/gallery\/lanzarote-7-5-17\/thumbs\/thumbs_IMG_7043.jpg\"\n                    width=\"100\"\n                    height=\"75\"\n                    style=\"max-width:100%;\"\n                \/>\n            <\/a>\n        <\/div>\n\t\t\t\t\t\t\t<\/div> \n\t\t\t\n        \n\t\t\t\t<div id=\"ngg-image-4\" class=\"ngg-gallery-thumbnail-box\" >\n\t\t\t\t        <div class=\"ngg-gallery-thumbnail\">\n            <a href=\"https:\/\/www.freimarianne.ch\/wp-content\/gallery\/lanzarote-7-5-17\/IMG_7049.jpg\"\n               title=\"\"\n               data-src=\"https:\/\/www.freimarianne.ch\/wp-content\/gallery\/lanzarote-7-5-17\/IMG_7049.jpg\"\n               data-thumbnail=\"https:\/\/www.freimarianne.ch\/wp-content\/gallery\/lanzarote-7-5-17\/thumbs\/thumbs_IMG_7049.jpg\"\n               data-image-id=\"16010\"\n               data-title=\"IMG_7049\"\n               data-description=\"\"\n               data-image-slug=\"img_7049\"\n               class=\"shutterset_24980\">\n                <img\n                    title=\"IMG_7049\"\n                    alt=\"IMG_7049\"\n                    src=\"https:\/\/www.freimarianne.ch\/wp-content\/gallery\/lanzarote-7-5-17\/thumbs\/thumbs_IMG_7049.jpg\"\n                    width=\"100\"\n                    height=\"75\"\n                    style=\"max-width:100%;\"\n                \/>\n            <\/a>\n        <\/div>\n\t\t\t\t\t\t\t<\/div> \n\t\t\t\n        \n\t\t\t\t<div id=\"ngg-image-5\" class=\"ngg-gallery-thumbnail-box\" >\n\t\t\t\t        <div class=\"ngg-gallery-thumbnail\">\n            <a href=\"https:\/\/www.freimarianne.ch\/wp-content\/gallery\/lanzarote-7-5-17\/IMG_7053.jpg\"\n               title=\"Durch das alte Gebirge Los Ajaches\"\n               data-src=\"https:\/\/www.freimarianne.ch\/wp-content\/gallery\/lanzarote-7-5-17\/IMG_7053.jpg\"\n               data-thumbnail=\"https:\/\/www.freimarianne.ch\/wp-content\/gallery\/lanzarote-7-5-17\/thumbs\/thumbs_IMG_7053.jpg\"\n               data-image-id=\"16011\"\n               data-title=\"Durch das alte Gebirge Los Ajaches\"\n               data-description=\"Durch das alte Gebirge Los Ajaches\"\n               data-image-slug=\"img_7053-3\"\n               class=\"shutterset_24980\">\n                <img\n                    title=\"Durch das alte Gebirge Los Ajaches\"\n                    alt=\"Durch das alte Gebirge Los Ajaches\"\n                    src=\"https:\/\/www.freimarianne.ch\/wp-content\/gallery\/lanzarote-7-5-17\/thumbs\/thumbs_IMG_7053.jpg\"\n                    width=\"100\"\n                    height=\"75\"\n                    style=\"max-width:100%;\"\n                \/>\n            <\/a>\n        <\/div>\n\t\t\t\t\t\t\t<\/div> \n\t\t\t\n        \n\t\t\t\t<div id=\"ngg-image-6\" class=\"ngg-gallery-thumbnail-box\" >\n\t\t\t\t        <div class=\"ngg-gallery-thumbnail\">\n            <a href=\"https:\/\/www.freimarianne.ch\/wp-content\/gallery\/lanzarote-7-5-17\/IMG_7057.jpg\"\n               title=\"Durch das alte Gebirge Los Ajaches\"\n               data-src=\"https:\/\/www.freimarianne.ch\/wp-content\/gallery\/lanzarote-7-5-17\/IMG_7057.jpg\"\n               data-thumbnail=\"https:\/\/www.freimarianne.ch\/wp-content\/gallery\/lanzarote-7-5-17\/thumbs\/thumbs_IMG_7057.jpg\"\n               data-image-id=\"16012\"\n               data-title=\"Durch das alte Gebirge Los Ajaches\"\n               data-description=\"Durch das alte Gebirge Los Ajaches\"\n               data-image-slug=\"img_7057-3\"\n               class=\"shutterset_24980\">\n                <img\n                    title=\"Durch das alte Gebirge Los Ajaches\"\n                    alt=\"Durch das alte Gebirge Los Ajaches\"\n                    src=\"https:\/\/www.freimarianne.ch\/wp-content\/gallery\/lanzarote-7-5-17\/thumbs\/thumbs_IMG_7057.jpg\"\n                    width=\"100\"\n                    height=\"75\"\n                    style=\"max-width:100%;\"\n                \/>\n            <\/a>\n        <\/div>\n\t\t\t\t\t\t\t<\/div> \n\t\t\t\n        \n\t\t\t\t<div id=\"ngg-image-7\" class=\"ngg-gallery-thumbnail-box\" >\n\t\t\t\t        <div class=\"ngg-gallery-thumbnail\">\n            <a href=\"https:\/\/www.freimarianne.ch\/wp-content\/gallery\/lanzarote-7-5-17\/IMG_7058.jpg\"\n               title=\"\"\n               data-src=\"https:\/\/www.freimarianne.ch\/wp-content\/gallery\/lanzarote-7-5-17\/IMG_7058.jpg\"\n               data-thumbnail=\"https:\/\/www.freimarianne.ch\/wp-content\/gallery\/lanzarote-7-5-17\/thumbs\/thumbs_IMG_7058.jpg\"\n               data-image-id=\"16013\"\n               data-title=\"IMG_7058\"\n               data-description=\"\"\n               data-image-slug=\"img_7058-2\"\n               class=\"shutterset_24980\">\n                <img\n                    title=\"IMG_7058\"\n                    alt=\"IMG_7058\"\n                    src=\"https:\/\/www.freimarianne.ch\/wp-content\/gallery\/lanzarote-7-5-17\/thumbs\/thumbs_IMG_7058.jpg\"\n                    width=\"100\"\n                    height=\"75\"\n                    style=\"max-width:100%;\"\n                \/>\n            <\/a>\n        <\/div>\n\t\t\t\t\t\t\t<\/div> \n\t\t\t\n        \n\t\t\t\t<div id=\"ngg-image-8\" class=\"ngg-gallery-thumbnail-box\" >\n\t\t\t\t        <div class=\"ngg-gallery-thumbnail\">\n            <a href=\"https:\/\/www.freimarianne.ch\/wp-content\/gallery\/lanzarote-7-5-17\/IMG_7062.jpg\"\n               title=\"Rast\"\n               data-src=\"https:\/\/www.freimarianne.ch\/wp-content\/gallery\/lanzarote-7-5-17\/IMG_7062.jpg\"\n               data-thumbnail=\"https:\/\/www.freimarianne.ch\/wp-content\/gallery\/lanzarote-7-5-17\/thumbs\/thumbs_IMG_7062.jpg\"\n               data-image-id=\"16014\"\n               data-title=\"Rast\"\n               data-description=\"Rast\"\n               data-image-slug=\"img_7062-1\"\n               class=\"shutterset_24980\">\n                <img\n                    title=\"Rast\"\n                    alt=\"Rast\"\n                    src=\"https:\/\/www.freimarianne.ch\/wp-content\/gallery\/lanzarote-7-5-17\/thumbs\/thumbs_IMG_7062.jpg\"\n                    width=\"100\"\n                    height=\"75\"\n                    style=\"max-width:100%;\"\n                \/>\n            <\/a>\n        <\/div>\n\t\t\t\t\t\t\t<\/div> \n\t\t\t\n        \n\t\t\t\t<div id=\"ngg-image-9\" class=\"ngg-gallery-thumbnail-box\" >\n\t\t\t\t        <div class=\"ngg-gallery-thumbnail\">\n            <a href=\"https:\/\/www.freimarianne.ch\/wp-content\/gallery\/lanzarote-7-5-17\/IMG_7066.jpg\"\n               title=\"Brigitte, Bruni und Marianne\"\n               data-src=\"https:\/\/www.freimarianne.ch\/wp-content\/gallery\/lanzarote-7-5-17\/IMG_7066.jpg\"\n               data-thumbnail=\"https:\/\/www.freimarianne.ch\/wp-content\/gallery\/lanzarote-7-5-17\/thumbs\/thumbs_IMG_7066.jpg\"\n               data-image-id=\"16015\"\n               data-title=\"Brigitte, Bruni und Marianne\"\n               data-description=\"Brigitte, Bruni und Marianne\"\n               data-image-slug=\"img_7066-1\"\n               class=\"shutterset_24980\">\n                <img\n                    title=\"Brigitte, Bruni und Marianne\"\n                    alt=\"Brigitte, Bruni und Marianne\"\n                    src=\"https:\/\/www.freimarianne.ch\/wp-content\/gallery\/lanzarote-7-5-17\/thumbs\/thumbs_IMG_7066.jpg\"\n                    width=\"100\"\n                    height=\"75\"\n                    style=\"max-width:100%;\"\n                \/>\n            <\/a>\n        <\/div>\n\t\t\t\t\t\t\t<\/div> \n\t\t\t\n        \n\t\t\t\t<div id=\"ngg-image-10\" class=\"ngg-gallery-thumbnail-box\" >\n\t\t\t\t        <div class=\"ngg-gallery-thumbnail\">\n            <a href=\"https:\/\/www.freimarianne.ch\/wp-content\/gallery\/lanzarote-7-5-17\/IMG_7071.jpg\"\n               title=\"Durch das alte Gebirge Los Ajaches\"\n               data-src=\"https:\/\/www.freimarianne.ch\/wp-content\/gallery\/lanzarote-7-5-17\/IMG_7071.jpg\"\n               data-thumbnail=\"https:\/\/www.freimarianne.ch\/wp-content\/gallery\/lanzarote-7-5-17\/thumbs\/thumbs_IMG_7071.jpg\"\n               data-image-id=\"16016\"\n               data-title=\"Durch das alte Gebirge Los Ajaches\"\n               data-description=\"Durch das alte Gebirge Los Ajaches\"\n               data-image-slug=\"img_7071-2\"\n               class=\"shutterset_24980\">\n                <img\n                    title=\"Durch das alte Gebirge Los Ajaches\"\n                    alt=\"Durch das alte Gebirge Los Ajaches\"\n                    src=\"https:\/\/www.freimarianne.ch\/wp-content\/gallery\/lanzarote-7-5-17\/thumbs\/thumbs_IMG_7071.jpg\"\n                    width=\"100\"\n                    height=\"75\"\n                    style=\"max-width:100%;\"\n                \/>\n            <\/a>\n        <\/div>\n\t\t\t\t\t\t\t<\/div> \n\t\t\t\n        \n\t\t\t\t<div id=\"ngg-image-11\" class=\"ngg-gallery-thumbnail-box\" >\n\t\t\t\t        <div class=\"ngg-gallery-thumbnail\">\n            <a href=\"https:\/\/www.freimarianne.ch\/wp-content\/gallery\/lanzarote-7-5-17\/IMG_7074.jpg\"\n               title=\"Playa del Pozo\"\n               data-src=\"https:\/\/www.freimarianne.ch\/wp-content\/gallery\/lanzarote-7-5-17\/IMG_7074.jpg\"\n               data-thumbnail=\"https:\/\/www.freimarianne.ch\/wp-content\/gallery\/lanzarote-7-5-17\/thumbs\/thumbs_IMG_7074.jpg\"\n               data-image-id=\"16017\"\n               data-title=\"Playa del Pozo\"\n               data-description=\"Playa del Pozo\"\n               data-image-slug=\"img_7074\"\n               class=\"shutterset_24980\">\n                <img\n                    title=\"Playa del Pozo\"\n                    alt=\"Playa del Pozo\"\n                    src=\"https:\/\/www.freimarianne.ch\/wp-content\/gallery\/lanzarote-7-5-17\/thumbs\/thumbs_IMG_7074.jpg\"\n                    width=\"100\"\n                    height=\"75\"\n                    style=\"max-width:100%;\"\n                \/>\n            <\/a>\n        <\/div>\n\t\t\t\t\t\t\t<\/div> \n\t\t\t\n        \n\t\t\t\t<div id=\"ngg-image-12\" class=\"ngg-gallery-thumbnail-box\" >\n\t\t\t\t        <div class=\"ngg-gallery-thumbnail\">\n            <a href=\"https:\/\/www.freimarianne.ch\/wp-content\/gallery\/lanzarote-7-5-17\/IMG_7076.jpg\"\n               title=\"Playa del Pozo\"\n               data-src=\"https:\/\/www.freimarianne.ch\/wp-content\/gallery\/lanzarote-7-5-17\/IMG_7076.jpg\"\n               data-thumbnail=\"https:\/\/www.freimarianne.ch\/wp-content\/gallery\/lanzarote-7-5-17\/thumbs\/thumbs_IMG_7076.jpg\"\n               data-image-id=\"16018\"\n               data-title=\"Playa del Pozo\"\n               data-description=\"Playa del Pozo\"\n               data-image-slug=\"img_7076\"\n               class=\"shutterset_24980\">\n                <img\n                    title=\"Playa del Pozo\"\n                    alt=\"Playa del Pozo\"\n                    src=\"https:\/\/www.freimarianne.ch\/wp-content\/gallery\/lanzarote-7-5-17\/thumbs\/thumbs_IMG_7076.jpg\"\n                    width=\"100\"\n                    height=\"75\"\n                    style=\"max-width:100%;\"\n                \/>\n            <\/a>\n        <\/div>\n\t\t\t\t\t\t\t<\/div> \n\t\t\t\n        \n\t\t\n\t\t<!-- Pagination -->\n\t<div class='ngg-clear'><\/div>\t<\/div>\n<\/p>\n<p>&nbsp;<\/p>\n","protected":false},"excerpt":{"rendered":"<p>12.Tag: Wanderung durch das alte Gebirge Los Ajaches Von Femes steigen wir zum Bergsattel einer Ziegenfinca auf. Von dort oben genie\u00dfen wir den herrlichen Ausblick \u00fcber das uralte Ajachesmassiv und die Rubiconebne. Wir durchwandern einsame T\u00e4ler und den Barranco de la Higuera mit seinen antropolgischen Fundst\u00e4tten. Ein Teil der Gruppe besteigt noch einen Berg, die [&hellip;]<\/p>\n","protected":false},"author":1,"featured_media":0,"parent":24226,"menu_order":12,"comment_status":"closed","ping_status":"closed","template":"","meta":{"ngg_post_thumbnail":0},"_links":{"self":[{"href":"https:\/\/www.freimarianne.ch\/index.php?rest_route=\/wp\/v2\/pages\/24248"}],"collection":[{"href":"https:\/\/www.freimarianne.ch\/index.php?rest_route=\/wp\/v2\/pages"}],"about":[{"href":"https:\/\/www.freimarianne.ch\/index.php?rest_route=\/wp\/v2\/types\/page"}],"author":[{"embeddable":true,"href":"https:\/\/www.freimarianne.ch\/index.php?rest_route=\/wp\/v2\/users\/1"}],"replies":[{"embeddable":true,"href":"https:\/\/www.freimarianne.ch\/index.php?rest_route=%2Fwp%2Fv2%2Fcomments&post=24248"}],"version-history":[{"count":7,"href":"https:\/\/www.freimarianne.ch\/index.php?rest_route=\/wp\/v2\/pages\/24248\/revisions"}],"predecessor-version":[{"id":24981,"href":"https:\/\/www.freimarianne.ch\/index.php?rest_route=\/wp\/v2\/pages\/24248\/revisions\/24981"}],"up":[{"embeddable":true,"href":"https:\/\/www.freimarianne.ch\/index.php?rest_route=\/wp\/v2\/pages\/24226"}],"wp:attachment":[{"href":"https:\/\/www.freimarianne.ch\/index.php?rest_route=%2Fwp%2Fv2%2Fmedia&parent=24248"}],"curies":[{"name":"wp","href":"https:\/\/api.w.org\/{rel}","templated":true}]}}