{"id":2580,"date":"2012-02-27T10:43:20","date_gmt":"2012-02-27T09:43:20","guid":{"rendered":"http:\/\/www.freimarianne.ch\/?page_id=2580"},"modified":"2012-02-27T10:49:30","modified_gmt":"2012-02-27T09:49:30","slug":"meltingerberg-25-02-2012","status":"publish","type":"page","link":"https:\/\/www.freimarianne.ch\/?page_id=2580","title":{"rendered":"Meltingerberg 25.02.2012"},"content":{"rendered":"<p><strong>Winterwanderung<\/strong> von Erschwil \u00fcber Ch\u00e4sel &#8211; Hor\u00fcti &#8211; Meltingerberg &#8211; Chr\u00fczboden &#8211; Gilgenberg nach Nunningen<br \/>\n<img loading=\"lazy\" src=\"http:\/\/www.freimarianne.ch\/wp-content\/uploads\/2012\/02\/IMG_4234_melti_12_500.jpg\" alt=\"\" title=\"IMG_4234_melti_12_500\" width=\"500\" height=\"375\" class=\"alignleft size-full wp-image-2579\" srcset=\"https:\/\/www.freimarianne.ch\/wp-content\/uploads\/2012\/02\/IMG_4234_melti_12_500.jpg 500w, https:\/\/www.freimarianne.ch\/wp-content\/uploads\/2012\/02\/IMG_4234_melti_12_500-300x225.jpg 300w\" sizes=\"(max-width: 500px) 100vw, 500px\" \/><\/a><br \/>\n<!-- index.php -->\n<div\n\tclass=\"ngg-galleryoverview ngg-ajax-pagination-none\"\n\tid=\"ngg-gallery-778dc022a58040c640a5cc0fffcd6c0c-1\">\n\n    \t<div class=\"slideshowlink\">\n        <a href='https:\/\/www.freimarianne.ch\/index.php\/nggallery\/slideshow?page_id=2580'>[Show as slideshow]<\/a>\n\t\t\n\t<\/div>\n\t\t\t<!-- Thumbnails -->\n\t\t\t\t<div id=\"ngg-image-0\" class=\"ngg-gallery-thumbnail-box\" >\n\t\t\t\t        <div class=\"ngg-gallery-thumbnail\">\n            <a href=\"https:\/\/www.freimarianne.ch\/wp-content\/gallery\/meltingerberg-25-02-2012\/img_4221.jpg\"\n               title=\"\"\n               data-src=\"https:\/\/www.freimarianne.ch\/wp-content\/gallery\/meltingerberg-25-02-2012\/img_4221.jpg\"\n               data-thumbnail=\"https:\/\/www.freimarianne.ch\/wp-content\/gallery\/meltingerberg-25-02-2012\/thumbs\/thumbs_img_4221.jpg\"\n               data-image-id=\"4158\"\n               data-title=\"img_4221\"\n               data-description=\"\"\n               data-image-slug=\"img_4221-2\"\n               class=\"shutterset_778dc022a58040c640a5cc0fffcd6c0c\">\n                <img\n                    title=\"img_4221\"\n                    alt=\"img_4221\"\n                    src=\"https:\/\/www.freimarianne.ch\/wp-content\/gallery\/meltingerberg-25-02-2012\/cache\/img_4221.jpg-nggid044158-ngg0dyn-100x75x100-00f0w010c010r110f110r010t010.jpg\"\n                    width=\"100\"\n                    height=\"75\"\n                    style=\"max-width:100%;\"\n                \/>\n            <\/a>\n        <\/div>\n\t\t\t\t\t\t\t<\/div> \n\t\t\t\n                            \n\t\t\t\t<div id=\"ngg-image-1\" class=\"ngg-gallery-thumbnail-box\" >\n\t\t\t\t        <div class=\"ngg-gallery-thumbnail\">\n            <a href=\"https:\/\/www.freimarianne.ch\/wp-content\/gallery\/meltingerberg-25-02-2012\/img_4222.jpg\"\n               title=\"\"\n               data-src=\"https:\/\/www.freimarianne.ch\/wp-content\/gallery\/meltingerberg-25-02-2012\/img_4222.jpg\"\n               data-thumbnail=\"https:\/\/www.freimarianne.ch\/wp-content\/gallery\/meltingerberg-25-02-2012\/thumbs\/thumbs_img_4222.jpg\"\n               data-image-id=\"4159\"\n               data-title=\"img_4222\"\n               data-description=\"\"\n               data-image-slug=\"img_4222-2\"\n               class=\"shutterset_778dc022a58040c640a5cc0fffcd6c0c\">\n                <img\n                    title=\"img_4222\"\n                    alt=\"img_4222\"\n                    src=\"https:\/\/www.freimarianne.ch\/wp-content\/gallery\/meltingerberg-25-02-2012\/cache\/img_4222.jpg-nggid044159-ngg0dyn-100x75x100-00f0w010c010r110f110r010t010.jpg\"\n                    width=\"100\"\n                    height=\"75\"\n                    style=\"max-width:100%;\"\n                \/>\n            <\/a>\n        <\/div>\n\t\t\t\t\t\t\t<\/div> \n\t\t\t\n                            \n\t\t\t\t<div id=\"ngg-image-2\" class=\"ngg-gallery-thumbnail-box\" >\n\t\t\t\t        <div class=\"ngg-gallery-thumbnail\">\n            <a href=\"https:\/\/www.freimarianne.ch\/wp-content\/gallery\/meltingerberg-25-02-2012\/img_4223.jpg\"\n               title=\"\"\n               data-src=\"https:\/\/www.freimarianne.ch\/wp-content\/gallery\/meltingerberg-25-02-2012\/img_4223.jpg\"\n               data-thumbnail=\"https:\/\/www.freimarianne.ch\/wp-content\/gallery\/meltingerberg-25-02-2012\/thumbs\/thumbs_img_4223.jpg\"\n               data-image-id=\"4160\"\n               data-title=\"img_4223\"\n               data-description=\"\"\n               data-image-slug=\"img_4223\"\n               class=\"shutterset_778dc022a58040c640a5cc0fffcd6c0c\">\n                <img\n                    title=\"img_4223\"\n                    alt=\"img_4223\"\n                    src=\"https:\/\/www.freimarianne.ch\/wp-content\/gallery\/meltingerberg-25-02-2012\/cache\/img_4223.jpg-nggid044160-ngg0dyn-100x75x100-00f0w010c010r110f110r010t010.jpg\"\n                    width=\"100\"\n                    height=\"75\"\n                    style=\"max-width:100%;\"\n                \/>\n            <\/a>\n        <\/div>\n\t\t\t\t\t\t\t<\/div> \n\t\t\t\n                            \n\t\t\t\t<div id=\"ngg-image-3\" class=\"ngg-gallery-thumbnail-box\" >\n\t\t\t\t        <div class=\"ngg-gallery-thumbnail\">\n            <a href=\"https:\/\/www.freimarianne.ch\/wp-content\/gallery\/meltingerberg-25-02-2012\/img_4233.jpg\"\n               title=\"\"\n               data-src=\"https:\/\/www.freimarianne.ch\/wp-content\/gallery\/meltingerberg-25-02-2012\/img_4233.jpg\"\n               data-thumbnail=\"https:\/\/www.freimarianne.ch\/wp-content\/gallery\/meltingerberg-25-02-2012\/thumbs\/thumbs_img_4233.jpg\"\n               data-image-id=\"4161\"\n               data-title=\"img_4233\"\n               data-description=\"\"\n               data-image-slug=\"img_4233\"\n               class=\"shutterset_778dc022a58040c640a5cc0fffcd6c0c\">\n                <img\n                    title=\"img_4233\"\n                    alt=\"img_4233\"\n                    src=\"https:\/\/www.freimarianne.ch\/wp-content\/gallery\/meltingerberg-25-02-2012\/cache\/img_4233.jpg-nggid044161-ngg0dyn-100x75x100-00f0w010c010r110f110r010t010.jpg\"\n                    width=\"100\"\n                    height=\"75\"\n                    style=\"max-width:100%;\"\n                \/>\n            <\/a>\n        <\/div>\n\t\t\t\t\t\t\t<\/div> \n\t\t\t\n                                    <br style=\"clear: both\" \/>\n                    \n\t\t\t\t<div id=\"ngg-image-4\" class=\"ngg-gallery-thumbnail-box\" >\n\t\t\t\t        <div class=\"ngg-gallery-thumbnail\">\n            <a href=\"https:\/\/www.freimarianne.ch\/wp-content\/gallery\/meltingerberg-25-02-2012\/img_4234.jpg\"\n               title=\"\"\n               data-src=\"https:\/\/www.freimarianne.ch\/wp-content\/gallery\/meltingerberg-25-02-2012\/img_4234.jpg\"\n               data-thumbnail=\"https:\/\/www.freimarianne.ch\/wp-content\/gallery\/meltingerberg-25-02-2012\/thumbs\/thumbs_img_4234.jpg\"\n               data-image-id=\"4162\"\n               data-title=\"img_4234\"\n               data-description=\"\"\n               data-image-slug=\"img_4234\"\n               class=\"shutterset_778dc022a58040c640a5cc0fffcd6c0c\">\n                <img\n                    title=\"img_4234\"\n                    alt=\"img_4234\"\n                    src=\"https:\/\/www.freimarianne.ch\/wp-content\/gallery\/meltingerberg-25-02-2012\/cache\/img_4234.jpg-nggid044162-ngg0dyn-100x75x100-00f0w010c010r110f110r010t010.jpg\"\n                    width=\"100\"\n                    height=\"75\"\n                    style=\"max-width:100%;\"\n                \/>\n            <\/a>\n        <\/div>\n\t\t\t\t\t\t\t<\/div> \n\t\t\t\n                            \n\t\t\t\t<div id=\"ngg-image-5\" class=\"ngg-gallery-thumbnail-box\" >\n\t\t\t\t        <div class=\"ngg-gallery-thumbnail\">\n            <a href=\"https:\/\/www.freimarianne.ch\/wp-content\/gallery\/meltingerberg-25-02-2012\/img_4237.jpg\"\n               title=\"\"\n               data-src=\"https:\/\/www.freimarianne.ch\/wp-content\/gallery\/meltingerberg-25-02-2012\/img_4237.jpg\"\n               data-thumbnail=\"https:\/\/www.freimarianne.ch\/wp-content\/gallery\/meltingerberg-25-02-2012\/thumbs\/thumbs_img_4237.jpg\"\n               data-image-id=\"4163\"\n               data-title=\"img_4237\"\n               data-description=\"\"\n               data-image-slug=\"img_4237\"\n               class=\"shutterset_778dc022a58040c640a5cc0fffcd6c0c\">\n                <img\n                    title=\"img_4237\"\n                    alt=\"img_4237\"\n                    src=\"https:\/\/www.freimarianne.ch\/wp-content\/gallery\/meltingerberg-25-02-2012\/cache\/img_4237.jpg-nggid044163-ngg0dyn-100x75x100-00f0w010c010r110f110r010t010.jpg\"\n                    width=\"100\"\n                    height=\"67\"\n                    style=\"max-width:100%;\"\n                \/>\n            <\/a>\n        <\/div>\n\t\t\t\t\t\t\t<\/div> \n\t\t\t\n                            \n\t\t\t\t<div id=\"ngg-image-6\" class=\"ngg-gallery-thumbnail-box\" >\n\t\t\t\t        <div class=\"ngg-gallery-thumbnail\">\n            <a href=\"https:\/\/www.freimarianne.ch\/wp-content\/gallery\/meltingerberg-25-02-2012\/img_4238.jpg\"\n               title=\"\"\n               data-src=\"https:\/\/www.freimarianne.ch\/wp-content\/gallery\/meltingerberg-25-02-2012\/img_4238.jpg\"\n               data-thumbnail=\"https:\/\/www.freimarianne.ch\/wp-content\/gallery\/meltingerberg-25-02-2012\/thumbs\/thumbs_img_4238.jpg\"\n               data-image-id=\"4164\"\n               data-title=\"img_4238\"\n               data-description=\"\"\n               data-image-slug=\"img_4238\"\n               class=\"shutterset_778dc022a58040c640a5cc0fffcd6c0c\">\n                <img\n                    title=\"img_4238\"\n                    alt=\"img_4238\"\n                    src=\"https:\/\/www.freimarianne.ch\/wp-content\/gallery\/meltingerberg-25-02-2012\/cache\/img_4238.jpg-nggid044164-ngg0dyn-100x75x100-00f0w010c010r110f110r010t010.jpg\"\n                    width=\"100\"\n                    height=\"75\"\n                    style=\"max-width:100%;\"\n                \/>\n            <\/a>\n        <\/div>\n\t\t\t\t\t\t\t<\/div> \n\t\t\t\n                            \n\t\t\t\t<div id=\"ngg-image-7\" class=\"ngg-gallery-thumbnail-box\" >\n\t\t\t\t        <div class=\"ngg-gallery-thumbnail\">\n            <a href=\"https:\/\/www.freimarianne.ch\/wp-content\/gallery\/meltingerberg-25-02-2012\/img_4241.jpg\"\n               title=\"\"\n               data-src=\"https:\/\/www.freimarianne.ch\/wp-content\/gallery\/meltingerberg-25-02-2012\/img_4241.jpg\"\n               data-thumbnail=\"https:\/\/www.freimarianne.ch\/wp-content\/gallery\/meltingerberg-25-02-2012\/thumbs\/thumbs_img_4241.jpg\"\n               data-image-id=\"4165\"\n               data-title=\"img_4241\"\n               data-description=\"\"\n               data-image-slug=\"img_4241\"\n               class=\"shutterset_778dc022a58040c640a5cc0fffcd6c0c\">\n                <img\n                    title=\"img_4241\"\n                    alt=\"img_4241\"\n                    src=\"https:\/\/www.freimarianne.ch\/wp-content\/gallery\/meltingerberg-25-02-2012\/cache\/img_4241.jpg-nggid044165-ngg0dyn-100x75x100-00f0w010c010r110f110r010t010.jpg\"\n                    width=\"100\"\n                    height=\"75\"\n                    style=\"max-width:100%;\"\n                \/>\n            <\/a>\n        <\/div>\n\t\t\t\t\t\t\t<\/div> \n\t\t\t\n                                    <br style=\"clear: both\" \/>\n                    \n\t\t\t\t<div id=\"ngg-image-8\" class=\"ngg-gallery-thumbnail-box\" >\n\t\t\t\t        <div class=\"ngg-gallery-thumbnail\">\n            <a href=\"https:\/\/www.freimarianne.ch\/wp-content\/gallery\/meltingerberg-25-02-2012\/img_4243.jpg\"\n               title=\"\"\n               data-src=\"https:\/\/www.freimarianne.ch\/wp-content\/gallery\/meltingerberg-25-02-2012\/img_4243.jpg\"\n               data-thumbnail=\"https:\/\/www.freimarianne.ch\/wp-content\/gallery\/meltingerberg-25-02-2012\/thumbs\/thumbs_img_4243.jpg\"\n               data-image-id=\"4166\"\n               data-title=\"img_4243\"\n               data-description=\"\"\n               data-image-slug=\"img_4243\"\n               class=\"shutterset_778dc022a58040c640a5cc0fffcd6c0c\">\n                <img\n                    title=\"img_4243\"\n                    alt=\"img_4243\"\n                    src=\"https:\/\/www.freimarianne.ch\/wp-content\/gallery\/meltingerberg-25-02-2012\/cache\/img_4243.jpg-nggid044166-ngg0dyn-100x75x100-00f0w010c010r110f110r010t010.jpg\"\n                    width=\"100\"\n                    height=\"75\"\n                    style=\"max-width:100%;\"\n                \/>\n            <\/a>\n        <\/div>\n\t\t\t\t\t\t\t<\/div> \n\t\t\t\n                            \n\t\t\t\t<div id=\"ngg-image-9\" class=\"ngg-gallery-thumbnail-box\" >\n\t\t\t\t        <div class=\"ngg-gallery-thumbnail\">\n            <a href=\"https:\/\/www.freimarianne.ch\/wp-content\/gallery\/meltingerberg-25-02-2012\/img_4244.jpg\"\n               title=\"\"\n               data-src=\"https:\/\/www.freimarianne.ch\/wp-content\/gallery\/meltingerberg-25-02-2012\/img_4244.jpg\"\n               data-thumbnail=\"https:\/\/www.freimarianne.ch\/wp-content\/gallery\/meltingerberg-25-02-2012\/thumbs\/thumbs_img_4244.jpg\"\n               data-image-id=\"4167\"\n               data-title=\"img_4244\"\n               data-description=\"\"\n               data-image-slug=\"img_4244\"\n               class=\"shutterset_778dc022a58040c640a5cc0fffcd6c0c\">\n                <img\n                    title=\"img_4244\"\n                    alt=\"img_4244\"\n                    src=\"https:\/\/www.freimarianne.ch\/wp-content\/gallery\/meltingerberg-25-02-2012\/cache\/img_4244.jpg-nggid044167-ngg0dyn-100x75x100-00f0w010c010r110f110r010t010.jpg\"\n                    width=\"100\"\n                    height=\"75\"\n                    style=\"max-width:100%;\"\n                \/>\n            <\/a>\n        <\/div>\n\t\t\t\t\t\t\t<\/div> \n\t\t\t\n                            \n\t\t\t\t<div id=\"ngg-image-10\" class=\"ngg-gallery-thumbnail-box\" >\n\t\t\t\t        <div class=\"ngg-gallery-thumbnail\">\n            <a href=\"https:\/\/www.freimarianne.ch\/wp-content\/gallery\/meltingerberg-25-02-2012\/img_4251.jpg\"\n               title=\"\"\n               data-src=\"https:\/\/www.freimarianne.ch\/wp-content\/gallery\/meltingerberg-25-02-2012\/img_4251.jpg\"\n               data-thumbnail=\"https:\/\/www.freimarianne.ch\/wp-content\/gallery\/meltingerberg-25-02-2012\/thumbs\/thumbs_img_4251.jpg\"\n               data-image-id=\"4168\"\n               data-title=\"img_4251\"\n               data-description=\"\"\n               data-image-slug=\"img_4251\"\n               class=\"shutterset_778dc022a58040c640a5cc0fffcd6c0c\">\n                <img\n                    title=\"img_4251\"\n                    alt=\"img_4251\"\n                    src=\"https:\/\/www.freimarianne.ch\/wp-content\/gallery\/meltingerberg-25-02-2012\/cache\/img_4251.jpg-nggid044168-ngg0dyn-100x75x100-00f0w010c010r110f110r010t010.jpg\"\n                    width=\"100\"\n                    height=\"75\"\n                    style=\"max-width:100%;\"\n                \/>\n            <\/a>\n        <\/div>\n\t\t\t\t\t\t\t<\/div> \n\t\t\t\n                            \n\t\t\t\t<div id=\"ngg-image-11\" class=\"ngg-gallery-thumbnail-box\" >\n\t\t\t\t        <div class=\"ngg-gallery-thumbnail\">\n            <a href=\"https:\/\/www.freimarianne.ch\/wp-content\/gallery\/meltingerberg-25-02-2012\/img_4253.jpg\"\n               title=\"\"\n               data-src=\"https:\/\/www.freimarianne.ch\/wp-content\/gallery\/meltingerberg-25-02-2012\/img_4253.jpg\"\n               data-thumbnail=\"https:\/\/www.freimarianne.ch\/wp-content\/gallery\/meltingerberg-25-02-2012\/thumbs\/thumbs_img_4253.jpg\"\n               data-image-id=\"4169\"\n               data-title=\"img_4253\"\n               data-description=\"\"\n               data-image-slug=\"img_4253\"\n               class=\"shutterset_778dc022a58040c640a5cc0fffcd6c0c\">\n                <img\n                    title=\"img_4253\"\n                    alt=\"img_4253\"\n                    src=\"https:\/\/www.freimarianne.ch\/wp-content\/gallery\/meltingerberg-25-02-2012\/cache\/img_4253.jpg-nggid044169-ngg0dyn-100x75x100-00f0w010c010r110f110r010t010.jpg\"\n                    width=\"100\"\n                    height=\"75\"\n                    style=\"max-width:100%;\"\n                \/>\n            <\/a>\n        <\/div>\n\t\t\t\t\t\t\t<\/div> \n\t\t\t\n                                    <br style=\"clear: both\" \/>\n                    \n\t\t\t\t<div id=\"ngg-image-12\" class=\"ngg-gallery-thumbnail-box\" >\n\t\t\t\t        <div class=\"ngg-gallery-thumbnail\">\n            <a href=\"https:\/\/www.freimarianne.ch\/wp-content\/gallery\/meltingerberg-25-02-2012\/img_4258.jpg\"\n               title=\"\"\n               data-src=\"https:\/\/www.freimarianne.ch\/wp-content\/gallery\/meltingerberg-25-02-2012\/img_4258.jpg\"\n               data-thumbnail=\"https:\/\/www.freimarianne.ch\/wp-content\/gallery\/meltingerberg-25-02-2012\/thumbs\/thumbs_img_4258.jpg\"\n               data-image-id=\"4170\"\n               data-title=\"img_4258\"\n               data-description=\"\"\n               data-image-slug=\"img_4258-2\"\n               class=\"shutterset_778dc022a58040c640a5cc0fffcd6c0c\">\n                <img\n                    title=\"img_4258\"\n                    alt=\"img_4258\"\n                    src=\"https:\/\/www.freimarianne.ch\/wp-content\/gallery\/meltingerberg-25-02-2012\/cache\/img_4258.jpg-nggid044170-ngg0dyn-100x75x100-00f0w010c010r110f110r010t010.jpg\"\n                    width=\"100\"\n                    height=\"67\"\n                    style=\"max-width:100%;\"\n                \/>\n            <\/a>\n        <\/div>\n\t\t\t\t\t\t\t<\/div> \n\t\t\t\n                            \n\t\t\t\t<div id=\"ngg-image-13\" class=\"ngg-gallery-thumbnail-box\" >\n\t\t\t\t        <div class=\"ngg-gallery-thumbnail\">\n            <a href=\"https:\/\/www.freimarianne.ch\/wp-content\/gallery\/meltingerberg-25-02-2012\/img_4260.jpg\"\n               title=\"\"\n               data-src=\"https:\/\/www.freimarianne.ch\/wp-content\/gallery\/meltingerberg-25-02-2012\/img_4260.jpg\"\n               data-thumbnail=\"https:\/\/www.freimarianne.ch\/wp-content\/gallery\/meltingerberg-25-02-2012\/thumbs\/thumbs_img_4260.jpg\"\n               data-image-id=\"4171\"\n               data-title=\"img_4260\"\n               data-description=\"\"\n               data-image-slug=\"img_4260\"\n               class=\"shutterset_778dc022a58040c640a5cc0fffcd6c0c\">\n                <img\n                    title=\"img_4260\"\n                    alt=\"img_4260\"\n                    src=\"https:\/\/www.freimarianne.ch\/wp-content\/gallery\/meltingerberg-25-02-2012\/cache\/img_4260.jpg-nggid044171-ngg0dyn-100x75x100-00f0w010c010r110f110r010t010.jpg\"\n                    width=\"100\"\n                    height=\"75\"\n                    style=\"max-width:100%;\"\n                \/>\n            <\/a>\n        <\/div>\n\t\t\t\t\t\t\t<\/div> \n\t\t\t\n                            \n\t\t\t\t<div id=\"ngg-image-14\" class=\"ngg-gallery-thumbnail-box\" >\n\t\t\t\t        <div class=\"ngg-gallery-thumbnail\">\n            <a href=\"https:\/\/www.freimarianne.ch\/wp-content\/gallery\/meltingerberg-25-02-2012\/img_4261.jpg\"\n               title=\"\"\n               data-src=\"https:\/\/www.freimarianne.ch\/wp-content\/gallery\/meltingerberg-25-02-2012\/img_4261.jpg\"\n               data-thumbnail=\"https:\/\/www.freimarianne.ch\/wp-content\/gallery\/meltingerberg-25-02-2012\/thumbs\/thumbs_img_4261.jpg\"\n               data-image-id=\"4172\"\n               data-title=\"img_4261\"\n               data-description=\"\"\n               data-image-slug=\"img_4261\"\n               class=\"shutterset_778dc022a58040c640a5cc0fffcd6c0c\">\n                <img\n                    title=\"img_4261\"\n                    alt=\"img_4261\"\n                    src=\"https:\/\/www.freimarianne.ch\/wp-content\/gallery\/meltingerberg-25-02-2012\/cache\/img_4261.jpg-nggid044172-ngg0dyn-100x75x100-00f0w010c010r110f110r010t010.jpg\"\n                    width=\"100\"\n                    height=\"75\"\n                    style=\"max-width:100%;\"\n                \/>\n            <\/a>\n        <\/div>\n\t\t\t\t\t\t\t<\/div> \n\t\t\t\n                            \n\t\t\t\t<div id=\"ngg-image-15\" class=\"ngg-gallery-thumbnail-box\" >\n\t\t\t\t        <div class=\"ngg-gallery-thumbnail\">\n            <a href=\"https:\/\/www.freimarianne.ch\/wp-content\/gallery\/meltingerberg-25-02-2012\/img_4264.jpg\"\n               title=\"\"\n               data-src=\"https:\/\/www.freimarianne.ch\/wp-content\/gallery\/meltingerberg-25-02-2012\/img_4264.jpg\"\n               data-thumbnail=\"https:\/\/www.freimarianne.ch\/wp-content\/gallery\/meltingerberg-25-02-2012\/thumbs\/thumbs_img_4264.jpg\"\n               data-image-id=\"4173\"\n               data-title=\"img_4264\"\n               data-description=\"\"\n               data-image-slug=\"img_4264\"\n               class=\"shutterset_778dc022a58040c640a5cc0fffcd6c0c\">\n                <img\n                    title=\"img_4264\"\n                    alt=\"img_4264\"\n                    src=\"https:\/\/www.freimarianne.ch\/wp-content\/gallery\/meltingerberg-25-02-2012\/cache\/img_4264.jpg-nggid044173-ngg0dyn-100x75x100-00f0w010c010r110f110r010t010.jpg\"\n                    width=\"100\"\n                    height=\"75\"\n                    style=\"max-width:100%;\"\n                \/>\n            <\/a>\n        <\/div>\n\t\t\t\t\t\t\t<\/div> \n\t\t\t\n                                    <br style=\"clear: both\" \/>\n                    \n\t\t\t\t<div id=\"ngg-image-16\" class=\"ngg-gallery-thumbnail-box\" >\n\t\t\t\t        <div class=\"ngg-gallery-thumbnail\">\n            <a href=\"https:\/\/www.freimarianne.ch\/wp-content\/gallery\/meltingerberg-25-02-2012\/img_4266.jpg\"\n               title=\"\"\n               data-src=\"https:\/\/www.freimarianne.ch\/wp-content\/gallery\/meltingerberg-25-02-2012\/img_4266.jpg\"\n               data-thumbnail=\"https:\/\/www.freimarianne.ch\/wp-content\/gallery\/meltingerberg-25-02-2012\/thumbs\/thumbs_img_4266.jpg\"\n               data-image-id=\"4174\"\n               data-title=\"img_4266\"\n               data-description=\"\"\n               data-image-slug=\"img_4266\"\n               class=\"shutterset_778dc022a58040c640a5cc0fffcd6c0c\">\n                <img\n                    title=\"img_4266\"\n                    alt=\"img_4266\"\n                    src=\"https:\/\/www.freimarianne.ch\/wp-content\/gallery\/meltingerberg-25-02-2012\/cache\/img_4266.jpg-nggid044174-ngg0dyn-100x75x100-00f0w010c010r110f110r010t010.jpg\"\n                    width=\"92\"\n                    height=\"75\"\n                    style=\"max-width:100%;\"\n                \/>\n            <\/a>\n        <\/div>\n\t\t\t\t\t\t\t<\/div> \n\t\t\t\n                            \n\t\t\n\t\t<!-- Pagination -->\n\t<div class='ngg-clear'><\/div>\t<\/div>\n<\/p>\n","protected":false},"excerpt":{"rendered":"<p>Winterwanderung von Erschwil \u00fcber Ch\u00e4sel &#8211; Hor\u00fcti &#8211; Meltingerberg &#8211; Chr\u00fczboden &#8211; Gilgenberg nach Nunningen<\/p>\n","protected":false},"author":1,"featured_media":0,"parent":2480,"menu_order":5,"comment_status":"closed","ping_status":"closed","template":"","meta":{"ngg_post_thumbnail":0},"_links":{"self":[{"href":"https:\/\/www.freimarianne.ch\/index.php?rest_route=\/wp\/v2\/pages\/2580"}],"collection":[{"href":"https:\/\/www.freimarianne.ch\/index.php?rest_route=\/wp\/v2\/pages"}],"about":[{"href":"https:\/\/www.freimarianne.ch\/index.php?rest_route=\/wp\/v2\/types\/page"}],"author":[{"embeddable":true,"href":"https:\/\/www.freimarianne.ch\/index.php?rest_route=\/wp\/v2\/users\/1"}],"replies":[{"embeddable":true,"href":"https:\/\/www.freimarianne.ch\/index.php?rest_route=%2Fwp%2Fv2%2Fcomments&post=2580"}],"version-history":[{"count":3,"href":"https:\/\/www.freimarianne.ch\/index.php?rest_route=\/wp\/v2\/pages\/2580\/revisions"}],"predecessor-version":[{"id":2583,"href":"https:\/\/www.freimarianne.ch\/index.php?rest_route=\/wp\/v2\/pages\/2580\/revisions\/2583"}],"up":[{"embeddable":true,"href":"https:\/\/www.freimarianne.ch\/index.php?rest_route=\/wp\/v2\/pages\/2480"}],"wp:attachment":[{"href":"https:\/\/www.freimarianne.ch\/index.php?rest_route=%2Fwp%2Fv2%2Fmedia&parent=2580"}],"curies":[{"name":"wp","href":"https:\/\/api.w.org\/{rel}","templated":true}]}}