{"id":26204,"date":"2017-08-31T07:29:34","date_gmt":"2017-08-31T06:29:34","guid":{"rendered":"http:\/\/www.freimarianne.ch\/?page_id=26204"},"modified":"2017-08-31T10:12:01","modified_gmt":"2017-08-31T09:12:01","slug":"ofenpass-lu-val-mustair-gr-11-8-2017","status":"publish","type":"page","link":"https:\/\/www.freimarianne.ch\/?page_id=26204","title":{"rendered":"Ofenpass &#8211; L\u00fc; Val M\u00fcstair  GR   11.8.2017"},"content":{"rendered":"<p><strong>Wandern im Val M\u00fcstair 11.- 13.8. 2017<\/strong><br \/>\nmit dem Novartis Berg&amp;Skiclub<\/p>\n<p><strong>11.8.2017: Wanderung vom Ofenpass nach L\u00fc<\/strong><\/p>\n<p><img loading=\"lazy\" class=\"alignleft size-full wp-image-26206\" src=\"http:\/\/www.freimarianne.ch\/wp-content\/uploads\/2017\/08\/IMG_9964_lu\u0308_500.jpg\" alt=\"\" width=\"500\" height=\"375\" srcset=\"https:\/\/www.freimarianne.ch\/wp-content\/uploads\/2017\/08\/IMG_9964_lu\u0308_500.jpg 500w, https:\/\/www.freimarianne.ch\/wp-content\/uploads\/2017\/08\/IMG_9964_lu\u0308_500-300x225.jpg 300w, https:\/\/www.freimarianne.ch\/wp-content\/uploads\/2017\/08\/IMG_9964_lu\u0308_500-400x300.jpg 400w\" sizes=\"(max-width: 500px) 100vw, 500px\" \/><\/p>\n<p>Nach einem Startkaffee im Restaurant auf dem Ofenpass\u00a0 machen wir uns bereit f\u00fcr die Wanderung. Brauchen wir bereits das Regenzeug? Leider ist der Wetterbericht nicht gut f\u00fcr heute. Schon bald m\u00fcsssen wir unterwegs unsere Regenkleidung anziehen. Es ist etwas trostlos, im Regen zu wandern! Bei der Alp Munt\u00a0 machen wir eine Pause. Der Regen hat aufgeh\u00f6rt. Nach dem Wandern auf\u00a0 Alpstrassen gehen wir nun bald auf einen sch\u00f6nen Wanderweg ins Tal hinein gegen Campatsch und von dort auf einer Alpstrasse hinunter nach L\u00fc, wo das Postauto auf uns wartet.<br \/>\nDie einen steigen gleich ein, fahren hinunter nach Fuldera\u00a0 und wandern von dort nach Valchava\u00a0 zum Hotel Central.<br \/>\nBeim\u00a0 Nachtessen wird \u00fcber die f\u00fcr morgen geplante Wanderung auf den Piz Umbrail diskutiert. Ein schwieriger Entscheid fpr die Wanderleiterin!<\/p>\n<p>Laut Schweizmobil:<br \/>\nDistanz: 10.83km; Aufstieg: 354m; Abstieg: 586m;  Wanderzeit: 3h 2 min<\/p>\n<p><a href=\"https:\/\/map.wanderland.ch\/?lang=de&#038;route=all&#038;bgLayer=pk&#038;resolution=10&#038;E=2821461&#038;N=1168753&#038;layers=Wanderland&#038;trackId=3806954\">Karte Schweizmobil:<\/a><\/p>\n<p><!-- index.php -->\n<div\n\tclass=\"ngg-galleryoverview ngg-ajax-pagination-none\"\n\tid=\"ngg-gallery-26673-1\">\n\n    \t<div class=\"slideshowlink\">\n        <a href='https:\/\/www.freimarianne.ch\/index.php\/nggallery\/slideshow?page_id=26204'>[Show as slideshow]<\/a>\n\t\t\n\t<\/div>\n\t\t\t<!-- Thumbnails -->\n\t\t\t\t<div id=\"ngg-image-0\" class=\"ngg-gallery-thumbnail-box\" >\n\t\t\t\t        <div class=\"ngg-gallery-thumbnail\">\n            <a href=\"https:\/\/www.freimarianne.ch\/wp-content\/gallery\/ofenpass-lu-11-8-2017\/IMG_9955.jpg\"\n               title=\"auf der Alp da Munt;  Mittagspause\"\n               data-src=\"https:\/\/www.freimarianne.ch\/wp-content\/gallery\/ofenpass-lu-11-8-2017\/IMG_9955.jpg\"\n               data-thumbnail=\"https:\/\/www.freimarianne.ch\/wp-content\/gallery\/ofenpass-lu-11-8-2017\/thumbs\/thumbs_IMG_9955.jpg\"\n               data-image-id=\"16580\"\n               data-title=\"auf der Alp da Munt;  Mittagspause\"\n               data-description=\"auf der Alp da Munt;  Mittagspause\"\n               data-image-slug=\"img_9955\"\n               class=\"shutterset_26673\">\n                <img\n                    title=\"auf der Alp da Munt;  Mittagspause\"\n                    alt=\"auf der Alp da Munt;  Mittagspause\"\n                    src=\"https:\/\/www.freimarianne.ch\/wp-content\/gallery\/ofenpass-lu-11-8-2017\/thumbs\/thumbs_IMG_9955.jpg\"\n                    width=\"100\"\n                    height=\"75\"\n                    style=\"max-width:100%;\"\n                \/>\n            <\/a>\n        <\/div>\n\t\t\t\t\t\t\t<\/div> \n\t\t\t\n        \n\t\t\t\t<div id=\"ngg-image-1\" class=\"ngg-gallery-thumbnail-box\" >\n\t\t\t\t        <div class=\"ngg-gallery-thumbnail\">\n            <a href=\"https:\/\/www.freimarianne.ch\/wp-content\/gallery\/ofenpass-lu-11-8-2017\/IMG_9957.jpg\"\n               title=\"Piz Dora 2951m, Piz Daint 2968m\"\n               data-src=\"https:\/\/www.freimarianne.ch\/wp-content\/gallery\/ofenpass-lu-11-8-2017\/IMG_9957.jpg\"\n               data-thumbnail=\"https:\/\/www.freimarianne.ch\/wp-content\/gallery\/ofenpass-lu-11-8-2017\/thumbs\/thumbs_IMG_9957.jpg\"\n               data-image-id=\"16579\"\n               data-title=\"Piz Dora 2951m, Piz Daint 2968m\"\n               data-description=\"Piz Dora 2951m, Piz Daint 2968m\"\n               data-image-slug=\"img_9957-1\"\n               class=\"shutterset_26673\">\n                <img\n                    title=\"Piz Dora 2951m, Piz Daint 2968m\"\n                    alt=\"Piz Dora 2951m, Piz Daint 2968m\"\n                    src=\"https:\/\/www.freimarianne.ch\/wp-content\/gallery\/ofenpass-lu-11-8-2017\/thumbs\/thumbs_IMG_9957.jpg\"\n                    width=\"100\"\n                    height=\"75\"\n                    style=\"max-width:100%;\"\n                \/>\n            <\/a>\n        <\/div>\n\t\t\t\t\t\t\t<\/div> \n\t\t\t\n        \n\t\t\t\t<div id=\"ngg-image-2\" class=\"ngg-gallery-thumbnail-box\" >\n\t\t\t\t        <div class=\"ngg-gallery-thumbnail\">\n            <a href=\"https:\/\/www.freimarianne.ch\/wp-content\/gallery\/ofenpass-lu-11-8-2017\/IMG_9958.jpg\"\n               title=\"Aufstieg von der Alp da Munt\"\n               data-src=\"https:\/\/www.freimarianne.ch\/wp-content\/gallery\/ofenpass-lu-11-8-2017\/IMG_9958.jpg\"\n               data-thumbnail=\"https:\/\/www.freimarianne.ch\/wp-content\/gallery\/ofenpass-lu-11-8-2017\/thumbs\/thumbs_IMG_9958.jpg\"\n               data-image-id=\"16578\"\n               data-title=\"Aufstieg von der Alp da Munt\"\n               data-description=\"Aufstieg von der Alp da Munt\"\n               data-image-slug=\"img_9958\"\n               class=\"shutterset_26673\">\n                <img\n                    title=\"Aufstieg von der Alp da Munt\"\n                    alt=\"Aufstieg von der Alp da Munt\"\n                    src=\"https:\/\/www.freimarianne.ch\/wp-content\/gallery\/ofenpass-lu-11-8-2017\/thumbs\/thumbs_IMG_9958.jpg\"\n                    width=\"100\"\n                    height=\"75\"\n                    style=\"max-width:100%;\"\n                \/>\n            <\/a>\n        <\/div>\n\t\t\t\t\t\t\t<\/div> \n\t\t\t\n        \n\t\t\t\t<div id=\"ngg-image-3\" class=\"ngg-gallery-thumbnail-box\" >\n\t\t\t\t        <div class=\"ngg-gallery-thumbnail\">\n            <a href=\"https:\/\/www.freimarianne.ch\/wp-content\/gallery\/ofenpass-lu-11-8-2017\/IMG_9961.jpg\"\n               title=\"Blick ins Tal\"\n               data-src=\"https:\/\/www.freimarianne.ch\/wp-content\/gallery\/ofenpass-lu-11-8-2017\/IMG_9961.jpg\"\n               data-thumbnail=\"https:\/\/www.freimarianne.ch\/wp-content\/gallery\/ofenpass-lu-11-8-2017\/thumbs\/thumbs_IMG_9961.jpg\"\n               data-image-id=\"16577\"\n               data-title=\"Blick ins Tal\"\n               data-description=\"Blick ins Tal\"\n               data-image-slug=\"img_9961-1\"\n               class=\"shutterset_26673\">\n                <img\n                    title=\"Blick ins Tal\"\n                    alt=\"Blick ins Tal\"\n                    src=\"https:\/\/www.freimarianne.ch\/wp-content\/gallery\/ofenpass-lu-11-8-2017\/thumbs\/thumbs_IMG_9961.jpg\"\n                    width=\"100\"\n                    height=\"75\"\n                    style=\"max-width:100%;\"\n                \/>\n            <\/a>\n        <\/div>\n\t\t\t\t\t\t\t<\/div> \n\t\t\t\n        \n\t\t\t\t<div id=\"ngg-image-4\" class=\"ngg-gallery-thumbnail-box\" >\n\t\t\t\t        <div class=\"ngg-gallery-thumbnail\">\n            <a href=\"https:\/\/www.freimarianne.ch\/wp-content\/gallery\/ofenpass-lu-11-8-2017\/IMG_9964.jpg\"\n               title=\"endlich  blauer Himmel\"\n               data-src=\"https:\/\/www.freimarianne.ch\/wp-content\/gallery\/ofenpass-lu-11-8-2017\/IMG_9964.jpg\"\n               data-thumbnail=\"https:\/\/www.freimarianne.ch\/wp-content\/gallery\/ofenpass-lu-11-8-2017\/thumbs\/thumbs_IMG_9964.jpg\"\n               data-image-id=\"16576\"\n               data-title=\"endlich  blauer Himmel\"\n               data-description=\"endlich  blauer Himmel\"\n               data-image-slug=\"img_9964-1\"\n               class=\"shutterset_26673\">\n                <img\n                    title=\"endlich  blauer Himmel\"\n                    alt=\"endlich  blauer Himmel\"\n                    src=\"https:\/\/www.freimarianne.ch\/wp-content\/gallery\/ofenpass-lu-11-8-2017\/thumbs\/thumbs_IMG_9964.jpg\"\n                    width=\"100\"\n                    height=\"75\"\n                    style=\"max-width:100%;\"\n                \/>\n            <\/a>\n        <\/div>\n\t\t\t\t\t\t\t<\/div> \n\t\t\t\n        \n\t\t\t\t<div id=\"ngg-image-5\" class=\"ngg-gallery-thumbnail-box\" >\n\t\t\t\t        <div class=\"ngg-gallery-thumbnail\">\n            <a href=\"https:\/\/www.freimarianne.ch\/wp-content\/gallery\/ofenpass-lu-11-8-2017\/IMG_9966.jpg\"\n               title=\"nun gehen wir auf einem Wanderweg Richtung Campatsch\"\n               data-src=\"https:\/\/www.freimarianne.ch\/wp-content\/gallery\/ofenpass-lu-11-8-2017\/IMG_9966.jpg\"\n               data-thumbnail=\"https:\/\/www.freimarianne.ch\/wp-content\/gallery\/ofenpass-lu-11-8-2017\/thumbs\/thumbs_IMG_9966.jpg\"\n               data-image-id=\"16575\"\n               data-title=\"nun gehen wir auf einem Wanderweg Richtung Campatsch\"\n               data-description=\"nun gehen wir auf einem Wanderweg Richtung Campatsch\"\n               data-image-slug=\"img_9966\"\n               class=\"shutterset_26673\">\n                <img\n                    title=\"nun gehen wir auf einem Wanderweg Richtung Campatsch\"\n                    alt=\"nun gehen wir auf einem Wanderweg Richtung Campatsch\"\n                    src=\"https:\/\/www.freimarianne.ch\/wp-content\/gallery\/ofenpass-lu-11-8-2017\/thumbs\/thumbs_IMG_9966.jpg\"\n                    width=\"100\"\n                    height=\"75\"\n                    style=\"max-width:100%;\"\n                \/>\n            <\/a>\n        <\/div>\n\t\t\t\t\t\t\t<\/div> \n\t\t\t\n        \n\t\t\t\t<div id=\"ngg-image-6\" class=\"ngg-gallery-thumbnail-box\" >\n\t\t\t\t        <div class=\"ngg-gallery-thumbnail\">\n            <a href=\"https:\/\/www.freimarianne.ch\/wp-content\/gallery\/ofenpass-lu-11-8-2017\/IMG_9970.jpg\"\n               title=\"verschneite Berge\"\n               data-src=\"https:\/\/www.freimarianne.ch\/wp-content\/gallery\/ofenpass-lu-11-8-2017\/IMG_9970.jpg\"\n               data-thumbnail=\"https:\/\/www.freimarianne.ch\/wp-content\/gallery\/ofenpass-lu-11-8-2017\/thumbs\/thumbs_IMG_9970.jpg\"\n               data-image-id=\"16574\"\n               data-title=\"verschneite Berge\"\n               data-description=\"verschneite Berge\"\n               data-image-slug=\"img_9970\"\n               class=\"shutterset_26673\">\n                <img\n                    title=\"verschneite Berge\"\n                    alt=\"verschneite Berge\"\n                    src=\"https:\/\/www.freimarianne.ch\/wp-content\/gallery\/ofenpass-lu-11-8-2017\/thumbs\/thumbs_IMG_9970.jpg\"\n                    width=\"100\"\n                    height=\"75\"\n                    style=\"max-width:100%;\"\n                \/>\n            <\/a>\n        <\/div>\n\t\t\t\t\t\t\t<\/div> \n\t\t\t\n        \n\t\t\t\t<div id=\"ngg-image-7\" class=\"ngg-gallery-thumbnail-box\" >\n\t\t\t\t        <div class=\"ngg-gallery-thumbnail\">\n            <a href=\"https:\/\/www.freimarianne.ch\/wp-content\/gallery\/ofenpass-lu-11-8-2017\/IMG_9971.jpg\"\n               title=\"etws blauer Himmel\"\n               data-src=\"https:\/\/www.freimarianne.ch\/wp-content\/gallery\/ofenpass-lu-11-8-2017\/IMG_9971.jpg\"\n               data-thumbnail=\"https:\/\/www.freimarianne.ch\/wp-content\/gallery\/ofenpass-lu-11-8-2017\/thumbs\/thumbs_IMG_9971.jpg\"\n               data-image-id=\"16573\"\n               data-title=\"etws blauer Himmel\"\n               data-description=\"etws blauer Himmel\"\n               data-image-slug=\"img_9971\"\n               class=\"shutterset_26673\">\n                <img\n                    title=\"etws blauer Himmel\"\n                    alt=\"etws blauer Himmel\"\n                    src=\"https:\/\/www.freimarianne.ch\/wp-content\/gallery\/ofenpass-lu-11-8-2017\/thumbs\/thumbs_IMG_9971.jpg\"\n                    width=\"100\"\n                    height=\"75\"\n                    style=\"max-width:100%;\"\n                \/>\n            <\/a>\n        <\/div>\n\t\t\t\t\t\t\t<\/div> \n\t\t\t\n        \n\t\t\t\t<div id=\"ngg-image-8\" class=\"ngg-gallery-thumbnail-box\" >\n\t\t\t\t        <div class=\"ngg-gallery-thumbnail\">\n            <a href=\"https:\/\/www.freimarianne.ch\/wp-content\/gallery\/ofenpass-lu-11-8-2017\/IMG_9974.jpg\"\n               title=\"dunkle Stimmung\"\n               data-src=\"https:\/\/www.freimarianne.ch\/wp-content\/gallery\/ofenpass-lu-11-8-2017\/IMG_9974.jpg\"\n               data-thumbnail=\"https:\/\/www.freimarianne.ch\/wp-content\/gallery\/ofenpass-lu-11-8-2017\/thumbs\/thumbs_IMG_9974.jpg\"\n               data-image-id=\"16572\"\n               data-title=\"dunkle Stimmung\"\n               data-description=\"dunkle Stimmung\"\n               data-image-slug=\"img_9974\"\n               class=\"shutterset_26673\">\n                <img\n                    title=\"dunkle Stimmung\"\n                    alt=\"dunkle Stimmung\"\n                    src=\"https:\/\/www.freimarianne.ch\/wp-content\/gallery\/ofenpass-lu-11-8-2017\/thumbs\/thumbs_IMG_9974.jpg\"\n                    width=\"100\"\n                    height=\"75\"\n                    style=\"max-width:100%;\"\n                \/>\n            <\/a>\n        <\/div>\n\t\t\t\t\t\t\t<\/div> \n\t\t\t\n        \n\t\t\t\t<div id=\"ngg-image-9\" class=\"ngg-gallery-thumbnail-box\" >\n\t\t\t\t        <div class=\"ngg-gallery-thumbnail\">\n            <a href=\"https:\/\/www.freimarianne.ch\/wp-content\/gallery\/ofenpass-lu-11-8-2017\/IMG_9979.jpg\"\n               title=\"unterwegs nach L\u00fc\"\n               data-src=\"https:\/\/www.freimarianne.ch\/wp-content\/gallery\/ofenpass-lu-11-8-2017\/IMG_9979.jpg\"\n               data-thumbnail=\"https:\/\/www.freimarianne.ch\/wp-content\/gallery\/ofenpass-lu-11-8-2017\/thumbs\/thumbs_IMG_9979.jpg\"\n               data-image-id=\"16571\"\n               data-title=\"IMG_9979\"\n               data-description=\"unterwegs nach L\u00fc\"\n               data-image-slug=\"img_9979-1\"\n               class=\"shutterset_26673\">\n                <img\n                    title=\"IMG_9979\"\n                    alt=\"IMG_9979\"\n                    src=\"https:\/\/www.freimarianne.ch\/wp-content\/gallery\/ofenpass-lu-11-8-2017\/thumbs\/thumbs_IMG_9979.jpg\"\n                    width=\"100\"\n                    height=\"75\"\n                    style=\"max-width:100%;\"\n                \/>\n            <\/a>\n        <\/div>\n\t\t\t\t\t\t\t<\/div> \n\t\t\t\n        \n\t\t\t\t<div id=\"ngg-image-10\" class=\"ngg-gallery-thumbnail-box\" >\n\t\t\t\t        <div class=\"ngg-gallery-thumbnail\">\n            <a href=\"https:\/\/www.freimarianne.ch\/wp-content\/gallery\/ofenpass-lu-11-8-2017\/IMG_9981.jpg\"\n               title=\"der Weiler L\u00fc\"\n               data-src=\"https:\/\/www.freimarianne.ch\/wp-content\/gallery\/ofenpass-lu-11-8-2017\/IMG_9981.jpg\"\n               data-thumbnail=\"https:\/\/www.freimarianne.ch\/wp-content\/gallery\/ofenpass-lu-11-8-2017\/thumbs\/thumbs_IMG_9981.jpg\"\n               data-image-id=\"16570\"\n               data-title=\"IMG_9981\"\n               data-description=\"der Weiler L\u00fc\"\n               data-image-slug=\"img_9981-1\"\n               class=\"shutterset_26673\">\n                <img\n                    title=\"IMG_9981\"\n                    alt=\"IMG_9981\"\n                    src=\"https:\/\/www.freimarianne.ch\/wp-content\/gallery\/ofenpass-lu-11-8-2017\/thumbs\/thumbs_IMG_9981.jpg\"\n                    width=\"100\"\n                    height=\"75\"\n                    style=\"max-width:100%;\"\n                \/>\n            <\/a>\n        <\/div>\n\t\t\t\t\t\t\t<\/div> \n\t\t\t\n        \n\t\t\n\t\t<!-- Pagination -->\n\t<div class='ngg-clear'><\/div>\t<\/div>\n<\/p>\n","protected":false},"excerpt":{"rendered":"<p>Wandern im Val M\u00fcstair 11.- 13.8. 2017 mit dem Novartis Berg&amp;Skiclub 11.8.2017: Wanderung vom Ofenpass nach L\u00fc Nach einem Startkaffee im Restaurant auf dem Ofenpass\u00a0 machen wir uns bereit f\u00fcr die Wanderung. Brauchen wir bereits das Regenzeug? Leider ist der Wetterbericht nicht gut f\u00fcr heute. Schon bald m\u00fcsssen wir unterwegs unsere Regenkleidung anziehen. Es ist [&hellip;]<\/p>\n","protected":false},"author":1,"featured_media":0,"parent":24211,"menu_order":23,"comment_status":"closed","ping_status":"closed","template":"","meta":{"ngg_post_thumbnail":0},"_links":{"self":[{"href":"https:\/\/www.freimarianne.ch\/index.php?rest_route=\/wp\/v2\/pages\/26204"}],"collection":[{"href":"https:\/\/www.freimarianne.ch\/index.php?rest_route=\/wp\/v2\/pages"}],"about":[{"href":"https:\/\/www.freimarianne.ch\/index.php?rest_route=\/wp\/v2\/types\/page"}],"author":[{"embeddable":true,"href":"https:\/\/www.freimarianne.ch\/index.php?rest_route=\/wp\/v2\/users\/1"}],"replies":[{"embeddable":true,"href":"https:\/\/www.freimarianne.ch\/index.php?rest_route=%2Fwp%2Fv2%2Fcomments&post=26204"}],"version-history":[{"count":6,"href":"https:\/\/www.freimarianne.ch\/index.php?rest_route=\/wp\/v2\/pages\/26204\/revisions"}],"predecessor-version":[{"id":26688,"href":"https:\/\/www.freimarianne.ch\/index.php?rest_route=\/wp\/v2\/pages\/26204\/revisions\/26688"}],"up":[{"embeddable":true,"href":"https:\/\/www.freimarianne.ch\/index.php?rest_route=\/wp\/v2\/pages\/24211"}],"wp:attachment":[{"href":"https:\/\/www.freimarianne.ch\/index.php?rest_route=%2Fwp%2Fv2%2Fmedia&parent=26204"}],"curies":[{"name":"wp","href":"https:\/\/api.w.org\/{rel}","templated":true}]}}