{"id":27167,"date":"2017-09-29T09:40:57","date_gmt":"2017-09-29T08:40:57","guid":{"rendered":"http:\/\/www.freimarianne.ch\/?page_id=27167"},"modified":"2021-05-25T14:39:15","modified_gmt":"2021-05-25T13:39:15","slug":"mont-racine-ne-28-9-2017","status":"publish","type":"page","link":"https:\/\/www.freimarianne.ch\/?page_id=27167","title":{"rendered":"Mont Racine  NE  28.9.2017"},"content":{"rendered":"<p><strong>H\u00f6henwanderung von T\u00eate de Ran \u00fcber den Mont Racine und zum Col de la Tourne<\/strong><\/p>\n<p>Ich muss heute eine Wanderung vorlaufen. Das Wetter scheint gut zu sein aber es wird, wie ich bald sehen werde, sehr dunstig sein und ich werde die Alpen nicht sehen.<br \/>\nIch starte in les Hauts Geneveys und bin in weniger als einer Stunde bei den Geb\u00e4uden auf dem T\u00eate de Ran. Ich muss den Weg durch eine Kuhherde finden und dann bin ich wieder ganz allein auf diesem H\u00f6henweg, der verschieden Aussichten bietet, wenn er nicht gerade im Wald verl\u00e4uft. Bald bin ich im offenen Weidegebiet bei les Pradi\u00e8res dessus und dann beginnt der kurze Anstieg zum Mont Racine 1439m, wo ich die erste Paues einschalte. Aber bald ist es vorbei mit der Ruhe. Eine sehr grosse Wandergruppe ist auf dem Anmarsch. So bin ich bald wieder unterwegs&nbsp; auf dem Grat. Ich steige hinunter&nbsp; nach les Sagneules, einem typischen Jurahof. Von hier aus gehe ich auf einer Fahrstrasse&nbsp; hinunter und wieder hinauf&nbsp; auf die Hochebene von les Coeuries und von dort hinunter zum Col de la Tour, wo ich um 13.23h bereits den Bus nach Neuenburg besteigen kann.<\/p>\n<p>Laut Schweizmobil:<br \/>\nDistanz&nbsp;12.9km; Aufstieg: 694m; Abstieg: 514m ; Wanderzeit: 4.5h<br \/>\nIch war vom 9.19h bis 13.11h unterwegs mit einem kurzen Halt<br \/>\n\/a&gt;<\/p>\n<p><a href=\"https:\/\/map.wanderland.ch\/?lang=de&amp;route=all&amp;bgLayer=pk&amp;resolution=14.09&amp;photos=yes&amp;logo=yes&amp;season=summer&amp;layers=Wanderland%2CStation&amp;E=2553675&amp;N=1208038&amp;trackId=1109025583\">Karte Schweizmobil:<\/a><\/p>\n","protected":false},"excerpt":{"rendered":"<p>H\u00f6henwanderung von T\u00eate de Ran \u00fcber den Mont Racine und zum Col de la Tourne Ich muss heute eine Wanderung vorlaufen. Das Wetter scheint gut zu sein aber es wird, wie ich bald sehen werde, sehr dunstig sein und ich werde die Alpen nicht sehen. Ich starte in les Hauts Geneveys und bin in weniger [&hellip;]<\/p>\n","protected":false},"author":1,"featured_media":0,"parent":26690,"menu_order":6,"comment_status":"closed","ping_status":"closed","template":"","meta":{"ngg_post_thumbnail":0},"_links":{"self":[{"href":"https:\/\/www.freimarianne.ch\/index.php?rest_route=\/wp\/v2\/pages\/27167"}],"collection":[{"href":"https:\/\/www.freimarianne.ch\/index.php?rest_route=\/wp\/v2\/pages"}],"about":[{"href":"https:\/\/www.freimarianne.ch\/index.php?rest_route=\/wp\/v2\/types\/page"}],"author":[{"embeddable":true,"href":"https:\/\/www.freimarianne.ch\/index.php?rest_route=\/wp\/v2\/users\/1"}],"replies":[{"embeddable":true,"href":"https:\/\/www.freimarianne.ch\/index.php?rest_route=%2Fwp%2Fv2%2Fcomments&post=27167"}],"version-history":[{"count":10,"href":"https:\/\/www.freimarianne.ch\/index.php?rest_route=\/wp\/v2\/pages\/27167\/revisions"}],"predecessor-version":[{"id":49148,"href":"https:\/\/www.freimarianne.ch\/index.php?rest_route=\/wp\/v2\/pages\/27167\/revisions\/49148"}],"up":[{"embeddable":true,"href":"https:\/\/www.freimarianne.ch\/index.php?rest_route=\/wp\/v2\/pages\/26690"}],"wp:attachment":[{"href":"https:\/\/www.freimarianne.ch\/index.php?rest_route=%2Fwp%2Fv2%2Fmedia&parent=27167"}],"curies":[{"name":"wp","href":"https:\/\/api.w.org\/{rel}","templated":true}]}}