{"id":27203,"date":"2017-11-03T09:07:36","date_gmt":"2017-11-03T08:07:36","guid":{"rendered":"http:\/\/www.freimarianne.ch\/?page_id=27203"},"modified":"2017-11-12T10:24:34","modified_gmt":"2017-11-12T09:24:34","slug":"tirano-it","status":"publish","type":"page","link":"https:\/\/www.freimarianne.ch\/?page_id=27203","title":{"rendered":"Tirano  IT  1.10.2017"},"content":{"rendered":"<p><strong>Fahrt \u00fcber den Berninapass nach Tirano in Italien<\/strong><br \/>\nStadtbesichtigung<\/p>\n<p><img loading=\"lazy\" class=\"alignleft size-full wp-image-27194\" src=\"http:\/\/www.freimarianne.ch\/wp-content\/uploads\/2017\/11\/IMG_1396_tirano_1.10_500.jpg\" alt=\"\" width=\"500\" height=\"375\" srcset=\"https:\/\/www.freimarianne.ch\/wp-content\/uploads\/2017\/11\/IMG_1396_tirano_1.10_500.jpg 500w, https:\/\/www.freimarianne.ch\/wp-content\/uploads\/2017\/11\/IMG_1396_tirano_1.10_500-300x225.jpg 300w, https:\/\/www.freimarianne.ch\/wp-content\/uploads\/2017\/11\/IMG_1396_tirano_1.10_500-400x300.jpg 400w\" sizes=\"(max-width: 500px) 100vw, 500px\" \/><\/p>\n<p>Sonntag 1.10.2017: Schlechtwetterprogramm<br \/>\nWir fahren mit der Bahn nach Tirano, Italien. Es ist regnerisch und wolkenverhangen, gerade richtig f\u00fcr einen Stadtrundgang. Wir besichtigen die Kirche Madonne di Tiranao von aussen ( geschlossen um die Mittagszeit) und suchen dann die Altstadt auf, durch welche wir schlendern.<br \/>\nWir sehen etliche sch\u00f6ne Palazzi wie zB. Palazzo Salis und Palazzo Lambertenghi ( B&amp;B)<br \/>\nIn der N\u00e4he des Bahnhofs kehren wir in einem Gartenrestaurant ein und trinken Wein und Kaffee. Dann fahren wir wieder zur\u00fcck nach Pontresina, wo es am sp\u00e4ten Nachmittag wieder sch\u00f6n ist , sodass wir noch einen Spaziergang zu den Lawinwnvweerbauungen machen k\u00f6nnen. So bleibt auch dieser Tag als Sonnentag in unserer Erinnerung!<\/p>\n<p><!-- index.php -->\n<div\n\tclass=\"ngg-galleryoverview ngg-ajax-pagination-none\"\n\tid=\"ngg-gallery-28002-1\">\n\n    \t<div class=\"slideshowlink\">\n        <a href='https:\/\/www.freimarianne.ch\/index.php\/nggallery\/slideshow?page_id=27203'>[Show as slideshow]<\/a>\n\t\t\n\t<\/div>\n\t\t\t<!-- Thumbnails -->\n\t\t\t\t<div id=\"ngg-image-0\" class=\"ngg-gallery-thumbnail-box\" >\n\t\t\t\t        <div class=\"ngg-gallery-thumbnail\">\n            <a href=\"https:\/\/www.freimarianne.ch\/wp-content\/gallery\/tirano-1-10-17\/IMG_1384.jpg\"\n               title=\"Hauptlkirche von Tirano\"\n               data-src=\"https:\/\/www.freimarianne.ch\/wp-content\/gallery\/tirano-1-10-17\/IMG_1384.jpg\"\n               data-thumbnail=\"https:\/\/www.freimarianne.ch\/wp-content\/gallery\/tirano-1-10-17\/thumbs\/thumbs_IMG_1384.jpg\"\n               data-image-id=\"17003\"\n               data-title=\"Hauptlkirche von Tirano\"\n               data-description=\"Hauptlkirche von Tirano\"\n               data-image-slug=\"img_1384-5\"\n               class=\"shutterset_28002\">\n                <img\n                    title=\"Hauptlkirche von Tirano\"\n                    alt=\"Hauptlkirche von Tirano\"\n                    src=\"https:\/\/www.freimarianne.ch\/wp-content\/gallery\/tirano-1-10-17\/thumbs\/thumbs_IMG_1384.jpg\"\n                    width=\"100\"\n                    height=\"75\"\n                    style=\"max-width:100%;\"\n                \/>\n            <\/a>\n        <\/div>\n\t\t\t\t\t\t\t<\/div> \n\t\t\t\n        \n\t\t\t\t<div id=\"ngg-image-1\" class=\"ngg-gallery-thumbnail-box\" >\n\t\t\t\t        <div class=\"ngg-gallery-thumbnail\">\n            <a href=\"https:\/\/www.freimarianne.ch\/wp-content\/gallery\/tirano-1-10-17\/IMG_1388.jpg\"\n               title=\"Hauptlkirche von Tirano\"\n               data-src=\"https:\/\/www.freimarianne.ch\/wp-content\/gallery\/tirano-1-10-17\/IMG_1388.jpg\"\n               data-thumbnail=\"https:\/\/www.freimarianne.ch\/wp-content\/gallery\/tirano-1-10-17\/thumbs\/thumbs_IMG_1388.jpg\"\n               data-image-id=\"17002\"\n               data-title=\"Hauptlkirche von Tirano\"\n               data-description=\"Hauptlkirche von Tirano\"\n               data-image-slug=\"img_1388-1\"\n               class=\"shutterset_28002\">\n                <img\n                    title=\"Hauptlkirche von Tirano\"\n                    alt=\"Hauptlkirche von Tirano\"\n                    src=\"https:\/\/www.freimarianne.ch\/wp-content\/gallery\/tirano-1-10-17\/thumbs\/thumbs_IMG_1388.jpg\"\n                    width=\"100\"\n                    height=\"75\"\n                    style=\"max-width:100%;\"\n                \/>\n            <\/a>\n        <\/div>\n\t\t\t\t\t\t\t<\/div> \n\t\t\t\n        \n\t\t\t\t<div id=\"ngg-image-2\" class=\"ngg-gallery-thumbnail-box\" >\n\t\t\t\t        <div class=\"ngg-gallery-thumbnail\">\n            <a href=\"https:\/\/www.freimarianne.ch\/wp-content\/gallery\/tirano-1-10-17\/IMG_1390.jpg\"\n               title=\"ein Hauch von S\u00fcden\"\n               data-src=\"https:\/\/www.freimarianne.ch\/wp-content\/gallery\/tirano-1-10-17\/IMG_1390.jpg\"\n               data-thumbnail=\"https:\/\/www.freimarianne.ch\/wp-content\/gallery\/tirano-1-10-17\/thumbs\/thumbs_IMG_1390.jpg\"\n               data-image-id=\"17001\"\n               data-title=\"ein Hauch von S\u00c3\u00bcden\"\n               data-description=\"ein Hauch von S\u00fcden\"\n               data-image-slug=\"img_1390-4\"\n               class=\"shutterset_28002\">\n                <img\n                    title=\"ein Hauch von S\u00c3\u00bcden\"\n                    alt=\"ein Hauch von S\u00c3\u00bcden\"\n                    src=\"https:\/\/www.freimarianne.ch\/wp-content\/gallery\/tirano-1-10-17\/thumbs\/thumbs_IMG_1390.jpg\"\n                    width=\"100\"\n                    height=\"75\"\n                    style=\"max-width:100%;\"\n                \/>\n            <\/a>\n        <\/div>\n\t\t\t\t\t\t\t<\/div> \n\t\t\t\n        \n\t\t\t\t<div id=\"ngg-image-3\" class=\"ngg-gallery-thumbnail-box\" >\n\t\t\t\t        <div class=\"ngg-gallery-thumbnail\">\n            <a href=\"https:\/\/www.freimarianne.ch\/wp-content\/gallery\/tirano-1-10-17\/IMG_1394.jpg\"\n               title=\"in der Altstadt; Br\u00fccke \u00fcber den Fluss\"\n               data-src=\"https:\/\/www.freimarianne.ch\/wp-content\/gallery\/tirano-1-10-17\/IMG_1394.jpg\"\n               data-thumbnail=\"https:\/\/www.freimarianne.ch\/wp-content\/gallery\/tirano-1-10-17\/thumbs\/thumbs_IMG_1394.jpg\"\n               data-image-id=\"17000\"\n               data-title=\"in der Altstadt; Br\u00c3\u00bccke \u00c3\u00bcber den Fluss\"\n               data-description=\"in der Altstadt; Br\u00fccke \u00fcber den Fluss\"\n               data-image-slug=\"img_1394-4\"\n               class=\"shutterset_28002\">\n                <img\n                    title=\"in der Altstadt; Br\u00c3\u00bccke \u00c3\u00bcber den Fluss\"\n                    alt=\"in der Altstadt; Br\u00c3\u00bccke \u00c3\u00bcber den Fluss\"\n                    src=\"https:\/\/www.freimarianne.ch\/wp-content\/gallery\/tirano-1-10-17\/thumbs\/thumbs_IMG_1394.jpg\"\n                    width=\"100\"\n                    height=\"75\"\n                    style=\"max-width:100%;\"\n                \/>\n            <\/a>\n        <\/div>\n\t\t\t\t\t\t\t<\/div> \n\t\t\t\n        \n\t\t\t\t<div id=\"ngg-image-4\" class=\"ngg-gallery-thumbnail-box\" >\n\t\t\t\t        <div class=\"ngg-gallery-thumbnail\">\n            <a href=\"https:\/\/www.freimarianne.ch\/wp-content\/gallery\/tirano-1-10-17\/IMG_1396.jpg\"\n               title=\"der Hauptplatz in der Altstadt\"\n               data-src=\"https:\/\/www.freimarianne.ch\/wp-content\/gallery\/tirano-1-10-17\/IMG_1396.jpg\"\n               data-thumbnail=\"https:\/\/www.freimarianne.ch\/wp-content\/gallery\/tirano-1-10-17\/thumbs\/thumbs_IMG_1396.jpg\"\n               data-image-id=\"16999\"\n               data-title=\"der Hauptplatz in der Altstadt\"\n               data-description=\"der Hauptplatz in der Altstadt\"\n               data-image-slug=\"img_1396-3\"\n               class=\"shutterset_28002\">\n                <img\n                    title=\"der Hauptplatz in der Altstadt\"\n                    alt=\"der Hauptplatz in der Altstadt\"\n                    src=\"https:\/\/www.freimarianne.ch\/wp-content\/gallery\/tirano-1-10-17\/thumbs\/thumbs_IMG_1396.jpg\"\n                    width=\"100\"\n                    height=\"75\"\n                    style=\"max-width:100%;\"\n                \/>\n            <\/a>\n        <\/div>\n\t\t\t\t\t\t\t<\/div> \n\t\t\t\n        \n\t\t\t\t<div id=\"ngg-image-5\" class=\"ngg-gallery-thumbnail-box\" >\n\t\t\t\t        <div class=\"ngg-gallery-thumbnail\">\n            <a href=\"https:\/\/www.freimarianne.ch\/wp-content\/gallery\/tirano-1-10-17\/IMG_9356.jpg\"\n               title=\"Spaziergang zu den Lawinwn- Verbauungen\"\n               data-src=\"https:\/\/www.freimarianne.ch\/wp-content\/gallery\/tirano-1-10-17\/IMG_9356.jpg\"\n               data-thumbnail=\"https:\/\/www.freimarianne.ch\/wp-content\/gallery\/tirano-1-10-17\/thumbs\/thumbs_IMG_9356.jpg\"\n               data-image-id=\"16998\"\n               data-title=\"Spaziergang zu den Lawinwn- Verbauungen\"\n               data-description=\"Spaziergang zu den Lawinwn- Verbauungen\"\n               data-image-slug=\"img_9356\"\n               class=\"shutterset_28002\">\n                <img\n                    title=\"Spaziergang zu den Lawinwn- Verbauungen\"\n                    alt=\"Spaziergang zu den Lawinwn- Verbauungen\"\n                    src=\"https:\/\/www.freimarianne.ch\/wp-content\/gallery\/tirano-1-10-17\/thumbs\/thumbs_IMG_9356.jpg\"\n                    width=\"100\"\n                    height=\"75\"\n                    style=\"max-width:100%;\"\n                \/>\n            <\/a>\n        <\/div>\n\t\t\t\t\t\t\t<\/div> \n\t\t\t\n        \n\t\t\t\t<div id=\"ngg-image-6\" class=\"ngg-gallery-thumbnail-box\" >\n\t\t\t\t        <div class=\"ngg-gallery-thumbnail\">\n            <a href=\"https:\/\/www.freimarianne.ch\/wp-content\/gallery\/tirano-1-10-17\/IMG_9357.jpg\"\n               title=\"Spaziergang zu den Lawinwn- Verbauungen\"\n               data-src=\"https:\/\/www.freimarianne.ch\/wp-content\/gallery\/tirano-1-10-17\/IMG_9357.jpg\"\n               data-thumbnail=\"https:\/\/www.freimarianne.ch\/wp-content\/gallery\/tirano-1-10-17\/thumbs\/thumbs_IMG_9357.jpg\"\n               data-image-id=\"16997\"\n               data-title=\"Spaziergang zu den Lawinwn- Verbauungen\"\n               data-description=\"Spaziergang zu den Lawinwn- Verbauungen\"\n               data-image-slug=\"img_9357-1\"\n               class=\"shutterset_28002\">\n                <img\n                    title=\"Spaziergang zu den Lawinwn- Verbauungen\"\n                    alt=\"Spaziergang zu den Lawinwn- Verbauungen\"\n                    src=\"https:\/\/www.freimarianne.ch\/wp-content\/gallery\/tirano-1-10-17\/thumbs\/thumbs_IMG_9357.jpg\"\n                    width=\"100\"\n                    height=\"75\"\n                    style=\"max-width:100%;\"\n                \/>\n            <\/a>\n        <\/div>\n\t\t\t\t\t\t\t<\/div> \n\t\t\t\n        \n\t\t\t\t<div id=\"ngg-image-7\" class=\"ngg-gallery-thumbnail-box\" >\n\t\t\t\t        <div class=\"ngg-gallery-thumbnail\">\n            <a href=\"https:\/\/www.freimarianne.ch\/wp-content\/gallery\/tirano-1-10-17\/IMG_9358.jpg\"\n               title=\"es siehr wieder freundlich aus\"\n               data-src=\"https:\/\/www.freimarianne.ch\/wp-content\/gallery\/tirano-1-10-17\/IMG_9358.jpg\"\n               data-thumbnail=\"https:\/\/www.freimarianne.ch\/wp-content\/gallery\/tirano-1-10-17\/thumbs\/thumbs_IMG_9358.jpg\"\n               data-image-id=\"16996\"\n               data-title=\"es siehr wieder freundlich aus\"\n               data-description=\"es siehr wieder freundlich aus\"\n               data-image-slug=\"img_9358-4\"\n               class=\"shutterset_28002\">\n                <img\n                    title=\"es siehr wieder freundlich aus\"\n                    alt=\"es siehr wieder freundlich aus\"\n                    src=\"https:\/\/www.freimarianne.ch\/wp-content\/gallery\/tirano-1-10-17\/thumbs\/thumbs_IMG_9358.jpg\"\n                    width=\"100\"\n                    height=\"75\"\n                    style=\"max-width:100%;\"\n                \/>\n            <\/a>\n        <\/div>\n\t\t\t\t\t\t\t<\/div> \n\t\t\t\n        \n\t\t\n\t\t<!-- Pagination -->\n\t<div class='ngg-clear'><\/div>\t<\/div>\n<\/p>\n","protected":false},"excerpt":{"rendered":"<p>Fahrt \u00fcber den Berninapass nach Tirano in Italien Stadtbesichtigung Sonntag 1.10.2017: Schlechtwetterprogramm Wir fahren mit der Bahn nach Tirano, Italien. Es ist regnerisch und wolkenverhangen, gerade richtig f\u00fcr einen Stadtrundgang. Wir besichtigen die Kirche Madonne di Tiranao von aussen ( geschlossen um die Mittagszeit) und suchen dann die Altstadt auf, durch welche wir schlendern. Wir [&hellip;]<\/p>\n","protected":false},"author":1,"featured_media":0,"parent":26690,"menu_order":8,"comment_status":"closed","ping_status":"closed","template":"","meta":{"ngg_post_thumbnail":0},"_links":{"self":[{"href":"https:\/\/www.freimarianne.ch\/index.php?rest_route=\/wp\/v2\/pages\/27203"}],"collection":[{"href":"https:\/\/www.freimarianne.ch\/index.php?rest_route=\/wp\/v2\/pages"}],"about":[{"href":"https:\/\/www.freimarianne.ch\/index.php?rest_route=\/wp\/v2\/types\/page"}],"author":[{"embeddable":true,"href":"https:\/\/www.freimarianne.ch\/index.php?rest_route=\/wp\/v2\/users\/1"}],"replies":[{"embeddable":true,"href":"https:\/\/www.freimarianne.ch\/index.php?rest_route=%2Fwp%2Fv2%2Fcomments&post=27203"}],"version-history":[{"count":6,"href":"https:\/\/www.freimarianne.ch\/index.php?rest_route=\/wp\/v2\/pages\/27203\/revisions"}],"predecessor-version":[{"id":28005,"href":"https:\/\/www.freimarianne.ch\/index.php?rest_route=\/wp\/v2\/pages\/27203\/revisions\/28005"}],"up":[{"embeddable":true,"href":"https:\/\/www.freimarianne.ch\/index.php?rest_route=\/wp\/v2\/pages\/26690"}],"wp:attachment":[{"href":"https:\/\/www.freimarianne.ch\/index.php?rest_route=%2Fwp%2Fv2%2Fmedia&parent=27203"}],"curies":[{"name":"wp","href":"https:\/\/api.w.org\/{rel}","templated":true}]}}