{"id":27238,"date":"2017-11-03T17:03:44","date_gmt":"2017-11-03T16:03:44","guid":{"rendered":"http:\/\/www.freimarianne.ch\/?page_id=27238"},"modified":"2023-10-18T14:16:50","modified_gmt":"2023-10-18T13:16:50","slug":"erschmatt-leuk-stadt-vs-24-10-2017","status":"publish","type":"page","link":"https:\/\/www.freimarianne.ch\/?page_id=27238","title":{"rendered":"Erschmatt  &#8211; Leuk Stadt  VS  24.10.2017"},"content":{"rendered":"<p><strong>Wanderung von Erschmatt hinunter zur Hohen Br\u00fccke und hin\u00fcber nach Leuk Stadt<\/strong><\/p>\n<p><img loading=\"lazy\" class=\"size-full wp-image-27224\" src=\"http:\/\/www.freimarianne.ch\/wp-content\/uploads\/2017\/11\/IMG_1555Leuk_500.jpg\" alt=\"\" width=\"500\" height=\"375\" srcset=\"https:\/\/www.freimarianne.ch\/wp-content\/uploads\/2017\/11\/IMG_1555Leuk_500.jpg 500w, https:\/\/www.freimarianne.ch\/wp-content\/uploads\/2017\/11\/IMG_1555Leuk_500-300x225.jpg 300w, https:\/\/www.freimarianne.ch\/wp-content\/uploads\/2017\/11\/IMG_1555Leuk_500-400x300.jpg 400w\" sizes=\"(max-width: 500px) 100vw, 500px\" \/> in den Rebbergen von Brentjong<\/p>\n<p>Heute soll es wieder sch\u00f6n sein im Wallis.<br \/>\nDa es bereits hinuntergeschneit hat, sind die h\u00f6heren&nbsp; Berg weiss und es wird interessante Fotos geben.<br \/>\nWir beginnen unsere Wanderung nach einer langen Fahrt um 10.07h im Dorfzentrum Erschmatt. Dann wandern wir durch das Dorf zum Wanderweg nach der Hohen Br\u00fccke, die wir um ca. 11h erreichen.<br \/>\nDieses Mal ( <a href=\"http:\/\/www.freimarianne.ch\/?page_id=27228\">link zur Wanderung Gampel-Turtmann<\/a>) geht der Weg weiter \u00fcber die Br\u00fccke in Richtung Leuk Stadt. Nun gibt es eine leichte Steigung und so kommen wir \u00fcber Ober Rotafen. Weiter geht es bergauf auf eine Fahrstrasse, der wir kurz folgen m\u00fcssen, um dann bei Ober Lichten wieder auf einen schmalen Pfad abzweigen zu k\u00f6nnen. Dies ist ein sch\u00f6ner Wegabschnitt, der uns auch in ein Tobel hinein und dann hinauf zu den ersten Rebbergen von Brentjong bringt. Nun sehen wir die riesigen, weissen Sch\u00fcsseln der Satellitenbodenstation Brentjong aus der N\u00e4he. Wir m\u00fcssen um die umz\u00e4unte Station herumgehen und dann f\u00e4llt der Wanderweg ab nach Leuk Stadt. Wir haben eine sch\u00f6ne Sicht auf das Rhonetal. Von weit weg winken die weissen Berge: Grand Chavelard, Dents de Morcles, Haut de Cry.<br \/>\nWir schauen uns den Ort kurz an und besuchen die Kirche. Dann finden wir den Wanderweg hinunter zum Bahnhof Leuk.Bald haben wir einen Zug zr\u00fcck nach Visp.<br \/>\nDies war eine interessante Wanderung, die eher als Genusswanderung einzustufen ist. Nun habe ich wieder einen weiteren Abschnitt am Rhonetal S\u00fcdhang gemacht!<br \/>\nLaut Schweizmobil:<br \/>\nDistanz: 7.42km, Aufstieg: 216m, Abstieg: 728m, Wanderzeit: 2 h 15 min<\/p>\n<p><a href=\"https:\/\/map.wanderland.ch\/?lang=de&amp;route=all&amp;bgLayer=pk&amp;resolution=4.83&amp;photos=yes&amp;logo=yes&amp;season=summer&amp;E=2617164&amp;N=1129515&amp;layers=Wanderland&amp;trackId=4027883\">Karte Schweizmobil:<\/a><\/p>\n<p><p>Invalid Displayed Gallery<\/p><\/p>\n","protected":false},"excerpt":{"rendered":"<p>Wanderung von Erschmatt hinunter zur Hohen Br\u00fccke und hin\u00fcber nach Leuk Stadt in den Rebbergen von Brentjong Heute soll es wieder sch\u00f6n sein im Wallis. Da es bereits hinuntergeschneit hat, sind die h\u00f6heren&nbsp; Berg weiss und es wird interessante Fotos geben. Wir beginnen unsere Wanderung nach einer langen Fahrt um 10.07h im Dorfzentrum Erschmatt. Dann [&hellip;]<\/p>\n","protected":false},"author":1,"featured_media":0,"parent":26690,"menu_order":20,"comment_status":"closed","ping_status":"closed","template":"","meta":{"ngg_post_thumbnail":0},"_links":{"self":[{"href":"https:\/\/www.freimarianne.ch\/index.php?rest_route=\/wp\/v2\/pages\/27238"}],"collection":[{"href":"https:\/\/www.freimarianne.ch\/index.php?rest_route=\/wp\/v2\/pages"}],"about":[{"href":"https:\/\/www.freimarianne.ch\/index.php?rest_route=\/wp\/v2\/types\/page"}],"author":[{"embeddable":true,"href":"https:\/\/www.freimarianne.ch\/index.php?rest_route=\/wp\/v2\/users\/1"}],"replies":[{"embeddable":true,"href":"https:\/\/www.freimarianne.ch\/index.php?rest_route=%2Fwp%2Fv2%2Fcomments&post=27238"}],"version-history":[{"count":7,"href":"https:\/\/www.freimarianne.ch\/index.php?rest_route=\/wp\/v2\/pages\/27238\/revisions"}],"predecessor-version":[{"id":63492,"href":"https:\/\/www.freimarianne.ch\/index.php?rest_route=\/wp\/v2\/pages\/27238\/revisions\/63492"}],"up":[{"embeddable":true,"href":"https:\/\/www.freimarianne.ch\/index.php?rest_route=\/wp\/v2\/pages\/26690"}],"wp:attachment":[{"href":"https:\/\/www.freimarianne.ch\/index.php?rest_route=%2Fwp%2Fv2%2Fmedia&parent=27238"}],"curies":[{"name":"wp","href":"https:\/\/api.w.org\/{rel}","templated":true}]}}