{"id":28121,"date":"2017-11-26T11:22:38","date_gmt":"2017-11-26T10:22:38","guid":{"rendered":"http:\/\/www.freimarianne.ch\/?page_id=28121"},"modified":"2017-11-26T11:44:16","modified_gmt":"2017-11-26T10:44:16","slug":"saanenmoser-saanen-be-21-11-2017","status":"publish","type":"page","link":"https:\/\/www.freimarianne.ch\/?page_id=28121","title":{"rendered":"Saanenm\u00f6ser &#8211; Saanen  BE  21.11.2017"},"content":{"rendered":"<p><strong>Winterwanderung von Saanenm\u00f6ser \u00fcber Gstaad nach Saanen<\/strong><\/p>\n<p>[slideshow_deploy id=&#8217;28129&#8217;&#093;<\/p>\n<p> Wir nutzen das sch\u00f6ne Wetter f\u00fcr  eine Winterwanderung! Wir starten in Saanenm\u00f6ser und wandern auf bereits bekannten Weg nach Sch\u00f6nried. Hier finden wir den Einstieg in den Weg nach Gstaad. Auf dem Weiterweg m\u00fcssen wir aber feststellen, dass die Signalisation mangelhaft ist.  Da  die Wintersaison noch nicht begonnen hat und es noch nicht viel Schnee hat wird dieser Pfad wohl auch noch nicht oft begangen. Wir  finden jedenfalls den Weg nach Gstaad, wo wir eine Pause einschalten.  Dann spazieren wir weiter der Saane entlang nach Saanen, wobei der erste Teil der Wanderung  auf einer Strasse erfolgt!!<br \/>\nWir haben heute jedenfall gen\u00fcgend Lux- Einheiten  gehabt.<\/p>\n<p>Laut Schweizmobil:<br \/>\nDistanz: 10.4 km; Aufstieg: 49m; Abstieg: 309m; Wanderzeit: 2h 28 min<\/p>\n<p><a href=\"https:\/\/map.schweizmobil.ch\/?lang=de&#038;bgLayer=pk&#038;season=summer&#038;resolution=10&#038;E=2588375&#038;N=1149408&#038;trackId=4076921\">Karte Schweizmobil:<\/a><\/p>\n","protected":false},"excerpt":{"rendered":"<p>Winterwanderung von Saanenm\u00f6ser \u00fcber Gstaad nach Saanen Wir nutzen das sch\u00f6ne Wetter f\u00fcr eine Winterwanderung! Wir starten in Saanenm\u00f6ser und wandern auf bereits bekannten Weg nach Sch\u00f6nried. Hier finden wir den Einstieg in den Weg nach Gstaad. Auf dem Weiterweg m\u00fcssen wir aber feststellen, dass die Signalisation mangelhaft ist. Da die Wintersaison noch nicht begonnen [&hellip;]<\/p>\n","protected":false},"author":1,"featured_media":0,"parent":26690,"menu_order":25,"comment_status":"closed","ping_status":"closed","template":"","meta":{"ngg_post_thumbnail":0},"_links":{"self":[{"href":"https:\/\/www.freimarianne.ch\/index.php?rest_route=\/wp\/v2\/pages\/28121"}],"collection":[{"href":"https:\/\/www.freimarianne.ch\/index.php?rest_route=\/wp\/v2\/pages"}],"about":[{"href":"https:\/\/www.freimarianne.ch\/index.php?rest_route=\/wp\/v2\/types\/page"}],"author":[{"embeddable":true,"href":"https:\/\/www.freimarianne.ch\/index.php?rest_route=\/wp\/v2\/users\/1"}],"replies":[{"embeddable":true,"href":"https:\/\/www.freimarianne.ch\/index.php?rest_route=%2Fwp%2Fv2%2Fcomments&post=28121"}],"version-history":[{"count":4,"href":"https:\/\/www.freimarianne.ch\/index.php?rest_route=\/wp\/v2\/pages\/28121\/revisions"}],"predecessor-version":[{"id":28132,"href":"https:\/\/www.freimarianne.ch\/index.php?rest_route=\/wp\/v2\/pages\/28121\/revisions\/28132"}],"up":[{"embeddable":true,"href":"https:\/\/www.freimarianne.ch\/index.php?rest_route=\/wp\/v2\/pages\/26690"}],"wp:attachment":[{"href":"https:\/\/www.freimarianne.ch\/index.php?rest_route=%2Fwp%2Fv2%2Fmedia&parent=28121"}],"curies":[{"name":"wp","href":"https:\/\/api.w.org\/{rel}","templated":true}]}}