{"id":28390,"date":"2018-01-01T11:42:03","date_gmt":"2018-01-01T10:42:03","guid":{"rendered":"http:\/\/www.freimarianne.ch\/?page_id=28390"},"modified":"2018-01-07T15:48:54","modified_gmt":"2018-01-07T14:48:54","slug":"niederwald-vs-31-12-2017","status":"publish","type":"page","link":"https:\/\/www.freimarianne.ch\/?page_id=28390","title":{"rendered":"Niederwald  VS  31.12.2017"},"content":{"rendered":"<p><strong>Schneeschuhtour bei\u00a0 Niederwald\u00a0<\/strong><\/p>\n<p><img loading=\"lazy\" class=\"size-full wp-image-28389\" src=\"http:\/\/www.freimarianne.ch\/wp-content\/uploads\/2018\/01\/IMG_2157_niederwald_500.jpg\" alt=\"\" width=\"500\" height=\"375\" srcset=\"https:\/\/www.freimarianne.ch\/wp-content\/uploads\/2018\/01\/IMG_2157_niederwald_500.jpg 500w, https:\/\/www.freimarianne.ch\/wp-content\/uploads\/2018\/01\/IMG_2157_niederwald_500-300x225.jpg 300w, https:\/\/www.freimarianne.ch\/wp-content\/uploads\/2018\/01\/IMG_2157_niederwald_500-400x300.jpg 400w\" sizes=\"(max-width: 500px) 100vw, 500px\" \/><\/p>\n<p>ein Blick talausw\u00e4rts<\/p>\n<p>Ich m\u00f6chte am letzten Tag vom Jahr\u00a0 17 vom sch\u00f6nen Wetter profitieren und fahre daher ins Wallis.<br \/>\nIch m\u00f6chte die Schneeschuhtour von Niederwald nach Bellwald machen.<br \/>\nLeider kommt alles ganz anderes heraus. Im tief verschneiten Niederwald sehe ich kein einziges rosa Zeichen und die Sommerwanderwege sind tief verschneit. Zuerst suche ich im noch schattigen Dorf \u00fcberall nach Wegzeichen. Dank einem Mann, der auf dem Sommerweg eine Spur durch den Tiefschnee legt komme ich dann doch noch zum Schneeschuhlaufen, was zwar recht anstrengend ist im tiefen nassen Schnee. Sp\u00e4testens bei der \u00dcberquerung des zweiten Baches bekomme ich Zweifel, dass ich das Richtige mache (der Mann schaufelt sich einen Pfad im steilen Bergwald, wo der Schnee auch abrutschen k\u00f6nnte). Ich kehre um und w\u00fcnsche dem Mann alles Gute. So gehe ich zur\u00fcck und bin froh als ich in Niederwald ankomme. Zwischendurch waren die Abh\u00e4nge recht steil und ein Schneerutsch w\u00e4re m\u00f6glich. Das Dorf liegt nun in der Sonne. Ich gehe von hier auf dem Winterwanderweg in Richtung Blitzingen. wo ich unterwegs eine Bank finde, um endlich etwas essen zu k\u00f6nnen. Ich geniesse den Sonnenschein und die pr\u00e4chtige Landschaft.<br \/>\nIn Blitzingen nehme ich den Zug nach Reckingen und dort den Zug nach Brig.<\/p>\n<p>Diese Wanderung ist nicht nach meinen Vorstellungen abgelaufen. Wie schon ich schon \u00f6fters festgestellt habe, ist die Signalisation im Wallis manchmal mangelhaft.<\/p>\n<p><!-- index.php -->\n<div\n\tclass=\"ngg-galleryoverview ngg-ajax-pagination-none\"\n\tid=\"ngg-gallery-28419-1\">\n\n    \t<div class=\"slideshowlink\">\n        <a href='https:\/\/www.freimarianne.ch\/index.php\/nggallery\/slideshow?page_id=28390'>[Show as slideshow]<\/a>\n\t\t\n\t<\/div>\n\t\t\t<!-- Thumbnails -->\n\t\t\t\t<div id=\"ngg-image-0\" class=\"ngg-gallery-thumbnail-box\" >\n\t\t\t\t        <div class=\"ngg-gallery-thumbnail\">\n            <a href=\"https:\/\/www.freimarianne.ch\/wp-content\/gallery\/niederwald-31-12-17\/IMG_2150.jpg\"\n               title=\"tief verschneites Niederwald\"\n               data-src=\"https:\/\/www.freimarianne.ch\/wp-content\/gallery\/niederwald-31-12-17\/IMG_2150.jpg\"\n               data-thumbnail=\"https:\/\/www.freimarianne.ch\/wp-content\/gallery\/niederwald-31-12-17\/thumbs\/thumbs_IMG_2150.jpg\"\n               data-image-id=\"17455\"\n               data-title=\"tief verschneites Niederwald\"\n               data-description=\"tief verschneites Niederwald\"\n               data-image-slug=\"img_2150\"\n               class=\"shutterset_28419\">\n                <img\n                    title=\"tief verschneites Niederwald\"\n                    alt=\"tief verschneites Niederwald\"\n                    src=\"https:\/\/www.freimarianne.ch\/wp-content\/gallery\/niederwald-31-12-17\/thumbs\/thumbs_IMG_2150.jpg\"\n                    width=\"100\"\n                    height=\"75\"\n                    style=\"max-width:100%;\"\n                \/>\n            <\/a>\n        <\/div>\n\t\t\t\t\t\t\t<\/div> \n\t\t\t\n        \n\t\t\t\t<div id=\"ngg-image-1\" class=\"ngg-gallery-thumbnail-box\" >\n\t\t\t\t        <div class=\"ngg-gallery-thumbnail\">\n            <a href=\"https:\/\/www.freimarianne.ch\/wp-content\/gallery\/niederwald-31-12-17\/IMG_2153.jpg\"\n               title=\"tief verschneites Niederwald;; Eggerberg\"\n               data-src=\"https:\/\/www.freimarianne.ch\/wp-content\/gallery\/niederwald-31-12-17\/IMG_2153.jpg\"\n               data-thumbnail=\"https:\/\/www.freimarianne.ch\/wp-content\/gallery\/niederwald-31-12-17\/thumbs\/thumbs_IMG_2153.jpg\"\n               data-image-id=\"17454\"\n               data-title=\"Version 2\"\n               data-description=\"tief verschneites Niederwald;; Eggerberg\"\n               data-image-slug=\"img_2153-1\"\n               class=\"shutterset_28419\">\n                <img\n                    title=\"Version 2\"\n                    alt=\"Version 2\"\n                    src=\"https:\/\/www.freimarianne.ch\/wp-content\/gallery\/niederwald-31-12-17\/thumbs\/thumbs_IMG_2153.jpg\"\n                    width=\"100\"\n                    height=\"75\"\n                    style=\"max-width:100%;\"\n                \/>\n            <\/a>\n        <\/div>\n\t\t\t\t\t\t\t<\/div> \n\t\t\t\n        \n\t\t\t\t<div id=\"ngg-image-2\" class=\"ngg-gallery-thumbnail-box\" >\n\t\t\t\t        <div class=\"ngg-gallery-thumbnail\">\n            <a href=\"https:\/\/www.freimarianne.ch\/wp-content\/gallery\/niederwald-31-12-17\/IMG_2155.jpg\"\n               title=\"Niederwald im Goms; T\u00e4llistock 28745m, Gross Muttenhorn 3099m\"\n               data-src=\"https:\/\/www.freimarianne.ch\/wp-content\/gallery\/niederwald-31-12-17\/IMG_2155.jpg\"\n               data-thumbnail=\"https:\/\/www.freimarianne.ch\/wp-content\/gallery\/niederwald-31-12-17\/thumbs\/thumbs_IMG_2155.jpg\"\n               data-image-id=\"17453\"\n               data-title=\"Niederwald im Goms; T\u00c3\u00a4llistock 28745m, Gross Muttenhorn 3099m\"\n               data-description=\"Niederwald im Goms; T\u00e4llistock 28745m, Gross Muttenhorn 3099m\"\n               data-image-slug=\"img_2155-1\"\n               class=\"shutterset_28419\">\n                <img\n                    title=\"Niederwald im Goms; T\u00c3\u00a4llistock 28745m, Gross Muttenhorn 3099m\"\n                    alt=\"Niederwald im Goms; T\u00c3\u00a4llistock 28745m, Gross Muttenhorn 3099m\"\n                    src=\"https:\/\/www.freimarianne.ch\/wp-content\/gallery\/niederwald-31-12-17\/thumbs\/thumbs_IMG_2155.jpg\"\n                    width=\"100\"\n                    height=\"75\"\n                    style=\"max-width:100%;\"\n                \/>\n            <\/a>\n        <\/div>\n\t\t\t\t\t\t\t<\/div> \n\t\t\t\n        \n\t\t\t\t<div id=\"ngg-image-3\" class=\"ngg-gallery-thumbnail-box\" >\n\t\t\t\t        <div class=\"ngg-gallery-thumbnail\">\n            <a href=\"https:\/\/www.freimarianne.ch\/wp-content\/gallery\/niederwald-31-12-17\/IMG_2156.jpg\"\n               title=\"ein Blick zur\u00fcck auf den Pfad; T\u00e4llistock 28745m, Gross Muttenhorn 3099m\"\n               data-src=\"https:\/\/www.freimarianne.ch\/wp-content\/gallery\/niederwald-31-12-17\/IMG_2156.jpg\"\n               data-thumbnail=\"https:\/\/www.freimarianne.ch\/wp-content\/gallery\/niederwald-31-12-17\/thumbs\/thumbs_IMG_2156.jpg\"\n               data-image-id=\"17452\"\n               data-title=\"ein Blick zur\u00c3\u00bcck auf den Pfad; T\u00c3\u00a4llistock 28745m, Gross Muttenhorn 3099m\"\n               data-description=\"ein Blick zur\u00fcck auf den Pfad; T\u00e4llistock 28745m, Gross Muttenhorn 3099m\"\n               data-image-slug=\"img_2156-1\"\n               class=\"shutterset_28419\">\n                <img\n                    title=\"ein Blick zur\u00c3\u00bcck auf den Pfad; T\u00c3\u00a4llistock 28745m, Gross Muttenhorn 3099m\"\n                    alt=\"ein Blick zur\u00c3\u00bcck auf den Pfad; T\u00c3\u00a4llistock 28745m, Gross Muttenhorn 3099m\"\n                    src=\"https:\/\/www.freimarianne.ch\/wp-content\/gallery\/niederwald-31-12-17\/thumbs\/thumbs_IMG_2156.jpg\"\n                    width=\"100\"\n                    height=\"75\"\n                    style=\"max-width:100%;\"\n                \/>\n            <\/a>\n        <\/div>\n\t\t\t\t\t\t\t<\/div> \n\t\t\t\n        \n\t\t\t\t<div id=\"ngg-image-4\" class=\"ngg-gallery-thumbnail-box\" >\n\t\t\t\t        <div class=\"ngg-gallery-thumbnail\">\n            <a href=\"https:\/\/www.freimarianne.ch\/wp-content\/gallery\/niederwald-31-12-17\/IMG_2160.jpg\"\n               title=\"ein Blick zur\u00fcck auf Fluracher; T\u00e4llistock 28745m, Gross Muttenhorn 3099m\"\n               data-src=\"https:\/\/www.freimarianne.ch\/wp-content\/gallery\/niederwald-31-12-17\/IMG_2160.jpg\"\n               data-thumbnail=\"https:\/\/www.freimarianne.ch\/wp-content\/gallery\/niederwald-31-12-17\/thumbs\/thumbs_IMG_2160.jpg\"\n               data-image-id=\"17451\"\n               data-title=\"ein Blick zur\u00c3\u00bcck auf Fluracher; T\u00c3\u00a4llistock 28745m, Gross Muttenhorn 3099m\"\n               data-description=\"ein Blick zur\u00fcck auf Fluracher; T\u00e4llistock 28745m, Gross Muttenhorn 3099m\"\n               data-image-slug=\"img_2160\"\n               class=\"shutterset_28419\">\n                <img\n                    title=\"ein Blick zur\u00c3\u00bcck auf Fluracher; T\u00c3\u00a4llistock 28745m, Gross Muttenhorn 3099m\"\n                    alt=\"ein Blick zur\u00c3\u00bcck auf Fluracher; T\u00c3\u00a4llistock 28745m, Gross Muttenhorn 3099m\"\n                    src=\"https:\/\/www.freimarianne.ch\/wp-content\/gallery\/niederwald-31-12-17\/thumbs\/thumbs_IMG_2160.jpg\"\n                    width=\"100\"\n                    height=\"75\"\n                    style=\"max-width:100%;\"\n                \/>\n            <\/a>\n        <\/div>\n\t\t\t\t\t\t\t<\/div> \n\t\t\t\n        \n\t\t\t\t<div id=\"ngg-image-5\" class=\"ngg-gallery-thumbnail-box\" >\n\t\t\t\t        <div class=\"ngg-gallery-thumbnail\">\n            <a href=\"https:\/\/www.freimarianne.ch\/wp-content\/gallery\/niederwald-31-12-17\/IMG_2164.jpg\"\n               title=\"wieder auf dem R\u00fcckweg\"\n               data-src=\"https:\/\/www.freimarianne.ch\/wp-content\/gallery\/niederwald-31-12-17\/IMG_2164.jpg\"\n               data-thumbnail=\"https:\/\/www.freimarianne.ch\/wp-content\/gallery\/niederwald-31-12-17\/thumbs\/thumbs_IMG_2164.jpg\"\n               data-image-id=\"17450\"\n               data-title=\"wieder auf dem R\u00c3\u00bcckweg\"\n               data-description=\"wieder auf dem R\u00fcckweg\"\n               data-image-slug=\"img_2164\"\n               class=\"shutterset_28419\">\n                <img\n                    title=\"wieder auf dem R\u00c3\u00bcckweg\"\n                    alt=\"wieder auf dem R\u00c3\u00bcckweg\"\n                    src=\"https:\/\/www.freimarianne.ch\/wp-content\/gallery\/niederwald-31-12-17\/thumbs\/thumbs_IMG_2164.jpg\"\n                    width=\"100\"\n                    height=\"75\"\n                    style=\"max-width:100%;\"\n                \/>\n            <\/a>\n        <\/div>\n\t\t\t\t\t\t\t<\/div> \n\t\t\t\n        \n\t\t\t\t<div id=\"ngg-image-6\" class=\"ngg-gallery-thumbnail-box\" >\n\t\t\t\t        <div class=\"ngg-gallery-thumbnail\">\n            <a href=\"https:\/\/www.freimarianne.ch\/wp-content\/gallery\/niederwald-31-12-17\/IMG_2166.jpg\"\n               title=\"Niederwald im Goms\"\n               data-src=\"https:\/\/www.freimarianne.ch\/wp-content\/gallery\/niederwald-31-12-17\/IMG_2166.jpg\"\n               data-thumbnail=\"https:\/\/www.freimarianne.ch\/wp-content\/gallery\/niederwald-31-12-17\/thumbs\/thumbs_IMG_2166.jpg\"\n               data-image-id=\"17449\"\n               data-title=\"Niederwald im Goms\"\n               data-description=\"Niederwald im Goms\"\n               data-image-slug=\"img_2166-1\"\n               class=\"shutterset_28419\">\n                <img\n                    title=\"Niederwald im Goms\"\n                    alt=\"Niederwald im Goms\"\n                    src=\"https:\/\/www.freimarianne.ch\/wp-content\/gallery\/niederwald-31-12-17\/thumbs\/thumbs_IMG_2166.jpg\"\n                    width=\"100\"\n                    height=\"75\"\n                    style=\"max-width:100%;\"\n                \/>\n            <\/a>\n        <\/div>\n\t\t\t\t\t\t\t<\/div> \n\t\t\t\n        \n\t\t\t\t<div id=\"ngg-image-7\" class=\"ngg-gallery-thumbnail-box\" >\n\t\t\t\t        <div class=\"ngg-gallery-thumbnail\">\n            <a href=\"https:\/\/www.freimarianne.ch\/wp-content\/gallery\/niederwald-31-12-17\/IMG_2170.jpg\"\n               title=\"Niederwald im Goms\"\n               data-src=\"https:\/\/www.freimarianne.ch\/wp-content\/gallery\/niederwald-31-12-17\/IMG_2170.jpg\"\n               data-thumbnail=\"https:\/\/www.freimarianne.ch\/wp-content\/gallery\/niederwald-31-12-17\/thumbs\/thumbs_IMG_2170.jpg\"\n               data-image-id=\"17448\"\n               data-title=\"Niederwald im Goms\"\n               data-description=\"Niederwald im Goms\"\n               data-image-slug=\"img_2170-4\"\n               class=\"shutterset_28419\">\n                <img\n                    title=\"Niederwald im Goms\"\n                    alt=\"Niederwald im Goms\"\n                    src=\"https:\/\/www.freimarianne.ch\/wp-content\/gallery\/niederwald-31-12-17\/thumbs\/thumbs_IMG_2170.jpg\"\n                    width=\"100\"\n                    height=\"75\"\n                    style=\"max-width:100%;\"\n                \/>\n            <\/a>\n        <\/div>\n\t\t\t\t\t\t\t<\/div> \n\t\t\t\n        \n\t\t\t\t<div id=\"ngg-image-8\" class=\"ngg-gallery-thumbnail-box\" >\n\t\t\t\t        <div class=\"ngg-gallery-thumbnail\">\n            <a href=\"https:\/\/www.freimarianne.ch\/wp-content\/gallery\/niederwald-31-12-17\/IMG_2172.jpg\"\n               title=\"unterwegs\"\n               data-src=\"https:\/\/www.freimarianne.ch\/wp-content\/gallery\/niederwald-31-12-17\/IMG_2172.jpg\"\n               data-thumbnail=\"https:\/\/www.freimarianne.ch\/wp-content\/gallery\/niederwald-31-12-17\/thumbs\/thumbs_IMG_2172.jpg\"\n               data-image-id=\"17447\"\n               data-title=\"unterwegs\"\n               data-description=\"unterwegs\"\n               data-image-slug=\"img_2172-1\"\n               class=\"shutterset_28419\">\n                <img\n                    title=\"unterwegs\"\n                    alt=\"unterwegs\"\n                    src=\"https:\/\/www.freimarianne.ch\/wp-content\/gallery\/niederwald-31-12-17\/thumbs\/thumbs_IMG_2172.jpg\"\n                    width=\"100\"\n                    height=\"75\"\n                    style=\"max-width:100%;\"\n                \/>\n            <\/a>\n        <\/div>\n\t\t\t\t\t\t\t<\/div> \n\t\t\t\n        \n\t\t\t\t<div id=\"ngg-image-9\" class=\"ngg-gallery-thumbnail-box\" >\n\t\t\t\t        <div class=\"ngg-gallery-thumbnail\">\n            <a href=\"https:\/\/www.freimarianne.ch\/wp-content\/gallery\/niederwald-31-12-17\/IMG_2173.jpg\"\n               title=\"Blitzingen\"\n               data-src=\"https:\/\/www.freimarianne.ch\/wp-content\/gallery\/niederwald-31-12-17\/IMG_2173.jpg\"\n               data-thumbnail=\"https:\/\/www.freimarianne.ch\/wp-content\/gallery\/niederwald-31-12-17\/thumbs\/thumbs_IMG_2173.jpg\"\n               data-image-id=\"17446\"\n               data-title=\"Blitzingen\"\n               data-description=\"Blitzingen\"\n               data-image-slug=\"img_2173-2\"\n               class=\"shutterset_28419\">\n                <img\n                    title=\"Blitzingen\"\n                    alt=\"Blitzingen\"\n                    src=\"https:\/\/www.freimarianne.ch\/wp-content\/gallery\/niederwald-31-12-17\/thumbs\/thumbs_IMG_2173.jpg\"\n                    width=\"100\"\n                    height=\"75\"\n                    style=\"max-width:100%;\"\n                \/>\n            <\/a>\n        <\/div>\n\t\t\t\t\t\t\t<\/div> \n\t\t\t\n        \n\t\t\t\t<div id=\"ngg-image-10\" class=\"ngg-gallery-thumbnail-box\" >\n\t\t\t\t        <div class=\"ngg-gallery-thumbnail\">\n            <a href=\"https:\/\/www.freimarianne.ch\/wp-content\/gallery\/niederwald-31-12-17\/IMG_2174.jpg\"\n               title=\"Blitzingen\"\n               data-src=\"https:\/\/www.freimarianne.ch\/wp-content\/gallery\/niederwald-31-12-17\/IMG_2174.jpg\"\n               data-thumbnail=\"https:\/\/www.freimarianne.ch\/wp-content\/gallery\/niederwald-31-12-17\/thumbs\/thumbs_IMG_2174.jpg\"\n               data-image-id=\"17445\"\n               data-title=\"Blitzingen\"\n               data-description=\"Blitzingen\"\n               data-image-slug=\"img_2174\"\n               class=\"shutterset_28419\">\n                <img\n                    title=\"Blitzingen\"\n                    alt=\"Blitzingen\"\n                    src=\"https:\/\/www.freimarianne.ch\/wp-content\/gallery\/niederwald-31-12-17\/thumbs\/thumbs_IMG_2174.jpg\"\n                    width=\"100\"\n                    height=\"75\"\n                    style=\"max-width:100%;\"\n                \/>\n            <\/a>\n        <\/div>\n\t\t\t\t\t\t\t<\/div> \n\t\t\t\n        \n\t\t\n\t\t<!-- Pagination -->\n\t<div class='ngg-clear'><\/div>\t<\/div>\n<\/p>\n","protected":false},"excerpt":{"rendered":"<p>Schneeschuhtour bei\u00a0 Niederwald\u00a0 ein Blick talausw\u00e4rts Ich m\u00f6chte am letzten Tag vom Jahr\u00a0 17 vom sch\u00f6nen Wetter profitieren und fahre daher ins Wallis. Ich m\u00f6chte die Schneeschuhtour von Niederwald nach Bellwald machen. Leider kommt alles ganz anderes heraus. Im tief verschneiten Niederwald sehe ich kein einziges rosa Zeichen und die Sommerwanderwege sind tief verschneit. Zuerst [&hellip;]<\/p>\n","protected":false},"author":1,"featured_media":0,"parent":28172,"menu_order":6,"comment_status":"closed","ping_status":"closed","template":"","meta":{"ngg_post_thumbnail":0},"_links":{"self":[{"href":"https:\/\/www.freimarianne.ch\/index.php?rest_route=\/wp\/v2\/pages\/28390"}],"collection":[{"href":"https:\/\/www.freimarianne.ch\/index.php?rest_route=\/wp\/v2\/pages"}],"about":[{"href":"https:\/\/www.freimarianne.ch\/index.php?rest_route=\/wp\/v2\/types\/page"}],"author":[{"embeddable":true,"href":"https:\/\/www.freimarianne.ch\/index.php?rest_route=\/wp\/v2\/users\/1"}],"replies":[{"embeddable":true,"href":"https:\/\/www.freimarianne.ch\/index.php?rest_route=%2Fwp%2Fv2%2Fcomments&post=28390"}],"version-history":[{"count":7,"href":"https:\/\/www.freimarianne.ch\/index.php?rest_route=\/wp\/v2\/pages\/28390\/revisions"}],"predecessor-version":[{"id":28472,"href":"https:\/\/www.freimarianne.ch\/index.php?rest_route=\/wp\/v2\/pages\/28390\/revisions\/28472"}],"up":[{"embeddable":true,"href":"https:\/\/www.freimarianne.ch\/index.php?rest_route=\/wp\/v2\/pages\/28172"}],"wp:attachment":[{"href":"https:\/\/www.freimarianne.ch\/index.php?rest_route=%2Fwp%2Fv2%2Fmedia&parent=28390"}],"curies":[{"name":"wp","href":"https:\/\/api.w.org\/{rel}","templated":true}]}}