{"id":28441,"date":"2018-01-07T15:42:07","date_gmt":"2018-01-07T14:42:07","guid":{"rendered":"http:\/\/www.freimarianne.ch\/?page_id=28441"},"modified":"2018-03-09T16:07:01","modified_gmt":"2018-03-09T15:07:01","slug":"arosa-gr-6-1-2018","status":"publish","type":"page","link":"https:\/\/www.freimarianne.ch\/?page_id=28441","title":{"rendered":"Arosa  GR  6.1.2018"},"content":{"rendered":"<p><strong>Winterwanderung in Arosa<\/strong><\/p>\n<p><img loading=\"lazy\" class=\"size-full wp-image-28440\" src=\"http:\/\/www.freimarianne.ch\/wp-content\/uploads\/2018\/01\/IMG_2205_arosa500.jpg\" alt=\"\" width=\"500\" height=\"326\" srcset=\"https:\/\/www.freimarianne.ch\/wp-content\/uploads\/2018\/01\/IMG_2205_arosa500.jpg 500w, https:\/\/www.freimarianne.ch\/wp-content\/uploads\/2018\/01\/IMG_2205_arosa500-300x196.jpg 300w, https:\/\/www.freimarianne.ch\/wp-content\/uploads\/2018\/01\/IMG_2205_arosa500-460x300.jpg 460w\" sizes=\"(max-width: 500px) 100vw, 500px\" \/><br \/>\nBlick auf das Pr\u00e4tschli, Zenjiflue, 2686m, Davoser Weissfluh 2843m, Schiahorn, Ch\u00fcpfenflue 2658m, Mederger Flue 2706m, hi Schafgrind 2636m, Tiejer Flue 2781m, Furggahorn 2727m, Maienfelderfurgga 2440m, Amselfluh 2768m<\/p>\n<p>Auf der Suche nach sch\u00f6nem Wetter landen wir heute in Arosa, wo tats\u00e4chlich bei unserer Ankunft die Sonne scheint. Die leichte Bew\u00f6lkung wird aber im Laufe der Stunden etwas zunehmen und wir werden auch einige kalte Momente mit bissigem Wind erleben.<br \/>\nAlles in allem aber erleben wir eine sch\u00f6ne Winterwanderung zuerst auf dem Eichh\u00f6rnliweg hinauf nach Maran und weiter auf das Pr\u00e4tschli. Von dort wandern wir auf dem Panoramweg \u00fcber die Mittelsation der Seilbahn hin\u00fcber bis zum Berggasthaus Alpenblick, von wo wir den Weg hinunter nach Innerarosa nehmen, wo wir gleich den Bus zum Bahnhof erwischen, sodass wir schon um 14.48h den Zug hinunter nach Chur nehmen k\u00f6nnen. Wie beim letzten Mal sehen wir nach Langwies von Zug aus etliche Hirschk\u00fche.<\/p>\n<p>Die ganze Wanderung dauerte etwas mehr als 2 Stunden, Stunden, die wir in einer pr\u00e4chtigen Winterlandschaft erleben durften.<\/p>\n<p><!-- index.php -->\n<div\n\tclass=\"ngg-galleryoverview ngg-ajax-pagination-none\"\n\tid=\"ngg-gallery-28470-1\">\n\n    \t<div class=\"slideshowlink\">\n        <a href='https:\/\/www.freimarianne.ch\/index.php\/nggallery\/slideshow?page_id=28441'>[Show as slideshow]<\/a>\n\t\t\n\t<\/div>\n\t\t\t<!-- Thumbnails -->\n\t\t\t\t<div id=\"ngg-image-0\" class=\"ngg-gallery-thumbnail-box\" >\n\t\t\t\t        <div class=\"ngg-gallery-thumbnail\">\n            <a href=\"https:\/\/www.freimarianne.ch\/wp-content\/gallery\/arosa-6-1-18\/IMG_2192.jpg\"\n               title=\"Tannenh\u00e4her auf dem Eichh\u00f6rnchenweg\"\n               data-src=\"https:\/\/www.freimarianne.ch\/wp-content\/gallery\/arosa-6-1-18\/IMG_2192.jpg\"\n               data-thumbnail=\"https:\/\/www.freimarianne.ch\/wp-content\/gallery\/arosa-6-1-18\/thumbs\/thumbs_IMG_2192.jpg\"\n               data-image-id=\"17467\"\n               data-title=\"Tannenh\u00c3\u00a4her auf dem Eichh\u00c3\u00b6rnchenweg\"\n               data-description=\"Tannenh\u00e4her auf dem Eichh\u00f6rnchenweg\"\n               data-image-slug=\"img_2192-1\"\n               class=\"shutterset_28470\">\n                <img\n                    title=\"Tannenh\u00c3\u00a4her auf dem Eichh\u00c3\u00b6rnchenweg\"\n                    alt=\"Tannenh\u00c3\u00a4her auf dem Eichh\u00c3\u00b6rnchenweg\"\n                    src=\"https:\/\/www.freimarianne.ch\/wp-content\/gallery\/arosa-6-1-18\/thumbs\/thumbs_IMG_2192.jpg\"\n                    width=\"100\"\n                    height=\"75\"\n                    style=\"max-width:100%;\"\n                \/>\n            <\/a>\n        <\/div>\n\t\t\t\t\t\t\t<\/div> \n\t\t\t\n        \n\t\t\t\t<div id=\"ngg-image-1\" class=\"ngg-gallery-thumbnail-box\" >\n\t\t\t\t        <div class=\"ngg-gallery-thumbnail\">\n            <a href=\"https:\/\/www.freimarianne.ch\/wp-content\/gallery\/arosa-6-1-18\/IMG_2193.jpg\"\n               title=\"soviel Schnee hat es\"\n               data-src=\"https:\/\/www.freimarianne.ch\/wp-content\/gallery\/arosa-6-1-18\/IMG_2193.jpg\"\n               data-thumbnail=\"https:\/\/www.freimarianne.ch\/wp-content\/gallery\/arosa-6-1-18\/thumbs\/thumbs_IMG_2193.jpg\"\n               data-image-id=\"17466\"\n               data-title=\"soviel Schnee hat es\"\n               data-description=\"soviel Schnee hat es\"\n               data-image-slug=\"img_2193-3\"\n               class=\"shutterset_28470\">\n                <img\n                    title=\"soviel Schnee hat es\"\n                    alt=\"soviel Schnee hat es\"\n                    src=\"https:\/\/www.freimarianne.ch\/wp-content\/gallery\/arosa-6-1-18\/thumbs\/thumbs_IMG_2193.jpg\"\n                    width=\"100\"\n                    height=\"75\"\n                    style=\"max-width:100%;\"\n                \/>\n            <\/a>\n        <\/div>\n\t\t\t\t\t\t\t<\/div> \n\t\t\t\n        \n\t\t\t\t<div id=\"ngg-image-2\" class=\"ngg-gallery-thumbnail-box\" >\n\t\t\t\t        <div class=\"ngg-gallery-thumbnail\">\n            <a href=\"https:\/\/www.freimarianne.ch\/wp-content\/gallery\/arosa-6-1-18\/IMG_2196.jpg\"\n               title=\"bei Maran 1862m; Schiahorn, Ch\u00fcpfenflue 2658m, Mederger Flue 2706m\"\n               data-src=\"https:\/\/www.freimarianne.ch\/wp-content\/gallery\/arosa-6-1-18\/IMG_2196.jpg\"\n               data-thumbnail=\"https:\/\/www.freimarianne.ch\/wp-content\/gallery\/arosa-6-1-18\/thumbs\/thumbs_IMG_2196.jpg\"\n               data-image-id=\"17465\"\n               data-title=\"bei Maran 1862m; Schiahorn, Ch\u00c3\u00bcpfenflue 2658m, Mederger Flue 2706m\"\n               data-description=\"bei Maran 1862m; Schiahorn, Ch\u00fcpfenflue 2658m, Mederger Flue 2706m\"\n               data-image-slug=\"img_2196-1\"\n               class=\"shutterset_28470\">\n                <img\n                    title=\"bei Maran 1862m; Schiahorn, Ch\u00c3\u00bcpfenflue 2658m, Mederger Flue 2706m\"\n                    alt=\"bei Maran 1862m; Schiahorn, Ch\u00c3\u00bcpfenflue 2658m, Mederger Flue 2706m\"\n                    src=\"https:\/\/www.freimarianne.ch\/wp-content\/gallery\/arosa-6-1-18\/thumbs\/thumbs_IMG_2196.jpg\"\n                    width=\"100\"\n                    height=\"75\"\n                    style=\"max-width:100%;\"\n                \/>\n            <\/a>\n        <\/div>\n\t\t\t\t\t\t\t<\/div> \n\t\t\t\n        \n\t\t\t\t<div id=\"ngg-image-3\" class=\"ngg-gallery-thumbnail-box\" >\n\t\t\t\t        <div class=\"ngg-gallery-thumbnail\">\n            <a href=\"https:\/\/www.freimarianne.ch\/wp-content\/gallery\/arosa-6-1-18\/IMG_2200.jpg\"\n               title=\"bei Maran 1862m; Maienfelderfurgga 2440m,  Amselfluh 2768m, Schiesshorn 2605m,  Valbellahorn 2764m\"\n               data-src=\"https:\/\/www.freimarianne.ch\/wp-content\/gallery\/arosa-6-1-18\/IMG_2200.jpg\"\n               data-thumbnail=\"https:\/\/www.freimarianne.ch\/wp-content\/gallery\/arosa-6-1-18\/thumbs\/thumbs_IMG_2200.jpg\"\n               data-image-id=\"17464\"\n               data-title=\"bei Maran 1862m; Maienfelderfurgga 2440m,  Amselfluh 2768m, Schiesshorn 2605m,  Valbellahorn 2764m\"\n               data-description=\"bei Maran 1862m; Maienfelderfurgga 2440m,  Amselfluh 2768m, Schiesshorn 2605m,  Valbellahorn 2764m\"\n               data-image-slug=\"img_2200-2\"\n               class=\"shutterset_28470\">\n                <img\n                    title=\"bei Maran 1862m; Maienfelderfurgga 2440m,  Amselfluh 2768m, Schiesshorn 2605m,  Valbellahorn 2764m\"\n                    alt=\"bei Maran 1862m; Maienfelderfurgga 2440m,  Amselfluh 2768m, Schiesshorn 2605m,  Valbellahorn 2764m\"\n                    src=\"https:\/\/www.freimarianne.ch\/wp-content\/gallery\/arosa-6-1-18\/thumbs\/thumbs_IMG_2200.jpg\"\n                    width=\"100\"\n                    height=\"75\"\n                    style=\"max-width:100%;\"\n                \/>\n            <\/a>\n        <\/div>\n\t\t\t\t\t\t\t<\/div> \n\t\t\t\n        \n\t\t\t\t<div id=\"ngg-image-4\" class=\"ngg-gallery-thumbnail-box\" >\n\t\t\t\t        <div class=\"ngg-gallery-thumbnail\">\n            <a href=\"https:\/\/www.freimarianne.ch\/wp-content\/gallery\/arosa-6-1-18\/IMG_2202.jpg\"\n               title=\"Blick auf Maran; Maienfelderfurgga 2440m,  Amselfluh 2768m, Schiesshorn 2605m,  Valbellahorn 2764m\"\n               data-src=\"https:\/\/www.freimarianne.ch\/wp-content\/gallery\/arosa-6-1-18\/IMG_2202.jpg\"\n               data-thumbnail=\"https:\/\/www.freimarianne.ch\/wp-content\/gallery\/arosa-6-1-18\/thumbs\/thumbs_IMG_2202.jpg\"\n               data-image-id=\"17463\"\n               data-title=\"Blick auf Maran; Maienfelderfurgga 2440m,  Amselfluh 2768m, Schiesshorn 2605m,  Valbellahorn 2764m\"\n               data-description=\"Blick auf Maran; Maienfelderfurgga 2440m,  Amselfluh 2768m, Schiesshorn 2605m,  Valbellahorn 2764m\"\n               data-image-slug=\"img_2202\"\n               class=\"shutterset_28470\">\n                <img\n                    title=\"Blick auf Maran; Maienfelderfurgga 2440m,  Amselfluh 2768m, Schiesshorn 2605m,  Valbellahorn 2764m\"\n                    alt=\"Blick auf Maran; Maienfelderfurgga 2440m,  Amselfluh 2768m, Schiesshorn 2605m,  Valbellahorn 2764m\"\n                    src=\"https:\/\/www.freimarianne.ch\/wp-content\/gallery\/arosa-6-1-18\/thumbs\/thumbs_IMG_2202.jpg\"\n                    width=\"100\"\n                    height=\"75\"\n                    style=\"max-width:100%;\"\n                \/>\n            <\/a>\n        <\/div>\n\t\t\t\t\t\t\t<\/div> \n\t\t\t\n        \n\t\t\t\t<div id=\"ngg-image-5\" class=\"ngg-gallery-thumbnail-box\" >\n\t\t\t\t        <div class=\"ngg-gallery-thumbnail\">\n            <a href=\"https:\/\/www.freimarianne.ch\/wp-content\/gallery\/arosa-6-1-18\/IMG_2203.jpg\"\n               title=\"Bruni im Schnee\"\n               data-src=\"https:\/\/www.freimarianne.ch\/wp-content\/gallery\/arosa-6-1-18\/IMG_2203.jpg\"\n               data-thumbnail=\"https:\/\/www.freimarianne.ch\/wp-content\/gallery\/arosa-6-1-18\/thumbs\/thumbs_IMG_2203.jpg\"\n               data-image-id=\"17462\"\n               data-title=\"Bruni im Schnee\"\n               data-description=\"Bruni im Schnee\"\n               data-image-slug=\"img_2203\"\n               class=\"shutterset_28470\">\n                <img\n                    title=\"Bruni im Schnee\"\n                    alt=\"Bruni im Schnee\"\n                    src=\"https:\/\/www.freimarianne.ch\/wp-content\/gallery\/arosa-6-1-18\/thumbs\/thumbs_IMG_2203.jpg\"\n                    width=\"100\"\n                    height=\"75\"\n                    style=\"max-width:100%;\"\n                \/>\n            <\/a>\n        <\/div>\n\t\t\t\t\t\t\t<\/div> \n\t\t\t\n        \n\t\t\t\t<div id=\"ngg-image-6\" class=\"ngg-gallery-thumbnail-box\" >\n\t\t\t\t        <div class=\"ngg-gallery-thumbnail\">\n            <a href=\"https:\/\/www.freimarianne.ch\/wp-content\/gallery\/arosa-6-1-18\/IMG_2206.jpg\"\n               title=\"auf dem Weg nach Innerarosa; Schaft\u00e4llihorn 2830m, Gamscht\u00e4liihorn  2830m , Erzhorn 2924m\"\n               data-src=\"https:\/\/www.freimarianne.ch\/wp-content\/gallery\/arosa-6-1-18\/IMG_2206.jpg\"\n               data-thumbnail=\"https:\/\/www.freimarianne.ch\/wp-content\/gallery\/arosa-6-1-18\/thumbs\/thumbs_IMG_2206.jpg\"\n               data-image-id=\"17461\"\n               data-title=\"auf dem Weg nach Innerarosa; Schaft\u00c3\u00a4llihorn 2830m, Gamscht\u00c3\u00a4liihorn  2830m , Erzhorn 2924m\"\n               data-description=\"auf dem Weg nach Innerarosa; Schaft\u00e4llihorn 2830m, Gamscht\u00e4liihorn  2830m , Erzhorn 2924m\"\n               data-image-slug=\"img_2206-5\"\n               class=\"shutterset_28470\">\n                <img\n                    title=\"auf dem Weg nach Innerarosa; Schaft\u00c3\u00a4llihorn 2830m, Gamscht\u00c3\u00a4liihorn  2830m , Erzhorn 2924m\"\n                    alt=\"auf dem Weg nach Innerarosa; Schaft\u00c3\u00a4llihorn 2830m, Gamscht\u00c3\u00a4liihorn  2830m , Erzhorn 2924m\"\n                    src=\"https:\/\/www.freimarianne.ch\/wp-content\/gallery\/arosa-6-1-18\/thumbs\/thumbs_IMG_2206.jpg\"\n                    width=\"100\"\n                    height=\"75\"\n                    style=\"max-width:100%;\"\n                \/>\n            <\/a>\n        <\/div>\n\t\t\t\t\t\t\t<\/div> \n\t\t\t\n        \n\t\t\t\t<div id=\"ngg-image-7\" class=\"ngg-gallery-thumbnail-box\" >\n\t\t\t\t        <div class=\"ngg-gallery-thumbnail\">\n            <a href=\"https:\/\/www.freimarianne.ch\/wp-content\/gallery\/arosa-6-1-18\/IMG_2207.jpg\"\n               title=\"Blick auf das Weisshorn  2653m\"\n               data-src=\"https:\/\/www.freimarianne.ch\/wp-content\/gallery\/arosa-6-1-18\/IMG_2207.jpg\"\n               data-thumbnail=\"https:\/\/www.freimarianne.ch\/wp-content\/gallery\/arosa-6-1-18\/thumbs\/thumbs_IMG_2207.jpg\"\n               data-image-id=\"17460\"\n               data-title=\"Blick auf das Weisshorn  2653m\"\n               data-description=\"Blick auf das Weisshorn  2653m\"\n               data-image-slug=\"img_2207\"\n               class=\"shutterset_28470\">\n                <img\n                    title=\"Blick auf das Weisshorn  2653m\"\n                    alt=\"Blick auf das Weisshorn  2653m\"\n                    src=\"https:\/\/www.freimarianne.ch\/wp-content\/gallery\/arosa-6-1-18\/thumbs\/thumbs_IMG_2207.jpg\"\n                    width=\"100\"\n                    height=\"75\"\n                    style=\"max-width:100%;\"\n                \/>\n            <\/a>\n        <\/div>\n\t\t\t\t\t\t\t<\/div> \n\t\t\t\n        \n\t\t\t\t<div id=\"ngg-image-8\" class=\"ngg-gallery-thumbnail-box\" >\n\t\t\t\t        <div class=\"ngg-gallery-thumbnail\">\n            <a href=\"https:\/\/www.freimarianne.ch\/wp-content\/gallery\/arosa-6-1-18\/IMG_2211.jpg\"\n               title=\"Schneeskulptur\"\n               data-src=\"https:\/\/www.freimarianne.ch\/wp-content\/gallery\/arosa-6-1-18\/IMG_2211.jpg\"\n               data-thumbnail=\"https:\/\/www.freimarianne.ch\/wp-content\/gallery\/arosa-6-1-18\/thumbs\/thumbs_IMG_2211.jpg\"\n               data-image-id=\"17459\"\n               data-title=\"Schneeskulptur\"\n               data-description=\"Schneeskulptur\"\n               data-image-slug=\"img_2211-1\"\n               class=\"shutterset_28470\">\n                <img\n                    title=\"Schneeskulptur\"\n                    alt=\"Schneeskulptur\"\n                    src=\"https:\/\/www.freimarianne.ch\/wp-content\/gallery\/arosa-6-1-18\/thumbs\/thumbs_IMG_2211.jpg\"\n                    width=\"100\"\n                    height=\"75\"\n                    style=\"max-width:100%;\"\n                \/>\n            <\/a>\n        <\/div>\n\t\t\t\t\t\t\t<\/div> \n\t\t\t\n        \n\t\t\t\t<div id=\"ngg-image-9\" class=\"ngg-gallery-thumbnail-box\" >\n\t\t\t\t        <div class=\"ngg-gallery-thumbnail\">\n            <a href=\"https:\/\/www.freimarianne.ch\/wp-content\/gallery\/arosa-6-1-18\/IMG_2216.jpg\"\n               title=\"Innerarosa;\"\n               data-src=\"https:\/\/www.freimarianne.ch\/wp-content\/gallery\/arosa-6-1-18\/IMG_2216.jpg\"\n               data-thumbnail=\"https:\/\/www.freimarianne.ch\/wp-content\/gallery\/arosa-6-1-18\/thumbs\/thumbs_IMG_2216.jpg\"\n               data-image-id=\"17458\"\n               data-title=\"Innerarosa;\"\n               data-description=\"Innerarosa;\"\n               data-image-slug=\"img_2216-2\"\n               class=\"shutterset_28470\">\n                <img\n                    title=\"Innerarosa;\"\n                    alt=\"Innerarosa;\"\n                    src=\"https:\/\/www.freimarianne.ch\/wp-content\/gallery\/arosa-6-1-18\/thumbs\/thumbs_IMG_2216.jpg\"\n                    width=\"100\"\n                    height=\"75\"\n                    style=\"max-width:100%;\"\n                \/>\n            <\/a>\n        <\/div>\n\t\t\t\t\t\t\t<\/div> \n\t\t\t\n        \n\t\t\t\t<div id=\"ngg-image-10\" class=\"ngg-gallery-thumbnail-box\" >\n\t\t\t\t        <div class=\"ngg-gallery-thumbnail\">\n            <a href=\"https:\/\/www.freimarianne.ch\/wp-content\/gallery\/arosa-6-1-18\/IMG_2218.jpg\"\n               title=\"das Kirchlein in Innerarosa\"\n               data-src=\"https:\/\/www.freimarianne.ch\/wp-content\/gallery\/arosa-6-1-18\/IMG_2218.jpg\"\n               data-thumbnail=\"https:\/\/www.freimarianne.ch\/wp-content\/gallery\/arosa-6-1-18\/thumbs\/thumbs_IMG_2218.jpg\"\n               data-image-id=\"17457\"\n               data-title=\"das Kirchlein in Innerarosa\"\n               data-description=\"das Kirchlein in Innerarosa\"\n               data-image-slug=\"img_2218-1\"\n               class=\"shutterset_28470\">\n                <img\n                    title=\"das Kirchlein in Innerarosa\"\n                    alt=\"das Kirchlein in Innerarosa\"\n                    src=\"https:\/\/www.freimarianne.ch\/wp-content\/gallery\/arosa-6-1-18\/thumbs\/thumbs_IMG_2218.jpg\"\n                    width=\"100\"\n                    height=\"75\"\n                    style=\"max-width:100%;\"\n                \/>\n            <\/a>\n        <\/div>\n\t\t\t\t\t\t\t<\/div> \n\t\t\t\n        \n\t\t\t\t<div id=\"ngg-image-11\" class=\"ngg-gallery-thumbnail-box\" >\n\t\t\t\t        <div class=\"ngg-gallery-thumbnail\">\n            <a href=\"https:\/\/www.freimarianne.ch\/wp-content\/gallery\/arosa-6-1-18\/IMG_2221.jpg\"\n               title=\"Marianne vor dem Weisshorn\"\n               data-src=\"https:\/\/www.freimarianne.ch\/wp-content\/gallery\/arosa-6-1-18\/IMG_2221.jpg\"\n               data-thumbnail=\"https:\/\/www.freimarianne.ch\/wp-content\/gallery\/arosa-6-1-18\/thumbs\/thumbs_IMG_2221.jpg\"\n               data-image-id=\"17456\"\n               data-title=\"Marianne vor dem Weisshorn\"\n               data-description=\"Marianne vor dem Weisshorn\"\n               data-image-slug=\"img_2221-1\"\n               class=\"shutterset_28470\">\n                <img\n                    title=\"Marianne vor dem Weisshorn\"\n                    alt=\"Marianne vor dem Weisshorn\"\n                    src=\"https:\/\/www.freimarianne.ch\/wp-content\/gallery\/arosa-6-1-18\/thumbs\/thumbs_IMG_2221.jpg\"\n                    width=\"100\"\n                    height=\"75\"\n                    style=\"max-width:100%;\"\n                \/>\n            <\/a>\n        <\/div>\n\t\t\t\t\t\t\t<\/div> \n\t\t\t\n        \n\t\t\n\t\t<!-- Pagination -->\n\t<div class='ngg-clear'><\/div>\t<\/div>\n<\/p>\n","protected":false},"excerpt":{"rendered":"<p>Winterwanderung in Arosa Blick auf das Pr\u00e4tschli, Zenjiflue, 2686m, Davoser Weissfluh 2843m, Schiahorn, Ch\u00fcpfenflue 2658m, Mederger Flue 2706m, hi Schafgrind 2636m, Tiejer Flue 2781m, Furggahorn 2727m, Maienfelderfurgga 2440m, Amselfluh 2768m Auf der Suche nach sch\u00f6nem Wetter landen wir heute in Arosa, wo tats\u00e4chlich bei unserer Ankunft die Sonne scheint. Die leichte Bew\u00f6lkung wird aber im [&hellip;]<\/p>\n","protected":false},"author":1,"featured_media":0,"parent":28172,"menu_order":7,"comment_status":"closed","ping_status":"closed","template":"","meta":{"ngg_post_thumbnail":0},"_links":{"self":[{"href":"https:\/\/www.freimarianne.ch\/index.php?rest_route=\/wp\/v2\/pages\/28441"}],"collection":[{"href":"https:\/\/www.freimarianne.ch\/index.php?rest_route=\/wp\/v2\/pages"}],"about":[{"href":"https:\/\/www.freimarianne.ch\/index.php?rest_route=\/wp\/v2\/types\/page"}],"author":[{"embeddable":true,"href":"https:\/\/www.freimarianne.ch\/index.php?rest_route=\/wp\/v2\/users\/1"}],"replies":[{"embeddable":true,"href":"https:\/\/www.freimarianne.ch\/index.php?rest_route=%2Fwp%2Fv2%2Fcomments&post=28441"}],"version-history":[{"count":4,"href":"https:\/\/www.freimarianne.ch\/index.php?rest_route=\/wp\/v2\/pages\/28441\/revisions"}],"predecessor-version":[{"id":29285,"href":"https:\/\/www.freimarianne.ch\/index.php?rest_route=\/wp\/v2\/pages\/28441\/revisions\/29285"}],"up":[{"embeddable":true,"href":"https:\/\/www.freimarianne.ch\/index.php?rest_route=\/wp\/v2\/pages\/28172"}],"wp:attachment":[{"href":"https:\/\/www.freimarianne.ch\/index.php?rest_route=%2Fwp%2Fv2%2Fmedia&parent=28441"}],"curies":[{"name":"wp","href":"https:\/\/api.w.org\/{rel}","templated":true}]}}