{"id":28475,"date":"2018-01-17T09:24:32","date_gmt":"2018-01-17T08:24:32","guid":{"rendered":"http:\/\/www.freimarianne.ch\/?page_id=28475"},"modified":"2018-02-09T08:54:27","modified_gmt":"2018-02-09T07:54:27","slug":"st-antonien-pany-gr-13-1-2018","status":"publish","type":"page","link":"https:\/\/www.freimarianne.ch\/?page_id=28475","title":{"rendered":"St. Ant\u00f6nien &#8211; Pany  GR  13.1.2018"},"content":{"rendered":"<p><strong>Winterwanderung von St. Ant\u00f6nien nach Pany<\/strong><\/p>\n<p><img loading=\"lazy\" class=\"size-full wp-image-28474\" src=\"http:\/\/www.freimarianne.ch\/wp-content\/uploads\/2018\/01\/IMG_2253_st.anto\u0308nien_500.jpg\" alt=\"\" width=\"500\" height=\"375\" srcset=\"https:\/\/www.freimarianne.ch\/wp-content\/uploads\/2018\/01\/IMG_2253_st.anto\u0308nien_500.jpg 500w, https:\/\/www.freimarianne.ch\/wp-content\/uploads\/2018\/01\/IMG_2253_st.anto\u0308nien_500-300x225.jpg 300w, https:\/\/www.freimarianne.ch\/wp-content\/uploads\/2018\/01\/IMG_2253_st.anto\u0308nien_500-400x300.jpg 400w\" sizes=\"(max-width: 500px) 100vw, 500px\" \/><\/p>\n<p>li Schollberg, Eggberg<\/p>\n<p>Bei strahlendem Wetter k\u00f6nnen wir in St. Ant\u00f6nien 1418m unsere Winterwanderung beginnen, die uns hinauf nach Asch\u00fcel 1596m bringt. Von dort biegt der Weg links ab und f\u00fchrt leicht hinauf durch den Wald nach Riedb\u00fchl. Bald befinden wir uns wieder an der Sonne und wandern auf der sch\u00f6nen Hochebene unterhalb des Berges Chr\u00fcz. Da die einzigen B\u00e4nke besetzt sind, schalten wir einen Stehhalt an der Sonne ein, bevor wir nochmals durch den Wald gehen m\u00fcssen, um zum h\u00f6chsten Punkt der Wanderung, dem Cap\u00f6llerb\u00fcel 1765m zu gelangen. Dann geht es bereits bergab. Vor uns haben wir die Weite des Alpgebiets von Pany. Wir geniessen den Sonnenschein und die Aussicht auf die unz\u00e4hligen B\u00fcndnerberge. Die Landschaft hier ist wirklich sehr sch\u00f6n.<br \/>\nBei der Bod\u00e4h\u00fctte 1632m machen wir einen l\u00e4ngeren Halt auf einer Bank vor der Alph\u00fctte. Die Beiz weiter unten scheint voll zu sein.<br \/>\nDann nehmen wir den letzen Abschnitt der Wanderung in Angriff. Wir gehen \u00fcber die Alp Bova und Maiens\u00e4ss. Leider ist weiter unten die Strasse teilweise aper oder dann eben eisig und entsprechend rutschig.<br \/>\nDiese Winterwanderung ist wundersch\u00f6n aber der letzte Teil oberhalb Pany erf\u00fcllt nicht unbedingt die Anspr\u00fcche einer Winterwanderung insbesonders da auf der Strasse auch noch Autos fahren. Vielleicht w\u00e4re es bei sehr viel Schnee anders.<br \/>\nIn Pany k\u00f6nnen wir in der B\u00e4ckerei noch einen Kaffee trinken, bevor wir den Bus nach Schiers besteigen.<br \/>\nDies ist eine sehr sch\u00f6ne Winterwanderung mit interessanten Panoramen.<\/p>\n<p>Winterwanderung auf Schweizmobil:<br \/>\nLaut Schweizmobil:<br \/>\nDistanz: 9.34km; Aufstieg: 352m; Abstieg: 437m; Wanderzeit: 2h 34 min<\/p>\n<p><a href=\"https:\/\/map.schweizmobil.ch\/?lang=de&amp;land=winterhiking&amp;route=all&amp;resolution=10&amp;bgLayer=pk&amp;layers=Winterhiking&amp;season=winter&amp;E=2778904&amp;N=1202668&amp;trackId=4127263\">Karte Schweizmobil:<\/a><\/p>\n<p><!-- index.php -->\n<div\n\tclass=\"ngg-galleryoverview ngg-ajax-pagination-none\"\n\tid=\"ngg-gallery-28506-1\">\n\n    \t<div class=\"slideshowlink\">\n        <a href='https:\/\/www.freimarianne.ch\/index.php\/nggallery\/slideshow?page_id=28475'>[Show as slideshow]<\/a>\n\t\t\n\t<\/div>\n\t\t\t<!-- Thumbnails -->\n\t\t\t\t<div id=\"ngg-image-0\" class=\"ngg-gallery-thumbnail-box\" >\n\t\t\t\t        <div class=\"ngg-gallery-thumbnail\">\n            <a href=\"https:\/\/www.freimarianne.ch\/wp-content\/gallery\/st-antonien-pany-13-1-18\/IMG_2227.jpg\"\n               title=\"St. Ant\u00f6nien 1418m mit Schollberg 2570m\"\n               data-src=\"https:\/\/www.freimarianne.ch\/wp-content\/gallery\/st-antonien-pany-13-1-18\/IMG_2227.jpg\"\n               data-thumbnail=\"https:\/\/www.freimarianne.ch\/wp-content\/gallery\/st-antonien-pany-13-1-18\/thumbs\/thumbs_IMG_2227.jpg\"\n               data-image-id=\"17480\"\n               data-title=\"St. Ant\u00c3\u00b6nien 1418m mit Schollberg 2570m\"\n               data-description=\"St. Ant\u00f6nien 1418m mit Schollberg 2570m\"\n               data-image-slug=\"img_2227-1\"\n               class=\"shutterset_28506\">\n                <img\n                    title=\"St. Ant\u00c3\u00b6nien 1418m mit Schollberg 2570m\"\n                    alt=\"St. Ant\u00c3\u00b6nien 1418m mit Schollberg 2570m\"\n                    src=\"https:\/\/www.freimarianne.ch\/wp-content\/gallery\/st-antonien-pany-13-1-18\/thumbs\/thumbs_IMG_2227.jpg\"\n                    width=\"100\"\n                    height=\"75\"\n                    style=\"max-width:100%;\"\n                \/>\n            <\/a>\n        <\/div>\n\t\t\t\t\t\t\t<\/div> \n\t\t\t\n        \n\t\t\t\t<div id=\"ngg-image-1\" class=\"ngg-gallery-thumbnail-box\" >\n\t\t\t\t        <div class=\"ngg-gallery-thumbnail\">\n            <a href=\"https:\/\/www.freimarianne.ch\/wp-content\/gallery\/st-antonien-pany-13-1-18\/IMG_2228.jpg\"\n               title=\"St. Ant\u00f6nien 1418m mit Schollberg 2570m, G\u00e4mpiflue 2390m\"\n               data-src=\"https:\/\/www.freimarianne.ch\/wp-content\/gallery\/st-antonien-pany-13-1-18\/IMG_2228.jpg\"\n               data-thumbnail=\"https:\/\/www.freimarianne.ch\/wp-content\/gallery\/st-antonien-pany-13-1-18\/thumbs\/thumbs_IMG_2228.jpg\"\n               data-image-id=\"17479\"\n               data-title=\"St. Ant\u00c3\u00b6nien 1418m mit Schollberg 2570m, G\u00c3\u00a4mpiflue 2390m\"\n               data-description=\"St. Ant\u00f6nien 1418m mit Schollberg 2570m, G\u00e4mpiflue 2390m\"\n               data-image-slug=\"img_2228\"\n               class=\"shutterset_28506\">\n                <img\n                    title=\"St. Ant\u00c3\u00b6nien 1418m mit Schollberg 2570m, G\u00c3\u00a4mpiflue 2390m\"\n                    alt=\"St. Ant\u00c3\u00b6nien 1418m mit Schollberg 2570m, G\u00c3\u00a4mpiflue 2390m\"\n                    src=\"https:\/\/www.freimarianne.ch\/wp-content\/gallery\/st-antonien-pany-13-1-18\/thumbs\/thumbs_IMG_2228.jpg\"\n                    width=\"100\"\n                    height=\"75\"\n                    style=\"max-width:100%;\"\n                \/>\n            <\/a>\n        <\/div>\n\t\t\t\t\t\t\t<\/div> \n\t\t\t\n        \n\t\t\t\t<div id=\"ngg-image-2\" class=\"ngg-gallery-thumbnail-box\" >\n\t\t\t\t        <div class=\"ngg-gallery-thumbnail\">\n            <a href=\"https:\/\/www.freimarianne.ch\/wp-content\/gallery\/st-antonien-pany-13-1-18\/IMG_2229.jpg\"\n               title=\"\"\n               data-src=\"https:\/\/www.freimarianne.ch\/wp-content\/gallery\/st-antonien-pany-13-1-18\/IMG_2229.jpg\"\n               data-thumbnail=\"https:\/\/www.freimarianne.ch\/wp-content\/gallery\/st-antonien-pany-13-1-18\/thumbs\/thumbs_IMG_2229.jpg\"\n               data-image-id=\"17478\"\n               data-title=\"IMG_2229\"\n               data-description=\"\"\n               data-image-slug=\"img_2229-2\"\n               class=\"shutterset_28506\">\n                <img\n                    title=\"IMG_2229\"\n                    alt=\"IMG_2229\"\n                    src=\"https:\/\/www.freimarianne.ch\/wp-content\/gallery\/st-antonien-pany-13-1-18\/thumbs\/thumbs_IMG_2229.jpg\"\n                    width=\"100\"\n                    height=\"75\"\n                    style=\"max-width:100%;\"\n                \/>\n            <\/a>\n        <\/div>\n\t\t\t\t\t\t\t<\/div> \n\t\t\t\n        \n\t\t\t\t<div id=\"ngg-image-3\" class=\"ngg-gallery-thumbnail-box\" >\n\t\t\t\t        <div class=\"ngg-gallery-thumbnail\">\n            <a href=\"https:\/\/www.freimarianne.ch\/wp-content\/gallery\/st-antonien-pany-13-1-18\/IMG_2232.jpg\"\n               title=\"St. Ant\u00f6nien 1418m mit Schollberg 2570m, G\u00e4mpiflue 2390m\"\n               data-src=\"https:\/\/www.freimarianne.ch\/wp-content\/gallery\/st-antonien-pany-13-1-18\/IMG_2232.jpg\"\n               data-thumbnail=\"https:\/\/www.freimarianne.ch\/wp-content\/gallery\/st-antonien-pany-13-1-18\/thumbs\/thumbs_IMG_2232.jpg\"\n               data-image-id=\"17477\"\n               data-title=\"St. Ant\u00c3\u00b6nien 1418m mit Schollberg 2570m, G\u00c3\u00a4mpiflue 2390m\"\n               data-description=\"St. Ant\u00f6nien 1418m mit Schollberg 2570m, G\u00e4mpiflue 2390m\"\n               data-image-slug=\"img_2232\"\n               class=\"shutterset_28506\">\n                <img\n                    title=\"St. Ant\u00c3\u00b6nien 1418m mit Schollberg 2570m, G\u00c3\u00a4mpiflue 2390m\"\n                    alt=\"St. Ant\u00c3\u00b6nien 1418m mit Schollberg 2570m, G\u00c3\u00a4mpiflue 2390m\"\n                    src=\"https:\/\/www.freimarianne.ch\/wp-content\/gallery\/st-antonien-pany-13-1-18\/thumbs\/thumbs_IMG_2232.jpg\"\n                    width=\"100\"\n                    height=\"75\"\n                    style=\"max-width:100%;\"\n                \/>\n            <\/a>\n        <\/div>\n\t\t\t\t\t\t\t<\/div> \n\t\t\t\n        \n\t\t\t\t<div id=\"ngg-image-4\" class=\"ngg-gallery-thumbnail-box\" >\n\t\t\t\t        <div class=\"ngg-gallery-thumbnail\">\n            <a href=\"https:\/\/www.freimarianne.ch\/wp-content\/gallery\/st-antonien-pany-13-1-18\/IMG_2235.jpg\"\n               title=\"Weg zur Alp Valpun\"\n               data-src=\"https:\/\/www.freimarianne.ch\/wp-content\/gallery\/st-antonien-pany-13-1-18\/IMG_2235.jpg\"\n               data-thumbnail=\"https:\/\/www.freimarianne.ch\/wp-content\/gallery\/st-antonien-pany-13-1-18\/thumbs\/thumbs_IMG_2235.jpg\"\n               data-image-id=\"17476\"\n               data-title=\"Weg zur Alp Valpun\"\n               data-description=\"Weg zur Alp Valpun\"\n               data-image-slug=\"img_2235\"\n               class=\"shutterset_28506\">\n                <img\n                    title=\"Weg zur Alp Valpun\"\n                    alt=\"Weg zur Alp Valpun\"\n                    src=\"https:\/\/www.freimarianne.ch\/wp-content\/gallery\/st-antonien-pany-13-1-18\/thumbs\/thumbs_IMG_2235.jpg\"\n                    width=\"100\"\n                    height=\"75\"\n                    style=\"max-width:100%;\"\n                \/>\n            <\/a>\n        <\/div>\n\t\t\t\t\t\t\t<\/div> \n\t\t\t\n        \n\t\t\t\t<div id=\"ngg-image-5\" class=\"ngg-gallery-thumbnail-box\" >\n\t\t\t\t        <div class=\"ngg-gallery-thumbnail\">\n            <a href=\"https:\/\/www.freimarianne.ch\/wp-content\/gallery\/st-antonien-pany-13-1-18\/IMG_2236-2239.jpg\"\n               title=\"Sassauna 2308m, weisser Grat vorne; hi Schafk\u00f6pfe 2806m, Schesaplana  2965m, Zirmenkopf 2805m, Seekopf 2698m, vo Girenspitz 2394m, Kirchlispitzen 2551m, Drusenfluh 2827m, Schafwanne 2351m, Schafberg 2456m\"\n               data-src=\"https:\/\/www.freimarianne.ch\/wp-content\/gallery\/st-antonien-pany-13-1-18\/IMG_2236-2239.jpg\"\n               data-thumbnail=\"https:\/\/www.freimarianne.ch\/wp-content\/gallery\/st-antonien-pany-13-1-18\/thumbs\/thumbs_IMG_2236-2239.jpg\"\n               data-image-id=\"17475\"\n               data-title=\"Sassauna 2308m, weisser Grat vorne; hi Schafk\u00c3\u00b6pfe 2806m, Schesaplana  2965m, Zirmenkopf 2805m, Seekopf 2698m, vo Girenspitz 2394m, Kirchlispitzen 2551m, \nDrusenfluh 2827m, Schafwanne 2351m, Schafberg 2456m\"\n               data-description=\"Sassauna 2308m, weisser Grat vorne; hi Schafk\u00f6pfe 2806m, Schesaplana  2965m, Zirmenkopf 2805m, Seekopf 2698m, vo Girenspitz 2394m, Kirchlispitzen 2551m, Drusenfluh 2827m, Schafwanne 2351m, Schafberg 2456m\"\n               data-image-slug=\"img_2236-2239\"\n               class=\"shutterset_28506\">\n                <img\n                    title=\"Sassauna 2308m, weisser Grat vorne; hi Schafk\u00c3\u00b6pfe 2806m, Schesaplana  2965m, Zirmenkopf 2805m, Seekopf 2698m, vo Girenspitz 2394m, Kirchlispitzen 2551m, \nDrusenfluh 2827m, Schafwanne 2351m, Schafberg 2456m\"\n                    alt=\"Sassauna 2308m, weisser Grat vorne; hi Schafk\u00c3\u00b6pfe 2806m, Schesaplana  2965m, Zirmenkopf 2805m, Seekopf 2698m, vo Girenspitz 2394m, Kirchlispitzen 2551m, \nDrusenfluh 2827m, Schafwanne 2351m, Schafberg 2456m\"\n                    src=\"https:\/\/www.freimarianne.ch\/wp-content\/gallery\/st-antonien-pany-13-1-18\/thumbs\/thumbs_IMG_2236-2239.jpg\"\n                    width=\"100\"\n                    height=\"75\"\n                    style=\"max-width:100%;\"\n                \/>\n            <\/a>\n        <\/div>\n\t\t\t\t\t\t\t<\/div> \n\t\t\t\n        \n\t\t\t\t<div id=\"ngg-image-6\" class=\"ngg-gallery-thumbnail-box\" >\n\t\t\t\t        <div class=\"ngg-gallery-thumbnail\">\n            <a href=\"https:\/\/www.freimarianne.ch\/wp-content\/gallery\/st-antonien-pany-13-1-18\/IMG_2240.jpg\"\n               title=\"Brigitte, Hanspeter und Bruni vor der Drusenfluh\"\n               data-src=\"https:\/\/www.freimarianne.ch\/wp-content\/gallery\/st-antonien-pany-13-1-18\/IMG_2240.jpg\"\n               data-thumbnail=\"https:\/\/www.freimarianne.ch\/wp-content\/gallery\/st-antonien-pany-13-1-18\/thumbs\/thumbs_IMG_2240.jpg\"\n               data-image-id=\"17474\"\n               data-title=\"Brigitte, Hanspeter und Bruni vor der Drusenfluh\"\n               data-description=\"Brigitte, Hanspeter und Bruni vor der Drusenfluh\"\n               data-image-slug=\"img_2240-3\"\n               class=\"shutterset_28506\">\n                <img\n                    title=\"Brigitte, Hanspeter und Bruni vor der Drusenfluh\"\n                    alt=\"Brigitte, Hanspeter und Bruni vor der Drusenfluh\"\n                    src=\"https:\/\/www.freimarianne.ch\/wp-content\/gallery\/st-antonien-pany-13-1-18\/thumbs\/thumbs_IMG_2240.jpg\"\n                    width=\"100\"\n                    height=\"75\"\n                    style=\"max-width:100%;\"\n                \/>\n            <\/a>\n        <\/div>\n\t\t\t\t\t\t\t<\/div> \n\t\t\t\n        \n\t\t\t\t<div id=\"ngg-image-7\" class=\"ngg-gallery-thumbnail-box\" >\n\t\t\t\t        <div class=\"ngg-gallery-thumbnail\">\n            <a href=\"https:\/\/www.freimarianne.ch\/wp-content\/gallery\/st-antonien-pany-13-1-18\/IMG_2241.jpg\"\n               title=\"Marianne, Hanspeter und Bruni vor der Drusenfluh\"\n               data-src=\"https:\/\/www.freimarianne.ch\/wp-content\/gallery\/st-antonien-pany-13-1-18\/IMG_2241.jpg\"\n               data-thumbnail=\"https:\/\/www.freimarianne.ch\/wp-content\/gallery\/st-antonien-pany-13-1-18\/thumbs\/thumbs_IMG_2241.jpg\"\n               data-image-id=\"17473\"\n               data-title=\"Marianne, Hanspeter und Bruni vor der Drusenfluh\"\n               data-description=\"Marianne, Hanspeter und Bruni vor der Drusenfluh\"\n               data-image-slug=\"img_2241-2\"\n               class=\"shutterset_28506\">\n                <img\n                    title=\"Marianne, Hanspeter und Bruni vor der Drusenfluh\"\n                    alt=\"Marianne, Hanspeter und Bruni vor der Drusenfluh\"\n                    src=\"https:\/\/www.freimarianne.ch\/wp-content\/gallery\/st-antonien-pany-13-1-18\/thumbs\/thumbs_IMG_2241.jpg\"\n                    width=\"100\"\n                    height=\"75\"\n                    style=\"max-width:100%;\"\n                \/>\n            <\/a>\n        <\/div>\n\t\t\t\t\t\t\t<\/div> \n\t\t\t\n        \n\t\t\t\t<div id=\"ngg-image-8\" class=\"ngg-gallery-thumbnail-box\" >\n\t\t\t\t        <div class=\"ngg-gallery-thumbnail\">\n            <a href=\"https:\/\/www.freimarianne.ch\/wp-content\/gallery\/st-antonien-pany-13-1-18\/IMG_2243.jpg\"\n               title=\"Chuenihorn 2412m, Schijenflue 2625m,Sarotlaspitz 2564, Schollberg 2570m\"\n               data-src=\"https:\/\/www.freimarianne.ch\/wp-content\/gallery\/st-antonien-pany-13-1-18\/IMG_2243.jpg\"\n               data-thumbnail=\"https:\/\/www.freimarianne.ch\/wp-content\/gallery\/st-antonien-pany-13-1-18\/thumbs\/thumbs_IMG_2243.jpg\"\n               data-image-id=\"17472\"\n               data-title=\"Chuenihorn 2412m, Schijenflue 2625m,Sarotlaspitz 2564, Schollberg 2570m\"\n               data-description=\"Chuenihorn 2412m, Schijenflue 2625m,Sarotlaspitz 2564, Schollberg 2570m\"\n               data-image-slug=\"img_2243-2\"\n               class=\"shutterset_28506\">\n                <img\n                    title=\"Chuenihorn 2412m, Schijenflue 2625m,Sarotlaspitz 2564, Schollberg 2570m\"\n                    alt=\"Chuenihorn 2412m, Schijenflue 2625m,Sarotlaspitz 2564, Schollberg 2570m\"\n                    src=\"https:\/\/www.freimarianne.ch\/wp-content\/gallery\/st-antonien-pany-13-1-18\/thumbs\/thumbs_IMG_2243.jpg\"\n                    width=\"100\"\n                    height=\"75\"\n                    style=\"max-width:100%;\"\n                \/>\n            <\/a>\n        <\/div>\n\t\t\t\t\t\t\t<\/div> \n\t\t\t\n        \n\t\t\t\t<div id=\"ngg-image-9\" class=\"ngg-gallery-thumbnail-box\" >\n\t\t\t\t        <div class=\"ngg-gallery-thumbnail\">\n            <a href=\"https:\/\/www.freimarianne.ch\/wp-content\/gallery\/st-antonien-pany-13-1-18\/IMG_2247.jpg\"\n               title=\"bei der Bod\u00e4h\u00fctte 1632m; Schijenflue 2625m, Sarotlaspitz 2564, Schollberg 2570m\"\n               data-src=\"https:\/\/www.freimarianne.ch\/wp-content\/gallery\/st-antonien-pany-13-1-18\/IMG_2247.jpg\"\n               data-thumbnail=\"https:\/\/www.freimarianne.ch\/wp-content\/gallery\/st-antonien-pany-13-1-18\/thumbs\/thumbs_IMG_2247.jpg\"\n               data-image-id=\"17471\"\n               data-title=\"bei der Bod\u00c3\u00a4h\u00c3\u00bctte 1632m; Schijenflue 2625m, Sarotlaspitz 2564, Schollberg 2570m\"\n               data-description=\"bei der Bod\u00e4h\u00fctte 1632m; Schijenflue 2625m, Sarotlaspitz 2564, Schollberg 2570m\"\n               data-image-slug=\"img_2247-1\"\n               class=\"shutterset_28506\">\n                <img\n                    title=\"bei der Bod\u00c3\u00a4h\u00c3\u00bctte 1632m; Schijenflue 2625m, Sarotlaspitz 2564, Schollberg 2570m\"\n                    alt=\"bei der Bod\u00c3\u00a4h\u00c3\u00bctte 1632m; Schijenflue 2625m, Sarotlaspitz 2564, Schollberg 2570m\"\n                    src=\"https:\/\/www.freimarianne.ch\/wp-content\/gallery\/st-antonien-pany-13-1-18\/thumbs\/thumbs_IMG_2247.jpg\"\n                    width=\"100\"\n                    height=\"75\"\n                    style=\"max-width:100%;\"\n                \/>\n            <\/a>\n        <\/div>\n\t\t\t\t\t\t\t<\/div> \n\t\t\t\n        \n\t\t\t\t<div id=\"ngg-image-10\" class=\"ngg-gallery-thumbnail-box\" >\n\t\t\t\t        <div class=\"ngg-gallery-thumbnail\">\n            <a href=\"https:\/\/www.freimarianne.ch\/wp-content\/gallery\/st-antonien-pany-13-1-18\/IMG_2249.jpg\"\n               title=\"bei der Bod\u00e4h\u00fctte 1632m\"\n               data-src=\"https:\/\/www.freimarianne.ch\/wp-content\/gallery\/st-antonien-pany-13-1-18\/IMG_2249.jpg\"\n               data-thumbnail=\"https:\/\/www.freimarianne.ch\/wp-content\/gallery\/st-antonien-pany-13-1-18\/thumbs\/thumbs_IMG_2249.jpg\"\n               data-image-id=\"17470\"\n               data-title=\"bei der Bod\u00c3\u00a4h\u00c3\u00bctte 1632m\"\n               data-description=\"bei der Bod\u00e4h\u00fctte 1632m\"\n               data-image-slug=\"img_2249-2\"\n               class=\"shutterset_28506\">\n                <img\n                    title=\"bei der Bod\u00c3\u00a4h\u00c3\u00bctte 1632m\"\n                    alt=\"bei der Bod\u00c3\u00a4h\u00c3\u00bctte 1632m\"\n                    src=\"https:\/\/www.freimarianne.ch\/wp-content\/gallery\/st-antonien-pany-13-1-18\/thumbs\/thumbs_IMG_2249.jpg\"\n                    width=\"100\"\n                    height=\"75\"\n                    style=\"max-width:100%;\"\n                \/>\n            <\/a>\n        <\/div>\n\t\t\t\t\t\t\t<\/div> \n\t\t\t\n        \n\t\t\t\t<div id=\"ngg-image-11\" class=\"ngg-gallery-thumbnail-box\" >\n\t\t\t\t        <div class=\"ngg-gallery-thumbnail\">\n            <a href=\"https:\/\/www.freimarianne.ch\/wp-content\/gallery\/st-antonien-pany-13-1-18\/IMG_2254.jpg\"\n               title=\"Schollberg, Eggberg\"\n               data-src=\"https:\/\/www.freimarianne.ch\/wp-content\/gallery\/st-antonien-pany-13-1-18\/IMG_2254.jpg\"\n               data-thumbnail=\"https:\/\/www.freimarianne.ch\/wp-content\/gallery\/st-antonien-pany-13-1-18\/thumbs\/thumbs_IMG_2254.jpg\"\n               data-image-id=\"17469\"\n               data-title=\"Schollberg, Eggberg\"\n               data-description=\"Schollberg, Eggberg\"\n               data-image-slug=\"img_2254-2\"\n               class=\"shutterset_28506\">\n                <img\n                    title=\"Schollberg, Eggberg\"\n                    alt=\"Schollberg, Eggberg\"\n                    src=\"https:\/\/www.freimarianne.ch\/wp-content\/gallery\/st-antonien-pany-13-1-18\/thumbs\/thumbs_IMG_2254.jpg\"\n                    width=\"100\"\n                    height=\"75\"\n                    style=\"max-width:100%;\"\n                \/>\n            <\/a>\n        <\/div>\n\t\t\t\t\t\t\t<\/div> \n\t\t\t\n        \n\t\t\t\t<div id=\"ngg-image-12\" class=\"ngg-gallery-thumbnail-box\" >\n\t\t\t\t        <div class=\"ngg-gallery-thumbnail\">\n            <a href=\"https:\/\/www.freimarianne.ch\/wp-content\/gallery\/st-antonien-pany-13-1-18\/IMG_2260.jpg\"\n               title=\"Schildflue2887m, Aelpeltispitz 2685m, Verstanclahorn 3298m, Canardhorn 2890m, Wisshorn 2832m, Piz Linard 3410m, Ungh\u00fcrh\u00f6rner 2994m, Gatschiferspitz 2676m, Pischahorn 2979m, Casanna 2557m\"\n               data-src=\"https:\/\/www.freimarianne.ch\/wp-content\/gallery\/st-antonien-pany-13-1-18\/IMG_2260.jpg\"\n               data-thumbnail=\"https:\/\/www.freimarianne.ch\/wp-content\/gallery\/st-antonien-pany-13-1-18\/thumbs\/thumbs_IMG_2260.jpg\"\n               data-image-id=\"17468\"\n               data-title=\"Schildflue2887m, Aelpeltispitz 2685m, Verstanclahorn 3298m, Canardhorn 2890m, Wisshorn 2832m, Piz Linard 3410m, Ungh\u00c3\u00bcrh\u00c3\u00b6rner 2994m, Gatschiferspitz 2676m, Pischahorn 2979m, Casanna 2557m\"\n               data-description=\"Schildflue2887m, Aelpeltispitz 2685m, Verstanclahorn 3298m, Canardhorn 2890m, Wisshorn 2832m, Piz Linard 3410m, Ungh\u00fcrh\u00f6rner 2994m, Gatschiferspitz 2676m, Pischahorn 2979m, Casanna 2557m\"\n               data-image-slug=\"img_2260-2\"\n               class=\"shutterset_28506\">\n                <img\n                    title=\"Schildflue2887m, Aelpeltispitz 2685m, Verstanclahorn 3298m, Canardhorn 2890m, Wisshorn 2832m, Piz Linard 3410m, Ungh\u00c3\u00bcrh\u00c3\u00b6rner 2994m, Gatschiferspitz 2676m, Pischahorn 2979m, Casanna 2557m\"\n                    alt=\"Schildflue2887m, Aelpeltispitz 2685m, Verstanclahorn 3298m, Canardhorn 2890m, Wisshorn 2832m, Piz Linard 3410m, Ungh\u00c3\u00bcrh\u00c3\u00b6rner 2994m, Gatschiferspitz 2676m, Pischahorn 2979m, Casanna 2557m\"\n                    src=\"https:\/\/www.freimarianne.ch\/wp-content\/gallery\/st-antonien-pany-13-1-18\/thumbs\/thumbs_IMG_2260.jpg\"\n                    width=\"100\"\n                    height=\"75\"\n                    style=\"max-width:100%;\"\n                \/>\n            <\/a>\n        <\/div>\n\t\t\t\t\t\t\t<\/div> \n\t\t\t\n        \n\t\t\n\t\t<!-- Pagination -->\n\t<div class='ngg-clear'><\/div>\t<\/div>\n<\/p>\n","protected":false},"excerpt":{"rendered":"<p>Winterwanderung von St. Ant\u00f6nien nach Pany li Schollberg, Eggberg Bei strahlendem Wetter k\u00f6nnen wir in St. Ant\u00f6nien 1418m unsere Winterwanderung beginnen, die uns hinauf nach Asch\u00fcel 1596m bringt. Von dort biegt der Weg links ab und f\u00fchrt leicht hinauf durch den Wald nach Riedb\u00fchl. Bald befinden wir uns wieder an der Sonne und wandern auf [&hellip;]<\/p>\n","protected":false},"author":1,"featured_media":0,"parent":28172,"menu_order":8,"comment_status":"closed","ping_status":"closed","template":"","meta":{"ngg_post_thumbnail":0},"_links":{"self":[{"href":"https:\/\/www.freimarianne.ch\/index.php?rest_route=\/wp\/v2\/pages\/28475"}],"collection":[{"href":"https:\/\/www.freimarianne.ch\/index.php?rest_route=\/wp\/v2\/pages"}],"about":[{"href":"https:\/\/www.freimarianne.ch\/index.php?rest_route=\/wp\/v2\/types\/page"}],"author":[{"embeddable":true,"href":"https:\/\/www.freimarianne.ch\/index.php?rest_route=\/wp\/v2\/users\/1"}],"replies":[{"embeddable":true,"href":"https:\/\/www.freimarianne.ch\/index.php?rest_route=%2Fwp%2Fv2%2Fcomments&post=28475"}],"version-history":[{"count":6,"href":"https:\/\/www.freimarianne.ch\/index.php?rest_route=\/wp\/v2\/pages\/28475\/revisions"}],"predecessor-version":[{"id":28806,"href":"https:\/\/www.freimarianne.ch\/index.php?rest_route=\/wp\/v2\/pages\/28475\/revisions\/28806"}],"up":[{"embeddable":true,"href":"https:\/\/www.freimarianne.ch\/index.php?rest_route=\/wp\/v2\/pages\/28172"}],"wp:attachment":[{"href":"https:\/\/www.freimarianne.ch\/index.php?rest_route=%2Fwp%2Fv2%2Fmedia&parent=28475"}],"curies":[{"name":"wp","href":"https:\/\/api.w.org\/{rel}","templated":true}]}}