{"id":28526,"date":"2018-01-26T17:17:29","date_gmt":"2018-01-26T16:17:29","guid":{"rendered":"http:\/\/www.freimarianne.ch\/?page_id=28526"},"modified":"2018-01-26T17:25:54","modified_gmt":"2018-01-26T16:25:54","slug":"goms-vs-25-1-2018","status":"publish","type":"page","link":"https:\/\/www.freimarianne.ch\/?page_id=28526","title":{"rendered":"Goms   VS  25.1.2018"},"content":{"rendered":"<p><strong>Winterwanderung im Goms<\/strong><\/p>\n<p><img loading=\"lazy\" class=\"size-full wp-image-28518\" src=\"http:\/\/www.freimarianne.ch\/wp-content\/uploads\/2018\/01\/IMG_0335_goms500.jpg\" alt=\"\" width=\"500\" height=\"323\" srcset=\"https:\/\/www.freimarianne.ch\/wp-content\/uploads\/2018\/01\/IMG_0335_goms500.jpg 500w, https:\/\/www.freimarianne.ch\/wp-content\/uploads\/2018\/01\/IMG_0335_goms500-300x194.jpg 300w, https:\/\/www.freimarianne.ch\/wp-content\/uploads\/2018\/01\/IMG_0335_goms500-464x300.jpg 464w\" sizes=\"(max-width: 500px) 100vw, 500px\" \/><br \/>\nBlick auf den Galenstock 3586m und Obergesteln<\/p>\n<p>Obwohl der Wetterbericht nicht sehr gut ist, fahre ich heute ins Goms, um die vielen Schnee zu erleben.<br \/>\nIn Obergsteln gehe ich durch das tief verschneite Dorf bis zum Startpunkt des Winterwanderweges. Das Gehen auf diesem Weg ist leicht anstrengend, da man immer leicht einsinkt im Schnee. Ich habe einen rechten R\u00fcckenwind, der mich vorw\u00e4rts treibt. Zum Gl\u00fcck bin ich kleiderm\u00e4ssig gut ausger\u00fcstet. Ich wandere \u00fcber Geschinen nach M\u00fcnster. Leider ist das Wetter immer noch sehr tr\u00fcbe und nicht geeignet f\u00fcr sch\u00f6ne Winterbilder! Dabei habe ich extra die grosse Kamera mitgenommen!<\/p>\n<p>Irgendwie habe ich keine Lust mehr in dieser bleiernen Stimmung weiter zu wandern und da in M\u00fcnster bald der Zug nach Brig kommt, entscheide ich mich, die Wanderung hier abzubrechen.<\/p>\n<p>Das Wintergef\u00fchl habe ich jedenfall gehabt.<\/p>\n<p><!-- index.php -->\n<div\n\tclass=\"ngg-galleryoverview ngg-ajax-pagination-none\"\n\tid=\"ngg-gallery-28595-1\">\n\n    \t<div class=\"slideshowlink\">\n        <a href='https:\/\/www.freimarianne.ch\/index.php\/nggallery\/slideshow?page_id=28526'>[Show as slideshow]<\/a>\n\t\t\n\t<\/div>\n\t\t\t<!-- Thumbnails -->\n\t\t\t\t<div id=\"ngg-image-0\" class=\"ngg-gallery-thumbnail-box\" >\n\t\t\t\t        <div class=\"ngg-gallery-thumbnail\">\n            <a href=\"https:\/\/www.freimarianne.ch\/wp-content\/gallery\/goms-25-1-2018\/IMG_0323.jpg\"\n               title=\"in Obergesteln\"\n               data-src=\"https:\/\/www.freimarianne.ch\/wp-content\/gallery\/goms-25-1-2018\/IMG_0323.jpg\"\n               data-thumbnail=\"https:\/\/www.freimarianne.ch\/wp-content\/gallery\/goms-25-1-2018\/thumbs\/thumbs_IMG_0323.jpg\"\n               data-image-id=\"17511\"\n               data-title=\"in Obergesteln\"\n               data-description=\"in Obergesteln\"\n               data-image-slug=\"img_0323-2\"\n               class=\"shutterset_28595\">\n                <img\n                    title=\"in Obergesteln\"\n                    alt=\"in Obergesteln\"\n                    src=\"https:\/\/www.freimarianne.ch\/wp-content\/gallery\/goms-25-1-2018\/thumbs\/thumbs_IMG_0323.jpg\"\n                    width=\"100\"\n                    height=\"75\"\n                    style=\"max-width:100%;\"\n                \/>\n            <\/a>\n        <\/div>\n\t\t\t\t\t\t\t<\/div> \n\t\t\t\n        \n\t\t\t\t<div id=\"ngg-image-1\" class=\"ngg-gallery-thumbnail-box\" >\n\t\t\t\t        <div class=\"ngg-gallery-thumbnail\">\n            <a href=\"https:\/\/www.freimarianne.ch\/wp-content\/gallery\/goms-25-1-2018\/IMG_0325.jpg\"\n               title=\"in Obergesteln\"\n               data-src=\"https:\/\/www.freimarianne.ch\/wp-content\/gallery\/goms-25-1-2018\/IMG_0325.jpg\"\n               data-thumbnail=\"https:\/\/www.freimarianne.ch\/wp-content\/gallery\/goms-25-1-2018\/thumbs\/thumbs_IMG_0325.jpg\"\n               data-image-id=\"17510\"\n               data-title=\"in Obergesteln\"\n               data-description=\"in Obergesteln\"\n               data-image-slug=\"img_0325\"\n               class=\"shutterset_28595\">\n                <img\n                    title=\"in Obergesteln\"\n                    alt=\"in Obergesteln\"\n                    src=\"https:\/\/www.freimarianne.ch\/wp-content\/gallery\/goms-25-1-2018\/thumbs\/thumbs_IMG_0325.jpg\"\n                    width=\"100\"\n                    height=\"75\"\n                    style=\"max-width:100%;\"\n                \/>\n            <\/a>\n        <\/div>\n\t\t\t\t\t\t\t<\/div> \n\t\t\t\n        \n\t\t\t\t<div id=\"ngg-image-2\" class=\"ngg-gallery-thumbnail-box\" >\n\t\t\t\t        <div class=\"ngg-gallery-thumbnail\">\n            <a href=\"https:\/\/www.freimarianne.ch\/wp-content\/gallery\/goms-25-1-2018\/IMG_0327.jpg\"\n               title=\"in Obergesteln\"\n               data-src=\"https:\/\/www.freimarianne.ch\/wp-content\/gallery\/goms-25-1-2018\/IMG_0327.jpg\"\n               data-thumbnail=\"https:\/\/www.freimarianne.ch\/wp-content\/gallery\/goms-25-1-2018\/thumbs\/thumbs_IMG_0327.jpg\"\n               data-image-id=\"17509\"\n               data-title=\"in Obergesteln\"\n               data-description=\"in Obergesteln\"\n               data-image-slug=\"img_0327\"\n               class=\"shutterset_28595\">\n                <img\n                    title=\"in Obergesteln\"\n                    alt=\"in Obergesteln\"\n                    src=\"https:\/\/www.freimarianne.ch\/wp-content\/gallery\/goms-25-1-2018\/thumbs\/thumbs_IMG_0327.jpg\"\n                    width=\"100\"\n                    height=\"75\"\n                    style=\"max-width:100%;\"\n                \/>\n            <\/a>\n        <\/div>\n\t\t\t\t\t\t\t<\/div> \n\t\t\t\n        \n\t\t\t\t<div id=\"ngg-image-3\" class=\"ngg-gallery-thumbnail-box\" >\n\t\t\t\t        <div class=\"ngg-gallery-thumbnail\">\n            <a href=\"https:\/\/www.freimarianne.ch\/wp-content\/gallery\/goms-25-1-2018\/IMG_0328.jpg\"\n               title=\"in Obergesteln\"\n               data-src=\"https:\/\/www.freimarianne.ch\/wp-content\/gallery\/goms-25-1-2018\/IMG_0328.jpg\"\n               data-thumbnail=\"https:\/\/www.freimarianne.ch\/wp-content\/gallery\/goms-25-1-2018\/thumbs\/thumbs_IMG_0328.jpg\"\n               data-image-id=\"17508\"\n               data-title=\"in Obergesteln\"\n               data-description=\"in Obergesteln\"\n               data-image-slug=\"img_0328-3\"\n               class=\"shutterset_28595\">\n                <img\n                    title=\"in Obergesteln\"\n                    alt=\"in Obergesteln\"\n                    src=\"https:\/\/www.freimarianne.ch\/wp-content\/gallery\/goms-25-1-2018\/thumbs\/thumbs_IMG_0328.jpg\"\n                    width=\"100\"\n                    height=\"75\"\n                    style=\"max-width:100%;\"\n                \/>\n            <\/a>\n        <\/div>\n\t\t\t\t\t\t\t<\/div> \n\t\t\t\n        \n\t\t\t\t<div id=\"ngg-image-4\" class=\"ngg-gallery-thumbnail-box\" >\n\t\t\t\t        <div class=\"ngg-gallery-thumbnail\">\n            <a href=\"https:\/\/www.freimarianne.ch\/wp-content\/gallery\/goms-25-1-2018\/IMG_0329.jpg\"\n               title=\"in Obergesteln\"\n               data-src=\"https:\/\/www.freimarianne.ch\/wp-content\/gallery\/goms-25-1-2018\/IMG_0329.jpg\"\n               data-thumbnail=\"https:\/\/www.freimarianne.ch\/wp-content\/gallery\/goms-25-1-2018\/thumbs\/thumbs_IMG_0329.jpg\"\n               data-image-id=\"17507\"\n               data-title=\"in Obergesteln\"\n               data-description=\"in Obergesteln\"\n               data-image-slug=\"img_0329-2\"\n               class=\"shutterset_28595\">\n                <img\n                    title=\"in Obergesteln\"\n                    alt=\"in Obergesteln\"\n                    src=\"https:\/\/www.freimarianne.ch\/wp-content\/gallery\/goms-25-1-2018\/thumbs\/thumbs_IMG_0329.jpg\"\n                    width=\"100\"\n                    height=\"75\"\n                    style=\"max-width:100%;\"\n                \/>\n            <\/a>\n        <\/div>\n\t\t\t\t\t\t\t<\/div> \n\t\t\t\n        \n\t\t\t\t<div id=\"ngg-image-5\" class=\"ngg-gallery-thumbnail-box\" >\n\t\t\t\t        <div class=\"ngg-gallery-thumbnail\">\n            <a href=\"https:\/\/www.freimarianne.ch\/wp-content\/gallery\/goms-25-1-2018\/IMG_0333.jpg\"\n               title=\"in Obergesteln\"\n               data-src=\"https:\/\/www.freimarianne.ch\/wp-content\/gallery\/goms-25-1-2018\/IMG_0333.jpg\"\n               data-thumbnail=\"https:\/\/www.freimarianne.ch\/wp-content\/gallery\/goms-25-1-2018\/thumbs\/thumbs_IMG_0333.jpg\"\n               data-image-id=\"17506\"\n               data-title=\"in Obergesteln\"\n               data-description=\"in Obergesteln\"\n               data-image-slug=\"img_0333-3\"\n               class=\"shutterset_28595\">\n                <img\n                    title=\"in Obergesteln\"\n                    alt=\"in Obergesteln\"\n                    src=\"https:\/\/www.freimarianne.ch\/wp-content\/gallery\/goms-25-1-2018\/thumbs\/thumbs_IMG_0333.jpg\"\n                    width=\"100\"\n                    height=\"75\"\n                    style=\"max-width:100%;\"\n                \/>\n            <\/a>\n        <\/div>\n\t\t\t\t\t\t\t<\/div> \n\t\t\t\n        \n\t\t\t\t<div id=\"ngg-image-6\" class=\"ngg-gallery-thumbnail-box\" >\n\t\t\t\t        <div class=\"ngg-gallery-thumbnail\">\n            <a href=\"https:\/\/www.freimarianne.ch\/wp-content\/gallery\/goms-25-1-2018\/IMG_0336.jpg\"\n               title=\"Blick auf den Galenstock und Obergesteln\"\n               data-src=\"https:\/\/www.freimarianne.ch\/wp-content\/gallery\/goms-25-1-2018\/IMG_0336.jpg\"\n               data-thumbnail=\"https:\/\/www.freimarianne.ch\/wp-content\/gallery\/goms-25-1-2018\/thumbs\/thumbs_IMG_0336.jpg\"\n               data-image-id=\"17505\"\n               data-title=\"Blick auf den Galenstock und Obergesteln\"\n               data-description=\"Blick auf den Galenstock und Obergesteln\"\n               data-image-slug=\"img_0336-4\"\n               class=\"shutterset_28595\">\n                <img\n                    title=\"Blick auf den Galenstock und Obergesteln\"\n                    alt=\"Blick auf den Galenstock und Obergesteln\"\n                    src=\"https:\/\/www.freimarianne.ch\/wp-content\/gallery\/goms-25-1-2018\/thumbs\/thumbs_IMG_0336.jpg\"\n                    width=\"100\"\n                    height=\"75\"\n                    style=\"max-width:100%;\"\n                \/>\n            <\/a>\n        <\/div>\n\t\t\t\t\t\t\t<\/div> \n\t\t\t\n        \n\t\t\t\t<div id=\"ngg-image-7\" class=\"ngg-gallery-thumbnail-box\" >\n\t\t\t\t        <div class=\"ngg-gallery-thumbnail\">\n            <a href=\"https:\/\/www.freimarianne.ch\/wp-content\/gallery\/goms-25-1-2018\/IMG_0337.jpg\"\n               title=\"Blick auf Selkingen\"\n               data-src=\"https:\/\/www.freimarianne.ch\/wp-content\/gallery\/goms-25-1-2018\/IMG_0337.jpg\"\n               data-thumbnail=\"https:\/\/www.freimarianne.ch\/wp-content\/gallery\/goms-25-1-2018\/thumbs\/thumbs_IMG_0337.jpg\"\n               data-image-id=\"17504\"\n               data-title=\"Blick auf Selkingen\"\n               data-description=\"Blick auf Selkingen\"\n               data-image-slug=\"img_0337-3\"\n               class=\"shutterset_28595\">\n                <img\n                    title=\"Blick auf Selkingen\"\n                    alt=\"Blick auf Selkingen\"\n                    src=\"https:\/\/www.freimarianne.ch\/wp-content\/gallery\/goms-25-1-2018\/thumbs\/thumbs_IMG_0337.jpg\"\n                    width=\"100\"\n                    height=\"75\"\n                    style=\"max-width:100%;\"\n                \/>\n            <\/a>\n        <\/div>\n\t\t\t\t\t\t\t<\/div> \n\t\t\t\n        \n\t\t\t\t<div id=\"ngg-image-8\" class=\"ngg-gallery-thumbnail-box\" >\n\t\t\t\t        <div class=\"ngg-gallery-thumbnail\">\n            <a href=\"https:\/\/www.freimarianne.ch\/wp-content\/gallery\/goms-25-1-2018\/IMG_0341.jpg\"\n               title=\"so viel Schnee hat es\"\n               data-src=\"https:\/\/www.freimarianne.ch\/wp-content\/gallery\/goms-25-1-2018\/IMG_0341.jpg\"\n               data-thumbnail=\"https:\/\/www.freimarianne.ch\/wp-content\/gallery\/goms-25-1-2018\/thumbs\/thumbs_IMG_0341.jpg\"\n               data-image-id=\"17503\"\n               data-title=\"so viel Schnee hat es\"\n               data-description=\"so viel Schnee hat es\"\n               data-image-slug=\"img_0341-5\"\n               class=\"shutterset_28595\">\n                <img\n                    title=\"so viel Schnee hat es\"\n                    alt=\"so viel Schnee hat es\"\n                    src=\"https:\/\/www.freimarianne.ch\/wp-content\/gallery\/goms-25-1-2018\/thumbs\/thumbs_IMG_0341.jpg\"\n                    width=\"100\"\n                    height=\"75\"\n                    style=\"max-width:100%;\"\n                \/>\n            <\/a>\n        <\/div>\n\t\t\t\t\t\t\t<\/div> \n\t\t\t\n        \n\t\t\t\t<div id=\"ngg-image-9\" class=\"ngg-gallery-thumbnail-box\" >\n\t\t\t\t        <div class=\"ngg-gallery-thumbnail\">\n            <a href=\"https:\/\/www.freimarianne.ch\/wp-content\/gallery\/goms-25-1-2018\/IMG_0342.jpg\"\n               title=\"Geschinen\"\n               data-src=\"https:\/\/www.freimarianne.ch\/wp-content\/gallery\/goms-25-1-2018\/IMG_0342.jpg\"\n               data-thumbnail=\"https:\/\/www.freimarianne.ch\/wp-content\/gallery\/goms-25-1-2018\/thumbs\/thumbs_IMG_0342.jpg\"\n               data-image-id=\"17502\"\n               data-title=\"Geschinen\"\n               data-description=\"Geschinen\"\n               data-image-slug=\"img_0342-2\"\n               class=\"shutterset_28595\">\n                <img\n                    title=\"Geschinen\"\n                    alt=\"Geschinen\"\n                    src=\"https:\/\/www.freimarianne.ch\/wp-content\/gallery\/goms-25-1-2018\/thumbs\/thumbs_IMG_0342.jpg\"\n                    width=\"100\"\n                    height=\"75\"\n                    style=\"max-width:100%;\"\n                \/>\n            <\/a>\n        <\/div>\n\t\t\t\t\t\t\t<\/div> \n\t\t\t\n        \n\t\t\t\t<div id=\"ngg-image-10\" class=\"ngg-gallery-thumbnail-box\" >\n\t\t\t\t        <div class=\"ngg-gallery-thumbnail\">\n            <a href=\"https:\/\/www.freimarianne.ch\/wp-content\/gallery\/goms-25-1-2018\/IMG_0343.jpg\"\n               title=\"Geschinen\"\n               data-src=\"https:\/\/www.freimarianne.ch\/wp-content\/gallery\/goms-25-1-2018\/IMG_0343.jpg\"\n               data-thumbnail=\"https:\/\/www.freimarianne.ch\/wp-content\/gallery\/goms-25-1-2018\/thumbs\/thumbs_IMG_0343.jpg\"\n               data-image-id=\"17501\"\n               data-title=\"Geschinen\"\n               data-description=\"Geschinen\"\n               data-image-slug=\"img_0343-4\"\n               class=\"shutterset_28595\">\n                <img\n                    title=\"Geschinen\"\n                    alt=\"Geschinen\"\n                    src=\"https:\/\/www.freimarianne.ch\/wp-content\/gallery\/goms-25-1-2018\/thumbs\/thumbs_IMG_0343.jpg\"\n                    width=\"100\"\n                    height=\"75\"\n                    style=\"max-width:100%;\"\n                \/>\n            <\/a>\n        <\/div>\n\t\t\t\t\t\t\t<\/div> \n\t\t\t\n        \n\t\t\t\t<div id=\"ngg-image-11\" class=\"ngg-gallery-thumbnail-box\" >\n\t\t\t\t        <div class=\"ngg-gallery-thumbnail\">\n            <a href=\"https:\/\/www.freimarianne.ch\/wp-content\/gallery\/goms-25-1-2018\/IMG_0345.jpg\"\n               title=\"in M\u00fcnster\"\n               data-src=\"https:\/\/www.freimarianne.ch\/wp-content\/gallery\/goms-25-1-2018\/IMG_0345.jpg\"\n               data-thumbnail=\"https:\/\/www.freimarianne.ch\/wp-content\/gallery\/goms-25-1-2018\/thumbs\/thumbs_IMG_0345.jpg\"\n               data-image-id=\"17500\"\n               data-title=\"in M\u00c3\u00bcnster\"\n               data-description=\"in M\u00fcnster\"\n               data-image-slug=\"img_0345-1\"\n               class=\"shutterset_28595\">\n                <img\n                    title=\"in M\u00c3\u00bcnster\"\n                    alt=\"in M\u00c3\u00bcnster\"\n                    src=\"https:\/\/www.freimarianne.ch\/wp-content\/gallery\/goms-25-1-2018\/thumbs\/thumbs_IMG_0345.jpg\"\n                    width=\"100\"\n                    height=\"75\"\n                    style=\"max-width:100%;\"\n                \/>\n            <\/a>\n        <\/div>\n\t\t\t\t\t\t\t<\/div> \n\t\t\t\n        \n\t\t\t\t<div id=\"ngg-image-12\" class=\"ngg-gallery-thumbnail-box\" >\n\t\t\t\t        <div class=\"ngg-gallery-thumbnail\">\n            <a href=\"https:\/\/www.freimarianne.ch\/wp-content\/gallery\/goms-25-1-2018\/IMG_0347.jpg\"\n               title=\"in M\u00fcnster\"\n               data-src=\"https:\/\/www.freimarianne.ch\/wp-content\/gallery\/goms-25-1-2018\/IMG_0347.jpg\"\n               data-thumbnail=\"https:\/\/www.freimarianne.ch\/wp-content\/gallery\/goms-25-1-2018\/thumbs\/thumbs_IMG_0347.jpg\"\n               data-image-id=\"17499\"\n               data-title=\"in M\u00c3\u00bcnster\"\n               data-description=\"in M\u00fcnster\"\n               data-image-slug=\"img_0347-1\"\n               class=\"shutterset_28595\">\n                <img\n                    title=\"in M\u00c3\u00bcnster\"\n                    alt=\"in M\u00c3\u00bcnster\"\n                    src=\"https:\/\/www.freimarianne.ch\/wp-content\/gallery\/goms-25-1-2018\/thumbs\/thumbs_IMG_0347.jpg\"\n                    width=\"100\"\n                    height=\"75\"\n                    style=\"max-width:100%;\"\n                \/>\n            <\/a>\n        <\/div>\n\t\t\t\t\t\t\t<\/div> \n\t\t\t\n        \n\t\t\n\t\t<!-- Pagination -->\n\t<div class='ngg-clear'><\/div>\t<\/div>\n<\/p>\n","protected":false},"excerpt":{"rendered":"<p>Winterwanderung im Goms Blick auf den Galenstock 3586m und Obergesteln Obwohl der Wetterbericht nicht sehr gut ist, fahre ich heute ins Goms, um die vielen Schnee zu erleben. In Obergsteln gehe ich durch das tief verschneite Dorf bis zum Startpunkt des Winterwanderweges. Das Gehen auf diesem Weg ist leicht anstrengend, da man immer leicht einsinkt [&hellip;]<\/p>\n","protected":false},"author":1,"featured_media":0,"parent":28172,"menu_order":10,"comment_status":"closed","ping_status":"closed","template":"","meta":{"ngg_post_thumbnail":0},"_links":{"self":[{"href":"https:\/\/www.freimarianne.ch\/index.php?rest_route=\/wp\/v2\/pages\/28526"}],"collection":[{"href":"https:\/\/www.freimarianne.ch\/index.php?rest_route=\/wp\/v2\/pages"}],"about":[{"href":"https:\/\/www.freimarianne.ch\/index.php?rest_route=\/wp\/v2\/types\/page"}],"author":[{"embeddable":true,"href":"https:\/\/www.freimarianne.ch\/index.php?rest_route=\/wp\/v2\/users\/1"}],"replies":[{"embeddable":true,"href":"https:\/\/www.freimarianne.ch\/index.php?rest_route=%2Fwp%2Fv2%2Fcomments&post=28526"}],"version-history":[{"count":3,"href":"https:\/\/www.freimarianne.ch\/index.php?rest_route=\/wp\/v2\/pages\/28526\/revisions"}],"predecessor-version":[{"id":28596,"href":"https:\/\/www.freimarianne.ch\/index.php?rest_route=\/wp\/v2\/pages\/28526\/revisions\/28596"}],"up":[{"embeddable":true,"href":"https:\/\/www.freimarianne.ch\/index.php?rest_route=\/wp\/v2\/pages\/28172"}],"wp:attachment":[{"href":"https:\/\/www.freimarianne.ch\/index.php?rest_route=%2Fwp%2Fv2%2Fmedia&parent=28526"}],"curies":[{"name":"wp","href":"https:\/\/api.w.org\/{rel}","templated":true}]}}