{"id":29195,"date":"2018-03-09T15:25:18","date_gmt":"2018-03-09T14:25:18","guid":{"rendered":"http:\/\/www.freimarianne.ch\/?page_id=29195"},"modified":"2018-03-09T15:36:26","modified_gmt":"2018-03-09T14:36:26","slug":"panuol-flumserberg-sg-8-3-2018","status":"publish","type":"page","link":"https:\/\/www.freimarianne.ch\/?page_id=29195","title":{"rendered":"Pan\u00fc\u00f6l  Flumserberg  SG  8.3.2018"},"content":{"rendered":"<p><strong>Winterwanderung in den Flumserbergen<\/strong><br \/>\n<strong>Maschgenkamm &#8211; Pan\u00fc\u00f6l &#8211; Prodalp &#8211; Tannenboden<\/strong><br \/>\n<strong>Mit der Wandergruppe\u00a0 &#8220;Alpenblick&#8221;<\/strong><\/p>\n<p><img loading=\"lazy\" class=\"size-full wp-image-29192\" src=\"http:\/\/www.freimarianne.ch\/wp-content\/uploads\/2018\/03\/IMG_3001_panu\u0308o\u0308l_500.jpg\" alt=\"\" width=\"500\" height=\"375\" srcset=\"https:\/\/www.freimarianne.ch\/wp-content\/uploads\/2018\/03\/IMG_3001_panu\u0308o\u0308l_500.jpg 500w, https:\/\/www.freimarianne.ch\/wp-content\/uploads\/2018\/03\/IMG_3001_panu\u0308o\u0308l_500-300x225.jpg 300w, https:\/\/www.freimarianne.ch\/wp-content\/uploads\/2018\/03\/IMG_3001_panu\u0308o\u0308l_500-400x300.jpg 400w\" sizes=\"(max-width: 500px) 100vw, 500px\" \/><br \/>\nSicht ins Schilstal; Pkt. 2341m, Guli 2355m, Fulegg 2322m, Schn\u00fcrligrat 2473m<\/p>\n<p>F\u00fcnf Personen finden sich ein f\u00fcr die erste Wanderung mit der neuen Wandergruppe \u201eAlpenblick\u201c.<br \/>\nWir mussten die Wanderung verschieben und hoffen auf einen sch\u00f6nen Tag, was sich auch bewahrheitet.<br \/>\nAuf dem Maschegenkamm 2008m machen wir zuerst einen Kaffeehalt im Bergrestaurant und machen uns dann, ausgestattet mit St\u00f6cken und \u201eIseli\u201c an den steilen Abstieg zur Maschgenl\u00fccke. Wegen dem Neuschnee ist das kein Problem. Dann wandern wir auf dem sch\u00f6n angelegten Winterwanderweg meist im Neuschnee hinunter zur Alp Pan\u00fc\u00f6l 1804m. Unterwegs gibt es einige Fotohalte.<br \/>\nVon Pan\u00fc\u00f6l aus geht es langsam hinunter gegen die Prodalp. Wir begegnen einigen Hundegespannen. Auf der einzigen Bank unterwegs machen wir unseren etwas sp\u00e4ten Mittagshalt und geniessen die pr\u00e4chtige Aussicht ins Schilstal mit dem Hochfinsler, Spitzmeilen und Wissmeilen.<br \/>\nDer Weg wendet sich nun nach Norden und wir befinden uns bald auf der Prodalp, wo reger Skibetrieb herrscht. Hier sehen wir von den Churfirsten \u00fcber den Alvier , Gauschla, Gonzen, Falknis zum Vilan und in die B\u00fcndner Berge.<br \/>\nBald wird es wieder still um uns herum und wir wandern teilweise durch den Bergwald hinunter \u00fcber Madlis zur Tannenbodenalp und von dort hinunter nach Tannenboden. Es gelingt uns, den Bus um 15.30h nach Sargans zu nehmen. Auf eine Einkehr im Restaurant m\u00fcssen wir aus Zeitgr\u00fcnden verzichten.<br \/>\nDies war ein pr\u00e4chtiger Tag, den sicher alle genossen haben.<\/p>\n<p>Laut Schweizmobil:<br \/>\nDistanz: 7.85km; Aufstieg: 65m; Abstieg: 730m; Wanderzeit 2h 8min (Sommer!!)<\/p>\n<p><a href=\"https:\/\/map.schweizmobil.ch\/\/?lang=de&amp;season=winter&amp;bgLayer=pk&amp;resolution=10&amp;E=2739482&amp;N=1215723&amp;trackId=4184980\">Karte Schweizmobil:<\/a><\/p>\n<p><!-- index.php -->\n<div\n\tclass=\"ngg-galleryoverview ngg-ajax-pagination-none\"\n\tid=\"ngg-gallery-29276-1\">\n\n    \t<div class=\"slideshowlink\">\n        <a href='https:\/\/www.freimarianne.ch\/index.php\/nggallery\/slideshow?page_id=29195'>[Show as slideshow]<\/a>\n\t\t\n\t<\/div>\n\t\t\t<!-- Thumbnails -->\n\t\t\t\t<div id=\"ngg-image-0\" class=\"ngg-gallery-thumbnail-box\" >\n\t\t\t\t        <div class=\"ngg-gallery-thumbnail\">\n            <a href=\"https:\/\/www.freimarianne.ch\/wp-content\/gallery\/panuol-8-3-18\/IMG_2975.jpg\"\n               title=\"eine Gegensteigung\"\n               data-src=\"https:\/\/www.freimarianne.ch\/wp-content\/gallery\/panuol-8-3-18\/IMG_2975.jpg\"\n               data-thumbnail=\"https:\/\/www.freimarianne.ch\/wp-content\/gallery\/panuol-8-3-18\/thumbs\/thumbs_IMG_2975.jpg\"\n               data-image-id=\"17781\"\n               data-title=\"eine Gegensteigung\"\n               data-description=\"eine Gegensteigung\"\n               data-image-slug=\"img_2975-1\"\n               class=\"shutterset_29276\">\n                <img\n                    title=\"eine Gegensteigung\"\n                    alt=\"eine Gegensteigung\"\n                    src=\"https:\/\/www.freimarianne.ch\/wp-content\/gallery\/panuol-8-3-18\/thumbs\/thumbs_IMG_2975.jpg\"\n                    width=\"100\"\n                    height=\"75\"\n                    style=\"max-width:100%;\"\n                \/>\n            <\/a>\n        <\/div>\n\t\t\t\t\t\t\t<\/div> \n\t\t\t\n        \n\t\t\t\t<div id=\"ngg-image-1\" class=\"ngg-gallery-thumbnail-box\" >\n\t\t\t\t        <div class=\"ngg-gallery-thumbnail\">\n            <a href=\"https:\/\/www.freimarianne.ch\/wp-content\/gallery\/panuol-8-3-18\/IMG_2978.jpg\"\n               title=\"SIcht von der Anh\u00f6he auf:\"\n               data-src=\"https:\/\/www.freimarianne.ch\/wp-content\/gallery\/panuol-8-3-18\/IMG_2978.jpg\"\n               data-thumbnail=\"https:\/\/www.freimarianne.ch\/wp-content\/gallery\/panuol-8-3-18\/thumbs\/thumbs_IMG_2978.jpg\"\n               data-image-id=\"17780\"\n               data-title=\"SIcht von der Anh\u00c3\u00b6he auf:\"\n               data-description=\"SIcht von der Anh\u00f6he auf:\"\n               data-image-slug=\"img_2978-1\"\n               class=\"shutterset_29276\">\n                <img\n                    title=\"SIcht von der Anh\u00c3\u00b6he auf:\"\n                    alt=\"SIcht von der Anh\u00c3\u00b6he auf:\"\n                    src=\"https:\/\/www.freimarianne.ch\/wp-content\/gallery\/panuol-8-3-18\/thumbs\/thumbs_IMG_2978.jpg\"\n                    width=\"100\"\n                    height=\"75\"\n                    style=\"max-width:100%;\"\n                \/>\n            <\/a>\n        <\/div>\n\t\t\t\t\t\t\t<\/div> \n\t\t\t\n        \n\t\t\t\t<div id=\"ngg-image-2\" class=\"ngg-gallery-thumbnail-box\" >\n\t\t\t\t        <div class=\"ngg-gallery-thumbnail\">\n            <a href=\"https:\/\/www.freimarianne.ch\/wp-content\/gallery\/panuol-8-3-18\/IMG_2981.jpg\"\n               title=\"Fotohalt auf Anh\u00f6he\"\n               data-src=\"https:\/\/www.freimarianne.ch\/wp-content\/gallery\/panuol-8-3-18\/IMG_2981.jpg\"\n               data-thumbnail=\"https:\/\/www.freimarianne.ch\/wp-content\/gallery\/panuol-8-3-18\/thumbs\/thumbs_IMG_2981.jpg\"\n               data-image-id=\"17779\"\n               data-title=\"Fotohalt auf Anh\u00c3\u00b6he\"\n               data-description=\"Fotohalt auf Anh\u00f6he\"\n               data-image-slug=\"img_2981-4\"\n               class=\"shutterset_29276\">\n                <img\n                    title=\"Fotohalt auf Anh\u00c3\u00b6he\"\n                    alt=\"Fotohalt auf Anh\u00c3\u00b6he\"\n                    src=\"https:\/\/www.freimarianne.ch\/wp-content\/gallery\/panuol-8-3-18\/thumbs\/thumbs_IMG_2981.jpg\"\n                    width=\"100\"\n                    height=\"75\"\n                    style=\"max-width:100%;\"\n                \/>\n            <\/a>\n        <\/div>\n\t\t\t\t\t\t\t<\/div> \n\t\t\t\n        \n\t\t\t\t<div id=\"ngg-image-3\" class=\"ngg-gallery-thumbnail-box\" >\n\t\t\t\t        <div class=\"ngg-gallery-thumbnail\">\n            <a href=\"https:\/\/www.freimarianne.ch\/wp-content\/gallery\/panuol-8-3-18\/IMG_2986.jpg\"\n               title=\"\"\n               data-src=\"https:\/\/www.freimarianne.ch\/wp-content\/gallery\/panuol-8-3-18\/IMG_2986.jpg\"\n               data-thumbnail=\"https:\/\/www.freimarianne.ch\/wp-content\/gallery\/panuol-8-3-18\/thumbs\/thumbs_IMG_2986.jpg\"\n               data-image-id=\"17778\"\n               data-title=\"IMG_2986\"\n               data-description=\"\"\n               data-image-slug=\"img_2986\"\n               class=\"shutterset_29276\">\n                <img\n                    title=\"IMG_2986\"\n                    alt=\"IMG_2986\"\n                    src=\"https:\/\/www.freimarianne.ch\/wp-content\/gallery\/panuol-8-3-18\/thumbs\/thumbs_IMG_2986.jpg\"\n                    width=\"100\"\n                    height=\"75\"\n                    style=\"max-width:100%;\"\n                \/>\n            <\/a>\n        <\/div>\n\t\t\t\t\t\t\t<\/div> \n\t\t\t\n        \n\t\t\t\t<div id=\"ngg-image-4\" class=\"ngg-gallery-thumbnail-box\" >\n\t\t\t\t        <div class=\"ngg-gallery-thumbnail\">\n            <a href=\"https:\/\/www.freimarianne.ch\/wp-content\/gallery\/panuol-8-3-18\/IMG_2993.jpg\"\n               title=\"\"\n               data-src=\"https:\/\/www.freimarianne.ch\/wp-content\/gallery\/panuol-8-3-18\/IMG_2993.jpg\"\n               data-thumbnail=\"https:\/\/www.freimarianne.ch\/wp-content\/gallery\/panuol-8-3-18\/thumbs\/thumbs_IMG_2993.jpg\"\n               data-image-id=\"17777\"\n               data-title=\"IMG_2993\"\n               data-description=\"\"\n               data-image-slug=\"img_2993-1\"\n               class=\"shutterset_29276\">\n                <img\n                    title=\"IMG_2993\"\n                    alt=\"IMG_2993\"\n                    src=\"https:\/\/www.freimarianne.ch\/wp-content\/gallery\/panuol-8-3-18\/thumbs\/thumbs_IMG_2993.jpg\"\n                    width=\"100\"\n                    height=\"75\"\n                    style=\"max-width:100%;\"\n                \/>\n            <\/a>\n        <\/div>\n\t\t\t\t\t\t\t<\/div> \n\t\t\t\n        \n\t\t\t\t<div id=\"ngg-image-5\" class=\"ngg-gallery-thumbnail-box\" >\n\t\t\t\t        <div class=\"ngg-gallery-thumbnail\">\n            <a href=\"https:\/\/www.freimarianne.ch\/wp-content\/gallery\/panuol-8-3-18\/IMG_2995.jpg\"\n               title=\"Eiswunder\"\n               data-src=\"https:\/\/www.freimarianne.ch\/wp-content\/gallery\/panuol-8-3-18\/IMG_2995.jpg\"\n               data-thumbnail=\"https:\/\/www.freimarianne.ch\/wp-content\/gallery\/panuol-8-3-18\/thumbs\/thumbs_IMG_2995.jpg\"\n               data-image-id=\"17776\"\n               data-title=\"Eiswunder\"\n               data-description=\"Eiswunder\"\n               data-image-slug=\"img_2995-1\"\n               class=\"shutterset_29276\">\n                <img\n                    title=\"Eiswunder\"\n                    alt=\"Eiswunder\"\n                    src=\"https:\/\/www.freimarianne.ch\/wp-content\/gallery\/panuol-8-3-18\/thumbs\/thumbs_IMG_2995.jpg\"\n                    width=\"100\"\n                    height=\"75\"\n                    style=\"max-width:100%;\"\n                \/>\n            <\/a>\n        <\/div>\n\t\t\t\t\t\t\t<\/div> \n\t\t\t\n        \n\t\t\t\t<div id=\"ngg-image-6\" class=\"ngg-gallery-thumbnail-box\" >\n\t\t\t\t        <div class=\"ngg-gallery-thumbnail\">\n            <a href=\"https:\/\/www.freimarianne.ch\/wp-content\/gallery\/panuol-8-3-18\/IMG_3000.jpg\"\n               title=\"Sicht ins Schilstal; vo Guli  2355m, Fulegg 2322m,\"\n               data-src=\"https:\/\/www.freimarianne.ch\/wp-content\/gallery\/panuol-8-3-18\/IMG_3000.jpg\"\n               data-thumbnail=\"https:\/\/www.freimarianne.ch\/wp-content\/gallery\/panuol-8-3-18\/thumbs\/thumbs_IMG_3000.jpg\"\n               data-image-id=\"17775\"\n               data-title=\"Sicht ins Schilstal; vo Guli  2355m, Fulegg 2322m,\"\n               data-description=\"Sicht ins Schilstal; vo Guli  2355m, Fulegg 2322m,\"\n               data-image-slug=\"img_3000-3\"\n               class=\"shutterset_29276\">\n                <img\n                    title=\"Sicht ins Schilstal; vo Guli  2355m, Fulegg 2322m,\"\n                    alt=\"Sicht ins Schilstal; vo Guli  2355m, Fulegg 2322m,\"\n                    src=\"https:\/\/www.freimarianne.ch\/wp-content\/gallery\/panuol-8-3-18\/thumbs\/thumbs_IMG_3000.jpg\"\n                    width=\"100\"\n                    height=\"75\"\n                    style=\"max-width:100%;\"\n                \/>\n            <\/a>\n        <\/div>\n\t\t\t\t\t\t\t<\/div> \n\t\t\t\n        \n\t\t\t\t<div id=\"ngg-image-7\" class=\"ngg-gallery-thumbnail-box\" >\n\t\t\t\t        <div class=\"ngg-gallery-thumbnail\">\n            <a href=\"https:\/\/www.freimarianne.ch\/wp-content\/gallery\/panuol-8-3-18\/IMG_3008.jpg\"\n               title=\"Hundegespann\"\n               data-src=\"https:\/\/www.freimarianne.ch\/wp-content\/gallery\/panuol-8-3-18\/IMG_3008.jpg\"\n               data-thumbnail=\"https:\/\/www.freimarianne.ch\/wp-content\/gallery\/panuol-8-3-18\/thumbs\/thumbs_IMG_3008.jpg\"\n               data-image-id=\"17774\"\n               data-title=\"Hundegespann\"\n               data-description=\"Hundegespann\"\n               data-image-slug=\"img_3008-1\"\n               class=\"shutterset_29276\">\n                <img\n                    title=\"Hundegespann\"\n                    alt=\"Hundegespann\"\n                    src=\"https:\/\/www.freimarianne.ch\/wp-content\/gallery\/panuol-8-3-18\/thumbs\/thumbs_IMG_3008.jpg\"\n                    width=\"100\"\n                    height=\"75\"\n                    style=\"max-width:100%;\"\n                \/>\n            <\/a>\n        <\/div>\n\t\t\t\t\t\t\t<\/div> \n\t\t\t\n        \n\t\t\t\t<div id=\"ngg-image-8\" class=\"ngg-gallery-thumbnail-box\" >\n\t\t\t\t        <div class=\"ngg-gallery-thumbnail\">\n            <a href=\"https:\/\/www.freimarianne.ch\/wp-content\/gallery\/panuol-8-3-18\/IMG_3011.jpg\"\n               title=\"Mittagshalt; Hochgamatsch 2368m, Hochfinsler  2423m\"\n               data-src=\"https:\/\/www.freimarianne.ch\/wp-content\/gallery\/panuol-8-3-18\/IMG_3011.jpg\"\n               data-thumbnail=\"https:\/\/www.freimarianne.ch\/wp-content\/gallery\/panuol-8-3-18\/thumbs\/thumbs_IMG_3011.jpg\"\n               data-image-id=\"17773\"\n               data-title=\"Mittagshalt; Hochgamatsch 2368m, Hochfinsler  2423m\"\n               data-description=\"Mittagshalt; Hochgamatsch 2368m, Hochfinsler  2423m\"\n               data-image-slug=\"img_3011\"\n               class=\"shutterset_29276\">\n                <img\n                    title=\"Mittagshalt; Hochgamatsch 2368m, Hochfinsler  2423m\"\n                    alt=\"Mittagshalt; Hochgamatsch 2368m, Hochfinsler  2423m\"\n                    src=\"https:\/\/www.freimarianne.ch\/wp-content\/gallery\/panuol-8-3-18\/thumbs\/thumbs_IMG_3011.jpg\"\n                    width=\"100\"\n                    height=\"75\"\n                    style=\"max-width:100%;\"\n                \/>\n            <\/a>\n        <\/div>\n\t\t\t\t\t\t\t<\/div> \n\t\t\t\n        \n\t\t\t\t<div id=\"ngg-image-9\" class=\"ngg-gallery-thumbnail-box\" >\n\t\t\t\t        <div class=\"ngg-gallery-thumbnail\">\n            <a href=\"https:\/\/www.freimarianne.ch\/wp-content\/gallery\/panuol-8-3-18\/IMG_3016.jpg\"\n               title=\"Mittagshalt\"\n               data-src=\"https:\/\/www.freimarianne.ch\/wp-content\/gallery\/panuol-8-3-18\/IMG_3016.jpg\"\n               data-thumbnail=\"https:\/\/www.freimarianne.ch\/wp-content\/gallery\/panuol-8-3-18\/thumbs\/thumbs_IMG_3016.jpg\"\n               data-image-id=\"17772\"\n               data-title=\"Mittagshalt\"\n               data-description=\"Mittagshalt\"\n               data-image-slug=\"img_3016-1\"\n               class=\"shutterset_29276\">\n                <img\n                    title=\"Mittagshalt\"\n                    alt=\"Mittagshalt\"\n                    src=\"https:\/\/www.freimarianne.ch\/wp-content\/gallery\/panuol-8-3-18\/thumbs\/thumbs_IMG_3016.jpg\"\n                    width=\"100\"\n                    height=\"75\"\n                    style=\"max-width:100%;\"\n                \/>\n            <\/a>\n        <\/div>\n\t\t\t\t\t\t\t<\/div> \n\t\t\t\n        \n\t\t\t\t<div id=\"ngg-image-10\" class=\"ngg-gallery-thumbnail-box\" >\n\t\t\t\t        <div class=\"ngg-gallery-thumbnail\">\n            <a href=\"https:\/\/www.freimarianne.ch\/wp-content\/gallery\/panuol-8-3-18\/IMG_3018.jpg\"\n               title=\"Hochfinsler  2423m, Pkt. 2341m\"\n               data-src=\"https:\/\/www.freimarianne.ch\/wp-content\/gallery\/panuol-8-3-18\/IMG_3018.jpg\"\n               data-thumbnail=\"https:\/\/www.freimarianne.ch\/wp-content\/gallery\/panuol-8-3-18\/thumbs\/thumbs_IMG_3018.jpg\"\n               data-image-id=\"17771\"\n               data-title=\"Hochfinsler  2423m, Pkt. 2341m\"\n               data-description=\"Hochfinsler  2423m, Pkt. 2341m\"\n               data-image-slug=\"img_3018\"\n               class=\"shutterset_29276\">\n                <img\n                    title=\"Hochfinsler  2423m, Pkt. 2341m\"\n                    alt=\"Hochfinsler  2423m, Pkt. 2341m\"\n                    src=\"https:\/\/www.freimarianne.ch\/wp-content\/gallery\/panuol-8-3-18\/thumbs\/thumbs_IMG_3018.jpg\"\n                    width=\"100\"\n                    height=\"75\"\n                    style=\"max-width:100%;\"\n                \/>\n            <\/a>\n        <\/div>\n\t\t\t\t\t\t\t<\/div> \n\t\t\t\n        \n\t\t\t\t<div id=\"ngg-image-11\" class=\"ngg-gallery-thumbnail-box\" >\n\t\t\t\t        <div class=\"ngg-gallery-thumbnail\">\n            <a href=\"https:\/\/www.freimarianne.ch\/wp-content\/gallery\/panuol-8-3-18\/IMG_3022.jpg\"\n               title=\"Ch\u00e4serugg 2262m,  H\u00f6chst 2024m, Sichelchamm 229m, Gamsberg 2384m,  Sichli 2320m, Rosswis 2334m, die Spitzen der Fulfirsten, G\u00e4rtlichopf 2298m, Chrummenstein 2261m\"\n               data-src=\"https:\/\/www.freimarianne.ch\/wp-content\/gallery\/panuol-8-3-18\/IMG_3022.jpg\"\n               data-thumbnail=\"https:\/\/www.freimarianne.ch\/wp-content\/gallery\/panuol-8-3-18\/thumbs\/thumbs_IMG_3022.jpg\"\n               data-image-id=\"17770\"\n               data-title=\"Ch\u00c3\u00a4serugg 2262m,  H\u00c3\u00b6chst 2024m, Sichelchamm 229m, Gamsberg 2384m,  Sichli 2320m, Rosswis 2334m, die Spitzen der Fulfirsten, G\u00c3\u00a4rtlichopf 2298m, Chrummenstein 2261m\"\n               data-description=\"Ch\u00e4serugg 2262m,  H\u00f6chst 2024m, Sichelchamm 229m, Gamsberg 2384m,  Sichli 2320m, Rosswis 2334m, die Spitzen der Fulfirsten, G\u00e4rtlichopf 2298m, Chrummenstein 2261m\"\n               data-image-slug=\"img_3022-1\"\n               class=\"shutterset_29276\">\n                <img\n                    title=\"Ch\u00c3\u00a4serugg 2262m,  H\u00c3\u00b6chst 2024m, Sichelchamm 229m, Gamsberg 2384m,  Sichli 2320m, Rosswis 2334m, die Spitzen der Fulfirsten, G\u00c3\u00a4rtlichopf 2298m, Chrummenstein 2261m\"\n                    alt=\"Ch\u00c3\u00a4serugg 2262m,  H\u00c3\u00b6chst 2024m, Sichelchamm 229m, Gamsberg 2384m,  Sichli 2320m, Rosswis 2334m, die Spitzen der Fulfirsten, G\u00c3\u00a4rtlichopf 2298m, Chrummenstein 2261m\"\n                    src=\"https:\/\/www.freimarianne.ch\/wp-content\/gallery\/panuol-8-3-18\/thumbs\/thumbs_IMG_3022.jpg\"\n                    width=\"100\"\n                    height=\"75\"\n                    style=\"max-width:100%;\"\n                \/>\n            <\/a>\n        <\/div>\n\t\t\t\t\t\t\t<\/div> \n\t\t\t\n        \n\t\t\t\t<div id=\"ngg-image-12\" class=\"ngg-gallery-thumbnail-box\" >\n\t\t\t\t        <div class=\"ngg-gallery-thumbnail\">\n            <a href=\"https:\/\/www.freimarianne.ch\/wp-content\/gallery\/panuol-8-3-18\/IMG_3024.jpg\"\n               title=\"Gruppenfoto unterhalb der Prodalp\"\n               data-src=\"https:\/\/www.freimarianne.ch\/wp-content\/gallery\/panuol-8-3-18\/IMG_3024.jpg\"\n               data-thumbnail=\"https:\/\/www.freimarianne.ch\/wp-content\/gallery\/panuol-8-3-18\/thumbs\/thumbs_IMG_3024.jpg\"\n               data-image-id=\"17769\"\n               data-title=\"Gruppenfoto unterhalb der Prodalp\"\n               data-description=\"Gruppenfoto unterhalb der Prodalp\"\n               data-image-slug=\"img_3024\"\n               class=\"shutterset_29276\">\n                <img\n                    title=\"Gruppenfoto unterhalb der Prodalp\"\n                    alt=\"Gruppenfoto unterhalb der Prodalp\"\n                    src=\"https:\/\/www.freimarianne.ch\/wp-content\/gallery\/panuol-8-3-18\/thumbs\/thumbs_IMG_3024.jpg\"\n                    width=\"100\"\n                    height=\"75\"\n                    style=\"max-width:100%;\"\n                \/>\n            <\/a>\n        <\/div>\n\t\t\t\t\t\t\t<\/div> \n\t\t\t\n        \n\t\t\t\t<div id=\"ngg-image-13\" class=\"ngg-gallery-thumbnail-box\" >\n\t\t\t\t        <div class=\"ngg-gallery-thumbnail\">\n            <a href=\"https:\/\/www.freimarianne.ch\/wp-content\/gallery\/panuol-8-3-18\/IMG_3027.jpg\"\n               title=\"WInterlandschaft\"\n               data-src=\"https:\/\/www.freimarianne.ch\/wp-content\/gallery\/panuol-8-3-18\/IMG_3027.jpg\"\n               data-thumbnail=\"https:\/\/www.freimarianne.ch\/wp-content\/gallery\/panuol-8-3-18\/thumbs\/thumbs_IMG_3027.jpg\"\n               data-image-id=\"17768\"\n               data-title=\"WInterlandschaft\"\n               data-description=\"WInterlandschaft\"\n               data-image-slug=\"img_3027-5\"\n               class=\"shutterset_29276\">\n                <img\n                    title=\"WInterlandschaft\"\n                    alt=\"WInterlandschaft\"\n                    src=\"https:\/\/www.freimarianne.ch\/wp-content\/gallery\/panuol-8-3-18\/thumbs\/thumbs_IMG_3027.jpg\"\n                    width=\"100\"\n                    height=\"75\"\n                    style=\"max-width:100%;\"\n                \/>\n            <\/a>\n        <\/div>\n\t\t\t\t\t\t\t<\/div> \n\t\t\t\n        \n\t\t\n\t\t<!-- Pagination -->\n\t<div class='ngg-clear'><\/div>\t<\/div>\n<\/p>\n","protected":false},"excerpt":{"rendered":"<p>Winterwanderung in den Flumserbergen Maschgenkamm &#8211; Pan\u00fc\u00f6l &#8211; Prodalp &#8211; Tannenboden Mit der Wandergruppe\u00a0 &#8220;Alpenblick&#8221; Sicht ins Schilstal; Pkt. 2341m, Guli 2355m, Fulegg 2322m, Schn\u00fcrligrat 2473m F\u00fcnf Personen finden sich ein f\u00fcr die erste Wanderung mit der neuen Wandergruppe \u201eAlpenblick\u201c. Wir mussten die Wanderung verschieben und hoffen auf einen sch\u00f6nen Tag, was sich auch bewahrheitet. [&hellip;]<\/p>\n","protected":false},"author":1,"featured_media":0,"parent":28172,"menu_order":21,"comment_status":"closed","ping_status":"closed","template":"","meta":{"ngg_post_thumbnail":0},"_links":{"self":[{"href":"https:\/\/www.freimarianne.ch\/index.php?rest_route=\/wp\/v2\/pages\/29195"}],"collection":[{"href":"https:\/\/www.freimarianne.ch\/index.php?rest_route=\/wp\/v2\/pages"}],"about":[{"href":"https:\/\/www.freimarianne.ch\/index.php?rest_route=\/wp\/v2\/types\/page"}],"author":[{"embeddable":true,"href":"https:\/\/www.freimarianne.ch\/index.php?rest_route=\/wp\/v2\/users\/1"}],"replies":[{"embeddable":true,"href":"https:\/\/www.freimarianne.ch\/index.php?rest_route=%2Fwp%2Fv2%2Fcomments&post=29195"}],"version-history":[{"count":4,"href":"https:\/\/www.freimarianne.ch\/index.php?rest_route=\/wp\/v2\/pages\/29195\/revisions"}],"predecessor-version":[{"id":29278,"href":"https:\/\/www.freimarianne.ch\/index.php?rest_route=\/wp\/v2\/pages\/29195\/revisions\/29278"}],"up":[{"embeddable":true,"href":"https:\/\/www.freimarianne.ch\/index.php?rest_route=\/wp\/v2\/pages\/28172"}],"wp:attachment":[{"href":"https:\/\/www.freimarianne.ch\/index.php?rest_route=%2Fwp%2Fv2%2Fmedia&parent=29195"}],"curies":[{"name":"wp","href":"https:\/\/api.w.org\/{rel}","templated":true}]}}