{"id":29458,"date":"2018-04-13T17:41:16","date_gmt":"2018-04-13T16:41:16","guid":{"rendered":"http:\/\/www.freimarianne.ch\/?page_id=29458"},"modified":"2019-03-12T10:27:45","modified_gmt":"2019-03-12T09:27:45","slug":"fruhling-2018","status":"publish","type":"page","link":"https:\/\/www.freimarianne.ch\/?page_id=29458","title":{"rendered":"Fr\u00fchling 2018"},"content":{"rendered":"<p><strong>Wanderungen im Fr\u00fchling 2018 ( April &#8211; Mai)<\/strong><\/p>\n<p><img loading=\"lazy\" class=\"size-full wp-image-29454\" src=\"http:\/\/www.freimarianne.ch\/wp-content\/uploads\/2018\/04\/IMG_3648_fru\u0308hling18_500.jpg\" alt=\"\" width=\"500\" height=\"433\" srcset=\"https:\/\/www.freimarianne.ch\/wp-content\/uploads\/2018\/04\/IMG_3648_fru\u0308hling18_500.jpg 500w, https:\/\/www.freimarianne.ch\/wp-content\/uploads\/2018\/04\/IMG_3648_fru\u0308hling18_500-300x260.jpg 300w, https:\/\/www.freimarianne.ch\/wp-content\/uploads\/2018\/04\/IMG_3648_fru\u0308hling18_500-346x300.jpg 346w\" sizes=\"(max-width: 500px) 100vw, 500px\" \/> Fr\u00fchling am Walensee<\/p>\n<p><img loading=\"lazy\" class=\"alignleft size-full wp-image-29455\" src=\"http:\/\/www.freimarianne.ch\/wp-content\/uploads\/2018\/04\/IMG_0674_fru\u0308hing18.jpg\" alt=\"\" width=\"500\" height=\"374\" srcset=\"https:\/\/www.freimarianne.ch\/wp-content\/uploads\/2018\/04\/IMG_0674_fru\u0308hing18.jpg 500w, https:\/\/www.freimarianne.ch\/wp-content\/uploads\/2018\/04\/IMG_0674_fru\u0308hing18-300x224.jpg 300w, https:\/\/www.freimarianne.ch\/wp-content\/uploads\/2018\/04\/IMG_0674_fru\u0308hing18-401x300.jpg 401w\" sizes=\"(max-width: 500px) 100vw, 500px\" \/><\/p>\n<p><img loading=\"lazy\" src=\"http:\/\/www.freimarianne.ch\/wp-content\/uploads\/2018\/04\/IMG_0722_fru\u0308hl18_500.jpg\" alt=\"\" width=\"500\" height=\"327\" class=\"size-full wp-image-29635\" srcset=\"https:\/\/www.freimarianne.ch\/wp-content\/uploads\/2018\/04\/IMG_0722_fru\u0308hl18_500.jpg 500w, https:\/\/www.freimarianne.ch\/wp-content\/uploads\/2018\/04\/IMG_0722_fru\u0308hl18_500-300x196.jpg 300w, https:\/\/www.freimarianne.ch\/wp-content\/uploads\/2018\/04\/IMG_0722_fru\u0308hl18_500-459x300.jpg 459w\" sizes=\"(max-width: 500px) 100vw, 500px\" \/><br \/>\nFr\u00fchling im Alpstein<\/p>\n","protected":false},"excerpt":{"rendered":"<p>Wanderungen im Fr\u00fchling 2018 ( April &#8211; Mai) Fr\u00fchling am Walensee Fr\u00fchling im Alpstein<\/p>\n","protected":false},"author":1,"featured_media":0,"parent":420,"menu_order":9,"comment_status":"closed","ping_status":"closed","template":"","meta":{"ngg_post_thumbnail":0},"_links":{"self":[{"href":"https:\/\/www.freimarianne.ch\/index.php?rest_route=\/wp\/v2\/pages\/29458"}],"collection":[{"href":"https:\/\/www.freimarianne.ch\/index.php?rest_route=\/wp\/v2\/pages"}],"about":[{"href":"https:\/\/www.freimarianne.ch\/index.php?rest_route=\/wp\/v2\/types\/page"}],"author":[{"embeddable":true,"href":"https:\/\/www.freimarianne.ch\/index.php?rest_route=\/wp\/v2\/users\/1"}],"replies":[{"embeddable":true,"href":"https:\/\/www.freimarianne.ch\/index.php?rest_route=%2Fwp%2Fv2%2Fcomments&post=29458"}],"version-history":[{"count":3,"href":"https:\/\/www.freimarianne.ch\/index.php?rest_route=\/wp\/v2\/pages\/29458\/revisions"}],"predecessor-version":[{"id":29636,"href":"https:\/\/www.freimarianne.ch\/index.php?rest_route=\/wp\/v2\/pages\/29458\/revisions\/29636"}],"up":[{"embeddable":true,"href":"https:\/\/www.freimarianne.ch\/index.php?rest_route=\/wp\/v2\/pages\/420"}],"wp:attachment":[{"href":"https:\/\/www.freimarianne.ch\/index.php?rest_route=%2Fwp%2Fv2%2Fmedia&parent=29458"}],"curies":[{"name":"wp","href":"https:\/\/api.w.org\/{rel}","templated":true}]}}