{"id":29645,"date":"2018-04-19T10:44:52","date_gmt":"2018-04-19T09:44:52","guid":{"rendered":"http:\/\/www.freimarianne.ch\/?page_id=29645"},"modified":"2022-11-15T11:47:23","modified_gmt":"2022-11-15T10:47:23","slug":"hundwiler-hohe-ai-14-4-2018","status":"publish","type":"page","link":"https:\/\/www.freimarianne.ch\/?page_id=29645","title":{"rendered":"Hundwiler H\u00f6he  AI  14.4.2018"},"content":{"rendered":"<p><strong>Wanderung von Gonten auf die Hundwiler H\u00f6he und von dort nach Appenzell<\/strong><\/p>\n<div id=\"attachment_29740\" style=\"width: 510px\" class=\"wp-caption alignleft\"><img aria-describedby=\"caption-attachment-29740\" loading=\"lazy\" class=\"size-full wp-image-29740\" src=\"http:\/\/www.freimarianne.ch\/wp-content\/uploads\/2018\/04\/IMG_3832_hundwil_20.4._500.jpg\" alt=\"\" width=\"500\" height=\"375\" srcset=\"https:\/\/www.freimarianne.ch\/wp-content\/uploads\/2018\/04\/IMG_3832_hundwil_20.4._500.jpg 500w, https:\/\/www.freimarianne.ch\/wp-content\/uploads\/2018\/04\/IMG_3832_hundwil_20.4._500-300x225.jpg 300w, https:\/\/www.freimarianne.ch\/wp-content\/uploads\/2018\/04\/IMG_3832_hundwil_20.4._500-400x300.jpg 400w\" sizes=\"(max-width: 500px) 100vw, 500px\" \/><p id=\"caption-attachment-29740\" class=\"wp-caption-text\">bei M\u00fcllers H\u00f6he; Hundwiler H\u00f6he<\/p><\/div>\n<p>Hundwiler H\u00f6he 1305m<\/p>\n<p>Zur Abwechslung geht es heute in die Ostschweiz. Ich wandere auf schmalen Wanderwegen durch die gr\u00fcnen Wiesen von Gonten 902m \u00fcber G\u00f6bsi hinauf zur Hundwiler H\u00f6he 1305m, wo ich auf dem Aussichtspunkt eine Rast halte. Leider ist die Sicht nicht perfekt. Der Himmel ist eher weisslich. \u00dcber die Ochsenh\u00f6chi 1202m wandere ich \u00fcber Weiden stets abw\u00e4rts. Ich komme \u00fcber die Chuternenegg 1092m und den Himmelberg 1054m. Ich nehme dann den Gratweg hinunter nach Flucht 779m, das in der Ebene liegt. Von dort aus geht es hin\u00fcber nach Appenzell. Dort f\u00e4hrt der Bus um 14.00h nach Jakobsbad, wo ich noch kurz im Restaurant einen Kaffee trinken kann, bevor ich den Zug nach Gossau besteige.<br \/>\nDies war eine interessante Wanderung, die, bis in Appenzell, nur auf Wanderwegen verl\u00e4uft. Auch die Sicht ist interessant vom F\u00e4nerenspitz, Hoher Kaste, S\u00e4ntiskette hin\u00fcber zum Hinterfallenchopf und Hochalp.<\/p>\n<p>Leider habe ich nur ein Winterpanorama von der <a href=\"http:\/\/www.alpen-panoramen.de\/panorama.php?pid=8908\">Hundwiler H\u00f6he<\/a> gefunden:<\/p>\n<p>Laut Schweizmobil:<br \/>\nDistanz: 10.47km; Aufstieg: 536m; Abstieg: 651m; Wanderzeit: 3h 30 min<\/p>\n<p><a href=\"https:\/\/map.schweizmobil.ch\/?lang=de&amp;bgLayer=pk&amp;season=summer&amp;resolution=10&amp;E=2745908&amp;N=1244566&amp;layers=Station&amp;trackId=4269287\">Karte Schweizmobil:<\/a><\/p>\n","protected":false},"excerpt":{"rendered":"<p>Wanderung von Gonten auf die Hundwiler H\u00f6he und von dort nach Appenzell Hundwiler H\u00f6he 1305m Zur Abwechslung geht es heute in die Ostschweiz. Ich wandere auf schmalen Wanderwegen durch die gr\u00fcnen Wiesen von Gonten 902m \u00fcber G\u00f6bsi hinauf zur Hundwiler H\u00f6he 1305m, wo ich auf dem Aussichtspunkt eine Rast halte. Leider ist die Sicht nicht [&hellip;]<\/p>\n","protected":false},"author":1,"featured_media":0,"parent":29458,"menu_order":4,"comment_status":"closed","ping_status":"closed","template":"","meta":{"ngg_post_thumbnail":0},"_links":{"self":[{"href":"https:\/\/www.freimarianne.ch\/index.php?rest_route=\/wp\/v2\/pages\/29645"}],"collection":[{"href":"https:\/\/www.freimarianne.ch\/index.php?rest_route=\/wp\/v2\/pages"}],"about":[{"href":"https:\/\/www.freimarianne.ch\/index.php?rest_route=\/wp\/v2\/types\/page"}],"author":[{"embeddable":true,"href":"https:\/\/www.freimarianne.ch\/index.php?rest_route=\/wp\/v2\/users\/1"}],"replies":[{"embeddable":true,"href":"https:\/\/www.freimarianne.ch\/index.php?rest_route=%2Fwp%2Fv2%2Fcomments&post=29645"}],"version-history":[{"count":5,"href":"https:\/\/www.freimarianne.ch\/index.php?rest_route=\/wp\/v2\/pages\/29645\/revisions"}],"predecessor-version":[{"id":61527,"href":"https:\/\/www.freimarianne.ch\/index.php?rest_route=\/wp\/v2\/pages\/29645\/revisions\/61527"}],"up":[{"embeddable":true,"href":"https:\/\/www.freimarianne.ch\/index.php?rest_route=\/wp\/v2\/pages\/29458"}],"wp:attachment":[{"href":"https:\/\/www.freimarianne.ch\/index.php?rest_route=%2Fwp%2Fv2%2Fmedia&parent=29645"}],"curies":[{"name":"wp","href":"https:\/\/api.w.org\/{rel}","templated":true}]}}