{"id":2974,"date":"2012-07-06T08:02:19","date_gmt":"2012-07-06T07:02:19","guid":{"rendered":"http:\/\/www.freimarianne.ch\/?page_id=2974"},"modified":"2012-09-06T08:06:43","modified_gmt":"2012-09-06T07:06:43","slug":"lotschentaler-hohenweg-restipass-30-6-1-7-2012","status":"publish","type":"page","link":"https:\/\/www.freimarianne.ch\/?page_id=2974","title":{"rendered":"L\u00f6tschentaler H\u00f6henweg &#8211; Restipass 30.6.-1.7.2012"},"content":{"rendered":"<p><strong>Bergwanderung<\/strong>von der Fafleralp ( L\u00f6tschental) auf die Laucherenalp und die Chummenalp (Uebernachtung). Von der Chummenalp \u00fcber den Restipass zur Rinderh\u00fctte oberhalb Leukerbad.<br \/>\nMit dem Sportclub Novartis.<br \/>\n<img loading=\"lazy\" src=\"http:\/\/www.freimarianne.ch\/wp-content\/uploads\/2012\/07\/IMG_7916_l\u00f6tschen_500.jpg\" alt=\"\" title=\"IMG_7916_l\u00f6tschen_500\" width=\"500\" height=\"375\" class=\"alignleft size-full wp-image-2981\" srcset=\"https:\/\/www.freimarianne.ch\/wp-content\/uploads\/2012\/07\/IMG_7916_l\u00f6tschen_500.jpg 500w, https:\/\/www.freimarianne.ch\/wp-content\/uploads\/2012\/07\/IMG_7916_l\u00f6tschen_500-300x225.jpg 300w\" sizes=\"(max-width: 500px) 100vw, 500px\" \/><\/a><\/p>\n<p><img loading=\"lazy\" src=\"http:\/\/www.freimarianne.ch\/wp-content\/uploads\/2012\/07\/IMG_8119_resti_500.jpg\" alt=\"\" title=\"IMG_8119_resti_500\" width=\"500\" height=\"375\" class=\"alignleft size-full wp-image-2995\" srcset=\"https:\/\/www.freimarianne.ch\/wp-content\/uploads\/2012\/07\/IMG_8119_resti_500.jpg 500w, https:\/\/www.freimarianne.ch\/wp-content\/uploads\/2012\/07\/IMG_8119_resti_500-300x225.jpg 300w\" sizes=\"(max-width: 500px) 100vw, 500px\" \/><\/a><\/p>\n","protected":false},"excerpt":{"rendered":"<p>Bergwanderungvon der Fafleralp ( L\u00f6tschental) auf die Laucherenalp und die Chummenalp (Uebernachtung). Von der Chummenalp \u00fcber den Restipass zur Rinderh\u00fctte oberhalb Leukerbad. Mit dem Sportclub Novartis.<\/p>\n","protected":false},"author":1,"featured_media":0,"parent":2932,"menu_order":4,"comment_status":"closed","ping_status":"closed","template":"","meta":{"ngg_post_thumbnail":0},"_links":{"self":[{"href":"https:\/\/www.freimarianne.ch\/index.php?rest_route=\/wp\/v2\/pages\/2974"}],"collection":[{"href":"https:\/\/www.freimarianne.ch\/index.php?rest_route=\/wp\/v2\/pages"}],"about":[{"href":"https:\/\/www.freimarianne.ch\/index.php?rest_route=\/wp\/v2\/types\/page"}],"author":[{"embeddable":true,"href":"https:\/\/www.freimarianne.ch\/index.php?rest_route=\/wp\/v2\/users\/1"}],"replies":[{"embeddable":true,"href":"https:\/\/www.freimarianne.ch\/index.php?rest_route=%2Fwp%2Fv2%2Fcomments&post=2974"}],"version-history":[{"count":5,"href":"https:\/\/www.freimarianne.ch\/index.php?rest_route=\/wp\/v2\/pages\/2974\/revisions"}],"predecessor-version":[{"id":3157,"href":"https:\/\/www.freimarianne.ch\/index.php?rest_route=\/wp\/v2\/pages\/2974\/revisions\/3157"}],"up":[{"embeddable":true,"href":"https:\/\/www.freimarianne.ch\/index.php?rest_route=\/wp\/v2\/pages\/2932"}],"wp:attachment":[{"href":"https:\/\/www.freimarianne.ch\/index.php?rest_route=%2Fwp%2Fv2%2Fmedia&parent=2974"}],"curies":[{"name":"wp","href":"https:\/\/api.w.org\/{rel}","templated":true}]}}