{"id":31151,"date":"2018-06-25T10:08:51","date_gmt":"2018-06-25T09:08:51","guid":{"rendered":"http:\/\/www.freimarianne.ch\/?page_id=31151"},"modified":"2018-06-25T11:04:26","modified_gmt":"2018-06-25T10:04:26","slug":"klewenalp-stockhutte-nw-15-6-2108","status":"publish","type":"page","link":"https:\/\/www.freimarianne.ch\/?page_id=31151","title":{"rendered":"Klewenalp-Stockh\u00fctte  NW  15.6.2108"},"content":{"rendered":"<p><strong>Wanderung von der Klewenalp zur Stockh\u00fctte<\/strong><\/p>\n<p><img loading=\"lazy\" class=\"alignleft size-full wp-image-31144\" src=\"http:\/\/www.freimarianne.ch\/wp-content\/uploads\/2018\/06\/IMG_5911_stockhu\u0308tte_500.jpg\" alt=\"\" width=\"500\" height=\"375\" srcset=\"https:\/\/www.freimarianne.ch\/wp-content\/uploads\/2018\/06\/IMG_5911_stockhu\u0308tte_500.jpg 500w, https:\/\/www.freimarianne.ch\/wp-content\/uploads\/2018\/06\/IMG_5911_stockhu\u0308tte_500-300x225.jpg 300w, https:\/\/www.freimarianne.ch\/wp-content\/uploads\/2018\/06\/IMG_5911_stockhu\u0308tte_500-400x300.jpg 400w\" sizes=\"(max-width: 500px) 100vw, 500px\" \/><\/p>\n<p>Bei der unsicheren Wetterlage ist heute ein kleiner Ausflug geplant, wobei jederzeit Anpassungen m\u00f6glich sind.<br \/>\nAber wir k\u00f6nnen tats\u00e4chlich das ganze Programm durchziehen!<br \/>\nDas Schiff \u201eDiamant\u201c (eine Premi\u00e8re f\u00fcr uns) bringt uns nach Beckenried. Mit der Seilbahn geht es hinauf auf die Klewenalp. Von dort aus wandern wir zuerst hinauf und dann hinunter zur Stockh\u00fctte, wo wir die Gondel nach Emmetten nehmen. In Beckenried k\u00f6nnen wir auf den \u201eDiamant\u201c warten, der uns auf seiner R\u00fcckfahrt von Fl\u00fcelen wieder nach Luzern bringt.<\/p>\n<p>Der erste Teil der Wanderung bis Tw\u00e4regg war sch\u00f6n. Der zweite Teil bis zur Stockh\u00fctte erfolgt auf einer Alpstrasse und ist nicht unbedingt attraktiv.<\/p>\n<p><!-- index.php -->\n<div\n\tclass=\"ngg-galleryoverview ngg-ajax-pagination-none\"\n\tid=\"ngg-gallery-31391-1\">\n\n    \t<div class=\"slideshowlink\">\n        <a href='https:\/\/www.freimarianne.ch\/index.php\/nggallery\/slideshow?page_id=31151'>[Show as slideshow]<\/a>\n\t\t\n\t<\/div>\n\t\t\t<!-- Thumbnails -->\n\t\t\t\t<div id=\"ngg-image-0\" class=\"ngg-gallery-thumbnail-box\" >\n\t\t\t\t        <div class=\"ngg-gallery-thumbnail\">\n            <a href=\"https:\/\/www.freimarianne.ch\/wp-content\/gallery\/klewenalp-stockhutte-15-6-18\/IMG_5906.jpg\"\n               title=\"K\u00fche mit Bouchserhorn\"\n               data-src=\"https:\/\/www.freimarianne.ch\/wp-content\/gallery\/klewenalp-stockhutte-15-6-18\/IMG_5906.jpg\"\n               data-thumbnail=\"https:\/\/www.freimarianne.ch\/wp-content\/gallery\/klewenalp-stockhutte-15-6-18\/thumbs\/thumbs_IMG_5906.jpg\"\n               data-image-id=\"18544\"\n               data-title=\"K\u00c3\u00bche mit Bouchserhorn\"\n               data-description=\"K\u00fche mit Bouchserhorn\"\n               data-image-slug=\"img_5906-1\"\n               class=\"shutterset_31391\">\n                <img\n                    title=\"K\u00c3\u00bche mit Bouchserhorn\"\n                    alt=\"K\u00c3\u00bche mit Bouchserhorn\"\n                    src=\"https:\/\/www.freimarianne.ch\/wp-content\/gallery\/klewenalp-stockhutte-15-6-18\/thumbs\/thumbs_IMG_5906.jpg\"\n                    width=\"100\"\n                    height=\"75\"\n                    style=\"max-width:100%;\"\n                \/>\n            <\/a>\n        <\/div>\n\t\t\t\t\t\t\t<\/div> \n\t\t\t\n        \n\t\t\t\t<div id=\"ngg-image-1\" class=\"ngg-gallery-thumbnail-box\" >\n\t\t\t\t        <div class=\"ngg-gallery-thumbnail\">\n            <a href=\"https:\/\/www.freimarianne.ch\/wp-content\/gallery\/klewenalp-stockhutte-15-6-18\/IMG_5909.jpg\"\n               title=\"Sicht auf den Oberbauen\"\n               data-src=\"https:\/\/www.freimarianne.ch\/wp-content\/gallery\/klewenalp-stockhutte-15-6-18\/IMG_5909.jpg\"\n               data-thumbnail=\"https:\/\/www.freimarianne.ch\/wp-content\/gallery\/klewenalp-stockhutte-15-6-18\/thumbs\/thumbs_IMG_5909.jpg\"\n               data-image-id=\"18543\"\n               data-title=\"Sicht auf den Oberbauen\"\n               data-description=\"Sicht auf den Oberbauen\"\n               data-image-slug=\"img_5909-3\"\n               class=\"shutterset_31391\">\n                <img\n                    title=\"Sicht auf den Oberbauen\"\n                    alt=\"Sicht auf den Oberbauen\"\n                    src=\"https:\/\/www.freimarianne.ch\/wp-content\/gallery\/klewenalp-stockhutte-15-6-18\/thumbs\/thumbs_IMG_5909.jpg\"\n                    width=\"100\"\n                    height=\"75\"\n                    style=\"max-width:100%;\"\n                \/>\n            <\/a>\n        <\/div>\n\t\t\t\t\t\t\t<\/div> \n\t\t\t\n        \n\t\t\t\t<div id=\"ngg-image-2\" class=\"ngg-gallery-thumbnail-box\" >\n\t\t\t\t        <div class=\"ngg-gallery-thumbnail\">\n            <a href=\"https:\/\/www.freimarianne.ch\/wp-content\/gallery\/klewenalp-stockhutte-15-6-18\/IMG_5911.jpg\"\n               title=\"Blick gegen den Stollen\"\n               data-src=\"https:\/\/www.freimarianne.ch\/wp-content\/gallery\/klewenalp-stockhutte-15-6-18\/IMG_5911.jpg\"\n               data-thumbnail=\"https:\/\/www.freimarianne.ch\/wp-content\/gallery\/klewenalp-stockhutte-15-6-18\/thumbs\/thumbs_IMG_5911.jpg\"\n               data-image-id=\"18542\"\n               data-title=\"Blick gegen den Stollen\"\n               data-description=\"Blick gegen den Stollen\"\n               data-image-slug=\"img_5911-3\"\n               class=\"shutterset_31391\">\n                <img\n                    title=\"Blick gegen den Stollen\"\n                    alt=\"Blick gegen den Stollen\"\n                    src=\"https:\/\/www.freimarianne.ch\/wp-content\/gallery\/klewenalp-stockhutte-15-6-18\/thumbs\/thumbs_IMG_5911.jpg\"\n                    width=\"100\"\n                    height=\"75\"\n                    style=\"max-width:100%;\"\n                \/>\n            <\/a>\n        <\/div>\n\t\t\t\t\t\t\t<\/div> \n\t\t\t\n        \n\t\t\t\t<div id=\"ngg-image-3\" class=\"ngg-gallery-thumbnail-box\" >\n\t\t\t\t        <div class=\"ngg-gallery-thumbnail\">\n            <a href=\"https:\/\/www.freimarianne.ch\/wp-content\/gallery\/klewenalp-stockhutte-15-6-18\/IMG_5923.jpg\"\n               title=\"Sicht auf den Niederbauen\"\n               data-src=\"https:\/\/www.freimarianne.ch\/wp-content\/gallery\/klewenalp-stockhutte-15-6-18\/IMG_5923.jpg\"\n               data-thumbnail=\"https:\/\/www.freimarianne.ch\/wp-content\/gallery\/klewenalp-stockhutte-15-6-18\/thumbs\/thumbs_IMG_5923.jpg\"\n               data-image-id=\"18541\"\n               data-title=\"Sicht auf den Niederbauen\"\n               data-description=\"Sicht auf den Niederbauen\"\n               data-image-slug=\"img_5923\"\n               class=\"shutterset_31391\">\n                <img\n                    title=\"Sicht auf den Niederbauen\"\n                    alt=\"Sicht auf den Niederbauen\"\n                    src=\"https:\/\/www.freimarianne.ch\/wp-content\/gallery\/klewenalp-stockhutte-15-6-18\/thumbs\/thumbs_IMG_5923.jpg\"\n                    width=\"100\"\n                    height=\"75\"\n                    style=\"max-width:100%;\"\n                \/>\n            <\/a>\n        <\/div>\n\t\t\t\t\t\t\t<\/div> \n\t\t\t\n        \n\t\t\t\t<div id=\"ngg-image-4\" class=\"ngg-gallery-thumbnail-box\" >\n\t\t\t\t        <div class=\"ngg-gallery-thumbnail\">\n            <a href=\"https:\/\/www.freimarianne.ch\/wp-content\/gallery\/klewenalp-stockhutte-15-6-18\/IMG_5926.jpg\"\n               title=\"Blick von der Gondelbahn auf  Vierwaldst\u00e4ttersee\"\n               data-src=\"https:\/\/www.freimarianne.ch\/wp-content\/gallery\/klewenalp-stockhutte-15-6-18\/IMG_5926.jpg\"\n               data-thumbnail=\"https:\/\/www.freimarianne.ch\/wp-content\/gallery\/klewenalp-stockhutte-15-6-18\/thumbs\/thumbs_IMG_5926.jpg\"\n               data-image-id=\"18540\"\n               data-title=\"Blick von der Gondelbahn auf  Vierwaldst\u00c3\u00a4ttersee\"\n               data-description=\"Blick von der Gondelbahn auf  Vierwaldst\u00e4ttersee\"\n               data-image-slug=\"img_5926\"\n               class=\"shutterset_31391\">\n                <img\n                    title=\"Blick von der Gondelbahn auf  Vierwaldst\u00c3\u00a4ttersee\"\n                    alt=\"Blick von der Gondelbahn auf  Vierwaldst\u00c3\u00a4ttersee\"\n                    src=\"https:\/\/www.freimarianne.ch\/wp-content\/gallery\/klewenalp-stockhutte-15-6-18\/thumbs\/thumbs_IMG_5926.jpg\"\n                    width=\"100\"\n                    height=\"75\"\n                    style=\"max-width:100%;\"\n                \/>\n            <\/a>\n        <\/div>\n\t\t\t\t\t\t\t<\/div> \n\t\t\t\n        \n\t\t\t\t<div id=\"ngg-image-5\" class=\"ngg-gallery-thumbnail-box\" >\n\t\t\t\t        <div class=\"ngg-gallery-thumbnail\">\n            <a href=\"https:\/\/www.freimarianne.ch\/wp-content\/gallery\/klewenalp-stockhutte-15-6-18\/IMG_5930.jpg\"\n               title=\"der Diamanr kommt\"\n               data-src=\"https:\/\/www.freimarianne.ch\/wp-content\/gallery\/klewenalp-stockhutte-15-6-18\/IMG_5930.jpg\"\n               data-thumbnail=\"https:\/\/www.freimarianne.ch\/wp-content\/gallery\/klewenalp-stockhutte-15-6-18\/thumbs\/thumbs_IMG_5930.jpg\"\n               data-image-id=\"18539\"\n               data-title=\"der Diamanr kommt\"\n               data-description=\"der Diamanr kommt\"\n               data-image-slug=\"img_5930-4\"\n               class=\"shutterset_31391\">\n                <img\n                    title=\"der Diamanr kommt\"\n                    alt=\"der Diamanr kommt\"\n                    src=\"https:\/\/www.freimarianne.ch\/wp-content\/gallery\/klewenalp-stockhutte-15-6-18\/thumbs\/thumbs_IMG_5930.jpg\"\n                    width=\"100\"\n                    height=\"75\"\n                    style=\"max-width:100%;\"\n                \/>\n            <\/a>\n        <\/div>\n\t\t\t\t\t\t\t<\/div> \n\t\t\t\n        \n\t\t\n\t\t<!-- Pagination -->\n\t<div class='ngg-clear'><\/div>\t<\/div>\n<\/p>\n","protected":false},"excerpt":{"rendered":"<p>Wanderung von der Klewenalp zur Stockh\u00fctte Bei der unsicheren Wetterlage ist heute ein kleiner Ausflug geplant, wobei jederzeit Anpassungen m\u00f6glich sind. Aber wir k\u00f6nnen tats\u00e4chlich das ganze Programm durchziehen! Das Schiff \u201eDiamant\u201c (eine Premi\u00e8re f\u00fcr uns) bringt uns nach Beckenried. Mit der Seilbahn geht es hinauf auf die Klewenalp. Von dort aus wandern wir zuerst [&hellip;]<\/p>\n","protected":false},"author":1,"featured_media":0,"parent":30992,"menu_order":5,"comment_status":"closed","ping_status":"closed","template":"","meta":{"ngg_post_thumbnail":0},"_links":{"self":[{"href":"https:\/\/www.freimarianne.ch\/index.php?rest_route=\/wp\/v2\/pages\/31151"}],"collection":[{"href":"https:\/\/www.freimarianne.ch\/index.php?rest_route=\/wp\/v2\/pages"}],"about":[{"href":"https:\/\/www.freimarianne.ch\/index.php?rest_route=\/wp\/v2\/types\/page"}],"author":[{"embeddable":true,"href":"https:\/\/www.freimarianne.ch\/index.php?rest_route=\/wp\/v2\/users\/1"}],"replies":[{"embeddable":true,"href":"https:\/\/www.freimarianne.ch\/index.php?rest_route=%2Fwp%2Fv2%2Fcomments&post=31151"}],"version-history":[{"count":5,"href":"https:\/\/www.freimarianne.ch\/index.php?rest_route=\/wp\/v2\/pages\/31151\/revisions"}],"predecessor-version":[{"id":31394,"href":"https:\/\/www.freimarianne.ch\/index.php?rest_route=\/wp\/v2\/pages\/31151\/revisions\/31394"}],"up":[{"embeddable":true,"href":"https:\/\/www.freimarianne.ch\/index.php?rest_route=\/wp\/v2\/pages\/30992"}],"wp:attachment":[{"href":"https:\/\/www.freimarianne.ch\/index.php?rest_route=%2Fwp%2Fv2%2Fmedia&parent=31151"}],"curies":[{"name":"wp","href":"https:\/\/api.w.org\/{rel}","templated":true}]}}