{"id":31636,"date":"2018-07-17T07:58:41","date_gmt":"2018-07-17T06:58:41","guid":{"rendered":"http:\/\/www.freimarianne.ch\/?page_id=31636"},"modified":"2018-07-18T09:56:37","modified_gmt":"2018-07-18T08:56:37","slug":"ibergeregg-oberiberg-sz-10-7-2018","status":"publish","type":"page","link":"https:\/\/www.freimarianne.ch\/?page_id=31636","title":{"rendered":"Ibergeregg &#8211; Oberiberg  SZ  10.7.2018"},"content":{"rendered":"<p><strong>Wanderung von der Ibergeregg\u00a0 \u00fcber Steinboden nach Laucheren Talstation<\/strong><\/p>\n<p>]<img loading=\"lazy\" class=\"size-full wp-image-31633\" src=\"http:\/\/www.freimarianne.ch\/wp-content\/uploads\/2018\/07\/IMG_0332._ibergeregg_500jpg.jpg\" alt=\"\" width=\"500\" height=\"375\" srcset=\"https:\/\/www.freimarianne.ch\/wp-content\/uploads\/2018\/07\/IMG_0332._ibergeregg_500jpg.jpg 500w, https:\/\/www.freimarianne.ch\/wp-content\/uploads\/2018\/07\/IMG_0332._ibergeregg_500jpg-300x225.jpg 300w, https:\/\/www.freimarianne.ch\/wp-content\/uploads\/2018\/07\/IMG_0332._ibergeregg_500jpg-400x300.jpg 400w\" sizes=\"(max-width: 500px) 100vw, 500px\" \/><br \/>\nFuederegg<\/p>\n<p>Noch vor sechs Uhr f\u00e4hrt der Zug, der die Gruppe \u201e Alpenblick\u201c nach Schwyz bringt. Mit dem Bus gelangen wir auf die Ibergeregg. Leider ist der Himmel bew\u00f6lkt und es ist k\u00fchl, weshalb wir unseren Startkaffee lieber drinnen an der W\u00e4rme nehmen. Dann geht es los hinauf zur Sternenegg 1499m. Hier teilt sich die Gruppe. Drei nehmen den direkteren Weg \u00fcber die Isentobelh\u00fctte hinunter zum Steinboden.<br \/>\nDie anderen wandern hinauf nach Laucherenchappelen 1710m. Hier auf dem Aussichtspunkt mit B\u00e4nken h\u00e4tten wir den Mittagshalt einschalten k\u00f6nnen. Aber es ist noch zu fr\u00fch und es ist k\u00fchl. So gehen wir lieber weiter hinunter zur Fuederegg 1482m, wo es sehr touristisch ist. Hier liegt auch der Seeblisee. Wir folgen den Wegweisern nach Steinboden, das wir noch vor der anderen Gruppe erreichen. Anbetracht des Wetters m\u00fcssen wir einkehren. So bleibt bei manchen der Picknick im Rucksack liegen!<br \/>\nWir rechnen gen\u00fcgend Zeit ein f\u00fcr den Abstieg nach Lauchern Talstation, wo wir seh lange auf das Postauto um 15.18h warten m\u00fcssen.<\/p>\n<p>Wir sind froh, dass wir diese Wanderung ohne Regen durchf\u00fchren konnten.<br \/>\nWir sollten im Herbst nochmals in dieser Gegend wandern, um endlich das Panorama sehen zu k\u00f6nnen.<br \/>\nBeim Umsteigen in Z\u00fcrich blewibt gen\u00fcgend Zeit f\u00fcr die Besichtigung des Kunstwerkes &#8220;Gaia mother tree&#8221;  von Ernesto  Nesto<br \/>\nDanke Brigitte f\u00fcr die Organisation.<\/p>\n<p>Laut Schweizmobil:<br \/>\nDistanz: 10.15km; Aufstieg: 437m; Abstieg: 759m; Wanderzeit: 3h 14 min<\/p>\n<p><!-- index.php -->\n<div\n\tclass=\"ngg-galleryoverview ngg-ajax-pagination-none\"\n\tid=\"ngg-gallery-31735-1\">\n\n    \t<div class=\"slideshowlink\">\n        <a href='https:\/\/www.freimarianne.ch\/index.php\/nggallery\/slideshow?page_id=31636'>[Show as slideshow]<\/a>\n\t\t\n\t<\/div>\n\t\t\t<!-- Thumbnails -->\n\t\t\t\t<div id=\"ngg-image-0\" class=\"ngg-gallery-thumbnail-box\" >\n\t\t\t\t        <div class=\"ngg-gallery-thumbnail\">\n            <a href=\"https:\/\/www.freimarianne.ch\/wp-content\/gallery\/ibergeregg-10-7-18\/IMG_0313.jpg\"\n               title=\"Sicht von der Ibergeregg\"\n               data-src=\"https:\/\/www.freimarianne.ch\/wp-content\/gallery\/ibergeregg-10-7-18\/IMG_0313.jpg\"\n               data-thumbnail=\"https:\/\/www.freimarianne.ch\/wp-content\/gallery\/ibergeregg-10-7-18\/thumbs\/thumbs_IMG_0313.jpg\"\n               data-image-id=\"18711\"\n               data-title=\"Sicht von der Ibergeregg\"\n               data-description=\"Sicht von der Ibergeregg\"\n               data-image-slug=\"img_0313-1\"\n               class=\"shutterset_31735\">\n                <img\n                    title=\"Sicht von der Ibergeregg\"\n                    alt=\"Sicht von der Ibergeregg\"\n                    src=\"https:\/\/www.freimarianne.ch\/wp-content\/gallery\/ibergeregg-10-7-18\/thumbs\/thumbs_IMG_0313.jpg\"\n                    width=\"100\"\n                    height=\"75\"\n                    style=\"max-width:100%;\"\n                \/>\n            <\/a>\n        <\/div>\n\t\t\t\t\t\t\t<\/div> \n\t\t\t\n        \n\t\t\t\t<div id=\"ngg-image-1\" class=\"ngg-gallery-thumbnail-box\" >\n\t\t\t\t        <div class=\"ngg-gallery-thumbnail\">\n            <a href=\"https:\/\/www.freimarianne.ch\/wp-content\/gallery\/ibergeregg-10-7-18\/IMG_0314.jpg\"\n               title=\"untserwegs; Sicht ins Muottatal\"\n               data-src=\"https:\/\/www.freimarianne.ch\/wp-content\/gallery\/ibergeregg-10-7-18\/IMG_0314.jpg\"\n               data-thumbnail=\"https:\/\/www.freimarianne.ch\/wp-content\/gallery\/ibergeregg-10-7-18\/thumbs\/thumbs_IMG_0314.jpg\"\n               data-image-id=\"18710\"\n               data-title=\"untserwegs; Sicht ins Muottatal\"\n               data-description=\"untserwegs; Sicht ins Muottatal\"\n               data-image-slug=\"img_0314-2\"\n               class=\"shutterset_31735\">\n                <img\n                    title=\"untserwegs; Sicht ins Muottatal\"\n                    alt=\"untserwegs; Sicht ins Muottatal\"\n                    src=\"https:\/\/www.freimarianne.ch\/wp-content\/gallery\/ibergeregg-10-7-18\/thumbs\/thumbs_IMG_0314.jpg\"\n                    width=\"100\"\n                    height=\"75\"\n                    style=\"max-width:100%;\"\n                \/>\n            <\/a>\n        <\/div>\n\t\t\t\t\t\t\t<\/div> \n\t\t\t\n        \n\t\t\t\t<div id=\"ngg-image-2\" class=\"ngg-gallery-thumbnail-box\" >\n\t\t\t\t        <div class=\"ngg-gallery-thumbnail\">\n            <a href=\"https:\/\/www.freimarianne.ch\/wp-content\/gallery\/ibergeregg-10-7-18\/IMG_0316.jpg\"\n               title=\"kein gutes Panorama\"\n               data-src=\"https:\/\/www.freimarianne.ch\/wp-content\/gallery\/ibergeregg-10-7-18\/IMG_0316.jpg\"\n               data-thumbnail=\"https:\/\/www.freimarianne.ch\/wp-content\/gallery\/ibergeregg-10-7-18\/thumbs\/thumbs_IMG_0316.jpg\"\n               data-image-id=\"18709\"\n               data-title=\"kein gutes Panorama\"\n               data-description=\"kein gutes Panorama\"\n               data-image-slug=\"img_0316-2\"\n               class=\"shutterset_31735\">\n                <img\n                    title=\"kein gutes Panorama\"\n                    alt=\"kein gutes Panorama\"\n                    src=\"https:\/\/www.freimarianne.ch\/wp-content\/gallery\/ibergeregg-10-7-18\/thumbs\/thumbs_IMG_0316.jpg\"\n                    width=\"100\"\n                    height=\"75\"\n                    style=\"max-width:100%;\"\n                \/>\n            <\/a>\n        <\/div>\n\t\t\t\t\t\t\t<\/div> \n\t\t\t\n        \n\t\t\t\t<div id=\"ngg-image-3\" class=\"ngg-gallery-thumbnail-box\" >\n\t\t\t\t        <div class=\"ngg-gallery-thumbnail\">\n            <a href=\"https:\/\/www.freimarianne.ch\/wp-content\/gallery\/ibergeregg-10-7-18\/IMG_0325.jpg\"\n               title=\"hinauf gegen Laucherenchappelen; Mythen\"\n               data-src=\"https:\/\/www.freimarianne.ch\/wp-content\/gallery\/ibergeregg-10-7-18\/IMG_0325.jpg\"\n               data-thumbnail=\"https:\/\/www.freimarianne.ch\/wp-content\/gallery\/ibergeregg-10-7-18\/thumbs\/thumbs_IMG_0325.jpg\"\n               data-image-id=\"18708\"\n               data-title=\"hinauf gegen Laucherenchappelen; Mythen\"\n               data-description=\"hinauf gegen Laucherenchappelen; Mythen\"\n               data-image-slug=\"img_0325-1\"\n               class=\"shutterset_31735\">\n                <img\n                    title=\"hinauf gegen Laucherenchappelen; Mythen\"\n                    alt=\"hinauf gegen Laucherenchappelen; Mythen\"\n                    src=\"https:\/\/www.freimarianne.ch\/wp-content\/gallery\/ibergeregg-10-7-18\/thumbs\/thumbs_IMG_0325.jpg\"\n                    width=\"100\"\n                    height=\"75\"\n                    style=\"max-width:100%;\"\n                \/>\n            <\/a>\n        <\/div>\n\t\t\t\t\t\t\t<\/div> \n\t\t\t\n        \n\t\t\t\t<div id=\"ngg-image-4\" class=\"ngg-gallery-thumbnail-box\" >\n\t\t\t\t        <div class=\"ngg-gallery-thumbnail\">\n            <a href=\"https:\/\/www.freimarianne.ch\/wp-content\/gallery\/ibergeregg-10-7-18\/IMG_0331.jpg\"\n               title=\"gegen Fuederegg\"\n               data-src=\"https:\/\/www.freimarianne.ch\/wp-content\/gallery\/ibergeregg-10-7-18\/IMG_0331.jpg\"\n               data-thumbnail=\"https:\/\/www.freimarianne.ch\/wp-content\/gallery\/ibergeregg-10-7-18\/thumbs\/thumbs_IMG_0331.jpg\"\n               data-image-id=\"18707\"\n               data-title=\"gegen Fuederegg\"\n               data-description=\"gegen Fuederegg\"\n               data-image-slug=\"img_0331-5\"\n               class=\"shutterset_31735\">\n                <img\n                    title=\"gegen Fuederegg\"\n                    alt=\"gegen Fuederegg\"\n                    src=\"https:\/\/www.freimarianne.ch\/wp-content\/gallery\/ibergeregg-10-7-18\/thumbs\/thumbs_IMG_0331.jpg\"\n                    width=\"100\"\n                    height=\"75\"\n                    style=\"max-width:100%;\"\n                \/>\n            <\/a>\n        <\/div>\n\t\t\t\t\t\t\t<\/div> \n\t\t\t\n        \n\t\t\t\t<div id=\"ngg-image-5\" class=\"ngg-gallery-thumbnail-box\" >\n\t\t\t\t        <div class=\"ngg-gallery-thumbnail\">\n            <a href=\"https:\/\/www.freimarianne.ch\/wp-content\/gallery\/ibergeregg-10-7-18\/IMG_0335.jpg\"\n               title=\"Geissen beim Restaurant Steinboden\"\n               data-src=\"https:\/\/www.freimarianne.ch\/wp-content\/gallery\/ibergeregg-10-7-18\/IMG_0335.jpg\"\n               data-thumbnail=\"https:\/\/www.freimarianne.ch\/wp-content\/gallery\/ibergeregg-10-7-18\/thumbs\/thumbs_IMG_0335.jpg\"\n               data-image-id=\"18706\"\n               data-title=\"Geissen beim Restaurant Steinboden\"\n               data-description=\"Geissen beim Restaurant Steinboden\"\n               data-image-slug=\"img_0335-3\"\n               class=\"shutterset_31735\">\n                <img\n                    title=\"Geissen beim Restaurant Steinboden\"\n                    alt=\"Geissen beim Restaurant Steinboden\"\n                    src=\"https:\/\/www.freimarianne.ch\/wp-content\/gallery\/ibergeregg-10-7-18\/thumbs\/thumbs_IMG_0335.jpg\"\n                    width=\"100\"\n                    height=\"75\"\n                    style=\"max-width:100%;\"\n                \/>\n            <\/a>\n        <\/div>\n\t\t\t\t\t\t\t<\/div> \n\t\t\t\n        \n\t\t\t\t<div id=\"ngg-image-6\" class=\"ngg-gallery-thumbnail-box\" >\n\t\t\t\t        <div class=\"ngg-gallery-thumbnail\">\n            <a href=\"https:\/\/www.freimarianne.ch\/wp-content\/gallery\/ibergeregg-10-7-18\/IMG_0337.jpg\"\n               title=\"Geissen beim Restaurant Steinboden\"\n               data-src=\"https:\/\/www.freimarianne.ch\/wp-content\/gallery\/ibergeregg-10-7-18\/IMG_0337.jpg\"\n               data-thumbnail=\"https:\/\/www.freimarianne.ch\/wp-content\/gallery\/ibergeregg-10-7-18\/thumbs\/thumbs_IMG_0337.jpg\"\n               data-image-id=\"18705\"\n               data-title=\"Geissen beim Restaurant Steinboden\"\n               data-description=\"Geissen beim Restaurant Steinboden\"\n               data-image-slug=\"img_0337-4\"\n               class=\"shutterset_31735\">\n                <img\n                    title=\"Geissen beim Restaurant Steinboden\"\n                    alt=\"Geissen beim Restaurant Steinboden\"\n                    src=\"https:\/\/www.freimarianne.ch\/wp-content\/gallery\/ibergeregg-10-7-18\/thumbs\/thumbs_IMG_0337.jpg\"\n                    width=\"100\"\n                    height=\"75\"\n                    style=\"max-width:100%;\"\n                \/>\n            <\/a>\n        <\/div>\n\t\t\t\t\t\t\t<\/div> \n\t\t\t\n        \n\t\t\t\t<div id=\"ngg-image-7\" class=\"ngg-gallery-thumbnail-box\" >\n\t\t\t\t        <div class=\"ngg-gallery-thumbnail\">\n            <a href=\"https:\/\/www.freimarianne.ch\/wp-content\/gallery\/ibergeregg-10-7-18\/IMG_0340.jpg\"\n               title=\"Bewimperte Alpenrose, Rhododenrum  hirsutum, Ericaceae\"\n               data-src=\"https:\/\/www.freimarianne.ch\/wp-content\/gallery\/ibergeregg-10-7-18\/IMG_0340.jpg\"\n               data-thumbnail=\"https:\/\/www.freimarianne.ch\/wp-content\/gallery\/ibergeregg-10-7-18\/thumbs\/thumbs_IMG_0340.jpg\"\n               data-image-id=\"18704\"\n               data-title=\"Bewimperte Alpenrose, Rhododenrum  hirsutum, Ericaceae\"\n               data-description=\"Bewimperte Alpenrose, Rhododenrum  hirsutum, Ericaceae\"\n               data-image-slug=\"img_0340-4\"\n               class=\"shutterset_31735\">\n                <img\n                    title=\"Bewimperte Alpenrose, Rhododenrum  hirsutum, Ericaceae\"\n                    alt=\"Bewimperte Alpenrose, Rhododenrum  hirsutum, Ericaceae\"\n                    src=\"https:\/\/www.freimarianne.ch\/wp-content\/gallery\/ibergeregg-10-7-18\/thumbs\/thumbs_IMG_0340.jpg\"\n                    width=\"100\"\n                    height=\"75\"\n                    style=\"max-width:100%;\"\n                \/>\n            <\/a>\n        <\/div>\n\t\t\t\t\t\t\t<\/div> \n\t\t\t\n        \n\t\t\t\t<div id=\"ngg-image-8\" class=\"ngg-gallery-thumbnail-box\" >\n\t\t\t\t        <div class=\"ngg-gallery-thumbnail\">\n            <a href=\"https:\/\/www.freimarianne.ch\/wp-content\/gallery\/ibergeregg-10-7-18\/IMG_0345.jpg\"\n               title=\"Blick gegen Oberiberg\"\n               data-src=\"https:\/\/www.freimarianne.ch\/wp-content\/gallery\/ibergeregg-10-7-18\/IMG_0345.jpg\"\n               data-thumbnail=\"https:\/\/www.freimarianne.ch\/wp-content\/gallery\/ibergeregg-10-7-18\/thumbs\/thumbs_IMG_0345.jpg\"\n               data-image-id=\"18703\"\n               data-title=\"Blick gegen Oberiberg\"\n               data-description=\"Blick gegen Oberiberg\"\n               data-image-slug=\"img_0345-2\"\n               class=\"shutterset_31735\">\n                <img\n                    title=\"Blick gegen Oberiberg\"\n                    alt=\"Blick gegen Oberiberg\"\n                    src=\"https:\/\/www.freimarianne.ch\/wp-content\/gallery\/ibergeregg-10-7-18\/thumbs\/thumbs_IMG_0345.jpg\"\n                    width=\"100\"\n                    height=\"75\"\n                    style=\"max-width:100%;\"\n                \/>\n            <\/a>\n        <\/div>\n\t\t\t\t\t\t\t<\/div> \n\t\t\t\n        \n\t\t\t\t<div id=\"ngg-image-9\" class=\"ngg-gallery-thumbnail-box\" >\n\t\t\t\t        <div class=\"ngg-gallery-thumbnail\">\n            <a href=\"https:\/\/www.freimarianne.ch\/wp-content\/gallery\/ibergeregg-10-7-18\/IMG_0353.jpg\"\n               title=\"im Z\u00fcrcher Hauptbahnhof:  Gaia mother tree  von Ernesto  Nesto\"\n               data-src=\"https:\/\/www.freimarianne.ch\/wp-content\/gallery\/ibergeregg-10-7-18\/IMG_0353.jpg\"\n               data-thumbnail=\"https:\/\/www.freimarianne.ch\/wp-content\/gallery\/ibergeregg-10-7-18\/thumbs\/thumbs_IMG_0353.jpg\"\n               data-image-id=\"18702\"\n               data-title=\"im Z\u00c3\u00bcrcher Hauptbahnhof:  Gaia mother tree  von Ernesto  Nesto\"\n               data-description=\"im Z\u00fcrcher Hauptbahnhof:  Gaia mother tree  von Ernesto  Nesto\"\n               data-image-slug=\"img_0353-1\"\n               class=\"shutterset_31735\">\n                <img\n                    title=\"im Z\u00c3\u00bcrcher Hauptbahnhof:  Gaia mother tree  von Ernesto  Nesto\"\n                    alt=\"im Z\u00c3\u00bcrcher Hauptbahnhof:  Gaia mother tree  von Ernesto  Nesto\"\n                    src=\"https:\/\/www.freimarianne.ch\/wp-content\/gallery\/ibergeregg-10-7-18\/thumbs\/thumbs_IMG_0353.jpg\"\n                    width=\"100\"\n                    height=\"75\"\n                    style=\"max-width:100%;\"\n                \/>\n            <\/a>\n        <\/div>\n\t\t\t\t\t\t\t<\/div> \n\t\t\t\n        \n\t\t\t\t<div id=\"ngg-image-10\" class=\"ngg-gallery-thumbnail-box\" >\n\t\t\t\t        <div class=\"ngg-gallery-thumbnail\">\n            <a href=\"https:\/\/www.freimarianne.ch\/wp-content\/gallery\/ibergeregg-10-7-18\/IMG_4713.jpg\"\n               title=\"die Gruppe im Z\u00fcrcher Hauptbahnhof:  Gaia mother tree  von Ernesto  Nesto\"\n               data-src=\"https:\/\/www.freimarianne.ch\/wp-content\/gallery\/ibergeregg-10-7-18\/IMG_4713.jpg\"\n               data-thumbnail=\"https:\/\/www.freimarianne.ch\/wp-content\/gallery\/ibergeregg-10-7-18\/thumbs\/thumbs_IMG_4713.jpg\"\n               data-image-id=\"18701\"\n               data-title=\"die Gruppe im Z\u00c3\u00bcrcher Hauptbahnhof:  Gaia mother tree  von Ernesto  Nesto\"\n               data-description=\"die Gruppe im Z\u00fcrcher Hauptbahnhof:  Gaia mother tree  von Ernesto  Nesto\"\n               data-image-slug=\"img_4713-2\"\n               class=\"shutterset_31735\">\n                <img\n                    title=\"die Gruppe im Z\u00c3\u00bcrcher Hauptbahnhof:  Gaia mother tree  von Ernesto  Nesto\"\n                    alt=\"die Gruppe im Z\u00c3\u00bcrcher Hauptbahnhof:  Gaia mother tree  von Ernesto  Nesto\"\n                    src=\"https:\/\/www.freimarianne.ch\/wp-content\/gallery\/ibergeregg-10-7-18\/thumbs\/thumbs_IMG_4713.jpg\"\n                    width=\"100\"\n                    height=\"75\"\n                    style=\"max-width:100%;\"\n                \/>\n            <\/a>\n        <\/div>\n\t\t\t\t\t\t\t<\/div> \n\t\t\t\n        \n\t\t\n\t\t<!-- Pagination -->\n\t<div class='ngg-clear'><\/div>\t<\/div>\n<\/p>\n","protected":false},"excerpt":{"rendered":"<p>Wanderung von der Ibergeregg\u00a0 \u00fcber Steinboden nach Laucheren Talstation ] Fuederegg Noch vor sechs Uhr f\u00e4hrt der Zug, der die Gruppe \u201e Alpenblick\u201c nach Schwyz bringt. Mit dem Bus gelangen wir auf die Ibergeregg. Leider ist der Himmel bew\u00f6lkt und es ist k\u00fchl, weshalb wir unseren Startkaffee lieber drinnen an der W\u00e4rme nehmen. Dann geht [&hellip;]<\/p>\n","protected":false},"author":1,"featured_media":0,"parent":30992,"menu_order":13,"comment_status":"closed","ping_status":"closed","template":"","meta":{"ngg_post_thumbnail":0},"_links":{"self":[{"href":"https:\/\/www.freimarianne.ch\/index.php?rest_route=\/wp\/v2\/pages\/31636"}],"collection":[{"href":"https:\/\/www.freimarianne.ch\/index.php?rest_route=\/wp\/v2\/pages"}],"about":[{"href":"https:\/\/www.freimarianne.ch\/index.php?rest_route=\/wp\/v2\/types\/page"}],"author":[{"embeddable":true,"href":"https:\/\/www.freimarianne.ch\/index.php?rest_route=\/wp\/v2\/users\/1"}],"replies":[{"embeddable":true,"href":"https:\/\/www.freimarianne.ch\/index.php?rest_route=%2Fwp%2Fv2%2Fcomments&post=31636"}],"version-history":[{"count":5,"href":"https:\/\/www.freimarianne.ch\/index.php?rest_route=\/wp\/v2\/pages\/31636\/revisions"}],"predecessor-version":[{"id":31748,"href":"https:\/\/www.freimarianne.ch\/index.php?rest_route=\/wp\/v2\/pages\/31636\/revisions\/31748"}],"up":[{"embeddable":true,"href":"https:\/\/www.freimarianne.ch\/index.php?rest_route=\/wp\/v2\/pages\/30992"}],"wp:attachment":[{"href":"https:\/\/www.freimarianne.ch\/index.php?rest_route=%2Fwp%2Fv2%2Fmedia&parent=31636"}],"curies":[{"name":"wp","href":"https:\/\/api.w.org\/{rel}","templated":true}]}}